{"id":16575,"date":"2025-01-21T05:34:59","date_gmt":"2025-01-21T05:34:59","guid":{"rendered":"https:\/\/www.hydraulic-cylinders.net\/product\/arm-cylinder-for-sdlg-small-excavator-lg6150e\/"},"modified":"2025-01-21T05:35:01","modified_gmt":"2025-01-21T05:35:01","slug":"arm-cylinder-for-sdlg-small-excavator-lg6150e","status":"publish","type":"product","link":"https:\/\/www.hydraulic-cylinders.net\/cs\/produkt\/arm-cylinder-for-sdlg-small-excavator-lg6150e\/","title":{"rendered":"V\u00e1lec ramene pro mal\u00e9 rypadlo SDLG LG6150E"},"content":{"rendered":"<h1>V\u00e1lec ramene pro mal\u00e9 rypadlo SDLG LG6150E<\/h1>\n<h2>Zaveden\u00ed<\/h2>\n<p>V\u00e1lec ramene je speci\u00e1ln\u011b navr\u017een\u00fd hydraulick\u00fd v\u00e1lec, kter\u00fd zaji\u0161\u0165uje line\u00e1rn\u00ed pohyb a s\u00edlu ramene r\u016fzn\u00fdch typ\u016f stroj\u016f, jako jsou bagry, je\u0159\u00e1by a robotick\u00e1 ramena. Hraje kl\u00ed\u010dovou roli v hydraulick\u00fdch syst\u00e9mech, proto\u017ee umo\u017e\u0148uje efektivn\u00ed pohyb a ovl\u00e1d\u00e1n\u00ed p\u0159\u00eddavn\u00fdch n\u00e1stroj\u016f nebo p\u0159\u00edslu\u0161enstv\u00ed. Tyto v\u00e1lce nejen zaji\u0161\u0165uj\u00ed plynul\u00fd pohyb, ale tak\u00e9 odol\u00e1vaj\u00ed t\u011b\u017ek\u00fdm z\u00e1t\u011b\u017e\u00edm, \u010d\u00edm\u017e zaji\u0161\u0165uj\u00ed vysokou provozn\u00ed \u00fa\u010dinnost a spolehlivost stroj\u016f za r\u016fzn\u00fdch pracovn\u00edch podm\u00ednek.<\/p>\n<p><img decoding=\"async\" src=\"https:\/\/www.hydraulic-cylinders.net\/wp-content\/uploads\/2025\/01\/songte-company-2.webp\" alt=\"Obr\u00e1zek v\u00e1lce ramene\"><\/p>\n<h2>Funkce<\/h2>\n<ul>\n<li><strong>Vysoce \u00fa\u010dinn\u00fd pohon:<\/strong> V\u00e1lec ramene poskytuje siln\u00fd line\u00e1rn\u00ed pohyb a s\u00edlu, co\u017e zaji\u0161\u0165uje vysok\u00fd v\u00fdkon mechanick\u00e9ho ramene v r\u016fzn\u00fdch operac\u00edch.<\/li>\n<li><strong>P\u0159esn\u00e9 ovl\u00e1d\u00e1n\u00ed:<\/strong> D\u00edky hydraulick\u00e9mu syst\u00e9mu umo\u017e\u0148uje v\u00e1lec ramene p\u0159esn\u00e9 ovl\u00e1d\u00e1n\u00ed pohybu, co\u017e zvy\u0161uje flexibilitu a p\u0159esnost operac\u00ed s p\u0159ipojen\u00fdm n\u00e1\u0159ad\u00edm.<\/li>\n<li><strong>Trvanlivost:<\/strong> V\u00e1lce ramen jsou obvykle vyrobeny z vysoce pevn\u00fdch materi\u00e1l\u016f, kter\u00e9 nab\u00edzej\u00ed vynikaj\u00edc\u00ed odolnost proti opot\u0159eben\u00ed a korozi, d\u00edky \u010demu\u017e jsou vhodn\u00e9 pro dlouhodob\u00e9 pou\u017e\u00edv\u00e1n\u00ed v n\u00e1ro\u010dn\u00fdch podm\u00ednk\u00e1ch.<\/li>\n<li><strong>Multifunk\u010dn\u00ed p\u0159izp\u016fsobivost:<\/strong> Tyto v\u00e1lce nach\u00e1zej\u00ed \u0161irok\u00e9 uplatn\u011bn\u00ed v r\u016fzn\u00fdch stroj\u00edch, jako jsou bagry, je\u0159\u00e1by a robotick\u00e1 ramena, a p\u0159izp\u016fsobuj\u00ed se r\u016fzn\u00fdm pracovn\u00edm po\u017eadavk\u016fm.<\/li>\n<li><strong>Snadn\u00e1 \u00fadr\u017eba:<\/strong> D\u00edky konstrukci pro snadnou \u00fadr\u017ebu a v\u00fdm\u011bnu jsou pravideln\u00e9 kontroly a servis pohodln\u00e9 a zkracuj\u00ed prostoje za\u0159\u00edzen\u00ed.<\/li>\n<\/ul>\n<p><img decoding=\"async\" src=\"https:\/\/www.hydraulic-cylinders.net\/wp-content\/uploads\/2025\/01\/songte-oil-pipes-and-spare-parts.webp\" alt=\"Obr\u00e1zek d\u00edl\u016f v\u00e1lce ramene\"><\/p>\n<h2>Aplikace<\/h2>\n<ul>\n<li><strong>Stavebn\u00ed in\u017een\u00fdrstv\u00ed:<\/strong> U bagr\u016f a je\u0159\u00e1b\u016f ovl\u00e1d\u00e1 v\u00e1lec ramene pohyb l\u017e\u00edce nebo v\u00fdlo\u017en\u00edku, co\u017e usnad\u0148uje zemn\u00ed pr\u00e1ce, manipulaci s materi\u00e1lem a mont\u00e1\u017e konstrukc\u00ed.<\/li>\n<li><strong>Zpracovatelsk\u00fd pr\u016fmysl:<\/strong> V automatizovan\u00fdch v\u00fdrobn\u00edch link\u00e1ch umo\u017e\u0148uje v\u00e1lec ramene pohyb robotick\u00fdch ramen pro mont\u00e1\u017en\u00ed, sva\u0159ovac\u00ed a manipula\u010dn\u00ed procesy, \u010d\u00edm\u017e zvy\u0161uje efektivitu a p\u0159esnost v\u00fdroby.<\/li>\n<li><strong>Zem\u011bd\u011blsk\u00e9 stroje:<\/strong> V zem\u011bd\u011blsk\u00fdch stroj\u00edch, jako jsou skl\u00edzec\u00ed a sec\u00ed stroje, \u0159\u00edd\u00ed v\u00e1lec ramene pohyb ovl\u00e1dac\u00edch ramen pro \u00fakoly, jako je set\u00ed, hnojen\u00ed a sklize\u0148.<\/li>\n<li><strong>Hornictv\u00ed:<\/strong> V t\u011b\u017eebn\u00edm za\u0159\u00edzen\u00ed \u0159\u00edd\u00ed v\u00e1lec ramene pohyb ramene t\u011b\u017eebn\u00edho stroje pro t\u011b\u017ebu a p\u0159epravu rudy.<\/li>\n<li><strong>Logistika a doprava:<\/strong> U vysokozdvi\u017en\u00fdch voz\u00edk\u016f a manipula\u010dn\u00edch robot\u016f ovl\u00e1d\u00e1 v\u00e1lec ramene zved\u00e1n\u00ed a pohyb vidlic, co\u017e usnad\u0148uje manipulaci s materi\u00e1lem a jeho stohov\u00e1n\u00ed.<\/li>\n<\/ul>\n<h2>Konstruk\u010dn\u00ed aspekty a krit\u00e9ria v\u00fdb\u011bru<\/h2>\n<ul>\n<li><strong>Nosnost:<\/strong> Diskuse o schopnosti v\u00e1lce ramene n\u00e9st zat\u00ed\u017een\u00ed a poskytovat spolehliv\u00fd v\u00fdkon.<\/li>\n<li><strong>T\u011bsn\u011bn\u00ed:<\/strong> Pou\u017eit\u00ed r\u016fzn\u00fdch t\u011bsn\u011bn\u00ed, jako jsou p\u00edstn\u00ed a p\u00edstn\u00ed t\u011bsn\u011bn\u00ed, vyroben\u00fdch z materi\u00e1l\u016f odoln\u00fdch proti opot\u0159eben\u00ed, jako je polyuretan a nitrilov\u00e1 pry\u017e. D\u016fle\u017eitost spr\u00e1vn\u00e9ho t\u011bsn\u011bn\u00ed pro prevenci \u00fanik\u016f a zaji\u0161t\u011bn\u00ed v\u00fdkonu.<\/li>\n<li><strong>Trvanlivost:<\/strong> Diskuse o aspektech trvanlivosti v\u00e1lce, v\u010detn\u011b povrchov\u00e9 \u00fapravy hlavy v\u00e1lce a z\u00e1vitov\u00e9ho konce, zvy\u0161uj\u00edc\u00ed odolnost proti opot\u0159eben\u00ed.<\/li>\n<li><strong>Bezpe\u010dnost:<\/strong> Zohledn\u011bn\u00ed bezpe\u010dnostn\u00edch opat\u0159en\u00ed v n\u00e1vrhu s d\u016frazem na d\u016fle\u017eitost bezpe\u010dn\u00e9ho provozu a minimalizaci potenci\u00e1ln\u00edch rizik.<\/li>\n<li><strong>\u00dadr\u017eba:<\/strong> Tipy pro pravidelnou kontrolu a preventivn\u00ed \u00fadr\u017ebu, kter\u00e9 zaji\u0161\u0165uj\u00ed dlouhou \u017eivotnost a optim\u00e1ln\u00ed v\u00fdkon v\u00e1lce ramene.<\/li>\n<\/ul>\n<p><img decoding=\"async\" src=\"https:\/\/www.hydraulic-cylinders.net\/wp-content\/uploads\/2025\/01\/songte-cylinder-head-with-all-kinds-excavator-models.webp\" alt=\"Obr\u00e1zek hlavy v\u00e1lc\u016f\"><\/p>\n<h2>T\u011bsn\u011bn\u00ed a maz\u00e1n\u00ed<\/h2>\n<p>V\u00e1lec ramene vyu\u017e\u00edv\u00e1 r\u016fzn\u00e9 t\u011bsnic\u00ed komponenty, jako jsou t\u011bsn\u011bn\u00ed p\u00edstu a p\u00edstnice, vyroben\u00e9 z materi\u00e1l\u016f odoln\u00fdch proti opot\u0159eben\u00ed, jako je polyuretan a nitrilov\u00e1 pry\u017e. T\u011bleso v\u00e1lce a z\u00e1vitov\u00fd konec proch\u00e1zej\u00ed pe\u010dliv\u00fdm o\u0161et\u0159en\u00edm pro zv\u00fd\u0161en\u00ed odolnosti proti opot\u0159eben\u00ed. Pro zaji\u0161t\u011bn\u00ed hladk\u00e9ho provozu je nezbytn\u00e9 pravideln\u00e9 maz\u00e1n\u00ed vhodn\u00fdm hydraulick\u00fdm olejem.<\/p>\n<h2>\u00dadr\u017eba a preventivn\u00ed opat\u0159en\u00ed<\/h2>\n<ul>\n<li>Pravideln\u011b kontrolujte v\u00e1lec ramene, zda nevykazuje zn\u00e1mky opot\u0159eben\u00ed, po\u0161kozen\u00ed nebo net\u011bsnosti.<\/li>\n<li>Zajist\u011bte spr\u00e1vn\u00e9 maz\u00e1n\u00ed sou\u010d\u00e1st\u00ed v\u00e1lce a vym\u011b\u0148ujte hydraulick\u00fd olej v doporu\u010den\u00fdch intervalech.<\/li>\n<li>Ut\u00e1hn\u011bte v\u0161echny uvoln\u011bn\u00e9 spoje a armatury, abyste p\u0159ede\u0161li potenci\u00e1ln\u00edm probl\u00e9m\u016fm.<\/li>\n<li>Udr\u017eujte v\u00e1lec \u010dist\u00fd a bez ne\u010distot, abyste zabr\u00e1nili kontaminaci.<\/li>\n<li>Dodr\u017eujte pokyny v\u00fdrobce pro \u00fadr\u017ebu a napl\u00e1nujte si preventivn\u00ed kontroly.<\/li>\n<\/ul>\n<p><img decoding=\"async\" src=\"https:\/\/www.hydraulic-cylinders.net\/wp-content\/uploads\/2025\/01\/songte-chushion-collar.webp\" alt=\"Obr\u00e1zek pol\u0161t\u00e1\u0159ov\u00e9ho l\u00edmce\"><\/p>\n<h2>Pr\u016fvodce instalac\u00ed produktu<\/h2>\n<p>Spr\u00e1vn\u00e1 instalace v\u00e1lce ramene je kl\u00ed\u010dov\u00e1 pro jeho optim\u00e1ln\u00ed v\u00fdkon. Postupujte podle t\u011bchto krok\u016f:<\/p>\n<ol>\n<li>Ujist\u011bte se, \u017ee je stroj vypnut\u00fd a hydraulick\u00fd syst\u00e9m je bez tlaku.<\/li>\n<li>Pe\u010dliv\u011b zarovnejte v\u00e1lec ramene s mont\u00e1\u017en\u00edmi body na stroji.<\/li>\n<li>V\u00e1lec bezpe\u010dn\u011b upevn\u011bte pomoc\u00ed vhodn\u00fdch \u0161roub\u016f a matic a dodr\u017eujte p\u0159edepsan\u00e9 utahovac\u00ed momenty.<\/li>\n<li>Zkontrolujte p\u0159\u00edpadn\u00e9 nesouososti nebo kolize a v p\u0159\u00edpad\u011b pot\u0159eby prove\u010fte \u00fapravy.<\/li>\n<li>Prove\u010fte d\u016fkladnou kontrolu nainstalovan\u00e9 lahve, abyste zajistili jej\u00ed spr\u00e1vn\u00e9 usazen\u00ed.<\/li>\n<\/ol>\n<p><img decoding=\"async\" src=\"https:\/\/www.hydraulic-cylinders.net\/wp-content\/uploads\/2025\/01\/songte-bushings-with-all-kinds-of-excavator-models.webp\" alt=\"Obr\u00e1zek pouzder\"><\/p>\n<h2>Bezpe\u010dnostn\u00ed aspekty a faktory prost\u0159ed\u00ed<\/h2>\n<p>P\u0159i pou\u017e\u00edv\u00e1n\u00ed v\u00e1lc\u016f s rameny je d\u016fle\u017eit\u00e9 up\u0159ednostnit bezpe\u010dnostn\u00ed opat\u0159en\u00ed, aby se p\u0159ede\u0161lo nehod\u00e1m a zajistila se pohoda obsluhy a okoln\u00edch oblast\u00ed. Dodr\u017eov\u00e1n\u00ed bezpe\u010dnostn\u00edch protokol\u016f, jako je \u0159\u00e1dn\u00e9 \u0161kolen\u00ed, pou\u017e\u00edv\u00e1n\u00ed ochrann\u00fdch pom\u016fcek a dodr\u017eov\u00e1n\u00ed provozn\u00edch pokyn\u016f, je z\u00e1sadn\u00ed. Pro minimalizaci negativn\u00edho dopadu na ekosyst\u00e9my a okoln\u00ed prost\u0159ed\u00ed je t\u0159eba zohlednit i faktory prost\u0159ed\u00ed.<\/p>\n<h2>Odstra\u0148ov\u00e1n\u00ed probl\u00e9m\u016f a b\u011b\u017en\u00e9 probl\u00e9my<\/h2>\n<p>Pokud se vyskytnou probl\u00e9my s v\u00e1lcem ramene, je nezbytn\u00e9 je neprodlen\u011b diagnostikovat a \u0159e\u0161it. Mezi b\u011b\u017en\u00e9 probl\u00e9my, kter\u00e9 se mohou vyskytnout, pat\u0159\u00ed net\u011bsnosti, nedostate\u010dn\u00fd v\u00fdkon nebo nepravideln\u00fd pohyb. \u0158i\u010fte se t\u011bmito tipy:<\/p>\n<ul>\n<li>Zkontrolujte v\u0161echny hydraulick\u00e9 spoje a t\u011bsn\u011bn\u00ed, zda nedoch\u00e1z\u00ed k jejich net\u011bsnostem, a v p\u0159\u00edpad\u011b pot\u0159eby je ut\u00e1hn\u011bte nebo vym\u011b\u0148te.<\/li>\n<li>Zkontrolujte hladinu a kvalitu hydraulick\u00e9 kapaliny a ujist\u011bte se, \u017ee spl\u0148uje specifikace.<\/li>\n<li>Zkontrolujte regula\u010dn\u00ed ventily a solenoidy, zda nefunguj\u00ed spr\u00e1vn\u011b nebo nejsou zablokovan\u00e9.<\/li>\n<li>Pokud se setk\u00e1te s nedostate\u010dn\u00fdm v\u00fdkonem, zkontrolujte hydraulick\u00e9 \u010derpadlo a tlak v syst\u00e9mu.<\/li>\n<li>Konkr\u00e9tn\u00ed probl\u00e9my a jejich \u0159e\u0161en\u00ed naleznete v pr\u016fvodci v\u00fdrobcem pro \u0159e\u0161en\u00ed probl\u00e9m\u016f.<\/li>\n<\/ul>\n<p><img decoding=\"async\" src=\"https:\/\/www.hydraulic-cylinders.net\/wp-content\/uploads\/2025\/01\/songte-chushion-collar.webp\" alt=\"Obr\u00e1zek obojku Chushion\"><\/p>\n<p>Nezapome\u0148te \u010dl\u00e1nek uspo\u0159\u00e1dat logicky a pro snadnou navigaci pou\u017eijte podnadpisy. Pro lep\u0161\u00ed pochopen\u00ed za\u0159a\u010fte relevantn\u00ed obr\u00e1zky nebo diagramy. Ujist\u011bte se, \u017ee obsah je jasn\u00fd, stru\u010dn\u00fd a vhodn\u00fd pro \u010dten\u00e1\u0159e s r\u016fznou \u00farovn\u00ed technick\u00fdch znalost\u00ed.<\/p>\n<h2>O n\u00e1s<\/h2>\n<p>Jsme profesion\u00e1ln\u00ed v\u00fdrobce n\u00e1hradn\u00edch hydraulick\u00fdch v\u00e1lc\u016f a nab\u00edz\u00edme \u0161irokou \u0161k\u00e1lu produkt\u016f. Stali jsme se jedn\u00edm z p\u0159edn\u00edch v\u00fdrobc\u016f a velkoobchodn\u00edch distributor\u016f hydraulick\u00fdch v\u00e1lc\u016f na dom\u00e1c\u00edm i mezin\u00e1rodn\u00edm trhu. V souladu s principem excelence neust\u00e1le zlep\u0161ujeme na\u0161e technologick\u00e9 mo\u017enosti a efektivitu v\u00fdroby prost\u0159ednictv\u00edm vylad\u011bn\u00fdch v\u00fdrobn\u00edch proces\u016f a pokro\u010dil\u00e9ho digit\u00e1ln\u00edho vybaven\u00ed. Se zam\u011b\u0159en\u00edm na vysokou \u00fa\u010dinnost, p\u0159esnost a kvalitu se sna\u017e\u00edme uspokojit rozmanit\u00e9 pot\u0159eby na\u0161ich z\u00e1kazn\u00edk\u016f.<\/p>\n<p><img decoding=\"async\" src=\"https:\/\/www.hydraulic-cylinders.net\/wp-content\/uploads\/2025\/01\/songte-company-4.webp\" alt=\"Image spole\u010dnosti\"><br \/>\n<img decoding=\"async\" src=\"https:\/\/www.hydraulic-cylinders.net\/wp-content\/uploads\/2025\/01\/songte-company-3.webp\" alt=\"Image spole\u010dnosti\"><\/p>\n<p>Autor: lyl<\/p>","protected":false},"excerpt":{"rendered":"<p>Arm Cylinder For SDLG Small Excavator LG6150E Introduction The arm cylinder is a specially designed hydraulic cylinder that provides linear motion and power to the arm of various types of machinery, such as excavators, cranes, and robotic arms. It plays a crucial role in hydraulic systems, enabling the efficient movement and control of additional tools [&hellip;]<\/p>","protected":false},"featured_media":14759,"comment_status":"open","ping_status":"closed","template":"","meta":{"_et_pb_use_builder":"","_et_pb_old_content":"","_et_gb_content_width":""},"product_brand":[],"product_cat":[1497],"product_tag":[1498,1496],"class_list":{"0":"post-16575","1":"product","2":"type-product","3":"status-publish","4":"has-post-thumbnail","6":"product_cat-arm-cylinders","7":"product_tag-arm-cylinders","8":"product_tag-hydraulic-cylinders","10":"first","11":"instock","12":"shipping-taxable","13":"product-type-simple"},"amp_enabled":true,"_links":{"self":[{"href":"https:\/\/www.hydraulic-cylinders.net\/cs\/wp-json\/wp\/v2\/product\/16575","targetHints":{"allow":["GET"]}}],"collection":[{"href":"https:\/\/www.hydraulic-cylinders.net\/cs\/wp-json\/wp\/v2\/product"}],"about":[{"href":"https:\/\/www.hydraulic-cylinders.net\/cs\/wp-json\/wp\/v2\/types\/product"}],"replies":[{"embeddable":true,"href":"https:\/\/www.hydraulic-cylinders.net\/cs\/wp-json\/wp\/v2\/comments?post=16575"}],"wp:featuredmedia":[{"embeddable":true,"href":"https:\/\/www.hydraulic-cylinders.net\/cs\/wp-json\/wp\/v2\/media\/14759"}],"wp:attachment":[{"href":"https:\/\/www.hydraulic-cylinders.net\/cs\/wp-json\/wp\/v2\/media?parent=16575"}],"wp:term":[{"taxonomy":"product_brand","embeddable":true,"href":"https:\/\/www.hydraulic-cylinders.net\/cs\/wp-json\/wp\/v2\/product_brand?post=16575"},{"taxonomy":"product_cat","embeddable":true,"href":"https:\/\/www.hydraulic-cylinders.net\/cs\/wp-json\/wp\/v2\/product_cat?post=16575"},{"taxonomy":"product_tag","embeddable":true,"href":"https:\/\/www.hydraulic-cylinders.net\/cs\/wp-json\/wp\/v2\/product_tag?post=16575"}],"curies":[{"name":"wp","href":"https:\/\/api.w.org\/{rel}","templated":true}]}}