{"id":16576,"date":"2025-01-21T05:35:05","date_gmt":"2025-01-21T05:35:05","guid":{"rendered":"https:\/\/www.hydraulic-cylinders.net\/product\/arm-cylinder-for-sdlg-small-excavator-lg660\/"},"modified":"2025-01-21T05:35:24","modified_gmt":"2025-01-21T05:35:24","slug":"arm-cylinder-for-sdlg-small-excavator-lg660","status":"publish","type":"product","link":"https:\/\/www.hydraulic-cylinders.net\/cs\/produkt\/arm-cylinder-for-sdlg-small-excavator-lg660\/","title":{"rendered":"V\u00e1lec ramene pro mal\u00e9 rypadlo SDLG LG660"},"content":{"rendered":"<h1>V\u00e1lec ramene pro mal\u00e9 rypadlo SDLG LG660<\/h1>\n<p>V\u00e1lec ramene je speci\u00e1ln\u011b navr\u017een\u00fd hydraulick\u00fd v\u00e1lec, kter\u00fd zaji\u0161\u0165uje line\u00e1rn\u00ed pohyb a s\u00edlu ramene r\u016fzn\u00fdch stroj\u016f, jako jsou bagry, je\u0159\u00e1by a mechanick\u00e1 ramena. V\u00e1lec ramene hraje kl\u00ed\u010dovou roli v hydraulick\u00fdch syst\u00e9mech, proto\u017ee umo\u017e\u0148uje efektivn\u00ed pohyb a ovl\u00e1d\u00e1n\u00ed dal\u0161\u00edho n\u00e1\u0159ad\u00ed nebo p\u0159\u00edslu\u0161enstv\u00ed. Tyto v\u00e1lce nejen zaji\u0161\u0165uj\u00ed plynul\u00fd pohyb, ale tak\u00e9 odol\u00e1vaj\u00ed t\u011b\u017ek\u00fdm z\u00e1t\u011b\u017e\u00edm, \u010d\u00edm\u017e zaji\u0161\u0165uj\u00ed vysokou \u00fa\u010dinnost a spolehlivost stroj\u016f za r\u016fzn\u00fdch provozn\u00edch podm\u00ednek.<\/p>\n<h2>Definice a vysv\u011btlen\u00ed<\/h2>\n<p>V\u00e1lec ramene je typ hydraulick\u00e9ho v\u00e1lce, kter\u00fd je speci\u00e1ln\u011b navr\u017een tak, aby poskytoval line\u00e1rn\u00ed pohyb a s\u00edlu rameni r\u016fzn\u00fdch stroj\u016f. Je nezbytn\u00fd pro pohyb a ovl\u00e1d\u00e1n\u00ed dal\u0161\u00edch n\u00e1stroj\u016f nebo p\u0159\u00edslu\u0161enstv\u00ed, jako jsou l\u017e\u00edce, v\u00fdlo\u017en\u00edky nebo ramena. V\u00e1lec ramene pracuje v hydraulick\u00e9m syst\u00e9mu a vyu\u017e\u00edv\u00e1 s\u00edlu hydraulick\u00e9 kapaliny k generov\u00e1n\u00ed pot\u0159ebn\u00e9 s\u00edly pro pohyb ramene. Skl\u00e1d\u00e1 se z p\u00edstu, ty\u010de, v\u00e1lce a koncov\u00fdch uz\u00e1v\u011br\u016f, kter\u00e9 jsou pe\u010dliv\u011b navr\u017eeny tak, aby odolaly vysok\u00e9mu tlaku a zajistily plynul\u00fd chod.<\/p>\n<p><img decoding=\"async\" src=\"https:\/\/www.hydraulic-cylinders.net\/wp-content\/uploads\/2025\/01\/songte-company-2.webp\" alt=\"Obr\u00e1zek v\u00e1lce ramene\"><\/p>\n<h2>Vlastnosti v\u00e1lce ramene<\/h2>\n<ul>\n<li>\n<h3>Vysoce \u00fa\u010dinn\u00fd p\u0159enos:<\/h3>\n<p> V\u00e1lec ramene zaji\u0161\u0165uje siln\u00fd line\u00e1rn\u00ed pohyb a s\u00edlu, co\u017e zaji\u0161\u0165uje vysok\u00fd v\u00fdkon ramene stroje.<\/li>\n<li>\n<h3>P\u0159esn\u00e9 ovl\u00e1d\u00e1n\u00ed:<\/h3>\n<p> Prost\u0159ednictv\u00edm hydraulick\u00e9ho syst\u00e9mu umo\u017e\u0148uje v\u00e1lec ramene p\u0159esn\u00e9 ovl\u00e1d\u00e1n\u00ed pohybu, co\u017e umo\u017e\u0148uje flexibiln\u00ed a p\u0159esn\u00e9 ovl\u00e1d\u00e1n\u00ed p\u0159\u00eddavn\u00fdch n\u00e1stroj\u016f.<\/li>\n<li>\n<h3>Trvanlivost:<\/h3>\n<p> V\u00e1lec ramene je vyroben z vysoce pevn\u00fdch materi\u00e1l\u016f, kter\u00e9 poskytuj\u00ed vynikaj\u00edc\u00ed odolnost proti opot\u0159eben\u00ed a korozi, a proto je vhodn\u00fd pro dlouhodob\u00e9 pou\u017e\u00edv\u00e1n\u00ed v n\u00e1ro\u010dn\u00fdch podm\u00ednk\u00e1ch.<\/li>\n<li>\n<h3>Multifunk\u010dn\u00ed p\u0159izp\u016fsobivost:<\/h3>\n<p> Tyto v\u00e1lce lze \u0161iroce pou\u017e\u00edt v r\u016fzn\u00fdch typech stroj\u016f, jako jsou bagry, je\u0159\u00e1by a mechanick\u00e1 ramena, a spl\u0148uj\u00ed tak r\u016fzn\u00e9 pracovn\u00ed po\u017eadavky.<\/li>\n<li>\n<h3>Snadn\u00e1 \u00fadr\u017eba:<\/h3>\n<p> Konstrukce v\u00e1lce ramene bere v \u00favahu snadnou \u00fadr\u017ebu a v\u00fdm\u011bnu, co\u017e usnad\u0148uje pravideln\u00e9 kontroly a \u00fadr\u017ebu a zkracuje prostoje za\u0159\u00edzen\u00ed.<\/li>\n<\/ul>\n<p><img decoding=\"async\" src=\"https:\/\/www.hydraulic-cylinders.net\/wp-content\/uploads\/2025\/01\/songte-oil-pipes-and-spare-parts.webp\" alt=\"Obr\u00e1zek n\u00e1hradn\u00edch d\u00edl\u016f v\u00e1lce ramene\"><\/p>\n<h2>Aplikace ramenov\u00e9ho v\u00e1lce<\/h2>\n<p>Rameno v\u00e1lce nach\u00e1z\u00ed uplatn\u011bn\u00ed v r\u016fzn\u00fdch pr\u016fmyslov\u00fdch odv\u011btv\u00edch a sektorech:<\/p>\n<h3>1. Stavebn\u00ed in\u017een\u00fdrstv\u00ed<\/h3>\n<p>U bagr\u016f a je\u0159\u00e1b\u016f se v\u00e1lec ramene pou\u017e\u00edv\u00e1 k ovl\u00e1d\u00e1n\u00ed pohybu l\u017e\u00edce nebo v\u00fdlo\u017en\u00edku, co\u017e usnad\u0148uje zemn\u00ed pr\u00e1ce, manipulaci s materi\u00e1lem a mont\u00e1\u017e konstrukc\u00ed.<\/p>\n<h3>2. Zpracovatelsk\u00fd pr\u016fmysl<\/h3>\n<p>V automatizovan\u00fdch v\u00fdrobn\u00edch link\u00e1ch se v\u00e1lec ramene pou\u017e\u00edv\u00e1 k pohybu mechanick\u00fdch ramen, co\u017e umo\u017e\u0148uje procesy, jako je mont\u00e1\u017e, sva\u0159ov\u00e1n\u00ed a manipulace s materi\u00e1lem, a t\u00edm zlep\u0161uje efektivitu a p\u0159esnost v\u00fdroby.<\/p>\n<h3>3. Zem\u011bd\u011blsk\u00e9 stroje<\/h3>\n<p>V zem\u011bd\u011blsk\u00fdch stroj\u00edch, jako jsou skl\u00edzec\u00ed a sec\u00ed stroje, v\u00e1lec ramene ovl\u00e1d\u00e1 pohyb ovl\u00e1dac\u00edho ramene a prov\u00e1d\u00ed \u00fakoly, jako je set\u00ed, hnojen\u00ed a sklize\u0148.<\/p>\n<h3>4. T\u011b\u017eba<\/h3>\n<p>V t\u011b\u017eebn\u00edch za\u0159\u00edzen\u00edch se v\u00e1lec ramene pou\u017e\u00edv\u00e1 k ovl\u00e1d\u00e1n\u00ed pohybu ramene, co\u017e umo\u017e\u0148uje t\u011b\u017ebu a p\u0159epravu miner\u00e1l\u016f.<\/p>\n<h3>5. Logistika a doprava<\/h3>\n<p>U vysokozdvi\u017en\u00fdch voz\u00edk\u016f a manipula\u010dn\u00edch robot\u016f se v\u00e1lec ramene pou\u017e\u00edv\u00e1 k ovl\u00e1d\u00e1n\u00ed zved\u00e1n\u00ed a pohybu vidlic, co\u017e usnad\u0148uje manipulaci s materi\u00e1lem a jeho stohov\u00e1n\u00ed.<\/p>\n<h2>Konstruk\u010dn\u00ed aspekty a krit\u00e9ria v\u00fdb\u011bru<\/h2>\n<ul>\n<li>\n<h3>Nosnost:<\/h3>\n<p> V\u00e1lec ramene mus\u00ed b\u00fdt navr\u017een tak, aby odolal o\u010dek\u00e1van\u00e9mu zat\u00ed\u017een\u00ed a sil\u00e1m, s nimi\u017e se setk\u00e1v\u00e1me b\u011bhem provozu.<\/li>\n<li>\n<h3>T\u011bsn\u011bn\u00ed:<\/h3>\n<p> K zaji\u0161t\u011bn\u00ed integrity hydraulick\u00e9ho syst\u00e9mu a zabr\u00e1n\u011bn\u00ed \u00faniku se pou\u017e\u00edvaj\u00ed r\u016fzn\u00e9 t\u011bsnic\u00ed prvky, jako jsou t\u011bsn\u011bn\u00ed p\u00edst\u016f a t\u011bsn\u011bn\u00ed p\u00edstnic.<\/li>\n<li>\n<h3>Trvanlivost:<\/h3>\n<p> V\u00e1lec ramene by m\u011bl b\u00fdt vyroben z materi\u00e1l\u016f, kter\u00e9 vykazuj\u00ed vysokou trvanlivost a odolnost v\u016f\u010di opot\u0159eben\u00ed a korozi.<\/li>\n<li>\n<h3>Bezpe\u010dnost:<\/h3>\n<p> Bezpe\u010dnostn\u00ed prvky, jako jsou p\u0159etlakov\u00e9 ventily a mechanismy ochrany proti p\u0159et\u00ed\u017een\u00ed, by m\u011bly b\u00fdt sou\u010d\u00e1st\u00ed konstrukce, aby se zabr\u00e1nilo nehod\u00e1m a po\u0161kozen\u00ed za\u0159\u00edzen\u00ed.<\/li>\n<li>\n<h3>\u00dadr\u017eba:<\/h3>\n<p> N\u00e1vrh by m\u011bl zohled\u0148ovat snadnou \u00fadr\u017ebu a opravy, s p\u0159\u00edstupn\u00fdmi komponenty a jasnou dokumentac\u00ed.<\/li>\n<\/ul>\n<p><img decoding=\"async\" src=\"https:\/\/www.hydraulic-cylinders.net\/wp-content\/uploads\/2025\/01\/songte-cylinder-head-with-all-kinds-excavator-models.webp\" alt=\"Obr\u00e1zek hlavy v\u00e1lc\u016f ramene\"><\/p>\n<h2>T\u011bsn\u011bn\u00ed a maz\u00e1n\u00ed v\u00e1lce ramene<\/h2>\n<p>V\u00e1lec ramene vyu\u017e\u00edv\u00e1 r\u016fzn\u00e9 t\u011bsnic\u00ed komponenty k zaji\u0161t\u011bn\u00ed integrity hydraulick\u00e9ho syst\u00e9mu. Mezi tyto komponenty pat\u0159\u00ed t\u011bsn\u011bn\u00ed p\u00edstu, t\u011bsn\u011bn\u00ed p\u00edstnice a st\u011bra\u010de. Jsou vyrobeny z materi\u00e1l\u016f odoln\u00fdch proti opot\u0159eben\u00ed, jako je polyuretan a nitrilov\u00e1 pry\u017e. V\u00e1lcov\u00fd v\u00e1lec a z\u00e1vitov\u00e9 konce nav\u00edc proch\u00e1zej\u00ed pe\u010dlivou povrchovou \u00fapravou pro zv\u00fd\u0161en\u00ed jejich odolnosti proti opot\u0159eben\u00ed. Pravideln\u00e9 maz\u00e1n\u00ed hydraulick\u00fdm olejem je nezbytn\u00e9 pro udr\u017een\u00ed plynul\u00e9ho provozu a prevenci nadm\u011brn\u00e9ho opot\u0159eben\u00ed a t\u0159en\u00ed.<\/p>\n<h2>Pravideln\u00e1 kontrola a preventivn\u00ed \u00fadr\u017eba<\/h2>\n<ul>\n<li>\n<h3>Inspekce:<\/h3>\n<p> Pravideln\u011b kontrolujte v\u00e1lec ramene, zda nevykazuje zn\u00e1mky opot\u0159eben\u00ed, net\u011bsnosti nebo po\u0161kozen\u00ed. Zkontrolujte t\u011bsn\u011bn\u00ed, ty\u010de a hlave\u0148, zda jsou neporu\u0161en\u00e9 a \u010dist\u00e9.<\/li>\n<li>\n<h3>Preventivn\u00ed \u00fadr\u017eba:<\/h3>\n<p> Dodr\u017eujte pl\u00e1n \u00fadr\u017eby doporu\u010den\u00fd v\u00fdrobcem, kter\u00fd m\u016f\u017ee zahrnovat \u00fakony, jako je \u010di\u0161t\u011bn\u00ed, op\u011btovn\u00e9 ut\u011bsn\u011bn\u00ed a maz\u00e1n\u00ed.<\/li>\n<\/ul>\n<h2>Pr\u016fvodce spr\u00e1vnou instalac\u00ed<\/h2>\n<p>P\u0159i instalaci v\u00e1lce ramene postupujte takto:<\/p>\n<ol>\n<li>Ujist\u011bte se, \u017ee mont\u00e1\u017en\u00ed povrchy jsou \u010dist\u00e9 a bez ne\u010distot.<\/li>\n<li>Naneste tenkou vrstvu hydraulick\u00e9ho oleje nebo maziva na p\u00edstn\u00ed ty\u010d.<\/li>\n<li>Vyrovnejte v\u00e1lec s mont\u00e1\u017en\u00edm dr\u017e\u00e1kem a zajist\u011bte jej pomoc\u00ed vhodn\u00fdch \u0161roub\u016f nebo \u010dep\u016f.<\/li>\n<li>P\u0159ipojte hydraulick\u00e9 hadice nebo potrub\u00ed k otvor\u016fm v\u00e1lce a zajist\u011bte jejich \u0159\u00e1dn\u00e9 ut\u011bsn\u011bn\u00ed.<\/li>\n<li>Zkontrolujte spr\u00e1vnou funkci v\u00e1lce a p\u0159\u00edpadn\u00e9 net\u011bsnosti.<\/li>\n<\/ol>\n<p><img decoding=\"async\" src=\"https:\/\/www.hydraulic-cylinders.net\/wp-content\/uploads\/2025\/01\/songte-bushings-with-all-kinds-of-excavator-models.webp\" alt=\"Obr\u00e1zek pouzder v\u00e1lc\u016f ramene\"><\/p>\n<h2>Bezpe\u010dnostn\u00ed aspekty a faktory prost\u0159ed\u00ed<\/h2>\n<p>P\u0159i pou\u017e\u00edv\u00e1n\u00ed v\u00e1lce s ramenem je nezbytn\u00e9 up\u0159ednostnit bezpe\u010dnostn\u00ed opat\u0159en\u00ed, aby se p\u0159ede\u0161lo nehod\u00e1m a zajistila se pohoda obsluhy a person\u00e1lu v okol\u00ed. Dostate\u010dn\u00e9 \u0161kolen\u00ed, spr\u00e1vn\u00e9 pokyny pro pou\u017e\u00edv\u00e1n\u00ed a pou\u017e\u00edv\u00e1n\u00ed ochrann\u00fdch kryt\u016f a za\u0159\u00edzen\u00ed jsou kl\u00ed\u010dov\u00e9 pro udr\u017een\u00ed bezpe\u010dn\u00e9ho pracovn\u00edho prost\u0159ed\u00ed. Krom\u011b toho m\u016f\u017ee zohledn\u011bn\u00ed faktor\u016f prost\u0159ed\u00ed, jako je teplota, vlhkost a vystaven\u00ed chemik\u00e1li\u00edm, pomoci optimalizovat \u017eivotnost a v\u00fdkon v\u00e1lce s ramenem.<\/p>\n<h2>Diagnostika z\u00e1vad a b\u011b\u017en\u00e9 probl\u00e9my<\/h2>\n<p>Mezi b\u011b\u017en\u00e9 probl\u00e9my, kter\u00e9 mohou nastat s v\u00e1lcem ramene, pat\u0159\u00ed:<\/p>\n<ul>\n<li>\n<h3>\u00danik:<\/h3>\n<p> Zkontrolujte, zda nejsou t\u011bsn\u011bn\u00ed po\u0161kozen\u00e1 nebo uvoln\u011bn\u00e1. V p\u0159\u00edpad\u011b pot\u0159eby je vym\u011b\u0148te nebo dot\u00e1hn\u011bte.<\/li>\n<li>\n<h3>Pomal\u00fd nebo nekonzistentn\u00ed pohyb:<\/h3>\n<p> Zkontrolujte, zda nejsou sou\u010d\u00e1sti ucpan\u00e9 nebo opot\u0159ebovan\u00e9. V p\u0159\u00edpad\u011b pot\u0159eby je vy\u010dist\u011bte nebo vym\u011b\u0148te.<\/li>\n<li>\n<h3>Nadm\u011brn\u00fd hluk:<\/h3>\n<p> Zkontrolujte uvoln\u011bn\u00e9 spoje nebo po\u0161kozen\u00e9 vnit\u0159n\u00ed sou\u010d\u00e1sti. V p\u0159\u00edpad\u011b pot\u0159eby ut\u00e1hn\u011bte nebo vym\u011b\u0148te.<\/li>\n<\/ul>\n<p>Pokud se vyskytne n\u011bkter\u00fd z t\u011bchto probl\u00e9m\u016f, doporu\u010duje se nahl\u00e9dnout do dokumentace v\u00fdrobce nebo vyhledat odbornou pomoc k diagnostice a efektivn\u00edmu vy\u0159e\u0161en\u00ed probl\u00e9mu. Zaveden\u00ed preventivn\u00edch opat\u0159en\u00ed, jako je pravideln\u00e1 kontrola a \u00fadr\u017eba, m\u016f\u017ee pomoci minimalizovat potenci\u00e1ln\u00ed probl\u00e9my.<\/p>\n<p><img decoding=\"async\" src=\"https:\/\/www.hydraulic-cylinders.net\/wp-content\/uploads\/2025\/01\/songte-chushion-collar.webp\" alt=\"Obr\u00e1zek l\u00edmce v\u00e1lce pa\u017ee\"><\/p>\n<p>Nezapome\u0148te \u010dl\u00e1nek logicky uspo\u0159\u00e1dat, pou\u017e\u00edvat podnadpisy pro snadnou navigaci, za\u010dlenit relevantn\u00ed obr\u00e1zky nebo grafy pro lep\u0161\u00ed pochopen\u00ed a zajistit, aby obsah byl jasn\u00fd, stru\u010dn\u00fd a vhodn\u00fd pro \u010dten\u00e1\u0159e s r\u016fznou \u00farovn\u00ed technick\u00fdch znalost\u00ed.<\/p>\n<p>Autor: lyl<\/p>\n<hr>\n<p>Jsme profesion\u00e1ln\u00ed v\u00fdrobce n\u00e1hradn\u00edch hydraulick\u00fdch v\u00e1lc\u016f a nab\u00edz\u00edme \u0161irokou \u0161k\u00e1lu produkt\u016f. Stali jsme se jedn\u00edm z p\u0159edn\u00edch v\u00fdrobc\u016f a velkoobchodn\u00edch distributor\u016f hydraulick\u00fdch v\u00e1lc\u016f na dom\u00e1c\u00edm i mezin\u00e1rodn\u00edm trhu. Zav\u00e1zali jsme se k poskytov\u00e1n\u00ed vynikaj\u00edc\u00edch slu\u017eeb prost\u0159ednictv\u00edm na\u0161ich propracovan\u00fdch v\u00fdrobn\u00edch proces\u016f a strategi\u00ed \u0159\u00edzen\u00ed pr\u016fmyslov\u00e9 v\u00fdroby. Vyu\u017e\u00edv\u00e1n\u00edm \u0161pi\u010dkov\u00fdch digit\u00e1ln\u00edch technologi\u00ed...<\/p>","protected":false},"excerpt":{"rendered":"<p>Arm Cylinder For SDLG Small Excavator LG660 The arm cylinder is a specially designed hydraulic cylinder that provides linear motion and power to the arm of various machinery, such as excavators, cranes, and mechanical arms. The arm cylinder plays a crucial role in hydraulic systems, enabling the efficient movement and control of additional tools or [&hellip;]<\/p>","protected":false},"featured_media":14786,"comment_status":"open","ping_status":"closed","template":"","meta":{"_et_pb_use_builder":"","_et_pb_old_content":"","_et_gb_content_width":""},"product_brand":[],"product_cat":[1497],"product_tag":[1498,1496],"class_list":{"0":"post-16576","1":"product","2":"type-product","3":"status-publish","4":"has-post-thumbnail","6":"product_cat-arm-cylinders","7":"product_tag-arm-cylinders","8":"product_tag-hydraulic-cylinders","10":"first","11":"instock","12":"shipping-taxable","13":"product-type-simple"},"amp_enabled":true,"_links":{"self":[{"href":"https:\/\/www.hydraulic-cylinders.net\/cs\/wp-json\/wp\/v2\/product\/16576","targetHints":{"allow":["GET"]}}],"collection":[{"href":"https:\/\/www.hydraulic-cylinders.net\/cs\/wp-json\/wp\/v2\/product"}],"about":[{"href":"https:\/\/www.hydraulic-cylinders.net\/cs\/wp-json\/wp\/v2\/types\/product"}],"replies":[{"embeddable":true,"href":"https:\/\/www.hydraulic-cylinders.net\/cs\/wp-json\/wp\/v2\/comments?post=16576"}],"wp:featuredmedia":[{"embeddable":true,"href":"https:\/\/www.hydraulic-cylinders.net\/cs\/wp-json\/wp\/v2\/media\/14786"}],"wp:attachment":[{"href":"https:\/\/www.hydraulic-cylinders.net\/cs\/wp-json\/wp\/v2\/media?parent=16576"}],"wp:term":[{"taxonomy":"product_brand","embeddable":true,"href":"https:\/\/www.hydraulic-cylinders.net\/cs\/wp-json\/wp\/v2\/product_brand?post=16576"},{"taxonomy":"product_cat","embeddable":true,"href":"https:\/\/www.hydraulic-cylinders.net\/cs\/wp-json\/wp\/v2\/product_cat?post=16576"},{"taxonomy":"product_tag","embeddable":true,"href":"https:\/\/www.hydraulic-cylinders.net\/cs\/wp-json\/wp\/v2\/product_tag?post=16576"}],"curies":[{"name":"wp","href":"https:\/\/api.w.org\/{rel}","templated":true}]}}