{"id":16579,"date":"2025-01-21T05:35:33","date_gmt":"2025-01-21T05:35:33","guid":{"rendered":"https:\/\/www.hydraulic-cylinders.net\/product\/arm-cylinder-for-sdlg-middle-excavator-lg6210e\/"},"modified":"2025-01-21T05:35:35","modified_gmt":"2025-01-21T05:35:35","slug":"arm-cylinder-for-sdlg-middle-excavator-lg6210e","status":"publish","type":"product","link":"https:\/\/www.hydraulic-cylinders.net\/cs\/produkt\/arm-cylinder-for-sdlg-middle-excavator-lg6210e\/","title":{"rendered":"V\u00e1lec ramene pro st\u0159edn\u00ed bagr SDLG LG6210E"},"content":{"rendered":"<h1>V\u00e1lec ramene pro st\u0159edn\u00ed bagr SDLG LG6210E<\/h1>\n<h2>Zaveden\u00ed<\/h2>\n<p>Hydraulick\u00fd v\u00e1lec ramene je speci\u00e1ln\u011b navr\u017een\u00fd hydraulick\u00fd v\u00e1lec pou\u017e\u00edvan\u00fd k zaji\u0161t\u011bn\u00ed line\u00e1rn\u00edho pohybu a v\u00fdkonu ramene r\u016fzn\u00fdch typ\u016f stroj\u016f, jako jsou bagry, je\u0159\u00e1by a mechanick\u00e1 ramena. V\u00e1lec ramene hraje kl\u00ed\u010dovou roli v hydraulick\u00e9m syst\u00e9mu t\u00edm, \u017ee umo\u017e\u0148uje efektivn\u00ed pohyb a ovl\u00e1d\u00e1n\u00ed p\u0159ipojen\u00e9ho n\u00e1\u0159ad\u00ed nebo p\u0159\u00edslu\u0161enstv\u00ed. Tyto v\u00e1lce nejen\u017ee zaji\u0161\u0165uj\u00ed plynul\u00fd pohyb, ale tak\u00e9 unesou t\u011b\u017ek\u00e1 zat\u00ed\u017een\u00ed, \u010d\u00edm\u017e zaji\u0161\u0165uj\u00ed efektivn\u00ed provoz a spolehlivost stroj\u016f za r\u016fzn\u00fdch pracovn\u00edch podm\u00ednek.<\/p>\n<p><img decoding=\"async\" src=\"https:\/\/www.hydraulic-cylinders.net\/wp-content\/uploads\/2025\/01\/songte-company-2.webp\"><\/p>\n<h2>Funkce<\/h2>\n<ul>\n<li>Efektivn\u00ed p\u0159enos s\u00edly: V\u00e1lec ramene dok\u00e1\u017ee zajistit siln\u00fd line\u00e1rn\u00ed pohyb a s\u00edlu, co\u017e zaji\u0161\u0165uje vysokou \u00fa\u010dinnost mechanick\u00e9ho ramene v r\u016fzn\u00fdch operac\u00edch.<\/li>\n<li>P\u0159esn\u00e9 ovl\u00e1d\u00e1n\u00ed: D\u00edky hydraulick\u00e9mu syst\u00e9mu m\u016f\u017ee v\u00e1lec ramene dos\u00e1hnout p\u0159esn\u00e9ho ovl\u00e1d\u00e1n\u00ed pohybu, \u010d\u00edm\u017e se provoz p\u0159ipojen\u00e9ho n\u00e1\u0159ad\u00ed stane flexibiln\u011bj\u0161\u00edm a p\u0159esn\u011bj\u0161\u00edm.<\/li>\n<li>Vysok\u00e1 odolnost: V\u00e1lec ramene je obvykle vyroben z vysoce pevn\u00fdch materi\u00e1l\u016f s dobrou odolnost\u00ed proti opot\u0159eben\u00ed a korozi, tak\u017ee je vhodn\u00fd pro dlouhodob\u00e9 pou\u017e\u00edv\u00e1n\u00ed v n\u00e1ro\u010dn\u00fdch podm\u00ednk\u00e1ch.<\/li>\n<li>Multifunk\u010dn\u00ed p\u0159izp\u016fsobivost: Tyto v\u00e1lce lze \u0161iroce pou\u017e\u00edvat v r\u016fzn\u00fdch mechanick\u00fdch za\u0159\u00edzen\u00edch, jako jsou bagry, je\u0159\u00e1by a mechanick\u00e1 ramena, a p\u0159izp\u016fsobit se tak r\u016fzn\u00fdm pracovn\u00edm po\u017eadavk\u016fm.<\/li>\n<li>Snadn\u00e1 \u00fadr\u017eba: Konstrukce zohled\u0148uje snadnou \u00fadr\u017ebu a v\u00fdm\u011bnu, co\u017e usnad\u0148uje pravideln\u00e9 kontroly a \u00fadr\u017ebu a zkracuje prostoje za\u0159\u00edzen\u00ed.<\/li>\n<\/ul>\n<p>Tento produkt dok\u00e1\u017eeme vyrobit a n\u00e1\u0161 produkt dok\u00e1\u017ee dokonale nahradit tyto hydraulick\u00e9 v\u00e1lce.<\/p>\n<p><img decoding=\"async\" src=\"https:\/\/www.hydraulic-cylinders.net\/wp-content\/uploads\/2025\/01\/songte-oil-pipes-and-spare-parts.webp\"><\/p>\n<h2>Aplikace<\/h2>\n<ul>\n<li>Stavebn\u00ed in\u017een\u00fdrstv\u00ed: U bagr\u016f a je\u0159\u00e1b\u016f se v\u00e1lec ramene pou\u017e\u00edv\u00e1 k ovl\u00e1d\u00e1n\u00ed pohybu l\u017e\u00edce nebo v\u00fdlo\u017en\u00edku, k prov\u00e1d\u011bn\u00ed zemn\u00edch prac\u00ed, manipulace s materi\u00e1lem a konstruk\u010dn\u00edch instala\u010dn\u00edch \u00fakol\u016f.<\/li>\n<li>Zpracovatelsk\u00fd pr\u016fmysl: V automatizovan\u00fdch v\u00fdrobn\u00edch link\u00e1ch se v\u00e1lec ramene pou\u017e\u00edv\u00e1 k pohybu mechanick\u00e9ho ramene p\u0159i mont\u00e1\u017en\u00edch, sva\u0159ovac\u00edch a manipula\u010dn\u00edch procesech, \u010d\u00edm\u017e se zvy\u0161uje efektivita a p\u0159esnost v\u00fdroby.<\/li>\n<li>Zem\u011bd\u011blsk\u00e9 stroje: U zem\u011bd\u011blsk\u00fdch stroj\u016f, jako jsou skl\u00edzec\u00ed a s\u00e1zec\u00ed stroje, ovl\u00e1d\u00e1 v\u00e1lec ramene pohyb ovl\u00e1dac\u00edho ramene a prov\u00e1d\u00ed \u00fakoly, jako je set\u00ed, hnojen\u00ed a sklize\u0148.<\/li>\n<li>T\u011b\u017eba: V t\u011b\u017eebn\u00edch za\u0159\u00edzen\u00edch se v\u00e1lec ramene pou\u017e\u00edv\u00e1 k ovl\u00e1d\u00e1n\u00ed pohybu ramene t\u011b\u017eebn\u00edho za\u0159\u00edzen\u00ed, prov\u00e1d\u011bn\u00ed v\u00fdkopov\u00fdch prac\u00ed a p\u0159epravy nerost\u016f.<\/li>\n<li>Logistika a doprava: U vysokozdvi\u017en\u00fdch voz\u00edk\u016f a manipula\u010dn\u00edch robot\u016f se v\u00e1lec ramene pou\u017e\u00edv\u00e1 k ovl\u00e1d\u00e1n\u00ed zved\u00e1n\u00ed a pohybu vidlice, \u010d\u00edm\u017e se dosahuje manipulace s materi\u00e1lem a jeho stohov\u00e1n\u00ed.<\/li>\n<\/ul>\n<h2>Konstruk\u010dn\u00ed aspekty a krit\u00e9ria v\u00fdb\u011bru<\/h2>\n<p>Konstrukce v\u00e1lce ramene zohled\u0148uje jeho nosnost, t\u011bsn\u011bn\u00ed, trvanlivost, bezpe\u010dnost a \u00fadr\u017ebu. Kl\u00ed\u010dov\u00e9 body jsou n\u00e1sleduj\u00edc\u00ed:<\/p>\n<h3>Nosnost<\/h3>\n<p>V\u00e1lec ramene mus\u00ed m\u00edt dostate\u010dnou nosnost, aby byl zaji\u0161t\u011bn bezpe\u010dn\u00fd a efektivn\u00ed provoz. Nosnost v\u00e1lce je ur\u010dena provozn\u00edmi podm\u00ednkami aplikace, v\u010detn\u011b hmotnosti p\u0159ipojen\u00e9ho n\u00e1stroje nebo p\u0159\u00edslu\u0161enstv\u00ed, rychlosti pohybu a provozn\u00ed teploty.<\/p>\n<h3>T\u011bsn\u011bn\u00ed<\/h3>\n<p>P\u00e1kov\u00fd v\u00e1lec mus\u00ed m\u00edt dostate\u010dn\u00e9 t\u011bsn\u011bn\u00ed, aby se zabr\u00e1nilo \u00faniku oleje a zajistil se norm\u00e1ln\u00ed provoz. T\u011bsnic\u00ed struktura v\u00e1lce zahrnuje p\u0159edev\u0161\u00edm t\u011bsn\u011bn\u00ed p\u00edstu, t\u011bsn\u011bn\u00ed p\u00edstnice a tlumi\u010de a v\u00fdb\u011br t\u011bsnic\u00edch materi\u00e1l\u016f by m\u011bl zohled\u0148ovat jejich odolnost proti opot\u0159eben\u00ed, odolnost v\u016f\u010di vysok\u00fdm teplot\u00e1m a chemickou odolnost.<\/p>\n<h3>Trvanlivost<\/h3>\n<p>Trvanlivost v\u00e1lce s ramenem z\u00e1vis\u00ed na materi\u00e1lu a povrchov\u00e9 \u00faprav\u011b jeho sou\u010d\u00e1st\u00ed. V\u00e1lec je obvykle vyroben z vysokopevnostn\u00ed legovan\u00e9 oceli a podl\u00e9h\u00e1 povrchov\u00e9 \u00faprav\u011b, jako je chromov\u00e1n\u00ed, pro zlep\u0161en\u00ed jeho odolnosti proti opot\u0159eben\u00ed a korozi.<\/p>\n<h3>Bezpe\u010dnost<\/h3>\n<p>Bezpe\u010dnost v\u00e1lce s ramenem je z\u00e1sadn\u00ed pro prevenci nehod a po\u0161kozen\u00ed za\u0159\u00edzen\u00ed. V\u00e1lec mus\u00ed m\u00edt spolehliv\u00e9 bezpe\u010dnostn\u00ed za\u0159\u00edzen\u00ed, kter\u00e9 zabra\u0148uje p\u0159et\u00ed\u017een\u00ed nebo n\u00e1hl\u00fdm pokles\u016fm tlaku, jako je pojistn\u00fd ventil nebo p\u0159etlakov\u00fd ventil.<\/p>\n<h3>Udr\u017eovatelnost<\/h3>\n<p>\u00dadr\u017eba v\u00e1lce s ramenem je nezbytn\u00e1 pro zaji\u0161t\u011bn\u00ed jeho dlouhodob\u00e9ho v\u00fdkonu a \u017eivotnosti. Konstrukce v\u00e1lce by m\u011bla zohled\u0148ovat snadnou instalaci, demont\u00e1\u017e a \u00fadr\u017ebu a pou\u017eit\u00ed standardizovan\u00fdch komponent\u016f a modul\u00e1rn\u00edho designu pro usnadn\u011bn\u00ed v\u00fdm\u011bny d\u00edl\u016f.<\/p>\n<p><img decoding=\"async\" src=\"https:\/\/www.hydraulic-cylinders.net\/wp-content\/uploads\/2025\/01\/songte-cylinder-head-with-all-kinds-excavator-models.webp\"><\/p>\n<h2>T\u011bsn\u011bn\u00ed a maz\u00e1n\u00ed<\/h2>\n<p>V\u00e1lec s ramenem pou\u017e\u00edv\u00e1 r\u016fzn\u00e9 t\u011bsnic\u00ed komponenty, jako jsou t\u011bsn\u011bn\u00ed p\u00edstu, t\u011bsn\u011bn\u00ed p\u00edstnice a n\u00e1razn\u00edkov\u00e1 t\u011bsn\u011bn\u00ed, aby se zabr\u00e1nilo \u00faniku oleje a zajistil norm\u00e1ln\u00ed provoz. Tato t\u011bsn\u011bn\u00ed jsou vyrobena z materi\u00e1l\u016f odoln\u00fdch proti opot\u0159eben\u00ed, jako je polyuretan a nitrilov\u00e1 pry\u017e. T\u011bleso v\u00e1lce a povrch z\u00e1vitu proch\u00e1zej\u00ed pe\u010dliv\u00fdm zpracov\u00e1n\u00edm, aby se zv\u00fd\u0161ila jejich odolnost proti opot\u0159eben\u00ed. Pravideln\u00e9 maz\u00e1n\u00ed olejem je nezbytn\u00e9 pro zaji\u0161t\u011bn\u00ed plynul\u00e9ho provozu a prevenci opot\u0159eben\u00ed a po\u0161kozen\u00ed sou\u010d\u00e1st\u00ed.<\/p>\n<h2>\u00dadr\u017eba a preventivn\u00ed opat\u0159en\u00ed<\/h2>\n<ul>\n<li>Pravideln\u011b kontrolujte v\u00e1lec ramene, zda nen\u00ed opot\u0159ebovan\u00fd, po\u0161kozen\u00fd a zda z n\u011bj nete\u010de olej, a v\u010das vym\u011b\u0148te opot\u0159ebovan\u00e9 nebo po\u0161kozen\u00e9 sou\u010d\u00e1sti.<\/li>\n<li>Pravideln\u011b promaz\u00e1vejte t\u011bleso v\u00e1lce a p\u00edstn\u00ed ty\u010d, abyste zajistili hladk\u00fd chod.<\/li>\n<li>V\u011bnujte pozornost provozn\u00edmu stavu v\u00e1lce, jako je nosnost, provozn\u00ed tlak a provozn\u00ed teplota, a podle toho upravte parametry.<\/li>\n<li>Pou\u017e\u00edvejte origin\u00e1ln\u00ed hydraulick\u00fd olej a udr\u017eujte jeho \u010distotu, aby byl zaji\u0161t\u011bn norm\u00e1ln\u00ed provoz v\u00e1lce.<\/li>\n<li>Prov\u00e1d\u011bjte pravidelnou preventivn\u00ed \u00fadr\u017ebu, jako je \u010di\u0161t\u011bn\u00ed, kontrola a se\u0159izov\u00e1n\u00ed, abyste zajistili dlouhodob\u00fd v\u00fdkon a \u017eivotnost v\u00e1lce.<\/li>\n<\/ul>\n<p><img decoding=\"async\" src=\"https:\/\/www.hydraulic-cylinders.net\/wp-content\/uploads\/2025\/01\/songte-chushion-collar.webp\"><\/p>\n<h2>Instala\u010dn\u00ed p\u0159\u00edru\u010dka<\/h2>\n<p>P\u0159i instalaci v\u00e1lce ramene postupujte podle t\u011bchto krok\u016f:<\/p>\n<ol>\n<li>O\u010dist\u011bte mont\u00e1\u017en\u00ed povrch v\u00e1lce a mont\u00e1\u017en\u00ed polohu za\u0159\u00edzen\u00ed.<\/li>\n<li>Zkontrolujte model, specifikaci a sm\u011br instalace v\u00e1lce, abyste se ujistili o jeho kompatibilit\u011b se za\u0159\u00edzen\u00edm.<\/li>\n<li>Vlo\u017ete p\u00edstn\u00ed ty\u010d do mont\u00e1\u017en\u00edho otvoru za\u0159\u00edzen\u00ed a zajist\u011bte ji \u0161rouby.<\/li>\n<li>P\u0159ipojte hydraulick\u00e9 trubky a armatury k vstupn\u00edmu a v\u00fdstupn\u00edmu otvoru oleje v\u00e1lce.<\/li>\n<li>Pomalu natlakujte hydraulick\u00fd syst\u00e9m, abyste zkontrolovali funkci v\u00e1lce a \u00fanik oleje.<\/li>\n<\/ol>\n<p><img decoding=\"async\" src=\"https:\/\/www.hydraulic-cylinders.net\/wp-content\/uploads\/2025\/01\/songte-bushings-with-all-kinds-of-excavator-models.webp\"><\/p>\n<h2>Bezpe\u010dnostn\u00ed aspekty a faktory prost\u0159ed\u00ed<\/h2>\n<p>P\u0159i pou\u017e\u00edv\u00e1n\u00ed v\u00e1lce s ramenem dbejte na n\u00e1sleduj\u00edc\u00ed bezpe\u010dnostn\u00ed opat\u0159en\u00ed:<\/p>\n<ul>\n<li>P\u0159\u00edsn\u011b dodr\u017eujte n\u00e1vod k obsluze za\u0159\u00edzen\u00ed a bezpe\u010dnostn\u00ed p\u0159edpisy, abyste p\u0159ede\u0161li nehod\u00e1m.<\/li>\n<li>Pravideln\u011b kontrolujte provozn\u00ed stav v\u00e1lce, abyste v\u010das identifikovali potenci\u00e1ln\u00ed bezpe\u010dnostn\u00ed rizika.<\/li>\n<li>Pou\u017e\u00edvejte spolehliv\u00e1 bezpe\u010dnostn\u00ed za\u0159\u00edzen\u00ed, jako jsou pojistn\u00e9 ventily a p\u0159etlakov\u00e9 ventily, abyste zabr\u00e1nili p\u0159et\u00ed\u017een\u00ed a n\u00e1hl\u00fdm pokles\u016fm tlaku.<\/li>\n<li>Pou\u017eit\u00fd hydraulick\u00fd olej a jeho sou\u010d\u00e1sti \u0159\u00e1dn\u011b zlikvidujte, abyste chr\u00e1nili \u017eivotn\u00ed prost\u0159ed\u00ed.<\/li>\n<\/ul>\n<h2>Odstra\u0148ov\u00e1n\u00ed probl\u00e9m\u016f a b\u011b\u017en\u00e9 probl\u00e9my<\/h2>\n<p>N\u00e1sleduje n\u011bkolik b\u011b\u017en\u00fdch probl\u00e9m\u016f s v\u00e1lcem ramene a metod jejich \u0159e\u0161en\u00ed:<\/p>\n<h3>\u00danik oleje<\/h3>\n<p>Mo\u017en\u00e9 p\u0159\u00ed\u010diny: po\u0161kozen\u00e1 t\u011bsn\u011bn\u00ed, uvoln\u011bn\u00e9 spoje nebo opot\u0159ebovan\u00e1 p\u00edstn\u00ed ty\u010d.<\/p>\n<p>\u0158e\u0161en\u00ed probl\u00e9m\u016f: Vym\u011b\u0148te po\u0161kozen\u00e1 t\u011bsn\u011bn\u00ed, ut\u00e1hn\u011bte spoje nebo vym\u011b\u0148te opot\u0159ebovanou p\u00edstn\u00ed ty\u010d.<\/p>\n<h3>Abnorm\u00e1ln\u00ed hluk<\/h3>\n<p>Mo\u017en\u00e9 p\u0159\u00ed\u010diny: vzduch v hydraulick\u00e9m syst\u00e9mu, uvoln\u011bn\u00e9 spoje nebo opot\u0159ebovan\u00e9 sou\u010d\u00e1sti.<\/p>\n<p>\u0158e\u0161en\u00ed probl\u00e9m\u016f: Odvzdu\u0161n\u011bte hydraulick\u00fd syst\u00e9m, ut\u00e1hn\u011bte spoje nebo vym\u011b\u0148te opot\u0159ebovan\u00e9 sou\u010d\u00e1sti.<\/p>\n<h3>Pomal\u00e1 odezva<\/h3>\n<p>Mo\u017en\u00e9 p\u0159\u00ed\u010diny: nedostate\u010dn\u00fd hydraulick\u00fd tlak, ucpan\u00e9 hydraulick\u00e9 potrub\u00ed nebo po\u0161kozen\u00e1 t\u011bsn\u011bn\u00ed.<\/p>\n<p>\u0158e\u0161en\u00ed probl\u00e9m\u016f: Zvy\u0161te hydraulick\u00fd tlak, vy\u010dist\u011bte hydraulick\u00e9 potrub\u00ed nebo vym\u011b\u0148te po\u0161kozen\u00e1 t\u011bsn\u011bn\u00ed.<\/p>\n<h2>P\u0159edstaven\u00ed spole\u010dnosti<\/h2>\n<p>Jsme profesion\u00e1ln\u00ed v\u00fdrobce n\u00e1hradn\u00edch hydraulick\u00fdch v\u00e1lc\u016f s \u0161irokou \u0161k\u00e1lou produkt\u016f a stali jsme se jedn\u00edm z p\u0159edn\u00edch v\u00fdrobc\u016f a velkoobchodn\u00edch distributor\u016f hydraulick\u00fdch v\u00e1lc\u016f na dom\u00e1c\u00edm i mezin\u00e1rodn\u00edm trhu. V\u017edy se dr\u017e\u00edme principu vynikaj\u00edc\u00ed kvality a spol\u00e9h\u00e1me se na strategii \u0159\u00edzen\u00ed pr\u016fmyslov\u00e9 v\u00fdroby v r\u00e1mci jemn\u00e9 v\u00fdrobn\u00ed d\u00edlny, abychom neust\u00e1le zlep\u0161ovali na\u0161i technickou \u00farove\u0148 a efektivitu v\u00fdroby. Zav\u00e1d\u011bn\u00edm \u0161pi\u010dkov\u00e9ho digit\u00e1ln\u00edho v\u00fdrobn\u00edho za\u0159\u00edzen\u00ed a profesion\u00e1ln\u00edch testovac\u00edch syst\u00e9m\u016f optimalizujeme v\u00fdrobn\u00ed platformu a zlep\u0161ujeme proces kontroly kvality v\u00fdrobk\u016f s siln\u00fdmi inova\u010dn\u00edmi schopnostmi. Na\u0161\u00edm c\u00edlem je uspokojovat rozmanit\u00e9 pot\u0159eby z\u00e1kazn\u00edk\u016f s vysokou efektivitou, p\u0159esnost\u00ed a vysokou kvalitou.<\/p>\n<p>Nab\u00edz\u00edme profesion\u00e1ln\u00ed slu\u017eby, mezin\u00e1rodn\u00ed certifikaci, zak\u00e1zkov\u00e9 slu\u017eby, v\u00fdrobn\u00ed za\u0159\u00edzen\u00ed a poprodejn\u00ed servis.<\/p>\n<p><img decoding=\"async\" src=\"https:\/\/www.hydraulic-cylinders.net\/wp-content\/uploads\/2025\/01\/songte-company-4.webp\"><br \/>\n<img decoding=\"async\" src=\"https:\/\/www.hydraulic-cylinders.net\/wp-content\/uploads\/2025\/01\/songte-company-3.webp\"><\/p>\n<p>Autor: lyl<\/p>","protected":false},"excerpt":{"rendered":"<p>Arm Cylinder For SDLG Middle Excavator LG6210E Introduction The Arm Cylinder is a specially designed hydraulic cylinder used to provide linear motion and power to the arm of various types of machinery such as excavators, cranes, and mechanical arms. The Arm Cylinder plays a critical role in the hydraulic system by enabling the efficient movement [&hellip;]<\/p>","protected":false},"featured_media":14777,"comment_status":"open","ping_status":"closed","template":"","meta":{"_et_pb_use_builder":"","_et_pb_old_content":"","_et_gb_content_width":""},"product_brand":[],"product_cat":[1497],"product_tag":[1498,1496],"class_list":{"0":"post-16579","1":"product","2":"type-product","3":"status-publish","4":"has-post-thumbnail","6":"product_cat-arm-cylinders","7":"product_tag-arm-cylinders","8":"product_tag-hydraulic-cylinders","10":"first","11":"instock","12":"shipping-taxable","13":"product-type-simple"},"amp_enabled":true,"_links":{"self":[{"href":"https:\/\/www.hydraulic-cylinders.net\/cs\/wp-json\/wp\/v2\/product\/16579","targetHints":{"allow":["GET"]}}],"collection":[{"href":"https:\/\/www.hydraulic-cylinders.net\/cs\/wp-json\/wp\/v2\/product"}],"about":[{"href":"https:\/\/www.hydraulic-cylinders.net\/cs\/wp-json\/wp\/v2\/types\/product"}],"replies":[{"embeddable":true,"href":"https:\/\/www.hydraulic-cylinders.net\/cs\/wp-json\/wp\/v2\/comments?post=16579"}],"wp:featuredmedia":[{"embeddable":true,"href":"https:\/\/www.hydraulic-cylinders.net\/cs\/wp-json\/wp\/v2\/media\/14777"}],"wp:attachment":[{"href":"https:\/\/www.hydraulic-cylinders.net\/cs\/wp-json\/wp\/v2\/media?parent=16579"}],"wp:term":[{"taxonomy":"product_brand","embeddable":true,"href":"https:\/\/www.hydraulic-cylinders.net\/cs\/wp-json\/wp\/v2\/product_brand?post=16579"},{"taxonomy":"product_cat","embeddable":true,"href":"https:\/\/www.hydraulic-cylinders.net\/cs\/wp-json\/wp\/v2\/product_cat?post=16579"},{"taxonomy":"product_tag","embeddable":true,"href":"https:\/\/www.hydraulic-cylinders.net\/cs\/wp-json\/wp\/v2\/product_tag?post=16579"}],"curies":[{"name":"wp","href":"https:\/\/api.w.org\/{rel}","templated":true}]}}