{"id":16589,"date":"2025-01-21T05:36:12","date_gmt":"2025-01-21T05:36:12","guid":{"rendered":"https:\/\/www.hydraulic-cylinders.net\/product\/arm-cylinder-for-jonyang-small-excavator-jy615e\/"},"modified":"2025-01-21T05:36:15","modified_gmt":"2025-01-21T05:36:15","slug":"arm-cylinder-for-jonyang-small-excavator-jy615e","status":"publish","type":"product","link":"https:\/\/www.hydraulic-cylinders.net\/cs\/produkt\/arm-cylinder-for-jonyang-small-excavator-jy615e\/","title":{"rendered":"V\u00e1lec ramene pro mal\u00e9 rypadlo Jonyang JY615E"},"content":{"rendered":"<h1>V\u00e1lec ramene pro mal\u00e9 rypadlo Jonyang JY615E<\/h1>\n<h2>Zaveden\u00ed<\/h2>\n<h3>Definov\u00e1n\u00ed v\u00e1lce ramene<\/h3>\n<p>V\u00e1lec ramene je speci\u00e1ln\u011b navr\u017een\u00fd hydraulick\u00fd v\u00e1lec pou\u017e\u00edvan\u00fd p\u0159edev\u0161\u00edm k zaji\u0161t\u011bn\u00ed line\u00e1rn\u00edho pohybu a v\u00fdkonu ramen r\u016fzn\u00fdch typ\u016f stroj\u016f, jako jsou bagry, je\u0159\u00e1by a mechanick\u00e1 ramena. V\u00e1lec ramene hraje kl\u00ed\u010dovou roli v hydraulick\u00fdch syst\u00e9mech, proto\u017ee umo\u017e\u0148uje efektivn\u00ed pohyb a ovl\u00e1d\u00e1n\u00ed pomocn\u00fdch n\u00e1stroj\u016f nebo p\u0159\u00edslu\u0161enstv\u00ed. Tyto v\u00e1lce nejen\u017ee zaji\u0161\u0165uj\u00ed plynul\u00fd pohyb, ale tak\u00e9 odol\u00e1vaj\u00ed t\u011b\u017ek\u00fdm z\u00e1t\u011b\u017e\u00edm, \u010d\u00edm\u017e zaji\u0161\u0165uj\u00ed efektivn\u00ed provoz a spolehlivost stroj\u016f za r\u016fzn\u00fdch provozn\u00edch podm\u00ednek.<\/p>\n<p><img decoding=\"async\" src=\"https:\/\/www.hydraulic-cylinders.net\/wp-content\/uploads\/2025\/01\/songte-company-2.webp\" alt=\"Obr\u00e1zek v\u00e1lce ramene\"><\/p>\n<h2>Funkce<\/h2>\n<ul>\n<li>\n<h3>Efektivn\u00ed p\u0159enos v\u00fdkonu<\/h3>\n<p>V\u00e1lec ramene zaji\u0161\u0165uje siln\u00fd line\u00e1rn\u00ed pohyb a s\u00edlu, co\u017e zaji\u0161\u0165uje vysok\u00fd v\u00fdkon mechanick\u00e9ho ramene v r\u016fzn\u00fdch operac\u00edch.<\/p>\n<\/li>\n<li>\n<h3>P\u0159esn\u00e9 ovl\u00e1d\u00e1n\u00ed<\/h3>\n<p>V\u00e1lec ramene dok\u00e1\u017ee dos\u00e1hnout p\u0159esn\u00e9ho \u0159\u00edzen\u00ed pohybu pomoc\u00ed hydraulick\u00e9ho syst\u00e9mu, co\u017e umo\u017e\u0148uje flexibiln\u011bj\u0161\u00ed a p\u0159esn\u011bj\u0161\u00ed ovl\u00e1d\u00e1n\u00ed dal\u0161\u00edch n\u00e1stroj\u016f.<\/p>\n<\/li>\n<li>\n<h3>Vysok\u00e1 odolnost<\/h3>\n<p>V\u00e1lce ramen jsou obvykle vyrobeny z vysoce pevn\u00e9ho materi\u00e1lu s dobrou odolnost\u00ed proti opot\u0159eben\u00ed a korozi, vhodn\u00e9 pro dlouhodob\u00e9 pou\u017e\u00edv\u00e1n\u00ed v n\u00e1ro\u010dn\u00fdch podm\u00ednk\u00e1ch.<\/p>\n<\/li>\n<li>\n<h3>Multifunk\u010dn\u00ed p\u0159izp\u016fsobivost<\/h3>\n<p>Tyto v\u00e1lce lze \u0161iroce pou\u017e\u00edvat v r\u016fzn\u00fdch typech strojn\u00edch za\u0159\u00edzen\u00ed, jako jsou bagry, je\u0159\u00e1by a mechanick\u00e1 ramena, a p\u0159izp\u016fsobit se tak r\u016fzn\u00fdm pracovn\u00edm po\u017eadavk\u016fm.<\/p>\n<\/li>\n<li>\n<h3>Snadn\u00e1 \u00fadr\u017eba<\/h3>\n<p>Konstrukce zohled\u0148uje snadnou \u00fadr\u017ebu a v\u00fdm\u011bnu, co\u017e usnad\u0148uje pravideln\u00e9 kontroly a \u00fadr\u017ebu a zkracuje prostoje za\u0159\u00edzen\u00ed.<\/p>\n<\/li>\n<\/ul>\n<p>Tento produkt dok\u00e1\u017eeme vyrobit a dokonale nahradit tyto hydraulick\u00e9 v\u00e1lce.<\/p>\n<p><img decoding=\"async\" src=\"https:\/\/www.hydraulic-cylinders.net\/wp-content\/uploads\/2025\/01\/songte-oil-pipes-and-spare-parts.webp\" alt=\"Obr\u00e1zek hydraulick\u00e9ho v\u00e1lce\"><\/p>\n<h2>Aplikace<\/h2>\n<p>V\u00e1lec s ramenem se \u0161iroce pou\u017e\u00edv\u00e1 v r\u016fzn\u00fdch oblastech a pr\u016fmyslov\u00fdch odv\u011btv\u00edch. Mezi p\u0159\u00edklady jeho aplikac\u00ed pat\u0159\u00ed:<\/p>\n<ul>\n<li>\n<h3>Stavebn\u00ed in\u017een\u00fdrstv\u00ed<\/h3>\n<p>U bagr\u016f a je\u0159\u00e1b\u016f se v\u00e1lec ramene pou\u017e\u00edv\u00e1 k ovl\u00e1d\u00e1n\u00ed pohybu l\u017e\u00edc nebo v\u00fdlo\u017en\u00edk\u016f pro zemn\u00ed pr\u00e1ce, manipulaci s materi\u00e1lem a mont\u00e1\u017e konstrukc\u00ed.<\/p>\n<\/li>\n<li>\n<h3>Zpracovatelsk\u00fd pr\u016fmysl<\/h3>\n<p>V automatizovan\u00fdch v\u00fdrobn\u00edch link\u00e1ch se v\u00e1lec ramene pou\u017e\u00edv\u00e1 k \u0159\u00edzen\u00ed pohybu mechanick\u00fdch ramen pro mont\u00e1\u017en\u00ed, sva\u0159ovac\u00ed a manipula\u010dn\u00ed procesy, \u010d\u00edm\u017e se zvy\u0161uje efektivita a p\u0159esnost v\u00fdroby.<\/p>\n<\/li>\n<li>\n<h3>Zem\u011bd\u011blsk\u00e9 stroje<\/h3>\n<p>V zem\u011bd\u011blsk\u00fdch stroj\u00edch, jako jsou skl\u00edzec\u00ed a s\u00e1zec\u00ed stroje, \u0159\u00edd\u00ed v\u00e1lec ramene pohyb ovl\u00e1dac\u00edch ramen pro prov\u00e1d\u011bn\u00ed \u00fakol\u016f, jako je s\u00e1zen\u00ed, hnojen\u00ed a sklize\u0148.<\/p>\n<\/li>\n<li>\n<h3>Hornictv\u00ed<\/h3>\n<p>V t\u011b\u017eebn\u00edm za\u0159\u00edzen\u00ed se v\u00e1lec ramene pou\u017e\u00edv\u00e1 k ovl\u00e1d\u00e1n\u00ed pohybu ramene t\u011b\u017eebn\u00edho za\u0159\u00edzen\u00ed pro t\u011b\u017ebu a p\u0159epravu rud.<\/p>\n<\/li>\n<li>\n<h3>Logistika a doprava<\/h3>\n<p>U vysokozdvi\u017en\u00fdch voz\u00edk\u016f a manipula\u010dn\u00edch robot\u016f se v\u00e1lec ramene pou\u017e\u00edv\u00e1 k ovl\u00e1d\u00e1n\u00ed zved\u00e1n\u00ed a pohybu vidlic pro p\u0159epravu a stohov\u00e1n\u00ed materi\u00e1l\u016f.<\/p>\n<\/li>\n<\/ul>\n<h2>Konstruk\u010dn\u00ed aspekty a krit\u00e9ria v\u00fdb\u011bru<\/h2>\n<h3>\u00danosnost<\/h3>\n<p>Nosnost v\u00e1lce ramene je jedn\u00edm z nejd\u016fle\u017eit\u011bj\u0161\u00edch konstruk\u010dn\u00edch aspekt\u016f. Je nutn\u00e9 vybrat vhodn\u00fd v\u00e1lec podle hmotnosti a zat\u00ed\u017een\u00ed ramene a p\u0159ipojen\u00e9ho n\u00e1stroje.<\/p>\n<h3>T\u011bsnic\u00ed v\u00fdkon<\/h3>\n<p>T\u011bsnic\u00ed v\u00fdkon v\u00e1lc\u016f ramene je nezbytn\u00fd pro zabr\u00e1n\u011bn\u00ed \u00faniku hydraulick\u00e9 kapaliny a zaji\u0161t\u011bn\u00ed spr\u00e1vn\u00e9ho provozu. K udr\u017een\u00ed t\u011bsnic\u00edho v\u00fdkonu v\u00e1lce se pou\u017e\u00edvaj\u00ed r\u016fzn\u00e9 t\u011bsnic\u00ed komponenty, jako jsou t\u011bsn\u011bn\u00ed p\u00edst\u016f a t\u011bsn\u011bn\u00ed p\u00edstnic.<\/p>\n<h3>Trvanlivost<\/h3>\n<p>V\u00e1lec ramene se \u010dasto pou\u017e\u00edv\u00e1 v n\u00e1ro\u010dn\u00fdch podm\u00ednk\u00e1ch a mus\u00ed b\u00fdt dostate\u010dn\u011b odoln\u00fd, aby odolal opot\u0159eben\u00ed a korozi. Vysoce pevn\u00e9 materi\u00e1ly, povrchov\u00e9 \u00fapravy, jako jsou n\u00e1t\u011bry, a spr\u00e1vn\u00e9 maz\u00e1n\u00ed mohou zlep\u0161it \u017eivotnost v\u00e1lce.<\/p>\n<h3>Bezpe\u010dnost a \u00fadr\u017eba<\/h3>\n<p>V\u00e1lce s rameny mus\u00ed b\u00fdt navr\u017eeny s ohledem na bezpe\u010dnost, aby se p\u0159ede\u0161lo nehod\u00e1m a minimalizovala se \u00fadr\u017eba. Bezpe\u010dnostn\u00ed prvky, jako jsou p\u0159etlakov\u00e9 ventily, a konstrukce s n\u00edzkou \u00fadr\u017ebou, jako jsou snadno vym\u011bniteln\u00e1 t\u011bsn\u011bn\u00ed, mohou zajistit bezpe\u010dn\u00fd a efektivn\u00ed provoz v\u00e1lce.<\/p>\n<p><img decoding=\"async\" src=\"https:\/\/www.hydraulic-cylinders.net\/wp-content\/uploads\/2025\/01\/songte-cylinder-head-with-all-kinds-excavator-models.webp\" alt=\"Obr\u00e1zek hlavy v\u00e1lc\u016f\"><\/p>\n<h2>T\u011bsn\u011bn\u00ed a maz\u00e1n\u00ed<\/h2>\n<p>V\u00e1lec ramene pou\u017e\u00edv\u00e1 r\u016fzn\u00e9 t\u011bsnic\u00ed komponenty, jako jsou t\u011bsn\u011bn\u00ed p\u00edstu a t\u011bsn\u011bn\u00ed p\u00edstnice, k udr\u017een\u00ed t\u011bsnic\u00edho v\u00fdkonu v\u00e1lce. Tato t\u011bsn\u011bn\u00ed jsou obvykle vyrobena z materi\u00e1l\u016f odoln\u00fdch proti opot\u0159eben\u00ed, jako je polyuretan nebo nitrilov\u00e1 pry\u017e. T\u011bleso v\u00e1lce a z\u00e1vitov\u00fd konec jsou jemn\u011b opracov\u00e1ny pro zlep\u0161en\u00ed odolnosti proti opot\u0159eben\u00ed. Pravideln\u00e9 maz\u00e1n\u00ed hydraulick\u00fdm olejem m\u016f\u017ee tak\u00e9 prodlou\u017eit \u017eivotnost t\u011bsnic\u00edho syst\u00e9mu a zlep\u0161it celkov\u00fd v\u00fdkon v\u00e1lce.<\/p>\n<h2>\u00dadr\u017eba a preventivn\u00ed opat\u0159en\u00ed<\/h2>\n<p>Pravideln\u00e1 \u00fadr\u017eba a preventivn\u00ed opat\u0159en\u00ed mohou zlep\u0161it v\u00fdkon v\u00e1lce ramene a prodlou\u017eit jeho \u017eivotnost. Mezi tipy, kter\u00e9 je t\u0159eba zv\u00e1\u017eit, pat\u0159\u00ed:<\/p>\n<ul>\n<li>Pravideln\u00e1 kontrola v\u00e1lce a t\u011bsn\u011bn\u00ed za \u00fa\u010delem zji\u0161t\u011bn\u00ed a opravy p\u0159\u00edpadn\u00e9ho po\u0161kozen\u00ed nebo opot\u0159eben\u00ed.<\/li>\n<li>Pravideln\u00e1 v\u00fdm\u011bna hydraulick\u00e9ho oleje a hydraulick\u00fdch filtr\u016f pro udr\u017een\u00ed optim\u00e1ln\u00edho v\u00fdkonu syst\u00e9mu a prevenci kontaminace.<\/li>\n<li>Spr\u00e1vn\u00e9 skladov\u00e1n\u00ed lahve v \u010dist\u00e9m a such\u00e9m prost\u0159ed\u00ed, aby se zabr\u00e1nilo korozi a po\u0161kozen\u00ed.<\/li>\n<li>Pou\u017e\u00edv\u00e1n\u00ed v\u00e1lce v r\u00e1mci jeho jmenovit\u00e9ho objemu, aby se zabr\u00e1nilo po\u0161kozen\u00ed nebo poru\u0161e.<\/li>\n<\/ul>\n<p><img decoding=\"async\" src=\"https:\/\/www.hydraulic-cylinders.net\/wp-content\/uploads\/2025\/01\/songte-chushion-collar.webp\" alt=\"Obr\u00e1zek obojku Chushion\"><\/p>\n<h2>Instala\u010dn\u00ed p\u0159\u00edru\u010dka<\/h2>\n<p>Spr\u00e1vn\u00e1 instalace v\u00e1lce ramene je z\u00e1sadn\u00ed pro zaji\u0161t\u011bn\u00ed bezpe\u010dn\u00e9ho a efektivn\u00edho provozu. Zde je n\u011bkolik krok\u016f, kter\u00e9 je t\u0159eba dodr\u017eet:<\/p>\n<ol>\n<li>Ujist\u011bte se, \u017ee v\u00e1lec m\u00e1 spr\u00e1vnou velikost a jmenovit\u00e9 hodnoty pro dan\u00e9 za\u0159\u00edzen\u00ed a aplikaci.<\/li>\n<li>Vy\u010dist\u011bte a zkontrolujte mont\u00e1\u017en\u00ed povrch a spojovac\u00ed sou\u010d\u00e1sti, abyste zajistili spr\u00e1vn\u00e9 usazen\u00ed a zarovn\u00e1n\u00ed.<\/li>\n<li>Naneste t\u011bsnic\u00ed prost\u0159edek na z\u00e1vity v\u00e1lce a pevn\u011b jej ut\u00e1hn\u011bte vhodn\u00fdm kl\u00ed\u010dem.<\/li>\n<li>P\u0159ipojte hydraulick\u00e9 hadice k otvor\u016fm v\u00e1lce a ujist\u011bte se, \u017ee jsou spr\u00e1vn\u011b vyrovn\u00e1ny a uta\u017eeny p\u0159\u00edslu\u0161n\u00fdm utahovac\u00edm momentem.<\/li>\n<li>Napl\u0148te hydraulick\u00fd syst\u00e9m vhodnou kapalinou podle doporu\u010den\u00ed v\u00fdrobce.<\/li>\n<li>Otestujte funkci v\u00e1lce bez zat\u00ed\u017een\u00ed a pod zat\u00ed\u017een\u00edm, abyste zajistili jeho spr\u00e1vnou funkci a stabilitu.<\/li>\n<\/ol>\n<h2>Bezpe\u010dnostn\u00ed a environment\u00e1ln\u00ed aspekty<\/h2>\n<p>V\u00e1lce ramen se \u010dasto pou\u017e\u00edvaj\u00ed v t\u011b\u017ek\u00fdch stroj\u00edch a za\u0159\u00edzen\u00edch a je nutn\u00e9 s nimi zach\u00e1zet opatrn\u011b, aby se p\u0159ede\u0161lo nehod\u00e1m. Bezpe\u010dnostn\u00ed prvky, jako jsou p\u0159etlakov\u00e9 ventily, a \u0159\u00e1dn\u00e9 \u0161kolen\u00ed obsluhy mohou zajistit bezpe\u010dn\u00fd provoz. Pro minimalizaci negativn\u00edch dopad\u016f na \u017eivotn\u00ed prost\u0159ed\u00ed je t\u0159eba zv\u00e1\u017eit i environment\u00e1ln\u00ed aspekty, jako je spr\u00e1vn\u00e1 likvidace pou\u017eit\u00e9ho hydraulick\u00e9ho oleje a dal\u0161\u00edch kapalin.<\/p>\n<h2>Diagnostika b\u011b\u017en\u00fdch z\u00e1vad a \u0159e\u0161en\u00ed probl\u00e9m\u016f<\/h2>\n<p>Mezi b\u011b\u017en\u00e9 z\u00e1vady v\u00e1lc\u016f ramene pat\u0159\u00ed net\u011bsnost, po\u0161kozen\u00e1 t\u011bsn\u011bn\u00ed a po\u0161kozen\u00ed t\u011blesa v\u00e1lce nebo p\u00edstu. Spr\u00e1vn\u00e1 diagnostika a \u0159e\u0161en\u00ed probl\u00e9m\u016f m\u016f\u017ee pomoci minimalizovat prostoje a n\u00e1klady na opravy. Mezi tipy, kter\u00e9 je t\u0159eba zv\u00e1\u017eit, pat\u0159\u00ed:<\/p>\n<ul>\n<li>Zkontrolujte v\u00e1lec a t\u011bsn\u011bn\u00ed, zda nejsou po\u0161kozen\u00e9 nebo opot\u0159ebovan\u00e9, a v p\u0159\u00edpad\u011b pot\u0159eby je vym\u011b\u0148te.<\/li>\n<li>Zkontrolujte hladinu a kvalitu hydraulick\u00e9 kapaliny a v p\u0159\u00edpad\u011b pot\u0159eby ji vym\u011b\u0148te.<\/li>\n<li>Zkontrolujte, zda nen\u00ed t\u011bleso v\u00e1lce nebo p\u00edst po\u0161kozeno nebo korozit\u00e9, a v p\u0159\u00edpad\u011b pot\u0159eby je vym\u011b\u0148te.<\/li>\n<li>Pro dal\u0161\u00ed \u0159e\u0161en\u00ed probl\u00e9m\u016f a opravy se \u0159i\u010fte doporu\u010den\u00edmi v\u00fdrobce.<\/li>\n<\/ul>\n<p><img decoding=\"async\" src=\"https:\/\/www.hydraulic-cylinders.net\/wp-content\/uploads\/2025\/01\/songte-bushings-with-all-kinds-of-excavator-models.webp\" alt=\"Obr\u00e1zek pouzder\"><\/p>\n<h2>O n\u00e1s<\/h2>\n<p>Jsme profesion\u00e1ln\u00ed v\u00fdrobce hydraulick\u00fdch v\u00e1lc\u016f se \u0161irokou \u0161k\u00e1lou produkt\u016f a stali jsme se jedn\u00edm z p\u0159edn\u00edch v\u00fdrobc\u016f a velkoobchodn\u00edch distributor\u016f hydraulick\u00fdch v\u00e1lc\u016f na dom\u00e1c\u00edm i mezin\u00e1rodn\u00edm trhu. V\u017edy se dr\u017e\u00edme principu vynikaj\u00edc\u00ed kvality, spol\u00e9h\u00e1me se na industrializovan\u00e9 strategie \u0159\u00edzen\u00ed v\u00fdroby v sofistikovan\u00fdch v\u00fdrobn\u00edch d\u00edln\u00e1ch a neust\u00e1le zlep\u0161ujeme na\u0161i technickou \u00farove\u0148 a efektivitu v\u00fdroby. Zav\u00e1d\u011bn\u00edm pokro\u010dil\u00e9ho digit\u00e1ln\u00edho v\u00fdrobn\u00edho za\u0159\u00edzen\u00ed a profesion\u00e1ln\u00edch testovac\u00edch syst\u00e9m\u016f neust\u00e1le optimalizujeme v\u00fdrobn\u00ed platformy, zlep\u0161ujeme procesy kontroly kvality v\u00fdrobk\u016f a m\u00e1me siln\u00e9 inova\u010dn\u00ed schopnosti. Na\u0161\u00edm c\u00edlem je uspokojovat rozmanit\u00e9 pot\u0159eby z\u00e1kazn\u00edk\u016f s vysokou efektivitou, p\u0159esnost\u00ed a principy vysok\u00e9 kvality.<\/p>\n<h3>Profesionalita<\/h3>\n<p>M\u00e1me profesion\u00e1ln\u00ed t\u00fdm s bohat\u00fdmi zku\u0161enostmi v oblasti n\u00e1vrhu, v\u00fdroby a testov\u00e1n\u00ed hydraulick\u00fdch v\u00e1lc\u016f.<\/p>\n<h3>Mezin\u00e1rodn\u00ed certifikace<\/h3>\n<p>Na\u0161e v\u00fdrobky pro\u0161ly mezin\u00e1rodn\u00edmi certifikacemi, jako jsou ISO9001, CE a ROHS.<\/p>\n<h3>Slu\u017eby p\u0159izp\u016fsoben\u00ed<\/h3>\n<p>M\u00e1me siln\u00fd t\u00fdm in\u017een\u00fdr\u016f, kte\u0159\u00ed dok\u00e1\u017e\u00ed poskytnout zak\u00e1zkov\u00e9 designov\u00e9 slu\u017eby dle po\u017eadavk\u016f z\u00e1kazn\u00edka.<\/p>\n<h3>V\u00fdrobn\u00ed za\u0159\u00edzen\u00ed<\/h3>\n<p>Disponujeme modern\u00edm v\u00fdrobn\u00edm za\u0159\u00edzen\u00edm, jako jsou CNC obr\u00e1b\u011bc\u00ed centra, automatick\u00e9 sv\u00e1\u0159e\u010dky a brusky.<\/p>\n<h3>Poprodejn\u00ed servis<\/h3>\n<p>Poskytujeme komplexn\u00ed poprodejn\u00ed servis, v\u010detn\u011b technick\u00e9 podpory, \u00fadr\u017eby a oprav.<\/p>\n<p><img decoding=\"async\" src=\"https:\/\/www.hydraulic-cylinders.net\/wp-content\/uploads\/2025\/01\/songte-company-4.webp\" alt=\"Image spole\u010dnosti\"><\/p>\n<p><img decoding=\"async\" src=\"https:\/\/www.hydraulic-cylinders.net\/wp-content\/uploads\/2025\/01\/songte-company-3.webp\" alt=\"Image spole\u010dnosti\"><\/p>\n<p>Autor: lyl.<\/p>","protected":false},"excerpt":{"rendered":"<p>Arm Cylinder For Jonyang Small Excavator JY615E Introduction Defining Arm Cylinder The arm cylinder is a specially designed hydraulic cylinder used primarily to provide linear motion and power to various types of machinery&#8217;s arms, such as excavators, cranes, and mechanical arms. The arm cylinder plays a critical role in hydraulic systems, allowing for the effective [&hellip;]<\/p>","protected":false},"featured_media":14777,"comment_status":"open","ping_status":"closed","template":"","meta":{"_et_pb_use_builder":"","_et_pb_old_content":"","_et_gb_content_width":""},"product_brand":[],"product_cat":[1497],"product_tag":[1498,1496],"class_list":{"0":"post-16589","1":"product","2":"type-product","3":"status-publish","4":"has-post-thumbnail","6":"product_cat-arm-cylinders","7":"product_tag-arm-cylinders","8":"product_tag-hydraulic-cylinders","10":"first","11":"instock","12":"shipping-taxable","13":"product-type-simple"},"amp_enabled":true,"_links":{"self":[{"href":"https:\/\/www.hydraulic-cylinders.net\/cs\/wp-json\/wp\/v2\/product\/16589","targetHints":{"allow":["GET"]}}],"collection":[{"href":"https:\/\/www.hydraulic-cylinders.net\/cs\/wp-json\/wp\/v2\/product"}],"about":[{"href":"https:\/\/www.hydraulic-cylinders.net\/cs\/wp-json\/wp\/v2\/types\/product"}],"replies":[{"embeddable":true,"href":"https:\/\/www.hydraulic-cylinders.net\/cs\/wp-json\/wp\/v2\/comments?post=16589"}],"wp:featuredmedia":[{"embeddable":true,"href":"https:\/\/www.hydraulic-cylinders.net\/cs\/wp-json\/wp\/v2\/media\/14777"}],"wp:attachment":[{"href":"https:\/\/www.hydraulic-cylinders.net\/cs\/wp-json\/wp\/v2\/media?parent=16589"}],"wp:term":[{"taxonomy":"product_brand","embeddable":true,"href":"https:\/\/www.hydraulic-cylinders.net\/cs\/wp-json\/wp\/v2\/product_brand?post=16589"},{"taxonomy":"product_cat","embeddable":true,"href":"https:\/\/www.hydraulic-cylinders.net\/cs\/wp-json\/wp\/v2\/product_cat?post=16589"},{"taxonomy":"product_tag","embeddable":true,"href":"https:\/\/www.hydraulic-cylinders.net\/cs\/wp-json\/wp\/v2\/product_tag?post=16589"}],"curies":[{"name":"wp","href":"https:\/\/api.w.org\/{rel}","templated":true}]}}