{"id":16592,"date":"2025-01-21T05:36:30","date_gmt":"2025-01-21T05:36:30","guid":{"rendered":"https:\/\/www.hydraulic-cylinders.net\/product\/arm-cylinder-for-jonyang-small-excavator-jy615eld\/"},"modified":"2025-01-21T05:36:32","modified_gmt":"2025-01-21T05:36:32","slug":"arm-cylinder-for-jonyang-small-excavator-jy615eld","status":"publish","type":"product","link":"https:\/\/www.hydraulic-cylinders.net\/cs\/produkt\/arm-cylinder-for-jonyang-small-excavator-jy615eld\/","title":{"rendered":"V\u00e1lec ramene pro mal\u00e9 rypadlo Jonyang JY615ELD"},"content":{"rendered":"<h2>Zaveden\u00ed<\/h2>\n<h3>V\u00e1lec ramene pro mal\u00e9 rypadlo Jonyang JY615ELD<\/h3>\n<p>V\u00e1lec ramene je speci\u00e1ln\u011b navr\u017een\u00fd hydraulick\u00fd v\u00e1lec, kter\u00fd zaji\u0161\u0165uje line\u00e1rn\u00ed pohyb a pohon ramen r\u016fzn\u00fdch typ\u016f stroj\u016f, jako jsou bagry, je\u0159\u00e1by a mechanick\u00e1 ramena. V\u00e1lec ramene hraje kl\u00ed\u010dovou roli v hydraulick\u00e9m syst\u00e9mu, proto\u017ee umo\u017e\u0148uje efektivn\u00ed pohyb a ovl\u00e1d\u00e1n\u00ed p\u0159\u00edslu\u0161enstv\u00ed. Tyto v\u00e1lce nejen zaji\u0161\u0165uj\u00ed plynul\u00fd pohyb, ale tak\u00e9 odol\u00e1vaj\u00ed t\u011b\u017ek\u00fdm z\u00e1t\u011b\u017e\u00edm, \u010d\u00edm\u017e zaji\u0161\u0165uj\u00ed efektivn\u00ed provoz a spolehlivost stroje za r\u016fzn\u00fdch provozn\u00edch podm\u00ednek.<\/p>\n<p><img decoding=\"async\" src=\"https:\/\/www.hydraulic-cylinders.net\/wp-content\/uploads\/2025\/01\/songte-company-2.webp\" alt=\"V\u00e1lec ramene pro mal\u00e9 rypadlo Jonyang JY615ELD\"><\/p>\n<h2>Vlastnosti produktu<\/h2>\n<ul>\n<li>\n<h3>Efektivn\u00ed p\u0159enos v\u00fdkonu<\/h3>\n<p>V\u00e1lec ramene zaji\u0161\u0165uje siln\u00fd line\u00e1rn\u00ed pohyb a s\u00edlu, co\u017e zaji\u0161\u0165uje vysokou \u00fa\u010dinnost mechanick\u00e9ho ramene b\u011bhem r\u016fzn\u00fdch operac\u00ed.<\/p>\n<\/li>\n<li>\n<h3>P\u0159esn\u00e9 ovl\u00e1d\u00e1n\u00ed<\/h3>\n<p>D\u00edky hydraulick\u00e9mu syst\u00e9mu m\u016f\u017ee v\u00e1lec ramene dos\u00e1hnout p\u0159esn\u00e9ho ovl\u00e1d\u00e1n\u00ed pohybu, co\u017e zvy\u0161uje flexibilitu a p\u0159esnost ovl\u00e1d\u00e1n\u00ed p\u0159\u00edslu\u0161enstv\u00ed.<\/p>\n<\/li>\n<li>\n<h3>Vysok\u00e1 odolnost<\/h3>\n<p>V\u00e1lec ramene je obvykle vyroben z vysoce pevn\u00fdch materi\u00e1l\u016f a m\u00e1 dobrou odolnost proti opot\u0159eben\u00ed a korozi, d\u00edky \u010demu\u017e je vhodn\u00fd pro dlouhodob\u00e9 pou\u017e\u00edv\u00e1n\u00ed v n\u00e1ro\u010dn\u00fdch podm\u00ednk\u00e1ch.<\/p>\n<\/li>\n<li>\n<h3>Multifunk\u010dn\u00ed p\u0159izp\u016fsobivost<\/h3>\n<p>Tyto v\u00e1lce lze \u0161iroce pou\u017e\u00edvat v r\u016fzn\u00fdch mechanick\u00fdch za\u0159\u00edzen\u00edch, jako jsou bagry, je\u0159\u00e1by a mechanick\u00e1 ramena, aby se p\u0159izp\u016fsobily r\u016fzn\u00fdm pracovn\u00edm po\u017eadavk\u016fm.<\/p>\n<\/li>\n<li>\n<h3>Snadn\u00e1 \u00fadr\u017eba<\/h3>\n<p>Konstrukce zohled\u0148uje snadnou \u00fadr\u017ebu a v\u00fdm\u011bnu, co\u017e usnad\u0148uje pravideln\u00e9 kontroly a \u00fadr\u017ebu a zkracuje prostoje za\u0159\u00edzen\u00ed.<\/p>\n<\/li>\n<\/ul>\n<p>N\u00e1\u0161 produkt dok\u00e1\u017ee tyto hydraulick\u00e9 v\u00e1lce dokonale nahradit. <\/p>\n<p><img decoding=\"async\" src=\"https:\/\/www.hydraulic-cylinders.net\/wp-content\/uploads\/2025\/01\/songte-oil-pipes-and-spare-parts.webp\" alt=\"V\u00e1lec ramene pro mal\u00e9 rypadlo Jonyang JY615ELD\"><\/p>\n<h2>Aplikace<\/h2>\n<p>V\u00e1lec ramene se \u0161iroce pou\u017e\u00edv\u00e1 v r\u016fzn\u00fdch pr\u016fmyslov\u00fdch odv\u011btv\u00edch, a to takto:<\/p>\n<ul>\n<li>\n<h3>Stavebn\u00ed in\u017een\u00fdrstv\u00ed<\/h3>\n<p>U bagr\u016f a je\u0159\u00e1b\u016f se v\u00e1lec ramene pou\u017e\u00edv\u00e1 k ovl\u00e1d\u00e1n\u00ed pohybu l\u017e\u00edce nebo v\u00fdlo\u017en\u00edku p\u0159i prov\u00e1d\u011bn\u00ed zemn\u00edch prac\u00ed, manipulace s materi\u00e1lem a mont\u00e1\u017ee konstrukc\u00ed.<\/p>\n<\/li>\n<li>\n<h3>V\u00fdrobn\u00ed<\/h3>\n<p>V automatizovan\u00fdch v\u00fdrobn\u00edch link\u00e1ch se v\u00e1lec ramene pou\u017e\u00edv\u00e1 k pohybu mechanick\u00fdch ramen pro prov\u00e1d\u011bn\u00ed mont\u00e1\u017en\u00edch, sva\u0159ovac\u00edch a manipula\u010dn\u00edch proces\u016f, co\u017e zvy\u0161uje efektivitu a p\u0159esnost v\u00fdroby.<\/p>\n<\/li>\n<li>\n<h3>Zem\u011bd\u011blsk\u00e9 stroje<\/h3>\n<p>V zem\u011bd\u011blsk\u00fdch stroj\u00edch, jako jsou skl\u00edzec\u00ed a s\u00e1zec\u00ed stroje, v\u00e1lec ramene ovl\u00e1d\u00e1 pohyb ovl\u00e1dac\u00edho ramene pro prov\u00e1d\u011bn\u00ed \u00fakol\u016f, jako je set\u00ed, hnojen\u00ed a sklize\u0148.<\/p>\n<\/li>\n<li>\n<h3>Hornictv\u00ed<\/h3>\n<p>V t\u011b\u017eebn\u00edm za\u0159\u00edzen\u00ed se v\u00e1lec ramene pou\u017e\u00edv\u00e1 k ovl\u00e1d\u00e1n\u00ed pohybu ramene t\u011b\u017eebn\u00edho za\u0159\u00edzen\u00ed pro t\u011b\u017ebu a p\u0159epravu rudy.<\/p>\n<\/li>\n<li>\n<h3>Logistika a doprava<\/h3>\n<p>U vysokozdvi\u017en\u00fdch voz\u00edk\u016f a manipula\u010dn\u00edch robot\u016f se v\u00e1lec ramene pou\u017e\u00edv\u00e1 k ovl\u00e1d\u00e1n\u00ed zved\u00e1n\u00ed a pohybu vidlice pro manipulaci a stohov\u00e1n\u00ed materi\u00e1l\u016f.<\/p>\n<\/li>\n<\/ul>\n<h2>\u00davahy o n\u00e1vrhu a standardy v\u00fdb\u011bru<\/h2>\n<ul>\n<li>\n<h3>\u00danosnost<\/h3>\n<p>V\u00e1lec ramene mus\u00ed m\u00edt dostate\u010dnou nosnost, aby byl zaji\u0161t\u011bn norm\u00e1ln\u00ed provoz mechanick\u00e9ho ramene.<\/p>\n<\/li>\n<li>\n<h3>T\u011bsnic\u00ed v\u00fdkon<\/h3>\n<p>V\u00e1lec ramene pou\u017e\u00edv\u00e1 r\u016fzn\u00e9 t\u011bsnic\u00ed komponenty, jako jsou t\u011bsn\u011bn\u00ed p\u00edstu a t\u011bsn\u011bn\u00ed p\u00edstnice vyroben\u00e9 z materi\u00e1l\u016f odoln\u00fdch proti opot\u0159eben\u00ed, jako je polyuretan a nitrilov\u00e1 pry\u017e, aby byl zaji\u0161t\u011bn vynikaj\u00edc\u00ed t\u011bsnic\u00ed v\u00fdkon.<\/p>\n<\/li>\n<li>\n<h3>Trvanlivost<\/h3>\n<p>T\u011bleso v\u00e1lce a z\u00e1vitov\u00fd konec proch\u00e1zej\u00ed jemn\u00fdm opracov\u00e1n\u00edm pro zlep\u0161en\u00ed odolnosti proti opot\u0159eben\u00ed. Pro zaji\u0161t\u011bn\u00ed dlouhodob\u00e9 \u017eivotnosti ramene v\u00e1lce jsou pou\u017eity vysoce pevn\u00e9 materi\u00e1ly.<\/p>\n<\/li>\n<li>\n<h3>Bezpe\u010dnost a \u00fadr\u017eba<\/h3>\n<p>V\u00e1lec ramene je navr\u017een s ohledem na bezpe\u010dnost, jako je instalace pojistn\u00fdch ventil\u016f, kter\u00e9 zabra\u0148uj\u00ed p\u0159et\u00ed\u017een\u00ed. Konstrukce tak\u00e9 zohled\u0148uje snadnou \u00fadr\u017ebu a v\u00fdm\u011bnu sou\u010d\u00e1st\u00ed.<\/p>\n<\/li>\n<\/ul>\n<p><img decoding=\"async\" src=\"https:\/\/www.hydraulic-cylinders.net\/wp-content\/uploads\/2025\/01\/songte-cylinder-head-with-all-kinds-excavator-models.webp\" alt=\"V\u00e1lec ramene pro mal\u00e9 rypadlo Jonyang JY615ELD\"><\/p>\n<h2>T\u011bsn\u011bn\u00ed a maz\u00e1n\u00ed<\/h2>\n<p>V\u00e1lec ramene pou\u017e\u00edv\u00e1 r\u016fzn\u00e9 t\u011bsnic\u00ed komponenty, jako jsou t\u011bsn\u011bn\u00ed p\u00edstu, t\u011bsn\u011bn\u00ed p\u00edstnice a opot\u0159ebiteln\u00e9 krou\u017eky, vyroben\u00e9 z materi\u00e1l\u016f odoln\u00fdch proti opot\u0159eben\u00ed, jako je polyuretan a nitrilov\u00e1 pry\u017e, aby byl zaji\u0161t\u011bn vynikaj\u00edc\u00ed t\u011bsnic\u00ed v\u00fdkon. T\u011bleso v\u00e1lce a z\u00e1vitov\u00fd konec proch\u00e1zej\u00ed jemn\u00fdm opracov\u00e1n\u00edm pro zlep\u0161en\u00ed odolnosti proti opot\u0159eben\u00ed. Pravideln\u00e9 p\u0159id\u00e1v\u00e1n\u00ed hydraulick\u00e9ho oleje m\u016f\u017ee zajistit maz\u00e1n\u00ed v\u00e1lce ramene.<\/p>\n<p><img decoding=\"async\" src=\"https:\/\/www.hydraulic-cylinders.net\/wp-content\/uploads\/2025\/01\/songte-chushion-collar.webp\" alt=\"V\u00e1lec ramene pro mal\u00e9 rypadlo Jonyang JY615ELD\"><\/p>\n<h2>\u00dadr\u017eba a odstra\u0148ov\u00e1n\u00ed probl\u00e9m\u016f<\/h2>\n<p>Pravideln\u00e1 kontrola a preventivn\u00ed \u00fadr\u017eba mohou pomoci minimalizovat potenci\u00e1ln\u00ed probl\u00e9my a prodlou\u017eit \u017eivotnost v\u00e1lce ramene. Mezi b\u011b\u017en\u00e9 probl\u00e9my a metody jejich \u0159e\u0161en\u00ed pat\u0159\u00ed:<\/p>\n<ul>\n<li>\n<h3>\u00danik<\/h3>\n<p>P\u0159\u00ed\u010dinou \u00faniku m\u016f\u017ee b\u00fdt po\u0161kozen\u00ed t\u011bsnic\u00edch sou\u010d\u00e1st\u00ed. Je nutn\u00e9 v\u010das vym\u011bnit po\u0161kozen\u00e9 d\u00edly nebo se\u0159\u00eddit matici hlavy v\u00e1lc\u016f, aby se zajistil dobr\u00fd kontakt t\u011bsnic\u00edch sou\u010d\u00e1st\u00ed s t\u011blesem v\u00e1lce.<\/p>\n<\/li>\n<li>\n<h3>Abnorm\u00e1ln\u00ed hluk<\/h3>\n<p>P\u0159\u00ed\u010dinou abnorm\u00e1ln\u00edho hluku m\u016f\u017ee b\u00fdt nedostate\u010dn\u00e9 maz\u00e1n\u00ed nebo po\u0161kozen\u00ed p\u00edstu \u010di ty\u010de. Je nutn\u00e9 v\u010das doplnit mazac\u00ed olej nebo vym\u011bnit po\u0161kozen\u00e9 d\u00edly.<\/p>\n<\/li>\n<li>\n<h3>\u0160patn\u00fd pohyb<\/h3>\n<p>P\u0159\u00ed\u010dinou \u0161patn\u00e9ho pohybu m\u016f\u017ee b\u00fdt nedostate\u010dn\u00fd tlak nebo po\u0161kozen\u00ed hydraulick\u00e9ho syst\u00e9mu. Pro zaji\u0161t\u011bn\u00ed norm\u00e1ln\u00edho provozu je nutn\u00e9 v\u010das upravit tlak nebo hydraulick\u00fd syst\u00e9m opravit.<\/p>\n<\/li>\n<\/ul>\n<p>Preventivn\u00ed opat\u0159en\u00ed zahrnuj\u00ed pravidelnou kontrolu a \u00fadr\u017ebu, v\u010dasnou v\u00fdm\u011bnu po\u0161kozen\u00fdch d\u00edl\u016f a spr\u00e1vn\u00e9 pou\u017e\u00edv\u00e1n\u00ed a skladov\u00e1n\u00ed.<\/p>\n<h2>Instala\u010dn\u00ed p\u0159\u00edru\u010dka<\/h2>\n<p>P\u0159ed instalac\u00ed zkontrolujte mont\u00e1\u017en\u00ed rozm\u011bry a vyberte vhodn\u00fd zp\u016fsob instalace. B\u011bhem instalace se ujist\u011bte, \u017ee je rameno v\u00e1lce spr\u00e1vn\u011b nainstalov\u00e1no a t\u011bsnic\u00ed komponenty jsou v dobr\u00e9m kontaktu s t\u011blesem v\u00e1lce. Po instalaci prove\u010fte tlakovou zkou\u0161ku, abyste zkontrolovali t\u011bsnost nebo jin\u00e9 probl\u00e9my. Podrobn\u011bj\u0161\u00ed pokyny k instalaci naleznete v instala\u010dn\u00ed p\u0159\u00edru\u010dce.<\/p>\n<p><img decoding=\"async\" src=\"https:\/\/www.hydraulic-cylinders.net\/wp-content\/uploads\/2025\/01\/songte-bushings-with-all-kinds-of-excavator-models.webp\" alt=\"V\u00e1lec ramene pro mal\u00e9 rypadlo Jonyang JY615ELD\"><\/p>\n<h2>O n\u00e1s<\/h2>\n<p>Jsme profesion\u00e1ln\u00ed v\u00fdrobce alternativn\u00edch hydraulick\u00fdch v\u00e1lc\u016f s \u0161irokou \u0161k\u00e1lou produkt\u016f a stali jsme se jedn\u00edm z p\u0159edn\u00edch v\u00fdrobc\u016f a velkoobchodn\u00edch distributor\u016f hydraulick\u00fdch v\u00e1lc\u016f na dom\u00e1c\u00edm i mezin\u00e1rodn\u00edm trhu. V\u017edy se dr\u017e\u00edme principu excelence v kvalit\u011b, spol\u00e9h\u00e1me na strategii \u0159\u00edzen\u00ed pr\u016fmyslov\u00e9 v\u00fdroby v jemn\u00fdch v\u00fdrobn\u00edch d\u00edln\u00e1ch a neust\u00e1le zlep\u0161ujeme na\u0161i technickou \u00farove\u0148 a efektivitu v\u00fdroby. Zav\u00e1d\u011bn\u00edm \u0161pi\u010dkov\u00e9ho digit\u00e1ln\u00edho v\u00fdrobn\u00edho za\u0159\u00edzen\u00ed a profesion\u00e1ln\u00edch testovac\u00edch syst\u00e9m\u016f neust\u00e1le optimalizujeme v\u00fdrobn\u00ed platformu, zlep\u0161ujeme proces kontroly kvality v\u00fdrobk\u016f a m\u00e1me siln\u00e9 inova\u010dn\u00ed schopnosti. Na\u0161\u00edm c\u00edlem je uspokojovat rozmanit\u00e9 pot\u0159eby z\u00e1kazn\u00edk\u016f s vysokou efektivitou, p\u0159esnost\u00ed a principy vysok\u00e9 kvality.<\/p>\n<p><img decoding=\"async\" src=\"https:\/\/www.hydraulic-cylinders.net\/wp-content\/uploads\/2025\/01\/songte-company-4.webp\" alt=\"O n\u00e1s\"><\/p>\n<h3>Na\u0161e v\u00fdhody<\/h3>\n<ul>\n<li>\n<p>Profesionalita: M\u00e1me profesion\u00e1ln\u00ed t\u00fdm a modern\u00ed v\u00fdrobn\u00ed za\u0159\u00edzen\u00ed, abychom z\u00e1kazn\u00edk\u016fm poskytli vysoce kvalitn\u00ed hydraulick\u00e9 v\u00e1lce.<\/p>\n<\/li>\n<li>\n<p>Mezin\u00e1rodn\u00ed certifikace: Na\u0161e v\u00fdrobky z\u00edskaly certifikaci syst\u00e9mu managementu jakosti ISO9001: 2015 a certifikaci CE, co\u017e zaji\u0161\u0165uje kvalitu a bezpe\u010dnost v\u00fdrobk\u016f.<\/p>\n<\/li>\n<li>\n<p>Slu\u017eba p\u0159izp\u016fsoben\u00ed: Hydraulick\u00e9 v\u00e1lce m\u016f\u017eeme p\u0159izp\u016fsobit po\u017eadavk\u016fm z\u00e1kazn\u00edka tak, aby spl\u0148ovaly pot\u0159eby r\u016fzn\u00fdch aplikac\u00ed.<\/p>\n<\/li>\n<li>\n<p>V\u00fdrobn\u00ed za\u0159\u00edzen\u00ed: Disponujeme modern\u00edm v\u00fdrobn\u00edm za\u0159\u00edzen\u00edm, v\u010detn\u011b CNC obr\u00e1b\u011bc\u00edch center, CNC soustruh\u016f a dal\u0161\u00edch p\u0159esn\u00fdch obr\u00e1b\u011bc\u00edch za\u0159\u00edzen\u00ed, abychom zajistili kvalitu v\u00fdrobk\u016f a efektivitu v\u00fdroby.<\/p>\n<\/li>\n<li>\n<p>Poprodejn\u00ed servis: N\u00e1\u0161 profesion\u00e1ln\u00ed t\u00fdm poprodejn\u00edch slu\u017eeb poskytuje z\u00e1kazn\u00edk\u016fm v\u010dasn\u00fd a efektivn\u00ed poprodejn\u00ed servis a zaji\u0161\u0165uje tak jejich spokojenost.<\/p>\n<\/li>\n<\/ul>\n<p><img decoding=\"async\" src=\"https:\/\/www.hydraulic-cylinders.net\/wp-content\/uploads\/2025\/01\/songte-company-3.webp\" alt=\"O n\u00e1s\"><\/p>\n<p>Autor: lyl<\/p>","protected":false},"excerpt":{"rendered":"<p>Introduction Arm Cylinder for Jonyang Small Excavator JY615ELD The arm cylinder is a specially designed hydraulic cylinder that provides linear movement and power to the arms of various types of machinery, such as excavators, cranes, and mechanical arms. The arm cylinder plays a critical role in the hydraulic system, enabling attachments or accessories to move [&hellip;]<\/p>","protected":false},"featured_media":14770,"comment_status":"open","ping_status":"closed","template":"","meta":{"_et_pb_use_builder":"","_et_pb_old_content":"","_et_gb_content_width":""},"product_brand":[],"product_cat":[1497],"product_tag":[1498,1496],"class_list":{"0":"post-16592","1":"product","2":"type-product","3":"status-publish","4":"has-post-thumbnail","6":"product_cat-arm-cylinders","7":"product_tag-arm-cylinders","8":"product_tag-hydraulic-cylinders","10":"first","11":"instock","12":"shipping-taxable","13":"product-type-simple"},"amp_enabled":true,"_links":{"self":[{"href":"https:\/\/www.hydraulic-cylinders.net\/cs\/wp-json\/wp\/v2\/product\/16592","targetHints":{"allow":["GET"]}}],"collection":[{"href":"https:\/\/www.hydraulic-cylinders.net\/cs\/wp-json\/wp\/v2\/product"}],"about":[{"href":"https:\/\/www.hydraulic-cylinders.net\/cs\/wp-json\/wp\/v2\/types\/product"}],"replies":[{"embeddable":true,"href":"https:\/\/www.hydraulic-cylinders.net\/cs\/wp-json\/wp\/v2\/comments?post=16592"}],"wp:featuredmedia":[{"embeddable":true,"href":"https:\/\/www.hydraulic-cylinders.net\/cs\/wp-json\/wp\/v2\/media\/14770"}],"wp:attachment":[{"href":"https:\/\/www.hydraulic-cylinders.net\/cs\/wp-json\/wp\/v2\/media?parent=16592"}],"wp:term":[{"taxonomy":"product_brand","embeddable":true,"href":"https:\/\/www.hydraulic-cylinders.net\/cs\/wp-json\/wp\/v2\/product_brand?post=16592"},{"taxonomy":"product_cat","embeddable":true,"href":"https:\/\/www.hydraulic-cylinders.net\/cs\/wp-json\/wp\/v2\/product_cat?post=16592"},{"taxonomy":"product_tag","embeddable":true,"href":"https:\/\/www.hydraulic-cylinders.net\/cs\/wp-json\/wp\/v2\/product_tag?post=16592"}],"curies":[{"name":"wp","href":"https:\/\/api.w.org\/{rel}","templated":true}]}}