{"id":16597,"date":"2025-01-21T05:36:49","date_gmt":"2025-01-21T05:36:49","guid":{"rendered":"https:\/\/www.hydraulic-cylinders.net\/product\/arm-cylinder-for-jcm-small-excavator-907d\/"},"modified":"2025-01-21T05:36:51","modified_gmt":"2025-01-21T05:36:51","slug":"arm-cylinder-for-jcm-small-excavator-907d","status":"publish","type":"product","link":"https:\/\/www.hydraulic-cylinders.net\/cs\/produkt\/arm-cylinder-for-jcm-small-excavator-907d\/","title":{"rendered":"V\u00e1lec ramene pro mal\u00e9 rypadlo JCM 907D"},"content":{"rendered":"<h1>V\u00e1lec ramene pro mal\u00e9 rypadlo JCM 907D<\/h1>\n<h2>Zaveden\u00ed<\/h2>\n<h3>Definice<\/h3>\n<p>Hydraulick\u00fd v\u00e1lec ramene je speci\u00e1ln\u011b navr\u017een\u00fd hydraulick\u00fd v\u00e1lec, kter\u00fd poskytuje line\u00e1rn\u00ed pohyb a s\u00edlu ramen\u016fm r\u016fzn\u00fdch typ\u016f stroj\u016f, jako jsou bagry, je\u0159\u00e1by a mechanick\u00e1 ramena. V\u00e1lec ramene hraje kl\u00ed\u010dovou roli v hydraulick\u00fdch syst\u00e9mech, proto\u017ee umo\u017e\u0148uje efektivn\u00ed pohyb a ovl\u00e1d\u00e1n\u00ed p\u0159\u00edslu\u0161enstv\u00ed. Tyto v\u00e1lce nejen\u017ee zaji\u0161\u0165uj\u00ed plynul\u00fd pohyb, ale tak\u00e9 odol\u00e1vaj\u00ed t\u011b\u017ek\u00fdm z\u00e1t\u011b\u017e\u00edm, \u010d\u00edm\u017e zaji\u0161\u0165uj\u00ed efektivn\u00ed provoz a spolehlivost stroj\u016f za r\u016fzn\u00fdch pracovn\u00edch podm\u00ednek.<\/p>\n<p><img decoding=\"async\" src=\"https:\/\/www.hydraulic-cylinders.net\/wp-content\/uploads\/2025\/01\/songte-company-2.webp\"\/><\/p>\n<h2>Funkce<\/h2>\n<p>V\u00e1lce ramen maj\u00ed n\u011bkolik vlastnost\u00ed, d\u00edky nim\u017e jsou efektivn\u00ed a spolehliv\u00e9 v r\u016fzn\u00fdch aplikac\u00edch. Mezi tyto vlastnosti pat\u0159\u00ed:<\/p>\n<ul>\n<li><strong>Vysoce \u00fa\u010dinn\u00fd p\u0159enos:<\/strong> V\u00e1lce ramen zaji\u0161\u0165uj\u00ed siln\u00fd line\u00e1rn\u00ed pohyb a s\u00edlu, co\u017e zaji\u0161\u0165uje vysok\u00fd v\u00fdkon ramen stroj\u016f b\u011bhem r\u016fzn\u00fdch operac\u00ed.<\/li>\n<li><strong>P\u0159esn\u00e9 ovl\u00e1d\u00e1n\u00ed:<\/strong> D\u00edky hydraulick\u00fdm syst\u00e9m\u016fm mohou v\u00e1lce ramen dos\u00e1hnout p\u0159esn\u00e9ho \u0159\u00edzen\u00ed pohybu, co\u017e zvy\u0161uje flexibilitu a p\u0159esnost ovl\u00e1d\u00e1n\u00ed p\u0159\u00edslu\u0161enstv\u00ed.<\/li>\n<li><strong>Trvanlivost:<\/strong> V\u00e1lce ramen jsou obvykle vyrobeny z vysoce pevn\u00fdch materi\u00e1l\u016f, kter\u00e9 maj\u00ed dobrou odolnost proti opot\u0159eben\u00ed a korozi, d\u00edky \u010demu\u017e jsou vhodn\u00e9 pro dlouhodob\u00e9 pou\u017e\u00edv\u00e1n\u00ed v n\u00e1ro\u010dn\u00fdch podm\u00ednk\u00e1ch.<\/li>\n<li><strong>Multifunk\u010dn\u00ed p\u0159izp\u016fsobivost:<\/strong> Tyto v\u00e1lce lze \u0161iroce pou\u017e\u00edvat v r\u016fzn\u00fdch typech stroj\u016f, jako jsou bagry, je\u0159\u00e1by a mechanick\u00e1 ramena, a p\u0159izp\u016fsobit se tak r\u016fzn\u00fdm po\u017eadavk\u016fm na pr\u00e1ci.<\/li>\n<li><strong>Snadn\u00e1 \u00fadr\u017eba:<\/strong> Konstrukce zohled\u0148uje snadnou \u00fadr\u017ebu a v\u00fdm\u011bnu, co\u017e usnad\u0148uje pravideln\u00e9 kontroly a \u00fadr\u017ebu a zkracuje prostoje za\u0159\u00edzen\u00ed.<\/li>\n<\/ul>\n<p><img decoding=\"async\" src=\"https:\/\/www.hydraulic-cylinders.net\/wp-content\/uploads\/2025\/01\/songte-oil-pipes-and-spare-parts.webp\"\/><\/p>\n<h2>Aplikace<\/h2>\n<p>V\u00e1lce ramen se \u0161iroce pou\u017e\u00edvaj\u00ed v r\u016fzn\u00fdch pr\u016fmyslov\u00fdch odv\u011btv\u00edch a aplikac\u00edch, v\u010detn\u011b:<\/p>\n<ul>\n<li><strong>Konstrukce:<\/strong> U bagr\u016f a je\u0159\u00e1b\u016f se v\u00e1lce ramen pou\u017e\u00edvaj\u00ed k ovl\u00e1d\u00e1n\u00ed pohybu l\u017e\u00edc nebo v\u00fdlo\u017en\u00edk\u016f pro zemn\u00ed pr\u00e1ce, manipulaci s materi\u00e1lem a mont\u00e1\u017e konstrukc\u00ed.<\/li>\n<li><strong>V\u00fdrobn\u00ed:<\/strong> V automatizovan\u00fdch v\u00fdrobn\u00edch link\u00e1ch se v\u00e1lce ramen pou\u017e\u00edvaj\u00ed k pohybu mechanick\u00fdch ramen b\u011bhem mont\u00e1\u017en\u00edch, sva\u0159ovac\u00edch a manipula\u010dn\u00edch proces\u016f, co\u017e zvy\u0161uje efektivitu a p\u0159esnost v\u00fdroby.<\/li>\n<li><strong>Zem\u011bd\u011blsk\u00e9 stroje:<\/strong> V zem\u011bd\u011blsk\u00fdch stroj\u00edch, jako jsou skl\u00edzec\u00ed a sec\u00ed stroje, ovl\u00e1daj\u00ed v\u00e1lce ramen pohyb ovl\u00e1dac\u00edch ramen a prov\u00e1d\u011bj\u00ed \u00fakoly, jako je set\u00ed, hnojen\u00ed a sklize\u0148.<\/li>\n<li><strong>Hornictv\u00ed:<\/strong> V t\u011b\u017eebn\u00edch za\u0159\u00edzen\u00edch se v\u00e1lce ramen pou\u017e\u00edvaj\u00ed k ovl\u00e1d\u00e1n\u00ed pohybu ramen t\u011b\u017eebn\u00edho za\u0159\u00edzen\u00ed pro t\u011b\u017ebu a p\u0159epravu rudy.<\/li>\n<li><strong>Logistika a doprava:<\/strong> U vysokozdvi\u017en\u00fdch voz\u00edk\u016f a manipula\u010dn\u00edch robot\u016f se v\u00e1lce ramen pou\u017e\u00edvaj\u00ed k ovl\u00e1d\u00e1n\u00ed zved\u00e1n\u00ed a pohybu vidlic, \u010d\u00edm\u017e se realizuje manipulace s materi\u00e1lem a jeho stohov\u00e1n\u00ed.<\/li>\n<\/ul>\n<h2>\u00davahy o n\u00e1vrhu a standardy v\u00fdb\u011bru<\/h2>\n<p>V\u00e1lce ramen maj\u00ed n\u011bkolik konstruk\u010dn\u00edch aspekt\u016f a v\u00fdb\u011brov\u00fdch norem, kter\u00e9 zaji\u0161\u0165uj\u00ed jejich v\u00fdkon a spolehlivost v r\u016fzn\u00fdch aplikac\u00edch. Mezi tyto aspekty a normy pat\u0159\u00ed:<\/p>\n<ul>\n<li><strong>Nosnost:<\/strong> Pro efektivn\u00ed provoz mus\u00ed b\u00fdt v\u00e1lce ramen schopny odolat hmotnosti a zat\u00ed\u017een\u00ed p\u0159\u00edslu\u0161enstv\u00ed a p\u0159\u00edslu\u0161enstv\u00ed.<\/li>\n<li><strong>T\u011bsn\u011bn\u00ed:<\/strong> V\u00e1lce ramen pou\u017e\u00edvaj\u00ed r\u016fzn\u00e9 t\u011bsnic\u00ed komponenty, jako jsou t\u011bsn\u011bn\u00ed p\u00edst\u016f a t\u011bsn\u011bn\u00ed p\u00edstnic, vyroben\u00e9 z materi\u00e1l\u016f odoln\u00fdch proti opot\u0159eben\u00ed, jako je polyuretan a nitrilov\u00e1 pry\u017e, aby byla zaji\u0161t\u011bna jejich t\u011bsnic\u00ed v\u00fdkon a \u017eivotnost.<\/li>\n<li><strong>Trvanlivost:<\/strong> V\u00e1lce ramen mus\u00ed b\u00fdt vyrobeny z vysoce pevn\u00fdch materi\u00e1l\u016f, kter\u00e9 maj\u00ed dobrou odolnost proti opot\u0159eben\u00ed a korozi, aby byla zaji\u0161t\u011bna jejich trvanlivost v n\u00e1ro\u010dn\u00fdch podm\u00ednk\u00e1ch.<\/li>\n<li><strong>Bezpe\u010dnost:<\/strong> V\u00e1lce ramen mus\u00ed spl\u0148ovat bezpe\u010dnostn\u00ed normy a m\u00edt prvky, jako jsou p\u0159etlakov\u00e9 ventily a tla\u010d\u00edtka nouzov\u00e9ho zastaven\u00ed, pro ochranu obsluhy a stroj\u016f.<\/li>\n<li><strong>\u00dadr\u017eba:<\/strong> V\u00e1lce ramen mus\u00ed b\u00fdt navr\u017eeny pro snadnou \u00fadr\u017ebu a opravy s d\u00edly, kter\u00e9 jsou snadno dostupn\u00e9 a snadno vym\u011bniteln\u00e9.<\/li>\n<\/ul>\n<p><img decoding=\"async\" src=\"https:\/\/www.hydraulic-cylinders.net\/wp-content\/uploads\/2025\/01\/songte-cylinder-head-with-all-kinds-excavator-models.webp\"\/><\/p>\n<h2>T\u011bsn\u011bn\u00ed a maz\u00e1n\u00ed<\/h2>\n<p>V\u00e1lce ramen pou\u017e\u00edvaj\u00ed r\u016fzn\u00e9 t\u011bsnic\u00ed komponenty, jako jsou t\u011bsn\u011bn\u00ed p\u00edst\u016f a p\u00edstnic, vyroben\u00e9 z materi\u00e1l\u016f odoln\u00fdch proti opot\u0159eben\u00ed, jako je polyuretan a nitrilov\u00fd kau\u010duk, aby byla zaji\u0161t\u011bna jejich t\u011bsnic\u00ed schopnost a \u017eivotnost. T\u011bleso v\u00e1lce a povrch z\u00e1vitu jsou jemn\u011b opracov\u00e1ny pro zlep\u0161en\u00ed odolnosti proti opot\u0159eben\u00ed. Pro zaji\u0161t\u011bn\u00ed jejich plynul\u00e9ho a efektivn\u00edho provozu je tak\u00e9 nutn\u00e9 je pravideln\u011b mazat vhodn\u00fdm mno\u017estv\u00edm hydraulick\u00e9ho oleje.<\/p>\n<h2>\u00dadr\u017eba a preventivn\u00ed opat\u0159en\u00ed<\/h2>\n<p>Pravideln\u00e1 kontrola a preventivn\u00ed \u00fadr\u017eba jsou z\u00e1sadn\u00ed pro zaji\u0161t\u011bn\u00ed efektivn\u00edho provozu a dlouh\u00e9 \u017eivotnosti v\u00e1lc\u016f ramen. Mezi opat\u0159en\u00ed \u00fadr\u017eby a preventivn\u00ed opat\u0159en\u00ed pat\u0159\u00ed:<\/p>\n<ul>\n<li><strong>Pravideln\u011b kontrolujte a vym\u011b\u0148ujte opot\u0159ebovan\u00e1 nebo po\u0161kozen\u00e1 t\u011bsn\u011bn\u00ed a sou\u010d\u00e1sti.<\/strong><\/li>\n<li><strong>Pravideln\u011b \u010dist\u011bte a promaz\u00e1vejte v\u00e1lec a jeho sou\u010d\u00e1sti.<\/strong><\/li>\n<li><strong>Pravideln\u011b kontrolujte hladinu a kvalitu hydraulick\u00e9ho oleje a v p\u0159\u00edpad\u011b pot\u0159eby jej vym\u011b\u0148te.<\/strong><\/li>\n<li><strong>Zkontrolujte net\u011bsnosti a neprodlen\u011b je opravte, abyste p\u0159ede\u0161li dal\u0161\u00edmu po\u0161kozen\u00ed.<\/strong><\/li>\n<li><strong>Pokud l\u00e1hev nepou\u017e\u00edv\u00e1te, skladujte ji spr\u00e1vn\u011b v \u010dist\u00e9m, such\u00e9m a bezpe\u010dn\u00e9m prost\u0159ed\u00ed.<\/strong><\/li>\n<\/ul>\n<p><img decoding=\"async\" src=\"https:\/\/www.hydraulic-cylinders.net\/wp-content\/uploads\/2025\/01\/songte-chushion-collar.webp\"\/><\/p>\n<h2>Instala\u010dn\u00ed p\u0159\u00edru\u010dka<\/h2>\n<p>Instalace v\u00e1lc\u016f ramen vy\u017eaduje pe\u010dliv\u00e9 zv\u00e1\u017een\u00ed specifikac\u00ed v\u00e1lc\u016f a po\u017eadavk\u016f na strojn\u00ed za\u0159\u00edzen\u00ed. Mezi pokyny k instalaci pat\u0159\u00ed:<\/p>\n<ul>\n<li><strong>P\u0159ed instalac\u00ed se ujist\u011bte, \u017ee jsou v\u00e1lec a jeho sou\u010d\u00e1sti \u010dist\u00e9 a bez ne\u010distot.<\/strong><\/li>\n<li><strong>Ujist\u011bte se, \u017ee je v\u00e1lec nainstalov\u00e1n ve spr\u00e1vn\u00e9 poloze a orientaci se spr\u00e1vn\u00fdm zarovn\u00e1n\u00edm mont\u00e1\u017en\u00edch otvor\u016f a \u010dep\u016f.<\/strong><\/li>\n<li><strong>Ut\u00e1hn\u011bte mont\u00e1\u017en\u00ed \u0161rouby a matice na spr\u00e1vn\u00fd utahovac\u00ed moment.<\/strong><\/li>\n<li><strong>Hydraulick\u00e9 hadice a armatury spr\u00e1vn\u011b p\u0159ipojte a ujist\u011bte se, \u017ee nejsou t\u011bsn\u00e9 ani zlomen\u00e9.<\/strong><\/li>\n<li><strong>P\u0159ed pou\u017eit\u00edm v\u00e1lce pro jakoukoli operaci jej otestujte a ujist\u011bte se, \u017ee funguje spr\u00e1vn\u011b.<\/strong><\/li>\n<\/ul>\n<h2>Bezpe\u010dnostn\u00ed aspekty a faktory prost\u0159ed\u00ed<\/h2>\n<p>V\u00e1lce s rameny mus\u00ed spl\u0148ovat bezpe\u010dnostn\u00ed normy a m\u00edt funkce, jako jsou p\u0159etlakov\u00e9 ventily a tla\u010d\u00edtka nouzov\u00e9ho zastaven\u00ed, kter\u00e9 chr\u00e1n\u00ed obsluhu a stroje. P\u0159i obsluze stroj\u016f, kter\u00e9 pou\u017e\u00edvaj\u00ed v\u00e1lce s rameny, je nezbytn\u00e9 dodr\u017eovat bezpe\u010dnostn\u00ed pokyny a p\u0159edpisy. V\u00fdkon a \u017eivotnost v\u00e1lc\u016f s rameny mohou ovlivnit tak\u00e9 faktory prost\u0159ed\u00ed, jako je teplota, vlhkost a vystaven\u00ed chemik\u00e1li\u00edm. P\u0159i v\u00fdb\u011bru a pou\u017e\u00edv\u00e1n\u00ed v\u00e1lc\u016f s rameny je d\u016fle\u017eit\u00e9 tyto faktory zv\u00e1\u017eit.<\/p>\n<h2>Odstra\u0148ov\u00e1n\u00ed probl\u00e9m\u016f a b\u011b\u017en\u00e9 probl\u00e9my<\/h2>\n<p>Mezi b\u011b\u017en\u00e9 probl\u00e9my, kter\u00e9 mohou nastat p\u0159i pou\u017e\u00edv\u00e1n\u00ed v\u00e1lc\u016f ramen, pat\u0159\u00ed net\u011bsnosti, poruchy a nespr\u00e1vn\u00e1 funkce. Pro diagnostiku a \u0159e\u0161en\u00ed t\u011bchto probl\u00e9m\u016f existuje n\u011bkolik tip\u016f a \u0159e\u0161en\u00ed:<\/p>\n<ul>\n<li><strong>Zkontrolujte t\u011bsnost a opravte nebo vym\u011b\u0148te p\u0159\u00edpadn\u00e1 po\u0161kozen\u00e1 t\u011bsn\u011bn\u00ed nebo sou\u010d\u00e1sti.<\/strong><\/li>\n<li><strong>Zkontrolujte hladinu a kvalitu hydraulick\u00e9ho oleje a v p\u0159\u00edpad\u011b pot\u0159eby jej vym\u011b\u0148te.<\/strong><\/li>\n<li><strong>Zkontrolujte v\u00e1lec, zda nen\u00ed po\u0161kozen\u00fd nebo opot\u0159ebovan\u00fd, a vym\u011b\u0148te v\u0161echny opot\u0159ebovan\u00e9 nebo po\u0161kozen\u00e9 sou\u010d\u00e1sti.<\/strong><\/li>\n<li><strong>Zkontrolujte, zda nejsou \u017e\u00e1dn\u00e9 blok\u00e1dy nebo p\u0159ek\u00e1\u017eky, a odstra\u0148te je.<\/strong><\/li>\n<li><strong>Pokud probl\u00e9m p\u0159etrv\u00e1v\u00e1 nebo je z\u00e1va\u017en\u00fd, prostudujte si n\u00e1vod k obsluze od v\u00fdrobce nebo vyhledejte odbornou pomoc.<\/strong><\/li>\n<\/ul>\n<p><img decoding=\"async\" src=\"https:\/\/www.hydraulic-cylinders.net\/wp-content\/uploads\/2025\/01\/songte-bushings-with-all-kinds-of-excavator-models.webp\"\/><\/p>\n<h2>O n\u00e1s<\/h2>\n<p>Jsme profesion\u00e1ln\u00ed v\u00fdrobce n\u00e1hradn\u00edch hydraulick\u00fdch v\u00e1lc\u016f se \u0161irokou \u0161k\u00e1lou produkt\u016f a stali jsme se jedn\u00edm z p\u0159edn\u00edch v\u00fdrobc\u016f a velkoobchodn\u00edch distributor\u016f hydraulick\u00fdch v\u00e1lc\u016f na dom\u00e1c\u00edm i mezin\u00e1rodn\u00edm trhu. V\u017edy se dr\u017e\u00edme principu vynikaj\u00edc\u00ed kvality, spol\u00e9h\u00e1me se na strategii \u0159\u00edzen\u00ed pr\u016fmyslov\u00e9 v\u00fdroby v sofistikovan\u00fdch v\u00fdrobn\u00edch d\u00edln\u00e1ch a neust\u00e1le zlep\u0161ujeme na\u0161i technickou \u00farove\u0148 a efektivitu v\u00fdroby. Zav\u00e1d\u011bn\u00edm \u0161pi\u010dkov\u00e9ho digit\u00e1ln\u00edho v\u00fdrobn\u00edho za\u0159\u00edzen\u00ed a profesion\u00e1ln\u00edch testovac\u00edch syst\u00e9m\u016f neust\u00e1le optimalizujeme na\u0161i v\u00fdrobn\u00ed platformu, zlep\u0161ujeme procesy kontroly kvality v\u00fdrobk\u016f a disponujeme siln\u00fdmi inova\u010dn\u00edmi schopnostmi. Na\u0161\u00edm c\u00edlem je uspokojovat rozmanit\u00e9 pot\u0159eby z\u00e1kazn\u00edk\u016f s vysokou efektivitou, p\u0159esnost\u00ed a principy vysok\u00e9 kvality.<\/p>\n<h2>Na\u0161e slu\u017eby<\/h2>\n<p>Na\u0161im z\u00e1kazn\u00edk\u016fm poskytujeme r\u016fzn\u00e9 slu\u017eby, v\u010detn\u011b:<\/p>\n<ul>\n<li><strong>Profesionalita:<\/strong> N\u00e1\u0161 t\u00fdm se skl\u00e1d\u00e1 ze zku\u0161en\u00fdch in\u017een\u00fdr\u016f a technik\u016f, kte\u0159\u00ed dok\u00e1\u017e\u00ed poskytnout profesion\u00e1ln\u00ed a individu\u00e1ln\u00ed \u0159e\u0161en\u00ed, kter\u00e1 spl\u0148uj\u00ed jedine\u010dn\u00e9 pot\u0159eby z\u00e1kazn\u00edka.<\/li>\n<li><strong>Mezin\u00e1rodn\u00ed certifikace:<\/strong> Na\u0161e v\u00fdrobky pro\u0161ly r\u016fzn\u00fdmi mezin\u00e1rodn\u00edmi certifikacemi, jako jsou ISO9001, CE a SGS.<\/li>\n<li><strong>P\u0159izp\u016fsoben\u00ed:<\/strong> M\u016f\u017eeme p\u0159izp\u016fsobit produkty specifick\u00fdm po\u017eadavk\u016fm z\u00e1kazn\u00edka, jako je velikost, tlak a materi\u00e1l.<\/li>\n<li><strong>V\u00fdrobn\u00ed za\u0159\u00edzen\u00ed:<\/strong> Pou\u017e\u00edv\u00e1me modern\u00ed v\u00fdrobn\u00ed za\u0159\u00edzen\u00ed a procesy, abychom zajistili vysokou kvalitu a p\u0159esnost na\u0161ich produkt\u016f.<\/li>\n<li><strong>Poprodejn\u00ed servis:<\/strong> Poskytujeme komplexn\u00ed poprodejn\u00ed slu\u017eby, jako je \u00fadr\u017eba, opravy a technick\u00e1 podpora, abychom zajistili spokojenost z\u00e1kazn\u00edk\u016f.<\/li>\n<\/ul>\n<p><img decoding=\"async\" src=\"https:\/\/www.hydraulic-cylinders.net\/wp-content\/uploads\/2025\/01\/songte-company-4.webp\"\/><br \/>\n<img decoding=\"async\" src=\"https:\/\/www.hydraulic-cylinders.net\/wp-content\/uploads\/2025\/01\/songte-company-3.webp\"\/><\/p>\n<p>Autor: lyl<\/p>","protected":false},"excerpt":{"rendered":"<p>Arm Cylinder For JCM Small Excavator 907D Introduction Definition An arm cylinder is a specially designed hydraulic cylinder that provides linear motion and power to the arms of various types of machinery, such as excavators, cranes, and mechanical arms. The arm cylinder plays a crucial role in hydraulic systems, allowing attachments or accessories to move [&hellip;]<\/p>","protected":false},"featured_media":14783,"comment_status":"open","ping_status":"closed","template":"","meta":{"_et_pb_use_builder":"","_et_pb_old_content":"","_et_gb_content_width":""},"product_brand":[],"product_cat":[1497],"product_tag":[1498,1496],"class_list":{"0":"post-16597","1":"product","2":"type-product","3":"status-publish","4":"has-post-thumbnail","6":"product_cat-arm-cylinders","7":"product_tag-arm-cylinders","8":"product_tag-hydraulic-cylinders","10":"first","11":"instock","12":"shipping-taxable","13":"product-type-simple"},"amp_enabled":true,"_links":{"self":[{"href":"https:\/\/www.hydraulic-cylinders.net\/cs\/wp-json\/wp\/v2\/product\/16597","targetHints":{"allow":["GET"]}}],"collection":[{"href":"https:\/\/www.hydraulic-cylinders.net\/cs\/wp-json\/wp\/v2\/product"}],"about":[{"href":"https:\/\/www.hydraulic-cylinders.net\/cs\/wp-json\/wp\/v2\/types\/product"}],"replies":[{"embeddable":true,"href":"https:\/\/www.hydraulic-cylinders.net\/cs\/wp-json\/wp\/v2\/comments?post=16597"}],"wp:featuredmedia":[{"embeddable":true,"href":"https:\/\/www.hydraulic-cylinders.net\/cs\/wp-json\/wp\/v2\/media\/14783"}],"wp:attachment":[{"href":"https:\/\/www.hydraulic-cylinders.net\/cs\/wp-json\/wp\/v2\/media?parent=16597"}],"wp:term":[{"taxonomy":"product_brand","embeddable":true,"href":"https:\/\/www.hydraulic-cylinders.net\/cs\/wp-json\/wp\/v2\/product_brand?post=16597"},{"taxonomy":"product_cat","embeddable":true,"href":"https:\/\/www.hydraulic-cylinders.net\/cs\/wp-json\/wp\/v2\/product_cat?post=16597"},{"taxonomy":"product_tag","embeddable":true,"href":"https:\/\/www.hydraulic-cylinders.net\/cs\/wp-json\/wp\/v2\/product_tag?post=16597"}],"curies":[{"name":"wp","href":"https:\/\/api.w.org\/{rel}","templated":true}]}}