{"id":16601,"date":"2025-01-21T05:37:04","date_gmt":"2025-01-21T05:37:04","guid":{"rendered":"https:\/\/www.hydraulic-cylinders.net\/product\/arm-cylinder-for-jcm-middle-excavator-922d\/"},"modified":"2025-01-21T05:37:06","modified_gmt":"2025-01-21T05:37:06","slug":"arm-cylinder-for-jcm-middle-excavator-922d","status":"publish","type":"product","link":"https:\/\/www.hydraulic-cylinders.net\/cs\/produkt\/arm-cylinder-for-jcm-middle-excavator-922d\/","title":{"rendered":"V\u00e1lec ramene pro st\u0159edn\u00ed bagr JCM 922D"},"content":{"rendered":"<h1>V\u00e1lec ramene pro st\u0159edn\u00ed bagr JCM 922D<\/h1>\n<h2>Zaveden\u00ed<\/h2>\n<h3>Definice<\/h3>\n<p>Hydraulick\u00fd v\u00e1lec ramene je specializovan\u00fd hydraulick\u00fd v\u00e1lec, kter\u00fd se pou\u017e\u00edv\u00e1 hlavn\u011b k zaji\u0161t\u011bn\u00ed line\u00e1rn\u00edho pohybu a v\u00fdkonu ramen r\u016fzn\u00fdch stroj\u016f, jako jsou bagry, je\u0159\u00e1by a robotick\u00e1 ramena. V\u00e1lec ramene hraje kl\u00ed\u010dovou roli v hydraulick\u00e9m syst\u00e9mu, proto\u017ee umo\u017e\u0148uje efektivn\u00ed pohyb a ovl\u00e1d\u00e1n\u00ed dal\u0161\u00edch n\u00e1stroj\u016f nebo p\u0159\u00edslu\u0161enstv\u00ed. Tyto v\u00e1lce nejen\u017ee zaji\u0161\u0165uj\u00ed plynul\u00fd a efektivn\u00ed pohyb, ale tak\u00e9 odol\u00e1vaj\u00ed t\u011b\u017ek\u00fdm z\u00e1t\u011b\u017e\u00edm, \u010d\u00edm\u017e zaji\u0161\u0165uj\u00ed efektivn\u00ed provoz a spolehlivost stroj\u016f v r\u016fzn\u00fdch provozn\u00edch podm\u00ednk\u00e1ch.<\/p>\n<p><img decoding=\"async\" src=\"https:\/\/www.hydraulic-cylinders.net\/wp-content\/uploads\/2025\/01\/songte-company-2.webp\" alt=\"Obr\u00e1zek v\u00e1lce ramene\"><\/p>\n<h2>Funkce<\/h2>\n<ul>\n<li>\n<h3>Efektivn\u00ed p\u0159enos v\u00fdkonu<\/h3>\n<p>V\u00e1lec ramene poskytuje siln\u00fd line\u00e1rn\u00ed pohyb a s\u00edlu, co\u017e zaji\u0161\u0165uje vysok\u00fd v\u00fdkon robotick\u00e9ho ramene v r\u016fzn\u00fdch operac\u00edch.<\/p>\n<\/li>\n<li>\n<h3>P\u0159esn\u00e9 ovl\u00e1d\u00e1n\u00ed<\/h3>\n<p>V\u00e1lec ramene dok\u00e1\u017ee dos\u00e1hnout p\u0159esn\u00e9ho \u0159\u00edzen\u00ed pohybu pomoc\u00ed hydraulick\u00e9ho syst\u00e9mu, co\u017e umo\u017e\u0148uje flexibiln\u011bj\u0161\u00ed a p\u0159esn\u011bj\u0161\u00ed ovl\u00e1d\u00e1n\u00ed dal\u0161\u00edch n\u00e1stroj\u016f.<\/p>\n<\/li>\n<li>\n<h3>Vysok\u00e1 odolnost<\/h3>\n<p>V\u00e1lec ramene je obvykle vyroben z vysoce pevn\u00fdch materi\u00e1l\u016f a m\u00e1 dobrou odolnost proti opot\u0159eben\u00ed a korozi, je vhodn\u00fd pro dlouhodob\u00e9 pou\u017e\u00edv\u00e1n\u00ed v n\u00e1ro\u010dn\u00fdch podm\u00ednk\u00e1ch.<\/p>\n<\/li>\n<li>\n<h3>Multifunk\u010dn\u00ed p\u0159izp\u016fsobivost<\/h3>\n<p>Tyto v\u00e1lce lze \u0161iroce pou\u017e\u00edvat v r\u016fzn\u00fdch strojn\u00edch za\u0159\u00edzen\u00edch, jako jsou bagry, je\u0159\u00e1by a robotick\u00e1 ramena, a p\u0159izp\u016fsobit se tak r\u016fzn\u00fdm pracovn\u00edm pot\u0159eb\u00e1m.<\/p>\n<\/li>\n<li>\n<h3>Snadn\u00e1 \u00fadr\u017eba<\/h3>\n<p>Konstrukce zohled\u0148uje snadnou \u00fadr\u017ebu a v\u00fdm\u011bnu, co\u017e usnad\u0148uje pravideln\u00e9 kontroly a \u00fadr\u017ebu a zkracuje prostoje za\u0159\u00edzen\u00ed.<\/p>\n<\/li>\n<\/ul>\n<p>Tento produkt dok\u00e1\u017eeme vyrobit a n\u00e1\u0161 produkt dok\u00e1\u017ee dokonale nahradit tyto hydraulick\u00e9 v\u00e1lce.<\/p>\n<p><img decoding=\"async\" src=\"https:\/\/www.hydraulic-cylinders.net\/wp-content\/uploads\/2025\/01\/songte-oil-pipes-and-spare-parts.webp\" alt=\"Obr\u00e1zek n\u00e1hradn\u00edch d\u00edl\u016f hydraulick\u00e9ho v\u00e1lce\"><\/p>\n<h2>Aplikace<\/h2>\n<ul>\n<li>\n<h3>Stavebn\u00ed in\u017een\u00fdrstv\u00ed<\/h3>\n<p>V\u00e1lce ramen se pou\u017e\u00edvaj\u00ed k ovl\u00e1d\u00e1n\u00ed pohybu l\u017e\u00edc nebo v\u00fdlo\u017en\u00edk\u016f v bagrech a je\u0159\u00e1bech, k prov\u00e1d\u011bn\u00ed zemn\u00edch prac\u00ed, manipulace s materi\u00e1lem a mont\u00e1\u017ee konstrukc\u00ed.<\/p>\n<\/li>\n<li>\n<h3>Zpracovatelsk\u00fd pr\u016fmysl<\/h3>\n<p>V\u00e1lce ramen se pou\u017e\u00edvaj\u00ed p\u0159i pohybu robotick\u00fdch ramen v automatizovan\u00fdch v\u00fdrobn\u00edch link\u00e1ch, p\u0159i mont\u00e1\u017en\u00edch, sva\u0159ovac\u00edch a manipula\u010dn\u00edch procesech, \u010d\u00edm\u017e se zlep\u0161uje efektivita a p\u0159esnost v\u00fdroby.<\/p>\n<\/li>\n<li>\n<h3>Zem\u011bd\u011blsk\u00e9 stroje<\/h3>\n<p>V\u00e1lce ramen ovl\u00e1daj\u00ed pohyb ovl\u00e1dac\u00edch ramen v zem\u011bd\u011blsk\u00fdch stroj\u00edch, jako jsou skl\u00edzec\u00ed a sec\u00ed stroje, a prov\u00e1d\u011bj\u00ed \u00fakoly, jako je set\u00ed, hnojen\u00ed a sklize\u0148.<\/p>\n<\/li>\n<li>\n<h3>Hornictv\u00ed<\/h3>\n<p>V\u00e1lce ramen se pou\u017e\u00edvaj\u00ed k ovl\u00e1d\u00e1n\u00ed pohybu ramen t\u011b\u017eebn\u00edho za\u0159\u00edzen\u00ed, k prov\u00e1d\u011bn\u00ed t\u011b\u017eebn\u00edch a p\u0159epravn\u00edch \u00fakol\u016f rudy.<\/p>\n<\/li>\n<li>\n<h3>Logistika a doprava<\/h3>\n<p>V\u00e1lce ramen se pou\u017e\u00edvaj\u00ed k ovl\u00e1d\u00e1n\u00ed zved\u00e1n\u00ed a pohybu vidlic ve vysokozdvi\u017en\u00fdch voz\u00edkech a manipula\u010dn\u00edch robotech, co\u017e umo\u017e\u0148uje manipulaci s materi\u00e1lem a jeho stohov\u00e1n\u00ed.<\/p>\n<\/li>\n<\/ul>\n<h2>Konstruk\u010dn\u00ed aspekty a krit\u00e9ria v\u00fdb\u011bru<\/h2>\n<ul>\n<li>\n<h3>\u00danosnost<\/h3>\n<p>V\u00e1lec ramene mus\u00ed m\u00edt vhodnou \u00fanosnost, kter\u00e1 by m\u011bla b\u00fdt stanovena na z\u00e1klad\u011b po\u017eadavk\u016f strojn\u00edho za\u0159\u00edzen\u00ed, ke kter\u00e9mu je namontov\u00e1n.<\/p>\n<\/li>\n<li>\n<h3>T\u011bsn\u011bn\u00ed<\/h3>\n<p>Volba t\u011bsnic\u00edch prvk\u016f p\u00edstu a p\u00edstnice je z\u00e1sadn\u00ed pro zaji\u0161t\u011bn\u00ed spr\u00e1vn\u00e9 funkce a dlouh\u00e9 \u017eivotnosti v\u00e1lce ramene. Polyuretanov\u00e9 a nitrilov\u00e9 pry\u017eov\u00e9 materi\u00e1ly se b\u011b\u017en\u011b pou\u017e\u00edvaj\u00ed kv\u016fli sv\u00e9 vynikaj\u00edc\u00ed odolnosti proti opot\u0159eben\u00ed a t\u011bsnic\u00edm vlastnostem.<\/p>\n<\/li>\n<li>\n<h3>Trvanlivost<\/h3>\n<p>V\u00e1lec ramene mus\u00ed b\u00fdt vyroben z vysoce pevn\u00fdch materi\u00e1l\u016f s dobrou odolnost\u00ed proti opot\u0159eben\u00ed a korozi, aby bylo zaji\u0161t\u011bno dlouhodob\u00e9 pou\u017e\u00edv\u00e1n\u00ed v n\u00e1ro\u010dn\u00fdch podm\u00ednk\u00e1ch.<\/p>\n<\/li>\n<li>\n<h3>Bezpe\u010dnost<\/h3>\n<p>V\u00e1lec ramene mus\u00ed b\u00fdt navr\u017een tak, aby se zabr\u00e1nilo nehod\u00e1m, nap\u0159\u00edklad pomoc\u00ed ochrann\u00fdch za\u0159\u00edzen\u00ed proti p\u0159et\u00ed\u017een\u00ed a pojistn\u00fdch ventil\u016f.<\/p>\n<\/li>\n<li>\n<h3>Udr\u017eovatelnost<\/h3>\n<p>Konstrukce v\u00e1lce ramene by m\u011bla zohled\u0148ovat snadnou \u00fadr\u017ebu a v\u00fdm\u011bnu, aby se zkr\u00e1tily prostoje za\u0159\u00edzen\u00ed. Pou\u017eit\u00ed kvalitn\u00edch n\u00e1hradn\u00edch d\u00edl\u016f m\u016f\u017ee tak\u00e9 prodlou\u017eit \u017eivotnost v\u00e1lce.<\/p>\n<\/li>\n<\/ul>\n<p><img decoding=\"async\" src=\"https:\/\/www.hydraulic-cylinders.net\/wp-content\/uploads\/2025\/01\/songte-cylinder-head-with-all-kinds-excavator-models.webp\" alt=\"Obr\u00e1zek hlavy v\u00e1lc\u016f\"><\/p>\n<h2>T\u011bsn\u011bn\u00ed a maz\u00e1n\u00ed<\/h2>\n<p>V\u00e1lec ramene pou\u017e\u00edv\u00e1 r\u016fzn\u00e9 t\u011bsnic\u00ed prvky, jako jsou t\u011bsnic\u00ed krou\u017eky p\u00edstu a t\u011bsnic\u00ed krou\u017eky p\u00edstnice, kter\u00e9 jsou vyrobeny z materi\u00e1l\u016f odoln\u00fdch proti opot\u0159eben\u00ed, jako je polyuretan a nitrilov\u00e1 pry\u017e. T\u011bleso v\u00e1lce a z\u00e1vitov\u00fd konec jsou p\u0159esn\u011b o\u0161et\u0159eny pro zlep\u0161en\u00ed odolnosti proti opot\u0159eben\u00ed. Pravideln\u00e9 p\u0159id\u00e1v\u00e1n\u00ed vhodn\u00e9ho hydraulick\u00e9ho oleje pro maz\u00e1n\u00ed m\u016f\u017ee zajistit plynul\u00fd pohyb v\u00e1lce a prodlou\u017eit jeho \u017eivotnost.<\/p>\n<p><img decoding=\"async\" src=\"https:\/\/www.hydraulic-cylinders.net\/wp-content\/uploads\/2025\/01\/songte-chushion-collar.webp\" alt=\"Obr\u00e1zek l\u00edmce v\u00e1lce\"><\/p>\n<h2>Inspekce a \u00fadr\u017eba<\/h2>\n<ul>\n<li>\n<h3>Pravideln\u00e1 kontrola<\/h3>\n<p>V\u00e1lec ramene by m\u011bl b\u00fdt pravideln\u011b kontrolov\u00e1n, aby byla zaji\u0161t\u011bna jeho spr\u00e1vn\u00e1 funkce a aby byly v\u010das odhaleny jak\u00e9koli z\u00e1vady nebo opot\u0159eben\u00ed, co\u017e m\u016f\u017ee p\u0159edej\u00edt nehod\u00e1m a sn\u00ed\u017eit n\u00e1klady na \u00fadr\u017ebu.<\/p>\n<\/li>\n<li>\n<h3>Preventivn\u00ed \u00fadr\u017eba<\/h3>\n<p>Preventivn\u00ed \u00fadr\u017eba by m\u011bla b\u00fdt prov\u00e1d\u011bna pravideln\u011b, aby se v\u010das vym\u011bnily opot\u0159ebovan\u00e9 nebo po\u0161kozen\u00e9 d\u00edly a zajistil se optim\u00e1ln\u00ed v\u00fdkon a \u017eivotnost v\u00e1lce ramene.<\/p>\n<\/li>\n<\/ul>\n<h2>Instala\u010dn\u00ed p\u0159\u00edru\u010dka<\/h2>\n<p>P\u0159ed instalac\u00ed zkontrolujte vhodnost v\u00e1lce ramene pro dan\u00e9 strojn\u00ed za\u0159\u00edzen\u00ed a spr\u00e1vnou mont\u00e1\u017en\u00ed polohu. Sejm\u011bte ochrann\u00fd kryt a naneste vhodn\u00e9 mno\u017estv\u00ed mazac\u00edho oleje na p\u00edstn\u00ed ty\u010d a t\u011bleso v\u00e1lce. Nainstalujte v\u00e1lec a p\u0159ipojte jej k hydraulick\u00e9mu syst\u00e9mu. Pomalu otestujte v\u00e1lec ramene, abyste se ujistili, \u017ee funguje spr\u00e1vn\u011b.<\/p>\n<p><img decoding=\"async\" src=\"https:\/\/www.hydraulic-cylinders.net\/wp-content\/uploads\/2025\/01\/songte-bushings-with-all-kinds-of-excavator-models.webp\" alt=\"Obr\u00e1zek pouzdra v\u00e1lce\"><\/p>\n<h2>Bezpe\u010dnostn\u00ed aspekty a faktory prost\u0159ed\u00ed<\/h2>\n<p>P\u0159i pou\u017e\u00edv\u00e1n\u00ed v\u00e1lce s ramenem je nutn\u00e9 dodr\u017eovat bezpe\u010dnostn\u00ed opat\u0159en\u00ed, aby se p\u0159ede\u0161lo nehod\u00e1m. Pro zaji\u0161t\u011bn\u00ed bezpe\u010dn\u00e9ho a spolehliv\u00e9ho provozu lze instalovat ochrann\u00e9 prvky proti p\u0159et\u00ed\u017een\u00ed a pojistn\u00e9 ventily. P\u0159i v\u00fdb\u011bru v\u00e1lce s ramenem je t\u0159eba zohlednit tak\u00e9 faktory prost\u0159ed\u00ed, jako je teplota a vlhkost, aby byl zaji\u0161t\u011bn optim\u00e1ln\u00ed v\u00fdkon a dlouh\u00e1 \u017eivotnost.<\/p>\n<h2>\u010cast\u00e9 z\u00e1vady a jejich \u0159e\u0161en\u00ed<\/h2>\n<ul>\n<li>\n<h3>\u00danik z v\u00e1lce<\/h3>\n<p>Toto je b\u011b\u017en\u00e1 z\u00e1vada zp\u016fsoben\u00e1 po\u0161kozen\u00edm t\u011bsnic\u00edch prvk\u016f. Po\u0161kozen\u00e1 t\u011bsn\u011bn\u00ed v\u010das vym\u011b\u0148te, abyste zabr\u00e1nili dal\u0161\u00edmu \u00faniku.<\/p>\n<\/li>\n<li>\n<h3>Oh\u00fdb\u00e1n\u00ed v\u00e1lc\u016f<\/h3>\n<p>Tato z\u00e1vada je obvykle zp\u016fsobena nadm\u011brn\u00fdm zat\u00ed\u017een\u00edm nebo koliz\u00ed. Zkontrolujte zat\u00ed\u017een\u00ed a provozn\u00ed podm\u00ednky a v\u010das vym\u011b\u0148te po\u0161kozen\u00fd v\u00e1lec.<\/p>\n<\/li>\n<li>\n<h3>Hluk v\u00e1lce<\/h3>\n<p>Tato z\u00e1vada je obvykle zp\u016fsobena vzduchem v hydraulick\u00e9m syst\u00e9mu nebo nedostate\u010dn\u00fdm maz\u00e1n\u00edm. Zkontrolujte hydraulick\u00fd syst\u00e9m a dopl\u0148te mazac\u00ed olej, abyste odstranili hluk.<\/p>\n<\/li>\n<\/ul>\n<p>Pro efektivn\u00ed diagnostiku a \u0159e\u0161en\u00ed t\u011bchto probl\u00e9m\u016f se \u0159i\u010fte pokyny v\u00fdrobce nebo se obra\u0165te na profesion\u00e1ln\u00edho technika.<\/p>\n<p><img decoding=\"async\" src=\"https:\/\/www.hydraulic-cylinders.net\/wp-content\/uploads\/2025\/01\/songte-company-4.webp\" alt=\"Image spole\u010dnosti\"><br \/>\n<img decoding=\"async\" src=\"https:\/\/www.hydraulic-cylinders.net\/wp-content\/uploads\/2025\/01\/songte-company-3.webp\" alt=\"Image spole\u010dnosti\"><\/p>\n<h2>O n\u00e1s<\/h2>\n<p>Jsme profesion\u00e1ln\u00ed v\u00fdrobce n\u00e1hradn\u00edch hydraulick\u00fdch v\u00e1lc\u016f s bohatou nab\u00eddkou produkt\u016f a stali jsme se jedn\u00edm z p\u0159edn\u00edch v\u00fdrobc\u016f a velkoobchodn\u00edch distributor\u016f hydraulick\u00fdch v\u00e1lc\u016f na dom\u00e1c\u00edm i mezin\u00e1rodn\u00edm trhu. V\u017edy se dr\u017e\u00edme principu vynikaj\u00edc\u00ed kvality, spol\u00e9h\u00e1me se na strategii industrializovan\u00e9ho \u0159\u00edzen\u00ed v\u00fdroby v rafin\u00e9rsk\u00e9 d\u00edln\u011b a neust\u00e1le zlep\u0161ujeme na\u0161i technickou \u00farove\u0148 a efektivitu v\u00fdroby. Zav\u00e1d\u011bn\u00edm \u0161pi\u010dkov\u00e9ho digit\u00e1ln\u00edho v\u00fdrobn\u00edho za\u0159\u00edzen\u00ed a profesion\u00e1ln\u00edch testovac\u00edch syst\u00e9m\u016f optimalizujeme v\u00fdrobn\u00ed platformu a zlep\u0161ujeme proces kontroly kvality v\u00fdrobk\u016f, p\u0159i\u010dem\u017e disponujeme siln\u00fdmi inova\u010dn\u00edmi schopnostmi. Na\u0161\u00edm c\u00edlem je uspokojovat rozmanit\u00e9 pot\u0159eby z\u00e1kazn\u00edk\u016f s vysokou efektivitou, p\u0159esnost\u00ed a vysokou kvalitou.<\/p>\n<ul>\n<li>\n<h3>Profesionalita<\/h3>\n<p>M\u00e1me profesion\u00e1ln\u00ed technick\u00fd person\u00e1l a modern\u00ed v\u00fdrobn\u00ed za\u0159\u00edzen\u00ed, abychom zajistili kvalitu a v\u00fdkon na\u0161ich produkt\u016f.<\/p>\n<\/li>\n<li>\n<h3>Mezin\u00e1rodn\u00ed certifikace<\/h3>\n<p>Na\u0161e v\u00fdrobky pro\u0161ly mezin\u00e1rodn\u00edmi certifikacemi, jako jsou ISO9001, CE a SGS, co\u017e zaru\u010duje jejich kvalitu a spolehlivost.<\/p>\n<\/li>\n<li>\n<h3>Slu\u017eby na m\u00edru<\/h3>\n<p>Poskytujeme slu\u017eby na m\u00edru, abychom uspokojili rozmanit\u00e9 pot\u0159eby na\u0161ich z\u00e1kazn\u00edk\u016f.<\/p>\n<\/li>\n<li>\n<h3>V\u00fdrobn\u00ed za\u0159\u00edzen\u00ed<\/h3>\n<p>Pou\u017e\u00edv\u00e1me pokro\u010dil\u00e9 digit\u00e1ln\u00ed v\u00fdrobn\u00ed za\u0159\u00edzen\u00ed, abychom zajistili p\u0159esnost a efektivitu na\u0161ich produkt\u016f.<\/p>\n<\/li>\n<li>\n<h3>Poprodejn\u00ed servis<\/h3>\n<p>Poskytujeme komplexn\u00ed poprodejn\u00ed servis, v\u010detn\u011b technick\u00e9 podpory, dod\u00e1vek n\u00e1hradn\u00edch d\u00edl\u016f a \u00fadr\u017eby.<\/p>\n<\/li>\n<\/ul>\n<p>Autor: lyl<\/p>","protected":false},"excerpt":{"rendered":"<p>Arm Cylinder For JCM Middle Excavator 922D Introduction Definition Arm cylinder is a specialized hydraulic cylinder that is mainly used to provide linear motion and power for the arms of various machinery such as excavators, cranes, and robotic arms. The arm cylinder plays a critical role in the hydraulic system, enabling the effective movement and [&hellip;]<\/p>","protected":false},"featured_media":14772,"comment_status":"open","ping_status":"closed","template":"","meta":{"_et_pb_use_builder":"","_et_pb_old_content":"","_et_gb_content_width":""},"product_brand":[],"product_cat":[1497],"product_tag":[1498,1496],"class_list":{"0":"post-16601","1":"product","2":"type-product","3":"status-publish","4":"has-post-thumbnail","6":"product_cat-arm-cylinders","7":"product_tag-arm-cylinders","8":"product_tag-hydraulic-cylinders","10":"first","11":"instock","12":"shipping-taxable","13":"product-type-simple"},"amp_enabled":true,"_links":{"self":[{"href":"https:\/\/www.hydraulic-cylinders.net\/cs\/wp-json\/wp\/v2\/product\/16601","targetHints":{"allow":["GET"]}}],"collection":[{"href":"https:\/\/www.hydraulic-cylinders.net\/cs\/wp-json\/wp\/v2\/product"}],"about":[{"href":"https:\/\/www.hydraulic-cylinders.net\/cs\/wp-json\/wp\/v2\/types\/product"}],"replies":[{"embeddable":true,"href":"https:\/\/www.hydraulic-cylinders.net\/cs\/wp-json\/wp\/v2\/comments?post=16601"}],"wp:featuredmedia":[{"embeddable":true,"href":"https:\/\/www.hydraulic-cylinders.net\/cs\/wp-json\/wp\/v2\/media\/14772"}],"wp:attachment":[{"href":"https:\/\/www.hydraulic-cylinders.net\/cs\/wp-json\/wp\/v2\/media?parent=16601"}],"wp:term":[{"taxonomy":"product_brand","embeddable":true,"href":"https:\/\/www.hydraulic-cylinders.net\/cs\/wp-json\/wp\/v2\/product_brand?post=16601"},{"taxonomy":"product_cat","embeddable":true,"href":"https:\/\/www.hydraulic-cylinders.net\/cs\/wp-json\/wp\/v2\/product_cat?post=16601"},{"taxonomy":"product_tag","embeddable":true,"href":"https:\/\/www.hydraulic-cylinders.net\/cs\/wp-json\/wp\/v2\/product_tag?post=16601"}],"curies":[{"name":"wp","href":"https:\/\/api.w.org\/{rel}","templated":true}]}}