{"id":16610,"date":"2025-01-21T05:37:43","date_gmt":"2025-01-21T05:37:43","guid":{"rendered":"https:\/\/www.hydraulic-cylinders.net\/product\/arm-cylinder-for-ihi-small-excavator-ihi40-ys\/"},"modified":"2025-01-21T05:37:44","modified_gmt":"2025-01-21T05:37:44","slug":"arm-cylinder-for-ihi-small-excavator-ihi40-ys","status":"publish","type":"product","link":"https:\/\/www.hydraulic-cylinders.net\/cs\/produkt\/arm-cylinder-for-ihi-small-excavator-ihi40-ys\/","title":{"rendered":"V\u00e1lec ramene pro mal\u00e9 rypadlo IHI IHI40\/YS"},"content":{"rendered":"<h2>V\u00e1lec ramene pro mal\u00e9 rypadlo IHI IHI40\/YS<\/h2>\n<h3>Definice a vysv\u011btlen\u00ed<\/h3>\n<p>Hydraulick\u00fd v\u00e1lec ramene je speci\u00e1ln\u011b navr\u017een\u00fd pro zaji\u0161t\u011bn\u00ed line\u00e1rn\u00edho pohybu a v\u00fdkonu ramen r\u016fzn\u00fdch stroj\u016f, jako jsou bagry, je\u0159\u00e1by a mechanick\u00e1 ramena. V\u00e1lec ramene hraje kl\u00ed\u010dovou roli v hydraulick\u00fdch syst\u00e9mech, proto\u017ee umo\u017e\u0148uje efektivn\u00ed pohyb a ovl\u00e1d\u00e1n\u00ed p\u0159\u00edslu\u0161enstv\u00ed a p\u0159\u00edslu\u0161enstv\u00ed. Tyto v\u00e1lce nejen zaji\u0161\u0165uj\u00ed plynul\u00fd pohyb, ale tak\u00e9 odol\u00e1vaj\u00ed t\u011b\u017ek\u00fdm z\u00e1t\u011b\u017e\u00edm, \u010d\u00edm\u017e zaji\u0161\u0165uj\u00ed efektivn\u00ed provoz a spolehlivost stroj\u016f za r\u016fzn\u00fdch pracovn\u00edch podm\u00ednek.<\/p>\n<p><img decoding=\"async\" src=\"https:\/\/www.hydraulic-cylinders.net\/wp-content\/uploads\/2025\/01\/songte-company-2.webp\"><\/p>\n<h3>Vlastnosti produktu<\/h3>\n<ul>\n<li>Vysoce \u00fa\u010dinn\u00fd p\u0159evod: V\u00e1lec ramene poskytuje siln\u00fd line\u00e1rn\u00ed pohyb a s\u00edlu, co\u017e zaji\u0161\u0165uje vysoce \u00fa\u010dinn\u00fd v\u00fdkon mechanick\u00e9ho ramene v r\u016fzn\u00fdch operac\u00edch.<\/li>\n<li>P\u0159esn\u00e9 ovl\u00e1d\u00e1n\u00ed: Prost\u0159ednictv\u00edm hydraulick\u00e9ho syst\u00e9mu m\u016f\u017ee v\u00e1lec ramene dos\u00e1hnout p\u0159esn\u00e9ho ovl\u00e1d\u00e1n\u00ed pohybu, co\u017e zvy\u0161uje flexibilitu a p\u0159esnost ovl\u00e1d\u00e1n\u00ed p\u0159\u00edslu\u0161enstv\u00ed.<\/li>\n<li>Vysok\u00e1 odolnost: V\u00e1lce ramen jsou obvykle vyrobeny z vysoce pevn\u00fdch materi\u00e1l\u016f s dobrou odolnost\u00ed proti opot\u0159eben\u00ed a korozi, vhodn\u00e9 pro dlouhodob\u00e9 pou\u017eit\u00ed v n\u00e1ro\u010dn\u00fdch podm\u00ednk\u00e1ch.<\/li>\n<li>Multifunk\u010dn\u00ed p\u0159izp\u016fsobivost: Tyto v\u00e1lce lze \u0161iroce pou\u017e\u00edvat v r\u016fzn\u00fdch mechanick\u00fdch za\u0159\u00edzen\u00edch, jako jsou bagry, je\u0159\u00e1by a mechanick\u00e1 ramena, aby spl\u0148ovaly r\u016fzn\u00e9 pracovn\u00ed po\u017eadavky.<\/li>\n<li>Snadn\u00e1 \u00fadr\u017eba: Konstrukce zohled\u0148uje snadnou \u00fadr\u017ebu a v\u00fdm\u011bnu, co\u017e usnad\u0148uje pravideln\u00e9 kontroly a \u00fadr\u017ebu a zkracuje prostoje za\u0159\u00edzen\u00ed.<\/li>\n<\/ul>\n<p><img decoding=\"async\" src=\"https:\/\/www.hydraulic-cylinders.net\/wp-content\/uploads\/2025\/01\/songte-oil-pipes-and-spare-parts.webp\"><\/p>\n<h3>Aplikace<\/h3>\n<p>V\u00e1lec ramene se \u0161iroce pou\u017e\u00edv\u00e1 v r\u016fzn\u00fdch oblastech:<\/p>\n<ul>\n<li>Stavebn\u00ed in\u017een\u00fdrstv\u00ed: U bagr\u016f a je\u0159\u00e1b\u016f se v\u00e1lec ramene pou\u017e\u00edv\u00e1 k ovl\u00e1d\u00e1n\u00ed pohybu l\u017e\u00edce nebo v\u00fdlo\u017en\u00edku pro zemn\u00ed pr\u00e1ce, manipulaci s materi\u00e1lem a mont\u00e1\u017e konstrukc\u00ed.<\/li>\n<li>Zpracovatelsk\u00fd pr\u016fmysl: V automatizovan\u00fdch v\u00fdrobn\u00edch link\u00e1ch se v\u00e1lec ramene pou\u017e\u00edv\u00e1 pro pohyb mechanick\u00fdch ramen, jako je mont\u00e1\u017e, sva\u0159ov\u00e1n\u00ed a manipulace, ke zlep\u0161en\u00ed efektivity a p\u0159esnosti v\u00fdroby.<\/li>\n<li>Zem\u011bd\u011blsk\u00e9 stroje: U zem\u011bd\u011blsk\u00fdch stroj\u016f, jako jsou skl\u00edze\u010de a s\u00e1zec\u00ed stroje, v\u00e1lec ramene ovl\u00e1d\u00e1 pohyb ovl\u00e1dac\u00edho ramene k prov\u00e1d\u011bn\u00ed \u00fakol\u016f, jako je s\u00e1zen\u00ed, hnojen\u00ed a sklize\u0148.<\/li>\n<li>T\u011b\u017eba: V t\u011b\u017eebn\u00edch za\u0159\u00edzen\u00edch se v\u00e1lec ramene pou\u017e\u00edv\u00e1 k ovl\u00e1d\u00e1n\u00ed pohybu ramene t\u011b\u017eebn\u00edch za\u0159\u00edzen\u00ed, jako jsou bagry, pro t\u011b\u017ebu a p\u0159epravu rud.<\/li>\n<li>Logistika a doprava: U vysokozdvi\u017en\u00fdch voz\u00edk\u016f a manipula\u010dn\u00edch robot\u016f se v\u00e1lec ramene pou\u017e\u00edv\u00e1 k ovl\u00e1d\u00e1n\u00ed zved\u00e1n\u00ed a pohybu vidlic, \u010d\u00edm\u017e se realizuje manipulace s materi\u00e1lem a jeho stohov\u00e1n\u00ed.<\/li>\n<\/ul>\n<h3>Konstruk\u010dn\u00ed aspekty a krit\u00e9ria v\u00fdb\u011bru<\/h3>\n<p>Mezi kl\u00ed\u010dov\u00e9 konstruk\u010dn\u00ed aspekty pro v\u00e1lce ramen pat\u0159\u00ed \u00fanosnost, t\u011bsn\u011bn\u00ed, trvanlivost, bezpe\u010dnost a \u00fadr\u017eba. <\/p>\n<ul>\n<li>Nosnost: V\u00e1lec ramene mus\u00ed b\u00fdt schopen odolat maxim\u00e1ln\u00edmu zat\u00ed\u017een\u00ed mechanick\u00e9ho ramene a p\u0159\u00edslu\u0161enstv\u00ed bez deformace nebo selh\u00e1n\u00ed.<\/li>\n<li>T\u011bsn\u011bn\u00ed: K zabr\u00e1n\u011bn\u00ed \u00faniku hydraulick\u00e9ho oleje a zaji\u0161t\u011bn\u00ed plynul\u00e9ho chodu v\u00e1lce se pou\u017e\u00edvaj\u00ed r\u016fzn\u00e9 t\u011bsnic\u00ed prvky, jako jsou t\u011bsn\u011bn\u00ed p\u00edst\u016f a t\u011bsn\u011bn\u00ed p\u00edstnic.<\/li>\n<li>Trvanlivost: V\u00e1lce ramen jsou \u010dasto vyrobeny z vysoce pevn\u00fdch materi\u00e1l\u016f s dobrou odolnost\u00ed proti opot\u0159eben\u00ed a korozi, aby bylo zaji\u0161t\u011bno dlouhodob\u00e9 pou\u017e\u00edv\u00e1n\u00ed v n\u00e1ro\u010dn\u00fdch podm\u00ednk\u00e1ch.<\/li>\n<li>Bezpe\u010dnost: Konstrukce by m\u011bla zohled\u0148ovat bezpe\u010dnostn\u00ed prvky, jako jsou p\u0159etlakov\u00e9 ventily a bezpe\u010dnostn\u00ed z\u00e1mky, aby se zabr\u00e1nilo nehod\u00e1m zp\u016fsoben\u00fdm poruchami syst\u00e9mu.<\/li>\n<li>\u00dadr\u017eba: Konstrukce by m\u011bla zohled\u0148ovat snadnou \u00fadr\u017ebu a v\u00fdm\u011bnu sou\u010d\u00e1st\u00ed, jako jsou sady t\u011bsn\u011bn\u00ed a v\u00e1lce, aby se sn\u00ed\u017eily prostoje a n\u00e1klady na \u00fadr\u017ebu.<\/li>\n<\/ul>\n<p><img decoding=\"async\" src=\"https:\/\/www.hydraulic-cylinders.net\/wp-content\/uploads\/2025\/01\/songte-cylinder-head-with-all-kinds-excavator-models.webp\"><\/p>\n<h3>T\u011bsn\u011bn\u00ed a maz\u00e1n\u00ed<\/h3>\n<p>K zabr\u00e1n\u011bn\u00ed \u00faniku hydraulick\u00e9ho oleje a zaji\u0161t\u011bn\u00ed plynul\u00e9ho chodu v\u00e1lce se pou\u017e\u00edvaj\u00ed r\u016fzn\u00e9 t\u011bsnic\u00ed prvky, jako jsou t\u011bsn\u011bn\u00ed p\u00edst\u016f a t\u011bsn\u011bn\u00ed p\u00edstnic. T\u011bsn\u011bn\u00ed jsou vyrobena z materi\u00e1l\u016f odoln\u00fdch proti opot\u0159eben\u00ed, jako je polyuretan a nitrilov\u00e1 pry\u017e. T\u011bleso v\u00e1lce a z\u00e1vitov\u00e9 koncov\u00e9 plochy jsou jemn\u011b opracov\u00e1ny pro zlep\u0161en\u00ed odolnosti proti opot\u0159eben\u00ed. Pravideln\u00e9 maz\u00e1n\u00ed hydraulick\u00fdm olejem je nezbytn\u00e9.<\/p>\n<h3>\u00dadr\u017eba a preventivn\u00ed opat\u0159en\u00ed<\/h3>\n<p>Pro zaji\u0161t\u011bn\u00ed efektivn\u00edho provozu a prodlou\u017een\u00ed \u017eivotnosti v\u00e1lce ramene je nutn\u00e1 pravideln\u00e1 kontrola a \u00fadr\u017eba. <\/p>\n<ul>\n<li>Pravideln\u011b kontrolujte t\u011bsnic\u00ed prvky a v p\u0159\u00edpad\u011b pot\u0159eby je vym\u011b\u0148te.<\/li>\n<li>Pravideln\u011b kontrolujte hladinu a kvalitu hydraulick\u00e9ho oleje a v p\u0159\u00edpad\u011b pot\u0159eby jej vym\u011b\u0148te.<\/li>\n<li>Zkontrolujte t\u011bleso v\u00e1lce a p\u00edstn\u00ed ty\u010d, zda nejsou opot\u0159ebovan\u00e9 nebo po\u0161kozen\u00e9, a v p\u0159\u00edpad\u011b pot\u0159eby je vym\u011b\u0148te.<\/li>\n<li>Zkontrolujte uta\u017een\u00ed upev\u0148ovac\u00edch \u0161roub\u016f a matic.<\/li>\n<li>Prov\u00e1d\u011bjte preventivn\u00ed \u00fadr\u017ebov\u00e1 opat\u0159en\u00ed, jako je pravideln\u00e9 \u010di\u0161t\u011bn\u00ed a maz\u00e1n\u00ed.<\/li>\n<\/ul>\n<h3>Instala\u010dn\u00ed p\u0159\u00edru\u010dka<\/h3>\n<p>P\u0159ed instalac\u00ed zkontrolujte, zda v\u00e1lec ramene odpov\u00edd\u00e1 mechanick\u00e9mu rameni a p\u0159\u00edslu\u0161enstv\u00ed co do velikosti a nosnosti. Doporu\u010duj\u00ed se n\u00e1sleduj\u00edc\u00ed kroky:<\/p>\n<ol>\n<li>P\u0159ipravte si m\u00edsto instalace a pot\u0159ebn\u00e9 n\u00e1stroje a vybaven\u00ed.<\/li>\n<li>V p\u0159\u00edpad\u011b pot\u0159eby vyjm\u011bte star\u00fd v\u00e1lec.<\/li>\n<li>Nainstalujte nov\u00fd v\u00e1lec a p\u0159ipojte jej k hydraulick\u00e9mu syst\u00e9mu.<\/li>\n<li>Zkontrolujte spr\u00e1vnou funkci v\u00e1lce.<\/li>\n<li>V p\u0159\u00edpad\u011b pot\u0159eby se\u0159i\u010fte v\u00e1lec.<\/li>\n<li>Ut\u00e1hn\u011bte v\u0161echny \u0161rouby a matice.<\/li>\n<\/ol>\n<p><img decoding=\"async\" src=\"https:\/\/www.hydraulic-cylinders.net\/wp-content\/uploads\/2025\/01\/songte-bushings-with-all-kinds-of-excavator-models.webp\"><\/p>\n<h3>Bezpe\u010dnostn\u00ed a environment\u00e1ln\u00ed aspekty<\/h3>\n<p>When using the arm cylinder, it is important to follow safety procedures such as wearing protective gear and operating the machinery according to the manufacturer&#8217;s instructions. The hydraulic oil used in the system should be disposed of properly to prevent environmental pollution.<\/p>\n<h3>Odstra\u0148ov\u00e1n\u00ed probl\u00e9m\u016f a b\u011b\u017en\u00e9 probl\u00e9my<\/h3>\n<p>Mezi b\u011b\u017en\u00e9 probl\u00e9my s v\u00e1lcem ramene pat\u0159\u00ed net\u011bsnost, abnorm\u00e1ln\u00ed hluk a nedostate\u010dn\u00fd v\u00fdkon. Diagnostika a \u0159e\u0161en\u00ed t\u011bchto probl\u00e9m\u016f:<\/p>\n<ul>\n<li>Zkontrolujte t\u011bsnic\u00ed komponenty, zda nejsou po\u0161kozen\u00e9 nebo opot\u0159ebovan\u00e9, a v p\u0159\u00edpad\u011b pot\u0159eby je vym\u011b\u0148te.<\/li>\n<li>Zkontrolujte hladinu a kvalitu hydraulick\u00e9ho oleje a v p\u0159\u00edpad\u011b pot\u0159eby jej vym\u011b\u0148te.<\/li>\n<li>Zkontrolujte t\u011bleso v\u00e1lce a p\u00edstn\u00ed ty\u010d, zda nejsou opot\u0159ebovan\u00e9 nebo po\u0161kozen\u00e9, a v p\u0159\u00edpad\u011b pot\u0159eby je vym\u011b\u0148te.<\/li>\n<li>Zkontrolujte hydraulick\u00fd syst\u00e9m, zda nedoch\u00e1z\u00ed k \u00faniku nebo ucp\u00e1n\u00ed.<\/li>\n<li>Zkontrolujte uta\u017een\u00ed upev\u0148ovac\u00edch \u0161roub\u016f a matic.<\/li>\n<\/ul>\n<p>Preventivn\u00ed opat\u0159en\u00ed, jako je pravideln\u00e1 kontrola a \u00fadr\u017eba, mohou pomoci sn\u00ed\u017eit v\u00fdskyt t\u011bchto probl\u00e9m\u016f.<\/p>\n<p><img decoding=\"async\" src=\"https:\/\/www.hydraulic-cylinders.net\/wp-content\/uploads\/2025\/01\/songte-chushion-collar.webp\"><\/p>\n<h3>O n\u00e1s<\/h3>\n<p>We are a professional manufacturer of replacement hydraulic cylinders with a wide range of products. We have become one of the leading hydraulic cylinder manufacturers and wholesale distributors in the domestic and international markets. We always adhere to the principle of excellent quality, relying on the industrial production management strategy of the refined manufacturing workshop, and constantly improve our technical level and production efficiency. By introducing high-end digital manufacturing equipment and professional testing systems, we continuously optimize the manufacturing platform, improve the product quality control process, and have strong innovation capabilities. Our goal is to meet customers&#8217; diverse needs with high efficiency, precision, and high quality.<\/p>\n<h3>Na\u0161e slu\u017eby<\/h3>\n<ul>\n<li>Profesionalita: M\u00e1me t\u00fdm zku\u0161en\u00fdch technik\u016f a in\u017een\u00fdr\u016f, kte\u0159\u00ed poskytuj\u00ed profesion\u00e1ln\u00ed technickou podporu a slu\u017eby na m\u00edru.<\/li>\n<li>Mezin\u00e1rodn\u00ed certifikace: Na\u0161e v\u00fdrobky z\u00edskaly certifikace ISO9001 a CE, co\u017e zaru\u010duje vysok\u00e9 standardy kvality a bezpe\u010dnosti.<\/li>\n<li>Customization: We provide customized services according to customers&#8217; specific needs and requirements.<\/li>\n<li>V\u00fdrobn\u00ed za\u0159\u00edzen\u00ed: Disponujeme modern\u00edm v\u00fdrobn\u00edm za\u0159\u00edzen\u00edm, jako jsou CNC soustruhy, brusky a fr\u00e9zky, abychom zajistili p\u0159esnost a efektivitu v\u00fdroby.<\/li>\n<li>Poprodejn\u00ed servis: Poskytujeme v\u010dasn\u00fd a efektivn\u00ed poprodejn\u00ed servis, abychom zajistili spokojenost z\u00e1kazn\u00edk\u016f a vy\u0159e\u0161ili probl\u00e9my.<\/li>\n<\/ul>\n<p><img decoding=\"async\" src=\"https:\/\/www.hydraulic-cylinders.net\/wp-content\/uploads\/2025\/01\/songte-company-4.webp\"><br \/>\n<img decoding=\"async\" src=\"https:\/\/www.hydraulic-cylinders.net\/wp-content\/uploads\/2025\/01\/songte-company-3.webp\"><\/p>\n<p>Autor: lyl<\/p>","protected":false},"excerpt":{"rendered":"<p>Arm Cylinder For IHI Small Excavator IHI40\/YS Definition and Explanation An arm cylinder is a hydraulic cylinder specially designed to provide linear motion and power to the arms of various machines such as excavators, cranes, and mechanical arms. The arm cylinder plays a crucial role in hydraulic systems, enabling attachments and accessories to move and [&hellip;]<\/p>","protected":false},"featured_media":14774,"comment_status":"open","ping_status":"closed","template":"","meta":{"_et_pb_use_builder":"","_et_pb_old_content":"","_et_gb_content_width":""},"product_brand":[],"product_cat":[1497],"product_tag":[1498,1496],"class_list":{"0":"post-16610","1":"product","2":"type-product","3":"status-publish","4":"has-post-thumbnail","6":"product_cat-arm-cylinders","7":"product_tag-arm-cylinders","8":"product_tag-hydraulic-cylinders","10":"first","11":"instock","12":"shipping-taxable","13":"product-type-simple"},"amp_enabled":true,"_links":{"self":[{"href":"https:\/\/www.hydraulic-cylinders.net\/cs\/wp-json\/wp\/v2\/product\/16610","targetHints":{"allow":["GET"]}}],"collection":[{"href":"https:\/\/www.hydraulic-cylinders.net\/cs\/wp-json\/wp\/v2\/product"}],"about":[{"href":"https:\/\/www.hydraulic-cylinders.net\/cs\/wp-json\/wp\/v2\/types\/product"}],"replies":[{"embeddable":true,"href":"https:\/\/www.hydraulic-cylinders.net\/cs\/wp-json\/wp\/v2\/comments?post=16610"}],"wp:featuredmedia":[{"embeddable":true,"href":"https:\/\/www.hydraulic-cylinders.net\/cs\/wp-json\/wp\/v2\/media\/14774"}],"wp:attachment":[{"href":"https:\/\/www.hydraulic-cylinders.net\/cs\/wp-json\/wp\/v2\/media?parent=16610"}],"wp:term":[{"taxonomy":"product_brand","embeddable":true,"href":"https:\/\/www.hydraulic-cylinders.net\/cs\/wp-json\/wp\/v2\/product_brand?post=16610"},{"taxonomy":"product_cat","embeddable":true,"href":"https:\/\/www.hydraulic-cylinders.net\/cs\/wp-json\/wp\/v2\/product_cat?post=16610"},{"taxonomy":"product_tag","embeddable":true,"href":"https:\/\/www.hydraulic-cylinders.net\/cs\/wp-json\/wp\/v2\/product_tag?post=16610"}],"curies":[{"name":"wp","href":"https:\/\/api.w.org\/{rel}","templated":true}]}}