{"id":16613,"date":"2025-01-21T05:37:54","date_gmt":"2025-01-21T05:37:54","guid":{"rendered":"https:\/\/www.hydraulic-cylinders.net\/product\/arm-cylinder-for-ihi-small-excavator-ihi100ns\/"},"modified":"2025-01-21T05:37:55","modified_gmt":"2025-01-21T05:37:55","slug":"arm-cylinder-for-ihi-small-excavator-ihi100ns","status":"publish","type":"product","link":"https:\/\/www.hydraulic-cylinders.net\/cs\/produkt\/arm-cylinder-for-ihi-small-excavator-ihi100ns\/","title":{"rendered":"V\u00e1lec ramene pro mal\u00e9 rypadlo IHI IHI100NS"},"content":{"rendered":"<h1>V\u00e1lec ramene pro mal\u00e9 rypadlo IHI IHI100NS<\/h1>\n<h2>Zaveden\u00ed<\/h2>\n<p>V\u00e1lec ramene je speci\u00e1ln\u011b navr\u017een\u00fd hydraulick\u00fd v\u00e1lec pou\u017e\u00edvan\u00fd k zaji\u0161t\u011bn\u00ed line\u00e1rn\u00edho pohybu a v\u00fdkonu ramen r\u016fzn\u00fdch stroj\u016f, jako jsou bagry, je\u0159\u00e1by a mechanick\u00e1 ramena. V\u00e1lec ramene hraje kl\u00ed\u010dovou roli v hydraulick\u00e9m syst\u00e9mu, proto\u017ee umo\u017e\u0148uje efektivn\u00ed pohyb a ovl\u00e1d\u00e1n\u00ed dal\u0161\u00edho n\u00e1\u0159ad\u00ed nebo p\u0159\u00edslu\u0161enstv\u00ed. Tyto v\u00e1lce nejen umo\u017e\u0148uj\u00ed plynul\u00fd pohyb, ale tak\u00e9 odol\u00e1vaj\u00ed t\u011b\u017ek\u00fdm z\u00e1t\u011b\u017e\u00edm, \u010d\u00edm\u017e zaji\u0161\u0165uj\u00ed efektivn\u00ed provoz a spolehlivost stroje v r\u016fzn\u00fdch pracovn\u00edch podm\u00ednk\u00e1ch.<\/p>\n<p><img decoding=\"async\" src=\"https:\/\/www.hydraulic-cylinders.net\/wp-content\/uploads\/2025\/01\/songte-company-2.webp\" alt=\"V\u00e1lec ramene pro mal\u00e9 rypadlo IHI IHI100NS\"><\/p>\n<h2>Vlastnosti produktu<\/h2>\n<ul>\n<li>Efektivn\u00ed p\u0159enos s\u00edly: V\u00e1lec ramene zaji\u0161\u0165uje siln\u00fd line\u00e1rn\u00ed pohyb a s\u00edlu, co\u017e zaji\u0161\u0165uje vysokou \u00fa\u010dinnost p\u0159i r\u016fzn\u00fdch operac\u00edch, jako je zved\u00e1n\u00ed a kop\u00e1n\u00ed.<\/li>\n<li>P\u0159esn\u00e9 ovl\u00e1d\u00e1n\u00ed: D\u00edky hydraulick\u00e9mu syst\u00e9mu m\u016f\u017ee v\u00e1lec ramene dos\u00e1hnout p\u0159esn\u00e9ho ovl\u00e1d\u00e1n\u00ed pohybu, co\u017e umo\u017e\u0148uje flexibiln\u011bj\u0161\u00ed a p\u0159esn\u011bj\u0161\u00ed ovl\u00e1d\u00e1n\u00ed dal\u0161\u00edch n\u00e1stroj\u016f.<\/li>\n<li>Vysok\u00e1 odolnost: V\u00e1lce ramen jsou obvykle vyrobeny z vysoce pevn\u00fdch materi\u00e1l\u016f s dobrou odolnost\u00ed proti opot\u0159eben\u00ed a korozi, vhodn\u00e9 pro dlouhodob\u00e9 pou\u017eit\u00ed v n\u00e1ro\u010dn\u00fdch podm\u00ednk\u00e1ch.<\/li>\n<li>Multifunk\u010dn\u00ed p\u0159izp\u016fsobivost: Tyto v\u00e1lce lze \u0161iroce pou\u017e\u00edvat v r\u016fzn\u00fdch typech stroj\u016f, jako jsou bagry, je\u0159\u00e1by a mechanick\u00e1 ramena, aby spl\u0148ovaly r\u016fzn\u00e9 pracovn\u00ed po\u017eadavky.<\/li>\n<li>Snadn\u00e1 \u00fadr\u017eba: Konstrukce zohled\u0148uje snadnou \u00fadr\u017ebu a v\u00fdm\u011bnu, co\u017e usnad\u0148uje pravideln\u00e9 kontroly a \u00fadr\u017ebu a zkracuje prostoje za\u0159\u00edzen\u00ed.<\/li>\n<\/ul>\n<p>Na\u0161e produkty dok\u00e1\u017e\u00ed tyto hydraulick\u00e9 v\u00e1lce dokonale nahradit. Nab\u00edz\u00edme \u0161irok\u00fd sortiment hydraulick\u00fdch trubek a n\u00e1hradn\u00edch d\u00edl\u016f.<\/p>\n<p><img decoding=\"async\" src=\"https:\/\/www.hydraulic-cylinders.net\/wp-content\/uploads\/2025\/01\/songte-oil-pipes-and-spare-parts.webp\" alt=\"V\u00e1lec ramene pro mal\u00e9 rypadlo IHI IHI100NS\"><\/p>\n<h2>Aplikace<\/h2>\n<p>V\u00e1lce ramen maj\u00ed \u0161irokou \u0161k\u00e1lu pou\u017eit\u00ed, v\u010detn\u011b:<\/p>\n<ul>\n<li><strong>Stavebn\u00ed in\u017een\u00fdrstv\u00ed:<\/strong> V\u00e1lce ramen se pou\u017e\u00edvaj\u00ed k ovl\u00e1d\u00e1n\u00ed pohybu l\u017e\u00edce nebo v\u00fdlo\u017en\u00edku v bagrech a je\u0159\u00e1bech, k prov\u00e1d\u011bn\u00ed zemn\u00edch prac\u00ed, manipulace s materi\u00e1lem a mont\u00e1\u017ee konstrukc\u00ed.<\/li>\n<li><strong>Zpracovatelsk\u00fd pr\u016fmysl:<\/strong> V\u00e1lce ramen se pou\u017e\u00edvaj\u00ed pro pohyb mechanick\u00fdch ramen v automatizovan\u00fdch v\u00fdrobn\u00edch link\u00e1ch, jako je mont\u00e1\u017e, sva\u0159ov\u00e1n\u00ed a manipulace s materi\u00e1lem, \u010d\u00edm\u017e se zvy\u0161uje efektivita a p\u0159esnost v\u00fdroby.<\/li>\n<li><strong>Zem\u011bd\u011blsk\u00e9 stroje:<\/strong> V\u00e1lce ramen se pou\u017e\u00edvaj\u00ed k ovl\u00e1d\u00e1n\u00ed pohybu ovl\u00e1dac\u00edho ramene v zem\u011bd\u011blsk\u00fdch stroj\u00edch, jako jsou skl\u00edzec\u00ed a sec\u00ed stroje, kter\u00e9 vykon\u00e1vaj\u00ed \u00fakoly, jako je set\u00ed, hnojen\u00ed a sklize\u0148.<\/li>\n<li><strong>Hornictv\u00ed:<\/strong> V\u00e1lce ramen se pou\u017e\u00edvaj\u00ed k ovl\u00e1d\u00e1n\u00ed pohybu ramen t\u011b\u017eebn\u00edch za\u0159\u00edzen\u00ed, jako jsou bagry a naklada\u010de, pro t\u011b\u017ebu a p\u0159epravu nerost\u016f.<\/li>\n<li><strong>Logistika a doprava:<\/strong> V\u00e1lce ramen se pou\u017e\u00edvaj\u00ed k ovl\u00e1d\u00e1n\u00ed zved\u00e1n\u00ed a pohybu vidlic ve vysokozdvi\u017en\u00fdch voz\u00edkech a manipula\u010dn\u00edch robotech, kter\u00e9 realizuj\u00ed p\u0159epravu a stohov\u00e1n\u00ed materi\u00e1l\u016f.<\/li>\n<\/ul>\n<h2>Konstruk\u010dn\u00ed aspekty a krit\u00e9ria v\u00fdb\u011bru<\/h2>\n<p>Z hlediska konstruk\u010dn\u00edch aspekt\u016f mus\u00ed m\u00edt v\u00e1lec ramene:<\/p>\n<ul>\n<li><strong>\u00danosnost:<\/strong> V\u00e1lec ramene mus\u00ed b\u00fdt schopen un\u00e9st hmotnost p\u0159ipojen\u00e9ho n\u00e1\u0159ad\u00ed a za\u0159\u00edzen\u00ed.<\/li>\n<li><strong>T\u011bsn\u011bn\u00ed:<\/strong> V\u00e1lec ramene by m\u011bl pou\u017e\u00edvat r\u016fzn\u00e9 typy t\u011bsn\u011bn\u00ed, jako jsou t\u011bsn\u011bn\u00ed p\u00edstu a t\u011bsn\u011bn\u00ed p\u00edstnice, vyroben\u00e9 z materi\u00e1l\u016f odoln\u00fdch proti opot\u0159eben\u00ed, jako je polyuretan a nitrilov\u00e1 pry\u017e, aby bylo zaji\u0161t\u011bno \u00fa\u010dinn\u00e9 ut\u011bsn\u011bn\u00ed a zabr\u00e1nilo se \u00faniku.<\/li>\n<li><strong>Trvanlivost:<\/strong> V\u00e1lec ramene mus\u00ed b\u00fdt vyroben z vysoce pevn\u00fdch materi\u00e1l\u016f a m\u00edt povrch odoln\u00fd proti opot\u0159eben\u00ed, vhodn\u00fd pro dlouhodob\u00e9 pou\u017e\u00edv\u00e1n\u00ed v n\u00e1ro\u010dn\u00fdch podm\u00ednk\u00e1ch.<\/li>\n<li><strong>Bezpe\u010dnost:<\/strong> V\u00e1lec ramene mus\u00ed b\u00fdt navr\u017een s bezpe\u010dnostn\u00edmi prvky, jako jsou p\u0159etlakov\u00e9 ventily, aby se zabr\u00e1nilo nehod\u00e1m zp\u016fsoben\u00fdm nadm\u011brn\u00fdm tlakem.<\/li>\n<li><strong>\u00dadr\u017eba:<\/strong> V\u00e1lec ramene by m\u011bl b\u00fdt navr\u017een pro snadnou \u00fadr\u017ebu a opravy, \u010d\u00edm\u017e by se sn\u00ed\u017eily prostoje za\u0159\u00edzen\u00ed a n\u00e1klady na opravy.<\/li>\n<\/ul>\n<p><img decoding=\"async\" src=\"https:\/\/www.hydraulic-cylinders.net\/wp-content\/uploads\/2025\/01\/songte-cylinder-head-with-all-kinds-excavator-models.webp\" alt=\"V\u00e1lec ramene pro mal\u00e9 rypadlo IHI IHI100NS\"><\/p>\n<h2>T\u011bsn\u011bn\u00ed a maz\u00e1n\u00ed<\/h2>\n<p>V\u00e1lec ramene pou\u017e\u00edv\u00e1 r\u016fzn\u00e9 typy t\u011bsn\u011bn\u00ed, jako jsou p\u00edstn\u00ed t\u011bsn\u011bn\u00ed a t\u011bsn\u011bn\u00ed p\u00edstnice, vyroben\u00e9 z materi\u00e1l\u016f odoln\u00fdch proti opot\u0159eben\u00ed, jako je polyuretan a nitrilov\u00fd kau\u010duk, aby bylo zaji\u0161t\u011bno \u00fa\u010dinn\u00e9 ut\u011bsn\u011bn\u00ed a zabr\u00e1n\u011bno \u00faniku. T\u011bleso v\u00e1lce a povrch z\u00e1vitu pro\u0161ly jemn\u00fdm opracov\u00e1n\u00edm pro zlep\u0161en\u00ed odolnosti proti opot\u0159eben\u00ed. Pro zaji\u0161t\u011bn\u00ed plynul\u00e9ho chodu v\u00e1lce je nutn\u00e9 pravideln\u011b p\u0159id\u00e1vat vhodn\u00e9 mno\u017estv\u00ed hydraulick\u00e9ho oleje pro maz\u00e1n\u00ed.<\/p>\n<p><img decoding=\"async\" src=\"https:\/\/www.hydraulic-cylinders.net\/wp-content\/uploads\/2025\/01\/songte-chushion-collar.webp\" alt=\"V\u00e1lec ramene pro mal\u00e9 rypadlo IHI IHI100NS\"><\/p>\n<h2>Preventivn\u00ed \u00fadr\u017eba a \u0159e\u0161en\u00ed probl\u00e9m\u016f<\/h2>\n<p>Pravideln\u00e1 kontrola a preventivn\u00ed \u00fadr\u017eba v\u00e1lce ramene jsou nezbytn\u00e9 pro zaji\u0161t\u011bn\u00ed jeho dlouhodob\u00e9ho a efektivn\u00edho provozu. N\u00ed\u017ee uv\u00e1d\u00edme n\u011bkter\u00e1 opat\u0159en\u00ed preventivn\u00ed \u00fadr\u017eby:<\/p>\n<ul>\n<li>Pravideln\u011b kontrolujte v\u00e1lec, zda nen\u00ed opot\u0159ebovan\u00fd, deformovan\u00fd nebo po\u0161kozen\u00fd, a to t\u011bsn\u011bn\u00ed.<\/li>\n<li>O\u010dist\u011bte povrch v\u00e1lce od prachu a ne\u010distot.<\/li>\n<li>Pravideln\u011b dopl\u0148ujte odpov\u00eddaj\u00edc\u00ed mno\u017estv\u00ed hydraulick\u00e9ho oleje pro maz\u00e1n\u00ed.<\/li>\n<li>V p\u0159\u00edpad\u011b abnorm\u00e1ln\u00edho hluku, \u00faniku nebo jin\u00fdch probl\u00e9m\u016f okam\u017eit\u011b p\u0159esta\u0148te l\u00e1hev pou\u017e\u00edvat a kontaktujte odborn\u00fd servisn\u00ed person\u00e1l.<\/li>\n<\/ul>\n<p>Pokud se b\u011bhem pou\u017e\u00edv\u00e1n\u00ed vyskytnou probl\u00e9my, postupujte takto:<\/p>\n<ul>\n<li>Identifikujte p\u0159\u00ed\u010dinu probl\u00e9mu, jako je opot\u0159eben\u00ed, po\u0161kozen\u00ed nebo nespr\u00e1vn\u00e1 instalace.<\/li>\n<li>Zvolte vhodn\u00e9 \u0159e\u0161en\u00ed, nap\u0159\u00edklad v\u00fdm\u011bnu t\u011bsn\u011bn\u00ed nebo opravu v\u00e1lce.<\/li>\n<li>Prove\u010fte funk\u010dn\u00ed test, abyste se ujistili, \u017ee probl\u00e9m byl vy\u0159e\u0161en.<\/li>\n<\/ul>\n<h2>Instala\u010dn\u00ed p\u0159\u00edru\u010dka<\/h2>\n<p>Pro instalaci v\u00e1lce ramene postupujte takto:<\/p>\n<ol>\n<li>Vy\u010dist\u011bte m\u00edsto instalace a zkontrolujte, zda nejsou odpov\u00eddaj\u00edc\u00ed d\u00edly po\u0161kozen\u00e9 nebo deformovan\u00e9.<\/li>\n<li>Naneste mazivo na v\u00e1lec a spojovac\u00ed d\u00edly.<\/li>\n<li>Namontujte v\u00e1lec a ut\u00e1hn\u011bte \u0161rouby p\u0159edepsan\u00fdm utahovac\u00edm momentem.<\/li>\n<li>P\u0159ipojte hydraulick\u00e9 olejov\u00e9 potrub\u00ed a zkontrolujte t\u011bsnost.<\/li>\n<li>Prove\u010fte funk\u010dn\u00ed test, abyste ov\u011b\u0159ili spr\u00e1vnost instalace.<\/li>\n<\/ol>\n<p><img decoding=\"async\" src=\"https:\/\/www.hydraulic-cylinders.net\/wp-content\/uploads\/2025\/01\/songte-bushings-with-all-kinds-of-excavator-models.webp\" alt=\"V\u00e1lec ramene pro mal\u00e9 rypadlo IHI IHI100NS\"><\/p>\n<h2>Bezpe\u010dnostn\u00ed aspekty a faktory prost\u0159ed\u00ed<\/h2>\n<p>P\u0159i pou\u017e\u00edv\u00e1n\u00ed v\u00e1lce ramene je t\u0159eba dodr\u017eovat n\u00e1sleduj\u00edc\u00ed bezpe\u010dnostn\u00ed opat\u0159en\u00ed:<\/p>\n<ul>\n<li>Abyste p\u0159ede\u0161li nehod\u00e1m, pou\u017e\u00edvejte ochrann\u00e9 pom\u016fcky, jako jsou rukavice a ochrann\u00e9 br\u00fdle.<\/li>\n<li>Nep\u0159ekra\u010dujte jmenovit\u00fd provozn\u00ed tlak, abyste p\u0159ede\u0161li nehod\u00e1m zp\u016fsoben\u00fdm nadm\u011brn\u00fdm tlakem.<\/li>\n<li>Pravideln\u011b kontrolujte v\u00e1lec, zda nen\u00ed opot\u0159ebovan\u00fd, deformovan\u00fd nebo po\u0161kozen\u00fd, abyste p\u0159ede\u0161li nehod\u00e1m zp\u016fsoben\u00fdm selh\u00e1n\u00edm za\u0159\u00edzen\u00ed.<\/li>\n<\/ul>\n<p>Mezi faktory prost\u0159ed\u00ed, kter\u00e9 mohou ovlivnit v\u00fdkon v\u00e1lce s ramenem, pat\u0159\u00ed teplota, vlhkost a prach. Spr\u00e1vn\u00e1 \u00fadr\u017eba a ochrana m\u016f\u017ee \u00fa\u010dinn\u011b sn\u00ed\u017eit dopad faktor\u016f prost\u0159ed\u00ed na v\u00e1lec.<\/p>\n<h2>O n\u00e1s<\/h2>\n<p>Jsme profesion\u00e1ln\u00ed v\u00fdrobce n\u00e1hradn\u00edch hydraulick\u00fdch v\u00e1lc\u016f, nab\u00edz\u00edme \u0161irokou \u0161k\u00e1lu produkt\u016f a st\u00e1v\u00e1me se jedn\u00edm z p\u0159edn\u00edch v\u00fdrobc\u016f a velkoobchodn\u00edch distributor\u016f hydraulick\u00fdch v\u00e1lc\u016f na dom\u00e1c\u00edm i mezin\u00e1rodn\u00edm trhu. V\u017edy se dr\u017e\u00edme principu excelence v kvalit\u011b a spol\u00e9h\u00e1me se na strategii \u0159\u00edzen\u00ed pr\u016fmyslov\u00e9 v\u00fdroby v jemn\u00fdch v\u00fdrobn\u00edch d\u00edln\u00e1ch, abychom neust\u00e1le zlep\u0161ovali na\u0161i technickou \u00farove\u0148 a efektivitu v\u00fdroby. Na\u0161\u00edm c\u00edlem je uspokojovat rozmanit\u00e9 pot\u0159eby z\u00e1kazn\u00edk\u016f s vysokou \u00fa\u010dinnost\u00ed, p\u0159esnost\u00ed a vysokou kvalitou.<\/p>\n<p>Poskytujeme profesion\u00e1ln\u00ed a na m\u00edru \u0161it\u00e9 slu\u017eby a na\u0161e produkty z\u00edskaly mezin\u00e1rodn\u00ed certifikace, jako jsou ISO9001 a CE. Disponujeme modern\u00edm v\u00fdrobn\u00edm za\u0159\u00edzen\u00edm a profesion\u00e1ln\u00edmi testovac\u00edmi syst\u00e9my, kter\u00e9 n\u00e1m umo\u017e\u0148uj\u00ed neust\u00e1le optimalizovat na\u0161i v\u00fdrobn\u00ed platformu, zlep\u0161ovat procesy kontroly kvality produkt\u016f a m\u00edt siln\u00e9 inova\u010dn\u00ed schopnosti. Krom\u011b toho poskytujeme poprodejn\u00ed servis, abychom zajistili spokojenost z\u00e1kazn\u00edk\u016f.<\/p>\n<p><img decoding=\"async\" src=\"https:\/\/www.hydraulic-cylinders.net\/wp-content\/uploads\/2025\/01\/songte-company-4.webp\" alt=\"V\u00e1lec ramene pro mal\u00e9 rypadlo IHI IHI100NS\"><br \/>\n<img decoding=\"async\" src=\"https:\/\/www.hydraulic-cylinders.net\/wp-content\/uploads\/2025\/01\/songte-company-3.webp\" alt=\"V\u00e1lec ramene pro mal\u00e9 rypadlo IHI IHI100NS\"><\/p>\n<p>Autor: lyl<\/p>","protected":false},"excerpt":{"rendered":"<p>Arm Cylinder For IHI Small Excavator IHI100NS Introduction The arm cylinder is a specially designed hydraulic cylinder used to provide linear motion and power to the arms of various machinery, such as excavators, cranes, and mechanical arms. The arm cylinder plays a crucial role in the hydraulic system, allowing for effective movement and control of [&hellip;]<\/p>","protected":false},"featured_media":14766,"comment_status":"open","ping_status":"closed","template":"","meta":{"_et_pb_use_builder":"","_et_pb_old_content":"","_et_gb_content_width":""},"product_brand":[],"product_cat":[1497],"product_tag":[1498,1496],"class_list":{"0":"post-16613","1":"product","2":"type-product","3":"status-publish","4":"has-post-thumbnail","6":"product_cat-arm-cylinders","7":"product_tag-arm-cylinders","8":"product_tag-hydraulic-cylinders","10":"first","11":"instock","12":"shipping-taxable","13":"product-type-simple"},"amp_enabled":true,"_links":{"self":[{"href":"https:\/\/www.hydraulic-cylinders.net\/cs\/wp-json\/wp\/v2\/product\/16613","targetHints":{"allow":["GET"]}}],"collection":[{"href":"https:\/\/www.hydraulic-cylinders.net\/cs\/wp-json\/wp\/v2\/product"}],"about":[{"href":"https:\/\/www.hydraulic-cylinders.net\/cs\/wp-json\/wp\/v2\/types\/product"}],"replies":[{"embeddable":true,"href":"https:\/\/www.hydraulic-cylinders.net\/cs\/wp-json\/wp\/v2\/comments?post=16613"}],"wp:featuredmedia":[{"embeddable":true,"href":"https:\/\/www.hydraulic-cylinders.net\/cs\/wp-json\/wp\/v2\/media\/14766"}],"wp:attachment":[{"href":"https:\/\/www.hydraulic-cylinders.net\/cs\/wp-json\/wp\/v2\/media?parent=16613"}],"wp:term":[{"taxonomy":"product_brand","embeddable":true,"href":"https:\/\/www.hydraulic-cylinders.net\/cs\/wp-json\/wp\/v2\/product_brand?post=16613"},{"taxonomy":"product_cat","embeddable":true,"href":"https:\/\/www.hydraulic-cylinders.net\/cs\/wp-json\/wp\/v2\/product_cat?post=16613"},{"taxonomy":"product_tag","embeddable":true,"href":"https:\/\/www.hydraulic-cylinders.net\/cs\/wp-json\/wp\/v2\/product_tag?post=16613"}],"curies":[{"name":"wp","href":"https:\/\/api.w.org\/{rel}","templated":true}]}}