{"id":16617,"date":"2025-01-21T05:38:09","date_gmt":"2025-01-21T05:38:09","guid":{"rendered":"https:\/\/www.hydraulic-cylinders.net\/product\/arm-cylinder-for-bobcat-small-excavator-e50\/"},"modified":"2025-01-21T05:38:11","modified_gmt":"2025-01-21T05:38:11","slug":"arm-cylinder-for-bobcat-small-excavator-e50","status":"publish","type":"product","link":"https:\/\/www.hydraulic-cylinders.net\/cs\/produkt\/arm-cylinder-for-bobcat-small-excavator-e50\/","title":{"rendered":"V\u00e1lec ramene pro mal\u00e9 rypadlo Bobcat E50"},"content":{"rendered":"<h1>V\u00e1lec ramene pro mal\u00e9 rypadlo Bobcat E50<\/h1>\n<p><h2>Zaveden\u00ed<\/h2>\n<p>V\u00e1lec ramene je specializovan\u00fd hydraulick\u00fd v\u00e1lec ur\u010den\u00fd k zaji\u0161t\u011bn\u00ed line\u00e1rn\u00edho pohybu a v\u00fdkonu ramene r\u016fzn\u00fdch stroj\u016f, jako jsou bagry, je\u0159\u00e1by a mechanick\u00e1 ramena. Hraje kl\u00ed\u010dovou roli v hydraulick\u00fdch syst\u00e9mech, proto\u017ee umo\u017e\u0148uje efektivn\u00ed pohyb a ovl\u00e1d\u00e1n\u00ed dal\u0161\u00edho n\u00e1\u0159ad\u00ed nebo p\u0159\u00edslu\u0161enstv\u00ed. Tyto v\u00e1lce nejen umo\u017e\u0148uj\u00ed plynul\u00fd pohyb, ale tak\u00e9 odol\u00e1vaj\u00ed t\u011b\u017ek\u00fdm z\u00e1t\u011b\u017e\u00edm, \u010d\u00edm\u017e zaji\u0161\u0165uj\u00ed efektivn\u00ed provoz a spolehlivost stroj\u016f za r\u016fzn\u00fdch pracovn\u00edch podm\u00ednek.\n<\/p>\n<p>\n  <img decoding=\"async\" src=\"https:\/\/www.hydraulic-cylinders.net\/wp-content\/uploads\/2025\/01\/songte-company-2.webp\" alt=\"Obr\u00e1zek v\u00e1lce ramene\">\n<\/p>\n<h2>Funkce<\/h2>\n<ul>\n<li>\n<h3>Vysoce \u00fa\u010dinn\u00fd p\u0159enos<\/h3>\n<p>\n      V\u00e1lec ramene poskytuje siln\u00fd line\u00e1rn\u00ed pohyb a s\u00edlu, co\u017e zaji\u0161\u0165uje vysok\u00fd v\u00fdkon mechanick\u00e9ho ramene v r\u016fzn\u00fdch operac\u00edch.\n    <\/p>\n<\/li>\n<li>\n<h3>P\u0159esn\u00e9 ovl\u00e1d\u00e1n\u00ed<\/h3>\n<p>\n      D\u00edky hydraulick\u00fdm syst\u00e9m\u016fm umo\u017e\u0148uje v\u00e1lec ramene p\u0159esn\u00e9 ovl\u00e1d\u00e1n\u00ed pohybu, \u010d\u00edm\u017e se zvy\u0161uje flexibilita a p\u0159esnost ovl\u00e1d\u00e1n\u00ed dal\u0161\u00edch n\u00e1stroj\u016f.\n    <\/p>\n<\/li>\n<li>\n<h3>Trvanlivost<\/h3>\n<p>\n      V\u00e1lce ramen se obvykle vyr\u00e1b\u011bj\u00ed z vysoce pevn\u00fdch materi\u00e1l\u016f s dobrou odolnost\u00ed proti opot\u0159eben\u00ed a korozi, vhodn\u00fdch pro dlouhodob\u00e9 pou\u017e\u00edv\u00e1n\u00ed v n\u00e1ro\u010dn\u00fdch podm\u00ednk\u00e1ch.\n    <\/p>\n<\/li>\n<li>\n<h3>Multifunk\u010dn\u00ed p\u0159izp\u016fsobivost<\/h3>\n<p>\n      Tyto v\u00e1lce lze \u0161iroce pou\u017e\u00edt v r\u016fzn\u00fdch typech stroj\u016f, jako jsou bagry, je\u0159\u00e1by a mechanick\u00e1 ramena, aby spl\u0148ovaly r\u016fzn\u00e9 po\u017eadavky na pr\u00e1ci.\n    <\/p>\n<\/li>\n<li>\n<h3>Snadn\u00e1 \u00fadr\u017eba<\/h3>\n<p>\n      Konstrukce v\u00e1lce ramene bere v \u00favahu snadnou \u00fadr\u017ebu a v\u00fdm\u011bnu, co\u017e usnad\u0148uje pravideln\u00e9 kontroly a \u00fadr\u017ebu a zkracuje prostoje za\u0159\u00edzen\u00ed.\n    <\/p>\n<\/li>\n<\/ul>\n<p>\n  <img decoding=\"async\" src=\"https:\/\/www.hydraulic-cylinders.net\/wp-content\/uploads\/2025\/01\/songte-oil-pipes-and-spare-parts.webp\" alt=\"Obr\u00e1zek produktu\">\n<\/p>\n<h2>Aplikace<\/h2>\n<p>\n  V\u00e1lec s ramenem nach\u00e1z\u00ed uplatn\u011bn\u00ed v r\u016fzn\u00fdch pr\u016fmyslov\u00fdch odv\u011btv\u00edch a aplikac\u00edch, v\u010detn\u011b:\n<\/p>\n<ol>\n<li>\n<h3>Stavebn\u00ed in\u017een\u00fdrstv\u00ed<\/h3>\n<p>\n      U bagr\u016f a je\u0159\u00e1b\u016f se v\u00e1lec ramene pou\u017e\u00edv\u00e1 k ovl\u00e1d\u00e1n\u00ed pohybu l\u017e\u00edc nebo v\u00fdlo\u017en\u00edk\u016f, k prov\u00e1d\u011bn\u00ed zemn\u00edch prac\u00ed, manipulace s materi\u00e1lem a konstruk\u010dn\u00edch instalac\u00ed.\n    <\/p>\n<\/li>\n<li>\n<h3>V\u00fdrobn\u00ed<\/h3>\n<p>\n      V automatizovan\u00fdch v\u00fdrobn\u00edch link\u00e1ch se v\u00e1lec ramene pou\u017e\u00edv\u00e1 k pohybu mechanick\u00fdch ramen, k prov\u00e1d\u011bn\u00ed mont\u00e1\u017en\u00edch, sva\u0159ovac\u00edch a manipula\u010dn\u00edch proces\u016f za \u00fa\u010delem zlep\u0161en\u00ed efektivity a p\u0159esnosti v\u00fdroby.\n    <\/p>\n<\/li>\n<li>\n<h3>Zem\u011bd\u011blsk\u00e9 stroje<\/h3>\n<p>\n      V zem\u011bd\u011blsk\u00fdch stroj\u00edch, jako jsou skl\u00edzec\u00ed a sec\u00ed stroje, \u0159\u00edd\u00ed v\u00e1lec ramene pohyb ovl\u00e1dac\u00edch ramen a prov\u00e1d\u00ed \u00fakoly, jako je set\u00ed, hnojen\u00ed a sklize\u0148.\n    <\/p>\n<\/li>\n<li>\n<h3>Hornictv\u00ed<\/h3>\n<p>\n      V t\u011b\u017eebn\u00edm za\u0159\u00edzen\u00ed se v\u00e1lec ramene pou\u017e\u00edv\u00e1 k ovl\u00e1d\u00e1n\u00ed pohybu ramene t\u011b\u017eebn\u00edho za\u0159\u00edzen\u00ed, co\u017e usnad\u0148uje t\u011b\u017ebu a p\u0159epravu rudy.\n    <\/p>\n<\/li>\n<li>\n<h3>Logistika a doprava<\/h3>\n<p>\n      U vysokozdvi\u017en\u00fdch voz\u00edk\u016f a manipula\u010dn\u00edch robot\u016f se v\u00e1lec ramene pou\u017e\u00edv\u00e1 k ovl\u00e1d\u00e1n\u00ed zved\u00e1n\u00ed a pohybu vidlic, co\u017e umo\u017e\u0148uje manipulaci s materi\u00e1lem a jeho stohov\u00e1n\u00ed.\n    <\/p>\n<\/li>\n<\/ol>\n<h2>Konstruk\u010dn\u00ed aspekty a krit\u00e9ria v\u00fdb\u011bru<\/h2>\n<p>\n  Pokud jde o konstruk\u010dn\u00ed aspekty a krit\u00e9ria v\u00fdb\u011bru pro v\u00e1lce s ramenem, je t\u0159eba vz\u00edt v \u00favahu n\u011bkolik kl\u00ed\u010dov\u00fdch faktor\u016f:\n<\/p>\n<ul>\n<li>\n<h3>Nosnost<\/h3>\n<p>\n      V\u00e1lce ramen by m\u011bly b\u00fdt schopny odolat zam\u00fd\u0161len\u00e9mu zat\u00ed\u017een\u00ed a sil\u00e1m, aby byl zaji\u0161t\u011bn bezpe\u010dn\u00fd a efektivn\u00ed provoz.\n    <\/p>\n<\/li>\n<li>\n<h3>T\u011bsn\u011bn\u00ed<\/h3>\n<p>\n      Pro zaji\u0161t\u011bn\u00ed spr\u00e1vn\u00e9ho ut\u011bsn\u011bn\u00ed by se m\u011bly pou\u017e\u00edvat r\u016fzn\u00e9 t\u011bsnic\u00ed komponenty, jako jsou t\u011bsn\u011bn\u00ed p\u00edst\u016f a p\u00edstnic. Tato t\u011bsn\u011bn\u00ed jsou \u010dasto vyrobena z materi\u00e1l\u016f odoln\u00fdch proti opot\u0159eben\u00ed, jako je polyuretan a nitrilov\u00e1 pry\u017e.\n    <\/p>\n<\/li>\n<li>\n<h3>Trvanlivost<\/h3>\n<p>\n      T\u011bleso v\u00e1lce a z\u00e1vitov\u00e9 koncov\u00e9 plochy by m\u011bly b\u00fdt jemn\u011b o\u0161et\u0159eny, aby se zlep\u0161ila odolnost proti opot\u0159eben\u00ed. Pravideln\u00e9 maz\u00e1n\u00ed hydraulick\u00fdm olejem je nezbytn\u00e9 pro zv\u00fd\u0161en\u00ed \u017eivotnosti.\n    <\/p>\n<\/li>\n<li>\n<h3>Bezpe\u010dnost<\/h3>\n<p>\n      P\u0159i n\u00e1vrhu a provozu v\u00e1lc\u016f ramen by m\u011bla b\u00fdt zv\u00e1\u017eena bezpe\u010dnostn\u00ed opat\u0159en\u00ed, aby se p\u0159ede\u0161lo nehod\u00e1m a zajistila bezpe\u010dnost obsluhy.\n    <\/p>\n<\/li>\n<li>\n<h3>Udr\u017eovatelnost<\/h3>\n<p>\n      V\u00e1lce ramen by m\u011bly b\u00fdt navr\u017eeny pro snadnou \u00fadr\u017ebu a opravy, co\u017e by umo\u017e\u0148ovalo rychl\u00e9 kontroly a v\u00fdm\u011bnu sou\u010d\u00e1st\u00ed v p\u0159\u00edpad\u011b pot\u0159eby.\n    <\/p>\n<\/li>\n<\/ul>\n<p>\n  <img decoding=\"async\" src=\"https:\/\/www.hydraulic-cylinders.net\/wp-content\/uploads\/2025\/01\/songte-cylinder-head-with-all-kinds-excavator-models.webp\" alt=\"Obr\u00e1zek produktu\">\n<\/p>\n<h2>T\u011bsn\u011bn\u00ed a maz\u00e1n\u00ed<\/h2>\n<p>\n  V\u00e1lce s rameny vyu\u017e\u00edvaj\u00ed r\u016fzn\u00e9 t\u011bsnic\u00ed komponenty, jako jsou t\u011bsn\u011bn\u00ed p\u00edst\u016f a p\u00edstnic, vyroben\u00e9 z materi\u00e1l\u016f odoln\u00fdch proti opot\u0159eben\u00ed, jako je polyuretan a nitrilov\u00e1 pry\u017e. T\u011bleso v\u00e1lce a z\u00e1vitov\u00e9 koncov\u00e9 plochy proch\u00e1zej\u00ed jemn\u00fdm o\u0161et\u0159en\u00edm pro zlep\u0161en\u00ed odolnosti proti opot\u0159eben\u00ed. Pravideln\u00e9 maz\u00e1n\u00ed vhodn\u00fdm mno\u017estv\u00edm hydraulick\u00e9ho oleje je nezbytn\u00e9 pro zaji\u0161t\u011bn\u00ed plynul\u00e9ho provozu a prodlou\u017een\u00ed \u017eivotnosti v\u00e1lce.\n<\/p>\n<h2>Pravideln\u00e1 kontrola a preventivn\u00ed \u00fadr\u017eba<\/h2>\n<p>\n  Pro zaji\u0161t\u011bn\u00ed optim\u00e1ln\u00edho v\u00fdkonu a dlouh\u00e9 \u017eivotnosti v\u00e1lce ramene je t\u0159eba prov\u00e1d\u011bt pravideln\u00e9 kontroly a preventivn\u00ed \u00fadr\u017ebu. Lze p\u0159ijmout n\u00e1sleduj\u00edc\u00ed opat\u0159en\u00ed:\n<\/p>\n<ul>\n<li>Zkontrolujte t\u011bleso v\u00e1lce a jeho sou\u010d\u00e1sti, zda nevykazuj\u00ed zn\u00e1mky opot\u0159eben\u00ed nebo po\u0161kozen\u00ed.<\/li>\n<li>Zkontrolujte t\u011bsn\u011bn\u00ed a v p\u0159\u00edpad\u011b pot\u0159eby je vym\u011b\u0148te.<\/li>\n<li>Sledujte hladinu maz\u00e1n\u00ed a v p\u0159\u00edpad\u011b pot\u0159eby dopl\u0148te hydraulick\u00fd olej.<\/li>\n<li>Ut\u00e1hn\u011bte v\u0161echny uvoln\u011bn\u00e9 spoje nebo upev\u0148ovac\u00ed prvky.<\/li>\n<li>Zkontrolujte mont\u00e1\u017en\u00ed konzoly a ujist\u011bte se, \u017ee jsou bezpe\u010dn\u011b upevn\u011bn\u00e9.<\/li>\n<\/ul>\n<h2>Pr\u016fvodce instalac\u00ed produktu<\/h2>\n<p>\n  Spr\u00e1vn\u00e1 instalace v\u00e1lce ramene je kl\u00ed\u010dov\u00e1 pro jeho v\u00fdkon a bezpe\u010dnost. Pro spr\u00e1vnou instalaci postupujte podle t\u011bchto krok\u016f:\n<\/p>\n<ol>\n<li>P\u0159ipravte mont\u00e1\u017en\u00ed povrch a ujist\u011bte se, \u017ee je \u010dist\u00fd a rovn\u00fd.<\/li>\n<li>P\u0159ipevn\u011bte v\u00e1lec k mont\u00e1\u017en\u00edm konzol\u00e1m pomoc\u00ed vhodn\u00fdch upev\u0148ovac\u00edch prvk\u016f.<\/li>\n<li>P\u0159ipojte hydraulick\u00e9 hadice a zajist\u011bte jejich spr\u00e1vn\u00e9 ut\u011bsn\u011bn\u00ed.<\/li>\n<li>Zkontrolujte vyrovn\u00e1n\u00ed v\u00e1lce a v p\u0159\u00edpad\u011b pot\u0159eby jej se\u0159i\u010fte.<\/li>\n<li>Zajist\u011bte v\u0161echna p\u0159ipojen\u00ed a prove\u010fte tlakovou zkou\u0161ku, abyste se ujistili o spr\u00e1vn\u00e9 funk\u010dnosti.<\/li>\n<\/ol>\n<p>\n  <img decoding=\"async\" src=\"https:\/\/www.hydraulic-cylinders.net\/wp-content\/uploads\/2025\/01\/songte-bushings-with-all-kinds-of-excavator-models.webp\" alt=\"Obr\u00e1zek produktu\">\n<\/p>\n<h2>Bezpe\u010dnostn\u00ed aspekty a faktory prost\u0159ed\u00ed<\/h2>\n<p>\n  P\u0159i pou\u017e\u00edv\u00e1n\u00ed v\u00e1lc\u016f s ramenem je d\u016fle\u017eit\u00e9 up\u0159ednostnit bezpe\u010dnostn\u00ed opat\u0159en\u00ed. Bezpe\u010dnostn\u00ed opat\u0159en\u00ed by m\u011bla b\u00fdt dodr\u017eov\u00e1na, aby se p\u0159ede\u0161lo nehod\u00e1m a zajistila se bezpe\u010dnost obsluhy a ostatn\u00edho person\u00e1lu.\n<\/p>\n<h2>Odstra\u0148ov\u00e1n\u00ed probl\u00e9m\u016f a b\u011b\u017en\u00e9 probl\u00e9my<\/h2>\n<p>\n  V p\u0159\u00edpad\u011b jak\u00fdchkoli poruch nebo probl\u00e9m\u016f s v\u00e1lcem ramene v\u00e1m mohou b\u00fdt u\u017eite\u010dn\u00e9 n\u00e1sleduj\u00edc\u00ed tipy a \u0159e\u0161en\u00ed probl\u00e9m\u016f:\n<\/p>\n<ul>\n<li>\n<h3>Probl\u00e9m: V\u00e1lec se spr\u00e1vn\u011b nevysouv\u00e1 ani nezasouv\u00e1.<\/h3>\n<p>\n      \u0158e\u0161en\u00ed: Zkontrolujte, zda v hydraulick\u00fdch potrub\u00edch nejsou n\u011bjak\u00e9 ucp\u00e1n\u00ed, zda nejsou t\u011bsn\u011bn\u00ed po\u0161kozen\u00e1, a zajist\u011bte spr\u00e1vn\u00e9 maz\u00e1n\u00ed v\u0161ech pohybliv\u00fdch \u010d\u00e1st\u00ed.\n    <\/p>\n<\/li>\n<li>\n<h3>Probl\u00e9m: \u00danik kolem v\u00e1lce.<\/h3>\n<p>\n      \u0158e\u0161en\u00ed: Zkontrolujte t\u011bsn\u011bn\u00ed a v p\u0159\u00edpad\u011b po\u0161kozen\u00ed je vym\u011b\u0148te. Zajist\u011bte \u0159\u00e1dn\u00e9 uta\u017een\u00ed v\u0161ech spoj\u016f a armatur.\n    <\/p>\n<\/li>\n<li>\n<h3>Probl\u00e9m: Nadm\u011brn\u00fd hluk b\u011bhem provozu.<\/h3>\n<p>\n      \u0158e\u0161en\u00ed: Zkontrolujte, zda nejsou uvoln\u011bn\u00e9 sou\u010d\u00e1sti nebo spoje, a ut\u00e1hn\u011bte je. Zkontrolujte v\u00e1lec, zda nejsou<\/p>","protected":false},"excerpt":{"rendered":"<p>Arm Cylinder For Bobcat Small Excavator E50 Introduction The arm cylinder is a specialized hydraulic cylinder designed to provide linear motion and power to the arm of various machinery, such as excavators, cranes, and mechanical arms. It plays a crucial role in hydraulic systems, allowing for the efficient movement and control of additional tools or [&hellip;]<\/p>","protected":false},"featured_media":14783,"comment_status":"open","ping_status":"closed","template":"","meta":{"_et_pb_use_builder":"","_et_pb_old_content":"","_et_gb_content_width":""},"product_brand":[],"product_cat":[1497],"product_tag":[1498,1496],"class_list":{"0":"post-16617","1":"product","2":"type-product","3":"status-publish","4":"has-post-thumbnail","6":"product_cat-arm-cylinders","7":"product_tag-arm-cylinders","8":"product_tag-hydraulic-cylinders","10":"first","11":"instock","12":"shipping-taxable","13":"product-type-simple"},"amp_enabled":true,"_links":{"self":[{"href":"https:\/\/www.hydraulic-cylinders.net\/cs\/wp-json\/wp\/v2\/product\/16617","targetHints":{"allow":["GET"]}}],"collection":[{"href":"https:\/\/www.hydraulic-cylinders.net\/cs\/wp-json\/wp\/v2\/product"}],"about":[{"href":"https:\/\/www.hydraulic-cylinders.net\/cs\/wp-json\/wp\/v2\/types\/product"}],"replies":[{"embeddable":true,"href":"https:\/\/www.hydraulic-cylinders.net\/cs\/wp-json\/wp\/v2\/comments?post=16617"}],"wp:featuredmedia":[{"embeddable":true,"href":"https:\/\/www.hydraulic-cylinders.net\/cs\/wp-json\/wp\/v2\/media\/14783"}],"wp:attachment":[{"href":"https:\/\/www.hydraulic-cylinders.net\/cs\/wp-json\/wp\/v2\/media?parent=16617"}],"wp:term":[{"taxonomy":"product_brand","embeddable":true,"href":"https:\/\/www.hydraulic-cylinders.net\/cs\/wp-json\/wp\/v2\/product_brand?post=16617"},{"taxonomy":"product_cat","embeddable":true,"href":"https:\/\/www.hydraulic-cylinders.net\/cs\/wp-json\/wp\/v2\/product_cat?post=16617"},{"taxonomy":"product_tag","embeddable":true,"href":"https:\/\/www.hydraulic-cylinders.net\/cs\/wp-json\/wp\/v2\/product_tag?post=16617"}],"curies":[{"name":"wp","href":"https:\/\/api.w.org\/{rel}","templated":true}]}}