{"id":16624,"date":"2025-01-21T05:38:41","date_gmt":"2025-01-21T05:38:41","guid":{"rendered":"https:\/\/www.hydraulic-cylinders.net\/product\/arm-cylinder-for-bobcat-small-excavator-e85\/"},"modified":"2025-01-21T05:38:43","modified_gmt":"2025-01-21T05:38:43","slug":"arm-cylinder-for-bobcat-small-excavator-e85","status":"publish","type":"product","link":"https:\/\/www.hydraulic-cylinders.net\/cs\/produkt\/arm-cylinder-for-bobcat-small-excavator-e85\/","title":{"rendered":"V\u00e1lec ramene pro mal\u00e9 rypadlo Bobcat E85"},"content":{"rendered":"<h2>V\u00e1lec ramene pro mal\u00e9 rypadlo Bobcat E85<\/h2>\n<h3>Zaveden\u00ed<\/h3>\n<p>Hydraulick\u00fd v\u00e1lec ramene, zn\u00e1m\u00fd tak\u00e9 jako hydraulick\u00fd v\u00e1lec, je speci\u00e1ln\u011b navr\u017een\u00fd hydraulick\u00fd aktu\u00e1tor pou\u017e\u00edvan\u00fd k zaji\u0161t\u011bn\u00ed line\u00e1rn\u00edho pohybu a v\u00fdkonu ramen r\u016fzn\u00fdch stroj\u016f, jako jsou bagry, je\u0159\u00e1by a robotick\u00e1 ramena. V\u00e1lec ramene hraje kl\u00ed\u010dovou roli v hydraulick\u00fdch syst\u00e9mech, proto\u017ee umo\u017e\u0148uje pohyb a ovl\u00e1d\u00e1n\u00ed p\u0159\u00edslu\u0161enstv\u00ed nebo p\u0159\u00eddavn\u00fdch za\u0159\u00edzen\u00ed. Tyto v\u00e1lce nejen\u017ee zaji\u0161\u0165uj\u00ed plynul\u00fd pohyb, ale tak\u00e9 odol\u00e1vaj\u00ed t\u011b\u017ek\u00fdm z\u00e1t\u011b\u017e\u00edm, \u010d\u00edm\u017e zaji\u0161\u0165uj\u00ed efektivn\u00ed provoz a spolehlivost stroj\u016f za r\u016fzn\u00fdch provozn\u00edch podm\u00ednek.<\/p>\n<p><img decoding=\"async\" src=\"https:\/\/www.hydraulic-cylinders.net\/wp-content\/uploads\/2025\/01\/songte-company-2.webp\" alt=\"Obr\u00e1zek v\u00e1lce ramene\" \/><\/p>\n<h3>Funkce<\/h3>\n<ul>\n<li><strong>Vysoce \u00fa\u010dinn\u00fd p\u0159enos v\u00fdkonu:<\/strong> V\u00e1lec ramene m\u016f\u017ee poskytovat siln\u00fd line\u00e1rn\u00ed pohyb a s\u00edlu, co\u017e zaji\u0161\u0165uje vysokou \u00fa\u010dinnost ramene stroje b\u011bhem r\u016fzn\u00fdch operac\u00ed.<\/li>\n<li><strong>P\u0159esn\u00e9 ovl\u00e1d\u00e1n\u00ed:<\/strong> D\u00edky hydraulick\u00fdm syst\u00e9m\u016fm m\u016f\u017ee v\u00e1lec ramene dos\u00e1hnout p\u0159esn\u00e9ho \u0159\u00edzen\u00ed pohybu, co\u017e zvy\u0161uje flexibilitu a p\u0159esnost ovl\u00e1d\u00e1n\u00ed p\u0159ipojen\u00fdch n\u00e1stroj\u016f.<\/li>\n<li><strong>Odoln\u00fd:<\/strong> V\u00e1lce ramen jsou obvykle vyrobeny z vysoce pevn\u00fdch materi\u00e1l\u016f a maj\u00ed dobrou odolnost proti opot\u0159eben\u00ed a korozi, d\u00edky \u010demu\u017e jsou vhodn\u00e9 pro dlouhodob\u00e9 pou\u017e\u00edv\u00e1n\u00ed v n\u00e1ro\u010dn\u00fdch podm\u00ednk\u00e1ch.<\/li>\n<li><strong>Multifunk\u010dn\u00ed p\u0159izp\u016fsobivost:<\/strong> Tyto v\u00e1lce lze \u0161iroce pou\u017e\u00edvat v r\u016fzn\u00fdch mechanick\u00fdch za\u0159\u00edzen\u00edch, jako jsou bagry, je\u0159\u00e1by a robotick\u00e1 ramena, a p\u0159izp\u016fsobit se tak r\u016fzn\u00fdm pracovn\u00edm po\u017eadavk\u016fm.<\/li>\n<li><strong>Snadn\u00e1 \u00fadr\u017eba:<\/strong> D\u00edky snadn\u00e9 \u00fadr\u017eb\u011b a v\u00fdm\u011bn\u011b jsou pravideln\u00e9 kontroly a \u00fadr\u017eba pohodln\u011bj\u0161\u00ed a zkracuj\u00ed se tak prostoje za\u0159\u00edzen\u00ed.<\/li>\n<\/ul>\n<p>Jsme schopni tento produkt vyrobit a nab\u00eddnout perfektn\u00ed n\u00e1hradu za tyto hydraulick\u00e9 v\u00e1lce.<\/p>\n<p><img decoding=\"async\" src=\"https:\/\/www.hydraulic-cylinders.net\/wp-content\/uploads\/2025\/01\/songte-oil-pipes-and-spare-parts.webp\" alt=\"Obr\u00e1zek d\u00edl\u016f hydraulick\u00e9ho v\u00e1lce\" \/><\/p>\n<h3>Aplikace<\/h3>\n<p>V\u00e1lce ramen maj\u00ed rozmanit\u00e9 uplatn\u011bn\u00ed v r\u016fzn\u00fdch pr\u016fmyslov\u00fdch odv\u011btv\u00edch:<\/p>\n<ul>\n<li><strong>Stavebn\u00ed in\u017een\u00fdrstv\u00ed:<\/strong> V\u00e1lce ramen se pou\u017e\u00edvaj\u00ed v bagrech a je\u0159\u00e1bech k ovl\u00e1d\u00e1n\u00ed pohybu l\u017e\u00edc nebo v\u00fdlo\u017en\u00edk\u016f pro zemn\u00ed pr\u00e1ce, manipulaci s materi\u00e1lem a mont\u00e1\u017e konstrukc\u00ed.<\/li>\n<li><strong>V\u00fdrobn\u00ed:<\/strong> V automatizovan\u00fdch v\u00fdrobn\u00edch link\u00e1ch se v\u00e1lce ramen pou\u017e\u00edvaj\u00ed k pohybu robotick\u00fdch ramen b\u011bhem mont\u00e1\u017en\u00edch, sva\u0159ovac\u00edch a manipula\u010dn\u00edch proces\u016f, aby se zlep\u0161ila efektivita a p\u0159esnost v\u00fdroby.<\/li>\n<li><strong>Zem\u011bd\u011blsk\u00e9 stroje:<\/strong> V\u00e1lce ramen ovl\u00e1daj\u00ed pohyb ovl\u00e1dac\u00edch ramen v zem\u011bd\u011blsk\u00fdch stroj\u00edch, jako jsou skl\u00edzec\u00ed a sec\u00ed stroje, a prov\u00e1d\u011bj\u00ed \u00fakoly, jako je s\u00e1zen\u00ed, hnojen\u00ed a sklize\u0148.<\/li>\n<li><strong>Hornictv\u00ed:<\/strong> V\u00e1lce ramen se pou\u017e\u00edvaj\u00ed v t\u011b\u017eebn\u00edch za\u0159\u00edzen\u00edch k ovl\u00e1d\u00e1n\u00ed pohybu ramen t\u011b\u017eebn\u00edch za\u0159\u00edzen\u00ed pro t\u011b\u017ebu a p\u0159epravu nerost\u016f.<\/li>\n<li><strong>Logistika a doprava:<\/strong> U vysokozdvi\u017en\u00fdch voz\u00edk\u016f a manipula\u010dn\u00edch robot\u016f ovl\u00e1daj\u00ed v\u00e1lce ramen zved\u00e1n\u00ed a pohyb vidlic pro manipulaci s materi\u00e1lem a stohov\u00e1n\u00ed.<\/li>\n<\/ul>\n<h3>Konstruk\u010dn\u00ed aspekty a krit\u00e9ria v\u00fdb\u011bru<\/h3>\n<p>Z hlediska n\u00e1vrhu je t\u0159eba zv\u00e1\u017eit n\u00e1sleduj\u00edc\u00ed krit\u00e9ria:<\/p>\n<ul>\n<li><strong>Nosnost:<\/strong> Hydraulick\u00e9 v\u00e1lce mus\u00ed b\u00fdt navr\u017eeny tak, aby zvl\u00e1dly provozn\u00ed zat\u00ed\u017een\u00ed strojn\u00edho za\u0159\u00edzen\u00ed.<\/li>\n<li><strong>T\u011bsn\u011bn\u00ed:<\/strong> Hydraulick\u00e9 v\u00e1lce mus\u00ed b\u00fdt \u0159\u00e1dn\u011b ut\u011bsn\u011bny, aby se zabr\u00e1nilo \u00faniku a udr\u017eel se tlak.<\/li>\n<li><strong>Trvanlivost:<\/strong> Hydraulick\u00e9 v\u00e1lce by m\u011bly b\u00fdt vyrobeny z materi\u00e1l\u016f odoln\u00fdch proti opot\u0159eben\u00ed a korozi.<\/li>\n<li><strong>Bezpe\u010dnost:<\/strong> Hydraulick\u00e9 v\u00e1lce mus\u00ed b\u00fdt navr\u017eeny tak, aby se zabr\u00e1nilo nehod\u00e1m a byla zaji\u0161t\u011bna bezpe\u010dnost person\u00e1lu a za\u0159\u00edzen\u00ed.<\/li>\n<li><strong>\u00dadr\u017eba:<\/strong> Hydraulick\u00e9 v\u00e1lce by m\u011bly b\u00fdt navr\u017eeny tak, aby umo\u017e\u0148ovaly snadnou \u00fadr\u017ebu a v\u00fdm\u011bnu d\u00edl\u016f, a t\u00edm zkracovaly prostoje.<\/li>\n<\/ul>\n<p><img decoding=\"async\" src=\"https:\/\/www.hydraulic-cylinders.net\/wp-content\/uploads\/2025\/01\/songte-cylinder-head-with-all-kinds-excavator-models.webp\" alt=\"Obr\u00e1zek hlavy v\u00e1lc\u016f\" \/><\/p>\n<h3>T\u011bsn\u011bn\u00ed a maz\u00e1n\u00ed<\/h3>\n<p>V hydraulick\u00fdch v\u00e1lc\u00edch se pou\u017e\u00edvaj\u00ed r\u016fzn\u00e9 t\u011bsnic\u00ed komponenty, jako jsou p\u00edstn\u00ed t\u011bsn\u011bn\u00ed a t\u011bsn\u011bn\u00ed p\u00edstnice. Tato t\u011bsn\u011bn\u00ed jsou vyrobena z materi\u00e1l\u016f odoln\u00fdch proti opot\u0159eben\u00ed, jako je polyuretan a nitrilov\u00e1 pry\u017e. T\u011bleso v\u00e1lce a povrch z\u00e1vitu jsou jemn\u011b opracov\u00e1ny pro zlep\u0161en\u00ed odolnosti proti opot\u0159eben\u00ed. Pro udr\u017een\u00ed spr\u00e1vn\u00e9 funkce je tak\u00e9 nezbytn\u00e9 pravideln\u00e9 maz\u00e1n\u00ed vhodn\u00fdm mno\u017estv\u00edm hydraulick\u00e9ho oleje.<\/p>\n<h3>Inspek\u010dn\u00ed a preventivn\u00ed \u00fadr\u017ebov\u00e1 opat\u0159en\u00ed<\/h3>\n<p>Pro zaji\u0161t\u011bn\u00ed spr\u00e1vn\u00e9 funkce hydraulick\u00fdch v\u00e1lc\u016f jsou nezbytn\u00e9 pravideln\u00e9 kontroly a preventivn\u00ed \u00fadr\u017eba. M\u011bla by b\u00fdt p\u0159ijata n\u00e1sleduj\u00edc\u00ed opat\u0159en\u00ed:<\/p>\n<ul>\n<li><strong>Pravideln\u00e1 kontrola t\u011blesa v\u00e1lce, p\u00edstnice a t\u011bsn\u011bn\u00ed:<\/strong> D\u00edky tomu je hydraulick\u00fd v\u00e1lec v dobr\u00e9m stavu a p\u0159\u00edpadn\u00e9 probl\u00e9my jsou v\u010das odhaleny.<\/li>\n<li><strong>V\u00fdm\u011bna opot\u0159ebovan\u00fdch t\u011bsn\u011bn\u00ed:<\/strong> T\u00edm se zabr\u00e1n\u00ed \u00faniku a udr\u017e\u00ed se hydraulick\u00fd tlak.<\/li>\n<li><strong>Pravideln\u00e9 maz\u00e1n\u00ed:<\/strong> T\u00edm je zaji\u0161t\u011bna spr\u00e1vn\u00e1 funkce a prodlou\u017eena \u017eivotnost hydraulick\u00e9ho v\u00e1lce.<\/li>\n<\/ul>\n<p>Tato opat\u0159en\u00ed mohou pomoci sn\u00ed\u017eit v\u00fdskyt probl\u00e9m\u016f a prodlou\u017eit \u017eivotnost hydraulick\u00fdch v\u00e1lc\u016f.<\/p>\n<p><img decoding=\"async\" src=\"https:\/\/www.hydraulic-cylinders.net\/wp-content\/uploads\/2025\/01\/songte-chushion-collar.webp\" alt=\"Obr\u00e1zek pol\u0161t\u00e1\u0159ov\u00e9ho l\u00edmce\" \/><\/p>\n<h3>Instala\u010dn\u00ed p\u0159\u00edru\u010dka<\/h3>\n<p>Spr\u00e1vn\u00e1 instalace je z\u00e1sadn\u00ed pro spr\u00e1vnou funkci hydraulick\u00fdch v\u00e1lc\u016f. Je t\u0159eba prov\u00e9st n\u00e1sleduj\u00edc\u00ed kroky:<\/p>\n<ul>\n<li><strong>Vy\u010dist\u011bte povrch, na kter\u00fd bude provedena instalace:<\/strong> T\u00edm je zaji\u0161t\u011bno, \u017ee se nedostanou \u017e\u00e1dn\u00e9 ne\u010distoty nebo \u00falomky, kter\u00e9 by mohly ovlivnit instalaci.<\/li>\n<li><strong>Namontujte v\u00e1lec:<\/strong> Ujist\u011bte se, \u017ee je v\u00e1lec spr\u00e1vn\u011b namontov\u00e1n na dr\u017e\u00e1ku a p\u0159ipojen k hydraulick\u00e9mu syst\u00e9mu.<\/li>\n<li><strong>Zkontrolujte t\u011bsn\u011bn\u00ed:<\/strong> Ujist\u011bte se, \u017ee t\u011bsn\u011bn\u00ed jsou spr\u00e1vn\u011b nainstalov\u00e1na a v dobr\u00e9m stavu.<\/li>\n<li><strong>Mazat:<\/strong> Proma\u017ete v\u00e1lec podle pokyn\u016f v\u00fdrobce.<\/li>\n<li><strong>Zkontrolujte operaci:<\/strong> Zkontrolujte funkci v\u00e1lce, abyste se ujistili, \u017ee funguje spr\u00e1vn\u011b.<\/li>\n<\/ul>\n<p><img decoding=\"async\" src=\"https:\/\/www.hydraulic-cylinders.net\/wp-content\/uploads\/2025\/01\/songte-bushings-with-all-kinds-of-excavator-models.webp\" alt=\"Obr\u00e1zek pouzder\" \/><\/p>\n<h3>Bezpe\u010dnostn\u00ed aspekty a faktory prost\u0159ed\u00ed<\/h3>\n<p>Pou\u017e\u00edv\u00e1n\u00ed hydraulick\u00fdch v\u00e1lc\u016f vy\u017eaduje dodr\u017eov\u00e1n\u00ed bezpe\u010dnostn\u00edch pravidel a p\u0159edpis\u016f. Pro sn\u00ed\u017een\u00ed rizika nehod by m\u011bla b\u00fdt zavedena bezpe\u010dnostn\u00ed opat\u0159en\u00ed, jako je \u0159\u00e1dn\u00e9 \u0161kolen\u00ed, pravideln\u00e9 kontroly a preventivn\u00ed \u00fadr\u017eba. Je t\u0159eba zohlednit tak\u00e9 faktory prost\u0159ed\u00ed, jako je teplota a vlhkost, proto\u017ee ty mohou ovlivnit v\u00fdkon hydraulick\u00fdch v\u00e1lc\u016f.<\/p>\n<h3>Odstra\u0148ov\u00e1n\u00ed probl\u00e9m\u016f a b\u011b\u017en\u00e9 probl\u00e9my<\/h3>\n<p>Mezi b\u011b\u017en\u00e9 probl\u00e9my, kter\u00e9 se mohou u hydraulick\u00fdch v\u00e1lc\u016f vyskytnout, pat\u0159\u00ed net\u011bsnost, nedostate\u010dn\u00fd tlak a posun v\u00e1lce. Pro \u0159e\u0161en\u00ed t\u011bchto probl\u00e9m\u016f je t\u0159eba zv\u00e1\u017eit n\u00e1sleduj\u00edc\u00ed tipy a \u0159e\u0161en\u00ed:<\/p>\n<ul>\n<li><strong>\u00danik:<\/strong> K \u00faniku m\u016f\u017ee doj\u00edt v d\u016fsledku po\u0161kozen\u00fdch t\u011bsn\u011bn\u00ed nebo nedostate\u010dn\u00e9ho uta\u017een\u00ed armatur. V p\u0159\u00edpad\u011b pot\u0159eby vym\u011b\u0148te t\u011bsn\u011bn\u00ed nebo ut\u00e1hn\u011bte armatury.<\/li>\n<li><strong>Nedostate\u010dn\u00fd tlak:<\/strong> Nedostate\u010dn\u00fd tlak m\u016f\u017ee b\u00fdt zp\u016fsoben vadn\u00fdm \u010derpadlem nebo ucpan\u00fdmi filtry. Zkontrolujte \u010derpadlo a filtry a v p\u0159\u00edpad\u011b pot\u0159eby je vy\u010dist\u011bte nebo vym\u011b\u0148te.<\/li>\n<li><strong>Posun v\u00e1lce:<\/strong> K posunu v\u00e1lce m\u016f\u017ee doch\u00e1zet v d\u016fsledku n\u00edzk\u00e9ho hydraulick\u00e9ho tlaku nebo po\u0161kozen\u00e9ho t\u011bsn\u011bn\u00ed p\u00edstu. Zkontrolujte hydraulick\u00fd tlak a v p\u0159\u00edpad\u011b pot\u0159eby vym\u011b\u0148te t\u011bsn\u011bn\u00ed p\u00edstu.<\/li>\n<\/ul>\n<p>Preventivn\u00ed opat\u0159en\u00ed, jako je pravideln\u00e1 kontrola a \u00fadr\u017eba, mohou tak\u00e9 pomoci sn\u00ed\u017eit v\u00fdskyt t\u011bchto probl\u00e9m\u016f.<\/p>\n<p><img decoding=\"async\" src=\"https:\/\/www.hydraulic-cylinders.net\/wp-content\/uploads\/2025\/01\/songte-company-4.webp\" alt=\"Image spole\u010dnosti\" \/><\/p>\n<h3>O n\u00e1s<\/h3>\n<p>Jsme profesion\u00e1ln\u00ed v\u00fdrobce n\u00e1hradn\u00edch hydraulick\u00fdch v\u00e1lc\u016f s \u0161irokou \u0161k\u00e1lou produkt\u016f. Stali jsme se jedn\u00edm z p\u0159edn\u00edch v\u00fdrobc\u016f a velkoobchodn\u00edch distributor\u016f hydraulick\u00fdch v\u00e1lc\u016f na dom\u00e1c\u00edm i mezin\u00e1rodn\u00edm trhu. V\u017edy se dr\u017e\u00edme principu vynikaj\u00edc\u00ed kvality, spol\u00e9h\u00e1me se na industrializovan\u00e9 strategie \u0159\u00edzen\u00ed v\u00fdroby v precizn\u00edch v\u00fdrobn\u00edch d\u00edln\u00e1ch a neust\u00e1le zlep\u0161ujeme na\u0161i technickou \u00farove\u0148 a efektivitu v\u00fdroby. Zav\u00e1d\u011bn\u00edm \u0161pi\u010dkov\u00e9ho digit\u00e1ln\u00edho v\u00fdrobn\u00edho za\u0159\u00edzen\u00ed a profesion\u00e1ln\u00edch testovac\u00edch syst\u00e9m\u016f neust\u00e1le optimalizujeme na\u0161i v\u00fdrobn\u00ed platformu, zlep\u0161ujeme procesy kontroly kvality na\u0161ich v\u00fdrobk\u016f a disponujeme siln\u00fdmi inova\u010dn\u00edmi schopnostmi. Na\u0161\u00edm c\u00edlem je uspokojovat rozmanit\u00e9 pot\u0159eby z\u00e1kazn\u00edk\u016f s vysokou efektivitou, p\u0159esnost\u00ed a vysokou kvalitou.<\/p>\n<p>Na\u0161im z\u00e1kazn\u00edk\u016fm nab\u00edz\u00edme odborn\u00e9 znalosti, mezin\u00e1rodn\u00ed certifikace, slu\u017eby na m\u00edru, v\u00fdrobn\u00ed za\u0159\u00edzen\u00ed a poprodejn\u00ed servis.<\/p>\n<p><img decoding=\"async\" src=\"https:\/\/www.hydraulic-cylinders.net\/wp-content\/uploads\/2025\/01\/songte-company-3.webp\" alt=\"Image spole\u010dnosti\" \/><\/p>\n<p>Autor: lyl<\/p>","protected":false},"excerpt":{"rendered":"<p>Arm Cylinder For Bobcat Small Excavator E85 Introduction The arm cylinder, also known as hydraulic cylinder, is a specially designed hydraulic actuator used to provide linear motion and power to the arms of various machinery such as excavators, cranes and robotic arms. The arm cylinder plays a critical role in hydraulic systems, enabling the movement [&hellip;]<\/p>","protected":false},"featured_media":14763,"comment_status":"open","ping_status":"closed","template":"","meta":{"_et_pb_use_builder":"","_et_pb_old_content":"","_et_gb_content_width":""},"product_brand":[],"product_cat":[1497],"product_tag":[1498,1496],"class_list":{"0":"post-16624","1":"product","2":"type-product","3":"status-publish","4":"has-post-thumbnail","6":"product_cat-arm-cylinders","7":"product_tag-arm-cylinders","8":"product_tag-hydraulic-cylinders","10":"first","11":"instock","12":"shipping-taxable","13":"product-type-simple"},"amp_enabled":true,"_links":{"self":[{"href":"https:\/\/www.hydraulic-cylinders.net\/cs\/wp-json\/wp\/v2\/product\/16624","targetHints":{"allow":["GET"]}}],"collection":[{"href":"https:\/\/www.hydraulic-cylinders.net\/cs\/wp-json\/wp\/v2\/product"}],"about":[{"href":"https:\/\/www.hydraulic-cylinders.net\/cs\/wp-json\/wp\/v2\/types\/product"}],"replies":[{"embeddable":true,"href":"https:\/\/www.hydraulic-cylinders.net\/cs\/wp-json\/wp\/v2\/comments?post=16624"}],"wp:featuredmedia":[{"embeddable":true,"href":"https:\/\/www.hydraulic-cylinders.net\/cs\/wp-json\/wp\/v2\/media\/14763"}],"wp:attachment":[{"href":"https:\/\/www.hydraulic-cylinders.net\/cs\/wp-json\/wp\/v2\/media?parent=16624"}],"wp:term":[{"taxonomy":"product_brand","embeddable":true,"href":"https:\/\/www.hydraulic-cylinders.net\/cs\/wp-json\/wp\/v2\/product_brand?post=16624"},{"taxonomy":"product_cat","embeddable":true,"href":"https:\/\/www.hydraulic-cylinders.net\/cs\/wp-json\/wp\/v2\/product_cat?post=16624"},{"taxonomy":"product_tag","embeddable":true,"href":"https:\/\/www.hydraulic-cylinders.net\/cs\/wp-json\/wp\/v2\/product_tag?post=16624"}],"curies":[{"name":"wp","href":"https:\/\/api.w.org\/{rel}","templated":true}]}}