{"id":16629,"date":"2025-01-21T05:39:00","date_gmt":"2025-01-21T05:39:00","guid":{"rendered":"https:\/\/www.hydraulic-cylinders.net\/product\/arm-cylinder-for-der-der323-8elzm\/"},"modified":"2025-01-21T05:39:02","modified_gmt":"2025-01-21T05:39:02","slug":"arm-cylinder-for-der-der323-8elzm","status":"publish","type":"product","link":"https:\/\/www.hydraulic-cylinders.net\/cs\/produkt\/arm-cylinder-for-der-der323-8elzm\/","title":{"rendered":"V\u00e1lec ramene pro DER DER323-8ELZM"},"content":{"rendered":"<h1>V\u00e1lec ramene pro DER DER323-8ELZM<\/h1>\n<h2>Zaveden\u00ed<\/h2>\n<p>Hydraulick\u00fd v\u00e1lec ramene je speci\u00e1ln\u011b navr\u017een\u00fd hydraulick\u00fd v\u00e1lec pou\u017e\u00edvan\u00fd k zaji\u0161t\u011bn\u00ed line\u00e1rn\u00edho pohybu a v\u00fdkonu r\u016fzn\u00fdch typ\u016f stroj\u016f, jako jsou bagry, je\u0159\u00e1by a mechanick\u00e1 ramena. V\u00e1lce ramen hraj\u00ed kl\u00ed\u010dovou roli v hydraulick\u00fdch syst\u00e9mech, proto\u017ee umo\u017e\u0148uj\u00ed efektivn\u00ed pohyb a ovl\u00e1d\u00e1n\u00ed p\u0159\u00edslu\u0161enstv\u00ed a p\u0159\u00edslu\u0161enstv\u00ed. Tyto v\u00e1lce nejen\u017ee zaji\u0161\u0165uj\u00ed plynul\u00fd pohyb, ale tak\u00e9 unesou t\u011b\u017ek\u00e1 zat\u00ed\u017een\u00ed, co\u017e zaji\u0161\u0165uje efektivn\u00ed provoz a spolehlivost stroj\u016f za r\u016fzn\u00fdch provozn\u00edch podm\u00ednek.<\/p>\n<p><img decoding=\"async\" src=\"https:\/\/www.hydraulic-cylinders.net\/wp-content\/uploads\/2025\/01\/songte-company-2.webp\"\/><\/p>\n<h2>Funkce<\/h2>\n<ul>\n<li>\n<h3>Efektivn\u00ed p\u0159enos v\u00fdkonu<\/h3>\n<p>V\u00e1lce ramen zaji\u0161\u0165uj\u00ed siln\u00fd line\u00e1rn\u00ed pohyb a s\u00edlu, co\u017e zaji\u0161\u0165uje vysokou \u00fa\u010dinnost ramen stroj\u016f b\u011bhem operac\u00ed.<\/p>\n<\/li>\n<li>\n<h3>P\u0159esn\u00e9 \u0159\u00edzen\u00ed<\/h3>\n<p>D\u00edky hydraulick\u00fdm syst\u00e9m\u016fm mohou v\u00e1lce ramen dos\u00e1hnout p\u0159esn\u00e9ho \u0159\u00edzen\u00ed pohybu, co\u017e zvy\u0161uje flexibilitu a p\u0159esnost ovl\u00e1d\u00e1n\u00ed p\u0159\u00edslu\u0161enstv\u00ed.<\/p>\n<\/li>\n<li>\n<h3>Trvanlivost<\/h3>\n<p>V\u00e1lce ramen jsou obvykle vyrobeny z vysoce pevn\u00fdch materi\u00e1l\u016f a maj\u00ed dobrou odolnost proti opot\u0159eben\u00ed a korozi, d\u00edky \u010demu\u017e jsou vhodn\u00e9 pro dlouhodob\u00e9 pou\u017e\u00edv\u00e1n\u00ed v n\u00e1ro\u010dn\u00fdch podm\u00ednk\u00e1ch.<\/p>\n<\/li>\n<li>\n<h3>Multifunk\u010dn\u00ed p\u0159izp\u016fsobivost<\/h3>\n<p>Tyto v\u00e1lce lze \u0161iroce pou\u017e\u00edvat v r\u016fzn\u00fdch mechanick\u00fdch za\u0159\u00edzen\u00edch, jako jsou bagry, je\u0159\u00e1by a mechanick\u00e1 ramena, aby spl\u0148ovaly r\u016fzn\u00e9 pracovn\u00ed po\u017eadavky.<\/p>\n<\/li>\n<li>\n<h3>Snadn\u00e1 \u00fadr\u017eba<\/h3>\n<p>V\u00e1lce ramen jsou navr\u017eeny pro snadnou \u00fadr\u017ebu a v\u00fdm\u011bnu a umo\u017e\u0148uj\u00ed pohodln\u00e9 pravideln\u00e9 kontroly a \u00fadr\u017ebu, co\u017e zkracuje prostoje za\u0159\u00edzen\u00ed.<\/p>\n<\/li>\n<\/ul>\n<p><img decoding=\"async\" src=\"https:\/\/www.hydraulic-cylinders.net\/wp-content\/uploads\/2025\/01\/songte-oil-pipes-and-spare-parts.webp\"\/><\/p>\n<h2>Aplikace<\/h2>\n<p>V\u00e1lce ramen se pou\u017e\u00edvaj\u00ed v r\u016fzn\u00fdch pr\u016fmyslov\u00fdch odv\u011btv\u00edch a aplikac\u00edch, jako nap\u0159\u00edklad:<\/p>\n<ul>\n<li>\n<h3>Stavebn\u00ed in\u017een\u00fdrstv\u00ed<\/h3>\n<p>U bagr\u016f a je\u0159\u00e1b\u016f se v\u00e1lce ramen pou\u017e\u00edvaj\u00ed k ovl\u00e1d\u00e1n\u00ed pohybu l\u017e\u00edc nebo v\u00fdlo\u017en\u00edk\u016f pro zemn\u00ed pr\u00e1ce, manipulaci s materi\u00e1lem a mont\u00e1\u017e konstrukc\u00ed.<\/p>\n<\/li>\n<li>\n<h3>V\u00fdrobn\u00ed<\/h3>\n<p>V automatizovan\u00fdch v\u00fdrobn\u00edch link\u00e1ch se v\u00e1lce ramen pou\u017e\u00edvaj\u00ed k mechanick\u00e9mu pohybu ramene p\u0159i mont\u00e1\u017ei, sva\u0159ov\u00e1n\u00ed a manipulaci, co\u017e zvy\u0161uje efektivitu a p\u0159esnost v\u00fdroby.<\/p>\n<\/li>\n<li>\n<h3>Zem\u011bd\u011blsk\u00e9 stroje<\/h3>\n<p>V zem\u011bd\u011blsk\u00fdch stroj\u00edch, jako jsou skl\u00edzec\u00ed a s\u00e1zec\u00ed stroje, ovl\u00e1daj\u00ed v\u00e1lce ramen pohyb opera\u010dn\u00edch ramen pro prov\u00e1d\u011bn\u00ed \u00fakol\u016f, jako je set\u00ed, hnojen\u00ed a sklize\u0148.<\/p>\n<\/li>\n<li>\n<h3>Hornictv\u00ed<\/h3>\n<p>V t\u011b\u017eebn\u00edch za\u0159\u00edzen\u00edch se v\u00e1lce ramen pou\u017e\u00edvaj\u00ed k ovl\u00e1d\u00e1n\u00ed pohybu ramen t\u011b\u017eebn\u00edho za\u0159\u00edzen\u00ed pro zpracov\u00e1n\u00ed a p\u0159epravu rudy.<\/p>\n<\/li>\n<li>\n<h3>Logistika a doprava<\/h3>\n<p>U vysokozdvi\u017en\u00fdch voz\u00edk\u016f a manipula\u010dn\u00edch robot\u016f se v\u00e1lce ramen pou\u017e\u00edvaj\u00ed k ovl\u00e1d\u00e1n\u00ed zved\u00e1n\u00ed a pohybu vidlic pro manipulaci s materi\u00e1lem a stohov\u00e1n\u00ed.<\/p>\n<\/li>\n<\/ul>\n<h2>Konstruk\u010dn\u00ed aspekty a krit\u00e9ria v\u00fdb\u011bru<\/h2>\n<p>V\u00e1lce ramen jsou navr\u017eeny s ohledem na n\u011bkolik kl\u00ed\u010dov\u00fdch faktor\u016f, v\u010detn\u011b:<\/p>\n<ul>\n<li>\n<h3>\u00danosnost<\/h3>\n<p>V\u00e1lce ramen jsou navr\u017eeny tak, aby unesly t\u011b\u017ek\u00e9 zat\u00ed\u017een\u00ed na z\u00e1klad\u011b po\u017eadavk\u016f na kapacitu stroj\u016f, kter\u00fdm slou\u017e\u00ed.<\/p>\n<\/li>\n<li>\n<h3>T\u011bsn\u011bn\u00ed<\/h3>\n<p>R\u016fzn\u00e9 t\u011bsnic\u00ed komponenty, jako jsou t\u011bsn\u011bn\u00ed p\u00edst\u016f a t\u011bsn\u011bn\u00ed p\u00edstnic, se vyb\u00edraj\u00ed na z\u00e1klad\u011b jejich odolnosti proti opot\u0159eben\u00ed a schopnosti zabr\u00e1nit \u00faniku.<\/p>\n<\/li>\n<li>\n<h3>Trvanlivost<\/h3>\n<p>V\u00e1lce jsou vyrobeny z vysoce pevn\u00fdch materi\u00e1l\u016f a pro\u0161ly povrchovou \u00fapravou pro zlep\u0161en\u00ed odolnosti proti opot\u0159eben\u00ed, korozi a dal\u0161\u00edch aspekt\u016f trvanlivosti.<\/p>\n<\/li>\n<li>\n<h3>Bezpe\u010dnost<\/h3>\n<p>B\u011bhem procesu n\u00e1vrhu se zohled\u0148uje n\u011bkolik bezpe\u010dnostn\u00edch opat\u0159en\u00ed, v\u010detn\u011b p\u0159etlakov\u00fdch ventil\u016f, ochrann\u00fdch za\u0159\u00edzen\u00ed proti roztr\u017een\u00ed a bezpe\u010dnostn\u00edch za\u0159\u00edzen\u00ed pro p\u0159ipojen\u00ed p\u0159\u00edslu\u0161enstv\u00ed.<\/p>\n<\/li>\n<li>\n<h3>\u00dadr\u017eba<\/h3>\n<p>V\u00e1lce jsou navr\u017eeny tak, aby se daly snadno udr\u017eovat a opravovat, v\u010detn\u011b snadno vym\u011bniteln\u00fdch t\u011bsn\u011bn\u00ed a jednoduch\u00fdch postup\u016f demont\u00e1\u017ee.<\/p>\n<\/li>\n<\/ul>\n<p><img decoding=\"async\" src=\"https:\/\/www.hydraulic-cylinders.net\/wp-content\/uploads\/2025\/01\/songte-cylinder-head-with-all-kinds-excavator-models.webp\"\/><\/p>\n<h2>T\u011bsn\u011bn\u00ed a maz\u00e1n\u00ed<\/h2>\n<p>V\u00e1lce s rameny pou\u017e\u00edvaj\u00ed r\u016fzn\u00e9 t\u011bsnic\u00ed komponenty, jako jsou t\u011bsn\u011bn\u00ed p\u00edst\u016f a p\u00edstnic, vyroben\u00e9 z materi\u00e1l\u016f odoln\u00fdch proti opot\u0159eben\u00ed, jako je polyuretan a nitrilov\u00e1 pry\u017e. Povrch t\u011blesa v\u00e1lce a z\u00e1vitov\u00e9ho konce je o\u0161et\u0159en pro zlep\u0161en\u00ed odolnosti proti opot\u0159eben\u00ed. Pro zaji\u0161t\u011bn\u00ed spr\u00e1vn\u00e9ho provozu a prodlou\u017een\u00ed \u017eivotnosti v\u00e1lce je nutn\u00e9 pravideln\u00e9 maz\u00e1n\u00ed vhodn\u00fdm hydraulick\u00fdm olejem.<\/p>\n<h2>Inspekce a preventivn\u00ed \u00fadr\u017eba<\/h2>\n<p>Pravideln\u00e1 kontrola a preventivn\u00ed \u00fadr\u017eba mohou sn\u00ed\u017eit pravd\u011bpodobnost neo\u010dek\u00e1van\u00fdch prostoj\u016f a n\u00e1klad\u016f na velk\u00e9 opravy. Mezi kl\u00ed\u010dov\u00e9 body, kter\u00e9 je t\u0159eba m\u00edt na pam\u011bti, pat\u0159\u00ed:<\/p>\n<ul>\n<li>\n<h3>Pravideln\u011b kontrolujte hladinu a kvalitu oleje<\/h3>\n<p>Ujist\u011bte se, \u017ee hydraulick\u00fd olej nen\u00ed zne\u010di\u0161t\u011bn\u00fd a m\u00e1 spr\u00e1vnou hladinu.<\/p>\n<\/li>\n<li>\n<h3>Zkontrolujte t\u011bsnost<\/h3>\n<p>Sledujte v\u00e1lec a hydraulick\u00fd syst\u00e9m, zda nedoch\u00e1z\u00ed k \u00fanik\u016fm.<\/p>\n<\/li>\n<li>\n<h3>Zkontrolujte t\u011bleso v\u00e1lce a p\u00edstn\u00ed ty\u010d, zda nejsou po\u0161kozen\u00e9 a opot\u0159ebovan\u00e9<\/h3>\n<p>Zkontrolujte t\u011bleso v\u00e1lce a p\u00edstn\u00ed ty\u010d, zda nejsou po\u0161kozen\u00e9 nebo opot\u0159ebovan\u00e9, a vym\u011b\u0148te v\u0161echna po\u0161kozen\u00e1 t\u011bsn\u011bn\u00ed nebo sou\u010d\u00e1sti.<\/p>\n<\/li>\n<li>\n<h3>Pravideln\u011b vym\u011b\u0148ujte hydraulick\u00fd olej<\/h3>\n<p>Pravideln\u011b vym\u011b\u0148ujte hydraulick\u00fd olej, abyste zajistili spr\u00e1vn\u00e9 maz\u00e1n\u00ed a zabr\u00e1nili kontaminaci.<\/p>\n<\/li>\n<\/ul>\n<p><img decoding=\"async\" src=\"https:\/\/www.hydraulic-cylinders.net\/wp-content\/uploads\/2025\/01\/songte-chushion-collar.webp\"\/><\/p>\n<h2>Instalace<\/h2>\n<p>Pro spr\u00e1vnou instalaci v\u00e1lc\u016f ramene postupujte podle t\u011bchto krok\u016f:<\/p>\n<ol>\n<li>\n<h3>P\u0159\u00edprava<\/h3>\n<p>Vy\u010dist\u011bte mont\u00e1\u017en\u00ed povrch a v\u00e1lec a ujist\u011bte se, \u017ee m\u00e1te pot\u0159ebn\u00e9 n\u00e1stroje a vybaven\u00ed pro instalaci.<\/p>\n<\/li>\n<li>\n<h3>Polohov\u00e1n\u00ed<\/h3>\n<p>Spr\u00e1vn\u011b um\u00edst\u011bte v\u00e1lec a ujist\u011bte se, \u017ee je bezpe\u010dn\u011b upevn\u011bn k mont\u00e1\u017en\u00ed plo\u0161e.<\/p>\n<\/li>\n<li>\n<h3>Spojovac\u00ed<\/h3>\n<p>P\u0159ipojte hydraulick\u00e9 potrub\u00ed a armatury k v\u00e1lci a otestujte t\u011bsnost.<\/p>\n<\/li>\n<li>\n<h3>Testov\u00e1n\u00ed<\/h3>\n<p>Zkontrolujte spr\u00e1vnou funkci v\u00e1lce a ujist\u011bte se, \u017ee se pohybuje hladce, bez neobvykl\u00fdch zvuk\u016f nebo vibrac\u00ed.<\/p>\n<\/li>\n<\/ol>\n<h2>Bezpe\u010dnostn\u00ed a environment\u00e1ln\u00ed aspekty<\/h2>\n<p>P\u0159i manipulaci s v\u00e1lci ramen mus\u00ed b\u00fdt bezpe\u010dnost v\u017edy nejvy\u0161\u0161\u00ed prioritou. P\u0159i kontrole, instalaci a provozu v\u00e1lce je d\u016fle\u017eit\u00e9 dodr\u017eovat spr\u00e1vn\u00e9 bezpe\u010dnostn\u00ed postupy a pokyny. Spr\u00e1vn\u00e1 likvidace hydraulick\u00e9ho oleje a dal\u0161\u00edch odpadn\u00edch materi\u00e1l\u016f je tak\u00e9 d\u016fle\u017eit\u00e1 pro minimalizaci dopadu t\u011bchto materi\u00e1l\u016f na \u017eivotn\u00ed prost\u0159ed\u00ed.<\/p>\n<h2>Odstra\u0148ov\u00e1n\u00ed probl\u00e9m\u016f a b\u011b\u017en\u00e9 probl\u00e9my<\/h2>\n<p>Mezi b\u011b\u017en\u00e9 probl\u00e9my, kter\u00e9 se mohou vyskytnout s v\u00e1lci ramen, pat\u0159\u00ed:<\/p>\n<ul>\n<li>\n<h3>Unikaj\u00edc\u00ed olej<\/h3>\n<p>To m\u016f\u017ee b\u00fdt zp\u016fsobeno po\u0161kozen\u00fdmi t\u011bsn\u011bn\u00edmi nebo armaturami. Zkontrolujte t\u011bsnost v\u00e1lce a hydraulick\u00e9ho syst\u00e9mu.<\/p>\n<\/li>\n<li>\n<h3>Pomal\u00fd pohyb<\/h3>\n<p>To m\u016f\u017ee b\u00fdt zp\u016fsobeno n\u00edzkou hladinou hydraulick\u00e9ho oleje nebo po\u0161kozen\u00fdmi t\u011bsn\u011bn\u00edmi. Zkontrolujte hladinu a kvalitu oleje a vym\u011b\u0148te v\u0161echna po\u0161kozen\u00e1 t\u011bsn\u011bn\u00ed.<\/p>\n<\/li>\n<li>\n<h3>Podivn\u00e9 zvuky nebo vibrace<\/h3>\n<p>To m\u016f\u017ee b\u00fdt zp\u016fsobeno po\u0161kozen\u00fdmi vnit\u0159n\u00edmi sou\u010d\u00e1stmi, nespr\u00e1vn\u00fdm uchycen\u00edm nebo nespr\u00e1vn\u00fdm hydraulick\u00fdm tlakem. Zkontrolujte v\u00e1lec a sou\u010d\u00e1sti syst\u00e9mu, zda nejsou po\u0161kozen\u00e9 nebo nespr\u00e1vn\u011b usazen\u00e9, a v p\u0159\u00edpad\u011b pot\u0159eby upravte hydraulick\u00fd tlak.<\/p>\n<\/li>\n<\/ul>\n<p>Mezi tipy pro \u0159e\u0161en\u00ed t\u011bchto probl\u00e9m\u016f pat\u0159\u00ed:<\/p>\n<ul>\n<li>\n<h3>Zkontrolujte t\u011bsnost<\/h3>\n<p>Sledujte v\u00e1lec a hydraulick\u00fd syst\u00e9m, zda nedoch\u00e1z\u00ed k \u00fanik\u016fm, a v p\u0159\u00edpad\u011b pot\u0159eby vym\u011b\u0148te po\u0161kozen\u00e1 t\u011bsn\u011bn\u00ed nebo armatury.<\/p>\n<\/li>\n<li>\n<h3>Zkontrolujte hladinu a kvalitu oleje<\/h3>\n<p>Ujist\u011bte se, \u017ee hydraulick\u00fd olej nen\u00ed zne\u010di\u0161t\u011bn\u00fd a m\u00e1 spr\u00e1vnou hladinu.<\/p>\n<\/li>\n<li>\n<h3>Zkontrolujte v\u00e1lec, zda nen\u00ed po\u0161kozen\u00fd a opot\u0159ebovan\u00fd<\/h3>\n<p>Zkontrolujte t\u011bleso v\u00e1lce a p\u00edstn\u00ed ty\u010d, zda nejsou po\u0161kozen\u00e9 nebo opot\u0159ebovan\u00e9, a vym\u011b\u0148te v\u0161echna po\u0161kozen\u00e1 t\u011bsn\u011bn\u00ed nebo sou\u010d\u00e1sti.<\/p>\n<\/li>\n<li>\n<h3>Upravte hydraulick\u00fd tlak<\/h3>\n<p>Zkontrolujte hydraulick\u00fd tlak a v p\u0159\u00edpad\u011b pot\u0159eby jej upravte.<\/p>\n<\/li>\n<\/ul>\n<p><img decoding=\"async\" src=\"https:\/\/www.hydraulic-cylinders.net\/wp-content\/uploads\/2025\/01\/songte-bushings-with-all-kinds-of-excavator-models.webp\"\/><\/p>\n<h2>O n\u00e1s<\/h2>\n<p>Jsme profesion\u00e1ln\u00ed v\u00fdrobce n\u00e1hradn\u00edch hydraulick\u00fdch v\u00e1lc\u016f s \u0161irokou \u0161k\u00e1lou produkt\u016f. Stali jsme se jedn\u00edm z p\u0159edn\u00edch v\u00fdrobc\u016f a velkoobchodn\u00edch distributor\u016f hydraulick\u00fdch v\u00e1lc\u016f na dom\u00e1c\u00edm i mezin\u00e1rodn\u00edm trhu. V\u017edy se dr\u017e\u00edme principu excelence a spol\u00e9h\u00e1me se na industrializovan\u00e9 strategie \u0159\u00edzen\u00ed v\u00fdroby v na\u0161\u00ed precizn\u011b vyroben\u00e9 d\u00edln\u011b, abychom neust\u00e1le zlep\u0161ovali na\u0161e technick\u00e9 mo\u017enosti a efektivitu v\u00fdroby. Zav\u00e1d\u011bn\u00edm pokro\u010dil\u00e9ho digit\u00e1ln\u00edho v\u00fdrobn\u00edho za\u0159\u00edzen\u00ed a profesion\u00e1ln\u00edch testovac\u00edch syst\u00e9m\u016f neust\u00e1le optimalizujeme na\u0161i v\u00fdrobn\u00ed platformu a zdokonalujeme procesy kontroly kvality na\u0161ich v\u00fdrobk\u016f se siln\u00fdm inova\u010dn\u00edm potenci\u00e1lem. Na\u0161\u00edm c\u00edlem je uspokojovat rozmanit\u00e9 pot\u0159eby z\u00e1kazn\u00edk\u016f s efektivitou, p\u0159esnost\u00ed a vysok\u00fdmi standardy kvality.<\/p>\n<p>Nab\u00edz\u00edme slu\u017eby na m\u00edru, odborn\u00e9 znalosti, mezin\u00e1rodn\u00ed certifikace, modern\u00ed v\u00fdrobn\u00ed za\u0159\u00edzen\u00ed a \u0161pi\u010dkov\u00fd poprodejn\u00ed servis.<\/p>\n<p><img decoding=\"async\" src=\"https:\/\/www.hydraulic-cylinders.net\/wp-content\/uploads\/2025\/01\/songte-company-4.webp\"\/><\/p>\n<h2>Autor<\/h2>\n<p>Autor: lyl<\/p>","protected":false},"excerpt":{"rendered":"<p>Arm Cylinder For DER DER323-8ELZM Introduction An arm cylinder is a specially designed hydraulic cylinder used to provide linear motion and power to various types of machinery, such as excavators, cranes, and mechanical arms. Arm cylinders play a key role in hydraulic systems, allowing for effective movement and control of attachments and accessories. These cylinders [&hellip;]<\/p>","protected":false},"featured_media":14777,"comment_status":"open","ping_status":"closed","template":"","meta":{"_et_pb_use_builder":"","_et_pb_old_content":"","_et_gb_content_width":""},"product_brand":[],"product_cat":[1497],"product_tag":[1498,1496],"class_list":{"0":"post-16629","1":"product","2":"type-product","3":"status-publish","4":"has-post-thumbnail","6":"product_cat-arm-cylinders","7":"product_tag-arm-cylinders","8":"product_tag-hydraulic-cylinders","10":"first","11":"instock","12":"shipping-taxable","13":"product-type-simple"},"amp_enabled":true,"_links":{"self":[{"href":"https:\/\/www.hydraulic-cylinders.net\/cs\/wp-json\/wp\/v2\/product\/16629","targetHints":{"allow":["GET"]}}],"collection":[{"href":"https:\/\/www.hydraulic-cylinders.net\/cs\/wp-json\/wp\/v2\/product"}],"about":[{"href":"https:\/\/www.hydraulic-cylinders.net\/cs\/wp-json\/wp\/v2\/types\/product"}],"replies":[{"embeddable":true,"href":"https:\/\/www.hydraulic-cylinders.net\/cs\/wp-json\/wp\/v2\/comments?post=16629"}],"wp:featuredmedia":[{"embeddable":true,"href":"https:\/\/www.hydraulic-cylinders.net\/cs\/wp-json\/wp\/v2\/media\/14777"}],"wp:attachment":[{"href":"https:\/\/www.hydraulic-cylinders.net\/cs\/wp-json\/wp\/v2\/media?parent=16629"}],"wp:term":[{"taxonomy":"product_brand","embeddable":true,"href":"https:\/\/www.hydraulic-cylinders.net\/cs\/wp-json\/wp\/v2\/product_brand?post=16629"},{"taxonomy":"product_cat","embeddable":true,"href":"https:\/\/www.hydraulic-cylinders.net\/cs\/wp-json\/wp\/v2\/product_cat?post=16629"},{"taxonomy":"product_tag","embeddable":true,"href":"https:\/\/www.hydraulic-cylinders.net\/cs\/wp-json\/wp\/v2\/product_tag?post=16629"}],"curies":[{"name":"wp","href":"https:\/\/api.w.org\/{rel}","templated":true}]}}