{"id":16636,"date":"2025-01-21T05:39:28","date_gmt":"2025-01-21T05:39:28","guid":{"rendered":"https:\/\/www.hydraulic-cylinders.net\/product\/arm-cylinder-for-kubota-small-excavator-u-185-3\/"},"modified":"2025-01-21T05:39:33","modified_gmt":"2025-01-21T05:39:33","slug":"arm-cylinder-for-kubota-small-excavator-u-185-3","status":"publish","type":"product","link":"https:\/\/www.hydraulic-cylinders.net\/cs\/produkt\/arm-cylinder-for-kubota-small-excavator-u-185-3\/","title":{"rendered":"V\u00e1lec ramene pro mal\u00e9 rypadlo Kubota U-185-3"},"content":{"rendered":"<h2>V\u00e1lec ramene pro mal\u00e9 rypadlo Kubota U-185-3<\/h2>\n<h3>Definice produktu<\/h3>\n<p>V\u00e1lec ramene je speci\u00e1ln\u011b navr\u017een\u00fd hydraulick\u00fd v\u00e1lec pou\u017e\u00edvan\u00fd k zaji\u0161t\u011bn\u00ed line\u00e1rn\u00edho pohybu a v\u00fdkonu r\u016fzn\u00fdch typ\u016f ramen stroj\u016f, jako jsou bagry, je\u0159\u00e1by a robotick\u00e1 ramena. V\u00e1lec ramene hraje kl\u00ed\u010dovou roli v hydraulick\u00e9m syst\u00e9mu, proto\u017ee umo\u017e\u0148uje efektivn\u00ed pohyb a ovl\u00e1d\u00e1n\u00ed dal\u0161\u00edch n\u00e1stroj\u016f nebo p\u0159\u00edslu\u0161enstv\u00ed. Tyto v\u00e1lce nejen dosahuj\u00ed plynul\u00e9ho pohybu, ale tak\u00e9 odol\u00e1vaj\u00ed t\u011b\u017ek\u00fdm z\u00e1t\u011b\u017e\u00edm, \u010d\u00edm\u017e zaji\u0161\u0165uj\u00ed efektivn\u00ed provoz a spolehlivost stroj\u016f za r\u016fzn\u00fdch pracovn\u00edch podm\u00ednek.<\/p>\n<p><img decoding=\"async\" src=\"https:\/\/www.hydraulic-cylinders.net\/wp-content\/uploads\/2025\/01\/songte-company-2.webp\"\/><\/p>\n<h3>Vlastnosti produktu<\/h3>\n<ul>\n<li><strong>Efektivn\u00ed p\u0159enos v\u00fdkonu:<\/strong> V\u00e1lec ramene zaji\u0161\u0165uje siln\u00fd line\u00e1rn\u00ed pohyb a s\u00edlu, co\u017e zaji\u0161\u0165uje vysokou \u00fa\u010dinnost ramene stroje v r\u016fzn\u00fdch operac\u00edch.<\/li>\n<li><strong>P\u0159esn\u00e9 ovl\u00e1d\u00e1n\u00ed:<\/strong> D\u00edky hydraulick\u00e9mu syst\u00e9mu m\u016f\u017ee v\u00e1lec ramene dos\u00e1hnout p\u0159esn\u00e9ho \u0159\u00edzen\u00ed pohybu, co\u017e zvy\u0161uje flexibilitu a p\u0159esnost ovl\u00e1d\u00e1n\u00ed dal\u0161\u00edch n\u00e1stroj\u016f.<\/li>\n<li><strong>Vysok\u00e1 odolnost:<\/strong> V\u00e1lce ramen jsou obvykle vyrobeny z vysoce pevn\u00fdch materi\u00e1l\u016f a maj\u00ed vynikaj\u00edc\u00ed odolnost proti opot\u0159eben\u00ed a korozi, vhodn\u00e9 pro dlouhodob\u00e9 pou\u017e\u00edv\u00e1n\u00ed v n\u00e1ro\u010dn\u00fdch podm\u00ednk\u00e1ch.<\/li>\n<li><strong>Multifunk\u010dn\u00ed p\u0159izp\u016fsobivost:<\/strong> Tyto v\u00e1lce lze \u0161iroce pou\u017e\u00edvat v r\u016fzn\u00fdch mechanick\u00fdch za\u0159\u00edzen\u00edch, jako jsou bagry, je\u0159\u00e1by a robotick\u00e1 ramena, a p\u0159izp\u016fsobit se tak r\u016fzn\u00fdm pracovn\u00edm pot\u0159eb\u00e1m.<\/li>\n<li><strong>Snadn\u00e1 \u00fadr\u017eba:<\/strong> Konstrukce zohled\u0148uje snadnou \u00fadr\u017ebu a v\u00fdm\u011bnu, co\u017e usnad\u0148uje pravideln\u00e9 kontroly a \u00fadr\u017ebu a zkracuje prostoje za\u0159\u00edzen\u00ed.<\/li>\n<\/ul>\n<p>Tento produkt dok\u00e1\u017eeme vyrobit a dokonale nahradit tyto hydraulick\u00e9 v\u00e1lce.<\/p>\n<p><img decoding=\"async\" src=\"https:\/\/www.hydraulic-cylinders.net\/wp-content\/uploads\/2025\/01\/songte-oil-pipes-and-spare-parts.webp\"\/><\/p>\n<h3>Aplikace produkt\u016f<\/h3>\n<ul>\n<li><strong>Stavebn\u00ed in\u017een\u00fdrstv\u00ed:<\/strong> U bagr\u016f a je\u0159\u00e1b\u016f se v\u00e1lce ramen pou\u017e\u00edvaj\u00ed k ovl\u00e1d\u00e1n\u00ed pohybu l\u017e\u00edc nebo v\u00fdlo\u017en\u00edk\u016f, k prov\u00e1d\u011bn\u00ed zemn\u00edch prac\u00ed, manipulace s materi\u00e1lem a mont\u00e1\u017ee konstrukc\u00ed.<\/li>\n<li><strong>V\u00fdrobn\u00ed:<\/strong> V automatizovan\u00fdch v\u00fdrobn\u00edch link\u00e1ch se v\u00e1lce ramen pou\u017e\u00edvaj\u00ed k pohybu robotick\u00fdch ramen, prov\u00e1d\u011bn\u00ed mont\u00e1\u017en\u00edch, sva\u0159ovac\u00edch a manipula\u010dn\u00edch proces\u016f, \u010d\u00edm\u017e se zvy\u0161uje efektivita a p\u0159esnost v\u00fdroby.<\/li>\n<li><strong>Zem\u011bd\u011blsk\u00e9 stroje:<\/strong> V zem\u011bd\u011blsk\u00fdch stroj\u00edch, jako jsou skl\u00edzec\u00ed a sec\u00ed stroje, ovl\u00e1daj\u00ed v\u00e1lce ramen pohyb ovl\u00e1dac\u00edch ramen a prov\u00e1d\u011bj\u00ed \u00fakoly, jako je set\u00ed, hnojen\u00ed a sklize\u0148.<\/li>\n<li><strong>Hornictv\u00ed:<\/strong> V t\u011b\u017eebn\u00edch za\u0159\u00edzen\u00edch se v\u00e1lce ramen pou\u017e\u00edvaj\u00ed k ovl\u00e1d\u00e1n\u00ed pohybu ramen t\u011b\u017eebn\u00edho za\u0159\u00edzen\u00ed, k prov\u00e1d\u011bn\u00ed t\u011b\u017eby a p\u0159epravy rudy.<\/li>\n<li><strong>Logistika a doprava:<\/strong> U vysokozdvi\u017en\u00fdch voz\u00edk\u016f a manipula\u010dn\u00edch robot\u016f se v\u00e1lce ramen pou\u017e\u00edvaj\u00ed k ovl\u00e1d\u00e1n\u00ed zved\u00e1n\u00ed a pohybu vidlic, \u010d\u00edm\u017e se dosahuje manipulace a stohov\u00e1n\u00ed materi\u00e1l\u016f.<\/li>\n<\/ul>\n<h3>\u00davahy o n\u00e1vrhu a standardy v\u00fdb\u011bru<\/h3>\n<ol>\n<li><strong>Nosnost:<\/strong> V\u00e1lec ramene mus\u00ed m\u00edt dostate\u010dnou nosnost, aby unesl hmotnost a zat\u00ed\u017een\u00ed ramene stroje.<\/li>\n<li><strong>T\u011bsn\u011bn\u00ed:<\/strong> V\u00e1lec ramene pou\u017e\u00edv\u00e1 r\u016fzn\u00e9 t\u011bsnic\u00ed d\u00edly, jako jsou t\u011bsn\u011bn\u00ed p\u00edstu a t\u011bsn\u011bn\u00ed p\u00edstnice, kter\u00e9 jsou vyrobeny z materi\u00e1l\u016f odoln\u00fdch proti opot\u0159eben\u00ed, jako je polyuretan a nitrilov\u00e1 pry\u017e. T\u011bleso v\u00e1lce a z\u00e1vitov\u00fd konec proch\u00e1zej\u00ed jemn\u00fdm opracov\u00e1n\u00edm pro zlep\u0161en\u00ed odolnosti proti opot\u0159eben\u00ed. Je nutn\u00e9 pravideln\u011b dopl\u0148ovat odpov\u00eddaj\u00edc\u00ed mno\u017estv\u00ed hydraulick\u00e9ho oleje pro maz\u00e1n\u00ed.<\/li>\n<li><strong>Trvanlivost:<\/strong> V\u00e1lce ramen jsou obvykle vyrobeny z vysoce pevn\u00fdch materi\u00e1l\u016f, co\u017e zaru\u010duje vynikaj\u00edc\u00ed odolnost proti opot\u0159eben\u00ed a korozi a odol\u00e1v\u00e1 tak n\u00e1ro\u010dn\u00fdm pracovn\u00edm podm\u00ednk\u00e1m.<\/li>\n<li><strong>Bezpe\u010dnost:<\/strong> V\u00e1lec ramene mus\u00ed b\u00fdt navr\u017een tak, aby byl zaji\u0161t\u011bn bezpe\u010dn\u00fd provoz a p\u0159edch\u00e1zeno nehod\u00e1m.<\/li>\n<li><strong>\u00dadr\u017eba:<\/strong> Konstrukce v\u00e1lce ramene bere v \u00favahu snadnou \u00fadr\u017ebu a v\u00fdm\u011bnu, co\u017e usnad\u0148uje pravidelnou kontrolu a \u00fadr\u017ebu a zkracuje prostoje za\u0159\u00edzen\u00ed.<\/li>\n<\/ol>\n<p><img decoding=\"async\" src=\"https:\/\/www.hydraulic-cylinders.net\/wp-content\/uploads\/2025\/01\/songte-cylinder-head-with-all-kinds-excavator-models.webp\"\/><\/p>\n<h3>T\u011bsn\u011bn\u00ed a maz\u00e1n\u00ed<\/h3>\n<p>V\u00e1lec ramene pou\u017e\u00edv\u00e1 r\u016fzn\u00e9 t\u011bsnic\u00ed d\u00edly, jako jsou t\u011bsn\u011bn\u00ed p\u00edstu a t\u011bsn\u011bn\u00ed p\u00edstnice, kter\u00e9 jsou vyrobeny z materi\u00e1l\u016f odoln\u00fdch proti opot\u0159eben\u00ed, jako je polyuretan a nitrilov\u00e1 pry\u017e. T\u011bleso v\u00e1lce a z\u00e1vitov\u00fd konec proch\u00e1zej\u00ed jemn\u00fdm opracov\u00e1n\u00edm pro zlep\u0161en\u00ed odolnosti proti opot\u0159eben\u00ed. Je nutn\u00e9 pravideln\u011b dopl\u0148ovat odpov\u00eddaj\u00edc\u00ed mno\u017estv\u00ed hydraulick\u00e9ho oleje pro maz\u00e1n\u00ed.<\/p>\n<h3>Pravideln\u00e1 kontrola a preventivn\u00ed \u00fadr\u017eba<\/h3>\n<ol>\n<li>Pravideln\u011b kontrolujte v\u00e1lec ramene, zda nen\u00ed po\u0161kozen\u00fd nebo opot\u0159ebovan\u00fd.<\/li>\n<li>Pravideln\u011b kontrolujte hladinu a kvalitu hydraulick\u00e9ho oleje a v p\u0159\u00edpad\u011b pot\u0159eby olej vym\u011b\u0148te nebo dopl\u0148te.<\/li>\n<li>Zkontrolujte t\u011bsn\u011bn\u00ed a v p\u0159\u00edpad\u011b pot\u0159eby je vym\u011b\u0148te.<\/li>\n<li>Pravideln\u011b kontrolujte t\u011bleso v\u00e1lce a z\u00e1vitov\u00fd konec, zda nejsou opot\u0159ebovan\u00e9.<\/li>\n<li>Ujist\u011bte se, \u017ee je v\u00e1lec ramene spr\u00e1vn\u011b a bezpe\u010dn\u011b nainstalov\u00e1n.<\/li>\n<\/ol>\n<h3>Pr\u016fvodce instalac\u00ed produktu<\/h3>\n<ol>\n<li>Ujist\u011bte se, \u017ee v\u00e1lec ramene je spr\u00e1vn\u00e9ho modelu pro rameno stroje.<\/li>\n<li>Follow the manufacturer&#8217;s instructions for installation.<\/li>\n<li>Ujist\u011bte se, \u017ee je v\u00e1lec ramene bezpe\u010dn\u011b a spr\u00e1vn\u011b nainstalov\u00e1n.<\/li>\n<li>Po instalaci zkontrolujte hladinu a kvalitu hydraulick\u00e9ho oleje a v p\u0159\u00edpad\u011b pot\u0159eby olej dopl\u0148te nebo vym\u011b\u0148te.<\/li>\n<\/ol>\n<p><img decoding=\"async\" src=\"https:\/\/www.hydraulic-cylinders.net\/wp-content\/uploads\/2025\/01\/songte-bushings-with-all-kinds-of-excavator-models.webp\"\/><\/p>\n<h3>Bezpe\u010dnostn\u00ed aspekty a faktory prost\u0159ed\u00ed<\/h3>\n<p>When using the arm cylinder, it is important to follow the manufacturer&#8217;s instructions and safety guidelines to ensure safe operation and prevent accidents. Environmental factors such as temperature and humidity should also be considered, and appropriate measures should be taken to ensure the proper functioning of the arm cylinder.<\/p>\n<h3>Odstra\u0148ov\u00e1n\u00ed probl\u00e9m\u016f a b\u011b\u017en\u00e9 probl\u00e9my<\/h3>\n<ol>\n<li><strong>\u00danik:<\/strong> Zkontrolujte t\u011bsn\u011bn\u00ed a v p\u0159\u00edpad\u011b po\u0161kozen\u00ed je vym\u011b\u0148te.<\/li>\n<li><strong>Sn\u00ed\u017een\u00fd v\u00fdkon:<\/strong> Zkontrolujte hladinu a kvalitu hydraulick\u00e9ho oleje a v p\u0159\u00edpad\u011b pot\u0159eby olej vym\u011b\u0148te nebo dopl\u0148te.<\/li>\n<li><strong>Nadm\u011brn\u00e9 vibrace:<\/strong> Zkontrolujte v\u00e1lec ramene, zda nen\u00ed po\u0161kozen\u00fd nebo opot\u0159ebovan\u00fd.<\/li>\n<li><strong>Hluk:<\/strong> Zkontrolujte v\u00e1lec ramene, zda nen\u00ed po\u0161kozen\u00fd nebo opot\u0159ebovan\u00fd.<\/li>\n<\/ol>\n<h3>Tipy pro \u0159e\u0161en\u00ed probl\u00e9m\u016f<\/h3>\n<p>When troubleshooting problems with the arm cylinder, it is important to follow the manufacturer&#8217;s instructions and safety guidelines. Check the arm cylinder regularly for damage or wear and tear and replace or repair parts as needed. Regular inspection and maintenance can prevent potential problems and ensure the efficient operation of the machinery arm.<\/p>\n<p><img decoding=\"async\" src=\"https:\/\/www.hydraulic-cylinders.net\/wp-content\/uploads\/2025\/01\/songte-chushion-collar.webp\"\/><\/p>\n<h2>O n\u00e1s<\/h2>\n<p>Jsme profesion\u00e1ln\u00ed v\u00fdrobce hydraulick\u00fdch v\u00e1lc\u016f a stali jsme se jedn\u00edm z p\u0159edn\u00edch v\u00fdrobc\u016f a velkoobchodn\u00edch distributor\u016f hydraulick\u00fdch v\u00e1lc\u016f na dom\u00e1c\u00edm i mezin\u00e1rodn\u00edm trhu s \u0161irokou \u0161k\u00e1lou produkt\u016f. V\u017edy se dr\u017e\u00edme principu vynikaj\u00edc\u00ed kvality, spol\u00e9h\u00e1me se na strategii industrializovan\u00e9ho \u0159\u00edzen\u00ed v\u00fdroby v r\u00e1mci kvalitn\u00ed v\u00fdrobn\u00ed d\u00edlny a neust\u00e1le zlep\u0161ujeme na\u0161i technickou \u00farove\u0148 a efektivitu v\u00fdroby. Zav\u00e1d\u011bn\u00edm \u0161pi\u010dkov\u00e9ho digit\u00e1ln\u00edho v\u00fdrobn\u00edho za\u0159\u00edzen\u00ed a profesion\u00e1ln\u00edch testovac\u00edch syst\u00e9m\u016f neust\u00e1le optimalizujeme na\u0161i v\u00fdrobn\u00ed platformu, zlep\u0161ujeme proces kontroly kvality na\u0161ich v\u00fdrobk\u016f a m\u00e1me siln\u00e9 inova\u010dn\u00ed schopnosti. Na\u0161\u00edm c\u00edlem je uspokojovat rozmanit\u00e9 pot\u0159eby z\u00e1kazn\u00edk\u016f s principy efektivity, p\u0159esnosti a vysok\u00e9 kvality.<\/p>\n<h3>Na\u0161e siln\u00e9 str\u00e1nky<\/h3>\n<ul>\n<li><strong>Profesionalita:<\/strong> M\u00e1me t\u00fdm zku\u0161en\u00fdch profesion\u00e1l\u016f, kte\u0159\u00ed se zav\u00e1zali poskytovat na\u0161im z\u00e1kazn\u00edk\u016fm vysoce kvalitn\u00ed produkty a slu\u017eby.<\/li>\n<li><strong>Mezin\u00e1rodn\u00ed certifikace:<\/strong> Na\u0161e v\u00fdrobky pro\u0161ly r\u016fzn\u00fdmi mezin\u00e1rodn\u00edmi certifikacemi, jako jsou ISO9001, CE a RoHS, co\u017e zaru\u010duje kvalitu a bezpe\u010dnost na\u0161ich produkt\u016f.<\/li>\n<li><strong>P\u0159izp\u016fsoben\u00e1 slu\u017eba:<\/strong> Dod\u00e1v\u00e1me hydraulick\u00e9 v\u00e1lce na m\u00edru dle specifick\u00fdch pot\u0159eb na\u0161ich z\u00e1kazn\u00edk\u016f.<\/li>\n<li><strong>V\u00fdrobn\u00ed za\u0159\u00edzen\u00ed:<\/strong> Disponujeme pokro\u010dil\u00fdm digit\u00e1ln\u00edm v\u00fdrobn\u00edm za\u0159\u00edzen\u00edm, jako jsou CNC soustruhy a fr\u00e9zky, kter\u00e9 zaji\u0161\u0165uj\u00ed p\u0159esnost a kvalitu na\u0161ich v\u00fdrobk\u016f.<\/li>\n<li><strong>Poprodejn\u00ed servis:<\/strong> Na\u0161im z\u00e1kazn\u00edk\u016fm poskytujeme profesion\u00e1ln\u00ed poprodejn\u00ed servis a technickou podporu.<\/li>\n<\/ul>\n<p><img decoding=\"async\" src=\"https:\/\/www.hydraulic-cylinders.net\/wp-content\/uploads\/2025\/01\/songte-company-4.webp\"\/><\/p>\n<h3>Zjist\u011bte v\u00edce o n\u00e1s<\/h3>\n<p>Pokud se chcete dozv\u011bd\u011bt v\u00edce o na\u0161\u00ed spole\u010dnosti a na\u0161ich produktech, nav\u0161tivte pros\u00edm na\u0161e webov\u00e9 str\u00e1nky https:\/\/www.hydraulic-cylinders.net. Zav\u00e1zali jsme se poskytovat na\u0161im z\u00e1kazn\u00edk\u016fm vysoce kvalitn\u00ed produkty a slu\u017eby a t\u011b\u0161\u00edme se na spolupr\u00e1ci s v\u00e1mi.<\/p>\n<p><img decoding=\"async\" src=\"https:\/\/www.hydraulic-cylinders.net\/wp-content\/uploads\/2025\/01\/songte-company-3.webp\"\/><\/p>\n<p>Autor: lyl.<\/p>","protected":false},"excerpt":{"rendered":"<p>Arm Cylinder For Kubota Small Excavator U-185-3 Product Definition An arm cylinder is a specially designed hydraulic cylinder used to provide linear motion and power to various types of machinery arms, such as excavators, cranes, and robotic arms. The arm cylinder plays a crucial role in the hydraulic system, enabling the effective movement and control [&hellip;]<\/p>","protected":false},"featured_media":14786,"comment_status":"open","ping_status":"closed","template":"","meta":{"_et_pb_use_builder":"","_et_pb_old_content":"","_et_gb_content_width":""},"product_brand":[],"product_cat":[1497],"product_tag":[1498,1496],"class_list":{"0":"post-16636","1":"product","2":"type-product","3":"status-publish","4":"has-post-thumbnail","6":"product_cat-arm-cylinders","7":"product_tag-arm-cylinders","8":"product_tag-hydraulic-cylinders","10":"first","11":"instock","12":"shipping-taxable","13":"product-type-simple"},"amp_enabled":true,"_links":{"self":[{"href":"https:\/\/www.hydraulic-cylinders.net\/cs\/wp-json\/wp\/v2\/product\/16636","targetHints":{"allow":["GET"]}}],"collection":[{"href":"https:\/\/www.hydraulic-cylinders.net\/cs\/wp-json\/wp\/v2\/product"}],"about":[{"href":"https:\/\/www.hydraulic-cylinders.net\/cs\/wp-json\/wp\/v2\/types\/product"}],"replies":[{"embeddable":true,"href":"https:\/\/www.hydraulic-cylinders.net\/cs\/wp-json\/wp\/v2\/comments?post=16636"}],"wp:featuredmedia":[{"embeddable":true,"href":"https:\/\/www.hydraulic-cylinders.net\/cs\/wp-json\/wp\/v2\/media\/14786"}],"wp:attachment":[{"href":"https:\/\/www.hydraulic-cylinders.net\/cs\/wp-json\/wp\/v2\/media?parent=16636"}],"wp:term":[{"taxonomy":"product_brand","embeddable":true,"href":"https:\/\/www.hydraulic-cylinders.net\/cs\/wp-json\/wp\/v2\/product_brand?post=16636"},{"taxonomy":"product_cat","embeddable":true,"href":"https:\/\/www.hydraulic-cylinders.net\/cs\/wp-json\/wp\/v2\/product_cat?post=16636"},{"taxonomy":"product_tag","embeddable":true,"href":"https:\/\/www.hydraulic-cylinders.net\/cs\/wp-json\/wp\/v2\/product_tag?post=16636"}],"curies":[{"name":"wp","href":"https:\/\/api.w.org\/{rel}","templated":true}]}}