{"id":16644,"date":"2025-01-21T05:40:01","date_gmt":"2025-01-21T05:40:01","guid":{"rendered":"https:\/\/www.hydraulic-cylinders.net\/product\/arm-cylinder-for-takeuchi-small-excavator-tb160c\/"},"modified":"2025-01-21T05:40:03","modified_gmt":"2025-01-21T05:40:03","slug":"arm-cylinder-for-takeuchi-small-excavator-tb160c","status":"publish","type":"product","link":"https:\/\/www.hydraulic-cylinders.net\/cs\/produkt\/arm-cylinder-for-takeuchi-small-excavator-tb160c\/","title":{"rendered":"V\u00e1lec ramene pro mal\u00e9 rypadlo Takeuchi TB160C"},"content":{"rendered":"<h1>V\u00e1lec ramene pro mal\u00e9 rypadlo Takeuchi TB160C<\/h1>\n<h2>Zaveden\u00ed<\/h2>\n<p>V\u00e1lec ramene, jak je uvedeno u v\u00e1lce ramene pro mal\u00e9 rypadlo Takeuchi TB160C, je typ speci\u00e1ln\u011b navr\u017een\u00e9ho hydraulick\u00e9ho v\u00e1lce, kter\u00fd poskytuje line\u00e1rn\u00ed pohyb a s\u00edlu ramen\u016fm r\u016fzn\u00fdch typ\u016f stroj\u016f, jako jsou rypadla, je\u0159\u00e1by a robotick\u00e1 ramena. V\u00e1lec ramene hraje kl\u00ed\u010dovou roli v hydraulick\u00fdch syst\u00e9mech, proto\u017ee umo\u017e\u0148uje pohyb a ovl\u00e1d\u00e1n\u00ed dal\u0161\u00edho n\u00e1\u0159ad\u00ed nebo p\u0159\u00edslu\u0161enstv\u00ed. Tyto v\u00e1lce nejen zaji\u0161\u0165uj\u00ed plynul\u00fd pohyb, ale tak\u00e9 odol\u00e1vaj\u00ed t\u011b\u017ek\u00fdm z\u00e1t\u011b\u017e\u00edm, \u010d\u00edm\u017e zaji\u0161\u0165uj\u00ed efektivn\u00ed provoz a spolehlivost stroj\u016f v r\u016fzn\u00fdch provozn\u00edch podm\u00ednk\u00e1ch.<\/p>\n<p><img decoding=\"async\" src=\"https:\/\/www.hydraulic-cylinders.net\/wp-content\/uploads\/2025\/01\/songte-company-2.webp\" alt=\"Obr\u00e1zek v\u00e1lce ramene\"><\/p>\n<h3>Funkce<\/h3>\n<ul>\n<li>\n<h4>Vysoce \u00fa\u010dinn\u00fd p\u0159enos v\u00fdkonu<\/h4>\n<p>V\u00e1lec ramene m\u016f\u017ee poskytovat siln\u00fd line\u00e1rn\u00ed pohyb a s\u00edlu, co\u017e zaji\u0161\u0165uje vysokou \u00fa\u010dinnost mechanick\u00e9ho ramene v r\u016fzn\u00fdch operac\u00edch.<\/p>\n<\/li>\n<li>\n<h4>P\u0159esn\u00e9 ovl\u00e1d\u00e1n\u00ed<\/h4>\n<p>D\u00edky hydraulick\u00e9mu syst\u00e9mu m\u016f\u017ee v\u00e1lec ramene dos\u00e1hnout p\u0159esn\u00e9ho ovl\u00e1d\u00e1n\u00ed pohybu, co\u017e zvy\u0161uje flexibilitu a p\u0159esnost obsluhy n\u00e1stroje.<\/p>\n<\/li>\n<li>\n<h4>Vysok\u00e1 odolnost<\/h4>\n<p>V\u00e1lec ramene je obvykle vyroben z vysoce pevn\u00fdch materi\u00e1l\u016f a m\u00e1 dobrou odolnost proti opot\u0159eben\u00ed a korozi, d\u00edky \u010demu\u017e je vhodn\u00fd pro dlouhodob\u00e9 pou\u017e\u00edv\u00e1n\u00ed v n\u00e1ro\u010dn\u00fdch podm\u00ednk\u00e1ch.<\/p>\n<\/li>\n<li>\n<h4>Multifunk\u010dn\u00ed p\u0159izp\u016fsobivost<\/h4>\n<p>Tyto v\u00e1lce lze \u0161iroce pou\u017e\u00edvat v r\u016fzn\u00fdch stroj\u00edch, jako jsou bagry, je\u0159\u00e1by a robotick\u00e1 ramena, k spln\u011bn\u00ed r\u016fzn\u00fdch provozn\u00edch pot\u0159eb.<\/p>\n<\/li>\n<li>\n<h4>Snadn\u00e1 \u00fadr\u017eba<\/h4>\n<p>Konstrukce v\u00e1lce ramene zohled\u0148uje snadnou \u00fadr\u017ebu a v\u00fdm\u011bnu, co\u017e usnad\u0148uje pravideln\u00e9 kontroly a \u00fadr\u017ebu a zkracuje prostoje za\u0159\u00edzen\u00ed.<\/p>\n<\/li>\n<\/ul>\n<p><img decoding=\"async\" src=\"https:\/\/www.hydraulic-cylinders.net\/wp-content\/uploads\/2025\/01\/songte-oil-pipes-and-spare-parts.webp\" alt=\"Obr\u00e1zek n\u00e1hradn\u00edch d\u00edl\u016f v\u00e1lce ramene\"><\/p>\n<h2>Sc\u00e9n\u00e1\u0159 aplikace<\/h2>\n<ul>\n<li>\n<h3>Stavebn\u00ed in\u017een\u00fdrstv\u00ed<\/h3>\n<p>U bagr\u016f a je\u0159\u00e1b\u016f ovl\u00e1d\u00e1 v\u00e1lec ramene pohyb l\u017e\u00edce nebo v\u00fdlo\u017en\u00edku, prov\u00e1d\u00ed zemn\u00ed pr\u00e1ce, manipulaci s materi\u00e1lem a mont\u00e1\u017e konstrukc\u00ed.<\/p>\n<\/li>\n<li>\n<h3>Zpracovatelsk\u00fd pr\u016fmysl<\/h3>\n<p>V automatizovan\u00fdch v\u00fdrobn\u00edch link\u00e1ch se v\u00e1lec ramene pou\u017e\u00edv\u00e1 k pohybu robotick\u00fdch ramen, prov\u00e1d\u011bn\u00ed mont\u00e1\u017en\u00edch, sva\u0159ovac\u00edch a manipula\u010dn\u00edch proces\u016f, co\u017e zvy\u0161uje efektivitu a p\u0159esnost v\u00fdroby.<\/p>\n<\/li>\n<li>\n<h3>Zem\u011bd\u011blsk\u00e9 stroje<\/h3>\n<p>V zem\u011bd\u011blsk\u00fdch stroj\u00edch, jako jsou skl\u00edzec\u00ed a s\u00e1zec\u00ed stroje, \u0159\u00edd\u00ed v\u00e1lec ramene pohyb ovl\u00e1dac\u00edch ramen a prov\u00e1d\u00ed \u00fakoly, jako je set\u00ed, hnojen\u00ed a sklize\u0148.<\/p>\n<\/li>\n<li>\n<h3>Hornictv\u00ed<\/h3>\n<p>V t\u011b\u017eebn\u00edch za\u0159\u00edzen\u00edch se v\u00e1lec ramene pou\u017e\u00edv\u00e1 k ovl\u00e1d\u00e1n\u00ed pohybu ramene t\u011b\u017eebn\u00edho za\u0159\u00edzen\u00ed, k prov\u00e1d\u011bn\u00ed t\u011b\u017eby a manipulace s materi\u00e1lem.<\/p>\n<\/li>\n<li>\n<h3>Logistika a doprava<\/h3>\n<p>U vysokozdvi\u017en\u00fdch voz\u00edk\u016f a manipula\u010dn\u00edch robot\u016f se v\u00e1lec ramene pou\u017e\u00edv\u00e1 k ovl\u00e1d\u00e1n\u00ed zved\u00e1n\u00ed a pohybu n\u00e1kladu, \u010d\u00edm\u017e se realizuje manipulace a stohov\u00e1n\u00ed materi\u00e1l\u016f.<\/p>\n<\/li>\n<\/ul>\n<h2>Konstruk\u010dn\u00ed aspekty a krit\u00e9ria v\u00fdb\u011bru<\/h2>\n<ul>\n<li>\n<h3>\u00danosnost<\/h3>\n<p>V\u00e1lec ramene mus\u00ed b\u00fdt schopen un\u00e9st hmotnost p\u0159\u00edslu\u0161enstv\u00ed a materi\u00e1l\u016f nesen\u00fdch mechanick\u00fdm ramenem.<\/p>\n<\/li>\n<li>\n<h3>T\u011bsn\u011bn\u00ed<\/h3>\n<p>V\u00e1lec ramene mus\u00ed b\u00fdt vybaven r\u016fzn\u00fdmi t\u011bsnic\u00edmi za\u0159\u00edzen\u00edmi, jako jsou t\u011bsn\u011bn\u00ed p\u00edstu a p\u00edstnice, vyroben\u00fdmi z materi\u00e1l\u016f odoln\u00fdch proti opot\u0159eben\u00ed, jako je polyuretan a nitrilov\u00e1 pry\u017e, aby se zabr\u00e1nilo \u00faniku oleje a byla zaji\u0161t\u011bna spolehlivost.<\/p>\n<\/li>\n<li>\n<h3>Trvanlivost<\/h3>\n<p>Rameno v\u00e1lce mus\u00ed b\u00fdt vyrobeno z vysoce pevn\u00fdch materi\u00e1l\u016f a t\u011bleso v\u00e1lce a povrch z\u00e1vitov\u00e9ho konce mus\u00ed b\u00fdt jemn\u011b opracov\u00e1ny, aby se zlep\u0161ila odolnost proti opot\u0159eben\u00ed a korozi.<\/p>\n<\/li>\n<li>\n<h3>Bezpe\u010dnost<\/h3>\n<p>V\u00e1lec ramene mus\u00ed spl\u0148ovat bezpe\u010dnostn\u00ed normy a konstrukce mus\u00ed zohled\u0148ovat opat\u0159en\u00ed k prevenci nehod, jako jsou za\u0159\u00edzen\u00ed proti uvoln\u011bn\u00ed.<\/p>\n<\/li>\n<li>\n<h3>\u00dadr\u017eba<\/h3>\n<p>Konstrukce v\u00e1lce ramene by m\u011bla b\u00fdt snadno udr\u017eovateln\u00e1 a vym\u011bniteln\u00e1 a v\u00e1lec by m\u011bl b\u00fdt vybaven spolehliv\u00fdm tlumi\u010dem pro sn\u00ed\u017een\u00ed n\u00e1razu a prodlou\u017een\u00ed \u017eivotnosti.<\/p>\n<\/li>\n<\/ul>\n<p><img decoding=\"async\" src=\"https:\/\/www.hydraulic-cylinders.net\/wp-content\/uploads\/2025\/01\/songte-cylinder-head-with-all-kinds-excavator-models.webp\" alt=\"Obr\u00e1zek hlavy v\u00e1lc\u016f ramene\"><\/p>\n<h2>T\u011bsn\u011bn\u00ed a maz\u00e1n\u00ed<\/h2>\n<p>V\u00e1lec ramene pou\u017e\u00edv\u00e1 r\u016fzn\u00e1 t\u011bsnic\u00ed za\u0159\u00edzen\u00ed, jako jsou t\u011bsn\u011bn\u00ed p\u00edstu a t\u011bsn\u011bn\u00ed p\u00edstnice, aby se zabr\u00e1nilo \u00faniku oleje. Tato t\u011bsn\u011bn\u00ed jsou vyrobena z materi\u00e1l\u016f odoln\u00fdch proti opot\u0159eben\u00ed, jako je polyuretan a nitrilov\u00e1 pry\u017e, aby bylo zaji\u0161t\u011bno spolehliv\u00e9 ut\u011bsn\u011bn\u00ed. T\u011bleso v\u00e1lce a povrch z\u00e1vitu jsou jemn\u011b opracov\u00e1ny pro zlep\u0161en\u00ed odolnosti proti opot\u0159eben\u00ed a korozi. V\u00e1lec ramene vy\u017eaduje pravideln\u00e9 maz\u00e1n\u00ed hydraulick\u00fdm olejem, aby byl zaji\u0161t\u011bn hladk\u00fd a spolehliv\u00fd provoz. Hydraulick\u00fd olej mus\u00ed b\u00fdt p\u0159id\u00e1v\u00e1n v odpov\u00eddaj\u00edc\u00edm mno\u017estv\u00ed.<\/p>\n<h2>\u00dadr\u017eba a odstra\u0148ov\u00e1n\u00ed probl\u00e9m\u016f<\/h2>\n<p>Pravideln\u00e1 kontrola a preventivn\u00ed \u00fadr\u017eba jsou nezbytn\u00e9 pro zaji\u0161t\u011bn\u00ed spolehliv\u00e9ho provozu v\u00e1lce ramene. Mezi b\u011b\u017en\u00e9 probl\u00e9my pat\u0159\u00ed \u00fanik oleje, nedostate\u010dn\u00fd p\u0159enos v\u00fdkonu a abnorm\u00e1ln\u00ed hluk. Pro vy\u0159e\u0161en\u00ed t\u011bchto probl\u00e9m\u016f je nutn\u00e9 zkontrolovat t\u011bsnic\u00ed za\u0159\u00edzen\u00ed, hladinu hydraulick\u00e9ho oleje a po\u0161kozen\u00ed sou\u010d\u00e1st\u00ed v\u00e1lce. P\u0159ed opravou nebo v\u00fdm\u011bnou jak\u00fdchkoli sou\u010d\u00e1st\u00ed se doporu\u010duje konzultace s odborn\u00edkem. Abyste p\u0159ede\u0161li potenci\u00e1ln\u00edm probl\u00e9m\u016fm, je nutn\u00e9 dodr\u017eovat pokyny v\u00fdrobce, prov\u00e1d\u011bt pravidelnou \u00fadr\u017ebu a vyvarovat se p\u0159et\u00ed\u017een\u00ed mechanick\u00e9ho ramene.<\/p>\n<p><img decoding=\"async\" src=\"https:\/\/www.hydraulic-cylinders.net\/wp-content\/uploads\/2025\/01\/songte-chushion-collar.webp\" alt=\"Obr\u00e1zek l\u00edmce v\u00e1lce pa\u017ee\"><\/p>\n<h2>Instala\u010dn\u00ed p\u0159\u00edru\u010dka<\/h2>\n<p>Instalace v\u00e1lce s ramenem vy\u017eaduje odborn\u00e9 znalosti a dovednosti. P\u0159ed instalac\u00ed se ujist\u011bte, \u017ee v\u00e1lec a mechanick\u00e9 rameno jsou \u010dist\u00e9 a bez ne\u010distot. V\u00e1lec by m\u011bl b\u00fdt instalov\u00e1n ve spr\u00e1vn\u00e9 poloze a t\u011bsnic\u00ed za\u0159\u00edzen\u00ed a tlumi\u010d by m\u011bly b\u00fdt spr\u00e1vn\u011b nainstalov\u00e1ny. Po instalaci by m\u011bl b\u00fdt v\u00e1lec otestov\u00e1n, aby se zajistil hladk\u00fd a spolehliv\u00fd provoz.<\/p>\n<h2>O na\u0161\u00ed spole\u010dnosti<\/h2>\n<p>Jsme profesion\u00e1ln\u00ed v\u00fdrobce n\u00e1hradn\u00edch hydraulick\u00fdch v\u00e1lc\u016f se \u0161irokou \u0161k\u00e1lou produkt\u016f a stali jsme se jedn\u00edm z p\u0159edn\u00edch v\u00fdrobc\u016f a velkoobchodn\u00edch distributor\u016f hydraulick\u00fdch v\u00e1lc\u016f na dom\u00e1c\u00edm i mezin\u00e1rodn\u00edm trhu. V\u017edy se dr\u017e\u00edme principu vynikaj\u00edc\u00ed kvality, spol\u00e9h\u00e1me se na strategii \u0159\u00edzen\u00ed pr\u016fmyslov\u00e9 v\u00fdroby v jemn\u00fdch v\u00fdrobn\u00edch d\u00edln\u00e1ch a neust\u00e1le zlep\u0161ujeme technologie a efektivitu v\u00fdroby. D\u00edky zav\u00e1d\u011bn\u00ed \u0161pi\u010dkov\u00e9ho digit\u00e1ln\u00edho v\u00fdrobn\u00edho za\u0159\u00edzen\u00ed a profesion\u00e1ln\u00edch testovac\u00edch syst\u00e9m\u016f optimalizujeme v\u00fdrobn\u00ed platformu, zlep\u0161ujeme proces kontroly kvality v\u00fdrobk\u016f a m\u00e1me silnou inova\u010dn\u00ed schopnost. Na\u0161\u00edm c\u00edlem je uspokojovat rozmanit\u00e9 pot\u0159eby z\u00e1kazn\u00edk\u016f efektivn\u00edmi, p\u0159esn\u00fdmi a vysoce kvalitn\u00edmi produkty.<\/p>\n<ul>\n<li>\n<h3>Profesionalita<\/h3>\n<p>Na\u0161e spole\u010dnost m\u00e1 t\u00fdm zku\u0161en\u00fdch in\u017een\u00fdr\u016f a technik\u016f, kte\u0159\u00ed jsou zb\u011bhl\u00ed v n\u00e1vrhu, v\u00fdrob\u011b a testov\u00e1n\u00ed hydraulick\u00fdch v\u00e1lc\u016f.<\/p>\n<\/li>\n<li>\n<h3>Mezin\u00e1rodn\u00ed certifikace<\/h3>\n<p>Na\u0161e spole\u010dnost z\u00edskala mezin\u00e1rodn\u00ed certifikaci syst\u00e9mu managementu jakosti ISO9001:2015 a dal\u0161\u00ed relevantn\u00ed certifik\u00e1ty, kter\u00e9 zaru\u010duj\u00ed kvalitu a spolehlivost na\u0161ich produkt\u016f.<\/p>\n<\/li>\n<li>\n<h3>Slu\u017eba p\u0159izp\u016fsoben\u00ed<\/h3>\n<p>Dod\u00e1v\u00e1me hydraulick\u00e9 v\u00e1lce na m\u00edru dle po\u017eadavk\u016f z\u00e1kazn\u00edka, kter\u00e9 spl\u0148uj\u00ed r\u016fzn\u00e9 sc\u00e9n\u00e1\u0159e pou\u017eit\u00ed a typy za\u0159\u00edzen\u00ed.<\/p>\n<\/li>\n<li>\n<h3>V\u00fdrobn\u00ed za\u0159\u00edzen\u00ed<\/h3>\n<p>Na\u0161e spole\u010dnost zav\u00e1d\u00ed pokro\u010dil\u00e9 digit\u00e1ln\u00ed v\u00fdrobn\u00ed za\u0159\u00edzen\u00ed a profesion\u00e1ln\u00ed testovac\u00ed syst\u00e9my, abychom zajistili p\u0159esnost a kvalitu na\u0161ich produkt\u016f.<\/p>\n<\/li>\n<li>\n<h3>Poprodejn\u00ed servis<\/h3>\n<p>Na\u0161e spole\u010dnost poskytuje rychl\u00fd a v\u010dasn\u00fd poprodejn\u00ed servis, v\u010detn\u011b technick\u00e9 podpory, oprav a v\u00fdm\u011bny komponent\u016f.<\/p>\n<\/li>\n<\/ul>\n<p><img decoding=\"async\" src=\"https:\/\/www.hydraulic-cylinders.net\/wp-content\/uploads\/2025\/01\/songte-company-4.webp\" alt=\"Image spole\u010dnosti\"><br \/>\n<img decoding=\"async\" src=\"https:\/\/www.hydraulic-cylinders.net\/wp-content\/uploads\/2025\/01\/songte-company-3.webp\" alt=\"Image spole\u010dnosti\"><\/p>\n<p>Autor: lyl.<\/p>","protected":false},"excerpt":{"rendered":"<p>Arm Cylinder For Takeuchi Small Excavator TB160C Introduction The arm cylinder, as featured in the Arm Cylinder For Takeuchi Small Excavator TB160C, is a type of specially designed hydraulic cylinder that provides linear motion and power to the arms of various types of machinery, such as excavators, cranes, and robotic arms. The arm cylinder plays [&hellip;]<\/p>","protected":false},"featured_media":14763,"comment_status":"open","ping_status":"closed","template":"","meta":{"_et_pb_use_builder":"","_et_pb_old_content":"","_et_gb_content_width":""},"product_brand":[],"product_cat":[1497],"product_tag":[1498,1496],"class_list":{"0":"post-16644","1":"product","2":"type-product","3":"status-publish","4":"has-post-thumbnail","6":"product_cat-arm-cylinders","7":"product_tag-arm-cylinders","8":"product_tag-hydraulic-cylinders","10":"first","11":"instock","12":"shipping-taxable","13":"product-type-simple"},"amp_enabled":true,"_links":{"self":[{"href":"https:\/\/www.hydraulic-cylinders.net\/cs\/wp-json\/wp\/v2\/product\/16644","targetHints":{"allow":["GET"]}}],"collection":[{"href":"https:\/\/www.hydraulic-cylinders.net\/cs\/wp-json\/wp\/v2\/product"}],"about":[{"href":"https:\/\/www.hydraulic-cylinders.net\/cs\/wp-json\/wp\/v2\/types\/product"}],"replies":[{"embeddable":true,"href":"https:\/\/www.hydraulic-cylinders.net\/cs\/wp-json\/wp\/v2\/comments?post=16644"}],"wp:featuredmedia":[{"embeddable":true,"href":"https:\/\/www.hydraulic-cylinders.net\/cs\/wp-json\/wp\/v2\/media\/14763"}],"wp:attachment":[{"href":"https:\/\/www.hydraulic-cylinders.net\/cs\/wp-json\/wp\/v2\/media?parent=16644"}],"wp:term":[{"taxonomy":"product_brand","embeddable":true,"href":"https:\/\/www.hydraulic-cylinders.net\/cs\/wp-json\/wp\/v2\/product_brand?post=16644"},{"taxonomy":"product_cat","embeddable":true,"href":"https:\/\/www.hydraulic-cylinders.net\/cs\/wp-json\/wp\/v2\/product_cat?post=16644"},{"taxonomy":"product_tag","embeddable":true,"href":"https:\/\/www.hydraulic-cylinders.net\/cs\/wp-json\/wp\/v2\/product_tag?post=16644"}],"curies":[{"name":"wp","href":"https:\/\/api.w.org\/{rel}","templated":true}]}}