{"id":16648,"date":"2025-01-21T05:44:06","date_gmt":"2025-01-21T05:44:06","guid":{"rendered":"https:\/\/www.hydraulic-cylinders.net\/product\/arm-cylinder-for-case-small-excavator-cx58c\/"},"modified":"2025-01-21T05:44:08","modified_gmt":"2025-01-21T05:44:08","slug":"arm-cylinder-for-case-small-excavator-cx58c","status":"publish","type":"product","link":"https:\/\/www.hydraulic-cylinders.net\/cs\/produkt\/arm-cylinder-for-case-small-excavator-cx58c\/","title":{"rendered":"V\u00e1lec ramene pro mal\u00e9 rypadlo Case CX58C"},"content":{"rendered":"<p>V\u00e1lec ramene pro mal\u00e9 rypadlo Case CX58C<\/p>\n<p>Zaveden\u00ed:<br \/>\nHydraulick\u00fd v\u00e1lec ramene je speci\u00e1ln\u011b navr\u017een\u00fd hydraulick\u00fd v\u00e1lec pou\u017e\u00edvan\u00fd v r\u016fzn\u00fdch typech stroj\u016f k zaji\u0161t\u011bn\u00ed line\u00e1rn\u00edho pohybu a v\u00fdkonu ramene, jako jsou bagry, je\u0159\u00e1by a mechanick\u00e1 ramena. V\u00e1lce ramen hraj\u00ed kl\u00ed\u010dovou roli v hydraulick\u00e9m syst\u00e9mu, proto\u017ee umo\u017e\u0148uj\u00ed efektivn\u00ed pohyb a ovl\u00e1d\u00e1n\u00ed p\u0159ipojen\u00e9ho n\u00e1\u0159ad\u00ed nebo p\u0159\u00edslu\u0161enstv\u00ed. Tyto v\u00e1lce nejen\u017ee zaji\u0161\u0165uj\u00ed plynul\u00fd pohyb, ale tak\u00e9 odol\u00e1vaj\u00ed t\u011b\u017ek\u00fdm z\u00e1t\u011b\u017e\u00edm, \u010d\u00edm\u017e zaji\u0161\u0165uj\u00ed efektivn\u00ed provoz a spolehlivost stroj\u016f za r\u016fzn\u00fdch pracovn\u00edch podm\u00ednek.<\/p>\n<p>Definice a vysv\u011btlen\u00ed:<br \/>\nHydraulick\u00e9 v\u00e1lce ramene jsou hydraulick\u00e9 v\u00e1lce pou\u017e\u00edvan\u00e9 p\u0159edev\u0161\u00edm v r\u016fzn\u00fdch typech stroj\u016f k zaji\u0161t\u011bn\u00ed line\u00e1rn\u00edho pohybu a v\u00fdkonu ramene. Tyto v\u00e1lce jsou kl\u00ed\u010dov\u00e9 pro efektivn\u00ed pohyb a ovl\u00e1d\u00e1n\u00ed p\u0159ipojen\u00e9ho n\u00e1\u0159ad\u00ed nebo p\u0159\u00edslu\u0161enstv\u00ed v hydraulick\u00e9m syst\u00e9mu. V\u00e1lce ramene zaji\u0161\u0165uj\u00ed plynul\u00fd pohyb a odol\u00e1vaj\u00ed t\u011b\u017ek\u00fdm z\u00e1t\u011b\u017e\u00edm, \u010d\u00edm\u017e zaji\u0161\u0165uj\u00ed efektivn\u00ed provoz a spolehlivost stroj\u016f za r\u016fzn\u00fdch pracovn\u00edch podm\u00ednek.<\/p>\n<p><img decoding=\"async\" src=\"https:\/\/www.hydraulic-cylinders.net\/wp-content\/uploads\/2025\/01\/songte-company-2.webp\"><\/p>\n<p>Vlastnosti:<br \/>\n1. Vysoce \u00fa\u010dinn\u00fd p\u0159evod: V\u00e1lce ramene poskytuj\u00ed siln\u00fd line\u00e1rn\u00ed pohyb a s\u00edlu, co\u017e zaji\u0161\u0165uje vysokou \u00fa\u010dinnost mechanick\u00e9ho ramene p\u0159i r\u016fzn\u00fdch operac\u00edch.<br \/>\n2. P\u0159esn\u00e9 ovl\u00e1d\u00e1n\u00ed: Prost\u0159ednictv\u00edm hydraulick\u00e9ho syst\u00e9mu m\u016f\u017ee v\u00e1lec ramene dos\u00e1hnout p\u0159esn\u00e9ho ovl\u00e1d\u00e1n\u00ed pohybu, \u010d\u00edm\u017e se provoz p\u0159ipojen\u00e9ho n\u00e1\u0159ad\u00ed stane flexibiln\u011bj\u0161\u00edm a p\u0159esn\u011bj\u0161\u00edm.<br \/>\n3. Vysok\u00e1 odolnost: V\u00e1lce ramen jsou obvykle vyrobeny z vysoce pevn\u00fdch materi\u00e1l\u016f s dobrou odolnost\u00ed proti opot\u0159eben\u00ed a korozi, vhodn\u00e9 pro dlouhodob\u00e9 pou\u017eit\u00ed v n\u00e1ro\u010dn\u00fdch podm\u00ednk\u00e1ch.<br \/>\n4. Multifunk\u010dn\u00ed p\u0159izp\u016fsobivost: Tyto v\u00e1lce se \u0161iroce pou\u017e\u00edvaj\u00ed v r\u016fzn\u00fdch typech stroj\u016f, jako jsou bagry, je\u0159\u00e1by a mechanick\u00e1 ramena, a p\u0159izp\u016fsobuj\u00ed se r\u016fzn\u00fdm pracovn\u00edm pot\u0159eb\u00e1m.<br \/>\n5. Snadn\u00e1 \u00fadr\u017eba: Konstrukce zohled\u0148uje snadnou \u00fadr\u017ebu a v\u00fdm\u011bnu, co\u017e usnad\u0148uje pravideln\u00e9 kontroly a \u00fadr\u017ebu a zkracuje prostoje za\u0159\u00edzen\u00ed.<\/p>\n<p>N\u00e1\u0161 produkt dok\u00e1\u017ee tyto hydraulick\u00e9 v\u00e1lce dokonale nahradit.<\/p>\n<p><img decoding=\"async\" src=\"https:\/\/www.hydraulic-cylinders.net\/wp-content\/uploads\/2025\/01\/songte-oil-pipes-and-spare-parts.webp\"><\/p>\n<p>Aplikace:<br \/>\n1. Stavebn\u00ed in\u017een\u00fdrstv\u00ed: U bagr\u016f a je\u0159\u00e1b\u016f se v\u00e1lce ramen pou\u017e\u00edvaj\u00ed k ovl\u00e1d\u00e1n\u00ed pohybu l\u017e\u00edce nebo v\u00fdlo\u017en\u00edku, k prov\u00e1d\u011bn\u00ed zemn\u00edch operac\u00ed, manipulace s materi\u00e1lem a mont\u00e1\u017ee konstrukc\u00ed.<br \/>\n2. V\u00fdroba: V automatizovan\u00fdch v\u00fdrobn\u00edch link\u00e1ch se v\u00e1lce ramen pou\u017e\u00edvaj\u00ed pro pohyb mechanick\u00fdch ramen, mont\u00e1\u017e, sva\u0159ov\u00e1n\u00ed a manipulaci s materi\u00e1lem, co\u017e zlep\u0161uje efektivitu a p\u0159esnost v\u00fdroby.<br \/>\n3. Zem\u011bd\u011blsk\u00e9 stroje: U zem\u011bd\u011blsk\u00fdch stroj\u016f, jako jsou skl\u00edzec\u00ed a sec\u00ed stroje, ovl\u00e1daj\u00ed v\u00e1lce ramen pohyb pracovn\u00edho ramene, kter\u00e9 prov\u00e1d\u00ed set\u00ed, hnojen\u00ed a sklize\u0148.<br \/>\n4. T\u011b\u017eba: V t\u011b\u017eebn\u00edch za\u0159\u00edzen\u00edch se v\u00e1lce ramen pou\u017e\u00edvaj\u00ed k ovl\u00e1d\u00e1n\u00ed pohybu ramen t\u011b\u017eebn\u00edho za\u0159\u00edzen\u00ed, k prov\u00e1d\u011bn\u00ed t\u011b\u017eebn\u00edch a manipula\u010dn\u00edch operac\u00ed s materi\u00e1lem.<br \/>\n5. Logistika a doprava: U vysokozdvi\u017en\u00fdch voz\u00edk\u016f a manipula\u010dn\u00edch robot\u016f se v\u00e1lce ramen pou\u017e\u00edvaj\u00ed k ovl\u00e1d\u00e1n\u00ed zved\u00e1n\u00ed a pohybu vidlic, \u010d\u00edm\u017e se realizuje manipulace s materi\u00e1lem a jeho stohov\u00e1n\u00ed.<\/p>\n<p>\u00davahy o n\u00e1vrhu a standardy v\u00fdb\u011bru:<br \/>\n1. \u00danosnost: V\u00e1lce ramen mus\u00ed b\u00fdt navr\u017eeny a vyrobeny tak, aby odolaly o\u010dek\u00e1van\u00e9 nosnosti stroj\u016f, ve kter\u00fdch se pou\u017e\u00edvaj\u00ed.<br \/>\n2. T\u011bsnic\u00ed v\u00fdkon: V\u00e1lce ramen pou\u017e\u00edvaj\u00ed r\u016fzn\u00e9 t\u011bsnic\u00ed komponenty, jako jsou t\u011bsn\u011bn\u00ed p\u00edst\u016f a t\u011bsn\u011bn\u00ed p\u00edstnic, vyroben\u00e9 z materi\u00e1l\u016f odoln\u00fdch proti opot\u0159eben\u00ed, jako je polyuretan a nitrilov\u00e1 pry\u017e, aby byl zaji\u0161t\u011bn dobr\u00fd t\u011bsnic\u00ed v\u00fdkon.<br \/>\n3. Trvanlivost: V\u00e1lce ramen jsou obvykle vyrobeny z vysoce pevn\u00fdch materi\u00e1l\u016f s dobrou odolnost\u00ed proti opot\u0159eben\u00ed a korozi, vhodn\u00e9 pro dlouhodob\u00e9 pou\u017eit\u00ed v n\u00e1ro\u010dn\u00fdch podm\u00ednk\u00e1ch.<br \/>\n4. Bezpe\u010dnost: V\u00e1lce s rameny mus\u00ed b\u00fdt navr\u017eeny a vyrobeny v souladu s p\u0159\u00edslu\u0161n\u00fdmi bezpe\u010dnostn\u00edmi normami, aby byla zaji\u0161t\u011bna bezpe\u010dnost pracovn\u00edk\u016f a za\u0159\u00edzen\u00ed.<br \/>\n5. \u00dadr\u017eba: V\u00e1lce ramen jsou navr\u017eeny pro snadnou \u00fadr\u017ebu a v\u00fdm\u011bnu, aby se zkr\u00e1tily prostoje.<\/p>\n<p><img decoding=\"async\" src=\"https:\/\/www.hydraulic-cylinders.net\/wp-content\/uploads\/2025\/01\/songte-cylinder-head-with-all-kinds-excavator-models.webp\"><\/p>\n<p>T\u011bsn\u011bn\u00ed a maz\u00e1n\u00ed:<br \/>\nV\u00e1lce s rameny pou\u017e\u00edvaj\u00ed r\u016fzn\u00e9 t\u011bsnic\u00ed komponenty, jako jsou t\u011bsn\u011bn\u00ed p\u00edst\u016f a p\u00edstnic, vyroben\u00e9 z materi\u00e1l\u016f odoln\u00fdch proti opot\u0159eben\u00ed, jako je polyuretan a nitrilov\u00e1 pry\u017e, aby byl zaji\u0161t\u011bn dobr\u00fd t\u011bsnic\u00ed v\u00fdkon. T\u011bleso v\u00e1lce a z\u00e1vitov\u00fd konec jsou jemn\u011b o\u0161et\u0159eny pro zlep\u0161en\u00ed odolnosti proti opot\u0159eben\u00ed. Pro zaji\u0161t\u011bn\u00ed maz\u00e1n\u00ed je nutn\u00e9 pravideln\u011b p\u0159id\u00e1vat vhodn\u00fd hydraulick\u00fd olej.<\/p>\n<p>Pravideln\u00e1 kontrola a preventivn\u00ed \u00fadr\u017eba:<br \/>\n1. Zkontrolujte, zda p\u00edst, ty\u010d a dal\u0161\u00ed sou\u010d\u00e1sti nejsou po\u0161kozen\u00e9 nebo opot\u0159ebovan\u00e9.<br \/>\n2. Zkontrolujte t\u011bsnic\u00ed v\u00fdkon t\u011bsn\u011bn\u00ed p\u00edstu a t\u011bsn\u011bn\u00ed p\u00edstnice.<br \/>\n3. Zkontrolujte, zda nedoch\u00e1z\u00ed k \u00faniku hydraulick\u00e9ho oleje.<br \/>\n4. Zkontrolujte upevn\u011bn\u00ed v\u00e1lce ke strojn\u00edmu za\u0159\u00edzen\u00ed.<br \/>\n5. Pravideln\u011b dopl\u0148ujte vhodn\u00fd hydraulick\u00fd olej pro maz\u00e1n\u00ed.<\/p>\n<p>Instala\u010dn\u00ed pr\u016fvodce:<br \/>\n1. Ujist\u011bte se, \u017ee je v\u00e1lec \u010dist\u00fd a bez ne\u010distot.<br \/>\n2. Zkontrolujte mont\u00e1\u017en\u00ed polohu a orientaci a ujist\u011bte se, \u017ee je spr\u00e1vn\u011b zarovn\u00e1na se strojn\u00edm za\u0159\u00edzen\u00edm.<br \/>\n3. Dodr\u017eujte pokyny v\u00fdrobce ohledn\u011b upevn\u011bn\u00ed, nastaven\u00ed utahovac\u00edho momentu a pou\u017eit\u00ed p\u0159\u00edpadn\u00fdch mont\u00e1\u017en\u00edch konzol nebo adapt\u00e9r\u016f.<br \/>\n4. P\u0159ipojte hydraulick\u00e9 hadice a armatury dle specifikac\u00ed.<br \/>\n5. P\u0159ed pou\u017eit\u00edm otestujte v\u00e1lec, zda spr\u00e1vn\u011b funguje.<\/p>\n<p><img decoding=\"async\" src=\"https:\/\/www.hydraulic-cylinders.net\/wp-content\/uploads\/2025\/01\/songte-bushings-with-all-kinds-of-excavator-models.webp\"><\/p>\n<p>Bezpe\u010dnostn\u00ed aspekty a faktory prost\u0159ed\u00ed:<br \/>\n1. P\u0159i pou\u017e\u00edv\u00e1n\u00ed stroje a v\u00e1lce ramene v\u017edy dodr\u017eujte bezpe\u010dnostn\u00ed pokyny v\u00fdrobce.<br \/>\n2. Pravideln\u00e1 kontrola a \u00fadr\u017eba stroje a v\u00e1lce ramene jsou nezbytn\u00e9 pro zaji\u0161t\u011bn\u00ed bezpe\u010dn\u00e9ho a spolehliv\u00e9ho provozu.<br \/>\n3. Spr\u00e1vn\u00e1 likvidace pou\u017eit\u00e9ho hydraulick\u00e9ho oleje a dal\u0161\u00edch nebezpe\u010dn\u00fdch materi\u00e1l\u016f je z\u00e1sadn\u00ed pro ochranu \u017eivotn\u00edho prost\u0159ed\u00ed.<\/p>\n<p>Diagnostika a odstra\u0148ov\u00e1n\u00ed z\u00e1vad:<br \/>\n1. Nedostate\u010dn\u00e1 s\u00edla nebo rychlost v\u00e1lce ramene: zkontrolujte, zda nedoch\u00e1z\u00ed k \u00faniku hydraulick\u00e9ho oleje, zkontrolujte stav t\u011bsn\u011bn\u00ed a zkontrolujte hydraulick\u00fd syst\u00e9m, zda nen\u00ed po\u0161kozen\u00fd nebo ucpan\u00fd.<br \/>\n2. \u00danik hydraulick\u00e9ho oleje: zkontrolujte stav t\u011bsn\u011bn\u00ed a p\u0159ipojen\u00ed hydraulick\u00fdch hadic a armatur.<br \/>\n3. Abnorm\u00e1ln\u00ed hluk nebo vibrace: zkontrolujte, zda je v\u00e1lec spr\u00e1vn\u011b vyrovn\u00e1n se strojn\u00edm za\u0159\u00edzen\u00edm, zkontrolujte, zda nen\u00ed p\u00edst, ty\u010d a dal\u0161\u00ed sou\u010d\u00e1sti po\u0161kozen\u00e9 nebo opot\u0159ebovan\u00e9.<\/p>\n<p>\u0158e\u0161en\u00ed a prevence poruch:<br \/>\n1. Po\u0161kozen\u00e9 nebo opot\u0159ebovan\u00e9 d\u00edly ihned vym\u011b\u0148te.<br \/>\n2. Pravideln\u00e1 kontrola a \u00fadr\u017eba stroje a v\u00e1lce ramene m\u016f\u017ee pomoci identifikovat potenci\u00e1ln\u00ed probl\u00e9my d\u0159\u00edve, ne\u017e k nim dojde.<br \/>\n3. Pou\u017e\u00edvejte pouze vysoce kvalitn\u00ed hydraulick\u00fd olej a udr\u017eujte spr\u00e1vnou hladinu oleje, abyste sn\u00ed\u017eili riziko po\u0161kozen\u00ed v\u00e1lce a dal\u0161\u00edch sou\u010d\u00e1st\u00ed.<\/p>\n<p><img decoding=\"async\" src=\"https:\/\/www.hydraulic-cylinders.net\/wp-content\/uploads\/2025\/01\/songte-chushion-collar.webp\"><\/p>\n<p>Z\u00e1v\u011brem lze \u0159\u00edci, \u017ee jsme profesion\u00e1ln\u00edm v\u00fdrobcem n\u00e1hradn\u00edch hydraulick\u00fdch v\u00e1lc\u016f s \u0161irokou \u0161k\u00e1lou produkt\u016f a stali jsme se jedn\u00edm z p\u0159edn\u00edch v\u00fdrobc\u016f a velkoobchodn\u00edch distributor\u016f hydraulick\u00fdch v\u00e1lc\u016f na dom\u00e1c\u00edm i mezin\u00e1rodn\u00edm trhu. V\u017edy se dr\u017e\u00edme z\u00e1sady vynikaj\u00edc\u00ed kvality, spol\u00e9h\u00e1me se na strategii industrializovan\u00e9ho \u0159\u00edzen\u00ed v\u00fdroby v r\u00e1mci zdokonalen\u00e9 v\u00fdrobn\u00ed d\u00edlny a neust\u00e1le zlep\u0161ujeme na\u0161i technickou \u00farove\u0148 a efektivitu v\u00fdroby. Prost\u0159ednictv\u00edm zav\u00e1d\u011bn\u00ed \u0161pi\u010dkov\u00e9ho digit\u00e1ln\u00edho v\u00fdrobn\u00edho za\u0159\u00edzen\u00ed a profesion\u00e1ln\u00edch testovac\u00edch syst\u00e9m\u016f neust\u00e1le optimalizujeme na\u0161i v\u00fdrobn\u00ed platformu, zlep\u0161ujeme procesy kontroly kvality v\u00fdrobk\u016f a m\u00e1me siln\u00e9 inova\u010dn\u00ed schopnosti. Na\u0161\u00edm c\u00edlem je uspokojovat rozmanit\u00e9 pot\u0159eby z\u00e1kazn\u00edk\u016f s vysokou efektivitou, p\u0159esnost\u00ed a principy vysok\u00e9 kvality.<\/p>\n<p>Nab\u00edz\u00edme profesion\u00e1ln\u00ed, mezin\u00e1rodn\u011b certifikovan\u00e9, zak\u00e1zkov\u00e9 slu\u017eby, modern\u00ed v\u00fdrobn\u00ed za\u0159\u00edzen\u00ed a vynikaj\u00edc\u00ed poprodejn\u00ed servis.<\/p>\n<p><img decoding=\"async\" src=\"https:\/\/www.hydraulic-cylinders.net\/wp-content\/uploads\/2025\/01\/songte-company-4.webp\"><br \/>\n<img decoding=\"async\" src=\"https:\/\/www.hydraulic-cylinders.net\/wp-content\/uploads\/2025\/01\/songte-company-3.webp\"><\/p>\n<p>Autor: lyl.<\/p>","protected":false},"excerpt":{"rendered":"<p>Arm Cylinder For Case Small Excavator CX58C Introduction: Arm Cylinder is a specially designed hydraulic cylinder used in various types of machinery for providing linear motion and power to the arm, such as excavators, cranes, and mechanical arms. Arm cylinders play a crucial role in the hydraulic system, enabling the effective movement and control of [&hellip;]<\/p>","protected":false},"featured_media":14783,"comment_status":"open","ping_status":"closed","template":"","meta":{"_et_pb_use_builder":"","_et_pb_old_content":"","_et_gb_content_width":""},"product_brand":[],"product_cat":[1497],"product_tag":[1498,1496],"class_list":{"0":"post-16648","1":"product","2":"type-product","3":"status-publish","4":"has-post-thumbnail","6":"product_cat-arm-cylinders","7":"product_tag-arm-cylinders","8":"product_tag-hydraulic-cylinders","10":"first","11":"instock","12":"shipping-taxable","13":"product-type-simple"},"amp_enabled":true,"_links":{"self":[{"href":"https:\/\/www.hydraulic-cylinders.net\/cs\/wp-json\/wp\/v2\/product\/16648","targetHints":{"allow":["GET"]}}],"collection":[{"href":"https:\/\/www.hydraulic-cylinders.net\/cs\/wp-json\/wp\/v2\/product"}],"about":[{"href":"https:\/\/www.hydraulic-cylinders.net\/cs\/wp-json\/wp\/v2\/types\/product"}],"replies":[{"embeddable":true,"href":"https:\/\/www.hydraulic-cylinders.net\/cs\/wp-json\/wp\/v2\/comments?post=16648"}],"wp:featuredmedia":[{"embeddable":true,"href":"https:\/\/www.hydraulic-cylinders.net\/cs\/wp-json\/wp\/v2\/media\/14783"}],"wp:attachment":[{"href":"https:\/\/www.hydraulic-cylinders.net\/cs\/wp-json\/wp\/v2\/media?parent=16648"}],"wp:term":[{"taxonomy":"product_brand","embeddable":true,"href":"https:\/\/www.hydraulic-cylinders.net\/cs\/wp-json\/wp\/v2\/product_brand?post=16648"},{"taxonomy":"product_cat","embeddable":true,"href":"https:\/\/www.hydraulic-cylinders.net\/cs\/wp-json\/wp\/v2\/product_cat?post=16648"},{"taxonomy":"product_tag","embeddable":true,"href":"https:\/\/www.hydraulic-cylinders.net\/cs\/wp-json\/wp\/v2\/product_tag?post=16648"}],"curies":[{"name":"wp","href":"https:\/\/api.w.org\/{rel}","templated":true}]}}