{"id":16653,"date":"2025-01-21T05:44:26","date_gmt":"2025-01-21T05:44:26","guid":{"rendered":"https:\/\/www.hydraulic-cylinders.net\/product\/arm-cylinder-for-case-middle-excavator-cx220b\/"},"modified":"2025-01-21T05:44:28","modified_gmt":"2025-01-21T05:44:28","slug":"arm-cylinder-for-case-middle-excavator-cx220b","status":"publish","type":"product","link":"https:\/\/www.hydraulic-cylinders.net\/cs\/produkt\/arm-cylinder-for-case-middle-excavator-cx220b\/","title":{"rendered":"V\u00e1lec ramene pro st\u0159edn\u00ed bagr Case CX220B"},"content":{"rendered":"<p>V\u00e1lec ramene pro st\u0159edn\u00ed bagr Case CX220B<\/p>\n<p>Zaveden\u00ed:<br \/>\nHydraulick\u00fd v\u00e1lec ramene je specializovan\u00fd hydraulick\u00fd v\u00e1lec ur\u010den\u00fd k zaji\u0161t\u011bn\u00ed line\u00e1rn\u00edho pohybu a v\u00fdkonu pro r\u016fzn\u00e9 typy stroj\u016f, jako jsou bagry, je\u0159\u00e1by a mechanick\u00e1 ramena. V\u00e1lec ramene hraje kl\u00ed\u010dovou roli v hydraulick\u00e9m syst\u00e9mu t\u00edm, \u017ee umo\u017e\u0148uje efektivn\u00ed pohyb a ovl\u00e1d\u00e1n\u00ed p\u0159\u00edslu\u0161enstv\u00ed a p\u0159\u00edslu\u0161enstv\u00ed. Tyto v\u00e1lce nejen umo\u017e\u0148uj\u00ed plynul\u00fd pohyb, ale tak\u00e9 odol\u00e1vaj\u00ed t\u011b\u017ek\u00fdm z\u00e1t\u011b\u017e\u00edm, \u010d\u00edm\u017e zaji\u0161\u0165uj\u00ed efektivn\u00ed provoz a spolehlivost stroj\u016f za r\u016fzn\u00fdch provozn\u00edch podm\u00ednek.<\/p>\n<p>Vlastnosti:<br \/>\n1. Efektivn\u00ed p\u0159enos s\u00edly: V\u00e1lce ramen zaji\u0161\u0165uj\u00ed siln\u00fd line\u00e1rn\u00ed pohyb a s\u00edlu, co\u017e zaji\u0161\u0165uje efektivn\u00ed v\u00fdkon mechanick\u00fdch ramen v r\u016fzn\u00fdch operac\u00edch.<br \/>\n2. P\u0159esn\u00e9 ovl\u00e1d\u00e1n\u00ed: D\u00edky pou\u017eit\u00ed hydraulick\u00fdch syst\u00e9m\u016f mohou v\u00e1lce ramen dos\u00e1hnout p\u0159esn\u00e9ho ovl\u00e1d\u00e1n\u00ed pohybu, co\u017e zvy\u0161uje flexibilitu a p\u0159esnost ovl\u00e1d\u00e1n\u00ed p\u0159\u00edslu\u0161enstv\u00ed.<br \/>\n3. Vysok\u00e1 odolnost: V\u00e1lce ramen jsou obvykle vyrobeny z vysoce pevn\u00fdch materi\u00e1l\u016f s dobrou odolnost\u00ed proti opot\u0159eben\u00ed a korozi, d\u00edky \u010demu\u017e jsou vhodn\u00e9 pro dlouhodob\u00e9 pou\u017e\u00edv\u00e1n\u00ed v n\u00e1ro\u010dn\u00fdch podm\u00ednk\u00e1ch.<br \/>\n4. V\u0161estrann\u00e1 p\u0159izp\u016fsobivost: Tyto v\u00e1lce lze \u0161iroce pou\u017e\u00edvat v r\u016fzn\u00fdch mechanick\u00fdch za\u0159\u00edzen\u00edch, jako jsou bagry, je\u0159\u00e1by a mechanick\u00e1 ramena, aby spl\u0148ovaly r\u016fzn\u00e9 po\u017eadavky na pr\u00e1ci.<br \/>\n5. Snadn\u00e1 \u00fadr\u017eba: V\u00e1lce ramen jsou navr\u017eeny s ohledem na snadnou \u00fadr\u017ebu a v\u00fdm\u011bnu a usnad\u0148uj\u00ed pravidelnou kontrolu a \u00fadr\u017ebu, \u010d\u00edm\u017e zkracuj\u00ed prostoje za\u0159\u00edzen\u00ed.<\/p>\n<p>Aplikace:<br \/>\n1. Stavebn\u00ed in\u017een\u00fdrstv\u00ed: U bagr\u016f a je\u0159\u00e1b\u016f se v\u00e1lce ramen pou\u017e\u00edvaj\u00ed k ovl\u00e1d\u00e1n\u00ed pohybu l\u017e\u00edc nebo v\u00fdlo\u017en\u00edk\u016f pro zemn\u00ed pr\u00e1ce, manipulaci s materi\u00e1lem a mont\u00e1\u017e konstrukc\u00ed.<br \/>\n2. V\u00fdroba: V automatizovan\u00fdch v\u00fdrobn\u00edch link\u00e1ch se v\u00e1lce ramen pou\u017e\u00edvaj\u00ed k pohybu mechanick\u00fdch ramen pro mont\u00e1\u017en\u00ed, sva\u0159ovac\u00ed a manipula\u010dn\u00ed procesy, co\u017e zlep\u0161uje efektivitu a p\u0159esnost v\u00fdroby.<br \/>\n3. Zem\u011bd\u011blsk\u00e9 stroje: V zem\u011bd\u011blsk\u00fdch stroj\u00edch, jako jsou skl\u00edzec\u00ed a sec\u00ed stroje, ovl\u00e1daj\u00ed v\u00e1lce ramen pohyb ovl\u00e1dac\u00edch ramen pro prov\u00e1d\u011bn\u00ed \u00fakol\u016f, jako je s\u00e1zen\u00ed, hnojen\u00ed a sklize\u0148.<br \/>\n4. T\u011b\u017eba: V t\u011b\u017eebn\u00edch za\u0159\u00edzen\u00edch se v\u00e1lce ramen pou\u017e\u00edvaj\u00ed k ovl\u00e1d\u00e1n\u00ed pohybu ramen t\u011b\u017eebn\u00edch za\u0159\u00edzen\u00ed pro t\u011b\u017ebu a p\u0159epravu rudy.<br \/>\n5. Logistika a doprava: U vysokozdvi\u017en\u00fdch voz\u00edk\u016f a manipula\u010dn\u00edch robot\u016f se v\u00e1lce ramen pou\u017e\u00edvaj\u00ed k ovl\u00e1d\u00e1n\u00ed zved\u00e1n\u00ed a pohybu vidlic, \u010d\u00edm\u017e se dosahuje manipulace s materi\u00e1lem a jeho stohov\u00e1n\u00ed.<\/p>\n<p>Konstruk\u010dn\u00ed aspekty a krit\u00e9ria v\u00fdb\u011bru:<br \/>\n1. \u00danosnost: V\u00e1lce ramen mus\u00ed b\u00fdt navr\u017eeny tak, aby vydr\u017eely maxim\u00e1ln\u00ed zat\u00ed\u017een\u00ed, kter\u00e9mu budou p\u0159i provozu vystaveny.<br \/>\n2. T\u011bsn\u011bn\u00ed: K zabr\u00e1n\u011bn\u00ed \u00faniku hydraulick\u00e9 kapaliny a vniknut\u00ed ne\u010distot se pou\u017e\u00edvaj\u00ed r\u016fzn\u00e9 t\u011bsnic\u00ed prvky, jako jsou t\u011bsn\u011bn\u00ed p\u00edst\u016f a t\u011bsn\u011bn\u00ed p\u00edstnic.<br \/>\n3. Trvanlivost: V\u00e1lce ramen mus\u00ed b\u00fdt vyrobeny z materi\u00e1l\u016f s dobrou odolnost\u00ed proti opot\u0159eben\u00ed a korozi, aby bylo zaji\u0161t\u011bno dlouhodob\u00e9 pou\u017e\u00edv\u00e1n\u00ed v n\u00e1ro\u010dn\u00fdch podm\u00ednk\u00e1ch.<br \/>\n4. Bezpe\u010dnost: V\u00e1lce ramen mus\u00ed b\u00fdt navr\u017eeny tak, aby se zabr\u00e1nilo nehod\u00e1m zp\u016fsoben\u00fdm selh\u00e1n\u00edm nebo nespr\u00e1vnou funkc\u00ed v\u00e1lce.<br \/>\n5. \u00dadr\u017eba: V\u00e1lce ramen by m\u011bly b\u00fdt navr\u017eeny pro snadnou \u00fadr\u017ebu a opravy, s snadno p\u0159\u00edstupn\u00fdmi sou\u010d\u00e1stmi a n\u00e1hradn\u00edmi d\u00edly.<\/p>\n<p>T\u011bsn\u011bn\u00ed a maz\u00e1n\u00ed:<br \/>\nR\u016fzn\u00e9 t\u011bsnic\u00ed prvky, jako jsou t\u011bsn\u011bn\u00ed p\u00edst\u016f a t\u011bsn\u011bn\u00ed p\u00edstnic, se pou\u017e\u00edvaj\u00ed k zabr\u00e1n\u011bn\u00ed \u00faniku hydraulick\u00e9 kapaliny a vniknut\u00ed ne\u010distot. V\u00e1lce ramen vy\u017eaduj\u00ed pravideln\u00e9 maz\u00e1n\u00ed vhodn\u00fdm hydraulick\u00fdm olejem, aby se zachoval v\u00fdkon a trvanlivost.<\/p>\n<p>Preventivn\u00ed \u00fadr\u017eba a \u0159e\u0161en\u00ed probl\u00e9m\u016f:<br \/>\nPravideln\u00e1 kontrola a \u00fadr\u017eba v\u00e1lce ramene je nezbytn\u00e1 pro zaji\u0161t\u011bn\u00ed trval\u00e9ho a efektivn\u00edho provozu. Mezi b\u011b\u017en\u00e9 probl\u00e9my s provozem v\u00e1lce ramene pat\u0159\u00ed \u00fanik hydraulick\u00e9 kapaliny, nadm\u011brn\u00e9 opot\u0159eben\u00ed v\u00e1lce a po\u0161kozen\u00ed p\u00edstn\u00ed ty\u010de. Pro udr\u017een\u00ed v\u00fdkonu v\u00e1lce ramene a prevenci potenci\u00e1ln\u00edch probl\u00e9m\u016f by m\u011bly b\u00fdt dodr\u017eov\u00e1ny postupy odstra\u0148ov\u00e1n\u00ed probl\u00e9m\u016f a oprav podle doporu\u010den\u00ed v\u00fdrobce.<\/p>\n<p>Instala\u010dn\u00ed pr\u016fvodce:<br \/>\n1. Vy\u010dist\u011bte v\u0161echny mont\u00e1\u017en\u00ed povrchy a ujist\u011bte se, \u017ee neobsahuj\u00ed rez, ne\u010distoty a \u00falomky.<br \/>\n2. Zarovnejte dr\u017e\u00e1k v\u00e1lce ramene s upev\u0148ovac\u00edm bodem na stroji a zajist\u011bte jej vhodn\u00fdmi \u0161rouby nebo spojovac\u00edmi prvky.<br \/>\n3. P\u0159ipojte hydraulick\u00e9 hadice k v\u00e1lci ramene podle pokyn\u016f v\u00fdrobce.<br \/>\n4. Zkontrolujte spr\u00e1vnou funkci v\u00e1lce, v\u010detn\u011b plynul\u00e9ho pohybu a spr\u00e1vn\u00e9 odezvy na hydraulick\u00e9 ovl\u00e1dac\u00ed prvky.<\/p>\n<p>Bezpe\u010dnostn\u00ed aspekty a faktory prost\u0159ed\u00ed:<br \/>\nP\u0159i pr\u00e1ci s hydraulick\u00fdm za\u0159\u00edzen\u00edm je nutn\u00e9 dodr\u017eovat bezpe\u010dnostn\u00ed opat\u0159en\u00ed, jako je no\u0161en\u00ed vhodn\u00fdch ochrann\u00fdch pom\u016fcek a dodr\u017eov\u00e1n\u00ed doporu\u010den\u00fdch postup\u016f pro \u00fadr\u017ebu a opravy. Faktory prost\u0159ed\u00ed, jako je teplota a vlhkost, mohou ovlivnit v\u00fdkon v\u00e1lce ramene a m\u011bly by b\u00fdt zohledn\u011bny p\u0159i provozu v extr\u00e9mn\u00edch podm\u00ednk\u00e1ch.<\/p>\n<p>Jsme profesion\u00e1ln\u00ed v\u00fdrobce alternativn\u00edch hydraulick\u00fdch v\u00e1lc\u016f a nab\u00edz\u00edme \u0161irokou \u0161k\u00e1lu produkt\u016f a slu\u017eeb. Stali jsme se p\u0159edn\u00edm v\u00fdrobcem a velkoobchodn\u00edm distributorem hydraulick\u00fdch v\u00e1lc\u016f na dom\u00e1c\u00edm i mezin\u00e1rodn\u00edm trhu. V\u017edy se dr\u017e\u00edme principu vynikaj\u00edc\u00ed kvality a spol\u00e9h\u00e1me se na strategii industrializovan\u00e9ho \u0159\u00edzen\u00ed v\u00fdroby v na\u0161\u00ed sofistikovan\u00e9 v\u00fdrobn\u00ed d\u00edln\u011b, abychom neust\u00e1le zlep\u0161ovali na\u0161i technickou \u00farove\u0148 a efektivitu v\u00fdroby. Zav\u00e1d\u011bn\u00edm pokro\u010dil\u00e9ho digit\u00e1ln\u00edho v\u00fdrobn\u00edho za\u0159\u00edzen\u00ed a profesion\u00e1ln\u00edch testovac\u00edch syst\u00e9m\u016f neust\u00e1le optimalizujeme v\u00fdrobn\u00ed platformy, zlep\u0161ujeme procesy kontroly kvality v\u00fdrobk\u016f a disponujeme siln\u00fdmi inovativn\u00edmi schopnostmi. Na\u0161\u00edm c\u00edlem je uspokojovat rozmanit\u00e9 pot\u0159eby na\u0161ich z\u00e1kazn\u00edk\u016f s vyu\u017eit\u00edm princip\u016f efektivity, p\u0159esnosti a vysok\u00e9 kvality.<\/p>\n<p>Na\u0161e spole\u010dnost m\u00e1 n\u00e1sleduj\u00edc\u00ed schopnosti:<br \/>\n1. Profesionalita: M\u00e1me t\u00fdm zku\u0161en\u00fdch profesion\u00e1l\u016f s odborn\u00fdmi znalostmi v oblasti n\u00e1vrhu, v\u00fdroby a z\u00e1kaznick\u00e9ho servisu hydraulick\u00fdch v\u00e1lc\u016f.<br \/>\n2. Mezin\u00e1rodn\u00ed certifikace: Na\u0161e v\u00fdrobky spl\u0148uj\u00ed mezin\u00e1rodn\u00ed standardy kvality a z\u00edskaly r\u016fzn\u00e9 certifikace, jako nap\u0159\u00edklad ISO9001 a CE.<br \/>\n3. Slu\u017eby p\u0159izp\u016fsoben\u00ed: Nab\u00edz\u00edme \u0159e\u0161en\u00ed hydraulick\u00fdch v\u00e1lc\u016f na m\u00edru na z\u00e1klad\u011b po\u017eadavk\u016f z\u00e1kazn\u00edka.<br \/>\n4. V\u00fdrobn\u00ed za\u0159\u00edzen\u00ed: Vyu\u017e\u00edv\u00e1me pokro\u010dil\u00e9 digit\u00e1ln\u00ed v\u00fdrobn\u00ed za\u0159\u00edzen\u00ed k zaji\u0161t\u011bn\u00ed p\u0159esnosti a efektivity v\u00fdrobn\u00edch proces\u016f.<br \/>\n5. Poprodejn\u00ed slu\u017eby: M\u00e1me komplexn\u00ed syst\u00e9m poprodejn\u00edch slu\u017eeb, v\u010detn\u011b technick\u00e9 podpory, \u00fadr\u017eby a oprav.<\/p>\n<p>Autor: lyl.<\/p>","protected":false},"excerpt":{"rendered":"<p>Arm Cylinder for Case Middle Excavator CX220B Introduction: Arm cylinder is a specialized hydraulic cylinder designed to provide linear motion and power for various types of machinery, such as excavators, cranes, and mechanical arms. The arm cylinder plays a crucial role in a hydraulic system by enabling the effective movement and control of attachments and [&hellip;]<\/p>","protected":false},"featured_media":14770,"comment_status":"open","ping_status":"closed","template":"","meta":{"_et_pb_use_builder":"","_et_pb_old_content":"","_et_gb_content_width":""},"product_brand":[],"product_cat":[1497],"product_tag":[1498,1496],"class_list":{"0":"post-16653","1":"product","2":"type-product","3":"status-publish","4":"has-post-thumbnail","6":"product_cat-arm-cylinders","7":"product_tag-arm-cylinders","8":"product_tag-hydraulic-cylinders","10":"first","11":"instock","12":"shipping-taxable","13":"product-type-simple"},"amp_enabled":true,"_links":{"self":[{"href":"https:\/\/www.hydraulic-cylinders.net\/cs\/wp-json\/wp\/v2\/product\/16653","targetHints":{"allow":["GET"]}}],"collection":[{"href":"https:\/\/www.hydraulic-cylinders.net\/cs\/wp-json\/wp\/v2\/product"}],"about":[{"href":"https:\/\/www.hydraulic-cylinders.net\/cs\/wp-json\/wp\/v2\/types\/product"}],"replies":[{"embeddable":true,"href":"https:\/\/www.hydraulic-cylinders.net\/cs\/wp-json\/wp\/v2\/comments?post=16653"}],"wp:featuredmedia":[{"embeddable":true,"href":"https:\/\/www.hydraulic-cylinders.net\/cs\/wp-json\/wp\/v2\/media\/14770"}],"wp:attachment":[{"href":"https:\/\/www.hydraulic-cylinders.net\/cs\/wp-json\/wp\/v2\/media?parent=16653"}],"wp:term":[{"taxonomy":"product_brand","embeddable":true,"href":"https:\/\/www.hydraulic-cylinders.net\/cs\/wp-json\/wp\/v2\/product_brand?post=16653"},{"taxonomy":"product_cat","embeddable":true,"href":"https:\/\/www.hydraulic-cylinders.net\/cs\/wp-json\/wp\/v2\/product_cat?post=16653"},{"taxonomy":"product_tag","embeddable":true,"href":"https:\/\/www.hydraulic-cylinders.net\/cs\/wp-json\/wp\/v2\/product_tag?post=16653"}],"curies":[{"name":"wp","href":"https:\/\/api.w.org\/{rel}","templated":true}]}}