{"id":16658,"date":"2025-01-21T05:44:47","date_gmt":"2025-01-21T05:44:47","guid":{"rendered":"https:\/\/www.hydraulic-cylinders.net\/product\/arm-cylinder-for-case-large-excavator-cx470b\/"},"modified":"2025-01-21T05:44:49","modified_gmt":"2025-01-21T05:44:49","slug":"arm-cylinder-for-case-large-excavator-cx470b","status":"publish","type":"product","link":"https:\/\/www.hydraulic-cylinders.net\/cs\/produkt\/arm-cylinder-for-case-large-excavator-cx470b\/","title":{"rendered":"V\u00e1lec ramene pro velk\u00e9 rypadlo Case CX470B"},"content":{"rendered":"<h1>V\u00e1lec ramene pro velk\u00e9 rypadlo Case CX470B<\/h1>\n<h2>Zaveden\u00ed<\/h2>\n<p>V\u00e1lec ramene je speci\u00e1ln\u011b navr\u017een\u00fd hydraulick\u00fd v\u00e1lec pou\u017e\u00edvan\u00fd k zaji\u0161t\u011bn\u00ed line\u00e1rn\u00edho pohybu a v\u00fdkonu ramene r\u016fzn\u00fdch stroj\u016f, jako jsou bagry, je\u0159\u00e1by a mechanick\u00e1 ramena. V\u00e1lec ramene hraje kl\u00ed\u010dovou roli v hydraulick\u00e9m syst\u00e9mu, proto\u017ee umo\u017e\u0148uje efektivn\u00ed pohyb a ovl\u00e1d\u00e1n\u00ed p\u0159\u00edslu\u0161enstv\u00ed. Tyto v\u00e1lce nejen zaji\u0161\u0165uj\u00ed plynul\u00fd pohyb, ale tak\u00e9 odol\u00e1vaj\u00ed t\u011b\u017ek\u00fdm z\u00e1t\u011b\u017e\u00edm, \u010d\u00edm\u017e zaji\u0161\u0165uj\u00ed efektivn\u00ed provoz a spolehlivost stroje za r\u016fzn\u00fdch provozn\u00edch podm\u00ednek.<\/p>\n<p><img decoding=\"async\" src=\"https:\/\/www.hydraulic-cylinders.net\/wp-content\/uploads\/2025\/01\/songte-company-2.webp\" alt=\"Obr\u00e1zek v\u00e1lce ramene\"><\/p>\n<h2>Funkce<\/h2>\n<ul>\n<li>Efektivn\u00ed p\u0159enos s\u00edly: V\u00e1lec ramene zaji\u0161\u0165uje siln\u00fd line\u00e1rn\u00ed pohyb a s\u00edlu, co\u017e zaji\u0161\u0165uje vysok\u00fd v\u00fdkon mechanick\u00e9ho ramene v r\u016fzn\u00fdch operac\u00edch.<\/li>\n<li>P\u0159esn\u00e9 ovl\u00e1d\u00e1n\u00ed: Prost\u0159ednictv\u00edm hydraulick\u00e9ho syst\u00e9mu m\u016f\u017ee v\u00e1lec ramene dos\u00e1hnout p\u0159esn\u00e9ho ovl\u00e1d\u00e1n\u00ed pohybu, co\u017e zvy\u0161uje flexibilitu a p\u0159esnost ovl\u00e1d\u00e1n\u00ed p\u0159\u00edslu\u0161enstv\u00ed.<\/li>\n<li>Vysok\u00e1 odolnost: V\u00e1lec ramene je obvykle vyroben z vysoce pevn\u00fdch materi\u00e1l\u016f s dobrou odolnost\u00ed proti opot\u0159eben\u00ed a korozi, vhodn\u00fdch pro dlouhodob\u00e9 pou\u017eit\u00ed v n\u00e1ro\u010dn\u00fdch podm\u00ednk\u00e1ch.<\/li>\n<li>Multifunk\u010dnost: Tyto v\u00e1lce lze \u0161iroce pou\u017e\u00edvat v r\u016fzn\u00fdch mechanick\u00fdch za\u0159\u00edzen\u00edch, jako jsou bagry, je\u0159\u00e1by a mechanick\u00e1 ramena, aby se p\u0159izp\u016fsobily r\u016fzn\u00fdm pracovn\u00edm po\u017eadavk\u016fm.<\/li>\n<li>Snadn\u00e1 \u00fadr\u017eba: Konstrukce zohled\u0148uje snadnou \u00fadr\u017ebu a v\u00fdm\u011bnu, co\u017e usnad\u0148uje pravideln\u00e9 kontroly a \u00fadr\u017ebu a zkracuje prostoje za\u0159\u00edzen\u00ed.<\/li>\n<\/ul>\n<p><img decoding=\"async\" src=\"https:\/\/www.hydraulic-cylinders.net\/wp-content\/uploads\/2025\/01\/songte-oil-pipes-and-spare-parts.webp\" alt=\"Obr\u00e1zek olejov\u00fdch trubek a n\u00e1hradn\u00edch d\u00edl\u016f\"><\/p>\n<h2>Aplikace<\/h2>\n<ul>\n<li>Stavebn\u00ed in\u017een\u00fdrstv\u00ed: U bagr\u016f a je\u0159\u00e1b\u016f se v\u00e1lec ramene pou\u017e\u00edv\u00e1 k ovl\u00e1d\u00e1n\u00ed pohybu l\u017e\u00edc nebo v\u00fdlo\u017en\u00edk\u016f pro zemn\u00ed pr\u00e1ce, manipulaci s materi\u00e1lem a mont\u00e1\u017e konstrukc\u00ed.<\/li>\n<li>V\u00fdroba: V automatizovan\u00fdch v\u00fdrobn\u00edch link\u00e1ch se v\u00e1lec ramene pou\u017e\u00edv\u00e1 k pohybu mechanick\u00fdch ramen pro mont\u00e1\u017en\u00ed, sva\u0159ovac\u00ed a manipula\u010dn\u00ed procesy, co\u017e zlep\u0161uje efektivitu a p\u0159esnost v\u00fdroby.<\/li>\n<li>Zem\u011bd\u011blsk\u00e9 stroje: U zem\u011bd\u011blsk\u00fdch stroj\u016f, jako jsou skl\u00edzec\u00ed a sec\u00ed stroje, \u0159\u00edd\u00ed v\u00e1lec ramene pohyb ovl\u00e1dac\u00edch ramen k prov\u00e1d\u011bn\u00ed \u00fakol\u016f, jako je s\u00e1zen\u00ed, hnojen\u00ed a sklize\u0148.<\/li>\n<li>T\u011b\u017eba: V t\u011b\u017eebn\u00edm za\u0159\u00edzen\u00ed se v\u00e1lec ramene pou\u017e\u00edv\u00e1 k ovl\u00e1d\u00e1n\u00ed pohybu ramene t\u011b\u017eebn\u00edho za\u0159\u00edzen\u00ed pro t\u011b\u017ebu a manipulaci s rudou.<\/li>\n<li>Logistika a doprava: U vysokozdvi\u017en\u00fdch voz\u00edk\u016f a manipula\u010dn\u00edch robot\u016f se v\u00e1lec ramene pou\u017e\u00edv\u00e1 k ovl\u00e1d\u00e1n\u00ed zved\u00e1n\u00ed a pohybu vidlic pro manipulaci a stohov\u00e1n\u00ed materi\u00e1l\u016f.<\/li>\n<\/ul>\n<h2>Konstruk\u010dn\u00ed aspekty a krit\u00e9ria v\u00fdb\u011bru<\/h2>\n<ul>\n<li>\u00danosnost: V\u00e1lec ramene mus\u00ed m\u00edt dostate\u010dnou \u00fanosnost, aby odolal zat\u00ed\u017een\u00ed mechanick\u00e9ho ramene.<\/li>\n<li>T\u011bsn\u011bn\u00ed: V\u00e1lec ramene mus\u00ed b\u00fdt vybaven r\u016fzn\u00fdmi t\u011bsnic\u00edmi prvky, jako jsou t\u011bsn\u011bn\u00ed p\u00edstu a p\u00edstnice, z materi\u00e1l\u016f odoln\u00fdch proti opot\u0159eben\u00ed, jako je polyuretan a nitrilov\u00e1 pry\u017e, aby byl zaji\u0161t\u011bn \u00fa\u010dinn\u00fd t\u011bsnic\u00ed v\u00fdkon.<\/li>\n<li>Trvanlivost: T\u011bleso v\u00e1lce a z\u00e1vitov\u00e9 koncov\u00e9 plochy je t\u0159eba jemn\u011b opracovat, aby se zlep\u0161ila odolnost proti opot\u0159eben\u00ed a korozi.<\/li>\n<li>Bezpe\u010dnost: V\u00e1lec ramene by m\u011bl b\u00fdt navr\u017een s bezpe\u010dnostn\u00edmi prvky, jako je ochrana proti p\u0159et\u00ed\u017een\u00ed, aby byl zaji\u0161t\u011bn bezpe\u010dn\u00fd provoz.<\/li>\n<li>\u00dadr\u017eba: V\u00e1lec ramene by m\u011bl b\u00fdt navr\u017een pro snadnou \u00fadr\u017ebu a v\u00fdm\u011bnu, aby se minimalizovaly prostoje za\u0159\u00edzen\u00ed.<\/li>\n<\/ul>\n<p><img decoding=\"async\" src=\"https:\/\/www.hydraulic-cylinders.net\/wp-content\/uploads\/2025\/01\/songte-cylinder-head-with-all-kinds-excavator-models.webp\" alt=\"Obr\u00e1zek hlavy v\u00e1lc\u016f s modely bagr\u016f\"><\/p>\n<h2>T\u011bsn\u011bn\u00ed a maz\u00e1n\u00ed<\/h2>\n<p>V\u00e1lec ramene pou\u017e\u00edv\u00e1 r\u016fzn\u00e9 t\u011bsnic\u00ed prvky, jako jsou t\u011bsn\u011bn\u00ed p\u00edstu a t\u011bsn\u011bn\u00ed p\u00edstnice, z materi\u00e1l\u016f odoln\u00fdch proti opot\u0159eben\u00ed, jako je polyuretan a nitrilov\u00e1 pry\u017e, aby byl zaji\u0161t\u011bn \u00fa\u010dinn\u00fd t\u011bsnic\u00ed v\u00fdkon. T\u011bleso v\u00e1lce a z\u00e1vitov\u00e9 koncov\u00e9 plochy jsou jemn\u011b opracov\u00e1ny pro zlep\u0161en\u00ed odolnosti proti opot\u0159eben\u00ed a korozi. Pravideln\u00e9 p\u0159id\u00e1v\u00e1n\u00ed vhodn\u00e9ho mno\u017estv\u00ed hydraulick\u00e9ho oleje pro maz\u00e1n\u00ed je nezbytn\u00e9 pro udr\u017een\u00ed v\u00fdkonu v\u00e1lce ramene.<\/p>\n<p><img decoding=\"async\" src=\"https:\/\/www.hydraulic-cylinders.net\/wp-content\/uploads\/2025\/01\/songte-chushion-collar.webp\" alt=\"Obr\u00e1zek pol\u0161t\u00e1\u0159ov\u00e9ho l\u00edmce\"><\/p>\n<h2>\u00dadr\u017eba a odstra\u0148ov\u00e1n\u00ed probl\u00e9m\u016f<\/h2>\n<p>Pravideln\u00e1 kontrola a preventivn\u00ed \u00fadr\u017eba jsou z\u00e1sadn\u00ed pro zaji\u0161t\u011bn\u00ed v\u00fdkonu v\u00e1lce ramene a prodlou\u017een\u00ed jeho \u017eivotnosti. Mezi b\u011b\u017en\u00e9 probl\u00e9my pat\u0159\u00ed net\u011bsnost, nedostate\u010dn\u00fd v\u00fdkon a abnorm\u00e1ln\u00ed hluk. V p\u0159\u00edpad\u011b probl\u00e9m\u016f by u\u017eivatel\u00e9 m\u011bli zkontrolovat hladinu oleje, stav t\u011bsn\u011bn\u00ed a t\u011bsnost spojovac\u00edch \u010d\u00e1st\u00ed. Pokud probl\u00e9m p\u0159etrv\u00e1v\u00e1, je t\u0159eba vyhledat odborn\u00e9 servisn\u00ed slu\u017eby.<\/p>\n<h2>Instala\u010dn\u00ed p\u0159\u00edru\u010dka<\/h2>\n<p>1. Vy\u010dist\u011bte m\u00edsto instalace a zkontrolujte v\u00e1lec ramene a spojovac\u00ed d\u00edly, zda nejsou po\u0161kozen\u00e9 nebo z\u00e1vady.<\/p>\n<p>2. Nainstalujte v\u00e1lec ramene a p\u0159ipojte jej k hydraulick\u00e9mu syst\u00e9mu, p\u0159i\u010dem\u017e ut\u00e1hn\u011bte upev\u0148ovac\u00ed \u0161rouby p\u0159edepsan\u00fdm utahovac\u00edm momentem.<\/p>\n<p>3. Zkontrolujte v\u00fdkon v\u00e1lce ramene a v p\u0159\u00edpad\u011b pot\u0159eby upravte hydraulick\u00fd pr\u016ftok a tlak.<\/p>\n<p>4. Po instalaci pravideln\u011b kontrolujte a udr\u017eujte v\u00e1lec ramene dle n\u00e1vodu k \u00fadr\u017eb\u011b.<\/p>\n<p><img decoding=\"async\" src=\"https:\/\/www.hydraulic-cylinders.net\/wp-content\/uploads\/2025\/01\/songte-bushings-with-all-kinds-of-excavator-models.webp\" alt=\"Pouzdra s modely bagr\u016f Obr\u00e1zek\"><\/p>\n<h2>O n\u00e1s<\/h2>\n<p>Jsme profesion\u00e1ln\u00ed v\u00fdrobce n\u00e1hradn\u00edch hydraulick\u00fdch v\u00e1lc\u016f s \u0161irokou \u0161k\u00e1lou produkt\u016f a stali jsme se jedn\u00edm z p\u0159edn\u00edch v\u00fdrobc\u016f a velkoobchodn\u00edch distributor\u016f hydraulick\u00fdch v\u00e1lc\u016f na dom\u00e1c\u00edm i zahrani\u010dn\u00edm trhu. V\u017edy jsme se dr\u017eeli principu vynikaj\u00edc\u00ed kvality, spol\u00e9hali jsme se na strategii industrializace \u0159\u00edzen\u00ed v\u00fdroby v zdokonalen\u00fdch v\u00fdrobn\u00edch d\u00edln\u00e1ch a neust\u00e1le zlep\u0161ujeme na\u0161i technickou \u00farove\u0148 a efektivitu v\u00fdroby. Zav\u00e1d\u011bn\u00edm \u0161pi\u010dkov\u00e9ho digit\u00e1ln\u00edho v\u00fdrobn\u00edho za\u0159\u00edzen\u00ed a profesion\u00e1ln\u00edch testovac\u00edch syst\u00e9m\u016f neust\u00e1le optimalizujeme v\u00fdrobn\u00ed platformu, zlep\u0161ujeme procesy kontroly kvality v\u00fdrobk\u016f a m\u00e1me siln\u00e9 inova\u010dn\u00ed schopnosti. Na\u0161\u00edm c\u00edlem je uspokojovat rozmanit\u00e9 pot\u0159eby z\u00e1kazn\u00edk\u016f efektivn\u00edmi, p\u0159esn\u00fdmi a vysoce kvalitn\u00edmi produkty.<\/p>\n<h3>Profesionalita<\/h3>\n<p>D\u00edky dlouholet\u00fdm zku\u0161enostem jsme nashrom\u00e1\u017edili bohat\u00e9 odborn\u00e9 znalosti v oblasti hydraulick\u00fdch v\u00e1lc\u016f a n\u00e1\u0161 profesion\u00e1ln\u00ed t\u00fdm poskytuje vysoce kvalitn\u00ed a efektivn\u00ed slu\u017eby.<\/p>\n<h3>Mezin\u00e1rodn\u00ed certifikace<\/h3>\n<p>Na\u0161e v\u00fdrobky z\u00edskaly mezin\u00e1rodn\u00ed certifikace, jako jsou ISO 9001, CE a RoHS, kter\u00e9 zaru\u010duj\u00ed jejich kvalitu a spolehlivost.<\/p>\n<h3>Slu\u017eba p\u0159izp\u016fsoben\u00ed<\/h3>\n<p>Poskytujeme slu\u017eby na m\u00edru, abychom splnili specifick\u00e9 pot\u0159eby a po\u017eadavky z\u00e1kazn\u00edk\u016f.<\/p>\n<h3>V\u00fdrobn\u00ed za\u0159\u00edzen\u00ed<\/h3>\n<p>Disponujeme pokro\u010dil\u00fdm digit\u00e1ln\u00edm v\u00fdrobn\u00edm za\u0159\u00edzen\u00edm, jako jsou CNC stroje a testovac\u00ed syst\u00e9my, abychom zajistili kvalitu a v\u00fdkon produkt\u016f.<\/p>\n<h3>Poprodejn\u00ed servis<\/h3>\n<p>Poskytujeme komplexn\u00ed poprodejn\u00ed slu\u017eby, v\u010detn\u011b technick\u00e9 podpory, \u00fadr\u017eby a oprav, abychom zajistili spokojenost z\u00e1kazn\u00edk\u016f a jejich d\u016fv\u011bru v na\u0161e produkty.<\/p>\n<p><img decoding=\"async\" src=\"https:\/\/www.hydraulic-cylinders.net\/wp-content\/uploads\/2025\/01\/songte-company-4.webp\" alt=\"Obr\u00e1zek spole\u010dnosti 1\"><br \/>\n<img decoding=\"async\" src=\"https:\/\/www.hydraulic-cylinders.net\/wp-content\/uploads\/2025\/01\/songte-company-3.webp\" alt=\"Obr\u00e1zek spole\u010dnosti 2\"><\/p>\n<p>Autor: lyl.<\/p>","protected":false},"excerpt":{"rendered":"<p>Arm Cylinder For Case Large Excavator CX470B Introduction The arm cylinder is a specially designed hydraulic cylinder used to provide linear motion and power to the arm of various machinery, such as excavators, cranes, and mechanical arms. The arm cylinder plays a key role in the hydraulic system, enabling attachments or accessories to move and [&hellip;]<\/p>","protected":false},"featured_media":14783,"comment_status":"open","ping_status":"closed","template":"","meta":{"_et_pb_use_builder":"","_et_pb_old_content":"","_et_gb_content_width":""},"product_brand":[],"product_cat":[1497],"product_tag":[1498,1496],"class_list":{"0":"post-16658","1":"product","2":"type-product","3":"status-publish","4":"has-post-thumbnail","6":"product_cat-arm-cylinders","7":"product_tag-arm-cylinders","8":"product_tag-hydraulic-cylinders","10":"first","11":"instock","12":"shipping-taxable","13":"product-type-simple"},"amp_enabled":true,"_links":{"self":[{"href":"https:\/\/www.hydraulic-cylinders.net\/cs\/wp-json\/wp\/v2\/product\/16658","targetHints":{"allow":["GET"]}}],"collection":[{"href":"https:\/\/www.hydraulic-cylinders.net\/cs\/wp-json\/wp\/v2\/product"}],"about":[{"href":"https:\/\/www.hydraulic-cylinders.net\/cs\/wp-json\/wp\/v2\/types\/product"}],"replies":[{"embeddable":true,"href":"https:\/\/www.hydraulic-cylinders.net\/cs\/wp-json\/wp\/v2\/comments?post=16658"}],"wp:featuredmedia":[{"embeddable":true,"href":"https:\/\/www.hydraulic-cylinders.net\/cs\/wp-json\/wp\/v2\/media\/14783"}],"wp:attachment":[{"href":"https:\/\/www.hydraulic-cylinders.net\/cs\/wp-json\/wp\/v2\/media?parent=16658"}],"wp:term":[{"taxonomy":"product_brand","embeddable":true,"href":"https:\/\/www.hydraulic-cylinders.net\/cs\/wp-json\/wp\/v2\/product_brand?post=16658"},{"taxonomy":"product_cat","embeddable":true,"href":"https:\/\/www.hydraulic-cylinders.net\/cs\/wp-json\/wp\/v2\/product_cat?post=16658"},{"taxonomy":"product_tag","embeddable":true,"href":"https:\/\/www.hydraulic-cylinders.net\/cs\/wp-json\/wp\/v2\/product_tag?post=16658"}],"curies":[{"name":"wp","href":"https:\/\/api.w.org\/{rel}","templated":true}]}}