{"id":16664,"date":"2025-01-21T05:45:22","date_gmt":"2025-01-21T05:45:22","guid":{"rendered":"https:\/\/www.hydraulic-cylinders.net\/product\/arm-cylinder-for-zhenyu-small-excavator-zy330\/"},"modified":"2025-01-21T05:45:24","modified_gmt":"2025-01-21T05:45:24","slug":"arm-cylinder-for-zhenyu-small-excavator-zy330","status":"publish","type":"product","link":"https:\/\/www.hydraulic-cylinders.net\/cs\/produkt\/arm-cylinder-for-zhenyu-small-excavator-zy330\/","title":{"rendered":"V\u00e1lec ramene pro mal\u00e9 rypadlo Zhenyu ZY330"},"content":{"rendered":"<h1>V\u00e1lec ramene pro mal\u00e9 rypadlo Zhenyu ZY330<\/h1>\n<h2>Zaveden\u00ed<\/h2>\n<p>V\u00e1lec ramene je speci\u00e1ln\u011b navr\u017een\u00fd hydraulick\u00fd v\u00e1lec, kter\u00fd zaji\u0161\u0165uje line\u00e1rn\u00ed pohyb a pohon ramene r\u016fzn\u00fdch stroj\u016f, jako jsou bagry, je\u0159\u00e1by a robotick\u00e1 ramena. Hraje kl\u00ed\u010dovou roli v hydraulick\u00fdch syst\u00e9mech, proto\u017ee umo\u017e\u0148uje efektivn\u00ed pohyb a ovl\u00e1d\u00e1n\u00ed dal\u0161\u00edho n\u00e1\u0159ad\u00ed nebo p\u0159\u00edslu\u0161enstv\u00ed. Tyto v\u00e1lce nejen zaji\u0161\u0165uj\u00ed plynul\u00fd pohyb, ale tak\u00e9 odol\u00e1vaj\u00ed t\u011b\u017ek\u00fdm z\u00e1t\u011b\u017e\u00edm, \u010d\u00edm\u017e zaji\u0161\u0165uj\u00ed efektivn\u00ed provoz a spolehlivost stroj\u016f za r\u016fzn\u00fdch pracovn\u00edch podm\u00ednek.<\/p>\n<h3>Definice a vysv\u011btlen\u00ed<\/h3>\n<p>V\u00e1lec ramene je hydraulick\u00fd v\u00e1lec, kter\u00fd je speci\u00e1ln\u011b navr\u017een tak, aby poskytoval line\u00e1rn\u00ed pohyb a s\u00edlu rameni r\u016fzn\u00fdch stroj\u016f. Umo\u017e\u0148uje efektivn\u00ed pohyb a ovl\u00e1d\u00e1n\u00ed dal\u0161\u00edch n\u00e1stroj\u016f nebo p\u0159\u00edslu\u0161enstv\u00ed, jako jsou l\u017e\u00edce, v\u00fdlo\u017en\u00edky nebo ramena, ve stroj\u00edch, jako jsou bagry, je\u0159\u00e1by a robotick\u00e1 ramena. Tyto v\u00e1lce jsou z\u00e1kladn\u00edmi sou\u010d\u00e1stmi hydraulick\u00fdch syst\u00e9m\u016f a umo\u017e\u0148uj\u00ed plynul\u00fd a p\u0159esn\u00fd provoz stroj\u016f.<\/p>\n<p><img decoding=\"async\" src=\"https:\/\/www.hydraulic-cylinders.net\/wp-content\/uploads\/2025\/01\/songte-company-2.webp\" alt=\"V\u00e1lec ramene\" \/><\/p>\n<h2>Funkce<\/h2>\n<ul>\n<li><strong>Vysoce \u00fa\u010dinn\u00fd p\u0159enos:<\/strong> V\u00e1lec ramene zaji\u0161\u0165uje siln\u00fd line\u00e1rn\u00ed pohyb a s\u00edlu, co\u017e zaji\u0161\u0165uje vysokou \u00fa\u010dinnost ramene stroje p\u0159i r\u016fzn\u00fdch operac\u00edch.<\/li>\n<li><strong>P\u0159esn\u00e9 ovl\u00e1d\u00e1n\u00ed:<\/strong> D\u00edky hydraulick\u00e9mu syst\u00e9mu umo\u017e\u0148uje v\u00e1lec ramene p\u0159esn\u00e9 ovl\u00e1d\u00e1n\u00ed pohybu, \u010d\u00edm\u017e je ovl\u00e1d\u00e1n\u00ed p\u0159ipojen\u00e9ho n\u00e1\u0159ad\u00ed flexibiln\u011bj\u0161\u00ed a p\u0159esn\u011bj\u0161\u00ed.<\/li>\n<li><strong>Trvanlivost:<\/strong> V\u00e1lce ramen jsou obvykle vyrobeny z vysoce pevn\u00fdch materi\u00e1l\u016f a maj\u00ed vynikaj\u00edc\u00ed odolnost proti opot\u0159eben\u00ed a korozi, d\u00edky \u010demu\u017e jsou vhodn\u00e9 pro dlouhodob\u00e9 pou\u017e\u00edv\u00e1n\u00ed v n\u00e1ro\u010dn\u00fdch podm\u00ednk\u00e1ch.<\/li>\n<li><strong>Multifunk\u010dn\u00ed p\u0159izp\u016fsobivost:<\/strong> Tyto v\u00e1lce lze \u0161iroce pou\u017e\u00edt v r\u016fzn\u00fdch typech stroj\u016f, jako jsou bagry, je\u0159\u00e1by a robotick\u00e1 ramena, a p\u0159izp\u016fsobit se tak r\u016fzn\u00fdm pracovn\u00edm po\u017eadavk\u016fm.<\/li>\n<li><strong>Snadn\u00e1 \u00fadr\u017eba:<\/strong> Konstrukce v\u00e1lce ramene bere v \u00favahu snadnou \u00fadr\u017ebu a v\u00fdm\u011bnu, co\u017e usnad\u0148uje pravidelnou kontrolu a \u00fadr\u017ebu a zkracuje prostoje za\u0159\u00edzen\u00ed.<\/li>\n<\/ul>\n<p><img decoding=\"async\" src=\"https:\/\/www.hydraulic-cylinders.net\/wp-content\/uploads\/2025\/01\/songte-oil-pipes-and-spare-parts.webp\" alt=\"Hydraulick\u00e9 v\u00e1lce\" \/><\/p>\n<h2>Aplikace<\/h2>\n<p>Rameno v\u00e1lce nach\u00e1z\u00ed uplatn\u011bn\u00ed v r\u016fzn\u00fdch pr\u016fmyslov\u00fdch odv\u011btv\u00edch a sektorech:<\/p>\n<h3>1. Stavebn\u00ed in\u017een\u00fdrstv\u00ed<\/h3>\n<p>U bagr\u016f a je\u0159\u00e1b\u016f se v\u00e1lec ramene pou\u017e\u00edv\u00e1 k ovl\u00e1d\u00e1n\u00ed pohybu l\u017eic nebo v\u00fdlo\u017en\u00edk\u016f, co\u017e usnad\u0148uje zemn\u00ed pr\u00e1ce, manipulaci s materi\u00e1lem a mont\u00e1\u017e konstrukc\u00ed.<\/p>\n<h3>2. V\u00fdroba<\/h3>\n<p>V automatizovan\u00fdch v\u00fdrobn\u00edch link\u00e1ch se v\u00e1lec ramene pou\u017e\u00edv\u00e1 k pohybu robotick\u00fdch ramen, co\u017e umo\u017e\u0148uje mont\u00e1\u017en\u00ed, sva\u0159ovac\u00ed a manipula\u010dn\u00ed procesy, \u010d\u00edm\u017e se zvy\u0161uje efektivita a p\u0159esnost v\u00fdroby.<\/p>\n<h3>3. Zem\u011bd\u011blsk\u00e9 stroje<\/h3>\n<p>V zem\u011bd\u011blsk\u00fdch stroj\u00edch, jako jsou skl\u00edzec\u00ed a sec\u00ed stroje, v\u00e1lec ramene ovl\u00e1d\u00e1 pohyb ovl\u00e1dac\u00edch ramen a prov\u00e1d\u00ed \u00fakoly, jako je set\u00ed, hnojen\u00ed a sklize\u0148.<\/p>\n<h3>4. T\u011b\u017eba<\/h3>\n<p>V t\u011b\u017eebn\u00edch za\u0159\u00edzen\u00edch se v\u00e1lec ramene pou\u017e\u00edv\u00e1 k ovl\u00e1d\u00e1n\u00ed pohybu ramene t\u011b\u017eebn\u00edch stroj\u016f, co\u017e usnad\u0148uje t\u011b\u017ebu a p\u0159epravu rudy.<\/p>\n<h3>5. Logistika a doprava<\/h3>\n<p>U vysokozdvi\u017en\u00fdch voz\u00edk\u016f a manipula\u010dn\u00edch robot\u016f ovl\u00e1d\u00e1 v\u00e1lec ramene zved\u00e1n\u00ed a pohyb vidlic, co\u017e umo\u017e\u0148uje manipulaci s materi\u00e1lem a jeho stohov\u00e1n\u00ed.<\/p>\n<p><img decoding=\"async\" src=\"https:\/\/www.hydraulic-cylinders.net\/wp-content\/uploads\/2025\/01\/songte-cylinder-head-with-all-kinds-excavator-models.webp\" alt=\"Hlava v\u00e1lc\u016f\" \/><\/p>\n<h2>Konstruk\u010dn\u00ed aspekty a krit\u00e9ria v\u00fdb\u011bru<\/h2>\n<ul>\n<li><strong>Nosnost:<\/strong> V\u00e1lec ramene je navr\u017een tak, aby odolal specifick\u00fdm po\u017eadavk\u016fm na zat\u00ed\u017een\u00ed strojn\u00edho za\u0159\u00edzen\u00ed, ve kter\u00e9m bude pou\u017eit.<\/li>\n<li><strong>T\u011bsn\u011bn\u00ed:<\/strong> Pou\u017e\u00edvaj\u00ed se r\u016fzn\u00e9 t\u011bsnic\u00ed komponenty, jako jsou t\u011bsn\u011bn\u00ed p\u00edst\u016f a p\u00edstnic, obvykle vyroben\u00e9 z materi\u00e1l\u016f odoln\u00fdch proti opot\u0159eben\u00ed, jako je polyuretan a nitrilov\u00e1 pry\u017e.<\/li>\n<li><strong>Trvanlivost:<\/strong> T\u011bleso v\u00e1lce a z\u00e1vitov\u00e9 koncov\u00e9 plochy proch\u00e1zej\u00ed jemn\u00fdm opracov\u00e1n\u00edm pro zv\u00fd\u0161en\u00ed odolnosti proti opot\u0159eben\u00ed a prodlou\u017een\u00ed \u017eivotnosti.<\/li>\n<li><strong>Bezpe\u010dnost:<\/strong> Bezpe\u010dnostn\u00ed aspekty zahrnuj\u00ed pou\u017eit\u00ed vysoce kvalitn\u00edch materi\u00e1l\u016f, p\u0159esn\u00e9 in\u017een\u00fdrstv\u00ed a dodr\u017eov\u00e1n\u00ed bezpe\u010dnostn\u00edch norem, aby se zabr\u00e1nilo nehod\u00e1m nebo poruch\u00e1m.<\/li>\n<li><strong>\u00dadr\u017eba:<\/strong> Konstrukce v\u00e1lce ramene bere v \u00favahu snadnou \u00fadr\u017ebu a v\u00fdm\u011bnu, zaji\u0161\u0165uje snadn\u00fd p\u0159\u00edstup pro pravideln\u00e9 kontroly a zkracuje prostoje z d\u016fvodu oprav.<\/li>\n<\/ul>\n<p><img decoding=\"async\" src=\"https:\/\/www.hydraulic-cylinders.net\/wp-content\/uploads\/2025\/01\/songte-chushion-collar.webp\" alt=\"Chr\u00e1ni\u010dov\u00fd obojek\" \/><\/p>\n<h2>T\u011bsn\u011bn\u00ed a maz\u00e1n\u00ed<\/h2>\n<p>V\u00e1lec ramene vyu\u017e\u00edv\u00e1 r\u016fzn\u00e9 t\u011bsnic\u00ed komponenty, jako jsou t\u011bsn\u011bn\u00ed p\u00edstu a p\u00edstnice, vyroben\u00e9 z materi\u00e1l\u016f odoln\u00fdch proti opot\u0159eben\u00ed, jako je polyuretan a nitrilov\u00e1 pry\u017e. T\u011bleso v\u00e1lce a z\u00e1vitov\u00e9 koncov\u00e9 plochy jsou jemn\u011b o\u0161et\u0159eny pro zlep\u0161en\u00ed odolnosti proti opot\u0159eben\u00ed. Pravideln\u00e9 maz\u00e1n\u00ed vhodn\u00fdm hydraulick\u00fdm olejem je nezbytn\u00e9 pro hladk\u00fd provoz a dlouhou \u017eivotnost v\u00e1lce.<\/p>\n<h2>Pravideln\u00e1 kontrola a preventivn\u00ed \u00fadr\u017eba<\/h2>\n<ul>\n<li>Pravideln\u011b kontrolujte v\u00e1lec ramene, zda nevykazuje zn\u00e1mky opot\u0159eben\u00ed, net\u011bsnosti nebo po\u0161kozen\u00ed t\u011bsn\u011bn\u00ed a sou\u010d\u00e1st\u00ed.<\/li>\n<li>Zkontrolujte hladinu a kvalitu hydraulick\u00e9ho oleje a v p\u0159\u00edpad\u011b pot\u0159eby jej vym\u011b\u0148te nebo dopl\u0148te.<\/li>\n<li>Ujist\u011bte se, \u017ee v\u0161echna spojen\u00ed a armatury jsou bezpe\u010dn\u00e9 a \u0159\u00e1dn\u011b uta\u017een\u00e9.<\/li>\n<li>Vy\u010dist\u011bte v\u00e1lec a jeho okol\u00ed, abyste odstranili ne\u010distoty a \u00falomky, kter\u00e9 by mohly ovlivnit jeho v\u00fdkon.<\/li>\n<li>Dodr\u017eujte pokyny v\u00fdrobce pro preventivn\u00ed \u00fadr\u017ebu, v\u010detn\u011b maz\u00e1n\u00ed a v\u00fdm\u011bny sou\u010d\u00e1st\u00ed v doporu\u010den\u00fdch intervalech.<\/li>\n<\/ul>\n<h2>Pr\u016fvodce instalac\u00ed produktu<\/h2>\n<p>Spr\u00e1vn\u00e1 instalace v\u00e1lce ramene je nezbytn\u00e1 pro jeho optim\u00e1ln\u00ed v\u00fdkon a dlouhou \u017eivotnost. P\u0159i instalaci postupujte podle t\u011bchto krok\u016f:<\/p>\n<ol>\n<li>Ujist\u011bte se, \u017ee je stroj bezpe\u010dn\u011b um\u00edst\u011bn a vypnut\u00fd.<\/li>\n<li>Odstra\u0148te v\u0161echny star\u00e9 nebo po\u0161kozen\u00e9 v\u00e1lce povolen\u00edm mont\u00e1\u017en\u00edch \u0161roub\u016f a odpojen\u00edm hydraulick\u00fdch hadic.<\/li>\n<li>Zkontrolujte nov\u00fd v\u00e1lec ramene, zda nevykazuje zn\u00e1mky po\u0161kozen\u00ed nebo vad.<\/li>\n<li>Naneste tenkou vrstvu hydraulick\u00e9ho oleje nebo maziva na mont\u00e1\u017en\u00ed povrch v\u00e1lce.<\/li>\n<li>Vyrovnejte v\u00e1lec s mont\u00e1\u017en\u00edm dr\u017e\u00e1kem a upevn\u011bte jej na m\u00edst\u011b pomoc\u00ed p\u0159\u00edslu\u0161n\u00fdch \u0161roub\u016f a matic.<\/li>\n<li>P\u0159ipojte hydraulick\u00e9 hadice a zajist\u011bte jejich spr\u00e1vn\u00e9 veden\u00ed a t\u011bsn\u00e9 spojen\u00ed.<\/li>\n<li>Otestujte funkci v\u00e1lce pomalou aktivac\u00ed hydraulick\u00e9ho syst\u00e9mu a zkontrolujte, zda nedoch\u00e1z\u00ed k n\u011bjak\u00fdm abnormalit\u00e1m nebo net\u011bsnostem.<\/li>\n<\/ol>\n<p><img decoding=\"async\" src=\"https:\/\/www.hydraulic-cylinders.net\/wp-content\/uploads\/2025\/01\/songte-bushings-with-all-kinds-of-excavator-models.webp\" alt=\"Pouzdra\" \/><\/p>\n<h2>Bezpe\u010dnostn\u00ed aspekty a faktory prost\u0159ed\u00ed<\/h2>\n<p>P\u0159i pou\u017e\u00edv\u00e1n\u00ed v\u00e1lce ramene je d\u016fle\u017eit\u00e9 dodr\u017eovat bezpe\u010dnostn\u00ed opat\u0159en\u00ed, aby se p\u0159ede\u0161lo nehod\u00e1m a byla zaji\u0161t\u011bna bezpe\u010dnost obsluhy. Mezi kl\u00ed\u010dov\u00e1 bezpe\u010dnostn\u00ed opat\u0159en\u00ed pat\u0159\u00ed:<\/p>\n<ul>\n<li>Dodr\u017eujte v\u0161echny bezpe\u010dnostn\u00ed pokyny a p\u0159edpisy stanoven\u00e9 v\u00fdrobcem stroj\u016f.<\/li>\n<li>Vybavte obsluhu nezbytn\u00fdmi osobn\u00edmi ochrann\u00fdmi prost\u0159edky (OOP), jako jsou rukavice a ochrann\u00e9 br\u00fdle.<\/li>\n<li>Pravideln\u011b kontrolujte v\u00e1lec ramene a hydraulick\u00fd syst\u00e9m, zda nevykazuj\u00ed zn\u00e1mky opot\u0159eben\u00ed, po\u0161kozen\u00ed nebo net\u011bsnost\u00ed.<\/li>\n<li>Zajist\u011bte spr\u00e1vn\u00e9 maz\u00e1n\u00ed a \u00fadr\u017ebu v\u00e1lce, abyste p\u0159ede\u0161li neo\u010dek\u00e1van\u00fdm poruch\u00e1m.<\/li>\n<li>Ve\u0161ker\u00fd pou\u017eit\u00fd hydraulick\u00fd olej nebo odpadn\u00ed materi\u00e1ly zlikvidujte v souladu s m\u00edstn\u00edmi p\u0159edpisy na ochranu \u017eivotn\u00edho prost\u0159ed\u00ed.<\/li>\n<\/ul>\n<h2>Odstra\u0148ov\u00e1n\u00ed probl\u00e9m\u016f a b\u011b\u017en\u00e9 probl\u00e9my<\/h2>\n<p>Zde jsou n\u011bkter\u00e9 b\u011b\u017en\u00e9 probl\u00e9my, kter\u00e9 mohou nastat s v\u00e1lcem ramene, a mo\u017en\u00e9 tipy pro jejich \u0159e\u0161en\u00ed:<\/p>\n<ul>\n<li><strong>\u00danik:<\/strong> Zkontrolujte uvoln\u011bn\u00e9 spoje nebo po\u0161kozen\u00e1 t\u011bsn\u011bn\u00ed. Vym\u011b\u0148te v\u0161echny vadn\u00e9 sou\u010d\u00e1sti a zajist\u011bte spr\u00e1vn\u00e9 uta\u017een\u00ed spoj\u016f.<\/li>\n<li><strong>Abnorm\u00e1ln\u00ed hluk:<\/strong> Zkontrolujte v\u00e1lec, zda neobsahuje uvoln\u011bn\u00e9 \u010d\u00e1sti nebo ne\u010distoty. V p\u0159\u00edpad\u011b pot\u0159eby sou\u010d\u00e1sti o\u010dist\u011bte nebo vym\u011b\u0148te.<\/li>\n<li><strong>\u0160patn\u00fd v\u00fdkon:<\/strong> Zkontrolujte hydraulick\u00fd syst\u00e9m, zda nen\u00ed n\u00edzk\u00e1 hladina kapaliny nebo zda nen\u00ed zne\u010di\u0161t\u011bn\u00fd olej. Vy\u010dist\u011bte nebo vym\u011b\u0148te filtry a v p\u0159\u00edpad\u011b pot\u0159eby dopl\u0148te hydraulick\u00fd olej.<\/li>\n<\/ul>\n<p>Dodr\u017eov\u00e1n\u00edm t\u011bchto tip\u016f pro \u0159e\u0161en\u00ed probl\u00e9m\u016f budou \u010dten\u00e1\u0159i schopni efektivn\u011b diagnostikovat a \u0159e\u0161it b\u011b\u017en\u00e9 probl\u00e9my. Zaveden\u00ed preventivn\u00edch opat\u0159en\u00ed nav\u00edc pom\u016f\u017ee minimalizovat potenci\u00e1ln\u00ed probl\u00e9my.<\/p>\n<p><img","protected":false},"excerpt":{"rendered":"<p>Arm Cylinder For Zhenyu Small Excavator ZY330 Introduction The arm cylinder is a specially designed hydraulic cylinder that provides linear movement and power to the arm of various machinery such as excavators, cranes, and robotic arms. It plays a crucial role in hydraulic systems, enabling the efficient movement and control of additional tools or attachments. [&hellip;]<\/p>","protected":false},"featured_media":14766,"comment_status":"open","ping_status":"closed","template":"","meta":{"_et_pb_use_builder":"","_et_pb_old_content":"","_et_gb_content_width":""},"product_brand":[],"product_cat":[1497],"product_tag":[1498,1496],"class_list":{"0":"post-16664","1":"product","2":"type-product","3":"status-publish","4":"has-post-thumbnail","6":"product_cat-arm-cylinders","7":"product_tag-arm-cylinders","8":"product_tag-hydraulic-cylinders","10":"first","11":"instock","12":"shipping-taxable","13":"product-type-simple"},"amp_enabled":true,"_links":{"self":[{"href":"https:\/\/www.hydraulic-cylinders.net\/cs\/wp-json\/wp\/v2\/product\/16664","targetHints":{"allow":["GET"]}}],"collection":[{"href":"https:\/\/www.hydraulic-cylinders.net\/cs\/wp-json\/wp\/v2\/product"}],"about":[{"href":"https:\/\/www.hydraulic-cylinders.net\/cs\/wp-json\/wp\/v2\/types\/product"}],"replies":[{"embeddable":true,"href":"https:\/\/www.hydraulic-cylinders.net\/cs\/wp-json\/wp\/v2\/comments?post=16664"}],"wp:featuredmedia":[{"embeddable":true,"href":"https:\/\/www.hydraulic-cylinders.net\/cs\/wp-json\/wp\/v2\/media\/14766"}],"wp:attachment":[{"href":"https:\/\/www.hydraulic-cylinders.net\/cs\/wp-json\/wp\/v2\/media?parent=16664"}],"wp:term":[{"taxonomy":"product_brand","embeddable":true,"href":"https:\/\/www.hydraulic-cylinders.net\/cs\/wp-json\/wp\/v2\/product_brand?post=16664"},{"taxonomy":"product_cat","embeddable":true,"href":"https:\/\/www.hydraulic-cylinders.net\/cs\/wp-json\/wp\/v2\/product_cat?post=16664"},{"taxonomy":"product_tag","embeddable":true,"href":"https:\/\/www.hydraulic-cylinders.net\/cs\/wp-json\/wp\/v2\/product_tag?post=16664"}],"curies":[{"name":"wp","href":"https:\/\/api.w.org\/{rel}","templated":true}]}}