{"id":16665,"date":"2025-01-21T05:45:26","date_gmt":"2025-01-21T05:45:26","guid":{"rendered":"https:\/\/www.hydraulic-cylinders.net\/product\/arm-cylinder-for-zhenyu-small-excavator-zy260\/"},"modified":"2025-01-21T05:45:28","modified_gmt":"2025-01-21T05:45:28","slug":"arm-cylinder-for-zhenyu-small-excavator-zy260","status":"publish","type":"product","link":"https:\/\/www.hydraulic-cylinders.net\/cs\/produkt\/arm-cylinder-for-zhenyu-small-excavator-zy260\/","title":{"rendered":"V\u00e1lec ramene pro mal\u00e9 rypadlo Zhenyu ZY260"},"content":{"rendered":"<h1>V\u00e1lec ramene pro mal\u00e9 rypadlo Zhenyu ZY260<\/h1>\n<h2>Definice a vysv\u011btlen\u00ed<\/h2>\n<p>Hydraulick\u00fd v\u00e1lec ramene pro mal\u00e1 rypadla Zhenyu ZY260 je speci\u00e1ln\u011b navr\u017een\u00fd hydraulick\u00fd v\u00e1lec, kter\u00fd zaji\u0161\u0165uje line\u00e1rn\u00ed pohyb a s\u00edlu ramene r\u016fzn\u00fdch stroj\u016f, jako jsou rypadla, je\u0159\u00e1by a robotick\u00e1 ramena. V\u00e1lec ramene hraje kl\u00ed\u010dovou roli v hydraulick\u00fdch syst\u00e9mech, proto\u017ee umo\u017e\u0148uje efektivn\u00ed pohyb a ovl\u00e1d\u00e1n\u00ed p\u0159\u00eddavn\u00fdch n\u00e1stroj\u016f nebo p\u0159\u00edslu\u0161enstv\u00ed. Tyto v\u00e1lce nejen umo\u017e\u0148uj\u00ed plynul\u00fd pohyb, ale tak\u00e9 odol\u00e1vaj\u00ed t\u011b\u017ek\u00fdm z\u00e1t\u011b\u017e\u00edm, co\u017e zaji\u0161\u0165uj\u00ed efektivn\u00ed provoz a spolehlivost v r\u016fzn\u00fdch pracovn\u00edch podm\u00ednk\u00e1ch.<\/p>\n<p><img decoding=\"async\" src=\"https:\/\/www.hydraulic-cylinders.net\/wp-content\/uploads\/2025\/01\/songte-company-2.webp\"><\/p>\n<h2>Funkce<\/h2>\n<ul>\n<li>\n<h3>Vysoce \u00fa\u010dinn\u00fd p\u0159evod<\/h3>\n<p>V\u00e1lec ramene zaji\u0161\u0165uje siln\u00fd line\u00e1rn\u00ed pohyb a s\u00edlu, co\u017e zaji\u0161\u0165uje vysokou \u00fa\u010dinnost provozu mechanick\u00e9ho ramene.<\/p>\n<\/li>\n<li>\n<h3>P\u0159esn\u00e9 ovl\u00e1d\u00e1n\u00ed<\/h3>\n<p>D\u00edky hydraulick\u00e9mu syst\u00e9mu umo\u017e\u0148uje v\u00e1lec ramene p\u0159esn\u00e9 ovl\u00e1d\u00e1n\u00ed pohybu, \u010d\u00edm\u017e je ovl\u00e1d\u00e1n\u00ed p\u0159ipojen\u00e9ho n\u00e1\u0159ad\u00ed flexibiln\u011bj\u0161\u00ed a p\u0159esn\u011bj\u0161\u00ed.<\/p>\n<\/li>\n<li>\n<h3>Vysok\u00e1 odolnost<\/h3>\n<p>V\u00e1lec ramene se obvykle vyr\u00e1b\u00ed z vysoce pevn\u00fdch materi\u00e1l\u016f, kter\u00e9 nab\u00edzej\u00ed vynikaj\u00edc\u00ed odolnost proti opot\u0159eben\u00ed a korozi, tak\u017ee je vhodn\u00fd pro dlouhodob\u00e9 pou\u017e\u00edv\u00e1n\u00ed v n\u00e1ro\u010dn\u00fdch podm\u00ednk\u00e1ch.<\/p>\n<\/li>\n<li>\n<h3>V\u0161estrann\u00e1 p\u0159izp\u016fsobivost<\/h3>\n<p>Tyto v\u00e1lce lze \u0161iroce pou\u017e\u00edt v r\u016fzn\u00fdch typech stroj\u016f, v\u010detn\u011b bagr\u016f, je\u0159\u00e1b\u016f a robotick\u00fdch ramen, a spl\u0148uj\u00ed tak r\u016fzn\u00e9 po\u017eadavky na pr\u00e1ci.<\/p>\n<\/li>\n<li>\n<h3>Snadn\u00e1 \u00fadr\u017eba<\/h3>\n<p>V\u00e1lec ramene je navr\u017een s ohledem na snadnou \u00fadr\u017ebu a v\u00fdm\u011bnu a umo\u017e\u0148uje pohodln\u00e9 pravideln\u00e9 kontroly a \u00fadr\u017ebu, \u010d\u00edm\u017e minimalizuje prostoje za\u0159\u00edzen\u00ed.<\/p>\n<\/li>\n<\/ul>\n<p><img decoding=\"async\" src=\"https:\/\/www.hydraulic-cylinders.net\/wp-content\/uploads\/2025\/01\/songte-oil-pipes-and-spare-parts.webp\"><\/p>\n<h2>Aplikace<\/h2>\n<p>Rameno v\u00e1lce nach\u00e1z\u00ed uplatn\u011bn\u00ed v r\u016fzn\u00fdch pr\u016fmyslov\u00fdch odv\u011btv\u00edch:<\/p>\n<ul>\n<li>\n<h3>Stavebn\u00ed in\u017een\u00fdrstv\u00ed<\/h3>\n<p>U bagr\u016f a je\u0159\u00e1b\u016f ovl\u00e1d\u00e1 v\u00e1lec ramene pohyb l\u017eic nebo v\u00fdlo\u017en\u00edk\u016f, co\u017e usnad\u0148uje zemn\u00ed pr\u00e1ce, manipulaci s materi\u00e1lem a mont\u00e1\u017e konstrukc\u00ed.<\/p>\n<\/li>\n<li>\n<h3>V\u00fdrobn\u00ed<\/h3>\n<p>V automatizovan\u00fdch v\u00fdrobn\u00edch link\u00e1ch umo\u017e\u0148uje v\u00e1lec ramene pohyb robotick\u00fdch ramen pro procesy, jako je mont\u00e1\u017e, sva\u0159ov\u00e1n\u00ed a manipulace s materi\u00e1lem, \u010d\u00edm\u017e se zvy\u0161uje efektivita a p\u0159esnost v\u00fdroby.<\/p>\n<\/li>\n<li>\n<h3>Zem\u011bd\u011blsk\u00e9 stroje<\/h3>\n<p>V zem\u011bd\u011blsk\u00fdch stroj\u00edch, jako jsou skl\u00edzec\u00ed a sec\u00ed stroje, v\u00e1lec ramene ovl\u00e1d\u00e1 pohyb ovl\u00e1dac\u00edch ramen a prov\u00e1d\u00ed \u00fakoly, jako je s\u00e1zen\u00ed, hnojen\u00ed a sklize\u0148.<\/p>\n<\/li>\n<li>\n<h3>Hornictv\u00ed<\/h3>\n<p>V t\u011b\u017eebn\u00edm za\u0159\u00edzen\u00ed \u0159\u00edd\u00ed v\u00e1lec ramene pohyb ramene t\u011b\u017eebn\u00edho stroje, co\u017e usnad\u0148uje t\u011b\u017ebu a p\u0159epravu rudy.<\/p>\n<\/li>\n<li>\n<h3>Logistika a doprava<\/h3>\n<p>U vysokozdvi\u017en\u00fdch voz\u00edk\u016f a manipula\u010dn\u00edch robot\u016f ovl\u00e1d\u00e1 v\u00e1lec ramene zved\u00e1n\u00ed a pohyb vidlic, co\u017e umo\u017e\u0148uje manipulaci s materi\u00e1lem a jeho stohov\u00e1n\u00ed.<\/p>\n<\/li>\n<\/ul>\n<h2>Konstruk\u010dn\u00ed aspekty a krit\u00e9ria v\u00fdb\u011bru<\/h2>\n<p>P\u0159i n\u00e1vrhu v\u00e1lce ramene se zohled\u0148uje n\u011bkolik kl\u00ed\u010dov\u00fdch faktor\u016f:<\/p>\n<ul>\n<li>\n<h3>Nosnost<\/h3>\n<p>V\u00e1lec ramene je navr\u017een tak, aby odolal po\u017eadovan\u00e9mu zat\u00ed\u017een\u00ed a s\u00edle b\u011bhem provozu, a zajistil tak bezpe\u010dn\u00fd a efektivn\u00ed v\u00fdkon.<\/p>\n<\/li>\n<li>\n<h3>T\u011bsn\u011bn\u00ed<\/h3>\n<p>K zabr\u00e1n\u011bn\u00ed \u00faniku a zaji\u0161t\u011bn\u00ed spr\u00e1vn\u00e9 funkce v\u00e1lce se pou\u017e\u00edvaj\u00ed r\u016fzn\u00e9 t\u011bsnic\u00ed prvky, jako jsou t\u011bsn\u011bn\u00ed p\u00edstu a p\u00edstnice. Tato t\u011bsn\u011bn\u00ed jsou vyrobena z materi\u00e1l\u016f odoln\u00fdch proti opot\u0159eben\u00ed, jako je polyuretan a nitrilov\u00e1 pry\u017e.<\/p>\n<\/li>\n<li>\n<h3>Trvanlivost<\/h3>\n<p>T\u011bleso v\u00e1lce a z\u00e1vitov\u00e9 konce proch\u00e1zej\u00ed p\u0159esn\u00fdm zpracov\u00e1n\u00edm pro zv\u00fd\u0161en\u00ed odolnosti proti opot\u0159eben\u00ed. Pro udr\u017een\u00ed optim\u00e1ln\u00edho v\u00fdkonu je nav\u00edc nutn\u00e9 pravideln\u00e9 maz\u00e1n\u00ed hydraulick\u00fdm olejem.<\/p>\n<\/li>\n<\/ul>\n<p><img decoding=\"async\" src=\"https:\/\/www.hydraulic-cylinders.net\/wp-content\/uploads\/2025\/01\/songte-cylinder-head-with-all-kinds-excavator-models.webp\"><\/p>\n<h2>Pravideln\u00e1 kontrola a preventivn\u00ed \u00fadr\u017eba<\/h2>\n<p>Pro zaji\u0161t\u011bn\u00ed dlouh\u00e9 \u017eivotnosti a spolehliv\u00e9ho provozu v\u00e1lce ramene je t\u0159eba p\u0159ijmout n\u00e1sleduj\u00edc\u00ed opat\u0159en\u00ed:<\/p>\n<ul>\n<li>\n<h3>Pravideln\u00e1 kontrola<\/h3>\n<p>Pravideln\u011b kontrolujte v\u00e1lec, zda nevykazuje zn\u00e1mky opot\u0159eben\u00ed, net\u011bsnosti nebo po\u0161kozen\u00ed. Pokud zjist\u00edte jak\u00e9koli probl\u00e9my, neprodlen\u011b podnikn\u011bte p\u0159\u00edslu\u0161n\u00e9 kroky.<\/p>\n<\/li>\n<li>\n<h3>Preventivn\u00ed \u00fadr\u017eba<\/h3>\n<p>Dodr\u017eujte pokyny v\u00fdrobce pro \u00fadr\u017ebu, v\u010detn\u011b maz\u00e1n\u00ed v\u00e1lce a v\u00fdm\u011bny opot\u0159ebovan\u00fdch t\u011bsn\u011bn\u00ed nebo jin\u00fdch sou\u010d\u00e1st\u00ed dle pot\u0159eby.<\/p>\n<\/li>\n<\/ul>\n<h2>Pr\u016fvodce instalac\u00ed produktu<\/h2>\n<p>Spr\u00e1vn\u00e1 instalace v\u00e1lce ramene je nezbytn\u00e1 pro optim\u00e1ln\u00ed v\u00fdkon. Postupujte podle t\u011bchto krok\u016f:<\/p>\n<ol>\n<li>P\u0159ipravte si m\u00edsto instalace a ujist\u011bte se, \u017ee je \u010dist\u00e9 a bez ne\u010distot.<\/li>\n<li>Um\u00edst\u011bte v\u00e1lec na po\u017eadovan\u00e9 m\u00edsto a zarovnejte jej s mont\u00e1\u017en\u00edmi body na stroji.<\/li>\n<li>Bezpe\u010dn\u011b p\u0159ipevn\u011bte v\u00e1lec pomoc\u00ed vhodn\u00fdch upev\u0148ovac\u00edch prvk\u016f a zajist\u011bte spr\u00e1vn\u00e9 vyrovn\u00e1n\u00ed.<\/li>\n<li>P\u0159ipojte hydraulick\u00e9 potrub\u00ed k v\u00e1lci podle doporu\u010den\u00fdch specifikac\u00ed a s pou\u017eit\u00edm vhodn\u00fdch armatur.<\/li>\n<li>Zkontrolujte p\u0159\u00edpadn\u00e9 net\u011bsnosti a ov\u011b\u0159te funk\u010dnost v\u00e1lce proveden\u00edm zku\u0161ebn\u00edho provozu.<\/li>\n<\/ol>\n<p><img decoding=\"async\" src=\"https:\/\/www.hydraulic-cylinders.net\/wp-content\/uploads\/2025\/01\/songte-bushings-with-all-kinds-of-excavator-models.webp\"><\/p>\n<h2>Bezpe\u010dnostn\u00ed aspekty a faktory prost\u0159ed\u00ed<\/h2>\n<p>P\u0159i pr\u00e1ci s v\u00e1lcem ramene je z\u00e1sadn\u00ed up\u0159ednostnit bezpe\u010dnostn\u00ed opat\u0159en\u00ed. Dodr\u017eov\u00e1n\u00edm spr\u00e1vn\u00fdch bezpe\u010dnostn\u00edch postup\u016f lze minimalizovat riziko nehod a zran\u011bn\u00ed.<\/p>\n<p>D\u00e1le je d\u016fle\u017eit\u00e9 zohlednit faktory \u017eivotn\u00edho prost\u0159ed\u00ed, aby se zajistil soulad s p\u0159edpisy a minimalizoval jak\u00fdkoli negativn\u00ed dopad na \u017eivotn\u00ed prost\u0159ed\u00ed. Spr\u00e1vn\u00e1 likvidace pou\u017eit\u00e9ho hydraulick\u00e9ho oleje a recyklace sou\u010d\u00e1st\u00ed v\u00e1lc\u016f jsou nezbytn\u00e9 pro odpov\u011bdnost za \u017eivotn\u00ed prost\u0159ed\u00ed.<\/p>\n<h2>Odstra\u0148ov\u00e1n\u00ed probl\u00e9m\u016f a b\u011b\u017en\u00e9 probl\u00e9my<\/h2>\n<p>Pokud naraz\u00edte na probl\u00e9my s v\u00e1lcem ramene, mohou v\u00e1m n\u00e1sleduj\u00edc\u00ed kroky pro odstra\u0148ov\u00e1n\u00ed probl\u00e9m\u016f pomoci diagnostikovat a vy\u0159e\u0161it probl\u00e9my:<\/p>\n<ul>\n<li>\n<h3>Probl\u00e9m: \u00danik<\/h3>\n<p>Mo\u017en\u00e9 p\u0159\u00ed\u010diny: Po\u0161kozen\u00e1 t\u011bsn\u011bn\u00ed, uvoln\u011bn\u00e9 spoje.<\/p>\n<p>\u0158e\u0161en\u00ed: Zkontrolujte a vym\u011b\u0148te po\u0161kozen\u00e1 t\u011bsn\u011bn\u00ed, ut\u00e1hn\u011bte spoje.<\/p>\n<\/li>\n<li>\n<h3>Probl\u00e9m: Nedostate\u010dn\u00fd v\u00fdkon<\/h3>\n<p>Mo\u017en\u00e9 p\u0159\u00ed\u010diny: N\u00edzk\u00fd hydraulick\u00fd tlak, opot\u0159ebovan\u00e9 komponenty.<\/p>\n<p>\u0158e\u0161en\u00ed: Zkontrolujte a upravte hydraulick\u00fd tlak, vym\u011b\u0148te opot\u0159ebovan\u00e9 sou\u010d\u00e1sti.<\/p>\n<\/li>\n<li>\n<h3>Probl\u00e9m: Abnorm\u00e1ln\u00ed hluk<\/h3>\n<p>Mo\u017en\u00e9 p\u0159\u00ed\u010diny: Uvoln\u011bn\u00e9 d\u00edly, po\u0161kozen\u00e9 vnit\u0159n\u00ed komponenty.<\/p>\n<p>\u0158e\u0161en\u00ed: Ut\u00e1hn\u011bte uvoln\u011bn\u00e9 d\u00edly, zkontrolujte a vym\u011b\u0148te po\u0161kozen\u00e9 vnit\u0159n\u00ed komponenty.<\/p>\n<\/li>\n<\/ul>\n<p>Dodr\u017eov\u00e1n\u00edm t\u011bchto tip\u016f pro \u0159e\u0161en\u00ed probl\u00e9m\u016f a preventivn\u00edch opat\u0159en\u00ed lze minimalizovat potenci\u00e1ln\u00ed probl\u00e9my a zajistit efektivn\u00ed provoz a v\u00fdkon.<\/p>\n<p><img decoding=\"async\" src=\"https:\/\/www.hydraulic-cylinders.net\/wp-content\/uploads\/2025\/01\/songte-chushion-collar.webp\"><\/p>\n<p>Nezapome\u0148te \u010dl\u00e1nek logicky uspo\u0159\u00e1dat, pou\u017e\u00edvat podnadpisy pro snadnou navigaci, za\u010dlenit relevantn\u00ed obr\u00e1zky nebo grafy pro lep\u0161\u00ed pochopen\u00ed a zajistit, aby obsah byl jasn\u00fd, stru\u010dn\u00fd a vhodn\u00fd pro \u010dten\u00e1\u0159e s r\u016fznou \u00farovn\u00ed technick\u00fdch znalost\u00ed.<\/p>\n<p>Autor: lyl<\/p>\n<p><img decoding=\"async\" src=\"https:\/\/www.hydraulic-cylinders.net\/wp-content\/uploads\/2025\/01\/songte-company-4.webp\"><br \/>\n<img decoding=\"async\" src=\"https:\/\/www.hydraulic-cylinders.net\/wp-content\/uploads\/2025\/01\/songte-company-3.webp\"><\/p>","protected":false},"excerpt":{"rendered":"<p>Arm Cylinder For Zhenyu Small Excavator ZY260 Definition and Explanation The Arm Cylinder for Zhenyu Small Excavator ZY260 is a specially designed hydraulic cylinder that provides linear motion and power to the arm of various machinery, such as excavators, cranes, and robotic arms. The arm cylinder plays a crucial role in hydraulic systems, allowing for [&hellip;]<\/p>","protected":false},"featured_media":14763,"comment_status":"open","ping_status":"closed","template":"","meta":{"_et_pb_use_builder":"","_et_pb_old_content":"","_et_gb_content_width":""},"product_brand":[],"product_cat":[1497],"product_tag":[1498,1496],"class_list":{"0":"post-16665","1":"product","2":"type-product","3":"status-publish","4":"has-post-thumbnail","6":"product_cat-arm-cylinders","7":"product_tag-arm-cylinders","8":"product_tag-hydraulic-cylinders","10":"first","11":"instock","12":"shipping-taxable","13":"product-type-simple"},"amp_enabled":true,"_links":{"self":[{"href":"https:\/\/www.hydraulic-cylinders.net\/cs\/wp-json\/wp\/v2\/product\/16665","targetHints":{"allow":["GET"]}}],"collection":[{"href":"https:\/\/www.hydraulic-cylinders.net\/cs\/wp-json\/wp\/v2\/product"}],"about":[{"href":"https:\/\/www.hydraulic-cylinders.net\/cs\/wp-json\/wp\/v2\/types\/product"}],"replies":[{"embeddable":true,"href":"https:\/\/www.hydraulic-cylinders.net\/cs\/wp-json\/wp\/v2\/comments?post=16665"}],"wp:featuredmedia":[{"embeddable":true,"href":"https:\/\/www.hydraulic-cylinders.net\/cs\/wp-json\/wp\/v2\/media\/14763"}],"wp:attachment":[{"href":"https:\/\/www.hydraulic-cylinders.net\/cs\/wp-json\/wp\/v2\/media?parent=16665"}],"wp:term":[{"taxonomy":"product_brand","embeddable":true,"href":"https:\/\/www.hydraulic-cylinders.net\/cs\/wp-json\/wp\/v2\/product_brand?post=16665"},{"taxonomy":"product_cat","embeddable":true,"href":"https:\/\/www.hydraulic-cylinders.net\/cs\/wp-json\/wp\/v2\/product_cat?post=16665"},{"taxonomy":"product_tag","embeddable":true,"href":"https:\/\/www.hydraulic-cylinders.net\/cs\/wp-json\/wp\/v2\/product_tag?post=16665"}],"curies":[{"name":"wp","href":"https:\/\/api.w.org\/{rel}","templated":true}]}}