{"id":16669,"date":"2025-01-21T05:45:42","date_gmt":"2025-01-21T05:45:42","guid":{"rendered":"https:\/\/www.hydraulic-cylinders.net\/product\/arm-cylinder-for-world-small-excavator-w265e-8\/"},"modified":"2025-01-21T05:45:44","modified_gmt":"2025-01-21T05:45:44","slug":"arm-cylinder-for-world-small-excavator-w265e-8","status":"publish","type":"product","link":"https:\/\/www.hydraulic-cylinders.net\/cs\/produkt\/arm-cylinder-for-world-small-excavator-w265e-8\/","title":{"rendered":"V\u00e1lec ramene pro mal\u00e9 bagry World W265E-8"},"content":{"rendered":"<h2>V\u00e1lec ramene pro mal\u00e9 bagry World W265E-8<\/h2>\n<p><img decoding=\"async\" src=\"https:\/\/www.hydraulic-cylinders.net\/wp-content\/uploads\/2025\/01\/songte-company-2.webp\"><\/p>\n<h3>Zaveden\u00ed<\/h3>\n<p>V\u00e1lec ramene je speci\u00e1ln\u011b navr\u017een\u00fd hydraulick\u00fd v\u00e1lec, kter\u00fd zaji\u0161\u0165uje line\u00e1rn\u00ed pohyb a s\u00edlu ramen r\u016fzn\u00fdch stroj\u016f, jako jsou bagry, je\u0159\u00e1by a robotick\u00e1 ramena. Hraje kl\u00ed\u010dovou roli v hydraulick\u00fdch syst\u00e9mech, proto\u017ee umo\u017e\u0148uje efektivn\u00ed pohyb a ovl\u00e1d\u00e1n\u00ed dal\u0161\u00edch n\u00e1stroj\u016f nebo p\u0159\u00edslu\u0161enstv\u00ed. Tyto v\u00e1lce nejen zaji\u0161\u0165uj\u00ed plynul\u00fd pohyb, ale tak\u00e9 odol\u00e1vaj\u00ed t\u011b\u017ek\u00fdm z\u00e1t\u011b\u017e\u00edm, \u010d\u00edm\u017e zaji\u0161\u0165uj\u00ed efektivn\u00ed provoz a spolehlivost stroj\u016f za r\u016fzn\u00fdch pracovn\u00edch podm\u00ednek.<\/p>\n<h3>Funkce<\/h3>\n<ol>\n<li><strong>Vysoce \u00fa\u010dinn\u00fd p\u0159enos:<\/strong> V\u00e1lec ramene poskytuje siln\u00fd line\u00e1rn\u00ed pohyb a s\u00edlu, co\u017e zaji\u0161\u0165uje vysokou \u00fa\u010dinnost p\u0159i r\u016fzn\u00fdch operac\u00edch.<\/li>\n<li><strong>P\u0159esn\u00e9 ovl\u00e1d\u00e1n\u00ed:<\/strong> D\u00edky hydraulick\u00e9mu syst\u00e9mu umo\u017e\u0148uje v\u00e1lec ramene p\u0159esn\u00e9 ovl\u00e1d\u00e1n\u00ed pohybu, \u010d\u00edm\u017e je ovl\u00e1d\u00e1n\u00ed dal\u0161\u00edch n\u00e1stroj\u016f flexibiln\u011bj\u0161\u00ed a p\u0159esn\u011bj\u0161\u00ed.<\/li>\n<li><strong>Trvanlivost:<\/strong> V\u00e1lce ramen se obvykle vyr\u00e1b\u011bj\u00ed z vysoce pevn\u00fdch materi\u00e1l\u016f, kter\u00e9 nab\u00edzej\u00ed vynikaj\u00edc\u00ed odolnost proti opot\u0159eben\u00ed a korozi, d\u00edky \u010demu\u017e jsou vhodn\u00e9 pro dlouhodob\u00e9 pou\u017e\u00edv\u00e1n\u00ed v n\u00e1ro\u010dn\u00fdch podm\u00ednk\u00e1ch.<\/li>\n<li><strong>Multifunk\u010dn\u00ed p\u0159izp\u016fsobivost:<\/strong> Tyto v\u00e1lce lze \u0161iroce pou\u017e\u00edvat v r\u016fzn\u00fdch strojn\u00edch za\u0159\u00edzen\u00edch, jako jsou bagry, je\u0159\u00e1by a robotick\u00e1 ramena, a p\u0159izp\u016fsobit se tak r\u016fzn\u00fdm pracovn\u00edm po\u017eadavk\u016fm.<\/li>\n<li><strong>Snadn\u00e1 \u00fadr\u017eba:<\/strong> Navr\u017eeno s ohledem na snadnou \u00fadr\u017ebu a v\u00fdm\u011bnu, pravideln\u00e9 kontroly a \u00fadr\u017eba jsou pohodln\u011bj\u0161\u00ed a zkracuj\u00ed prostoje za\u0159\u00edzen\u00ed.<\/li>\n<\/ol>\n<p><img decoding=\"async\" src=\"https:\/\/www.hydraulic-cylinders.net\/wp-content\/uploads\/2025\/01\/songte-oil-pipes-and-spare-parts.webp\"><\/p>\n<h3>Aplikace<\/h3>\n<ul>\n<li><strong>Stavebn\u00ed in\u017een\u00fdrstv\u00ed:<\/strong> U bagr\u016f a je\u0159\u00e1b\u016f se v\u00e1lec ramene pou\u017e\u00edv\u00e1 k ovl\u00e1d\u00e1n\u00ed pohybu l\u017e\u00edc nebo v\u00fdlo\u017en\u00edk\u016f pro zemn\u00ed pr\u00e1ce, manipulaci s materi\u00e1lem a mont\u00e1\u017e konstrukc\u00ed.<\/li>\n<li><strong>Zpracovatelsk\u00fd pr\u016fmysl:<\/strong> V automatizovan\u00fdch v\u00fdrobn\u00edch link\u00e1ch se v\u00e1lec ramene pou\u017e\u00edv\u00e1 k pohybu robotick\u00fdch ramen, co\u017e umo\u017e\u0148uje procesy, jako je mont\u00e1\u017e, sva\u0159ov\u00e1n\u00ed a manipulace s materi\u00e1lem, a t\u00edm se zlep\u0161uje efektivita a p\u0159esnost v\u00fdroby.<\/li>\n<li><strong>Zem\u011bd\u011blsk\u00e9 stroje:<\/strong> V zem\u011bd\u011blsk\u00fdch stroj\u00edch, jako jsou skl\u00edzec\u00ed a sec\u00ed stroje, v\u00e1lec ramene ovl\u00e1d\u00e1 pohyb ovl\u00e1dac\u00edch ramen a prov\u00e1d\u00ed \u00fakoly, jako je set\u00ed, hnojen\u00ed a sklize\u0148.<\/li>\n<li><strong>Hornictv\u00ed:<\/strong> V t\u011b\u017eebn\u00edm za\u0159\u00edzen\u00ed \u0159\u00edd\u00ed v\u00e1lec ramene pohyb ramene t\u011b\u017eebn\u00edho stroje, co\u017e usnad\u0148uje t\u011b\u017ebu a p\u0159epravu rud.<\/li>\n<li><strong>Logistika a doprava:<\/strong> U vysokozdvi\u017en\u00fdch voz\u00edk\u016f a manipula\u010dn\u00edch robot\u016f se v\u00e1lec ramene pou\u017e\u00edv\u00e1 k ovl\u00e1d\u00e1n\u00ed zved\u00e1n\u00ed a pohybu vidlic, co\u017e umo\u017e\u0148uje manipulaci a stohov\u00e1n\u00ed materi\u00e1l\u016f.<\/li>\n<\/ul>\n<p><img decoding=\"async\" src=\"https:\/\/www.hydraulic-cylinders.net\/wp-content\/uploads\/2025\/01\/songte-cylinder-head-with-all-kinds-excavator-models.webp\"><\/p>\n<h3>Konstruk\u010dn\u00ed aspekty a krit\u00e9ria v\u00fdb\u011bru<\/h3>\n<p>P\u0159i navrhov\u00e1n\u00ed v\u00e1lc\u016f s ramenem se zohled\u0148uje n\u011bkolik kl\u00ed\u010dov\u00fdch faktor\u016f, jako je nosnost, t\u011bsn\u011bn\u00ed, trvanlivost, bezpe\u010dnost a snadn\u00e1 \u00fadr\u017eba. Ka\u017ed\u00fd aspekt hraje kl\u00ed\u010dovou roli v celkov\u00e9m v\u00fdkonu a spolehlivosti v\u00e1lce.<\/p>\n<p><img decoding=\"async\" src=\"https:\/\/www.hydraulic-cylinders.net\/wp-content\/uploads\/2025\/01\/songte-chushion-collar.webp\"><\/p>\n<h3>T\u011bsn\u011bn\u00ed a maz\u00e1n\u00ed<\/h3>\n<p>V\u00e1lec ramene vyu\u017e\u00edv\u00e1 r\u016fzn\u00e9 t\u011bsnic\u00ed prvky, jako jsou t\u011bsn\u011bn\u00ed p\u00edst\u016f a p\u00edstnic vyroben\u00fdch z materi\u00e1l\u016f odoln\u00fdch proti opot\u0159eben\u00ed, jako je polyuretan a nitrilov\u00e1 pry\u017e. T\u011bleso v\u00e1lce a z\u00e1vitov\u00e9 koncov\u00e9 plochy jsou jemn\u011b o\u0161et\u0159eny pro zv\u00fd\u0161en\u00ed odolnosti proti opot\u0159eben\u00ed. Pro zaji\u0161t\u011bn\u00ed hladk\u00e9ho provozu je nezbytn\u00e9 pravideln\u00e9 maz\u00e1n\u00ed vhodn\u00fdm mno\u017estv\u00edm hydraulick\u00e9ho oleje.<\/p>\n<h3>Pravideln\u00e1 kontrola a preventivn\u00ed \u00fadr\u017eba<\/h3>\n<p>Pro udr\u017een\u00ed optim\u00e1ln\u00edho v\u00fdkonu jsou z\u00e1sadn\u00ed pravideln\u00e9 kontroly a preventivn\u00ed \u00fadr\u017eba. Pat\u0159\u00ed sem kontrola zn\u00e1mek opot\u0159eben\u00ed, net\u011bsnost\u00ed nebo po\u0161kozen\u00ed a podniknut\u00ed proaktivn\u00edch krok\u016f k \u0159e\u0161en\u00ed potenci\u00e1ln\u00edch probl\u00e9m\u016f d\u0159\u00edve, ne\u017e se zhor\u0161\u00ed.<\/p>\n<h3>Pr\u016fvodce instalac\u00ed produktu<\/h3>\n<p>Spr\u00e1vn\u00e1 instalace v\u00e1lce ramene je nezbytn\u00e1 pro zaji\u0161t\u011bn\u00ed jeho funk\u010dnosti a dlouh\u00e9 \u017eivotnosti. Postupujte podle t\u011bchto krok\u016f:<\/p>\n<ol>\n<li>P\u0159ipravte si pot\u0159ebn\u00e9 n\u00e1stroje a vybaven\u00ed.<\/li>\n<li>Zajist\u011bte \u010dist\u00e9 a stabiln\u00ed pracovn\u00ed prost\u0159ed\u00ed.<\/li>\n<li>Bezpe\u010dn\u011b p\u0159ipevn\u011bte v\u00e1lec ramene k ur\u010den\u00fdm mont\u00e1\u017en\u00edm bod\u016fm.<\/li>\n<li>P\u0159ipojte hydraulick\u00e9 hadice a armatury dle pokyn\u016f v\u00fdrobce.<\/li>\n<li>Prove\u010fte d\u016fkladnou kontrolu, abyste ov\u011b\u0159ili spr\u00e1vnou instalaci.<\/li>\n<\/ol>\n<p><img decoding=\"async\" src=\"https:\/\/www.hydraulic-cylinders.net\/wp-content\/uploads\/2025\/01\/songte-bushings-with-all-kinds-of-excavator-models.webp\"><\/p>\n<h3>Bezpe\u010dnostn\u00ed aspekty a faktory prost\u0159ed\u00ed<\/h3>\n<p>P\u0159i pou\u017e\u00edv\u00e1n\u00ed v\u00e1lce s ramenem je nanejv\u00fd\u0161 d\u016fle\u017eit\u00e9 dodr\u017eov\u00e1n\u00ed bezpe\u010dnostn\u00edch opat\u0159en\u00ed. Pro prevenci nehod a zaji\u0161t\u011bn\u00ed bezpe\u010dn\u00e9ho pracovn\u00edho prost\u0159ed\u00ed je nezbytn\u00e9 \u0159\u00e1dn\u00e9 \u0161kolen\u00ed, dodr\u017eov\u00e1n\u00ed bezpe\u010dnostn\u00edch protokol\u016f a pou\u017e\u00edv\u00e1n\u00ed ochrann\u00fdch prost\u0159edk\u016f. Pro minimalizaci negativn\u00edho dopadu je tak\u00e9 nezbytn\u00e9 zohlednit faktory prost\u0159ed\u00ed a dodr\u017eovat p\u0159\u00edslu\u0161n\u00e9 p\u0159edpisy.<\/p>\n<h3>Odstra\u0148ov\u00e1n\u00ed probl\u00e9m\u016f a b\u011b\u017en\u00e9 probl\u00e9my<\/h3>\n<p>Navzdory sv\u00e9 spolehlivosti mohou v\u00e1lce ramen ob\u010das vykazovat poruchy. Mezi b\u011b\u017en\u00e9 probl\u00e9my pat\u0159\u00ed net\u011bsnost, nerovnom\u011brn\u00fd pohyb a ztr\u00e1ta v\u00fdkonu. Chcete-li tyto probl\u00e9my vy\u0159e\u0161it:<\/p>\n<ul>\n<li>Zkontrolujte p\u0159\u00edpadn\u00e9 viditeln\u00e9 net\u011bsnosti a t\u011bsnic\u00ed prvky.<\/li>\n<li>Zajist\u011bte spr\u00e1vn\u00e9 maz\u00e1n\u00ed a zkontrolujte hladinu hydraulick\u00e9 kapaliny.<\/li>\n<li>Zkontrolujte hydraulick\u00fd syst\u00e9m, zda nedoch\u00e1z\u00ed k ucp\u00e1n\u00ed nebo abnormalit\u00e1m.<\/li>\n<li>Ov\u011b\u0159te spr\u00e1vnou funkci regula\u010dn\u00edch ventil\u016f a nastaven\u00ed tlaku.<\/li>\n<\/ul>\n<p><img decoding=\"async\" src=\"https:\/\/www.hydraulic-cylinders.net\/wp-content\/uploads\/2025\/01\/songte-company-4.webp\"><\/p>\n<h3>O n\u00e1s<\/h3>\n<p>Jsme profesion\u00e1ln\u00ed v\u00fdrobce n\u00e1hradn\u00edch hydraulick\u00fdch v\u00e1lc\u016f a nab\u00edz\u00edme \u0161irokou \u0161k\u00e1lu produkt\u016f. Stali jsme se jedn\u00edm z p\u0159edn\u00edch v\u00fdrobc\u016f a velkoobchodn\u00edch distributor\u016f hydraulick\u00fdch v\u00e1lc\u016f na dom\u00e1c\u00edm i mezin\u00e1rodn\u00edm trhu. V souladu s principem excelence neust\u00e1le zlep\u0161ujeme na\u0161e technologick\u00e9 mo\u017enosti a efektivitu v\u00fdroby prost\u0159ednictv\u00edm zdokonalen\u00fdch v\u00fdrobn\u00edch proces\u016f a modern\u00edho vybaven\u00ed. Zav\u00e1d\u011bn\u00edm \u0161pi\u010dkov\u00e9ho digit\u00e1ln\u00edho v\u00fdrobn\u00edho za\u0159\u00edzen\u00ed a profesion\u00e1ln\u00edch testovac\u00edch syst\u00e9m\u016f optimalizujeme na\u0161i v\u00fdrobn\u00ed platformu a zlep\u0161ujeme kontrolu kvality v\u00fdrobk\u016f. Na\u0161\u00edm c\u00edlem je uspokojovat rozmanit\u00e9 pot\u0159eby na\u0161ich z\u00e1kazn\u00edk\u016f s efektivitou, p\u0159esnost\u00ed a vysoce kvalitn\u00edmi produkty.<\/p>\n<p><img decoding=\"async\" src=\"https:\/\/www.hydraulic-cylinders.net\/wp-content\/uploads\/2025\/01\/songte-company-3.webp\"><\/p>\n<p>Autor: lyl<\/p>","protected":false},"excerpt":{"rendered":"<p>Arm Cylinder For World Small Excavator W265E-8 Introduction The arm cylinder is a specially designed hydraulic cylinder that provides linear motion and power to the arms of various machinery, such as excavators, cranes, and robotic arms. It plays a key role in hydraulic systems, enabling the effective movement and control of additional tools or attachments. [&hellip;]<\/p>","protected":false},"featured_media":14779,"comment_status":"open","ping_status":"closed","template":"","meta":{"_et_pb_use_builder":"","_et_pb_old_content":"","_et_gb_content_width":""},"product_brand":[],"product_cat":[1497],"product_tag":[1498,1496],"class_list":{"0":"post-16669","1":"product","2":"type-product","3":"status-publish","4":"has-post-thumbnail","6":"product_cat-arm-cylinders","7":"product_tag-arm-cylinders","8":"product_tag-hydraulic-cylinders","10":"first","11":"instock","12":"shipping-taxable","13":"product-type-simple"},"amp_enabled":true,"_links":{"self":[{"href":"https:\/\/www.hydraulic-cylinders.net\/cs\/wp-json\/wp\/v2\/product\/16669","targetHints":{"allow":["GET"]}}],"collection":[{"href":"https:\/\/www.hydraulic-cylinders.net\/cs\/wp-json\/wp\/v2\/product"}],"about":[{"href":"https:\/\/www.hydraulic-cylinders.net\/cs\/wp-json\/wp\/v2\/types\/product"}],"replies":[{"embeddable":true,"href":"https:\/\/www.hydraulic-cylinders.net\/cs\/wp-json\/wp\/v2\/comments?post=16669"}],"wp:featuredmedia":[{"embeddable":true,"href":"https:\/\/www.hydraulic-cylinders.net\/cs\/wp-json\/wp\/v2\/media\/14779"}],"wp:attachment":[{"href":"https:\/\/www.hydraulic-cylinders.net\/cs\/wp-json\/wp\/v2\/media?parent=16669"}],"wp:term":[{"taxonomy":"product_brand","embeddable":true,"href":"https:\/\/www.hydraulic-cylinders.net\/cs\/wp-json\/wp\/v2\/product_brand?post=16669"},{"taxonomy":"product_cat","embeddable":true,"href":"https:\/\/www.hydraulic-cylinders.net\/cs\/wp-json\/wp\/v2\/product_cat?post=16669"},{"taxonomy":"product_tag","embeddable":true,"href":"https:\/\/www.hydraulic-cylinders.net\/cs\/wp-json\/wp\/v2\/product_tag?post=16669"}],"curies":[{"name":"wp","href":"https:\/\/api.w.org\/{rel}","templated":true}]}}