{"id":16672,"date":"2025-01-21T05:45:54","date_gmt":"2025-01-21T05:45:54","guid":{"rendered":"https:\/\/www.hydraulic-cylinders.net\/product\/arm-cylinder-for-world-middle-excavator-w2215-8\/"},"modified":"2025-01-21T05:45:56","modified_gmt":"2025-01-21T05:45:56","slug":"arm-cylinder-for-world-middle-excavator-w2215-8","status":"publish","type":"product","link":"https:\/\/www.hydraulic-cylinders.net\/cs\/produkt\/arm-cylinder-for-world-middle-excavator-w2215-8\/","title":{"rendered":"V\u00e1lec ramene pro bagr World Middle W2215-8"},"content":{"rendered":"<h2>V\u00e1lec ramene pro bagr World Middle W2215-8<\/h2>\n<p>V\u00e1lec ramene je speci\u00e1ln\u011b navr\u017een\u00fd hydraulick\u00fd v\u00e1lec, kter\u00fd poskytuje line\u00e1rn\u00ed pohyb a s\u00edlu rameni r\u016fzn\u00fdch stroj\u016f, jako jsou bagry, je\u0159\u00e1by a robotick\u00e1 ramena. Hraje kl\u00ed\u010dovou roli v hydraulick\u00fdch syst\u00e9mech, proto\u017ee umo\u017e\u0148uje efektivn\u00ed pohyb a ovl\u00e1d\u00e1n\u00ed dal\u0161\u00edho n\u00e1\u0159ad\u00ed nebo p\u0159\u00edslu\u0161enstv\u00ed. Tyto v\u00e1lce nejen zaji\u0161\u0165uj\u00ed plynul\u00fd pohyb, ale tak\u00e9 nesou t\u011b\u017ek\u00e1 zat\u00ed\u017een\u00ed, \u010d\u00edm\u017e zaji\u0161\u0165uj\u00ed efektivn\u00ed provoz a spolehlivost stroj\u016f za r\u016fzn\u00fdch pracovn\u00edch podm\u00ednek.<\/p>\n<p><img decoding=\"async\" src=\"https:\/\/www.hydraulic-cylinders.net\/wp-content\/uploads\/2025\/01\/songte-company-2.webp\"><\/p>\n<h3>Vlastnosti v\u00e1lce ramene<\/h3>\n<ul>\n<li>Vysoce \u00fa\u010dinn\u00fd p\u0159enos: V\u00e1lec ramene poskytuje siln\u00fd line\u00e1rn\u00ed pohyb a s\u00edlu, co\u017e zaji\u0161\u0165uje vysok\u00fd v\u00fdkon robotick\u00e9ho ramene v r\u016fzn\u00fdch operac\u00edch.<\/li>\n<li>P\u0159esn\u00e9 ovl\u00e1d\u00e1n\u00ed: D\u00edky hydraulick\u00e9mu syst\u00e9mu umo\u017e\u0148uje v\u00e1lec ramene p\u0159esn\u00e9 ovl\u00e1d\u00e1n\u00ed pohybu, \u010d\u00edm\u017e je ovl\u00e1d\u00e1n\u00ed p\u0159ipojen\u00e9ho n\u00e1\u0159ad\u00ed flexibiln\u011bj\u0161\u00ed a p\u0159esn\u011bj\u0161\u00ed.<\/li>\n<li>Trvanlivost: V\u00e1lce ramen jsou obvykle vyrobeny z vysoce pevn\u00fdch materi\u00e1l\u016f, kter\u00e9 nab\u00edzej\u00ed vynikaj\u00edc\u00ed odolnost proti opot\u0159eben\u00ed a korozi, a jsou vhodn\u00e9 pro dlouhodob\u00e9 pou\u017e\u00edv\u00e1n\u00ed v n\u00e1ro\u010dn\u00fdch podm\u00ednk\u00e1ch.<\/li>\n<li>Multifunk\u010dn\u00ed p\u0159izp\u016fsobivost: Tyto v\u00e1lce lze \u0161iroce pou\u017e\u00edvat v r\u016fzn\u00fdch typech stroj\u016f, jako jsou bagry, je\u0159\u00e1by a robotick\u00e1 ramena, a p\u0159izp\u016fsobit se tak r\u016fzn\u00fdm pracovn\u00edm po\u017eadavk\u016fm.<\/li>\n<li>Snadn\u00e1 \u00fadr\u017eba: Konstrukce zohled\u0148uje snadnou \u00fadr\u017ebu a v\u00fdm\u011bnu, co\u017e usnad\u0148uje pravideln\u00e9 kontroly a servis a zkracuje prostoje za\u0159\u00edzen\u00ed.<\/li>\n<\/ul>\n<p><img decoding=\"async\" src=\"https:\/\/www.hydraulic-cylinders.net\/wp-content\/uploads\/2025\/01\/songte-oil-pipes-and-spare-parts.webp\"><\/p>\n<h3>Aplikace ramenov\u00e9ho v\u00e1lce<\/h3>\n<p>V\u00e1lce ramen nach\u00e1zej\u00ed uplatn\u011bn\u00ed v r\u016fzn\u00fdch pr\u016fmyslov\u00fdch odv\u011btv\u00edch:<\/p>\n<ul>\n<li>Stavebn\u00ed in\u017een\u00fdrstv\u00ed: U bagr\u016f a je\u0159\u00e1b\u016f ovl\u00e1daj\u00ed v\u00e1lce ramen pohyb l\u017e\u00edce nebo v\u00fdlo\u017en\u00edku pro zemn\u00ed pr\u00e1ce, manipulaci s materi\u00e1lem a mont\u00e1\u017e konstrukc\u00ed.<\/li>\n<li>V\u00fdroba: V automatizovan\u00fdch v\u00fdrobn\u00edch link\u00e1ch usnad\u0148uj\u00ed v\u00e1lce ramen pohyb robotick\u00fdch ramen pro mont\u00e1\u017e, sva\u0159ov\u00e1n\u00ed a manipulaci s materi\u00e1lem, \u010d\u00edm\u017e zvy\u0161uj\u00ed efektivitu a p\u0159esnost v\u00fdroby.<\/li>\n<li>Zem\u011bd\u011blsk\u00e9 stroje: V zem\u011bd\u011blsk\u00fdch stroj\u00edch, jako jsou skl\u00edzec\u00ed a sec\u00ed stroje, ovl\u00e1daj\u00ed v\u00e1lce ramen pohyb ovl\u00e1dac\u00edch ramen a prov\u00e1d\u011bj\u00ed \u00fakoly, jako je set\u00ed, hnojen\u00ed a sklize\u0148.<\/li>\n<li>T\u011b\u017eba: V t\u011b\u017eebn\u00edch za\u0159\u00edzen\u00edch ovl\u00e1daj\u00ed v\u00e1lce ramen pohyb ramen t\u011b\u017eebn\u00edch stroj\u016f, co\u017e usnad\u0148uje t\u011b\u017ebu a p\u0159epravu rudy.<\/li>\n<li>Logistika a doprava: U vysokozdvi\u017en\u00fdch voz\u00edk\u016f a manipula\u010dn\u00edch robot\u016f ovl\u00e1daj\u00ed v\u00e1lce ramen zved\u00e1n\u00ed a pohyb vidlic, co\u017e umo\u017e\u0148uje manipulaci s materi\u00e1lem a jeho stohov\u00e1n\u00ed.<\/li>\n<\/ul>\n<p><img decoding=\"async\" src=\"https:\/\/www.hydraulic-cylinders.net\/wp-content\/uploads\/2025\/01\/songte-cylinder-head-with-all-kinds-excavator-models.webp\"><\/p>\n<h3>Konstruk\u010dn\u00ed aspekty a krit\u00e9ria v\u00fdb\u011bru<\/h3>\n<p>Pokud jde o konstrukci v\u00e1lc\u016f ramene, je t\u0159eba zv\u00e1\u017eit n\u011bkolik kl\u00ed\u010dov\u00fdch faktor\u016f:<\/p>\n<ul>\n<li>\u00danosnost: V\u00e1lce ramen by m\u011bly b\u00fdt navr\u017eeny tak, aby vydr\u017eely zam\u00fd\u0161len\u00e9 zat\u00ed\u017een\u00ed bez deformace nebo selh\u00e1n\u00ed.<\/li>\n<li>T\u011bsnic\u00ed schopnost: Pro zaji\u0161t\u011bn\u00ed \u00fa\u010dinn\u00e9ho ut\u011bsn\u011bn\u00ed by m\u011bly b\u00fdt pou\u017eity r\u016fzn\u00e9 t\u011bsnic\u00ed prvky, jako jsou t\u011bsn\u011bn\u00ed p\u00edst\u016f a p\u00edstnic, vyroben\u00e9 z materi\u00e1l\u016f odoln\u00fdch proti opot\u0159eben\u00ed, jako je polyuretan a nitrilov\u00e1 pry\u017e.<\/li>\n<li>Trvanlivost: T\u011bleso v\u00e1lce a z\u00e1vitov\u00e9 konce by m\u011bly b\u00fdt prov\u011b\u0159eny p\u0159esn\u00fdm zpracov\u00e1n\u00edm, aby se zv\u00fd\u0161ila odolnost proti opot\u0159eben\u00ed, a pou\u017eit\u00ed vhodn\u00e9ho hydraulick\u00e9ho oleje pro maz\u00e1n\u00ed je nezbytn\u00e9.<\/li>\n<li>Bezpe\u010dnost: Bezpe\u010dnostn\u00ed prvky, jako jsou p\u0159etlakov\u00e9 ventily a mechanismy nouzov\u00e9ho zastaven\u00ed, by m\u011bly b\u00fdt za\u010dlen\u011bny, aby se zabr\u00e1nilo nehod\u00e1m a chr\u00e1nily jak strojn\u00ed za\u0159\u00edzen\u00ed, tak obsluha.<\/li>\n<li>\u00dadr\u017eba: Navrhov\u00e1n\u00ed pro snadnou \u00fadr\u017ebu a opravy, v\u010detn\u011b p\u0159\u00edstupn\u00fdch sou\u010d\u00e1st\u00ed a p\u0159ehledn\u00e9 dokumentace, sni\u017euje prostoje a zvy\u0161uje celkovou efektivitu.<\/li>\n<\/ul>\n<p><img decoding=\"async\" src=\"https:\/\/www.hydraulic-cylinders.net\/wp-content\/uploads\/2025\/01\/songte-chushion-collar.webp\"><\/p>\n<h3>Pravideln\u00e9 kontroly a preventivn\u00ed \u00fadr\u017eba<\/h3>\n<p>Pro zaji\u0161t\u011bn\u00ed optim\u00e1ln\u00edho v\u00fdkonu a dlouh\u00e9 \u017eivotnosti v\u00e1lce ramene je t\u0159eba prov\u00e9st n\u00e1sleduj\u00edc\u00ed opat\u0159en\u00ed:<\/p>\n<ul>\n<li>Pravideln\u011b kontrolujte v\u00e1lec, zda nevykazuje zn\u00e1mky po\u0161kozen\u00ed, net\u011bsnost\u00ed nebo abnorm\u00e1ln\u00edho opot\u0159eben\u00ed.<\/li>\n<li>Zkontrolujte a v p\u0159\u00edpad\u011b pot\u0159eby vym\u011b\u0148te opot\u0159ebovan\u00e1 nebo po\u0161kozen\u00e1 t\u011bsn\u011bn\u00ed a dal\u0161\u00ed sou\u010d\u00e1sti.<\/li>\n<li>Udr\u017eujte spr\u00e1vn\u00e9 maz\u00e1n\u00ed pravideln\u00fdm dopl\u0148ov\u00e1n\u00edm odpov\u00eddaj\u00edc\u00edho mno\u017estv\u00ed hydraulick\u00e9ho oleje.<\/li>\n<li>Udr\u017eujte v\u00e1lec a jeho okol\u00ed \u010dist\u00e9, abyste zabr\u00e1nili kontaminaci.<\/li>\n<li>Dodr\u017eujte doporu\u010den\u00fd pl\u00e1n \u00fadr\u017eby a pokyny v\u00fdrobce.<\/li>\n<\/ul>\n<h3>Pr\u016fvodce instalac\u00ed produktu<\/h3>\n<p>Spr\u00e1vn\u00e1 instalace v\u00e1lce ramene je z\u00e1sadn\u00ed pro jeho v\u00fdkon a bezpe\u010dnost. Zde je n\u011bkolik pokyn\u016f, kter\u00e9 je t\u0159eba dodr\u017eovat:<\/p>\n<ul>\n<li>Ujist\u011bte se, \u017ee mont\u00e1\u017en\u00ed povrchy jsou \u010dist\u00e9 a bez ne\u010distot.<\/li>\n<li>Vyrovnejte v\u00e1lec a zajist\u011bte jej vhodn\u00fdmi \u0161rouby, maticemi nebo konzolami.<\/li>\n<li>Ut\u00e1hn\u011bte v\u0161echna spojen\u00ed doporu\u010den\u00fdm utahovac\u00edm momentem uveden\u00fdm v\u00fdrobcem.<\/li>\n<li>B\u011bhem instalace zkontrolujte, zda nedoch\u00e1z\u00ed k n\u011bjak\u00fdm koliz\u00edm nebo nespr\u00e1vn\u00e9mu zarovn\u00e1n\u00ed.<\/li>\n<li>P\u0159ed pln\u00fdm pou\u017eit\u00edm vyzkou\u0161ejte funk\u010dnost v\u00e1lce a ov\u011b\u0159te jeho spr\u00e1vn\u00fd provoz.<\/li>\n<\/ul>\n<p><img decoding=\"async\" src=\"https:\/\/www.hydraulic-cylinders.net\/wp-content\/uploads\/2025\/01\/songte-bushings-with-all-kinds-of-excavator-models.webp\"><\/p>\n<h3>Bezpe\u010dnostn\u00ed aspekty a faktory prost\u0159ed\u00ed<\/h3>\n<p>P\u0159i pr\u00e1ci s v\u00e1lci ramen je pro ochranu person\u00e1lu a za\u0159\u00edzen\u00ed z\u00e1sadn\u00ed up\u0159ednostnit bezpe\u010dnostn\u00ed opat\u0159en\u00ed. Bezpe\u010dnostn\u00ed opat\u0159en\u00ed by m\u011bla zahrnovat:<\/p>\n<ul>\n<li>\u0158\u00e1dn\u00e9 \u0161kolen\u00ed obsluhy o bezpe\u010dn\u00e9 manipulaci a obsluze stroj\u016f.<\/li>\n<li>Pou\u017e\u00edv\u00e1n\u00ed vhodn\u00fdch osobn\u00edch ochrann\u00fdch prost\u0159edk\u016f (OOP) k minimalizaci rizik.<\/li>\n<li>Pravideln\u00e1 kontrola lahve a souvisej\u00edc\u00edch sou\u010d\u00e1st\u00ed z hlediska potenci\u00e1ln\u00edch nebezpe\u010d\u00ed.<\/li>\n<li>Dodr\u017eov\u00e1n\u00ed p\u0159\u00edslu\u0161n\u00fdch bezpe\u010dnostn\u00edch p\u0159edpis\u016f a pokyn\u016f.<\/li>\n<\/ul>\n<h3>Odstra\u0148ov\u00e1n\u00ed probl\u00e9m\u016f a b\u011b\u017en\u00e9 probl\u00e9my<\/h3>\n<p>V\u00e1lce ramen se mohou setkat s ur\u010dit\u00fdmi probl\u00e9my, kter\u00e9 vy\u017eaduj\u00ed odstra\u0148ov\u00e1n\u00ed. Zde je n\u011bkolik b\u011b\u017en\u00fdch probl\u00e9m\u016f:<\/p>\n<ul>\n<li>Net\u011bsnost: Zkontrolujte a vym\u011b\u0148te po\u0161kozen\u00e1 t\u011bsn\u011bn\u00ed nebo p\u0159ipojovac\u00ed armatury.<\/li>\n<li>Pomal\u00fd nebo nepravideln\u00fd pohyb: Zkontrolujte, zda v syst\u00e9mu nen\u00ed n\u00edzk\u00fd hydraulick\u00fd tlak nebo zda v n\u011bm nejsou ucpan\u00e9 \u010d\u00e1sti, a podle toho je \u0159e\u0161te.<\/li>\n<li>Nadm\u011brn\u00fd hluk nebo vibrace: Zkontrolujte spr\u00e1vn\u00e9 vyrovn\u00e1n\u00ed a mont\u00e1\u017e a zkontrolujte, zda nejsou sou\u010d\u00e1sti opot\u0159ebovan\u00e9 nebo po\u0161kozen\u00e9.<\/li>\n<li>P\u0159eh\u0159\u00e1t\u00ed: Zajist\u011bte dostate\u010dn\u00fd p\u0159\u00edsun hydraulick\u00e9ho oleje a zkontrolujte, zda v syst\u00e9mu nejsou p\u0159\u00edpadn\u00e1 omezen\u00ed.<\/li>\n<\/ul>\n<p><img decoding=\"async\" src=\"https:\/\/www.hydraulic-cylinders.net\/wp-content\/uploads\/2025\/01\/songte-chushion-collar.webp\"><\/p>\n<p>Dodr\u017eov\u00e1n\u00edm t\u011bchto tip\u016f pro \u0159e\u0161en\u00ed probl\u00e9m\u016f a preventivn\u00edch opat\u0159en\u00ed mohou \u010dten\u00e1\u0159i efektivn\u011b diagnostikovat a \u0159e\u0161it probl\u00e9my souvisej\u00edc\u00ed s v\u00e1lci ramen a z\u00e1rove\u0148 minimalizovat potenci\u00e1ln\u00ed pot\u00ed\u017ee.<\/p>\n<h3>O n\u00e1s<\/h3>\n<p>Jsme profesion\u00e1ln\u00ed v\u00fdrobce n\u00e1hradn\u00edch hydraulick\u00fdch v\u00e1lc\u016f a nab\u00edz\u00edme \u0161irokou \u0161k\u00e1lu produkt\u016f. Stali jsme se jedn\u00edm z p\u0159edn\u00edch v\u00fdrobc\u016f a velkoobchodn\u00edk\u016f s hydraulick\u00fdmi v\u00e1lci na dom\u00e1c\u00edm i mezin\u00e1rodn\u00edm trhu. V\u017edy se dr\u017e\u00edme z\u00e1sady vynikaj\u00edc\u00ed kvality a neust\u00e1le zlep\u0161ujeme na\u0161i technologickou \u00farove\u0148 a efektivitu v\u00fdroby. Zav\u00e1d\u011bn\u00edm pokro\u010dil\u00fdch digit\u00e1ln\u00edch v\u00fdrobn\u00edch za\u0159\u00edzen\u00ed a profesion\u00e1ln\u00edch testovac\u00edch syst\u00e9m\u016f optimalizujeme na\u0161i v\u00fdrobn\u00ed platformu a zlep\u0161ujeme procesy kontroly kvality v\u00fdrobk\u016f, \u010d\u00edm\u017e prokazujeme siln\u00e9 inova\u010dn\u00ed schopnosti. Na\u0161\u00edm c\u00edlem je uspokojovat rozmanit\u00e9 pot\u0159eby z\u00e1kazn\u00edk\u016f s vyu\u017eit\u00edm princip\u016f efektivity, p\u0159esnosti a vysok\u00e9 kvality.<\/p>\n<p><img decoding=\"async\" src=\"https:\/\/www.hydraulic-cylinders.net\/wp-content\/uploads\/2025\/01\/songte-company-4.webp\"><img decoding=\"async\" src=\"https:\/\/www.hydraulic-cylinders.net\/wp-content\/uploads\/2025\/01\/songte-company-3.webp\"><\/p>\n<p>Na\u0161e spole\u010dnost je zn\u00e1m\u00e1 pro svou profesionalitu, mezin\u00e1rodn\u00ed certifikace, slu\u017eby na m\u00edru, modern\u00ed v\u00fdrobn\u00ed za\u0159\u00edzen\u00ed a v\u00fdjime\u010dn\u00fd poprodejn\u00ed servis. Jsme hrd\u00ed na to, \u017ee poskytujeme vynikaj\u00edc\u00ed slu\u017eby a pln\u00edme po\u017eadavky na\u0161ich z\u00e1kazn\u00edk\u016f.<\/p>\n<p><em>Autor: lyl<\/em><\/p>","protected":false},"excerpt":{"rendered":"<p>Arm Cylinder For World Middle Excavator W2215-8 Arm Cylinder is a specially designed hydraulic cylinder that provides linear motion and power to the arm of various machinery, such as excavators, cranes, and robotic arms. It plays a crucial role in hydraulic systems, enabling effective movement and control of additional tools or attachments. These cylinders not [&hellip;]<\/p>","protected":false},"featured_media":14772,"comment_status":"open","ping_status":"closed","template":"","meta":{"_et_pb_use_builder":"","_et_pb_old_content":"","_et_gb_content_width":""},"product_brand":[],"product_cat":[1497],"product_tag":[1498,1496],"class_list":{"0":"post-16672","1":"product","2":"type-product","3":"status-publish","4":"has-post-thumbnail","6":"product_cat-arm-cylinders","7":"product_tag-arm-cylinders","8":"product_tag-hydraulic-cylinders","10":"first","11":"instock","12":"shipping-taxable","13":"product-type-simple"},"amp_enabled":true,"_links":{"self":[{"href":"https:\/\/www.hydraulic-cylinders.net\/cs\/wp-json\/wp\/v2\/product\/16672","targetHints":{"allow":["GET"]}}],"collection":[{"href":"https:\/\/www.hydraulic-cylinders.net\/cs\/wp-json\/wp\/v2\/product"}],"about":[{"href":"https:\/\/www.hydraulic-cylinders.net\/cs\/wp-json\/wp\/v2\/types\/product"}],"replies":[{"embeddable":true,"href":"https:\/\/www.hydraulic-cylinders.net\/cs\/wp-json\/wp\/v2\/comments?post=16672"}],"wp:featuredmedia":[{"embeddable":true,"href":"https:\/\/www.hydraulic-cylinders.net\/cs\/wp-json\/wp\/v2\/media\/14772"}],"wp:attachment":[{"href":"https:\/\/www.hydraulic-cylinders.net\/cs\/wp-json\/wp\/v2\/media?parent=16672"}],"wp:term":[{"taxonomy":"product_brand","embeddable":true,"href":"https:\/\/www.hydraulic-cylinders.net\/cs\/wp-json\/wp\/v2\/product_brand?post=16672"},{"taxonomy":"product_cat","embeddable":true,"href":"https:\/\/www.hydraulic-cylinders.net\/cs\/wp-json\/wp\/v2\/product_cat?post=16672"},{"taxonomy":"product_tag","embeddable":true,"href":"https:\/\/www.hydraulic-cylinders.net\/cs\/wp-json\/wp\/v2\/product_tag?post=16672"}],"curies":[{"name":"wp","href":"https:\/\/api.w.org\/{rel}","templated":true}]}}