{"id":16682,"date":"2025-01-21T05:46:39","date_gmt":"2025-01-21T05:46:39","guid":{"rendered":"https:\/\/www.hydraulic-cylinders.net\/product\/arm-cylinder-for-jingong-crawler-excavator-jcm915-lc\/"},"modified":"2025-01-21T05:46:41","modified_gmt":"2025-01-21T05:46:41","slug":"arm-cylinder-for-jingong-crawler-excavator-jcm915-lc","status":"publish","type":"product","link":"https:\/\/www.hydraulic-cylinders.net\/cs\/produkt\/arm-cylinder-for-jingong-crawler-excavator-jcm915-lc\/","title":{"rendered":"V\u00e1lec ramene pro p\u00e1sov\u00e9 rypadlo Jingong JCM915-LC"},"content":{"rendered":"<h1>V\u00e1lec ramene pro p\u00e1sov\u00e9 rypadlo Jingong JCM915-LC<\/h1>\n<h2>Zaveden\u00ed<\/h2>\n<p>V\u00e1lec ramene je speci\u00e1ln\u011b navr\u017een\u00fd hydraulick\u00fd v\u00e1lec, kter\u00fd se prim\u00e1rn\u011b pou\u017e\u00edv\u00e1 k zaji\u0161t\u011bn\u00ed line\u00e1rn\u00edho pohybu a v\u00fdkonu pro r\u016fzn\u00e1 ramena stroj\u016f, jako jsou bagry, je\u0159\u00e1by a mechanick\u00e1 ramena. V\u00e1lec ramene hraje kl\u00ed\u010dovou roli v hydraulick\u00e9m syst\u00e9mu, proto\u017ee umo\u017e\u0148uje efektivn\u00ed pohyb a ovl\u00e1d\u00e1n\u00ed dal\u0161\u00edho n\u00e1\u0159ad\u00ed nebo p\u0159\u00edslu\u0161enstv\u00ed. Tyto v\u00e1lce nejen dosahuj\u00ed plynul\u00e9ho pohybu, ale tak\u00e9 sn\u00e1\u0161ej\u00ed t\u011b\u017ek\u00e1 zat\u00ed\u017een\u00ed, \u010d\u00edm\u017e zaji\u0161\u0165uj\u00ed efektivn\u00ed provoz a spolehlivost stroj\u016f za r\u016fzn\u00fdch pracovn\u00edch podm\u00ednek.<\/p>\n<p><img decoding=\"async\" src=\"https:\/\/www.hydraulic-cylinders.net\/wp-content\/uploads\/2025\/01\/songte-company-2.webp\" alt=\"Obr\u00e1zek v\u00e1lce ramene\"><\/p>\n<h3>Definice a vysv\u011btlen\u00ed<\/h3>\n<p>V\u00e1lec ramene je z\u00e1kladn\u00ed sou\u010d\u00e1st\u00ed ka\u017ed\u00e9ho hydraulick\u00e9ho syst\u00e9mu. Je navr\u017een tak, aby poskytoval line\u00e1rn\u00ed pohyb a energii ramen\u016fm stroj\u016f, jako jsou bagry, je\u0159\u00e1by a mechanick\u00e1 ramena. Umo\u017e\u0148uje stroj\u016fm prov\u00e1d\u011bt r\u016fzn\u00e9 \u00fakoly, jako je kop\u00e1n\u00ed, zved\u00e1n\u00ed a man\u00e9vrov\u00e1n\u00ed. V\u00e1lec ramene je vyroben z vysoce pevn\u00fdch materi\u00e1l\u016f a je navr\u017een tak, aby odolal n\u00e1ro\u010dn\u00fdm pracovn\u00edm podm\u00ednk\u00e1m a zajistil efektivn\u00ed a spolehliv\u00fd provoz stroje. Jeho v\u0161estrannost a odolnost ho \u010din\u00ed ide\u00e1ln\u00edm pro \u0161irokou \u0161k\u00e1lu aplikac\u00ed v r\u016fzn\u00fdch odv\u011btv\u00edch.<\/p>\n<h2>Funkce<\/h2>\n<ul>\n<li>\n<h3>Vysoce \u00fa\u010dinn\u00fd pohon<\/h3>\n<p>V\u00e1lec ramene zaji\u0161\u0165uje siln\u00fd line\u00e1rn\u00ed pohyb a s\u00edlu, co\u017e zaji\u0161\u0165uje vysokou \u00fa\u010dinnost ramen stroje b\u011bhem r\u016fzn\u00fdch operac\u00ed.<\/p>\n<\/li>\n<li>\n<h3>P\u0159esn\u00e9 ovl\u00e1d\u00e1n\u00ed<\/h3>\n<p>V\u00e1lec ramene dok\u00e1\u017ee dos\u00e1hnout p\u0159esn\u00e9ho \u0159\u00edzen\u00ed pohybu pomoc\u00ed hydraulick\u00e9ho syst\u00e9mu, co\u017e zvy\u0161uje flexibilitu a p\u0159esnost ovl\u00e1d\u00e1n\u00ed p\u0159ipojen\u00e9ho n\u00e1\u0159ad\u00ed.<\/p>\n<\/li>\n<li>\n<h3>Trvanlivost<\/h3>\n<p>V\u00e1lec ramene je vyroben z vysoce pevn\u00fdch materi\u00e1l\u016f, kter\u00e9 maj\u00ed vynikaj\u00edc\u00ed odolnost proti opot\u0159eben\u00ed a korozi, d\u00edky \u010demu\u017e je vhodn\u00fd pro dlouhodob\u00e9 pou\u017e\u00edv\u00e1n\u00ed v n\u00e1ro\u010dn\u00fdch podm\u00ednk\u00e1ch.<\/p>\n<\/li>\n<li>\n<h3>Multifunk\u010dn\u00ed p\u0159izp\u016fsobivost<\/h3>\n<p>V\u00e1lec ramene lze \u0161iroce pou\u017e\u00edvat v r\u016fzn\u00fdch mechanick\u00fdch za\u0159\u00edzen\u00edch, jako jsou bagry, je\u0159\u00e1by a mechanick\u00e1 ramena, aby spl\u0148oval r\u016fzn\u00e9 po\u017eadavky na pr\u00e1ci.<\/p>\n<\/li>\n<li>\n<h3>Snadn\u00e1 \u00fadr\u017eba<\/h3>\n<p>V\u00e1lec ramene je navr\u017een pro snadnou \u00fadr\u017ebu a v\u00fdm\u011bnu, co\u017e usnad\u0148uje pravidelnou kontrolu a \u00fadr\u017ebu a zkracuje prostoje za\u0159\u00edzen\u00ed.<\/p>\n<\/li>\n<\/ul>\n<p>Tento produkt dok\u00e1\u017eeme vyrobit a na\u0161e produkty mohou nahradit r\u016fzn\u00e9 hydraulick\u00e9 v\u00e1lce.<\/p>\n<p><img decoding=\"async\" src=\"https:\/\/www.hydraulic-cylinders.net\/wp-content\/uploads\/2025\/01\/songte-oil-pipes-and-spare-parts.webp\" alt=\"Obr\u00e1zek n\u00e1hradn\u00edch d\u00edl\u016f\"><\/p>\n<h2>Aplikace<\/h2>\n<p>V\u00e1lec ramene se \u0161iroce pou\u017e\u00edv\u00e1 v r\u016fzn\u00fdch pr\u016fmyslov\u00fdch odv\u011btv\u00edch, v\u010detn\u011b:<\/p>\n<ul>\n<li>\n<h3>Stavebn\u00ed in\u017een\u00fdrstv\u00ed<\/h3>\n<p>V\u00e1lec ramene se pou\u017e\u00edv\u00e1 k ovl\u00e1d\u00e1n\u00ed pohybu r\u00fdpadla nebo v\u00fdlo\u017en\u00edku v bagrech a je\u0159\u00e1bech, p\u0159i prov\u00e1d\u011bn\u00ed zemn\u00edch prac\u00ed, manipulace s materi\u00e1lem a mont\u00e1\u017ee konstrukc\u00ed.<\/p>\n<\/li>\n<li>\n<h3>V\u00fdrobn\u00ed<\/h3>\n<p>V\u00e1lec ramene \u0159\u00edd\u00ed pohyb mechanick\u00e9ho ramene v automatizovan\u00fdch v\u00fdrobn\u00edch link\u00e1ch a prov\u00e1d\u00ed mont\u00e1\u017en\u00ed, sva\u0159ovac\u00ed a manipula\u010dn\u00ed procesy pro zlep\u0161en\u00ed efektivity a p\u0159esnosti v\u00fdroby.<\/p>\n<\/li>\n<li>\n<h3>Zem\u011bd\u011blsk\u00e9 stroje<\/h3>\n<p>V\u00e1lec ramene \u0159\u00edd\u00ed pohyb opera\u010dn\u00edho ramene v zem\u011bd\u011blsk\u00fdch stroj\u00edch, jako jsou skl\u00edzec\u00ed a sec\u00ed stroje, a prov\u00e1d\u00ed \u00fakoly, jako je set\u00ed, hnojen\u00ed a sklize\u0148.<\/p>\n<\/li>\n<li>\n<h3>Hornictv\u00ed<\/h3>\n<p>V\u00e1lec ramene \u0159\u00edd\u00ed pohyb ramene v t\u011b\u017eebn\u00edch za\u0159\u00edzen\u00edch, jako jsou t\u011b\u017eebn\u00ed stroje, pro t\u011b\u017ebu a p\u0159epravu rud.<\/p>\n<\/li>\n<li>\n<h3>Logistika a doprava<\/h3>\n<p>V\u00e1lec ramene ovl\u00e1d\u00e1 pohyb n\u00e1kladn\u00ed vidlice ve vysokozdvi\u017en\u00fdch voz\u00edkech a manipula\u010dn\u00edch robotech, co\u017e umo\u017e\u0148uje manipulaci a stohov\u00e1n\u00ed zbo\u017e\u00ed.<\/p>\n<\/li>\n<\/ul>\n<h2>Konstruk\u010dn\u00ed aspekty a krit\u00e9ria v\u00fdb\u011bru<\/h2>\n<p>Mezi konstruk\u010dn\u00ed aspekty a krit\u00e9ria v\u00fdb\u011bru v\u00e1lce ramene pat\u0159\u00ed:<\/p>\n<ul>\n<li>\n<h3>\u00danosnost<\/h3>\n<p>Nosnost v\u00e1lce ramene by m\u011bla spl\u0148ovat po\u017eadavky stroje v r\u016fzn\u00fdch provozn\u00edch podm\u00ednk\u00e1ch.<\/p>\n<\/li>\n<li>\n<h3>T\u011bsnic\u00ed v\u00fdkon<\/h3>\n<p>T\u011bsn\u011bn\u00ed v\u00e1lce ramene je z\u00e1sadn\u00ed pro zabr\u00e1n\u011bn\u00ed \u00faniku hydraulick\u00e9 kapaliny a zaji\u0161t\u011bn\u00ed efektivn\u00edho provozu v\u00e1lce.<\/p>\n<\/li>\n<li>\n<h3>Trvanlivost<\/h3>\n<p>V\u00e1lec ramene by m\u011bl b\u00fdt vyroben z vysoce pevn\u00fdch materi\u00e1l\u016f s vynikaj\u00edc\u00ed odolnost\u00ed proti opot\u0159eben\u00ed a korozi, vhodn\u00fdch pro dlouhodob\u00e9 pou\u017e\u00edv\u00e1n\u00ed v n\u00e1ro\u010dn\u00fdch podm\u00ednk\u00e1ch.<\/p>\n<\/li>\n<li>\n<h3>Bezpe\u010dnost<\/h3>\n<p>V\u00e1lec ramene by m\u011bl b\u00fdt navr\u017een s bezpe\u010dnostn\u00edmi prvky, aby se zabr\u00e1nilo nehod\u00e1m b\u011bhem provozu.<\/p>\n<\/li>\n<li>\n<h3>Udr\u017eovatelnost<\/h3>\n<p>V\u00e1lec ramene by m\u011bl b\u00fdt navr\u017een pro snadnou \u00fadr\u017ebu a v\u00fdm\u011bnu, aby se minimalizovaly prostoje za\u0159\u00edzen\u00ed.<\/p>\n<\/li>\n<\/ul>\n<p><img decoding=\"async\" src=\"https:\/\/www.hydraulic-cylinders.net\/wp-content\/uploads\/2025\/01\/songte-cylinder-head-with-all-kinds-excavator-models.webp\" alt=\"Obr\u00e1zek hlavy v\u00e1lc\u016f\"><\/p>\n<h2>T\u011bsn\u011bn\u00ed a maz\u00e1n\u00ed<\/h2>\n<p>V\u00e1lec ramene pou\u017e\u00edv\u00e1 r\u016fzn\u00e9 t\u011bsnic\u00ed komponenty, jako jsou t\u011bsn\u011bn\u00ed p\u00edst\u016f a t\u011bsn\u011bn\u00ed p\u00edstnic, vyroben\u00e9 z materi\u00e1l\u016f odoln\u00fdch proti opot\u0159eben\u00ed, jako je polyuretan a nitrilov\u00e1 pry\u017e. T\u011bleso v\u00e1lce a povrch z\u00e1vitu jsou o\u0161et\u0159eny pro zlep\u0161en\u00ed odolnosti proti opot\u0159eben\u00ed. V\u00e1lec ramene vy\u017eaduje pravideln\u00e9 maz\u00e1n\u00ed hydraulick\u00fdm olejem, aby byl zachov\u00e1n jeho efektivn\u00ed provoz. <\/p>\n<h2>\u00dadr\u017eba a odstra\u0148ov\u00e1n\u00ed probl\u00e9m\u016f<\/h2>\n<p>Pravideln\u00e1 kontrola a preventivn\u00ed \u00fadr\u017eba v\u00e1lce ramene jsou nezbytn\u00e9 pro zaji\u0161t\u011bn\u00ed efektivn\u00edho provozu a prevenci neo\u010dek\u00e1van\u00fdch poruch. Mezi b\u011b\u017en\u00e9 probl\u00e9my s v\u00e1lcem ramene pat\u0159\u00ed:<\/p>\n<ul>\n<li>\n<h3>\u00danik<\/h3>\n<p>K \u00faniku m\u016f\u017ee doj\u00edt v d\u016fsledku opot\u0159ebovan\u00fdch nebo po\u0161kozen\u00fdch t\u011bsn\u011bn\u00ed nebo nespr\u00e1vn\u011b uta\u017een\u00fdch spoj\u016f.<\/p>\n<\/li>\n<li>\n<h3>P\u0159eh\u0159\u00e1t\u00ed<\/h3>\n<p>K p\u0159eh\u0159\u00e1t\u00ed m\u016f\u017ee doj\u00edt v d\u016fsledku n\u00edzk\u00e9 kvality hydraulick\u00e9ho oleje, ucpan\u00fdch filtr\u016f nebo nadm\u011brn\u00e9ho zat\u00ed\u017een\u00ed.<\/p>\n<\/li>\n<li>\n<h3>Pomal\u00fd provoz<\/h3>\n<p>Pomal\u00fd provoz m\u016f\u017ee nastat kv\u016fli nedostate\u010dn\u00e9mu hydraulick\u00e9mu tlaku nebo ucpan\u00fdm filtr\u016fm.<\/p>\n<\/li>\n<\/ul>\n<p>Aby se t\u011bmto probl\u00e9m\u016fm p\u0159ede\u0161lo, doporu\u010duje se prov\u00e1d\u011bt pravideln\u00e9 kontroly a \u00fadr\u017ebu, jako je v\u00fdm\u011bna opot\u0159ebovan\u00fdch t\u011bsn\u011bn\u00ed, \u010di\u0161t\u011bn\u00ed filtr\u016f a kontrola hladiny hydraulick\u00e9 kapaliny. Je tak\u00e9 nezbytn\u00e9 dodr\u017eovat mont\u00e1\u017en\u00ed a provozn\u00ed pokyny v\u00fdrobce a pou\u017e\u00edvat kvalitn\u00ed hydraulick\u00fd olej.<\/p>\n<p><img decoding=\"async\" src=\"https:\/\/www.hydraulic-cylinders.net\/wp-content\/uploads\/2025\/01\/songte-chushion-collar.webp\" alt=\"Obr\u00e1zek obojku Chushion\"><\/p>\n<h2>Instala\u010dn\u00ed p\u0159\u00edru\u010dka<\/h2>\n<p>Dodr\u017eujte pokyny v\u00fdrobce k instalaci. Ujist\u011bte se, \u017ee je v\u00e1lec ramene spr\u00e1vn\u011b vyrovn\u00e1n a bezpe\u010dn\u011b p\u0159ipojen k hydraulick\u00e9mu syst\u00e9mu. Zkontrolujte t\u011bsnost a prove\u010fte zku\u0161ebn\u00ed provoz, abyste se ujistili o spr\u00e1vn\u00e9 funkci.<\/p>\n<p><img decoding=\"async\" src=\"https:\/\/www.hydraulic-cylinders.net\/wp-content\/uploads\/2025\/01\/songte-bushings-with-all-kinds-of-excavator-models.webp\" alt=\"Obr\u00e1zek pouzder\"><\/p>\n<h2>Bezpe\u010dnostn\u00ed aspekty a faktory prost\u0159ed\u00ed<\/h2>\n<p>P\u0159i pr\u00e1ci s v\u00e1lcem ramene je nezbytn\u00e9 dodr\u017eovat bezpe\u010dnostn\u00ed p\u0159edpisy a nosit vhodn\u00e9 osobn\u00ed ochrann\u00e9 prost\u0159edky, jako jsou rukavice a ochrann\u00e9 br\u00fdle. Spr\u00e1vn\u00e1 likvidace hydraulick\u00e9ho oleje a jeho sou\u010d\u00e1st\u00ed je nezbytn\u00e1 pro minimalizaci dopadu na \u017eivotn\u00ed prost\u0159ed\u00ed.<\/p>\n<h2>O n\u00e1s<\/h2>\n<p>Jsme profesion\u00e1ln\u00ed v\u00fdrobce n\u00e1hradn\u00edch hydraulick\u00fdch v\u00e1lc\u016f s \u0161irokou \u0161k\u00e1lou produkt\u016f. Stali jsme se jedn\u00edm z p\u0159edn\u00edch v\u00fdrobc\u016f a velkoobchodn\u00edch distributor\u016f hydraulick\u00fdch v\u00e1lc\u016f na dom\u00e1c\u00edm i mezin\u00e1rodn\u00edm trhu. V\u017edy se dr\u017e\u00edme z\u00e1sady vynikaj\u00edc\u00ed kvality a v na\u0161ich sofistikovan\u00fdch v\u00fdrobn\u00edch d\u00edln\u00e1ch se spol\u00e9h\u00e1me na industrializovan\u00e9 strategie \u0159\u00edzen\u00ed v\u00fdroby, abychom neust\u00e1le zlep\u0161ovali na\u0161i technologii a efektivitu v\u00fdroby. D\u00edky zav\u00e1d\u011bn\u00ed \u0161pi\u010dkov\u00e9ho digit\u00e1ln\u00edho v\u00fdrobn\u00edho za\u0159\u00edzen\u00ed a profesion\u00e1ln\u00edch testovac\u00edch syst\u00e9m\u016f m\u00e1me silnou inova\u010dn\u00ed kapacitu. Na\u0161\u00edm c\u00edlem je uspokojovat rozmanit\u00e9 pot\u0159eby z\u00e1kazn\u00edk\u016f s vysokou \u00fa\u010dinnost\u00ed, p\u0159esnost\u00ed a vysoce kvalitn\u00edmi produkty.<\/p>\n<p><img decoding=\"async\" src=\"https:\/\/www.hydraulic-cylinders.net\/wp-content\/uploads\/2025\/01\/songte-company-4.webp\" alt=\"Obr\u00e1zek spole\u010dnosti 4\"><br \/>\n<img decoding=\"async\" src=\"https:\/\/www.hydraulic-cylinders.net\/wp-content\/uploads\/2025\/01\/songte-company-3.webp\" alt=\"Obr\u00e1zek spole\u010dnosti 3\"><\/p>\n<p>Na\u0161e spole\u010dnost nab\u00edz\u00ed mimo jin\u00e9 slu\u017eby na m\u00edru, mezin\u00e1rodn\u00ed certifikace, profesion\u00e1ln\u00ed v\u00fdrobn\u00ed za\u0159\u00edzen\u00ed a kvalitn\u00ed poprodejn\u00ed slu\u017eby. Pro v\u00edce informac\u00ed n\u00e1s kontaktujte je\u0161t\u011b dnes.<\/p>\n<p>Autor: lyl.<\/p>","protected":false},"excerpt":{"rendered":"<p>Arm Cylinder For Jingong Crawler Excavator JCM915-LC Introduction The arm cylinder is a specially designed hydraulic cylinder that is primarily used to provide linear motion and power for various machine arms, such as excavators, cranes, and mechanical arms. The arm cylinder plays a critical role in the hydraulic system, enabling additional tools or attachments to [&hellip;]<\/p>","protected":false},"featured_media":14772,"comment_status":"open","ping_status":"closed","template":"","meta":{"_et_pb_use_builder":"","_et_pb_old_content":"","_et_gb_content_width":""},"product_brand":[],"product_cat":[1497],"product_tag":[1498,1496],"class_list":{"0":"post-16682","1":"product","2":"type-product","3":"status-publish","4":"has-post-thumbnail","6":"product_cat-arm-cylinders","7":"product_tag-arm-cylinders","8":"product_tag-hydraulic-cylinders","10":"first","11":"instock","12":"shipping-taxable","13":"product-type-simple"},"amp_enabled":true,"_links":{"self":[{"href":"https:\/\/www.hydraulic-cylinders.net\/cs\/wp-json\/wp\/v2\/product\/16682","targetHints":{"allow":["GET"]}}],"collection":[{"href":"https:\/\/www.hydraulic-cylinders.net\/cs\/wp-json\/wp\/v2\/product"}],"about":[{"href":"https:\/\/www.hydraulic-cylinders.net\/cs\/wp-json\/wp\/v2\/types\/product"}],"replies":[{"embeddable":true,"href":"https:\/\/www.hydraulic-cylinders.net\/cs\/wp-json\/wp\/v2\/comments?post=16682"}],"wp:featuredmedia":[{"embeddable":true,"href":"https:\/\/www.hydraulic-cylinders.net\/cs\/wp-json\/wp\/v2\/media\/14772"}],"wp:attachment":[{"href":"https:\/\/www.hydraulic-cylinders.net\/cs\/wp-json\/wp\/v2\/media?parent=16682"}],"wp:term":[{"taxonomy":"product_brand","embeddable":true,"href":"https:\/\/www.hydraulic-cylinders.net\/cs\/wp-json\/wp\/v2\/product_brand?post=16682"},{"taxonomy":"product_cat","embeddable":true,"href":"https:\/\/www.hydraulic-cylinders.net\/cs\/wp-json\/wp\/v2\/product_cat?post=16682"},{"taxonomy":"product_tag","embeddable":true,"href":"https:\/\/www.hydraulic-cylinders.net\/cs\/wp-json\/wp\/v2\/product_tag?post=16682"}],"curies":[{"name":"wp","href":"https:\/\/api.w.org\/{rel}","templated":true}]}}