{"id":16683,"date":"2025-01-21T05:46:43","date_gmt":"2025-01-21T05:46:43","guid":{"rendered":"https:\/\/www.hydraulic-cylinders.net\/product\/arm-cylinder-for-jingong-crawler-excavator-jcm923-lc\/"},"modified":"2025-01-21T05:46:44","modified_gmt":"2025-01-21T05:46:44","slug":"arm-cylinder-for-jingong-crawler-excavator-jcm923-lc","status":"publish","type":"product","link":"https:\/\/www.hydraulic-cylinders.net\/cs\/produkt\/arm-cylinder-for-jingong-crawler-excavator-jcm923-lc\/","title":{"rendered":"V\u00e1lec ramene pro p\u00e1sov\u00e9 rypadlo Jingong JCM923-LC"},"content":{"rendered":"<h1>V\u00e1lec ramene pro p\u00e1sov\u00e9 rypadlo Jingong JCM923-LC<\/h1>\n<p><img decoding=\"async\" src=\"https:\/\/www.hydraulic-cylinders.net\/wp-content\/uploads\/2025\/01\/songte-company-2.webp\" alt=\"Obr\u00e1zek v\u00e1lce ramene\"><\/p>\n<h2>Zaveden\u00ed<\/h2>\n<p>V\u00e1lec ramene je speci\u00e1ln\u011b navr\u017een\u00fd hydraulick\u00fd v\u00e1lec, kter\u00fd poskytuje line\u00e1rn\u00ed pohyb a s\u00edlu rameni r\u016fzn\u00fdch stroj\u016f, jako jsou bagry, je\u0159\u00e1by a robotick\u00e1 ramena. Hraje kl\u00ed\u010dovou roli v hydraulick\u00fdch syst\u00e9mech, proto\u017ee umo\u017e\u0148uje efektivn\u00ed pohyb a ovl\u00e1d\u00e1n\u00ed p\u0159\u00edslu\u0161enstv\u00ed nebo p\u0159\u00eddavn\u00fdch za\u0159\u00edzen\u00ed. Tyto v\u00e1lce nejen umo\u017e\u0148uj\u00ed plynul\u00fd pohyb, ale tak\u00e9 odol\u00e1vaj\u00ed t\u011b\u017ek\u00fdm z\u00e1t\u011b\u017e\u00edm, \u010d\u00edm\u017e zaji\u0161\u0165uj\u00ed efektivn\u00ed provoz a spolehlivost stroj\u016f za r\u016fzn\u00fdch pracovn\u00edch podm\u00ednek.<\/p>\n<h2>Vlastnosti produktu<\/h2>\n<ul>\n<li><strong>Vysoce \u00fa\u010dinn\u00fd p\u0159enos:<\/strong> V\u00e1lec ramene poskytuje siln\u00fd line\u00e1rn\u00ed pohyb a s\u00edlu, co\u017e zaji\u0161\u0165uje vysokou \u00fa\u010dinnost p\u0159i r\u016fzn\u00fdch operac\u00edch.<\/li>\n<li><strong>P\u0159esn\u00e9 ovl\u00e1d\u00e1n\u00ed:<\/strong> D\u00edky hydraulick\u00e9mu syst\u00e9mu dosahuje v\u00e1lec ramene p\u0159esn\u00e9ho \u0159\u00edzen\u00ed pohybu, co\u017e zvy\u0161uje flexibilitu a p\u0159esnost ovl\u00e1d\u00e1n\u00ed p\u0159ipojen\u00e9ho n\u00e1\u0159ad\u00ed.<\/li>\n<li><strong>Trvanlivost:<\/strong> V\u00e1lce ramen jsou obvykle vyrobeny z vysoce pevn\u00fdch materi\u00e1l\u016f, kter\u00e9 nab\u00edzej\u00ed vynikaj\u00edc\u00ed odolnost proti opot\u0159eben\u00ed a korozi, a jsou vhodn\u00e9 pro dlouhodob\u00e9 pou\u017e\u00edv\u00e1n\u00ed v n\u00e1ro\u010dn\u00fdch podm\u00ednk\u00e1ch.<\/li>\n<li><strong>Multifunk\u010dn\u00ed p\u0159izp\u016fsobivost:<\/strong> Tyto v\u00e1lce lze \u0161iroce pou\u017e\u00edt v r\u016fzn\u00fdch strojn\u00edch za\u0159\u00edzen\u00edch, jako jsou bagry, je\u0159\u00e1by a robotick\u00e1 ramena, a vyhov\u011bt tak r\u016fzn\u00fdm po\u017eadavk\u016fm na pr\u00e1ci.<\/li>\n<li><strong>Snadn\u00e1 \u00fadr\u017eba:<\/strong> Konstrukce zohled\u0148uje snadnou \u00fadr\u017ebu a v\u00fdm\u011bnu, co\u017e usnad\u0148uje pravideln\u00e9 kontroly a \u00fadr\u017ebu a zkracuje prostoje za\u0159\u00edzen\u00ed.<\/li>\n<\/ul>\n<p><img decoding=\"async\" src=\"https:\/\/www.hydraulic-cylinders.net\/wp-content\/uploads\/2025\/01\/songte-oil-pipes-and-spare-parts.webp\" alt=\"Obr\u00e1zek produktu\"><\/p>\n<h2>Aplikace<\/h2>\n<p>Rameno v\u00e1lce nach\u00e1z\u00ed uplatn\u011bn\u00ed v r\u016fzn\u00fdch pr\u016fmyslov\u00fdch odv\u011btv\u00edch:<\/p>\n<ul>\n<li><strong>Stavebn\u00ed in\u017een\u00fdrstv\u00ed:<\/strong> U bagr\u016f a je\u0159\u00e1b\u016f ovl\u00e1d\u00e1 v\u00e1lec ramene pohyb l\u017e\u00edce nebo v\u00fdlo\u017en\u00edku pro zemn\u00ed pr\u00e1ce, manipulaci s materi\u00e1lem a mont\u00e1\u017e konstrukc\u00ed.<\/li>\n<li><strong>V\u00fdrobn\u00ed:<\/strong> V automatizovan\u00fdch v\u00fdrobn\u00edch link\u00e1ch se v\u00e1lec ramene pou\u017e\u00edv\u00e1 k pohybu robotick\u00fdch ramen, co\u017e umo\u017e\u0148uje procesy, jako je mont\u00e1\u017e, sva\u0159ov\u00e1n\u00ed a manipulace s materi\u00e1lem, a t\u00edm zvy\u0161uje efektivitu a p\u0159esnost v\u00fdroby.<\/li>\n<li><strong>Zem\u011bd\u011blsk\u00e9 stroje:<\/strong> V zem\u011bd\u011blsk\u00fdch stroj\u00edch, jako jsou skl\u00edzec\u00ed a s\u00e1zec\u00ed stroje, \u0159\u00edd\u00ed v\u00e1lec ramene pohyb ovl\u00e1dac\u00edch ramen pro \u00fakoly, jako je set\u00ed, hnojen\u00ed a sklize\u0148.<\/li>\n<li><strong>Hornictv\u00ed:<\/strong> V t\u011b\u017eebn\u00edm za\u0159\u00edzen\u00ed \u0159\u00edd\u00ed v\u00e1lec ramene pohyb ramene t\u011b\u017eebn\u00edho stroje pro t\u011b\u017ebu a p\u0159epravu rudy.<\/li>\n<li><strong>Logistika a doprava:<\/strong> U vysokozdvi\u017en\u00fdch voz\u00edk\u016f a manipula\u010dn\u00edch robot\u016f ovl\u00e1d\u00e1 v\u00e1lec ramene zved\u00e1n\u00ed a pohyb vidlic, co\u017e usnad\u0148uje manipulaci s materi\u00e1lem a jeho stohov\u00e1n\u00ed.<\/li>\n<\/ul>\n<p><img decoding=\"async\" src=\"https:\/\/www.hydraulic-cylinders.net\/wp-content\/uploads\/2025\/01\/songte-cylinder-head-with-all-kinds-excavator-models.webp\" alt=\"Obr\u00e1zek produktu\"><\/p>\n<h2>Konstruk\u010dn\u00ed aspekty a krit\u00e9ria v\u00fdb\u011bru<\/h2>\n<ul>\n<li><strong>Nosnost:<\/strong> Schopnost v\u00e1lce ramene odol\u00e1vat zat\u00ed\u017een\u00ed je kl\u00ed\u010dov\u00fdm konstruk\u010dn\u00edm hlediskem.<\/li>\n<li><strong>T\u011bsn\u011bn\u00ed:<\/strong> Pou\u017e\u00edvaj\u00ed se r\u016fzn\u00e9 t\u011bsnic\u00ed prvky, jako jsou t\u011bsn\u011bn\u00ed p\u00edst\u016f a p\u00edstnic, s vyu\u017eit\u00edm materi\u00e1l\u016f odoln\u00fdch proti opot\u0159eben\u00ed, jako je polyuretan a nitrilov\u00e1 pry\u017e.<\/li>\n<li><strong>Trvanlivost:<\/strong> T\u011bleso v\u00e1lce a z\u00e1vitov\u00fd \u010deln\u00ed povrch proch\u00e1zej\u00ed p\u0159esn\u00fdm zpracov\u00e1n\u00edm pro zlep\u0161en\u00ed odolnosti proti opot\u0159eben\u00ed.<\/li>\n<li><strong>Bezpe\u010dnost:<\/strong> Jsou zavedena bezpe\u010dnostn\u00ed opat\u0159en\u00ed k zaji\u0161t\u011bn\u00ed bezpe\u010dn\u00e9ho provozu v\u00e1lce ramene.<\/li>\n<li><strong>\u00dadr\u017eba:<\/strong> Pro spr\u00e1vnou \u00fadr\u017ebu je nezbytn\u00e9 pravideln\u00e9 maz\u00e1n\u00ed hydraulick\u00fdm olejem a pravideln\u00e9 kontroly.<\/li>\n<\/ul>\n<p><img decoding=\"async\" src=\"https:\/\/www.hydraulic-cylinders.net\/wp-content\/uploads\/2025\/01\/songte-chushion-collar.webp\" alt=\"Obr\u00e1zek produktu\"><\/p>\n<h2>Inspekce a preventivn\u00ed \u00fadr\u017eba<\/h2>\n<ul>\n<li>Pravideln\u011b kontrolujte v\u00e1lec ramene, zda nevykazuje zn\u00e1mky net\u011bsnosti, opot\u0159eben\u00ed nebo po\u0161kozen\u00ed.<\/li>\n<li>Zajist\u011bte spr\u00e1vn\u00e9 maz\u00e1n\u00ed v\u00e1lce doporu\u010den\u00fdm hydraulick\u00fdm olejem.<\/li>\n<li>Zkontrolujte t\u011bsnost spoj\u016f a upev\u0148ovac\u00edch prvk\u016f.<\/li>\n<li>Prov\u00e1d\u011bjte preventivn\u00ed \u00fadr\u017ebu podle pokyn\u016f v\u00fdrobce.<\/li>\n<li>Sledujte v\u00fdkon v\u00e1lce ramene a v p\u0159\u00edpad\u011b jak\u00fdchkoli probl\u00e9m\u016f neprodlen\u011b podnikn\u011bte nezbytn\u00e9 kroky.<\/li>\n<\/ul>\n<h2>Pr\u016fvodce instalac\u00ed produktu<\/h2>\n<p>Spr\u00e1vn\u00e1 instalace v\u00e1lce ramene je kl\u00ed\u010dov\u00e1 pro optim\u00e1ln\u00ed v\u00fdkon:<\/p>\n<ul>\n<li>P\u0159ed instalac\u00ed se ujist\u011bte, \u017ee je za\u0159\u00edzen\u00ed vypnuto a ve\u0161ker\u00fd hydraulick\u00fd tlak je uvoln\u011bn.<\/li>\n<li>Pro bezpe\u010dn\u00e9 upevn\u011bn\u00ed v\u00e1lce ramene dodr\u017eujte pokyny v\u00fdrobce.<\/li>\n<li>Zkontrolujte zarovn\u00e1n\u00ed a prove\u010fte pot\u0159ebn\u00e1 nastaven\u00ed pro hladk\u00fd chod.<\/li>\n<li>Hydraulick\u00e9 potrub\u00ed p\u0159ipojte spr\u00e1vn\u011b podle p\u0159ilo\u017een\u00fdch sch\u00e9mat nebo pokyn\u016f.<\/li>\n<li>Po instalaci otestujte v\u00e1lec ramene, abyste zajistili jeho spr\u00e1vnou funk\u010dnost.<\/li>\n<\/ul>\n<p><img decoding=\"async\" src=\"https:\/\/www.hydraulic-cylinders.net\/wp-content\/uploads\/2025\/01\/songte-bushings-with-all-kinds-of-excavator-models.webp\" alt=\"Obr\u00e1zek produktu\"><\/p>\n<h2>Bezpe\u010dnostn\u00ed aspekty a faktory prost\u0159ed\u00ed<\/h2>\n<p>P\u0159i pou\u017e\u00edv\u00e1n\u00ed v\u00e1lce s ramenem je nanejv\u00fd\u0161 d\u016fle\u017eit\u00e9 dodr\u017eovat bezpe\u010dnostn\u00ed opat\u0159en\u00ed:<\/p>\n<ul>\n<li>Dodr\u017eujte v\u0161echny bezpe\u010dnostn\u00ed pokyny stanoven\u00e9 v\u00fdrobcem za\u0159\u00edzen\u00ed.<\/li>\n<li>Zajist\u011bte \u0159\u00e1dn\u00e9 \u0161kolen\u00ed a kvalifikaci obsluhy obsluhuj\u00edc\u00ed strojn\u00ed za\u0159\u00edzen\u00ed.<\/li>\n<li>Pravideln\u011b kontrolujte v\u00e1lec ramene, zda nevykazuje zn\u00e1mky opot\u0159eben\u00ed, po\u0161kozen\u00ed nebo poruchy.<\/li>\n<li>Pou\u017eit\u00fd hydraulick\u00fd olej a dal\u0161\u00ed odpadn\u00ed materi\u00e1ly zlikvidujte zodpov\u011bdn\u011b v souladu s p\u0159edpisy na ochranu \u017eivotn\u00edho prost\u0159ed\u00ed.<\/li>\n<li>Zave\u010fte opat\u0159en\u00ed k minimalizaci dopadu na \u017eivotn\u00ed prost\u0159ed\u00ed, jako je \u0159\u00e1dn\u00e9 zadr\u017eov\u00e1n\u00ed tekutin a prevence \u00faniku.<\/li>\n<\/ul>\n<p><img decoding=\"async\" src=\"https:\/\/www.hydraulic-cylinders.net\/wp-content\/uploads\/2025\/01\/songte-company-4.webp\" alt=\"Image spole\u010dnosti\"><img decoding=\"async\" src=\"https:\/\/www.hydraulic-cylinders.net\/wp-content\/uploads\/2025\/01\/songte-company-3.webp\" alt=\"Image spole\u010dnosti\"><\/p>\n<p>Autor: lyl<\/p>\n<p>Jsme profesion\u00e1ln\u00ed v\u00fdrobce n\u00e1hradn\u00edch hydraulick\u00fdch v\u00e1lc\u016f a nab\u00edz\u00edme \u0161irokou \u0161k\u00e1lu produkt\u016f. Stali jsme se jedn\u00edm z p\u0159edn\u00edch v\u00fdrobc\u016f a velkoobchodn\u00edch distributor\u016f na dom\u00e1c\u00edm i mezin\u00e1rodn\u00edm trhu. Se z\u00e1vazkem k vynikaj\u00edc\u00ed kvalit\u011b neust\u00e1le zlep\u0161ujeme na\u0161i technologickou \u00farove\u0148 a efektivitu v\u00fdroby prost\u0159ednictv\u00edm strategie industrializovan\u00e9ho \u0159\u00edzen\u00ed v\u00fdroby v na\u0161\u00ed sofistikovan\u00e9 v\u00fdrobn\u00ed d\u00edln\u011b. Zav\u00e1d\u011bn\u00edm pokro\u010dil\u00e9ho digit\u00e1ln\u00edho v\u00fdrobn\u00edho za\u0159\u00edzen\u00ed a profesion\u00e1ln\u00edch testovac\u00edch syst\u00e9m\u016f optimalizujeme na\u0161i v\u00fdrobn\u00ed platformu a vylep\u0161ujeme procesy kontroly kvality v\u00fdrobk\u016f, \u010d\u00edm\u017e prokazujeme siln\u00e9 inova\u010dn\u00ed schopnosti. Na\u0161\u00edm c\u00edlem je uspokojovat rozmanit\u00e9 pot\u0159eby z\u00e1kazn\u00edk\u016f s principy efektivity, p\u0159esnosti a vysok\u00e9 kvality.<\/p>\n<p>Dal\u0161\u00ed informace o spole\u010dnosti:<\/p>\n<ul>\n<li>Odborn\u00e9 znalosti v oblasti v\u00fdroby hydraulick\u00fdch v\u00e1lc\u016f<\/li>\n<li>Mezin\u00e1rodn\u00ed certifikace prokazuj\u00edc\u00ed kvalitu produkt\u016f<\/li>\n<li>Slu\u017eby p\u0159izp\u016fsoben\u00ed specifick\u00fdm po\u017eadavk\u016fm<\/li>\n<li>Pokro\u010dil\u00e9 v\u00fdrobn\u00ed za\u0159\u00edzen\u00ed<\/li>\n<li>Komplexn\u00ed poprodejn\u00ed servis<\/li>\n<\/ul>\n<p><img decoding=\"async\" src=\"https:\/\/www.hydraulic-cylinders.net\/wp-content\/uploads\/2025\/01\/songte-company-4.webp\" alt=\"Image spole\u010dnosti\"><img decoding=\"async\" src=\"https:\/\/www.hydraulic-cylinders.net\/wp-content\/uploads\/2025\/01\/songte-company-3.webp\" alt=\"Image spole\u010dnosti\"><\/p>","protected":false},"excerpt":{"rendered":"<p>Arm Cylinder For Jingong Crawler Excavator JCM923-LC Introduction The arm cylinder is a specially designed hydraulic cylinder that provides linear motion and power to the arm of various machinery, such as excavators, cranes, and robotic arms. It plays a critical role in hydraulic systems, allowing for efficient movement and control of attachments or accessories. These [&hellip;]<\/p>","protected":false},"featured_media":14770,"comment_status":"open","ping_status":"closed","template":"","meta":{"_et_pb_use_builder":"","_et_pb_old_content":"","_et_gb_content_width":""},"product_brand":[],"product_cat":[1497],"product_tag":[1498,1496],"class_list":{"0":"post-16683","1":"product","2":"type-product","3":"status-publish","4":"has-post-thumbnail","6":"product_cat-arm-cylinders","7":"product_tag-arm-cylinders","8":"product_tag-hydraulic-cylinders","10":"first","11":"instock","12":"shipping-taxable","13":"product-type-simple"},"amp_enabled":true,"_links":{"self":[{"href":"https:\/\/www.hydraulic-cylinders.net\/cs\/wp-json\/wp\/v2\/product\/16683","targetHints":{"allow":["GET"]}}],"collection":[{"href":"https:\/\/www.hydraulic-cylinders.net\/cs\/wp-json\/wp\/v2\/product"}],"about":[{"href":"https:\/\/www.hydraulic-cylinders.net\/cs\/wp-json\/wp\/v2\/types\/product"}],"replies":[{"embeddable":true,"href":"https:\/\/www.hydraulic-cylinders.net\/cs\/wp-json\/wp\/v2\/comments?post=16683"}],"wp:featuredmedia":[{"embeddable":true,"href":"https:\/\/www.hydraulic-cylinders.net\/cs\/wp-json\/wp\/v2\/media\/14770"}],"wp:attachment":[{"href":"https:\/\/www.hydraulic-cylinders.net\/cs\/wp-json\/wp\/v2\/media?parent=16683"}],"wp:term":[{"taxonomy":"product_brand","embeddable":true,"href":"https:\/\/www.hydraulic-cylinders.net\/cs\/wp-json\/wp\/v2\/product_brand?post=16683"},{"taxonomy":"product_cat","embeddable":true,"href":"https:\/\/www.hydraulic-cylinders.net\/cs\/wp-json\/wp\/v2\/product_cat?post=16683"},{"taxonomy":"product_tag","embeddable":true,"href":"https:\/\/www.hydraulic-cylinders.net\/cs\/wp-json\/wp\/v2\/product_tag?post=16683"}],"curies":[{"name":"wp","href":"https:\/\/api.w.org\/{rel}","templated":true}]}}