{"id":16693,"date":"2025-01-21T05:47:27","date_gmt":"2025-01-21T05:47:27","guid":{"rendered":"https:\/\/www.hydraulic-cylinders.net\/product\/arm-cylinder-for-jchi-ns55r-8\/"},"modified":"2025-01-21T05:47:29","modified_gmt":"2025-01-21T05:47:29","slug":"arm-cylinder-for-jchi-ns55r-8","status":"publish","type":"product","link":"https:\/\/www.hydraulic-cylinders.net\/cs\/produkt\/arm-cylinder-for-jchi-ns55r-8\/","title":{"rendered":"V\u00e1lec ramene pro JCHI NS55R-8"},"content":{"rendered":"<h2>Zaveden\u00ed<\/h2>\n<h3>V\u00e1lec ramene pro JCHI NS55R-8<\/h3>\n<p>Hydraulick\u00fd v\u00e1lec ramene pro JCHI NS55R-8 je specializovan\u00fd hydraulick\u00fd v\u00e1lec ur\u010den\u00fd k zaji\u0161t\u011bn\u00ed line\u00e1rn\u00edho pohybu a v\u00fdkonu ramen r\u016fzn\u00fdch typ\u016f stroj\u016f, jako jsou bagry, je\u0159\u00e1by a mechanick\u00e1 ramena. V\u00e1lce ramen hraj\u00ed kl\u00ed\u010dovou roli v hydraulick\u00fdch syst\u00e9mech, proto\u017ee umo\u017e\u0148uj\u00ed efektivn\u00ed pohyb a ovl\u00e1d\u00e1n\u00ed p\u0159\u00edslu\u0161enstv\u00ed a p\u0159\u00eddavn\u00fdch za\u0159\u00edzen\u00ed. Tyto v\u00e1lce nejen\u017ee zaji\u0161\u0165uj\u00ed plynul\u00fd pohyb, ale tak\u00e9 odol\u00e1vaj\u00ed t\u011b\u017ek\u00fdm z\u00e1t\u011b\u017e\u00edm, co\u017e zaji\u0161\u0165uje efektivn\u00ed provoz a spolehlivost stroj\u016f za r\u016fzn\u00fdch provozn\u00edch podm\u00ednek.<\/p>\n<p><img decoding=\"async\" src=\"https:\/\/www.hydraulic-cylinders.net\/wp-content\/uploads\/2025\/01\/songte-company-2.webp\" alt=\"V\u00e1lec ramene pro JCHI NS55R-8\"\/><\/p>\n<h2>Vlastnosti produktu<\/h2>\n<h3>Vysoce \u00fa\u010dinn\u00fd p\u0159enos v\u00fdkonu<\/h3>\n<p>V\u00e1lec ramene m\u016f\u017ee poskytovat siln\u00fd line\u00e1rn\u00ed pohyb a s\u00edlu, co\u017e zaji\u0161\u0165uje vysokou \u00fa\u010dinnost mechanick\u00e9ho ramene v r\u016fzn\u00fdch operac\u00edch.<\/p>\n<h3>P\u0159esn\u00e9 ovl\u00e1d\u00e1n\u00ed<\/h3>\n<p>D\u00edky hydraulick\u00e9mu syst\u00e9mu m\u016f\u017ee v\u00e1lec ramene dos\u00e1hnout p\u0159esn\u00e9ho ovl\u00e1d\u00e1n\u00ed pohybu, co\u017e zvy\u0161uje flexibilitu a p\u0159esnost ovl\u00e1d\u00e1n\u00ed p\u0159\u00edslu\u0161enstv\u00ed.<\/p>\n<h3>Trvanlivost<\/h3>\n<p>V\u00e1lec ramene je obvykle vyroben z vysoce pevn\u00fdch materi\u00e1l\u016f s dobrou odolnost\u00ed proti opot\u0159eben\u00ed a korozi, vhodn\u00fdch pro dlouhodob\u00e9 pou\u017eit\u00ed v n\u00e1ro\u010dn\u00fdch podm\u00ednk\u00e1ch.<\/p>\n<h3>Multifunk\u010dn\u00ed p\u0159izp\u016fsobivost<\/h3>\n<p>Tyto v\u00e1lce lze \u0161iroce pou\u017e\u00edvat v r\u016fzn\u00fdch typech stroj\u016f, jako jsou bagry, je\u0159\u00e1by a mechanick\u00e1 ramena, aby se p\u0159izp\u016fsobily r\u016fzn\u00fdm provozn\u00edm pot\u0159eb\u00e1m.<\/p>\n<h3>Snadn\u00e1 \u00fadr\u017eba<\/h3>\n<p>Konstrukce v\u00e1lce ramene bere v \u00favahu snadnou \u00fadr\u017ebu a v\u00fdm\u011bnu, co\u017e usnad\u0148uje pravidelnou kontrolu a \u00fadr\u017ebu a zkracuje prostoje za\u0159\u00edzen\u00ed.<\/p>\n<p><img decoding=\"async\" src=\"https:\/\/www.hydraulic-cylinders.net\/wp-content\/uploads\/2025\/01\/songte-oil-pipes-and-spare-parts.webp\" alt=\"N\u00e1hradn\u00ed d\u00edly pro v\u00e1lce ramene\"\/><\/p>\n<h2>Aplikace<\/h2>\n<h3>Konstrukce<\/h3>\n<p>U bagr\u016f a je\u0159\u00e1b\u016f se v\u00e1lec ramene pou\u017e\u00edv\u00e1 k ovl\u00e1d\u00e1n\u00ed pohybu l\u017e\u00edce nebo v\u00fdlo\u017en\u00edku pro zemn\u00ed pr\u00e1ce, manipulaci s materi\u00e1lem a mont\u00e1\u017e konstrukc\u00ed.<\/p>\n<h3>V\u00fdrobn\u00ed<\/h3>\n<p>V automatizovan\u00fdch v\u00fdrobn\u00edch link\u00e1ch se v\u00e1lec ramene pou\u017e\u00edv\u00e1 pro pohyb mechanick\u00fdch ramen p\u0159i mont\u00e1\u017en\u00edch, sva\u0159ovac\u00edch a manipula\u010dn\u00edch procesech, co\u017e zvy\u0161uje efektivitu a p\u0159esnost v\u00fdroby.<\/p>\n<h3>Zem\u011bd\u011blsk\u00e9 stroje<\/h3>\n<p>V zem\u011bd\u011blsk\u00fdch stroj\u00edch, jako jsou skl\u00edzec\u00ed a sec\u00ed stroje, \u0159\u00edd\u00ed v\u00e1lec ramene pohyb ovl\u00e1dac\u00edho ramene pro prov\u00e1d\u011bn\u00ed \u00fakol\u016f, jako je set\u00ed, hnojen\u00ed a sklize\u0148.<\/p>\n<h3>Hornictv\u00ed<\/h3>\n<p>V t\u011b\u017eebn\u00edch za\u0159\u00edzen\u00edch se v\u00e1lec ramene pou\u017e\u00edv\u00e1 k ovl\u00e1d\u00e1n\u00ed pohybu ramene t\u011b\u017eebn\u00edho za\u0159\u00edzen\u00ed pro t\u011b\u017ebu a manipulaci s rudou.<\/p>\n<h3>Logistika a doprava<\/h3>\n<p>U vysokozdvi\u017en\u00fdch voz\u00edk\u016f a manipula\u010dn\u00edch robot\u016f se v\u00e1lec ramene pou\u017e\u00edv\u00e1 k ovl\u00e1d\u00e1n\u00ed zved\u00e1n\u00ed a pohybu n\u00e1kladu, k realizaci manipulace s materi\u00e1lem a jeho stohov\u00e1n\u00ed.<\/p>\n<p><img decoding=\"async\" src=\"https:\/\/www.hydraulic-cylinders.net\/wp-content\/uploads\/2025\/01\/songte-chushion-collar.webp\" alt=\"Obj\u00edmka s pol\u0161t\u00e1\u0159em pa\u017ee\"\/><\/p>\n<h2>Konstruk\u010dn\u00ed aspekty a krit\u00e9ria v\u00fdb\u011bru<\/h2>\n<h3>\u00danosnost<\/h3>\n<p>Nosnost v\u00e1lce ramene je kl\u00ed\u010dov\u00fdm faktorem, kter\u00fd zaji\u0161\u0165uje, \u017ee vydr\u017e\u00ed hmotnost a s\u00edlu p\u0159ipojen\u00e9ho n\u00e1\u0159ad\u00ed nebo p\u0159\u00edslu\u0161enstv\u00ed.<\/p>\n<h3>T\u011bsn\u011bn\u00ed<\/h3>\n<p>V\u00e1lec ramene pou\u017e\u00edv\u00e1 r\u016fzn\u00e9 t\u011bsnic\u00ed prvky, jako jsou t\u011bsn\u011bn\u00ed p\u00edstu, t\u011bsn\u011bn\u00ed p\u00edstnice a st\u00edrac\u00ed t\u011bsn\u011bn\u00ed. Tyto komponenty jsou vyrobeny z materi\u00e1l\u016f odoln\u00fdch proti opot\u0159eben\u00ed, jako je polyuretan a nitrilov\u00e1 pry\u017e, co\u017e zaji\u0161\u0165uj\u00ed vynikaj\u00edc\u00ed t\u011bsnic\u00ed v\u00fdkon.<\/p>\n<h3>Trvanlivost<\/h3>\n<p>Trvanlivost v\u00e1lce s ramenem je z\u00e1sadn\u00ed, proto\u017ee se obvykle pou\u017e\u00edv\u00e1 v n\u00e1ro\u010dn\u00fdch podm\u00ednk\u00e1ch. Je vyroben z vysoce pevn\u00fdch materi\u00e1l\u016f a pro\u0161el povrchovou \u00fapravou pro zv\u00fd\u0161en\u00ed odolnosti proti opot\u0159eben\u00ed a korozi.<\/p>\n<h3>Bezpe\u010dnost<\/h3>\n<p>Bezpe\u010dnost v\u00e1lce s ramenem je zaji\u0161t\u011bna pou\u017eit\u00edm pojistn\u00fdch ventil\u016f, kter\u00e9 zabra\u0148uj\u00ed n\u00e1hl\u00fdm pokles\u016fm tlaku, a pou\u017eit\u00ed tlumic\u00edch obj\u00edmek pom\u00e1h\u00e1 zabr\u00e1nit po\u0161kozen\u00ed v\u00e1lce nebo stroje v p\u0159\u00edpad\u011b n\u00e1hodn\u00e9ho n\u00e1razu. <\/p>\n<h3>Udr\u017eovatelnost<\/h3>\n<p>Konstrukce v\u00e1lce ramene bere v \u00favahu snadnou \u00fadr\u017ebu a v\u00fdm\u011bnu sou\u010d\u00e1st\u00ed, co\u017e usnad\u0148uje pravideln\u00e9 kontroly a \u00fadr\u017ebu a zkracuje prostoje za\u0159\u00edzen\u00ed.<\/p>\n<p><img decoding=\"async\" src=\"https:\/\/www.hydraulic-cylinders.net\/wp-content\/uploads\/2025\/01\/songte-cylinder-head-with-all-kinds-excavator-models.webp\" alt=\"Rameno hlavy v\u00e1lc\u016f\"\/><\/p>\n<h2>T\u011bsn\u011bn\u00ed a maz\u00e1n\u00ed<\/h2>\n<p>V\u00e1lec ramene pou\u017e\u00edv\u00e1 r\u016fzn\u00e9 t\u011bsnic\u00ed prvky, jako jsou t\u011bsn\u011bn\u00ed p\u00edstu, t\u011bsn\u011bn\u00ed p\u00edstnice a st\u00edrac\u00ed t\u011bsn\u011bn\u00ed. Tyto t\u011bsnic\u00ed prvky jsou vyrobeny z materi\u00e1l\u016f odoln\u00fdch proti opot\u0159eben\u00ed, jako je polyuretan a nitrilov\u00e1 pry\u017e, co\u017e zaji\u0161\u0165uj\u00ed vynikaj\u00edc\u00ed t\u011bsnic\u00ed vlastnosti. Hlava v\u00e1lce a p\u00edstnice jsou o\u0161et\u0159eny pro zv\u00fd\u0161en\u00ed jejich odolnosti proti opot\u0159eben\u00ed a korozi. Pro zaji\u0161t\u011bn\u00ed spr\u00e1vn\u00e9ho maz\u00e1n\u00ed v\u00e1lce je nutn\u00e9 pravideln\u00e9 dopl\u0148ov\u00e1n\u00ed hydraulick\u00e9ho oleje.<\/p>\n<h2>Inspekce a preventivn\u00ed \u00fadr\u017eba<\/h2>\n<h3>Inspekce<\/h3>\n<p>Pravideln\u00e1 kontrola v\u00e1lce ramene zahrnuje kontrolu t\u011bsnic\u00edch prvk\u016f a hlavy v\u00e1lc\u016f a p\u00edstnice, zda nejsou opot\u0159ebovan\u00e9 nebo po\u0161kozen\u00e9. Tak\u00e9 kontrolujte spr\u00e1vnou funkci pojistn\u00fdch ventil\u016f a tlumi\u010d\u016f.<\/p>\n<h3>Preventivn\u00ed \u00fadr\u017eba<\/h3>\n<p>Preventivn\u00ed \u00fadr\u017eba v\u00e1lce ramene zahrnuje v\u00fdm\u011bnu opot\u0159ebovan\u00fdch nebo po\u0161kozen\u00fdch t\u011bsnic\u00edch prvk\u016f, hlavy v\u00e1lc\u016f a p\u00edstnice nebo pojistn\u00fdch ventil\u016f a tlumi\u010d\u016f. Pravideln\u00e9 dopl\u0148ov\u00e1n\u00ed hydraulick\u00e9ho oleje je nezbytn\u00e9 pro zaji\u0161t\u011bn\u00ed spr\u00e1vn\u00e9ho maz\u00e1n\u00ed v\u00e1lce.<\/p>\n<h2>Instala\u010dn\u00ed p\u0159\u00edru\u010dka<\/h2>\n<p>V\u00e1lec ramene by m\u011bl instalovat kvalifikovan\u00fd technik. P\u0159ed instalac\u00ed zkontrolujte v\u00e1lec ramene a jeho sou\u010d\u00e1sti, zda nejsou po\u0161kozen\u00e9 nebo opot\u0159ebovan\u00e9. Nainstalujte v\u00e1lec podle pokyn\u016f v\u00fdrobce a ujist\u011bte se, \u017ee jsou hydraulick\u00e9 spoje \u0159\u00e1dn\u011b uta\u017een\u00e9. Po instalaci zkontrolujte, zda v\u00e1lec spr\u00e1vn\u011b funguje, a dopl\u0148te hydraulick\u00fd olej na odpov\u00eddaj\u00edc\u00ed hladinu.<\/p>\n<p><img decoding=\"async\" src=\"https:\/\/www.hydraulic-cylinders.net\/wp-content\/uploads\/2025\/01\/songte-bushings-with-all-kinds-of-excavator-models.webp\" alt=\"Pouzdra v\u00e1lc\u016f ramen\"\/><\/p>\n<h2>Bezpe\u010dnostn\u00ed aspekty a faktory prost\u0159ed\u00ed<\/h2>\n<p>P\u0159i pou\u017e\u00edv\u00e1n\u00ed v\u00e1lce s ramenem je nezbytn\u00e9 dodr\u017eovat bezpe\u010dnostn\u00ed pokyny a p\u0159edpisy v\u00fdrobce. Pravideln\u00e1 kontrola a \u00fadr\u017eba v\u00e1lce jsou nezbytn\u00e9 pro zaji\u0161t\u011bn\u00ed bezpe\u010dn\u00e9ho provozu. V\u00e1lec s ramenem by m\u011bl b\u00fdt zlikvidov\u00e1n v souladu s p\u0159edpisy a pokyny na ochranu \u017eivotn\u00edho prost\u0159ed\u00ed v m\u00edst\u011b, kde je pou\u017e\u00edv\u00e1n.<\/p>\n<h2>Odstra\u0148ov\u00e1n\u00ed probl\u00e9m\u016f a b\u011b\u017en\u00e9 probl\u00e9my<\/h2>\n<h3>Odstra\u0148ov\u00e1n\u00ed probl\u00e9m\u016f<\/h3>\n<p>Pokud se vyskytne probl\u00e9m s v\u00e1lcem ramene, zkontrolujte hydraulick\u00fd syst\u00e9m, zda nefunguje nespr\u00e1vn\u011b nebo zda nedoch\u00e1z\u00ed k \u00faniku. Zkontrolujte tak\u00e9 v\u00e1lec a jeho sou\u010d\u00e1sti, zda nejsou opot\u0159ebovan\u00e9 nebo po\u0161kozen\u00e9.<\/p>\n<h3>B\u011b\u017en\u00e9 probl\u00e9my<\/h3>\n<ul>\n<li>\u00danik z v\u00e1lce<\/li>\n<li>Abnorm\u00e1ln\u00ed hluk b\u011bhem provozu<\/li>\n<li>Obt\u00ed\u017ee s pohybem pa\u017ee<\/li>\n<\/ul>\n<h3>\u0158e\u0161en\u00ed<\/h3>\n<p>Pokud se vyskytne probl\u00e9m s v\u00e1lcem ramene, vym\u011b\u0148te opot\u0159ebovan\u00e9 nebo po\u0161kozen\u00e9 sou\u010d\u00e1sti, jako jsou t\u011bsnic\u00ed prvky, hlava a p\u00edstnice v\u00e1lc\u016f nebo pojistn\u00e9 ventily a tlumi\u010de. Zkontrolujte spr\u00e1vnou funkci hydraulick\u00e9ho syst\u00e9mu a dopl\u0148te olej na odpov\u00eddaj\u00edc\u00ed hladinu. <\/p>\n<h2>O n\u00e1s<\/h2>\n<p>Jsme profesion\u00e1ln\u00ed v\u00fdrobce n\u00e1hradn\u00edch hydraulick\u00fdch v\u00e1lc\u016f, nab\u00edz\u00edme \u0161irokou \u0161k\u00e1lu produkt\u016f a st\u00e1v\u00e1me se jedn\u00edm z p\u0159edn\u00edch v\u00fdrobc\u016f a velkoobchodn\u00edch distributor\u016f hydraulick\u00fdch v\u00e1lc\u016f na dom\u00e1c\u00edm i mezin\u00e1rodn\u00edm trhu. Dodr\u017eujeme principy vynikaj\u00edc\u00ed kvality a neust\u00e1l\u00e9ho zlep\u0161ov\u00e1n\u00ed. Spol\u00e9h\u00e1me na strategii \u0159\u00edzen\u00ed pr\u016fmyslov\u00e9 v\u00fdroby sofistikovan\u00e9 v\u00fdrobn\u00ed d\u00edlny, abychom neust\u00e1le zlep\u0161ovali na\u0161i technologickou \u00farove\u0148 a efektivitu v\u00fdroby. Zav\u00e1d\u011bn\u00edm \u0161pi\u010dkov\u00e9ho digit\u00e1ln\u00edho v\u00fdrobn\u00edho za\u0159\u00edzen\u00ed a profesion\u00e1ln\u00edch detek\u010dn\u00edch syst\u00e9m\u016f optimalizujeme v\u00fdrobn\u00ed platformu, zlep\u0161ujeme proces kontroly kvality v\u00fdrobk\u016f a m\u00e1me siln\u00e9 inova\u010dn\u00ed schopnosti. Na\u0161\u00edm c\u00edlem je uspokojovat rozmanit\u00e9 pot\u0159eby z\u00e1kazn\u00edk\u016f s principy vysok\u00e9 efektivity, p\u0159esnosti a vysok\u00e9 kvality.<\/p>\n<p><img decoding=\"async\" src=\"https:\/\/www.hydraulic-cylinders.net\/wp-content\/uploads\/2025\/01\/songte-company-4.webp\" alt=\"Spole\u010dnost 4\" \/><br \/>\n<img decoding=\"async\" src=\"https:\/\/www.hydraulic-cylinders.net\/wp-content\/uploads\/2025\/01\/songte-company-3.webp\" alt=\"Spole\u010dnost 3\" \/><\/p>\n<p>Nab\u00edz\u00edme profesion\u00e1ln\u00ed, zak\u00e1zkov\u00e9 a mezin\u00e1rodn\u011b certifikovan\u00e9 slu\u017eby, v\u010detn\u011b n\u00e1vrhu produkt\u016f, v\u00fdroby a poprodejn\u00edho servisu. Na\u0161e v\u00fdrobn\u00ed za\u0159\u00edzen\u00ed zahrnuje obr\u00e1b\u011bc\u00ed centra, CNC soustruhy a CNC brusky. Na\u0161im z\u00e1kazn\u00edk\u016fm nab\u00edz\u00edme vysoce kvalitn\u00ed a v\u010dasn\u00e9 dod\u00e1vky spolu s komplexn\u00edm poprodejn\u00edm servisem a technickou podporou.<\/p>\n<p>Autor: lyl<\/p>","protected":false},"excerpt":{"rendered":"<p>Introduction Arm Cylinder For JCHI NS55R-8 The Arm Cylinder for JCHI NS55R-8 is a specialized hydraulic cylinder designed to provide linear motion and power to the arms of various types of machinery such as excavators, cranes, and mechanical arms. Arm cylinders play a critical role in hydraulic systems, enabling attachments and accessories to move and [&hellip;]<\/p>","protected":false},"featured_media":14770,"comment_status":"open","ping_status":"closed","template":"","meta":{"_et_pb_use_builder":"","_et_pb_old_content":"","_et_gb_content_width":""},"product_brand":[],"product_cat":[1497],"product_tag":[1498,1496],"class_list":{"0":"post-16693","1":"product","2":"type-product","3":"status-publish","4":"has-post-thumbnail","6":"product_cat-arm-cylinders","7":"product_tag-arm-cylinders","8":"product_tag-hydraulic-cylinders","10":"first","11":"instock","12":"shipping-taxable","13":"product-type-simple"},"amp_enabled":true,"_links":{"self":[{"href":"https:\/\/www.hydraulic-cylinders.net\/cs\/wp-json\/wp\/v2\/product\/16693","targetHints":{"allow":["GET"]}}],"collection":[{"href":"https:\/\/www.hydraulic-cylinders.net\/cs\/wp-json\/wp\/v2\/product"}],"about":[{"href":"https:\/\/www.hydraulic-cylinders.net\/cs\/wp-json\/wp\/v2\/types\/product"}],"replies":[{"embeddable":true,"href":"https:\/\/www.hydraulic-cylinders.net\/cs\/wp-json\/wp\/v2\/comments?post=16693"}],"wp:featuredmedia":[{"embeddable":true,"href":"https:\/\/www.hydraulic-cylinders.net\/cs\/wp-json\/wp\/v2\/media\/14770"}],"wp:attachment":[{"href":"https:\/\/www.hydraulic-cylinders.net\/cs\/wp-json\/wp\/v2\/media?parent=16693"}],"wp:term":[{"taxonomy":"product_brand","embeddable":true,"href":"https:\/\/www.hydraulic-cylinders.net\/cs\/wp-json\/wp\/v2\/product_brand?post=16693"},{"taxonomy":"product_cat","embeddable":true,"href":"https:\/\/www.hydraulic-cylinders.net\/cs\/wp-json\/wp\/v2\/product_cat?post=16693"},{"taxonomy":"product_tag","embeddable":true,"href":"https:\/\/www.hydraulic-cylinders.net\/cs\/wp-json\/wp\/v2\/product_tag?post=16693"}],"curies":[{"name":"wp","href":"https:\/\/api.w.org\/{rel}","templated":true}]}}