{"id":16695,"date":"2025-01-21T05:47:37","date_gmt":"2025-01-21T05:47:37","guid":{"rendered":"https:\/\/www.hydraulic-cylinders.net\/product\/arm-cylinder-for-jchi-ns75-7\/"},"modified":"2025-01-21T05:47:39","modified_gmt":"2025-01-21T05:47:39","slug":"arm-cylinder-for-jchi-ns75-7","status":"publish","type":"product","link":"https:\/\/www.hydraulic-cylinders.net\/cs\/produkt\/arm-cylinder-for-jchi-ns75-7\/","title":{"rendered":"V\u00e1lec ramene pro JCHI NS75-7"},"content":{"rendered":"<h2>V\u00e1lec ramene pro JCHI NS75-7<\/h2>\n<h3>Zaveden\u00ed<\/h3>\n<p>Hydraulick\u00fd v\u00e1lec ramene je speci\u00e1ln\u011b navr\u017een\u00fd hydraulick\u00fd v\u00e1lec, kter\u00fd se prim\u00e1rn\u011b pou\u017e\u00edv\u00e1 k zaji\u0161t\u011bn\u00ed line\u00e1rn\u00edho pohybu a v\u00fdkonu ramene r\u016fzn\u00fdch stroj\u016f, jako jsou bagry, je\u0159\u00e1by a robotick\u00e1 ramena. V\u00e1lec ramene hraje kl\u00ed\u010dovou roli v hydraulick\u00fdch syst\u00e9mech, proto\u017ee umo\u017e\u0148uje efektivn\u00ed pohyb a ovl\u00e1d\u00e1n\u00ed p\u0159ipojen\u00e9ho n\u00e1\u0159ad\u00ed nebo p\u0159\u00edslu\u0161enstv\u00ed. Tyto v\u00e1lce nejen dosahuj\u00ed plynul\u00e9ho pohybu, ale tak\u00e9 odol\u00e1vaj\u00ed t\u011b\u017ek\u00fdm z\u00e1t\u011b\u017e\u00edm, \u010d\u00edm\u017e zaji\u0161\u0165uj\u00ed efektivn\u00ed provoz a spolehlivost stroj\u016f za r\u016fzn\u00fdch pracovn\u00edch podm\u00ednek.<\/p>\n<p><img decoding=\"async\" src=\"https:\/\/www.hydraulic-cylinders.net\/wp-content\/uploads\/2025\/01\/songte-company-2.webp\"><\/p>\n<h3>Funkce<\/h3>\n<ul>\n<li>Vysoce \u00fa\u010dinn\u00fd p\u0159enos v\u00fdkonu: V\u00e1lec ramene dok\u00e1\u017ee zajistit siln\u00fd line\u00e1rn\u00ed pohyb a s\u00edlu, co\u017e zaji\u0161\u0165uje vysoce \u00fa\u010dinn\u00fd v\u00fdkon robotick\u00e9ho ramene v r\u016fzn\u00fdch operac\u00edch.<\/li>\n<li>P\u0159esn\u00e9 ovl\u00e1d\u00e1n\u00ed: D\u00edky hydraulick\u00e9mu syst\u00e9mu m\u016f\u017ee v\u00e1lec ramene dos\u00e1hnout p\u0159esn\u00e9ho ovl\u00e1d\u00e1n\u00ed pohybu, \u010d\u00edm\u017e je ovl\u00e1d\u00e1n\u00ed p\u0159ipojen\u00e9ho n\u00e1\u0159ad\u00ed flexibiln\u011bj\u0161\u00ed a p\u0159esn\u011bj\u0161\u00ed.<\/li>\n<li>Vysok\u00e1 odolnost: V\u00e1lec ramene je obvykle vyroben z vysoce pevn\u00fdch materi\u00e1l\u016f s dobrou odolnost\u00ed proti opot\u0159eben\u00ed a korozi, vhodn\u00fdch pro dlouhodob\u00e9 pou\u017eit\u00ed v n\u00e1ro\u010dn\u00fdch podm\u00ednk\u00e1ch.<\/li>\n<li>Multifunk\u010dn\u00ed p\u0159izp\u016fsobivost: Tyto v\u00e1lce lze \u0161iroce pou\u017e\u00edvat v r\u016fzn\u00fdch typech stroj\u016f, jako jsou bagry, je\u0159\u00e1by a robotick\u00e1 ramena, a p\u0159izp\u016fsobit se r\u016fzn\u00fdm pracovn\u00edm po\u017eadavk\u016fm.<\/li>\n<li>Snadn\u00e1 \u00fadr\u017eba: V\u00e1lec ramene je navr\u017een tak, aby se snadno udr\u017eoval a vym\u011b\u0148oval, a usnad\u0148uje tak pravideln\u00e9 kontroly a \u00fadr\u017ebu, \u010d\u00edm\u017e se zkracuj\u00ed prostoje za\u0159\u00edzen\u00ed.<\/li>\n<\/ul>\n<p>Tento produkt dok\u00e1\u017eeme vyrobit a dokonale nahradit tyto hydraulick\u00e9 v\u00e1lce.<\/p>\n<p><img decoding=\"async\" src=\"https:\/\/www.hydraulic-cylinders.net\/wp-content\/uploads\/2025\/01\/songte-oil-pipes-and-spare-parts.webp\"><\/p>\n<h3>Aplikace<\/h3>\n<ul>\n<li>Stavebn\u00ed in\u017een\u00fdrstv\u00ed: U bagr\u016f a je\u0159\u00e1b\u016f se v\u00e1lec ramene pou\u017e\u00edv\u00e1 k ovl\u00e1d\u00e1n\u00ed pohybu l\u017e\u00edce nebo v\u00fdlo\u017en\u00edku pro zemn\u00ed pr\u00e1ce, manipulaci s materi\u00e1lem a mont\u00e1\u017e konstrukc\u00ed.<\/li>\n<li>Zpracovatelsk\u00fd pr\u016fmysl: V automatizovan\u00fdch v\u00fdrobn\u00edch link\u00e1ch se v\u00e1lec ramene pou\u017e\u00edv\u00e1 k pohybu robotick\u00fdch ramen pro mont\u00e1\u017en\u00ed, sva\u0159ovac\u00ed a manipula\u010dn\u00ed procesy, co\u017e zlep\u0161uje efektivitu a p\u0159esnost v\u00fdroby.<\/li>\n<li>Zem\u011bd\u011blsk\u00e9 stroje: U zem\u011bd\u011blsk\u00fdch stroj\u016f, jako jsou skl\u00edzec\u00ed a s\u00e1zec\u00ed stroje, v\u00e1lec ramene ovl\u00e1d\u00e1 pohyb ovl\u00e1dac\u00edho ramene pro \u00fakoly, jako je s\u00e1zen\u00ed, hnojen\u00ed a sklize\u0148.<\/li>\n<li>T\u011b\u017eba: V t\u011b\u017eebn\u00edch za\u0159\u00edzen\u00edch se v\u00e1lec ramene pou\u017e\u00edv\u00e1 k ovl\u00e1d\u00e1n\u00ed pohybu ramene t\u011b\u017eebn\u00edho za\u0159\u00edzen\u00ed pro t\u011b\u017ebu a p\u0159epravu nerost\u016f.<\/li>\n<li>Logistika a doprava: U vysokozdvi\u017en\u00fdch voz\u00edk\u016f a manipula\u010dn\u00edch robot\u016f se v\u00e1lec ramene pou\u017e\u00edv\u00e1 k ovl\u00e1d\u00e1n\u00ed zved\u00e1n\u00ed a pohybu n\u00e1kladu, co\u017e umo\u017e\u0148uje manipulaci a stohov\u00e1n\u00ed materi\u00e1l\u016f.<\/li>\n<\/ul>\n<h3>\u00davahy o n\u00e1vrhu a standardy v\u00fdb\u011bru<\/h3>\n<ul>\n<li>\u00danosnost: V\u00e1lec ramene mus\u00ed b\u00fdt navr\u017een tak, aby vydr\u017eel maxim\u00e1ln\u00ed o\u010dek\u00e1van\u00e9 zat\u00ed\u017een\u00ed, a zajistil tak bezpe\u010dn\u00fd a efektivn\u00ed provoz.<\/li>\n<li>T\u011bsn\u011bn\u00ed: V\u00e1lec ramene pou\u017e\u00edv\u00e1 r\u016fzn\u00e9 t\u011bsnic\u00ed komponenty, jako jsou t\u011bsn\u011bn\u00ed p\u00edst\u016f a t\u011bsn\u011bn\u00ed p\u00edstnic, vyroben\u00e9 z materi\u00e1l\u016f odoln\u00fdch proti opot\u0159eben\u00ed, jako je polyuretan a nitrilov\u00e1 pry\u017e, aby byl zaji\u0161t\u011bn dobr\u00fd t\u011bsnic\u00ed v\u00fdkon a zabr\u00e1nilo se hydraulick\u00fdm \u00fanik\u016fm.<\/li>\n<li>Trvanlivost: T\u011bleso v\u00e1lce a povrch z\u00e1vitov\u00e9ho konce jsou jemn\u011b opracov\u00e1ny pro zlep\u0161en\u00ed odolnosti proti opot\u0159eben\u00ed, co\u017e zaji\u0161\u0165uje trvanlivost ramene v\u00e1lce i v n\u00e1ro\u010dn\u00fdch podm\u00ednk\u00e1ch.<\/li>\n<li>Bezpe\u010dnost: V\u00e1lce ramen by m\u011bly b\u00fdt navr\u017eeny s bezpe\u010dnostn\u00edmi prvky, jako jsou koncov\u00e9 sp\u00edna\u010de a p\u0159etlakov\u00e9 ventily, aby se p\u0159ede\u0161lo nehod\u00e1m a zajistil bezpe\u010dn\u00fd provoz.<\/li>\n<li>\u00dadr\u017eba: V\u00e1lec ramene by m\u011bl b\u00fdt navr\u017een pro snadnou \u00fadr\u017ebu a v\u00fdm\u011bnu, aby byla zaji\u0161t\u011bna v\u010dasn\u00e1 \u00fadr\u017eba a zkr\u00e1ceny prostoje zp\u016fsoben\u00e9 poruchami za\u0159\u00edzen\u00ed.<\/li>\n<\/ul>\n<p><img decoding=\"async\" src=\"https:\/\/www.hydraulic-cylinders.net\/wp-content\/uploads\/2025\/01\/songte-cylinder-head-with-all-kinds-excavator-models.webp\"><\/p>\n<h3>T\u011bsn\u011bn\u00ed a maz\u00e1n\u00ed<\/h3>\n<p>V\u00e1lec ramene pou\u017e\u00edv\u00e1 r\u016fzn\u00e9 t\u011bsnic\u00ed komponenty, jako jsou t\u011bsn\u011bn\u00ed p\u00edstu a p\u00edstnice vyroben\u00e9 z materi\u00e1l\u016f odoln\u00fdch proti opot\u0159eben\u00ed, jako je polyuretan a nitrilov\u00e1 pry\u017e, aby se zajistil dobr\u00fd t\u011bsnic\u00ed v\u00fdkon a zabr\u00e1nilo se \u00fanik\u016fm hydraulick\u00e9ho oleje. T\u011bleso v\u00e1lce a povrch z\u00e1vitu jsou jemn\u011b opracov\u00e1ny pro zlep\u0161en\u00ed odolnosti proti opot\u0159eben\u00ed, co\u017e zaji\u0161\u0165uje trvanlivost v\u00e1lce ramene i v n\u00e1ro\u010dn\u00fdch podm\u00ednk\u00e1ch. V\u00e1lec ramene vy\u017eaduje pravideln\u00e9 maz\u00e1n\u00ed hydraulick\u00fdm olejem, aby byl zaji\u0161t\u011bn jeho hladk\u00fd chod, a mno\u017estv\u00ed p\u0159id\u00e1van\u00e9ho oleje by m\u011blo b\u00fdt p\u0159im\u011b\u0159en\u00e9, aby se zabr\u00e1nilo \u00faniku oleje.<\/p>\n<h3>\u00dadr\u017eba a preventivn\u00ed opat\u0159en\u00ed<\/h3>\n<ul>\n<li>Pravideln\u00e1 kontrola: Pravideln\u00e9 kontroly by m\u011bly b\u00fdt prov\u00e1d\u011bny za \u00fa\u010delem zji\u0161t\u011bn\u00ed po\u0161kozen\u00ed, opot\u0159eben\u00ed nebo net\u011bsnosti v\u00e1lce ramene a v p\u0159\u00edpad\u011b pot\u0159eby by m\u011bla b\u00fdt provedena v\u010dasn\u00e1 v\u00fdm\u011bna nebo oprava.<\/li>\n<li>Pravideln\u00e9 maz\u00e1n\u00ed: V\u00e1lec ramene by m\u011bl b\u00fdt pravideln\u011b maz\u00e1n hydraulick\u00fdm olejem, aby byl zaji\u0161t\u011bn jeho hladk\u00fd chod.<\/li>\n<li>Spr\u00e1vn\u00e1 instalace: Spr\u00e1vn\u00e1 instalace v\u00e1lce ramene je nezbytn\u00e1 pro jeho bezpe\u010dn\u00fd a efektivn\u00ed provoz a instalace by m\u011bla b\u00fdt provedena podle pokyn\u016f v\u00fdrobce.<\/li>\n<li>Preventivn\u00ed opat\u0159en\u00ed: Aby se minimalizovaly potenci\u00e1ln\u00ed probl\u00e9my, je t\u0159eba p\u0159i pou\u017e\u00edv\u00e1n\u00ed v\u00e1lce ramene p\u0159ijmout preventivn\u00ed opat\u0159en\u00ed, jako je omezen\u00ed zat\u00ed\u017een\u00ed, regulace provozn\u00ed rychlosti a zamezen\u00ed p\u0159etlaku.<\/li>\n<\/ul>\n<p><img decoding=\"async\" src=\"https:\/\/www.hydraulic-cylinders.net\/wp-content\/uploads\/2025\/01\/songte-chushion-collar.webp\"><\/p>\n<h3>Pr\u016fvodce instalac\u00ed produktu<\/h3>\n<p>Spr\u00e1vn\u00e1 instalace v\u00e1lce ramene je nezbytn\u00e1 pro jeho bezpe\u010dn\u00fd a efektivn\u00ed provoz. P\u0159i instalaci v\u00e1lce ramene postupujte podle t\u011bchto krok\u016f:<\/p>\n<ol>\n<li>Ujist\u011bte se, \u017ee m\u00edsto instalace je \u010dist\u00e9 a bez ne\u010distot.<\/li>\n<li>Zkontrolujte v\u00e1lec a mont\u00e1\u017en\u00ed d\u00edly, zda nejsou po\u0161kozen\u00e9 nebo opot\u0159ebovan\u00e9.<\/li>\n<li>P\u0159ipojte hydraulick\u00e9 hadice a armatury dle pokyn\u016f v\u00fdrobce.<\/li>\n<li>Namontujte v\u00e1lec ramene na p\u0159\u00edslu\u0161n\u00e9 m\u00edsto a ut\u00e1hn\u011bte \u0161rouby.<\/li>\n<li>Zkontrolujte spr\u00e1vnou funkci v\u00e1lce ramene.<\/li>\n<\/ol>\n<h3>Bezpe\u010dnostn\u00ed aspekty a faktory prost\u0159ed\u00ed<\/h3>\n<p>P\u0159i pou\u017e\u00edv\u00e1n\u00ed v\u00e1lce s ramenem je t\u0159eba dodr\u017eovat bezpe\u010dnostn\u00ed opat\u0159en\u00ed, aby se zabr\u00e1nilo nehod\u00e1m, kter\u00e9 by mohly zp\u016fsobit zran\u011bn\u00ed osob nebo po\u0161kozen\u00ed za\u0159\u00edzen\u00ed. Tato opat\u0159en\u00ed mohou zahrnovat no\u0161en\u00ed ochrann\u00fdch pom\u016fcek, instalaci bezpe\u010dnostn\u00edch za\u0159\u00edzen\u00ed a dodr\u017eov\u00e1n\u00ed pokyn\u016f v\u00fdrobce. P\u0159i pou\u017e\u00edv\u00e1n\u00ed v\u00e1lce s ramenem je t\u0159eba zohlednit tak\u00e9 faktory prost\u0159ed\u00ed, jako je teplota, vlhkost a prach, a p\u0159ijmout vhodn\u00e1 opat\u0159en\u00ed k prevenci \u0161kod na \u017eivotn\u00edm prost\u0159ed\u00ed.<\/p>\n<h3>Odstra\u0148ov\u00e1n\u00ed probl\u00e9m\u016f a b\u011b\u017en\u00e9 probl\u00e9my<\/h3>\n<p>Mezi b\u011b\u017en\u00e9 probl\u00e9my s v\u00e1lcem ramene pat\u0159\u00ed net\u011bsnosti, opot\u0159eben\u00ed a \u0161patn\u00fd provoz. Pro diagnostiku a \u0159e\u0161en\u00ed t\u011bchto probl\u00e9m\u016f postupujte podle t\u011bchto tip\u016f:<\/p>\n<ul>\n<li>Zkontrolujte t\u011bsnost hydraulick\u00e9ho syst\u00e9mu a v p\u0159\u00edpad\u011b pot\u0159eby opravte nebo vym\u011b\u0148te t\u011bsn\u011bn\u00ed \u010di jin\u00e9 sou\u010d\u00e1sti.<\/li>\n<li>Zkontrolujte opot\u0159eben\u00ed nebo po\u0161kozen\u00ed a vym\u011b\u0148te po\u0161kozen\u00e9 sou\u010d\u00e1sti.<\/li>\n<li>Zkontrolujte spr\u00e1vnou instalaci a funkci v\u00e1lce ramene a v p\u0159\u00edpad\u011b pot\u0159eby prove\u010fte se\u0159\u00edzen\u00ed.<\/li>\n<\/ul>\n<p>Abyste p\u0159ede\u0161li potenci\u00e1ln\u00edm probl\u00e9m\u016fm, p\u0159ijm\u011bte preventivn\u00ed opat\u0159en\u00ed, jako je omezen\u00ed zat\u00ed\u017een\u00ed, regulace provozn\u00ed rychlosti a zamezen\u00ed p\u0159etlaku p\u0159i pou\u017e\u00edv\u00e1n\u00ed v\u00e1lce ramene.<\/p>\n<p><img decoding=\"async\" src=\"https:\/\/www.hydraulic-cylinders.net\/wp-content\/uploads\/2025\/01\/songte-bushings-with-all-kinds-of-excavator-models.webp\"><\/p>\n<h3>O n\u00e1s<\/h3>\n<p>Jsme profesion\u00e1ln\u00ed v\u00fdrobce n\u00e1hradn\u00edch hydraulick\u00fdch v\u00e1lc\u016f s \u0161irokou \u0161k\u00e1lou produkt\u016f a stali jsme se jedn\u00edm z p\u0159edn\u00edch v\u00fdrobc\u016f a velkoobchodn\u00edk\u016f s hydraulick\u00fdmi v\u00e1lci na dom\u00e1c\u00edm i mezin\u00e1rodn\u00edm trhu. V\u017edy se dr\u017e\u00edme principu excelence v kvalit\u011b, spol\u00e9h\u00e1me se na strategii industrializovan\u00e9ho \u0159\u00edzen\u00ed v\u00fdroby v r\u00e1mci jemn\u00e9 v\u00fdrobn\u00ed d\u00edlny a neust\u00e1le zlep\u0161ujeme na\u0161i technologickou \u00farove\u0148 a efektivitu v\u00fdroby. M\u00e1me silnou inova\u010dn\u00ed schopnost, zav\u00e1d\u00edme pokro\u010dil\u00e9 digit\u00e1ln\u00ed v\u00fdrobn\u00ed za\u0159\u00edzen\u00ed a profesion\u00e1ln\u00ed detek\u010dn\u00ed syst\u00e9my a neust\u00e1le optimalizujeme v\u00fdrobn\u00ed platformu a zlep\u0161ujeme proces kontroly kvality v\u00fdrobk\u016f. Na\u0161\u00edm c\u00edlem je uspokojovat rozmanit\u00e9 pot\u0159eby z\u00e1kazn\u00edk\u016f s vysokou efektivitou, p\u0159esnost\u00ed a principy vysok\u00e9 kvality.<\/p>\n<h3>Na\u0161e spole\u010dnost<\/h3>\n<ul>\n<li>Profesionalita: M\u00e1me t\u00fdm zku\u0161en\u00fdch in\u017een\u00fdr\u016f a technik\u016f, kte\u0159\u00ed z\u00e1kazn\u00edk\u016fm poskytuj\u00ed profesion\u00e1ln\u00ed \u0159e\u0161en\u00ed a slu\u017eby.<\/li>\n<li>Mezin\u00e1rodn\u00ed certifikace: Na\u0161e v\u00fdrobky z\u00edskaly mezin\u00e1rodn\u00ed certifikace, jako jsou ISO9001 a CE, kter\u00e9 zaru\u010duj\u00ed jejich kvalitu a spolehlivost.<\/li>\n<li>P\u0159izp\u016fsoben\u00ed: Poskytujeme slu\u017eby na m\u00edru, abychom splnili specifick\u00e9 pot\u0159eby z\u00e1kazn\u00edk\u016f.<\/li>\n<li>V\u00fdrobn\u00ed za\u0159\u00edzen\u00ed: Disponujeme pokro\u010dil\u00fdm digit\u00e1ln\u00edm v\u00fdrobn\u00edm za\u0159\u00edzen\u00edm, kter\u00e9 zaji\u0161\u0165uje vysoce kvalitn\u00ed produkci a efektivitu.<\/li>\n<li>Poprodejn\u00ed servis: Poskytujeme komplexn\u00ed poprodejn\u00ed servis, abychom zajistili spokojenost a d\u016fv\u011bru z\u00e1kazn\u00edk\u016f.<\/li>\n<\/ul>\n<p><img decoding=\"async\" src=\"https:\/\/www.hydraulic-cylinders.net\/wp-content\/uploads\/2025\/01\/songte-company-4.webp\"><br \/>\n<img decoding=\"async\" src=\"https:\/\/www.hydraulic-cylinders.net\/wp-content\/uploads\/2025\/01\/songte-company-3.webp\"><\/p>\n<p>Autor: lyl<\/p>","protected":false},"excerpt":{"rendered":"<p>Arm Cylinder For JCHI NS75-7 Introduction An arm cylinder is a specially designed hydraulic cylinder primarily used to provide linear motion and power to the arm of various machinery, such as excavators, cranes, and robotic arms. The arm cylinder plays a crucial role in hydraulic systems, allowing attached tools or attachments to move and be [&hellip;]<\/p>","protected":false},"featured_media":14763,"comment_status":"open","ping_status":"closed","template":"","meta":{"_et_pb_use_builder":"","_et_pb_old_content":"","_et_gb_content_width":""},"product_brand":[],"product_cat":[1497],"product_tag":[1498,1496],"class_list":{"0":"post-16695","1":"product","2":"type-product","3":"status-publish","4":"has-post-thumbnail","6":"product_cat-arm-cylinders","7":"product_tag-arm-cylinders","8":"product_tag-hydraulic-cylinders","10":"first","11":"instock","12":"shipping-taxable","13":"product-type-simple"},"amp_enabled":true,"_links":{"self":[{"href":"https:\/\/www.hydraulic-cylinders.net\/cs\/wp-json\/wp\/v2\/product\/16695","targetHints":{"allow":["GET"]}}],"collection":[{"href":"https:\/\/www.hydraulic-cylinders.net\/cs\/wp-json\/wp\/v2\/product"}],"about":[{"href":"https:\/\/www.hydraulic-cylinders.net\/cs\/wp-json\/wp\/v2\/types\/product"}],"replies":[{"embeddable":true,"href":"https:\/\/www.hydraulic-cylinders.net\/cs\/wp-json\/wp\/v2\/comments?post=16695"}],"wp:featuredmedia":[{"embeddable":true,"href":"https:\/\/www.hydraulic-cylinders.net\/cs\/wp-json\/wp\/v2\/media\/14763"}],"wp:attachment":[{"href":"https:\/\/www.hydraulic-cylinders.net\/cs\/wp-json\/wp\/v2\/media?parent=16695"}],"wp:term":[{"taxonomy":"product_brand","embeddable":true,"href":"https:\/\/www.hydraulic-cylinders.net\/cs\/wp-json\/wp\/v2\/product_brand?post=16695"},{"taxonomy":"product_cat","embeddable":true,"href":"https:\/\/www.hydraulic-cylinders.net\/cs\/wp-json\/wp\/v2\/product_cat?post=16695"},{"taxonomy":"product_tag","embeddable":true,"href":"https:\/\/www.hydraulic-cylinders.net\/cs\/wp-json\/wp\/v2\/product_tag?post=16695"}],"curies":[{"name":"wp","href":"https:\/\/api.w.org\/{rel}","templated":true}]}}