{"id":16697,"date":"2025-01-21T05:47:45","date_gmt":"2025-01-21T05:47:45","guid":{"rendered":"https:\/\/www.hydraulic-cylinders.net\/product\/arm-cylinder-for-jchi-ns220c\/"},"modified":"2025-01-21T05:47:47","modified_gmt":"2025-01-21T05:47:47","slug":"arm-cylinder-for-jchi-ns220c","status":"publish","type":"product","link":"https:\/\/www.hydraulic-cylinders.net\/cs\/produkt\/arm-cylinder-for-jchi-ns220c\/","title":{"rendered":"V\u00e1lec ramene pro JCHI NS220C"},"content":{"rendered":"<h1>V\u00e1lec ramene pro JCHI NS220C<\/h1>\n<h2>Zaveden\u00ed<\/h2>\n<p>Hydraulick\u00fd v\u00e1lec ramene pro JCHI NS220C je specializovan\u00fd hydraulick\u00fd v\u00e1lec ur\u010den\u00fd k zaji\u0161t\u011bn\u00ed line\u00e1rn\u00edho pohybu a v\u00fdkonu pro r\u016fzn\u00e9 typy ramen stroj\u016f, jako jsou bagry, je\u0159\u00e1by a robotick\u00e1 ramena. V\u00e1lce ramen hraj\u00ed kl\u00ed\u010dovou roli v hydraulick\u00fdch syst\u00e9mech, proto\u017ee umo\u017e\u0148uj\u00ed efektivn\u00ed pohyb a ovl\u00e1d\u00e1n\u00ed p\u0159\u00edslu\u0161enstv\u00ed. Tyto v\u00e1lce nejen zaji\u0161\u0165uj\u00ed plynul\u00fd pohyb, ale tak\u00e9 sn\u00e1\u0161ej\u00ed t\u011b\u017ek\u00e1 zat\u00ed\u017een\u00ed, co\u017e zaru\u010duje vysokou provozn\u00ed \u00fa\u010dinnost a spolehlivost stroj\u016f za r\u016fzn\u00fdch pracovn\u00edch podm\u00ednek.<\/p>\n<p><img decoding=\"async\" src=\"https:\/\/www.hydraulic-cylinders.net\/wp-content\/uploads\/2025\/01\/songte-company-2.webp\" alt=\"V\u00e1lec ramene pro JCHI NS220C\" \/><\/p>\n<h2>Funkce<\/h2>\n<h3>1. Vysoce \u00fa\u010dinn\u00fd p\u0159enos<\/h3>\n<p>V\u00e1lec ramene m\u016f\u017ee poskytovat siln\u00fd line\u00e1rn\u00ed pohyb a s\u00edlu, co\u017e zaji\u0161\u0165uje vysokou \u00fa\u010dinnost a v\u00fdkon ramene stroje v r\u016fzn\u00fdch operac\u00edch.<\/p>\n<h3>2. P\u0159esn\u00e9 ovl\u00e1d\u00e1n\u00ed<\/h3>\n<p>D\u00edky hydraulick\u00e9mu syst\u00e9mu m\u016f\u017ee v\u00e1lec ramene dos\u00e1hnout p\u0159esn\u00e9ho \u0159\u00edzen\u00ed pohybu, co\u017e zvy\u0161uje flexibilitu a p\u0159esnost ovl\u00e1d\u00e1n\u00ed p\u0159\u00edslu\u0161enstv\u00ed.<\/p>\n<h3>3. Siln\u00e1 odolnost<\/h3>\n<p>V\u00e1lec ramene je obvykle vyroben z vysoce pevn\u00fdch materi\u00e1l\u016f, kter\u00e9 maj\u00ed dobrou odolnost proti opot\u0159eben\u00ed a korozi, d\u00edky \u010demu\u017e je vhodn\u00fd pro dlouhodob\u00e9 pou\u017e\u00edv\u00e1n\u00ed v n\u00e1ro\u010dn\u00fdch podm\u00ednk\u00e1ch.<\/p>\n<h3>4. V\u0161estrann\u00e1 p\u0159izp\u016fsobivost<\/h3>\n<p>Tyto v\u00e1lce lze \u0161iroce pou\u017e\u00edvat v r\u016fzn\u00fdch typech strojn\u00edch za\u0159\u00edzen\u00ed, jako jsou bagry, je\u0159\u00e1by a robotick\u00e1 ramena, a p\u0159izp\u016fsobit se tak r\u016fzn\u00fdm pracovn\u00edm po\u017eadavk\u016fm.<\/p>\n<h3>5. Snadn\u00e1 \u00fadr\u017eba<\/h3>\n<p>Konstrukce zohled\u0148uje snadnou \u00fadr\u017ebu a v\u00fdm\u011bnu, co\u017e usnad\u0148uje pravideln\u00e9 kontroly a \u00fadr\u017ebu a zkracuje prostoje za\u0159\u00edzen\u00ed.<\/p>\n<p><img decoding=\"async\" src=\"https:\/\/www.hydraulic-cylinders.net\/wp-content\/uploads\/2025\/01\/songte-oil-pipes-and-spare-parts.webp\" alt=\"N\u00e1hradn\u00ed d\u00edly pro v\u00e1lce ramene\" \/><\/p>\n<h2>Aplikace<\/h2>\n<p>V\u00e1lec s ramenem lze pou\u017e\u00edt v r\u016fzn\u00fdch pr\u016fmyslov\u00fdch odv\u011btv\u00edch, v\u010detn\u011b:<\/p>\n<h3>1. Stavebn\u00ed in\u017een\u00fdrstv\u00ed<\/h3>\n<p>V\u00e1lce ramen mohou ovl\u00e1dat pohyb lopat nebo v\u00fdlo\u017en\u00edk\u016f v bagrech a je\u0159\u00e1bech, prov\u00e1d\u011bt zemn\u00ed pr\u00e1ce, manipulaci s materi\u00e1lem a mont\u00e1\u017en\u00ed pr\u00e1ce.<\/p>\n<h3>2. Zpracovatelsk\u00fd pr\u016fmysl<\/h3>\n<p>V\u00e1lce ramen se pou\u017e\u00edvaj\u00ed p\u0159i pohybu robotick\u00fdch ramen v automatizovan\u00fdch v\u00fdrobn\u00edch link\u00e1ch, p\u0159i prov\u00e1d\u011bn\u00ed mont\u00e1\u017en\u00edch, sva\u0159ovac\u00edch a manipula\u010dn\u00edch proces\u016f s materi\u00e1lem, \u010d\u00edm\u017e se zvy\u0161uje efektivita a p\u0159esnost v\u00fdroby.<\/p>\n<h3>3. Zem\u011bd\u011blsk\u00e9 stroje<\/h3>\n<p>V\u00e1lce ramen \u0159\u00edd\u00ed pohyb ovl\u00e1dac\u00edch ramen v zem\u011bd\u011blsk\u00fdch stroj\u00edch, jako jsou skl\u00edzec\u00ed a sec\u00ed stroje, a prov\u00e1d\u011bj\u00ed \u00fakoly, jako je s\u00e1zen\u00ed, hnojen\u00ed a sklize\u0148.<\/p>\n<h3>4. T\u011b\u017eba<\/h3>\n<p>V t\u011b\u017eebn\u00edch za\u0159\u00edzen\u00edch ovl\u00e1daj\u00ed v\u00e1lce ramen pohyb ramen t\u011b\u017eebn\u00edho za\u0159\u00edzen\u00ed a prov\u00e1d\u011bj\u00ed \u00fakoly t\u011b\u017eby a p\u0159epravy rudy.<\/p>\n<h3>5. Logistika a doprava<\/h3>\n<p>V\u00e1lce ramen \u0159\u00edd\u00ed zved\u00e1n\u00ed a pohyb vidlic ve vysokozdvi\u017en\u00fdch voz\u00edkech a manipula\u010dn\u00edch robotech, \u010d\u00edm\u017e se realizuje manipulace s materi\u00e1lem a jeho stohov\u00e1n\u00ed.<\/p>\n<h2>Konstruk\u010dn\u00ed aspekty a krit\u00e9ria v\u00fdb\u011bru<\/h2>\n<p>V\u00e1lce ramen mus\u00ed m\u00edt dostate\u010dnou nosnost, t\u011bsn\u011bn\u00ed, odolnost, bezpe\u010dnost a \u00fadr\u017ebu, aby byla zaji\u0161t\u011bna bezpe\u010dnost a spolehlivost strojn\u00edho za\u0159\u00edzen\u00ed. Mezi konstruk\u010dn\u00ed aspekty a krit\u00e9ria v\u00fdb\u011bru pat\u0159\u00ed:<\/p>\n<h3>1. Nosnost<\/h3>\n<p>V\u00e1lec ramene mus\u00ed b\u00fdt schopen odolat zat\u00ed\u017een\u00ed strojn\u00edho za\u0159\u00edzen\u00ed a p\u0159\u00edslu\u0161enstv\u00ed a poskytovat dostate\u010dnou s\u00edlu pro provoz.<\/p>\n<h3>2. T\u011bsn\u011bn\u00ed<\/h3>\n<p>V\u00e1lec ramene by m\u011bl m\u00edt spolehliv\u00fd t\u011bsnic\u00ed mechanismus s pou\u017eit\u00edm r\u016fzn\u00fdch t\u011bsnic\u00edch komponent\u016f, jako jsou t\u011bsn\u011bn\u00ed p\u00edstu a p\u00edstnice vyroben\u00e9 z materi\u00e1l\u016f odoln\u00fdch proti opot\u0159eben\u00ed, jako je polyuretan a nitrilov\u00e1 pry\u017e.<\/p>\n<h3>3. Trvanlivost<\/h3>\n<p>V\u00e1lec ramene by m\u011bl b\u00fdt vyroben z vysoce pevn\u00fdch materi\u00e1l\u016f, jako jsou p\u0159esn\u011b obroben\u00e9 hlavy v\u00e1lc\u016f a p\u00edstn\u00ed ty\u010de, co\u017e zaru\u010duje dobrou odolnost proti opot\u0159eben\u00ed a korozi.<\/p>\n<h3>4. Bezpe\u010dnost<\/h3>\n<p>V\u00e1lec ramene by m\u011bl m\u00edt bezpe\u010dnostn\u00ed prvky, jako jsou p\u0159etlakov\u00e9 ventily, kter\u00e9 zabra\u0148uj\u00ed p\u0159et\u00ed\u017een\u00ed a nehod\u00e1m.<\/p>\n<h3>5. Udr\u017eovatelnost<\/h3>\n<p>V\u00e1lec ramene by m\u011bl b\u00fdt snadno udr\u017eovateln\u00fd a vym\u011bniteln\u00fd, s vhodn\u00fdmi p\u0159\u00edstupov\u00fdmi body a konstruk\u010dn\u00edmi prvky, co\u017e by sni\u017eovalo prostoje a n\u00e1klady na \u00fadr\u017ebu.<\/p>\n<p><img decoding=\"async\" src=\"https:\/\/www.hydraulic-cylinders.net\/wp-content\/uploads\/2025\/01\/songte-cylinder-head-with-all-kinds-excavator-models.webp\" alt=\"Hlava v\u00e1lc\u016f s modely bagr\u016f\" \/><\/p>\n<h2>T\u011bsn\u011bn\u00ed a maz\u00e1n\u00ed<\/h2>\n<p>V\u00e1lce ramen pou\u017e\u00edvaj\u00ed r\u016fzn\u00e9 t\u011bsnic\u00ed komponenty, jako jsou t\u011bsn\u011bn\u00ed p\u00edst\u016f a t\u011bsn\u011bn\u00ed p\u00edstnic, vyroben\u00e9 z materi\u00e1l\u016f odoln\u00fdch proti opot\u0159eben\u00ed, jako je polyuretan a nitrilov\u00e1 pry\u017e. Hlava v\u00e1lce a z\u00e1vitov\u00fd povrch proch\u00e1zej\u00ed jemn\u00fdm opracov\u00e1n\u00edm, co\u017e zlep\u0161uje odolnost proti opot\u0159eben\u00ed. Pravideln\u00e9 dopl\u0148ov\u00e1n\u00ed spr\u00e1vn\u00e9ho hydraulick\u00e9ho oleje pro maz\u00e1n\u00ed je nezbytn\u00e9 pro prodlou\u017een\u00ed \u017eivotnosti v\u00e1lce.<\/p>\n<h2>\u00dadr\u017eba a preventivn\u00ed opat\u0159en\u00ed<\/h2>\n<p>Pravideln\u00e9 kontroly a \u00fadr\u017eba jsou nezbytn\u00e9 pro udr\u017een\u00ed v\u00fdkonu a \u017eivotnosti v\u00e1lce ramene. Mezi preventivn\u00ed opat\u0159en\u00ed pat\u0159\u00ed:<\/p>\n<h3>1. Pravideln\u00e9 kontroly<\/h3>\n<p>Pravideln\u011b kontrolujte v\u00e1lec ramene, zda nen\u00ed po\u0161kozen\u00fd, opot\u0159ebovan\u00fd a net\u011bsn\u00fd, a zajist\u011bte jeho spr\u00e1vnou \u00fadr\u017ebu.<\/p>\n<h3>2. Maz\u00e1n\u00ed<\/h3>\n<p>P\u0159id\u00e1n\u00ed spr\u00e1vn\u00e9ho mno\u017estv\u00ed a typu hydraulick\u00e9ho oleje pro maz\u00e1n\u00ed pro zaji\u0161t\u011bn\u00ed hladk\u00e9ho chodu v\u00e1lce.<\/p>\n<h3>3. \u010ci\u0161t\u011bn\u00ed<\/h3>\n<p>\u010ci\u0161t\u011bn\u00ed v\u00e1lce a jeho sou\u010d\u00e1st\u00ed za \u00fa\u010delem odstran\u011bn\u00ed ne\u010distot a \u00falomk\u016f, aby se zabr\u00e1nilo po\u0161kozen\u00ed a opot\u0159eben\u00ed.<\/p>\n<h3>4. V\u00fdm\u011bna<\/h3>\n<p>V\u010dasnou v\u00fdm\u011bnou opot\u0159ebovan\u00fdch nebo po\u0161kozen\u00fdch sou\u010d\u00e1st\u00ed zaji\u0161\u0165ujeme efektivn\u00ed a bezpe\u010dn\u00fd provoz.<\/p>\n<h3>5. Testov\u00e1n\u00ed<\/h3>\n<p>Testov\u00e1n\u00ed v\u00e1lce ramene za r\u016fzn\u00fdch podm\u00ednek zat\u00ed\u017een\u00ed, zaji\u0161t\u011bn\u00ed spr\u00e1vn\u00e9ho v\u00fdkonu a bezpe\u010dnosti.<\/p>\n<p><img decoding=\"async\" src=\"https:\/\/www.hydraulic-cylinders.net\/wp-content\/uploads\/2025\/01\/songte-chushion-collar.webp\" alt=\"Pol\u0161t\u00e1\u0159ov\u00fd l\u00edmec\" \/><\/p>\n<h2>Instala\u010dn\u00ed p\u0159\u00edru\u010dka<\/h2>\n<p>Instalace v\u00e1lc\u016f na rameni vy\u017eaduje pe\u010dlivou pozornost k detail\u016fm, aby byla zaji\u0161t\u011bna spr\u00e1vn\u00e1 funkce a bezpe\u010dnost. Mezi tipy pro instalaci pat\u0159\u00ed:<\/p>\n<h3>1. Polohov\u00e1n\u00ed<\/h3>\n<p>P\u0159esn\u00e9 um\u00edst\u011bn\u00ed v\u00e1lce a zaji\u0161t\u011bn\u00ed spr\u00e1vn\u00e9ho vyrovn\u00e1n\u00ed se strojn\u00edm za\u0159\u00edzen\u00edm a p\u0159\u00edslu\u0161enstv\u00edm.<\/p>\n<h3>2. Mont\u00e1\u017e<\/h3>\n<p>Bezpe\u010dn\u011b namontujte v\u00e1lec pomoc\u00ed vhodn\u00fdch \u0161roub\u016f a matic, abyste zabr\u00e1nili uvoln\u011bn\u00e9mu spojen\u00ed a vibrac\u00edm.<\/p>\n<h3>3. T\u011bsn\u011bn\u00ed<\/h3>\n<p>Zaji\u0161t\u011bn\u00ed \u0159\u00e1dn\u00e9ho ut\u011bsn\u011bn\u00ed v\u00e1lce se strojn\u00edm za\u0159\u00edzen\u00edm a p\u0159\u00edslu\u0161enstv\u00edm pomoc\u00ed t\u011bsnic\u00edch prvk\u016f, jako jsou O-krou\u017eky a t\u011bsn\u011bn\u00ed.<\/p>\n<h3>4. Testov\u00e1n\u00ed<\/h3>\n<p>Testov\u00e1n\u00ed v\u00e1lce ramene po instalaci za r\u016fzn\u00fdch podm\u00ednek zat\u00ed\u017een\u00ed, zaji\u0161t\u011bn\u00ed spr\u00e1vn\u00e9ho v\u00fdkonu a bezpe\u010dnosti.<\/p>\n<p><img decoding=\"async\" src=\"https:\/\/www.hydraulic-cylinders.net\/wp-content\/uploads\/2025\/01\/songte-bushings-with-all-kinds-of-excavator-models.webp\" alt=\"Pouzdra s modely bagr\u016f\" \/><\/p>\n<h2>Bezpe\u010dnostn\u00ed aspekty a faktory prost\u0159ed\u00ed<\/h2>\n<p>Provoz v\u00e1lce ramene vy\u017eaduje \u0159\u00e1dn\u00e1 bezpe\u010dnostn\u00ed opat\u0159en\u00ed a pozornost v\u011bnovanou faktor\u016fm prost\u0159ed\u00ed, jako nap\u0159\u00edklad:<\/p>\n<h3>1. Ochrana proti p\u0159et\u00ed\u017een\u00ed<\/h3>\n<p>Pou\u017e\u00edv\u00e1n\u00ed ochrann\u00fdch za\u0159\u00edzen\u00ed proti p\u0159et\u00ed\u017een\u00ed, jako jsou p\u0159etlakov\u00e9 ventily, zaji\u0161\u0165uje bezpe\u010dn\u00fd provoz za r\u016fzn\u00fdch podm\u00ednek zat\u00ed\u017een\u00ed.<\/p>\n<h3>2. Podm\u00ednky prost\u0159ed\u00ed<\/h3>\n<p>Vyh\u00fdb\u00e1n\u00ed se provozu za nep\u0159\u00edzniv\u00fdch podm\u00ednek prost\u0159ed\u00ed, jako je vysok\u00e1 teplota, vlhkost nebo korozivn\u00ed prost\u0159ed\u00ed, aby se zabr\u00e1nilo po\u0161kozen\u00ed a opot\u0159eben\u00ed.<\/p>\n<h3>3. Bezpe\u010dnostn\u00ed \u0161kolen\u00ed<\/h3>\n<p>Zaji\u0161\u0165ov\u00e1n\u00ed bezpe\u010dnostn\u00edho \u0161kolen\u00ed pro obsluhu a \u00fadr\u017eb\u00e1\u0159sk\u00fd person\u00e1l, zaji\u0161t\u011bn\u00ed spr\u00e1vn\u00e9ho provozu a \u00fadr\u017eby v\u00e1lce.<\/p>\n<h2>Diagnostika poruch a b\u011b\u017en\u00e9 probl\u00e9my<\/h2>\n<p>Mezi b\u011b\u017en\u00e9 probl\u00e9my s v\u00e1lci ramene a jejich \u0159e\u0161en\u00ed pat\u0159\u00ed:<\/p>\n<h3>1. \u00danik<\/h3>\n<p>Z v\u00e1lce unik\u00e1 olej kv\u016fli po\u0161kozen\u00ed t\u011bsn\u011bn\u00ed nebo nedostate\u010dn\u00e9mu ut\u011bsn\u011bn\u00ed. \u0158e\u0161en\u00edm je v\u00fdm\u011bna po\u0161kozen\u00fdch t\u011bsn\u011bn\u00ed nebo zlep\u0161en\u00ed t\u011bsn\u011bn\u00ed.<\/p>\n<h3>2. Oh\u00fdb\u00e1n\u00ed p\u00edstn\u00ed ty\u010de<\/h3>\n<p>P\u00edstn\u00ed ty\u010d je ohnut\u00e1 v d\u016fsledku p\u0159et\u00ed\u017een\u00ed nebo nespr\u00e1vn\u00e9 instalace. \u0158e\u0161en\u00edm je vym\u011bnit p\u00edstn\u00ed ty\u010d a zajistit spr\u00e1vnou instalaci a provoz.<\/p>\n<h3>3. Nedostate\u010dn\u00e1 s\u00edla<\/h3>\n<p>V\u00e1lec nem\u00e1 dostate\u010dnou s\u00edlu z d\u016fvodu nedostate\u010dn\u00e9ho mno\u017estv\u00ed oleje nebo po\u0161kozen\u00ed vnit\u0159n\u00edch sou\u010d\u00e1st\u00ed. \u0158e\u0161en\u00edm je dopln\u011bn\u00ed spr\u00e1vn\u00e9ho mno\u017estv\u00ed hydraulick\u00e9ho oleje nebo v\u00fdm\u011bna po\u0161kozen\u00fdch sou\u010d\u00e1st\u00ed.<\/p>\n<h3>4. Vibrace<\/h3>\n<p>V\u00e1lec vibruje kv\u016fli nespr\u00e1vn\u00e9 instalaci nebo uvoln\u011bn\u00e9mu spojen\u00ed. \u0158e\u0161en\u00edm je zajistit spr\u00e1vnou instalaci a ut\u00e1hnout \u0161rouby a matice.<\/p>\n<h2>O n\u00e1s<\/h2>\n<p>We are a professional manufacturer of replacement hydraulic cylinders with a wide range of products, becoming one of the leading hydraulic cylinder manufacturers and wholesale distributors in the domestic and international markets. We always adhere to the principle of excellent quality, relying on industrialized production management strategies in finely crafted workshops, continuously improving technology and production efficiency. Through the introduction of high-end digital manufacturing equipment and professional testing systems, we continuously optimize the manufacturing platform, improve product quality control processes, and have strong innovation capabilities. Our goal is to meet customers&#8217; diversified needs with efficient, accurate, and high-quality principles.<\/p>\n<p>Na\u0161e spole\u010dnost poskytuje profesion\u00e1ln\u00ed slu\u017eby, mezin\u00e1rodn\u00ed certifikace, slu\u017eby na m\u00edru, v\u00fdrobn\u00ed za\u0159\u00edzen\u00ed a poprodejn\u00ed servis.<\/p>\n<p><img decoding=\"async\" src=\"https:\/\/www.hydraulic-cylinders.net\/wp-content\/uploads\/2025\/01\/songte-company-4.webp\" alt=\"Spole\u010dnost 4\" \/><br \/>\n<img decoding=\"async\" src=\"https:\/\/www.hydraulic-cylinders.net\/wp-content\/uploads\/2025\/01\/songte-company-3.webp\" alt=\"Spole\u010dnost 3\" \/><\/p>\n<p>Autor: lyl<\/p>","protected":false},"excerpt":{"rendered":"<p>Arm Cylinder For JCHI NS220C Introduction The Arm Cylinder for JCHI NS220C is a specialized hydraulic cylinder designed to provide linear motion and power for various types of machinery arms such as excavators, cranes, and robotic arms. Arm cylinders play a crucial role in hydraulic systems, allowing attachments to move and be controlled efficiently. These [&hellip;]<\/p>","protected":false},"featured_media":14786,"comment_status":"open","ping_status":"closed","template":"","meta":{"_et_pb_use_builder":"","_et_pb_old_content":"","_et_gb_content_width":""},"product_brand":[],"product_cat":[1497],"product_tag":[1498,1496],"class_list":{"0":"post-16697","1":"product","2":"type-product","3":"status-publish","4":"has-post-thumbnail","6":"product_cat-arm-cylinders","7":"product_tag-arm-cylinders","8":"product_tag-hydraulic-cylinders","10":"first","11":"instock","12":"shipping-taxable","13":"product-type-simple"},"amp_enabled":true,"_links":{"self":[{"href":"https:\/\/www.hydraulic-cylinders.net\/cs\/wp-json\/wp\/v2\/product\/16697","targetHints":{"allow":["GET"]}}],"collection":[{"href":"https:\/\/www.hydraulic-cylinders.net\/cs\/wp-json\/wp\/v2\/product"}],"about":[{"href":"https:\/\/www.hydraulic-cylinders.net\/cs\/wp-json\/wp\/v2\/types\/product"}],"replies":[{"embeddable":true,"href":"https:\/\/www.hydraulic-cylinders.net\/cs\/wp-json\/wp\/v2\/comments?post=16697"}],"wp:featuredmedia":[{"embeddable":true,"href":"https:\/\/www.hydraulic-cylinders.net\/cs\/wp-json\/wp\/v2\/media\/14786"}],"wp:attachment":[{"href":"https:\/\/www.hydraulic-cylinders.net\/cs\/wp-json\/wp\/v2\/media?parent=16697"}],"wp:term":[{"taxonomy":"product_brand","embeddable":true,"href":"https:\/\/www.hydraulic-cylinders.net\/cs\/wp-json\/wp\/v2\/product_brand?post=16697"},{"taxonomy":"product_cat","embeddable":true,"href":"https:\/\/www.hydraulic-cylinders.net\/cs\/wp-json\/wp\/v2\/product_cat?post=16697"},{"taxonomy":"product_tag","embeddable":true,"href":"https:\/\/www.hydraulic-cylinders.net\/cs\/wp-json\/wp\/v2\/product_tag?post=16697"}],"curies":[{"name":"wp","href":"https:\/\/api.w.org\/{rel}","templated":true}]}}