{"id":16700,"date":"2025-01-21T05:47:58","date_gmt":"2025-01-21T05:47:58","guid":{"rendered":"https:\/\/www.hydraulic-cylinders.net\/product\/arm-cylinder-for-sinomach-zg3085-9\/"},"modified":"2025-01-21T05:48:00","modified_gmt":"2025-01-21T05:48:00","slug":"arm-cylinder-for-sinomach-zg3085-9","status":"publish","type":"product","link":"https:\/\/www.hydraulic-cylinders.net\/cs\/produkt\/arm-cylinder-for-sinomach-zg3085-9\/","title":{"rendered":"V\u00e1lec ramene pro Sinomach ZG3085-9"},"content":{"rendered":"<h2>V\u00e1lec ramene pro Sinomach ZG3085-9<\/h2>\n<p>Hydraulick\u00fd v\u00e1lec ramene pro Sinomach ZG3085-9 je specializovan\u00fd hydraulick\u00fd v\u00e1lec ur\u010den\u00fd k zaji\u0161t\u011bn\u00ed line\u00e1rn\u00edho pohybu a v\u00fdkonu ramene r\u016fzn\u00fdch stroj\u016f, jako jsou bagry, je\u0159\u00e1by a mechanick\u00e1 ramena. V\u00e1lec ramene hraje kl\u00ed\u010dovou roli v hydraulick\u00fdch syst\u00e9mech, proto\u017ee umo\u017e\u0148uje efektivn\u00ed pohyb a ovl\u00e1d\u00e1n\u00ed p\u0159\u00eddavn\u00fdch n\u00e1stroj\u016f nebo p\u0159\u00edslu\u0161enstv\u00ed. Tyto v\u00e1lce nejen umo\u017e\u0148uj\u00ed plynul\u00fd pohyb, ale tak\u00e9 odol\u00e1vaj\u00ed t\u011b\u017ek\u00fdm z\u00e1t\u011b\u017e\u00edm, \u010d\u00edm\u017e zaji\u0161\u0165uj\u00ed efektivn\u00ed provoz a spolehlivost stroj\u016f v r\u016fzn\u00fdch pracovn\u00edch podm\u00ednk\u00e1ch.<\/p>\n<p><img decoding=\"async\" src=\"https:\/\/www.hydraulic-cylinders.net\/wp-content\/uploads\/2025\/01\/songte-company-2.webp\"><\/p>\n<h2>Funkce<\/h2>\n<ul>\n<li>Vysoce \u00fa\u010dinn\u00fd p\u0159evod: V\u00e1lec ramene poskytuje siln\u00fd line\u00e1rn\u00ed pohyb a s\u00edlu, co\u017e zaji\u0161\u0165uje vysok\u00fd v\u00fdkon mechanick\u00e9ho ramene v r\u016fzn\u00fdch operac\u00edch.<\/li>\n<li>P\u0159esn\u00e9 ovl\u00e1d\u00e1n\u00ed: D\u00edky hydraulick\u00e9mu syst\u00e9mu umo\u017e\u0148uje v\u00e1lec ramene p\u0159esn\u00e9 ovl\u00e1d\u00e1n\u00ed pohybu, \u010d\u00edm\u017e se zvy\u0161uje flexibilita a p\u0159esnost obsluhy p\u0159ipojen\u00e9ho n\u00e1\u0159ad\u00ed.<\/li>\n<li>Vysok\u00e1 odolnost: V\u00e1lce ramen se obvykle vyr\u00e1b\u011bj\u00ed z vysoce pevn\u00fdch materi\u00e1l\u016f, kter\u00e9 nab\u00edzej\u00ed vynikaj\u00edc\u00ed odolnost proti opot\u0159eben\u00ed a korozi, d\u00edky \u010demu\u017e jsou vhodn\u00e9 pro dlouhodob\u00e9 pou\u017e\u00edv\u00e1n\u00ed v n\u00e1ro\u010dn\u00fdch podm\u00ednk\u00e1ch.<\/li>\n<li>Multifunk\u010dn\u00ed p\u0159izp\u016fsobivost: Tyto v\u00e1lce nach\u00e1zej\u00ed \u0161irok\u00e9 uplatn\u011bn\u00ed v r\u016fzn\u00fdch strojn\u00edch za\u0159\u00edzen\u00edch, jako jsou bagry, je\u0159\u00e1by a mechanick\u00e1 ramena, a p\u0159izp\u016fsobuj\u00ed se r\u016fzn\u00fdm pracovn\u00edm po\u017eadavk\u016fm.<\/li>\n<li>Snadn\u00e1 \u00fadr\u017eba: Konstrukce zohled\u0148uje snadnou \u00fadr\u017ebu a v\u00fdm\u011bnu, co\u017e usnad\u0148uje pravideln\u00e9 kontroly a \u00fadr\u017ebu a zkracuje prostoje za\u0159\u00edzen\u00ed.<\/li>\n<\/ul>\n<p><img decoding=\"async\" src=\"https:\/\/www.hydraulic-cylinders.net\/wp-content\/uploads\/2025\/01\/songte-oil-pipes-and-spare-parts.webp\"><\/p>\n<h2>Aplikace<\/h2>\n<p>V\u00e1lce ramen se \u0161iroce pou\u017e\u00edvaj\u00ed v n\u00e1sleduj\u00edc\u00edch odv\u011btv\u00edch:<\/p>\n<ul>\n<li>Konstrukce: U bagr\u016f a je\u0159\u00e1b\u016f ovl\u00e1daj\u00ed v\u00e1lce ramen pohyb l\u017e\u00edce nebo v\u00fdlo\u017en\u00edku pro zemn\u00ed pr\u00e1ce, manipulaci s materi\u00e1lem a mont\u00e1\u017e konstrukc\u00ed.<\/li>\n<li>V\u00fdroba: V automatizovan\u00fdch v\u00fdrobn\u00edch link\u00e1ch usnad\u0148uj\u00ed v\u00e1lce ramen pohyb mechanick\u00fdch ramen pro mont\u00e1\u017en\u00ed, sva\u0159ovac\u00ed a manipula\u010dn\u00ed procesy, \u010d\u00edm\u017e zvy\u0161uj\u00ed efektivitu a p\u0159esnost v\u00fdroby.<\/li>\n<li>Zem\u011bd\u011blsk\u00e9 stroje: V zem\u011bd\u011blsk\u00fdch stroj\u00edch, jako jsou skl\u00edzec\u00ed a sec\u00ed stroje, ovl\u00e1daj\u00ed v\u00e1lce ramen pohyb ovl\u00e1dac\u00edch ramen pro \u00fakoly, jako je set\u00ed, hnojen\u00ed a sklize\u0148.<\/li>\n<li>T\u011b\u017eba: V t\u011b\u017eebn\u00edch za\u0159\u00edzen\u00edch ovl\u00e1daj\u00ed v\u00e1lce ramen pohyb ramene pro t\u011b\u017ebu a manipulaci s materi\u00e1lem.<\/li>\n<li>Logistika a doprava: U vysokozdvi\u017en\u00fdch voz\u00edk\u016f a manipula\u010dn\u00edch robot\u016f ovl\u00e1daj\u00ed v\u00e1lce ramen zved\u00e1n\u00ed a pohyb vidlic, co\u017e umo\u017e\u0148uje manipulaci s materi\u00e1lem a jeho stohov\u00e1n\u00ed.<\/li>\n<\/ul>\n<h2>Konstruk\u010dn\u00ed aspekty a krit\u00e9ria v\u00fdb\u011bru<\/h2>\n<p>Pokud jde o konstrukci v\u00e1lc\u016f ramene, je t\u0159eba zv\u00e1\u017eit n\u011bkolik kl\u00ed\u010dov\u00fdch faktor\u016f:<\/p>\n<ul>\n<li>\u00danosnost: Schopnost v\u00e1lce ramene odolat zam\u00fd\u0161len\u00e9mu zat\u00ed\u017een\u00ed je kl\u00ed\u010dov\u00fdm faktorem.<\/li>\n<li>T\u011bsn\u011bn\u00ed: Pou\u017e\u00edvaj\u00ed se r\u016fzn\u00e9 t\u011bsnic\u00ed komponenty, jako jsou t\u011bsn\u011bn\u00ed p\u00edst\u016f a p\u00edstnic. Tato t\u011bsn\u011bn\u00ed jsou vyrobena z odoln\u00fdch materi\u00e1l\u016f, jako je polyuretan a nitrilov\u00e1 pry\u017e, aby byla zaji\u0161t\u011bna odolnost proti opot\u0159eben\u00ed.<\/li>\n<li>Trvanlivost: T\u011bleso v\u00e1lce a z\u00e1vitov\u00e9 konce proch\u00e1zej\u00ed pe\u010dliv\u00fdm o\u0161et\u0159en\u00edm pro zlep\u0161en\u00ed odolnosti proti opot\u0159eben\u00ed.<\/li>\n<li>Bezpe\u010dnost: Bezpe\u010dnostn\u00ed prvky jsou zabudov\u00e1ny k prevenci nehod a zaji\u0161t\u011bn\u00ed bezpe\u010dn\u00e9ho provozu v\u00e1lce.<\/li>\n<li>\u00dadr\u017eba: Konstrukce umo\u017e\u0148uje snadnou \u00fadr\u017ebu a pravideln\u00e9 maz\u00e1n\u00ed vhodn\u00fdm mno\u017estv\u00edm hydraulick\u00e9ho oleje.<\/li>\n<\/ul>\n<p><img decoding=\"async\" src=\"https:\/\/www.hydraulic-cylinders.net\/wp-content\/uploads\/2025\/01\/songte-cylinder-head-with-all-kinds-excavator-models.webp\"><\/p>\n<h2>T\u011bsn\u011bn\u00ed a maz\u00e1n\u00ed<\/h2>\n<p>V\u00e1lce ramen pou\u017e\u00edvaj\u00ed r\u016fzn\u00e1 t\u011bsn\u011bn\u00ed, jako jsou p\u00edstn\u00ed t\u011bsn\u011bn\u00ed a t\u011bsn\u011bn\u00ed p\u00edstnice, kter\u00e1 jsou vyrobena z materi\u00e1l\u016f odoln\u00fdch proti opot\u0159eben\u00ed, jako je polyuretan a nitrilov\u00e1 pry\u017e. T\u011bleso v\u00e1lce a z\u00e1vitov\u00e9 konce proch\u00e1zej\u00ed pe\u010dlivou \u00fapravou pro zv\u00fd\u0161en\u00ed odolnosti proti opot\u0159eben\u00ed. Pro zaji\u0161t\u011bn\u00ed optim\u00e1ln\u00edho v\u00fdkonu je nezbytn\u00e9 pravideln\u00e9 maz\u00e1n\u00ed vhodn\u00fdm mno\u017estv\u00edm hydraulick\u00e9ho oleje.<\/p>\n<h2>Pravideln\u00e1 kontrola a preventivn\u00ed \u00fadr\u017eba<\/h2>\n<p>Pro zaji\u0161t\u011bn\u00ed dlouh\u00e9 \u017eivotnosti a spolehliv\u00e9ho v\u00fdkonu v\u00e1lce ramene jsou nezbytn\u00e9 pravideln\u00e9 kontroly a preventivn\u00ed \u00fadr\u017eba. M\u011bla by b\u00fdt p\u0159ijata n\u00e1sleduj\u00edc\u00ed opat\u0159en\u00ed:<\/p>\n<ul>\n<li>Zkontrolujte, zda nevykazuj\u00ed zn\u00e1mky opot\u0159eben\u00ed, net\u011bsnosti nebo po\u0161kozen\u00ed.<\/li>\n<li>Pravideln\u011b kontrolujte a \u010dist\u011bte sou\u010d\u00e1sti v\u00e1lce.<\/li>\n<li>Opot\u0159ebovan\u00e1 t\u011bsn\u011bn\u00ed nebo po\u0161kozen\u00e9 d\u00edly ihned vym\u011b\u0148te.<\/li>\n<li>Udr\u017eujte v\u00e1lec \u0159\u00e1dn\u011b promazan\u00fd.<\/li>\n<li>Dodr\u017eujte pokyny v\u00fdrobce ohledn\u011b interval\u016f a postup\u016f \u00fadr\u017eby.<\/li>\n<\/ul>\n<h2>Pr\u016fvodce instalac\u00ed produktu<\/h2>\n<p>Spr\u00e1vn\u00e1 instalace v\u00e1lce ramene je kl\u00ed\u010dov\u00e1 pro jeho optim\u00e1ln\u00ed fungov\u00e1n\u00ed. Dodr\u017eujte tyto pokyny:<\/p>\n<ul>\n<li>Ujist\u011bte se, \u017ee mont\u00e1\u017en\u00ed povrchy jsou \u010dist\u00e9 a bez jak\u00fdchkoli ne\u010distot.<\/li>\n<li>Pro instalaci pou\u017e\u00edvejte vhodn\u00e9 n\u00e1stroje a vybaven\u00ed.<\/li>\n<li>Bezpe\u010dn\u011b upevn\u011bte v\u00e1lec ke strojn\u00edmu za\u0159\u00edzen\u00ed podle pokyn\u016f v\u00fdrobce.<\/li>\n<li>Zkontrolujte, zda jsou v\u0161echna spojen\u00ed t\u011bsn\u00e1 a bez \u00fanik\u016f.<\/li>\n<\/ul>\n<p><img decoding=\"async\" src=\"https:\/\/www.hydraulic-cylinders.net\/wp-content\/uploads\/2025\/01\/songte-bushings-with-all-kinds-of-excavator-models.webp\"><\/p>\n<h2>Bezpe\u010dnostn\u00ed aspekty a faktory prost\u0159ed\u00ed<\/h2>\n<p>P\u0159i pr\u00e1ci s v\u00e1lci ramen jsou bezpe\u010dnostn\u00ed opat\u0159en\u00ed nanejv\u00fd\u0161 d\u016fle\u017eit\u00e1. Je nezbytn\u00e9 up\u0159ednostnit n\u00e1sleduj\u00edc\u00ed:<\/p>\n<ul>\n<li>P\u0159i obsluze stroj\u016f vybaven\u00fdch v\u00e1lci ramen dodr\u017eujte bezpe\u010dnostn\u00ed protokoly a pokyny.<\/li>\n<li>Zajist\u011bte \u0159\u00e1dn\u00e9 pro\u0161kolen\u00ed a kvalifikaci person\u00e1lu pracuj\u00edc\u00edho s t\u00edmto za\u0159\u00edzen\u00edm.<\/li>\n<li>Pravideln\u011b kontrolujte a udr\u017eujte bezpe\u010dnostn\u00ed za\u0159\u00edzen\u00ed a funkce strojn\u00edho za\u0159\u00edzen\u00ed.<\/li>\n<li>Zva\u017ete faktory prost\u0159ed\u00ed, jako je teplota a vlhkost, a ujist\u011bte se, \u017ee je v\u00e1lec vhodn\u00fd pro provozn\u00ed podm\u00ednky.<\/li>\n<\/ul>\n<h2>Odstra\u0148ov\u00e1n\u00ed probl\u00e9m\u016f a b\u011b\u017en\u00e9 probl\u00e9my<\/h2>\n<p>I p\u0159es spolehlivost v\u00e1lc\u016f ramen se mohou vyskytnout probl\u00e9my. Zde je n\u011bkolik b\u011b\u017en\u00fdch probl\u00e9m\u016f a jejich mo\u017en\u00e1 \u0159e\u0161en\u00ed:<\/p>\n<ul>\n<li>Net\u011bsnost: Zkontrolujte t\u011bsn\u011bn\u00ed a spoje, zda nejsou po\u0161kozen\u00e9 nebo opot\u0159ebovan\u00e9. Vym\u011b\u0148te vadn\u00e1 t\u011bsn\u011bn\u00ed nebo ut\u00e1hn\u011bte uvoln\u011bn\u00e9 spoje.<\/li>\n<li>Pomal\u00fd nebo nepravideln\u00fd pohyb: Zkontrolujte hydraulick\u00fd syst\u00e9m, zda v n\u011bm nen\u00ed n\u00edzk\u00e1 hladina kapaliny nebo zda nen\u00ed zne\u010di\u0161t\u011bn. V p\u0159\u00edpad\u011b pot\u0159eby hydraulickou kapalinu dopl\u0148te nebo vym\u011b\u0148te.<\/li>\n<li>Nadm\u011brn\u00fd hluk nebo vibrace: Zkontrolujte v\u00e1lec a souvisej\u00edc\u00ed komponenty, zda nevykazuj\u00ed zn\u00e1mky po\u0161kozen\u00ed nebo nespr\u00e1vn\u00e9ho vyrovn\u00e1n\u00ed. Opravte nebo vym\u011b\u0148te po\u0161kozen\u00e9 d\u00edly.<\/li>\n<\/ul>\n<p><img decoding=\"async\" src=\"https:\/\/www.hydraulic-cylinders.net\/wp-content\/uploads\/2025\/01\/songte-chushion-collar.webp\"><\/p>\n<p>Nezapome\u0148te \u010dl\u00e1nek logicky uspo\u0159\u00e1dat, pro snadnou navigaci pou\u017e\u00edvat podnadpisy, pro lep\u0161\u00ed pochopen\u00ed vkl\u00e1dat relevantn\u00ed obr\u00e1zky nebo grafy a zajistit, aby obsah byl jasn\u00fd, stru\u010dn\u00fd a vhodn\u00fd pro \u010dten\u00e1\u0159e s r\u016fznou \u00farovn\u00ed technick\u00fdch znalost\u00ed.<\/p>\n<h2>O na\u0161\u00ed spole\u010dnosti<\/h2>\n<p>Jsme profesion\u00e1ln\u00ed v\u00fdrobce n\u00e1hradn\u00edch hydraulick\u00fdch v\u00e1lc\u016f a nab\u00edz\u00edme \u0161irokou \u0161k\u00e1lu produkt\u016f. Stali jsme se jedn\u00edm z p\u0159edn\u00edch v\u00fdrobc\u016f a velkoobchodn\u00edk\u016f s hydraulick\u00fdmi v\u00e1lci na dom\u00e1c\u00edm i mezin\u00e1rodn\u00edm trhu. S d\u016frazem na dokonalost se v na\u0161ich zdokonalen\u00fdch v\u00fdrobn\u00edch d\u00edln\u00e1ch spol\u00e9h\u00e1me na industrializovan\u00e9 strategie \u0159\u00edzen\u00ed v\u00fdroby, abychom neust\u00e1le zlep\u0161ovali na\u0161e technick\u00e9 mo\u017enosti a efektivitu v\u00fdroby.<\/p>\n<p>Zav\u00e1d\u011bn\u00edm pokro\u010dil\u00e9ho digit\u00e1ln\u00edho v\u00fdrobn\u00edho za\u0159\u00edzen\u00ed a profesion\u00e1ln\u00edch testovac\u00edch syst\u00e9m\u016f optimalizujeme na\u0161i v\u00fdrobn\u00ed platformu a vylep\u0161ujeme procesy kontroly kvality na\u0161ich v\u00fdrobk\u016f. Disponujeme siln\u00fdmi inova\u010dn\u00edmi schopnostmi a sna\u017e\u00edme se spl\u0148ovat rozmanit\u00e9 po\u017eadavky z\u00e1kazn\u00edk\u016f s vyu\u017eit\u00edm princip\u016f vysok\u00e9 efektivity, p\u0159esnosti a vysok\u00e9 kvality.<\/p>\n<p><img decoding=\"async\" src=\"https:\/\/www.hydraulic-cylinders.net\/wp-content\/uploads\/2025\/01\/songte-company-4.webp\"><br \/>\n<img decoding=\"async\" src=\"https:\/\/www.hydraulic-cylinders.net\/wp-content\/uploads\/2025\/01\/songte-company-3.webp\"><\/p>\n<p>Krom\u011b toho jsme hrd\u00ed na na\u0161i profesionalitu, mezin\u00e1rodn\u00ed certifikace, slu\u017eby na m\u00edru, v\u00fdrobn\u00ed za\u0159\u00edzen\u00ed a poprodejn\u00ed servis.<\/p>\n<p>Autor: lyl<\/p>","protected":false},"excerpt":{"rendered":"<p>Arm Cylinder For Sinomach ZG3085-9 The arm cylinder for Sinomach ZG3085-9 is a specialized hydraulic cylinder designed to provide linear motion and power to the arm of various machinery, such as excavators, cranes, and mechanical arms. The arm cylinder plays a crucial role in hydraulic systems, allowing for effective movement and control of additional tools [&hellip;]<\/p>","protected":false},"featured_media":14777,"comment_status":"open","ping_status":"closed","template":"","meta":{"_et_pb_use_builder":"","_et_pb_old_content":"","_et_gb_content_width":""},"product_brand":[],"product_cat":[1497],"product_tag":[1498,1496],"class_list":{"0":"post-16700","1":"product","2":"type-product","3":"status-publish","4":"has-post-thumbnail","6":"product_cat-arm-cylinders","7":"product_tag-arm-cylinders","8":"product_tag-hydraulic-cylinders","10":"first","11":"instock","12":"shipping-taxable","13":"product-type-simple"},"amp_enabled":true,"_links":{"self":[{"href":"https:\/\/www.hydraulic-cylinders.net\/cs\/wp-json\/wp\/v2\/product\/16700","targetHints":{"allow":["GET"]}}],"collection":[{"href":"https:\/\/www.hydraulic-cylinders.net\/cs\/wp-json\/wp\/v2\/product"}],"about":[{"href":"https:\/\/www.hydraulic-cylinders.net\/cs\/wp-json\/wp\/v2\/types\/product"}],"replies":[{"embeddable":true,"href":"https:\/\/www.hydraulic-cylinders.net\/cs\/wp-json\/wp\/v2\/comments?post=16700"}],"wp:featuredmedia":[{"embeddable":true,"href":"https:\/\/www.hydraulic-cylinders.net\/cs\/wp-json\/wp\/v2\/media\/14777"}],"wp:attachment":[{"href":"https:\/\/www.hydraulic-cylinders.net\/cs\/wp-json\/wp\/v2\/media?parent=16700"}],"wp:term":[{"taxonomy":"product_brand","embeddable":true,"href":"https:\/\/www.hydraulic-cylinders.net\/cs\/wp-json\/wp\/v2\/product_brand?post=16700"},{"taxonomy":"product_cat","embeddable":true,"href":"https:\/\/www.hydraulic-cylinders.net\/cs\/wp-json\/wp\/v2\/product_cat?post=16700"},{"taxonomy":"product_tag","embeddable":true,"href":"https:\/\/www.hydraulic-cylinders.net\/cs\/wp-json\/wp\/v2\/product_tag?post=16700"}],"curies":[{"name":"wp","href":"https:\/\/api.w.org\/{rel}","templated":true}]}}