{"id":16703,"date":"2025-01-21T05:48:14","date_gmt":"2025-01-21T05:48:14","guid":{"rendered":"https:\/\/www.hydraulic-cylinders.net\/product\/arm-cylinder-for-jove-jv85\/"},"modified":"2025-01-21T05:48:16","modified_gmt":"2025-01-21T05:48:16","slug":"arm-cylinder-for-jove-jv85","status":"publish","type":"product","link":"https:\/\/www.hydraulic-cylinders.net\/cs\/produkt\/arm-cylinder-for-jove-jv85\/","title":{"rendered":"V\u00e1lec ramene pro Jove JV85"},"content":{"rendered":"<h1>V\u00e1lec ramene pro Jove JV85<\/h1>\n<h2>Zaveden\u00ed<\/h2>\n<p>V\u00e1lec ramene je speci\u00e1ln\u011b navr\u017een\u00fd hydraulick\u00fd v\u00e1lec, kter\u00fd se prim\u00e1rn\u011b pou\u017e\u00edv\u00e1 k zaji\u0161t\u011bn\u00ed line\u00e1rn\u00edho pohybu a v\u00fdkonu ramen r\u016fzn\u00fdch typ\u016f stroj\u016f, jako jsou bagry, je\u0159\u00e1by a mechanick\u00e1 ramena. Hraje kl\u00ed\u010dovou roli v hydraulick\u00e9m syst\u00e9mu, proto\u017ee umo\u017e\u0148uje efektivn\u00ed pohyb a ovl\u00e1d\u00e1n\u00ed dal\u0161\u00edho n\u00e1\u0159ad\u00ed nebo p\u0159\u00edslu\u0161enstv\u00ed. Tyto v\u00e1lce nejen dosahuj\u00ed plynul\u00e9ho pohybu, ale tak\u00e9 odol\u00e1vaj\u00ed t\u011b\u017ek\u00fdm z\u00e1t\u011b\u017e\u00edm, \u010d\u00edm\u017e zaji\u0161\u0165uj\u00ed efektivn\u00ed provoz a spolehlivost stroj\u016f za r\u016fzn\u00fdch pracovn\u00edch podm\u00ednek.<\/p>\n<p><img decoding=\"async\" src=\"https:\/\/www.hydraulic-cylinders.net\/wp-content\/uploads\/2025\/01\/songte-company-2.webp\" alt=\"V\u00e1lec ramene\"><\/p>\n<h2>Funkce<\/h2>\n<ul>\n<li>Vysoce v\u00fdkonn\u00fd p\u0159evod: V\u00e1lec ramene poskytuje siln\u00fd line\u00e1rn\u00ed pohyb a s\u00edlu, co\u017e zaji\u0161\u0165uje vysokou \u00fa\u010dinnost v r\u016fzn\u00fdch operac\u00edch.<\/li>\n<li>P\u0159esn\u00e9 ovl\u00e1d\u00e1n\u00ed: V\u00e1lec ramene dok\u00e1\u017ee dos\u00e1hnout p\u0159esn\u00e9ho ovl\u00e1d\u00e1n\u00ed pohybu pomoc\u00ed hydraulick\u00e9ho syst\u00e9mu, \u010d\u00edm\u017e se provoz p\u0159ipojen\u00e9ho n\u00e1\u0159ad\u00ed st\u00e1v\u00e1 flexibiln\u011bj\u0161\u00edm a p\u0159esn\u011bj\u0161\u00edm.<\/li>\n<li>Vysok\u00e1 odolnost: V\u00e1lec ramene je obvykle vyroben z vysoce pevn\u00e9ho materi\u00e1lu, kter\u00fd m\u00e1 vynikaj\u00edc\u00ed odolnost proti opot\u0159eben\u00ed a korozi, je vhodn\u00fd pro dlouhodob\u00e9 pou\u017eit\u00ed v n\u00e1ro\u010dn\u00fdch podm\u00ednk\u00e1ch.<\/li>\n<li>Multifunk\u010dn\u00ed p\u0159izp\u016fsobivost: Tyto v\u00e1lce lze \u0161iroce pou\u017e\u00edvat v r\u016fzn\u00fdch mechanick\u00fdch za\u0159\u00edzen\u00edch, jako jsou bagry, je\u0159\u00e1by a mechanick\u00e1 ramena, a p\u0159izp\u016fsobit se tak r\u016fzn\u00fdm pracovn\u00edm po\u017eadavk\u016fm.<\/li>\n<li>Snadn\u00e1 \u00fadr\u017eba: Konstrukce zohled\u0148uje snadnou \u00fadr\u017ebu a v\u00fdm\u011bnu, co\u017e usnad\u0148uje pravideln\u00e9 kontroly a \u00fadr\u017ebu a zkracuje prostoje za\u0159\u00edzen\u00ed.<\/li>\n<\/ul>\n<p>N\u00e1\u0161 produkt dok\u00e1\u017ee tyto hydraulick\u00e9 v\u00e1lce dokonale nahradit.<\/p>\n<p><img decoding=\"async\" src=\"https:\/\/www.hydraulic-cylinders.net\/wp-content\/uploads\/2025\/01\/songte-oil-pipes-and-spare-parts.webp\" alt=\"Hydraulick\u00fd v\u00e1lec\"><\/p>\n<h2>Aplikace<\/h2>\n<p>V\u00e1lec ramene m\u00e1 \u0161irokou \u0161k\u00e1lu uplatn\u011bn\u00ed v r\u016fzn\u00fdch oblastech, jako nap\u0159\u00edklad:<\/p>\n<ul>\n<li>Stavebn\u00ed in\u017een\u00fdrstv\u00ed: U bagr\u016f a je\u0159\u00e1b\u016f se v\u00e1lce ramen pou\u017e\u00edvaj\u00ed k ovl\u00e1d\u00e1n\u00ed pohybu l\u017e\u00edc nebo v\u00fdlo\u017en\u00edk\u016f pro zemn\u00ed pr\u00e1ce, manipulaci s materi\u00e1lem a instalaci konstrukc\u00ed.<\/li>\n<li>Zpracovatelsk\u00fd pr\u016fmysl: V automatizovan\u00fdch v\u00fdrobn\u00edch link\u00e1ch se v\u00e1lce ramen pou\u017e\u00edvaj\u00ed pro pohyb mechanick\u00fdch ramen, nap\u0159\u00edklad p\u0159i mont\u00e1\u017ei, sva\u0159ov\u00e1n\u00ed a manipulaci, co\u017e zlep\u0161uje efektivitu a p\u0159esnost v\u00fdroby.<\/li>\n<li>Zem\u011bd\u011blsk\u00e9 stroje: V zem\u011bd\u011blsk\u00fdch stroj\u00edch, jako jsou skl\u00edzec\u00ed a sec\u00ed stroje, ovl\u00e1daj\u00ed v\u00e1lce ramen pohyb ovl\u00e1dac\u00edch ramen a prov\u00e1d\u011bj\u00ed \u00fakoly, jako je set\u00ed, hnojen\u00ed a sklize\u0148.<\/li>\n<li>T\u011b\u017eba: V t\u011b\u017eebn\u00edch za\u0159\u00edzen\u00edch se v\u00e1lce ramen pou\u017e\u00edvaj\u00ed k ovl\u00e1d\u00e1n\u00ed pohybu ramen t\u011b\u017eebn\u00edho za\u0159\u00edzen\u00ed pro t\u011b\u017ebu a manipulaci s rudami.<\/li>\n<li>Logistika a doprava: U vysokozdvi\u017en\u00fdch voz\u00edk\u016f a manipula\u010dn\u00edch robot\u016f se v\u00e1lce ramen pou\u017e\u00edvaj\u00ed k ovl\u00e1d\u00e1n\u00ed zved\u00e1n\u00ed a pohybu vidlic, \u010d\u00edm\u017e se realizuje manipulace s materi\u00e1lem a jeho stohov\u00e1n\u00ed.<\/li>\n<\/ul>\n<h2>Konstruk\u010dn\u00ed aspekty a krit\u00e9ria v\u00fdb\u011bru<\/h2>\n<p>Z hlediska designu je t\u0159eba zv\u00e1\u017eit n\u00e1sleduj\u00edc\u00ed kl\u00ed\u010dov\u00e9 faktory:<\/p>\n<ul>\n<li>Nosnost: V\u00e1lec ramene mus\u00ed poskytovat dostate\u010dnou nosnost podle r\u016fzn\u00fdch pracovn\u00edch po\u017eadavk\u016f.<\/li>\n<li>T\u011bsn\u011bn\u00ed: Pro zaji\u0161t\u011bn\u00ed t\u011bsnic\u00edho v\u00fdkonu v\u00e1lc\u016f ramen je t\u0159eba pou\u017e\u00edt r\u016fzn\u00e9 t\u011bsnic\u00ed prvky, jako jsou t\u011bsn\u011bn\u00ed p\u00edst\u016f a t\u011bsn\u011bn\u00ed p\u00edstnic.<\/li>\n<li>Trvanlivost: Pou\u017eit\u00ed vysoce pevn\u00fdch materi\u00e1l\u016f a jemn\u00e1 povrchov\u00e1 \u00faprava mohou zlep\u0161it odolnost v\u00e1lc\u016f ramen proti opot\u0159eben\u00ed a korozi.<\/li>\n<li>Bezpe\u010dnost: Konstrukce by m\u011bla zajistit bezpe\u010dnost v\u00e1lc\u016f ramene za r\u016fzn\u00fdch pracovn\u00edch podm\u00ednek.<\/li>\n<li>\u00dadr\u017eba: V\u00e1lce ramen by m\u011bly b\u00fdt snadno udr\u017eovateln\u00e9 a vym\u011bniteln\u00e9, co\u017e by zkracovalo prostoje za\u0159\u00edzen\u00ed.<\/li>\n<\/ul>\n<p>Krit\u00e9ria v\u00fdb\u011bru pro v\u00e1lec ramene zahrnuj\u00ed:<\/p>\n<ul>\n<li>Pracovn\u00ed tlak a teplotn\u00ed rozsah<\/li>\n<li>Velikost v\u00e1lce a d\u00e9lka zdvihu<\/li>\n<li>Typ a zp\u016fsob mont\u00e1\u017ee<\/li>\n<li>Typ hydraulick\u00e9 kapaliny a kompatibilita<\/li>\n<\/ul>\n<p><img decoding=\"async\" src=\"https:\/\/www.hydraulic-cylinders.net\/wp-content\/uploads\/2025\/01\/songte-cylinder-head-with-all-kinds-excavator-models.webp\" alt=\"Hlava v\u00e1lc\u016f\"><\/p>\n<h2>T\u011bsn\u011bn\u00ed a maz\u00e1n\u00ed<\/h2>\n<p>Pro zaji\u0161t\u011bn\u00ed t\u011bsnic\u00edho v\u00fdkonu v\u00e1lc\u016f ramen je t\u0159eba pou\u017e\u00edt r\u016fzn\u00e9 t\u011bsnic\u00ed prvky, jako jsou t\u011bsn\u011bn\u00ed p\u00edst\u016f, t\u011bsn\u011bn\u00ed p\u00edstnic a st\u00edrac\u00ed t\u011bsn\u011bn\u00ed. V\u00fdb\u011br t\u011bsnic\u00edch materi\u00e1l\u016f by m\u011bl zohled\u0148ovat faktory, jako je odolnost proti opot\u0159eben\u00ed, odolnost proti korozi a kompatibilita s hydraulickou kapalinou. Krom\u011b toho je nutn\u00e9 jemn\u011b opracovat t\u011bleso v\u00e1lce a povrch z\u00e1vitu, aby se zlep\u0161ila odolnost proti opot\u0159eben\u00ed. Pro maz\u00e1n\u00ed je nutn\u00e9 pravideln\u011b p\u0159id\u00e1vat vhodn\u00fd hydraulick\u00fd olej.<\/p>\n<p><img decoding=\"async\" src=\"https:\/\/www.hydraulic-cylinders.net\/wp-content\/uploads\/2025\/01\/songte-chushion-collar.webp\" alt=\"Pol\u0161t\u00e1\u0159ov\u00fd l\u00edmec\"><\/p>\n<h2>\u00dadr\u017eba a odstra\u0148ov\u00e1n\u00ed probl\u00e9m\u016f<\/h2>\n<p>Pravideln\u00e1 kontrola a preventivn\u00ed \u00fadr\u017eba jsou nezbytn\u00e9 pro zaji\u0161t\u011bn\u00ed spolehliv\u00e9ho provozu v\u00e1lc\u016f ramen. Je t\u0159eba v\u011bnovat pozornost n\u00e1sleduj\u00edc\u00edm aspekt\u016fm:<\/p>\n<ul>\n<li>Pravideln\u011b kontrolujte t\u011bsnic\u00ed vlastnosti v\u00e1lc\u016f ramen a v\u010das vym\u011b\u0148ujte po\u0161kozen\u00e1 t\u011bsn\u011bn\u00ed.<\/li>\n<li>Zabra\u0148te kontaminaci hydraulick\u00e9 kapaliny a pravideln\u011b ji vym\u011b\u0148ujte;<\/li>\n<li>Zkontrolujte opot\u0159eben\u00ed p\u00edstn\u00ed ty\u010de a t\u011blesa v\u00e1lce a v p\u0159\u00edpad\u011b pot\u0159eby je vym\u011b\u0148te;<\/li>\n<li>Zabra\u0148te p\u0159et\u00ed\u017een\u00ed a p\u0159etlaku a zajist\u011bte bezpe\u010dnost v\u00e1lc\u016f ramene b\u011bhem provozu;<\/li>\n<li>Pravideln\u011b kontrolujte instalaci v\u00e1lc\u016f ramene a zajist\u011bte stabilitu uchycen\u00ed;<\/li>\n<li>Diagnostikovat a \u0159e\u0161it b\u011b\u017en\u00e9 probl\u00e9my, jako je pomal\u00fd pohyb, vibrace a hluk.<\/li>\n<\/ul>\n<p>Preventivn\u00ed opat\u0159en\u00ed zahrnuj\u00ed:<\/p>\n<ul>\n<li>Spr\u00e1vn\u00e1 instalace a pou\u017eit\u00ed v\u00e1lc\u016f ramene dle pokyn\u016f;<\/li>\n<li>Pravideln\u00e1 kontrola a \u00fadr\u017eba;<\/li>\n<li>Pou\u017eit\u00ed vhodn\u00e9 hydraulick\u00e9 kapaliny a t\u011bsnic\u00edch materi\u00e1l\u016f;<\/li>\n<li>Prevence p\u0159et\u00ed\u017een\u00ed a p\u0159etlaku.<\/li>\n<\/ul>\n<h2>Instala\u010dn\u00ed p\u0159\u00edru\u010dka<\/h2>\n<p>The installation of arm cylinders should follow the manufacturer&#8217;s instructions and take into account the following factors:<\/p>\n<ul>\n<li>Spr\u00e1vn\u00fd v\u00fdb\u011br v\u00e1lc\u016f ramene dle po\u017eadavk\u016f na vybaven\u00ed;<\/li>\n<li>Spr\u00e1vn\u00e1 instalace uchycen\u00ed v\u00e1lce ramene;<\/li>\n<li>Zajist\u011bte stabilitu uchycen\u00ed v\u00e1lce ramene;<\/li>\n<li>Spr\u00e1vn\u011b p\u0159ipojte hydraulick\u00e9 potrub\u00ed a armatury;<\/li>\n<li>Dopl\u0148te hydraulickou kapalinu podle pokyn\u016f;<\/li>\n<li>Pravideln\u011b kontrolujte t\u011bsnic\u00ed vlastnosti v\u00e1lce ramene.<\/li>\n<\/ul>\n<p><img decoding=\"async\" src=\"https:\/\/www.hydraulic-cylinders.net\/wp-content\/uploads\/2025\/01\/songte-bushings-with-all-kinds-of-excavator-models.webp\" alt=\"Pouzdra\"><\/p>\n<h2>Bezpe\u010dnostn\u00ed aspekty a faktory prost\u0159ed\u00ed<\/h2>\n<p>Bezpe\u010dnostn\u00ed opat\u0159en\u00ed pro v\u00e1lec ramene zahrnuj\u00ed:<\/p>\n<ul>\n<li>Zabra\u0148te p\u0159et\u00ed\u017een\u00ed a p\u0159etlaku;<\/li>\n<li>Zajist\u011bte stabilitu uchycen\u00ed v\u00e1lce ramene;<\/li>\n<li>Pravideln\u00e1 kontrola a \u00fadr\u017eba;<\/li>\n<li>Pou\u017eit\u00ed vhodn\u00e9 hydraulick\u00e9 kapaliny a t\u011bsnic\u00edch materi\u00e1l\u016f;<\/li>\n<li>Pou\u017eit\u00ed ochrann\u00fdch za\u0159\u00edzen\u00ed, jako jsou pojistn\u00e9 ventily a n\u00e1razn\u00edky.<\/li>\n<\/ul>\n<p>P\u0159i v\u00fdb\u011bru a pou\u017eit\u00ed v\u00e1lce ramene je t\u0159eba zohlednit faktory prost\u0159ed\u00ed, jako je teplota, vlhkost a koroze.<\/p>\n<h2>O n\u00e1s<\/h2>\n<p>We are a professional manufacturer of replacement hydraulic cylinders with a wide range of products, and have become one of the leading hydraulic cylinder manufacturers and wholesale distributors in the domestic and international markets. We always adhere to the principle of excellent quality, relying on the industrialized production management strategy of refined manufacturing workshops, continuously improving our technology and production efficiency. Through the introduction of high-end digital manufacturing equipment and professional testing systems, we continuously optimize our manufacturing platform, improve our product quality control process, and have strong innovation capabilities. Our goal is to satisfy customers&#8217; diversified needs with the principles of efficiency, accuracy, and high quality.<\/p>\n<p><img decoding=\"async\" src=\"https:\/\/www.hydraulic-cylinders.net\/wp-content\/uploads\/2025\/01\/songte-company-4.webp\" alt=\"Profil spole\u010dnosti\"><br \/>\n<img decoding=\"async\" src=\"https:\/\/www.hydraulic-cylinders.net\/wp-content\/uploads\/2025\/01\/songte-company-3.webp\" alt=\"Profil spole\u010dnosti\"><\/p>\n<p>Poskytujeme profesion\u00e1ln\u00ed slu\u017eby v oblasti mezin\u00e1rodn\u00ed certifikace, zak\u00e1zkov\u00fdch slu\u017eeb, v\u00fdrobn\u00edho za\u0159\u00edzen\u00ed a poprodejn\u00edho servisu.<\/p>\n<p>Autor: lyl.<\/p>","protected":false},"excerpt":{"rendered":"<p>Arm Cylinder For Jove JV85 Introduction Arm cylinder is a specially designed hydraulic cylinder primarily used for providing linear motion and power to the arms of various types of machinery such as excavators, cranes, and mechanical arms. It plays a crucial role in the hydraulic system, allowing additional tools or attachments to move and be [&hellip;]<\/p>","protected":false},"featured_media":14770,"comment_status":"open","ping_status":"closed","template":"","meta":{"_et_pb_use_builder":"","_et_pb_old_content":"","_et_gb_content_width":""},"product_brand":[],"product_cat":[1497],"product_tag":[1498,1496],"class_list":{"0":"post-16703","1":"product","2":"type-product","3":"status-publish","4":"has-post-thumbnail","6":"product_cat-arm-cylinders","7":"product_tag-arm-cylinders","8":"product_tag-hydraulic-cylinders","10":"first","11":"instock","12":"shipping-taxable","13":"product-type-simple"},"amp_enabled":true,"_links":{"self":[{"href":"https:\/\/www.hydraulic-cylinders.net\/cs\/wp-json\/wp\/v2\/product\/16703","targetHints":{"allow":["GET"]}}],"collection":[{"href":"https:\/\/www.hydraulic-cylinders.net\/cs\/wp-json\/wp\/v2\/product"}],"about":[{"href":"https:\/\/www.hydraulic-cylinders.net\/cs\/wp-json\/wp\/v2\/types\/product"}],"replies":[{"embeddable":true,"href":"https:\/\/www.hydraulic-cylinders.net\/cs\/wp-json\/wp\/v2\/comments?post=16703"}],"wp:featuredmedia":[{"embeddable":true,"href":"https:\/\/www.hydraulic-cylinders.net\/cs\/wp-json\/wp\/v2\/media\/14770"}],"wp:attachment":[{"href":"https:\/\/www.hydraulic-cylinders.net\/cs\/wp-json\/wp\/v2\/media?parent=16703"}],"wp:term":[{"taxonomy":"product_brand","embeddable":true,"href":"https:\/\/www.hydraulic-cylinders.net\/cs\/wp-json\/wp\/v2\/product_brand?post=16703"},{"taxonomy":"product_cat","embeddable":true,"href":"https:\/\/www.hydraulic-cylinders.net\/cs\/wp-json\/wp\/v2\/product_cat?post=16703"},{"taxonomy":"product_tag","embeddable":true,"href":"https:\/\/www.hydraulic-cylinders.net\/cs\/wp-json\/wp\/v2\/product_tag?post=16703"}],"curies":[{"name":"wp","href":"https:\/\/api.w.org\/{rel}","templated":true}]}}