{"id":16705,"date":"2025-01-21T05:48:23","date_gmt":"2025-01-21T05:48:23","guid":{"rendered":"https:\/\/www.hydraulic-cylinders.net\/product\/arm-cylinder-for-jove-jv235lc\/"},"modified":"2025-01-21T05:48:24","modified_gmt":"2025-01-21T05:48:24","slug":"arm-cylinder-for-jove-jv235lc","status":"publish","type":"product","link":"https:\/\/www.hydraulic-cylinders.net\/cs\/produkt\/arm-cylinder-for-jove-jv235lc\/","title":{"rendered":"V\u00e1lec ramene pro Jove JV235LC"},"content":{"rendered":"<h1>V\u00e1lec ramene pro Jove JV235LC<\/h1>\n<h2>Zaveden\u00ed<\/h2>\n<p>V\u00e1lec ramene je speci\u00e1ln\u011b navr\u017een\u00fd hydraulick\u00fd v\u00e1lec pou\u017e\u00edvan\u00fd k zaji\u0161t\u011bn\u00ed line\u00e1rn\u00edho pohybu a v\u00fdkonu r\u016fzn\u00fdch typ\u016f ramen stroj\u016f, jako jsou bagry, je\u0159\u00e1by a robotick\u00e1 ramena. Hraje kl\u00ed\u010dovou roli v hydraulick\u00fdch syst\u00e9mech, proto\u017ee umo\u017e\u0148uje efektivn\u00ed pohyb a ovl\u00e1d\u00e1n\u00ed dal\u0161\u00edho n\u00e1\u0159ad\u00ed nebo p\u0159\u00edslu\u0161enstv\u00ed. Tyto v\u00e1lce nejen umo\u017e\u0148uj\u00ed plynul\u00fd pohyb, ale tak\u00e9 odol\u00e1vaj\u00ed t\u011b\u017ek\u00fdm z\u00e1t\u011b\u017e\u00edm, co\u017e zaji\u0161\u0165uj\u00ed efektivn\u00ed provoz a spolehlivost za r\u016fzn\u00fdch provozn\u00edch podm\u00ednek.<\/p>\n<h3>Definice a vysv\u011btlen\u00ed<\/h3>\n<p>V\u00e1lec ramene, tak\u00e9 zn\u00e1m\u00fd jako v\u00e1lec v\u00fdlo\u017en\u00edku, je typ hydraulick\u00e9ho v\u00e1lce, kter\u00fd poskytuje energii rameni stroje. Obvykle je vyroben z vysoce pevn\u00fdch materi\u00e1l\u016f, jako je ocel, a je navr\u017een tak, aby odolal vysok\u00fdm tlak\u016fm a sil\u00e1m p\u016fsob\u00edc\u00edm v hydraulick\u00fdch syst\u00e9mech.<\/p>\n<p>Hydraulick\u00e9 v\u00e1lce funguj\u00ed na principu p\u0159em\u011bny energie z hydraulick\u00e9 kapaliny na line\u00e1rn\u00ed s\u00edlu a pohyb. V\u00e1lec ramene je p\u0159ipojen k hydraulick\u00e9mu syst\u00e9mu stroje a p\u0159ij\u00edm\u00e1 tlak z kapaliny, kdy\u017e obsluha pohybuje ovl\u00e1dac\u00edmi prvky. Tento tlak nut\u00ed p\u00edst v\u00e1lce k pohybu, co\u017e n\u00e1sledn\u011b pohybuje ramenem stroje.<\/p>\n<p>V\u00e1lec ramene je d\u016fle\u017eitou sou\u010d\u00e1st\u00ed mnoha typ\u016f stroj\u016f, zejm\u00e9na t\u011bch, kter\u00e9 se pou\u017e\u00edvaj\u00ed ve stavebnictv\u00ed, v\u00fdrob\u011b, zem\u011bd\u011blstv\u00ed, t\u011b\u017eb\u011b a logistice.<\/p>\n<p><img decoding=\"async\" src=\"https:\/\/www.hydraulic-cylinders.net\/wp-content\/uploads\/2025\/01\/songte-company-2.webp\"><\/p>\n<h2>Funkce<\/h2>\n<p>V\u00e1lec ramene pro Jove JV235LC m\u00e1 n\u00e1sleduj\u00edc\u00ed vlastnosti:<\/p>\n<ul>\n<li>\n<h3>Vysoce \u00fa\u010dinn\u00fd p\u0159enos<\/h3>\n<p>V\u00e1lec ramene zaji\u0161\u0165uje siln\u00fd line\u00e1rn\u00ed pohyb a s\u00edlu, co\u017e zaji\u0161\u0165uje vysokou efektivitu provozu stroje.<\/p>\n<\/li>\n<li>\n<h3>P\u0159esn\u00e9 ovl\u00e1d\u00e1n\u00ed<\/h3>\n<p>V\u00e1lec ramene dok\u00e1\u017ee dos\u00e1hnout p\u0159esn\u00e9ho \u0159\u00edzen\u00ed pohybu pomoc\u00ed hydraulick\u00e9ho syst\u00e9mu, co\u017e zvy\u0161uje flexibilitu a p\u0159esnost ovl\u00e1d\u00e1n\u00ed p\u0159ipojen\u00e9ho n\u00e1\u0159ad\u00ed.<\/p>\n<\/li>\n<li>\n<h3>Trvanlivost<\/h3>\n<p>V\u00e1lec ramene je obvykle vyroben z vysoce pevn\u00fdch materi\u00e1l\u016f a m\u00e1 vynikaj\u00edc\u00ed odolnost proti opot\u0159eben\u00ed a korozi, d\u00edky \u010demu\u017e je vhodn\u00fd pro dlouhodob\u00e9 pou\u017e\u00edv\u00e1n\u00ed v n\u00e1ro\u010dn\u00fdch podm\u00ednk\u00e1ch.<\/p>\n<\/li>\n<li>\n<h3>Multifunk\u010dn\u00ed p\u0159izp\u016fsobivost<\/h3>\n<p>V\u00e1lec ramene lze \u0161iroce pou\u017e\u00edvat v r\u016fzn\u00fdch typech stroj\u016f, jako jsou bagry, je\u0159\u00e1by a robotick\u00e1 ramena, aby vyhovoval r\u016fzn\u00fdm pracovn\u00edm po\u017eadavk\u016fm.<\/p>\n<\/li>\n<li>\n<h3>Snadn\u00e1 \u00fadr\u017eba<\/h3>\n<p>V\u00e1lec ramene je navr\u017een pro snadnou \u00fadr\u017ebu a v\u00fdm\u011bnu, co\u017e usnad\u0148uje pravidelnou kontrolu a \u00fadr\u017ebu a zkracuje prostoje za\u0159\u00edzen\u00ed.<\/p>\n<\/li>\n<\/ul>\n<p>Tento produkt dok\u00e1\u017eeme vyrobit a nab\u00eddnout jako vynikaj\u00edc\u00ed n\u00e1hradu za hydraulick\u00e9 v\u00e1lce. <\/p>\n<p><img decoding=\"async\" src=\"https:\/\/www.hydraulic-cylinders.net\/wp-content\/uploads\/2025\/01\/songte-oil-pipes-and-spare-parts.webp\"><\/p>\n<h2>Aplikace<\/h2>\n<p>V\u00e1lec ramene pro Jove JV235LC se \u0161iroce pou\u017e\u00edv\u00e1 v r\u016fzn\u00fdch odv\u011btv\u00edch a aplikac\u00edch, jako nap\u0159\u00edklad:<\/p>\n<ul>\n<li>\n<h3>Stavebn\u00ed in\u017een\u00fdrstv\u00ed<\/h3>\n<p>V\u00e1lec ramene se pou\u017e\u00edv\u00e1 v bagrech a je\u0159\u00e1bech k ovl\u00e1d\u00e1n\u00ed pohybu l\u017e\u00edc nebo v\u00fdlo\u017en\u00edk\u016f pro zemn\u00ed pr\u00e1ce, manipulaci s materi\u00e1lem a mont\u00e1\u017e konstrukc\u00ed.<\/p>\n<\/li>\n<li>\n<h3>V\u00fdrobn\u00ed<\/h3>\n<p>V\u00e1lec ramene se pou\u017e\u00edv\u00e1 v automatizovan\u00fdch v\u00fdrobn\u00edch link\u00e1ch k \u0159\u00edzen\u00ed pohybu robotick\u00fdch ramen pro mont\u00e1\u017en\u00ed, sva\u0159ovac\u00ed a manipula\u010dn\u00ed operace, \u010d\u00edm\u017e se zvy\u0161uje efektivita a p\u0159esnost v\u00fdroby.<\/p>\n<\/li>\n<li>\n<h3>Zem\u011bd\u011blsk\u00e9 stroje<\/h3>\n<p>V\u00e1lec ramene se pou\u017e\u00edv\u00e1 v zem\u011bd\u011blsk\u00fdch stroj\u00edch, jako jsou skl\u00edzec\u00ed a sec\u00ed stroje, k ovl\u00e1d\u00e1n\u00ed pohybu opera\u010dn\u00edch ramen pro set\u00ed, hnojen\u00ed a sklize\u0148.<\/p>\n<\/li>\n<li>\n<h3>Hornictv\u00ed<\/h3>\n<p>V\u00e1lec ramene se pou\u017e\u00edv\u00e1 v t\u011b\u017eebn\u00edch za\u0159\u00edzen\u00edch k ovl\u00e1d\u00e1n\u00ed pohybu t\u011b\u017eebn\u00edch ramen pro t\u011b\u017ebu rud a manipulaci s materi\u00e1lem.<\/p>\n<\/li>\n<li>\n<h3>Logistika a doprava<\/h3>\n<p>V\u00e1lec ramene se pou\u017e\u00edv\u00e1 ve vysokozdvi\u017en\u00fdch voz\u00edkech a manipula\u010dn\u00edch robotech k ovl\u00e1d\u00e1n\u00ed pohybu vidlic pro manipulaci s materi\u00e1lem a stohov\u00e1n\u00ed.<\/p>\n<\/li>\n<\/ul>\n<h2>Konstruk\u010dn\u00ed aspekty a krit\u00e9ria v\u00fdb\u011bru<\/h2>\n<p>Konstrukce a v\u00fdb\u011br v\u00e1lc\u016f ramen jsou z\u00e1sadn\u00ed pro zaji\u0161t\u011bn\u00ed jejich v\u00fdkonu a spolehlivosti. Je t\u0159eba vz\u00edt v \u00favahu n\u00e1sleduj\u00edc\u00ed konstruk\u010dn\u00ed aspekty a krit\u00e9ria v\u00fdb\u011bru:<\/p>\n<ul>\n<li>\n<h3>Nosnost<\/h3>\n<p>V\u00e1lec ramene mus\u00ed b\u00fdt schopen un\u00e9st maxim\u00e1ln\u00ed zat\u00ed\u017een\u00ed stroje a jeho p\u0159\u00edslu\u0161enstv\u00ed. Nosnost v\u00e1lce by m\u011bla b\u00fdt vypo\u010d\u00edt\u00e1na na z\u00e1klad\u011b hmotnosti stroje, hmotnosti p\u0159\u00edslu\u0161enstv\u00ed a polohy b\u0159emene.<\/p>\n<\/li>\n<li>\n<h3>T\u011bsn\u011bn\u00ed<\/h3>\n<p>V\u00e1lec ramene mus\u00ed b\u00fdt dob\u0159e ut\u011bsn\u011bn, aby se zabr\u00e1nilo \u00faniku hydraulick\u00e9 kapaliny, co\u017e m\u016f\u017ee v\u00e9st ke sn\u00ed\u017een\u00ed v\u00fdkonu a po\u0161kozen\u00ed dal\u0161\u00edch sou\u010d\u00e1st\u00ed. V\u00e1lec by m\u011bl pou\u017e\u00edvat r\u016fzn\u00e9 t\u011bsnic\u00ed prvky, jako jsou t\u011bsn\u011bn\u00ed p\u00edstu a p\u00edstnice, vyroben\u00e9 z odoln\u00fdch materi\u00e1l\u016f, jako je polyuretan a nitrilov\u00e1 pry\u017e, aby byla zaji\u0161t\u011bna dlouhodob\u00e1 t\u011bsnic\u00ed v\u00fdkonnost.<\/p>\n<\/li>\n<li>\n<h3>Trvanlivost<\/h3>\n<p>V\u00e1lec ramene mus\u00ed odol\u00e1vat vysok\u00fdm tlak\u016fm, sil\u00e1m a drsn\u00e9mu prost\u0159ed\u00ed, a proto by m\u011bly b\u00fdt materi\u00e1ly v\u00e1lce pe\u010dliv\u011b vybr\u00e1ny. Obvykle se pou\u017e\u00edv\u00e1 ocel a dal\u0161\u00ed vysoce pevn\u00e9 materi\u00e1ly, kter\u00e9 zaji\u0161\u0165uj\u00ed trvanlivost a odolnost proti opot\u0159eben\u00ed a korozi.<\/p>\n<\/li>\n<li>\n<h3>Bezpe\u010dnost<\/h3>\n<p>V\u00e1lec ramene mus\u00ed b\u00fdt navr\u017een s ohledem na bezpe\u010dnost, aby se p\u0159ede\u0161lo nehod\u00e1m a po\u0161kozen\u00ed stroje a person\u00e1lu. Konstrukce v\u00e1lce by m\u011bla zahrnovat bezpe\u010dnostn\u00ed prvky, jako jsou p\u0159etlakov\u00e9 ventily, bezpe\u010dnostn\u00ed mechanismy a tla\u010d\u00edtka nouzov\u00e9ho zastaven\u00ed.<\/p>\n<\/li>\n<li>\n<h3>\u00dadr\u017eba<\/h3>\n<p>Konstrukce v\u00e1lce ramene by m\u011bla zohled\u0148ovat snadnou \u00fadr\u017ebu a v\u00fdm\u011bnu. Sou\u010d\u00e1sti v\u00e1lce by m\u011bly b\u00fdt snadno p\u0159\u00edstupn\u00e9 a v\u00e1lec by m\u011bl b\u00fdt navr\u017een pro snadnou demont\u00e1\u017e a mont\u00e1\u017e, aby se sn\u00ed\u017eily prostoje a n\u00e1klady na \u00fadr\u017ebu.<\/p>\n<\/li>\n<\/ul>\n<p><img decoding=\"async\" src=\"https:\/\/www.hydraulic-cylinders.net\/wp-content\/uploads\/2025\/01\/songte-cylinder-head-with-all-kinds-excavator-models.webp\"><\/p>\n<h2>T\u011bsn\u011bn\u00ed a maz\u00e1n\u00ed<\/h2>\n<p>V\u00e1lec ramene vy\u017eaduje \u0159\u00e1dn\u00e9 ut\u011bsn\u011bn\u00ed a maz\u00e1n\u00ed, aby byla zaji\u0161t\u011bna jeho v\u00fdkonnost a \u017eivotnost. M\u011bla by b\u00fdt p\u0159ijata n\u00e1sleduj\u00edc\u00ed opat\u0159en\u00ed:<\/p>\n<ul>\n<li>\n<h3>T\u011bsn\u011bn\u00ed<\/h3>\n<p>V\u00e1lec ramene pou\u017e\u00edv\u00e1 r\u016fzn\u00e9 t\u011bsnic\u00ed prvky, kter\u00e9 zabra\u0148uj\u00ed \u00faniku hydraulick\u00e9 kapaliny, jako jsou t\u011bsn\u011bn\u00ed p\u00edstu a t\u011bsn\u011bn\u00ed p\u00edstnice. Tato t\u011bsn\u011bn\u00ed by m\u011bla b\u00fdt vyrobena z odoln\u00fdch materi\u00e1l\u016f, jako je polyuretan a nitrilov\u00e1 pry\u017e, aby odolala vysok\u00fdm tlak\u016fm a opot\u0159eben\u00ed.<\/p>\n<\/li>\n<li>\n<h3>Maz\u00e1n\u00ed<\/h3>\n<p>Vnit\u0159n\u00ed sou\u010d\u00e1sti v\u00e1lce mus\u00ed b\u00fdt dob\u0159e maz\u00e1ny, aby se sn\u00ed\u017eilo t\u0159en\u00ed a opot\u0159eben\u00ed. K maz\u00e1n\u00ed p\u00edstu v\u00e1lce a dal\u0161\u00edch pohybliv\u00fdch \u010d\u00e1st\u00ed by se m\u011bl pou\u017e\u00edvat hydraulick\u00fd olej. V\u00e1lec by m\u011bl b\u00fdt pravideln\u011b maz\u00e1n doporu\u010den\u00fdm olejem a hladina oleje by m\u011bla b\u00fdt pravideln\u011b kontrolov\u00e1na.<\/p>\n<\/li>\n<\/ul>\n<h2>\u00dadr\u017eba a preventivn\u00ed opat\u0159en\u00ed<\/h2>\n<p>Pravideln\u00e1 \u00fadr\u017eba a preventivn\u00ed opat\u0159en\u00ed mohou pomoci prodlou\u017eit \u017eivotnost v\u00e1lce ramene a zabr\u00e1nit n\u00e1kladn\u00fdm prostoj\u016fm. M\u011bla by b\u00fdt p\u0159ijata n\u00e1sleduj\u00edc\u00ed opat\u0159en\u00ed:<\/p>\n<ul>\n<li>\n<h3>Inspekce<\/h3>\n<p>V\u00e1lec ramene by m\u011bl b\u00fdt pravideln\u011b kontrolov\u00e1n, zda nevykazuje zn\u00e1mky opot\u0159eben\u00ed, po\u0161kozen\u00ed nebo net\u011bsnost\u00ed. Ve\u0161ker\u00e9 po\u0161kozen\u00e9 nebo opot\u0159ebovan\u00e9 sou\u010d\u00e1sti by m\u011bly b\u00fdt neprodlen\u011b vym\u011bn\u011bny.<\/p>\n<\/li>\n<li>\n<h3>\u010ci\u0161t\u011bn\u00ed<\/h3>\n<p>V\u00e1lec ramene by m\u011bl b\u00fdt udr\u017eov\u00e1n \u010dist\u00fd a bez ne\u010distot a \u00falomk\u016f, kter\u00e9 by mohly po\u0161kodit t\u011bsn\u011bn\u00ed v\u00e1lce a dal\u0161\u00ed sou\u010d\u00e1sti.<\/p>\n<\/li>\n<li>\n<h3>Maz\u00e1n\u00ed<\/h3>\n<p>Doporu\u010den\u00e1 hladina hydraulick\u00e9ho oleje ve v\u00e1lci by m\u011bla b\u00fdt neust\u00e1le udr\u017eov\u00e1na. Pravideln\u011b by se m\u011bly promaz\u00e1vat vnit\u0159n\u00ed sou\u010d\u00e1sti v\u00e1lce.<\/p>\n<\/li>\n<li>\n<h3>Preventivn\u00ed v\u00fdm\u011bna<\/h3>\n<p>Pl\u00e1novan\u00e1 preventivn\u00ed v\u00fdm\u011bna t\u011bsn\u011bn\u00ed, p\u00edstu a dal\u0161\u00edch sou\u010d\u00e1st\u00ed v\u00e1lce m\u016f\u017ee pomoci p\u0159edej\u00edt neo\u010dek\u00e1van\u00fdm prostoj\u016fm a sn\u00ed\u017eit n\u00e1klady na \u00fadr\u017ebu.<\/p>\n<\/li>\n<\/ul>\n<p><img decoding=\"async\" src=\"https:\/\/www.hydraulic-cylinders.net\/wp-content\/uploads\/2025\/01\/songte-chushion-collar.webp\"><\/p>\n<h2>Instala\u010dn\u00ed p\u0159\u00edru\u010dka<\/h2>\n<p>P\u0159i instalaci v\u00e1lce ramene je t\u0159eba prov\u00e9st n\u00e1sleduj\u00edc\u00ed kroky:<\/p>\n<ol>\n<li>P\u0159ed instalac\u00ed v\u00e1lce se ujist\u011bte, \u017ee je hydraulick\u00fd syst\u00e9m stroje vypnut\u00fd a bez tlaku.<\/li>\n<li>P\u0159ipevn\u011bte v\u00e1lec k rameni nebo v\u00fdlo\u017en\u00edku stroje pomoc\u00ed vhodn\u00e9ho mont\u00e1\u017en\u00edho materi\u00e1lu.<\/li>\n<li>P\u0159ipojte hydraulick\u00e9 hadice v\u00e1lce k hydraulick\u00e9mu syst\u00e9mu stroje a ujist\u011bte se, \u017ee jsou hadice \u0159\u00e1dn\u011b zaji\u0161t\u011bny a uta\u017eeny.<\/li>\n<li>Napl\u0148te v\u00e1lec doporu\u010den\u00fdm hydraulick\u00fdm olejem a ujist\u011bte se, \u017ee hladina oleje je udr\u017eov\u00e1na na doporu\u010den\u00e9 \u00farovni.<\/li>\n<li>Prove\u010fte zkou\u0161ku \u010dinnosti v\u00e1lce, abyste se ujistili, \u017ee funguje spr\u00e1vn\u011b a hladce.<\/li>\n<\/ol>\n<p><img decoding=\"async\" src=\"https:\/\/www.hydraulic-cylinders.net\/wp-content\/uploads\/2025\/01\/songte-bushings-with-all-kinds-of-excavator-models.webp\"><\/p>\n<h2>Bezpe\u010dnostn\u00ed aspekty a faktory prost\u0159ed\u00ed<\/h2>\n<p>P\u0159i pou\u017eit\u00ed v\u00e1lce s ramenem je t\u0159eba vz\u00edt v \u00favahu n\u00e1sleduj\u00edc\u00ed bezpe\u010dnostn\u00ed aspekty a faktory prost\u0159ed\u00ed:<\/p>\n<ul>\n<li>\n<h3>Bezpe\u010dnost<\/h3>\n<p>V\u00e1lec ramene m\u016f\u017ee b\u00fdt nebezpe\u010dn\u00fd, pokud se s n\u00edm nezach\u00e1z\u00ed spr\u00e1vn\u011b. Obsluha by m\u011bla absolvovat \u0159\u00e1dn\u00e9 \u0161kolen\u00ed o ovl\u00e1dac\u00edch prvc\u00edch stroje a bezpe\u010dnostn\u00edch postupech. Bezpe\u010dnostn\u00ed prvky, jako jsou p\u0159etlakov\u00e9 ventily a tla\u010d\u00edtka nouzov\u00e9ho zastaven\u00ed, by m\u011bly b\u00fdt instalov\u00e1ny a pravideln\u011b testov\u00e1ny.<\/p>\n<\/li>\n<li>\n<h3>Prost\u0159ed\u00ed<\/h3>\n<p>Provoz v\u00e1lce ramene m\u016f\u017ee m\u00edt dopady na \u017eivotn\u00ed prost\u0159ed\u00ed, jako jsou \u00faniky kapalin nebo hlukov\u00e9 zne\u010di\u0161t\u011bn\u00ed. Provozovatel\u00e9 by m\u011bli p\u0159ijmout opat\u0159en\u00ed k prevenci a zm\u00edrn\u011bn\u00ed t\u011bchto dopad\u016f, jako je pou\u017e\u00edv\u00e1n\u00ed biologicky odbourateln\u00e9 hydraulick\u00e9 kapaliny a instalace za\u0159\u00edzen\u00ed sni\u017euj\u00edc\u00edch hluk.<\/p>\n<\/li>\n<\/ul>\n<h2>Odstra\u0148ov\u00e1n\u00ed probl\u00e9m\u016f a b\u011b\u017en\u00e9 probl\u00e9my<\/h2>\n<p>N\u00e1sleduje n\u011bkolik b\u011b\u017en\u00fdch probl\u00e9m\u016f, kter\u00e9 se mohou vyskytnout s v\u00e1lcem ramene:<\/p>\n<ul>\n<li>\n<h3>\u00daniky kapalin<\/h3>\n<p>\u00daniky kapalin jsou \u010dast\u00fdm probl\u00e9mem hydraulick\u00fdch v\u00e1lc\u016f. Mohou b\u00fdt zp\u016fsobeny opot\u0159ebovan\u00fdmi nebo po\u0161kozen\u00fdmi t\u011bsn\u011bn\u00edmi, uvoln\u011bn\u00fdmi spoji nebo po\u0161kozen\u00fdm v\u00e1lcem.<\/p>\n<\/li>\n<li>\n<h3>\u0160patn\u00fd v\u00fdkon<\/h3>\n<p>\u0160patn\u00fd v\u00fdkon m\u016f\u017ee b\u00fdt zp\u016fsoben n\u00edzkou hladinou hydraulick\u00e9 kapaliny, opot\u0159ebovan\u00fdmi nebo po\u0161kozen\u00fdmi sou\u010d\u00e1stmi nebo po\u0161kozen\u00fdm v\u00e1lcem.<\/p>\n<\/li>\n<li>\n<h3>Hluk<\/h3>\n<p>Hluk m\u016f\u017ee b\u00fdt zp\u016fsoben uvoln\u011bn\u00fdmi spoji, opot\u0159ebovan\u00fdmi sou\u010d\u00e1stkami nebo po\u0161kozen\u00fdm v\u00e1lcem.<\/p>\n<\/li>\n<li>\n<h3>P\u0159eh\u0159\u00e1t\u00ed<\/h3>\n<p>P\u0159eh\u0159\u00e1t\u00ed m\u016f\u017ee b\u00fdt zp\u016fsobeno n\u00edzkou hladinou hydraulick\u00e9 kapaliny, po\u0161kozen\u00fdm v\u00e1lcem nebo vadn\u00fdm hydraulick\u00fdm \u010derpadlem.<\/p>\n<\/li>\n<\/ul>\n<p>Pro diagnostiku a \u0159e\u0161en\u00ed t\u011bchto probl\u00e9m\u016f lze p\u0159ijmout n\u00e1sleduj\u00edc\u00ed opat\u0159en\u00ed:<\/p>\n<ul>\n<li>\n<h3>Inspekce<\/h3>\n<p>V\u00e1lec by m\u011bl b\u00fdt zkontrolov\u00e1n, zda nevykazuje zn\u00e1mky opot\u0159eben\u00ed, po\u0161kozen\u00ed nebo net\u011bsnost\u00ed. Ve\u0161ker\u00e9 po\u0161kozen\u00e9 nebo opot\u0159ebovan\u00e9 sou\u010d\u00e1sti by m\u011bly b\u00fdt neprodlen\u011b vym\u011bn\u011bny.<\/p>\n<\/li>\n<li>\n<h3>\u010ci\u0161t\u011bn\u00ed<\/h3>\n<p>V\u00e1lec by m\u011bl b\u00fdt udr\u017eov\u00e1n \u010dist\u00fd a bez ne\u010distot a \u00falomk\u016f, kter\u00e9 by mohly po\u0161kodit t\u011bsn\u011bn\u00ed v\u00e1lce a dal\u0161\u00ed sou\u010d\u00e1sti.<\/p>\n<\/li>\n<li>\n<h3>Maz\u00e1n\u00ed<\/h3>\n<p>Doporu\u010den\u00e1 hladina hydraulick\u00e9ho oleje ve v\u00e1lci by m\u011bla b\u00fdt neust\u00e1le udr\u017eov\u00e1na. Pravideln\u011b by se m\u011bly promaz\u00e1vat vnit\u0159n\u00ed sou\u010d\u00e1sti v\u00e1lce.<\/p>\n<\/li>\n<li>\n<h3>Nahrazen\u00ed<\/h3>\n<p>Opot\u0159ebovan\u00e9 nebo po\u0161kozen\u00e9 sou\u010d\u00e1sti by m\u011bly b\u00fdt neprodlen\u011b vym\u011bn\u011bny, aby se p\u0159ede\u0161lo dal\u0161\u00edmu po\u0161kozen\u00ed a prostoj\u016fm.<\/p>\n<\/li>\n<\/ul>\n<p><img decoding=\"async\" src=\"https:\/\/www.hydraulic-cylinders.net\/wp-content\/uploads\/2025\/01\/songte-company-4.webp\"><br \/>\n<img decoding=\"async\" src=\"https:\/\/www.hydraulic-cylinders.net\/wp-content\/uploads\/2025\/01\/songte-company-3.webp\"><\/p>\n<h2>O n\u00e1s<\/h2>\n<p>Jsme profesion\u00e1ln\u00ed v\u00fdrobce n\u00e1hradn\u00edch hydraulick\u00fdch v\u00e1lc\u016f s \u0161irokou \u0161k\u00e1lou produkt\u016f, d\u00edky nim\u017e jsme se stali jedn\u00edm z p\u0159edn\u00edch v\u00fdrobc\u016f a velkoobchodn\u00edch distributor\u016f hydraulick\u00fdch v\u00e1lc\u016f na dom\u00e1c\u00edm i mezin\u00e1rodn\u00edm trhu. \u0158\u00edd\u00edme se principem excelence v kvalit\u011b a spol\u00e9h\u00e1me na industrializovan\u00e9 strategie \u0159\u00edzen\u00ed v\u00fdroby v precizn\u011b zpracovan\u00fdch v\u00fdrobn\u00edch d\u00edln\u00e1ch, abychom neust\u00e1le zlep\u0161ovali na\u0161i technologii a efektivitu v\u00fdroby.<\/p>\n<p>Zavedli jsme \u0161pi\u010dkov\u00e9 digit\u00e1ln\u00ed v\u00fdrobn\u00ed za\u0159\u00edzen\u00ed a profesion\u00e1ln\u00ed testovac\u00ed syst\u00e9my, neust\u00e1le optimalizujeme na\u0161i v\u00fdrobn\u00ed platformu a zlep\u0161ujeme proces kontroly kvality na\u0161ich v\u00fdrobk\u016f, co\u017e n\u00e1m umo\u017e\u0148uje siln\u00e9 inova\u010dn\u00ed schopnosti. Na\u0161\u00edm c\u00edlem je uspokojovat rozmanit\u00e9 pot\u0159eby na\u0161ich z\u00e1kazn\u00edk\u016f s vysokou efektivitou, p\u0159esnost\u00ed a dodr\u017eov\u00e1n\u00edm z\u00e1sad vysok\u00e9 kvality.<\/p>\n<p>M\u00e1me profesion\u00e1ln\u00ed t\u00fdm, kter\u00fd poskytuje slu\u017eby na m\u00edru, a z\u00edskali jsme \u0159adu mezin\u00e1rodn\u00edch certifikac\u00ed, jako nap\u0159\u00edklad ISO9001:2015, CE a SGS. Na\u0161e v\u00fdrobn\u00ed a testovac\u00ed za\u0159\u00edzen\u00ed jsou modern\u00ed, v\u010detn\u011b CNC obr\u00e1b\u011bc\u00edch center, automatick\u00fdch sv\u00e1\u0159e\u010dek a dynamick\u00fdch vyva\u017eovac\u00edch stroj\u016f. Zav\u00e1zali jsme se poskytovat vysoce kvalitn\u00ed produkty a slu\u017eby z\u00e1kazn\u00edk\u016fm po cel\u00e9m sv\u011bt\u011b a nab\u00edz\u00edme vynikaj\u00edc\u00ed poprodejn\u00ed servis, abychom zajistili jejich spokojenost.<\/p>\n<h3>Na\u0161e slu\u017eby zahrnuj\u00ed:<\/h3>\n<ul>\n<li>\n<h4>Profesionalita<\/h4>\n<p>M\u00e1me profesion\u00e1ln\u00ed t\u00fdm, kter\u00fd poskytuje slu\u017eby na m\u00edru a dok\u00e1\u017eeme navrhnout, vyrobit a testovat hydraulick\u00e9 v\u00e1lce dle specifick\u00fdch po\u017eadavk\u016f z\u00e1kazn\u00edk\u016f.<\/p>\n<\/li>\n<li>\n<h4>Mezin\u00e1rodn\u00ed certifikace<\/h4>\n<p>Z\u00edskali jsme r\u016fzn\u00e9 mezin\u00e1rodn\u00ed certifikace, jako nap\u0159\u00edklad ISO9001:2015, CE a SGS, abychom zajistili kvalitu v\u00fdrobk\u016f a shodu s mezin\u00e1rodn\u00edmi normami.<\/p>\n<\/li>\n<li>\n<h4>P\u0159izp\u016fsoben\u00ed<\/h4>\n<p>M\u016f\u017eeme poskytnout slu\u017eby na m\u00edru pro r\u016fzn\u00e9 typy hydraulick\u00fdch v\u00e1lc\u016f, v\u010detn\u011b velikosti vrt\u00e1n\u00ed, d\u00e9lky zdvihu, zp\u016fsob\u016f mont\u00e1\u017ee a dal\u0161\u00edch specifikac\u00ed.<\/p>\n<\/li>\n<li>\n<h4>V\u00fdrobn\u00ed za\u0159\u00edzen\u00ed<\/h4>\n<p>Na\u0161e v\u00fdrobn\u00ed a testovac\u00ed za\u0159\u00edzen\u00ed jsou modern\u00ed, v\u010detn\u011b CNC obr\u00e1b\u011bc\u00edch center, automatick\u00fdch sv\u00e1\u0159e\u010dek a dynamick\u00fdch vyva\u017eovac\u00edch stroj\u016f, aby byla zaji\u0161t\u011bna p\u0159esnost a efektivita v\u00fdroby.<\/p>\n<\/li>\n<li>\n<h4>Poprodejn\u00ed servis<\/h4>\n<p>Nab\u00edz\u00edme vynikaj\u00edc\u00ed poprodejn\u00ed servis, abychom zajistili spokojenost z\u00e1kazn\u00edk\u016f, v\u010detn\u011b technick\u00e9 podpory, instala\u010dn\u00edch pokyn\u016f a \u00fadr\u017eby a oprav.<\/p>\n<\/li>\n<\/ul>\n<p>Autor: lyl<\/p>","protected":false},"excerpt":{"rendered":"<p>Arm Cylinder for Jove JV235LC Introduction The arm cylinder is a specially designed hydraulic cylinder used to provide linear motion and power to various types of machinery arms, such as excavators, cranes, and robotic arms. It plays a crucial role in hydraulic systems, making it possible for additional tools or attachments to move and be [&hellip;]<\/p>","protected":false},"featured_media":14763,"comment_status":"open","ping_status":"closed","template":"","meta":{"_et_pb_use_builder":"","_et_pb_old_content":"","_et_gb_content_width":""},"product_brand":[],"product_cat":[1497],"product_tag":[1498,1496],"class_list":{"0":"post-16705","1":"product","2":"type-product","3":"status-publish","4":"has-post-thumbnail","6":"product_cat-arm-cylinders","7":"product_tag-arm-cylinders","8":"product_tag-hydraulic-cylinders","10":"first","11":"instock","12":"shipping-taxable","13":"product-type-simple"},"amp_enabled":true,"_links":{"self":[{"href":"https:\/\/www.hydraulic-cylinders.net\/cs\/wp-json\/wp\/v2\/product\/16705","targetHints":{"allow":["GET"]}}],"collection":[{"href":"https:\/\/www.hydraulic-cylinders.net\/cs\/wp-json\/wp\/v2\/product"}],"about":[{"href":"https:\/\/www.hydraulic-cylinders.net\/cs\/wp-json\/wp\/v2\/types\/product"}],"replies":[{"embeddable":true,"href":"https:\/\/www.hydraulic-cylinders.net\/cs\/wp-json\/wp\/v2\/comments?post=16705"}],"wp:featuredmedia":[{"embeddable":true,"href":"https:\/\/www.hydraulic-cylinders.net\/cs\/wp-json\/wp\/v2\/media\/14763"}],"wp:attachment":[{"href":"https:\/\/www.hydraulic-cylinders.net\/cs\/wp-json\/wp\/v2\/media?parent=16705"}],"wp:term":[{"taxonomy":"product_brand","embeddable":true,"href":"https:\/\/www.hydraulic-cylinders.net\/cs\/wp-json\/wp\/v2\/product_brand?post=16705"},{"taxonomy":"product_cat","embeddable":true,"href":"https:\/\/www.hydraulic-cylinders.net\/cs\/wp-json\/wp\/v2\/product_cat?post=16705"},{"taxonomy":"product_tag","embeddable":true,"href":"https:\/\/www.hydraulic-cylinders.net\/cs\/wp-json\/wp\/v2\/product_tag?post=16705"}],"curies":[{"name":"wp","href":"https:\/\/api.w.org\/{rel}","templated":true}]}}