{"id":16708,"date":"2025-01-21T05:48:35","date_gmt":"2025-01-21T05:48:35","guid":{"rendered":"https:\/\/www.hydraulic-cylinders.net\/product\/arm-cylinder-for-tck-hd1225lc-8h\/"},"modified":"2025-01-21T05:48:37","modified_gmt":"2025-01-21T05:48:37","slug":"arm-cylinder-for-tck-hd1225lc-8h","status":"publish","type":"product","link":"https:\/\/www.hydraulic-cylinders.net\/cs\/produkt\/arm-cylinder-for-tck-hd1225lc-8h\/","title":{"rendered":"V\u00e1lec ramene pro TCK HD1225LC-8H"},"content":{"rendered":"<h2>V\u00e1lec ramene pro TCK HD1225LC-8H<\/h2>\n<p>V\u00e1lec ramene je speci\u00e1ln\u011b navr\u017een\u00fd hydraulick\u00fd v\u00e1lec, kter\u00fd se pou\u017e\u00edv\u00e1 k zaji\u0161t\u011bn\u00ed line\u00e1rn\u00edho pohybu a v\u00fdkonu ramene r\u016fzn\u00fdch typ\u016f stroj\u016f, jako jsou bagry, je\u0159\u00e1by a robotick\u00e1 ramena. V\u00e1lec ramene hraje kl\u00ed\u010dovou roli v hydraulick\u00fdch syst\u00e9mech, proto\u017ee umo\u017e\u0148uje efektivn\u00ed pohyb a ovl\u00e1d\u00e1n\u00ed dal\u0161\u00edho n\u00e1\u0159ad\u00ed nebo p\u0159\u00edslu\u0161enstv\u00ed. Tyto v\u00e1lce nejen usnad\u0148uj\u00ed plynul\u00fd pohyb, ale tak\u00e9 odol\u00e1vaj\u00ed t\u011b\u017ek\u00fdm z\u00e1t\u011b\u017e\u00edm, \u010d\u00edm\u017e zaji\u0161\u0165uj\u00ed efektivn\u00ed provoz a spolehlivost stroj\u016f v r\u016fzn\u00fdch pracovn\u00edch podm\u00ednk\u00e1ch.<\/p>\n<p><img decoding=\"async\" src=\"https:\/\/www.hydraulic-cylinders.net\/wp-content\/uploads\/2025\/01\/songte-company-2.webp\" alt=\"V\u00e1lec ramene\" \/><\/p>\n<h2>Vlastnosti v\u00e1lce ramene:<\/h2>\n<ul>\n<li>Vysoce \u00fa\u010dinn\u00fd p\u0159enos: V\u00e1lec ramene poskytuje siln\u00fd line\u00e1rn\u00ed pohyb a s\u00edlu, co\u017e zaji\u0161\u0165uje vysok\u00fd v\u00fdkon robotick\u00e9ho ramene v r\u016fzn\u00fdch operac\u00edch.<\/li>\n<li>P\u0159esn\u00e9 ovl\u00e1d\u00e1n\u00ed: D\u00edky hydraulick\u00e9mu syst\u00e9mu umo\u017e\u0148uje v\u00e1lec ramene p\u0159esn\u00e9 ovl\u00e1d\u00e1n\u00ed pohybu, \u010d\u00edm\u017e je ovl\u00e1d\u00e1n\u00ed p\u0159ipojen\u00e9ho n\u00e1\u0159ad\u00ed flexibiln\u011bj\u0161\u00ed a p\u0159esn\u011bj\u0161\u00ed.<\/li>\n<li>Vysok\u00e1 odolnost: V\u00e1lce ramen jsou obvykle vyrobeny z vysoce pevn\u00fdch materi\u00e1l\u016f, kter\u00e9 nab\u00edzej\u00ed vynikaj\u00edc\u00ed odolnost proti opot\u0159eben\u00ed a korozi, a jsou vhodn\u00e9 pro dlouhodob\u00e9 pou\u017e\u00edv\u00e1n\u00ed v n\u00e1ro\u010dn\u00fdch podm\u00ednk\u00e1ch.<\/li>\n<li>Multifunk\u010dn\u00ed p\u0159izp\u016fsobivost: Tyto v\u00e1lce lze \u0161iroce pou\u017e\u00edvat v r\u016fzn\u00fdch typech stroj\u016f, jako jsou bagry, je\u0159\u00e1by a robotick\u00e1 ramena, a p\u0159izp\u016fsobit se tak r\u016fzn\u00fdm po\u017eadavk\u016fm na pr\u00e1ci.<\/li>\n<li>Snadn\u00e1 \u00fadr\u017eba: V\u00e1lce ramen jsou navr\u017eeny s ohledem na snadnou \u00fadr\u017ebu a v\u00fdm\u011bnu a usnad\u0148uj\u00ed pravideln\u00e9 kontroly a \u00fadr\u017ebu, \u010d\u00edm\u017e zkracuj\u00ed prostoje za\u0159\u00edzen\u00ed.<\/li>\n<\/ul>\n<p><img decoding=\"async\" src=\"https:\/\/www.hydraulic-cylinders.net\/wp-content\/uploads\/2025\/01\/songte-oil-pipes-and-spare-parts.webp\" alt=\"N\u00e1hradn\u00ed d\u00edly pro v\u00e1lce ramene\" \/><\/p>\n<h2>Pou\u017eit\u00ed v\u00e1lce ramene:<\/h2>\n<p>V\u00e1lce ramen nach\u00e1zej\u00ed uplatn\u011bn\u00ed v r\u016fzn\u00fdch odv\u011btv\u00edch a sc\u00e9n\u00e1\u0159\u00edch, mimo jin\u00e9 v\u010detn\u011b:<\/p>\n<ul>\n<li>Stavebn\u00ed in\u017een\u00fdrstv\u00ed: U bagr\u016f a je\u0159\u00e1b\u016f ovl\u00e1daj\u00ed v\u00e1lce ramen pohyb l\u017e\u00edce nebo v\u00fdlo\u017en\u00edku pro zemn\u00ed pr\u00e1ce, manipulaci s materi\u00e1lem a mont\u00e1\u017e konstrukc\u00ed.<\/li>\n<li>V\u00fdroba: V automatizovan\u00fdch v\u00fdrobn\u00edch link\u00e1ch usnad\u0148uj\u00ed v\u00e1lce ramen pohyb robotick\u00fdch ramen pro mont\u00e1\u017en\u00ed, sva\u0159ovac\u00ed a manipula\u010dn\u00ed procesy, \u010d\u00edm\u017e zvy\u0161uj\u00ed efektivitu a p\u0159esnost v\u00fdroby.<\/li>\n<li>Zem\u011bd\u011blsk\u00e9 stroje: V zem\u011bd\u011blsk\u00fdch stroj\u00edch, jako jsou skl\u00edzec\u00ed a sec\u00ed stroje, ovl\u00e1daj\u00ed v\u00e1lce ramen pohyb ovl\u00e1dac\u00edch ramen pro \u00fakoly, jako je set\u00ed, hnojen\u00ed a sklize\u0148.<\/li>\n<li>T\u011b\u017eba: V t\u011b\u017eebn\u00edch za\u0159\u00edzen\u00edch ovl\u00e1daj\u00ed v\u00e1lce ramen pohyb ramen t\u011b\u017eebn\u00edch stroj\u016f pro t\u011b\u017ebu a p\u0159epravu rudy.<\/li>\n<li>Logistika a doprava: U vysokozdvi\u017en\u00fdch voz\u00edk\u016f a manipula\u010dn\u00edch robot\u016f ovl\u00e1daj\u00ed v\u00e1lce ramen zved\u00e1n\u00ed a pohyb vidlic, co\u017e umo\u017e\u0148uje manipulaci a stohov\u00e1n\u00ed materi\u00e1l\u016f.<\/li>\n<\/ul>\n<h2>Konstruk\u010dn\u00ed aspekty a krit\u00e9ria v\u00fdb\u011bru:<\/h2>\n<p>Pokud jde o konstrukci v\u00e1lc\u016f ramene, je nezbytn\u00fdch n\u011bkolik kl\u00ed\u010dov\u00fdch faktor\u016f a krit\u00e9ri\u00ed v\u00fdb\u011bru:<\/p>\n<ul>\n<li>\u00danosnost: V\u00e1lec ramene mus\u00ed b\u00fdt navr\u017een tak, aby zvl\u00e1dl po\u017eadovan\u00e9 zat\u00ed\u017een\u00ed a s\u00edly bez selh\u00e1n\u00ed.<\/li>\n<li>T\u011bsnic\u00ed schopnost: Pro zaji\u0161t\u011bn\u00ed \u00fa\u010dinn\u00e9ho ut\u011bsn\u011bn\u00ed se pou\u017e\u00edvaj\u00ed r\u016fzn\u00e9 t\u011bsnic\u00ed komponenty, jako jsou t\u011bsn\u011bn\u00ed p\u00edst\u016f a p\u00edstnic. Tato t\u011bsn\u011bn\u00ed jsou vyrobena z materi\u00e1l\u016f odoln\u00fdch proti opot\u0159eben\u00ed, jako je polyuretan a nitrilov\u00e1 pry\u017e.<\/li>\n<li>Trvanlivost: V\u00e1lce ramen jsou vystaveny n\u00e1ro\u010dn\u00fdm provozn\u00edm podm\u00ednk\u00e1m, proto mus\u00ed b\u00fdt vyrobeny z materi\u00e1l\u016f, kter\u00e9 nab\u00edzej\u00ed vysokou trvanlivost a odolnost proti opot\u0159eben\u00ed a korozi.<\/li>\n<li>Bezpe\u010dnost: Sou\u010d\u00e1st\u00ed konstrukce by m\u011bly b\u00fdt bezpe\u010dnostn\u00ed prvky, kter\u00e9 by zabr\u00e1nily nehod\u00e1m a zajistily ochranu obsluhy a person\u00e1lu v okol\u00ed.<\/li>\n<li>\u00dadr\u017eba: V\u00e1lce ramen by m\u011bly b\u00fdt navr\u017eeny pro snadnou \u00fadr\u017ebu a opravy, co\u017e by umo\u017e\u0148ovalo pohodlnou kontrolu, v\u00fdm\u011bnu a maz\u00e1n\u00ed.<\/li>\n<\/ul>\n<p><img decoding=\"async\" src=\"https:\/\/www.hydraulic-cylinders.net\/wp-content\/uploads\/2025\/01\/songte-cylinder-head-with-all-kinds-excavator-models.webp\" alt=\"Hlava v\u00e1lc\u016f\"><\/p>\n<p>T\u011bsn\u011bn\u00ed a maz\u00e1n\u00ed jsou kl\u00ed\u010dov\u00e9 pro spr\u00e1vnou funkci v\u00e1lc\u016f ramen. K udr\u017een\u00ed integrity hydraulick\u00e9ho syst\u00e9mu se pou\u017e\u00edvaj\u00ed r\u016fzn\u00e9 t\u011bsnic\u00ed komponenty, jako jsou t\u011bsn\u011bn\u00ed p\u00edst\u016f a t\u011bsn\u011bn\u00ed p\u00edstnic. Tato t\u011bsn\u011bn\u00ed jsou vyrobena z odoln\u00fdch a ot\u011bruvzdorn\u00fdch materi\u00e1l\u016f, jako je polyuretan a nitrilov\u00e1 pry\u017e. T\u011bleso v\u00e1lce a z\u00e1vitov\u00e9 koncov\u00e9 plochy jsou nav\u00edc jemn\u011b o\u0161et\u0159eny pro zv\u00fd\u0161en\u00ed odolnosti proti opot\u0159eben\u00ed. Pro zaji\u0161t\u011bn\u00ed spr\u00e1vn\u00e9ho maz\u00e1n\u00ed je nutn\u00e9 pravideln\u011b dopl\u0148ovat hydraulick\u00fd olej.<\/p>\n<h2>Pravideln\u00e1 kontrola a preventivn\u00ed \u00fadr\u017eba:<\/h2>\n<p>Pro zaji\u0161t\u011bn\u00ed optim\u00e1ln\u00edho v\u00fdkonu a dlouh\u00e9 \u017eivotnosti v\u00e1lc\u016f ramen se doporu\u010duje pravideln\u00e1 kontrola a preventivn\u00ed \u00fadr\u017eba. M\u011bla by b\u00fdt p\u0159ijata n\u00e1sleduj\u00edc\u00ed opat\u0159en\u00ed:<\/p>\n<ul>\n<li>Zkontrolujte v\u00e1lec, zda nevykazuje zn\u00e1mky net\u011bsnosti, po\u0161kozen\u00ed nebo opot\u0159eben\u00ed.<\/li>\n<li>Pravideln\u011b \u010dist\u011bte v\u00e1lec, abyste odstranili ne\u010distoty a \u00falomky.<\/li>\n<li>Zkontrolujte a v p\u0159\u00edpad\u011b pot\u0159eby dopl\u0148te hladinu hydraulick\u00e9ho oleje.<\/li>\n<li>Zkontrolujte spr\u00e1vnou funkci t\u011bsn\u011bn\u00ed a vym\u011b\u0148te v\u0161echna po\u0161kozen\u00e1 nebo opot\u0159ebovan\u00e1 t\u011bsn\u011bn\u00ed.<\/li>\n<li>Ut\u00e1hn\u011bte uvoln\u011bn\u00e9 spoje a upev\u0148ovac\u00ed prvky.<\/li>\n<\/ul>\n<h2>Pokyny k instalaci produktu:<\/h2>\n<p>Spr\u00e1vn\u00e1 instalace v\u00e1lc\u016f ramen je kl\u00ed\u010dov\u00e1 pro jejich optim\u00e1ln\u00ed v\u00fdkon. Dodr\u017eujte tyto pokyny:<\/p>\n<ul>\n<li>Ujist\u011bte se, \u017ee mont\u00e1\u017en\u00ed povrch je \u010dist\u00fd a bez jak\u00fdchkoli ne\u010distot.<\/li>\n<li>P\u0159esn\u011b zarovnejte v\u00e1lec a mont\u00e1\u017en\u00ed otvory.<\/li>\n<li>Bezpe\u010dn\u011b upevn\u011bte v\u00e1lec k mont\u00e1\u017en\u00ed plo\u0161e pomoc\u00ed vhodn\u00fdch \u0161roub\u016f.<\/li>\n<li>\u0158\u00e1dn\u011b p\u0159ipojte hydraulick\u00e9 hadice a armatury.<\/li>\n<li>P\u0159ed pln\u00fdm provozem otestujte v\u00e1lec na t\u011bsnost nebo abnorm\u00e1ln\u00ed chov\u00e1n\u00ed.<\/li>\n<\/ul>\n<p><img decoding=\"async\" src=\"https:\/\/www.hydraulic-cylinders.net\/wp-content\/uploads\/2025\/01\/songte-bushings-with-all-kinds-of-excavator-models.webp\" alt=\"Pouzdra v\u00e1lc\u016f\"><\/p>\n<h2>Bezpe\u010dnostn\u00ed aspekty a faktory prost\u0159ed\u00ed:<\/h2>\n<p>P\u0159i pr\u00e1ci s v\u00e1lci ramen jsou bezpe\u010dnostn\u00ed opat\u0159en\u00ed nanejv\u00fd\u0161 d\u016fle\u017eit\u00e1. Dodr\u017eov\u00e1n\u00ed n\u00e1sleduj\u00edc\u00edch bezpe\u010dnostn\u00edch opat\u0159en\u00ed pom\u016f\u017ee p\u0159edch\u00e1zet nehod\u00e1m a zajistit bezpe\u010dn\u00e9 pracovn\u00ed prost\u0159ed\u00ed:<\/p>\n<ul>\n<li>Dodr\u017eujte v\u0161echny pokyny a pokyny v\u00fdrobce pro bezpe\u010dn\u00fd provoz a \u00fadr\u017ebu v\u00e1lce ramene.<\/li>\n<li>P\u0159i pr\u00e1ci s hydraulick\u00fdmi syst\u00e9my pou\u017e\u00edvejte vhodn\u00e9 osobn\u00ed ochrann\u00e9 prost\u0159edky (OOP).<\/li>\n<li>Pravideln\u011b kontrolujte v\u00e1lec, zda nevykazuje zn\u00e1mky po\u0161kozen\u00ed nebo opot\u0159eben\u00ed, kter\u00e9 by mohly ohrozit bezpe\u010dnost.<\/li>\n<li>P\u0159i prov\u00e1d\u011bn\u00ed \u00fadr\u017eby nebo oprav v\u00e1lce dodr\u017eujte spr\u00e1vn\u00e9 postupy pro blokov\u00e1n\u00ed\/ozna\u010dov\u00e1n\u00ed.<\/li>\n<\/ul>\n<p>P\u0159i \u0159e\u0161en\u00ed z\u00e1vad nebo b\u011b\u017en\u00fdch probl\u00e9m\u016f s v\u00e1lci ramen je nezbytn\u00e9 p\u0159esn\u011b diagnostikovat probl\u00e9m a poskytnout vhodn\u00e1 \u0159e\u0161en\u00ed. N\u00e1sleduje n\u011bkolik b\u011b\u017en\u00fdch z\u00e1vad a tipy pro jejich odstra\u0148ov\u00e1n\u00ed:<\/p>\n<p>\u2013 Z\u00e1vada: \u00danik z v\u00e1lce<br \/>\n\u0158e\u0161en\u00ed: Zkontrolujte a vym\u011b\u0148te po\u0161kozen\u00e1 t\u011bsn\u011bn\u00ed nebo O-krou\u017eky.<br \/>\n\u2013 Z\u00e1vada: Nedostate\u010dn\u00fd v\u00fdkon nebo pomal\u00fd pohyb<br \/>\n\u0158e\u0161en\u00ed: Zkontrolujte hladinu a tlak hydraulick\u00e9 kapaliny, zajist\u011bte spr\u00e1vn\u00e9 maz\u00e1n\u00ed a zkontrolujte, zda v hydraulick\u00e9m syst\u00e9mu nejsou n\u011bjak\u00e9 ucp\u00e1n\u00ed nebo omezen\u00ed.<br \/>\n\u2013 Z\u00e1vada: Nadm\u011brn\u00fd hluk b\u011bhem provozu<br \/>\n\u0158e\u0161en\u00ed: Zkontrolujte, zda nejsou uvoln\u011bn\u00e9 nebo po\u0161kozen\u00e9 sou\u010d\u00e1sti, jako jsou \u0161rouby nebo mont\u00e1\u017en\u00ed konzoly, a v p\u0159\u00edpad\u011b pot\u0159eby je ut\u00e1hn\u011bte nebo vym\u011b\u0148te.<br \/>\n\u2013 Z\u00e1vada: V\u00e1lec se pohybuje nebo nedr\u017e\u00ed svou polohu<br \/>\n\u0158e\u0161en\u00ed: Zkontrolujte opot\u0159ebovan\u00e1 t\u011bsn\u011bn\u00ed a vym\u011b\u0148te je. Zkontrolujte tak\u00e9 regula\u010dn\u00ed ventily a ov\u011b\u0159te, zda nefunguj\u00ed spr\u00e1vn\u011b.<\/p>\n<p><img decoding=\"async\" src=\"https:\/\/www.hydraulic-cylinders.net\/wp-content\/uploads\/2025\/01\/songte-chushion-collar.webp\" alt=\"Pol\u0161t\u00e1\u0159ov\u00fd l\u00edmec\"><\/p>\n<p>Preventivn\u00ed opat\u0159en\u00ed mohou v\u00fdrazn\u011b sn\u00ed\u017eit v\u00fdskyt potenci\u00e1ln\u00edch probl\u00e9m\u016f s v\u00e1lci ramen. Mezi n\u011b pat\u0159\u00ed:<\/p>\n<ul>\n<li>Pravideln\u011b kontrolujte a udr\u017eujte hydraulick\u00fd syst\u00e9m.<\/li>\n<li>Vym\u011b\u0148ujte t\u011bsn\u011bn\u00ed a dal\u0161\u00ed opot\u0159ebiteln\u00e9 sou\u010d\u00e1sti v doporu\u010den\u00fdch intervalech.<\/li>\n<li>Pro\u0161kolit obsluhu ve spr\u00e1vn\u00fdch postupech pou\u017e\u00edv\u00e1n\u00ed a \u00fadr\u017eby.<\/li>\n<li>Zave\u010fte pl\u00e1n preventivn\u00ed \u00fadr\u017eby, abyste \u0159e\u0161ili potenci\u00e1ln\u00ed probl\u00e9my d\u0159\u00edve, ne\u017e se z nich stanou z\u00e1va\u017en\u00e9 probl\u00e9my.<\/li>\n<\/ul>\n<p>Jako p\u0159edn\u00ed v\u00fdrobce n\u00e1hradn\u00edch hydraulick\u00fdch v\u00e1lc\u016f nab\u00edz\u00edme \u0161irokou \u0161k\u00e1lu produkt\u016f, kter\u00e9 tyto hydraulick\u00e9 v\u00e1lce dokonale nahrad\u00ed. Jsme hrd\u00ed na na\u0161i vynikaj\u00edc\u00ed kvalitu a dodr\u017eujeme z\u00e1sady efektivn\u00ed, p\u0159esn\u00e9 a vysoce kvalitn\u00ed v\u00fdroby. D\u00edky na\u0161emu pokro\u010dil\u00e9mu digit\u00e1ln\u00edmu v\u00fdrobn\u00edmu za\u0159\u00edzen\u00ed a profesion\u00e1ln\u00edm testovac\u00edm syst\u00e9m\u016fm neust\u00e1le vylep\u0161ujeme na\u0161i v\u00fdrobn\u00ed platformu a zdokonalujeme procesy kontroly kvality v\u00fdrobk\u016f. Na\u0161\u00edm c\u00edlem je uspokojovat rozmanit\u00e9 pot\u0159eby z\u00e1kazn\u00edk\u016f s efektivitou, p\u0159esnost\u00ed a vysoce kvalitn\u00edmi produkty.<\/p>\n<p><img decoding=\"async\" src=\"https:\/\/www.hydraulic-cylinders.net\/wp-content\/uploads\/2025\/01\/songte-company-4.webp\" alt=\"Image spole\u010dnosti\"><br \/>\n<img","protected":false},"excerpt":{"rendered":"<p>Arm Cylinder For TCK HD1225LC-8H The arm cylinder is a specially designed hydraulic cylinder that is used to provide linear motion and power to the arm of various types of machinery, such as excavators, cranes, and robotic arms. The arm cylinder plays a crucial role in hydraulic systems, enabling the efficient movement and control of [&hellip;]<\/p>","protected":false},"featured_media":14783,"comment_status":"open","ping_status":"closed","template":"","meta":{"_et_pb_use_builder":"","_et_pb_old_content":"","_et_gb_content_width":""},"product_brand":[],"product_cat":[1497],"product_tag":[1498,1496],"class_list":{"0":"post-16708","1":"product","2":"type-product","3":"status-publish","4":"has-post-thumbnail","6":"product_cat-arm-cylinders","7":"product_tag-arm-cylinders","8":"product_tag-hydraulic-cylinders","10":"first","11":"instock","12":"shipping-taxable","13":"product-type-simple"},"amp_enabled":true,"_links":{"self":[{"href":"https:\/\/www.hydraulic-cylinders.net\/cs\/wp-json\/wp\/v2\/product\/16708","targetHints":{"allow":["GET"]}}],"collection":[{"href":"https:\/\/www.hydraulic-cylinders.net\/cs\/wp-json\/wp\/v2\/product"}],"about":[{"href":"https:\/\/www.hydraulic-cylinders.net\/cs\/wp-json\/wp\/v2\/types\/product"}],"replies":[{"embeddable":true,"href":"https:\/\/www.hydraulic-cylinders.net\/cs\/wp-json\/wp\/v2\/comments?post=16708"}],"wp:featuredmedia":[{"embeddable":true,"href":"https:\/\/www.hydraulic-cylinders.net\/cs\/wp-json\/wp\/v2\/media\/14783"}],"wp:attachment":[{"href":"https:\/\/www.hydraulic-cylinders.net\/cs\/wp-json\/wp\/v2\/media?parent=16708"}],"wp:term":[{"taxonomy":"product_brand","embeddable":true,"href":"https:\/\/www.hydraulic-cylinders.net\/cs\/wp-json\/wp\/v2\/product_brand?post=16708"},{"taxonomy":"product_cat","embeddable":true,"href":"https:\/\/www.hydraulic-cylinders.net\/cs\/wp-json\/wp\/v2\/product_cat?post=16708"},{"taxonomy":"product_tag","embeddable":true,"href":"https:\/\/www.hydraulic-cylinders.net\/cs\/wp-json\/wp\/v2\/product_tag?post=16708"}],"curies":[{"name":"wp","href":"https:\/\/api.w.org\/{rel}","templated":true}]}}