{"id":16719,"date":"2025-01-21T05:49:22","date_gmt":"2025-01-21T05:49:22","guid":{"rendered":"https:\/\/www.hydraulic-cylinders.net\/product\/arm-cylinder-for-sgzg-sd30-9b\/"},"modified":"2025-01-21T05:49:24","modified_gmt":"2025-01-21T05:49:24","slug":"arm-cylinder-for-sgzg-sd30-9b","status":"publish","type":"product","link":"https:\/\/www.hydraulic-cylinders.net\/cs\/produkt\/arm-cylinder-for-sgzg-sd30-9b\/","title":{"rendered":"V\u00e1lec ramene pro SGZG SD30-9B"},"content":{"rendered":"<h1>V\u00e1lec ramene pro SGZG SD30-9B<\/h1>\n<p>Hydraulick\u00fd v\u00e1lec ramene je speci\u00e1ln\u011b navr\u017een\u00fd hydraulick\u00fd v\u00e1lec, kter\u00fd se pou\u017e\u00edv\u00e1 k zaji\u0161t\u011bn\u00ed line\u00e1rn\u00edho pohybu a v\u00fdkonu ramene r\u016fzn\u00fdch typ\u016f stroj\u016f, jako jsou bagry, je\u0159\u00e1by a robotick\u00e1 ramena. V\u00e1lce ramen hraj\u00ed kl\u00ed\u010dovou roli v hydraulick\u00fdch syst\u00e9mech, proto\u017ee umo\u017e\u0148uj\u00ed efektivn\u00ed pohyb a ovl\u00e1d\u00e1n\u00ed dal\u0161\u00edho n\u00e1\u0159ad\u00ed nebo p\u0159\u00edslu\u0161enstv\u00ed. Tyto v\u00e1lce nejen\u017ee zaji\u0161\u0165uj\u00ed plynul\u00fd pohyb, ale tak\u00e9 odol\u00e1vaj\u00ed t\u011b\u017ek\u00fdm z\u00e1t\u011b\u017e\u00edm, \u010d\u00edm\u017e zaji\u0161\u0165uj\u00ed efektivn\u00ed provoz a spolehlivost stroj\u016f v r\u016fzn\u00fdch pracovn\u00edch podm\u00ednk\u00e1ch.<\/p>\n<h2>Definice a vysv\u011btlen\u00ed<\/h2>\n<p>V\u00e1lec ramene je hydraulick\u00fd v\u00e1lec ur\u010den\u00fd k zaji\u0161t\u011bn\u00ed line\u00e1rn\u00edho pohybu a v\u00fdkonu ramene r\u016fzn\u00fdch stroj\u016f, jako jsou bagry, je\u0159\u00e1by a robotick\u00e1 ramena. Hraje kl\u00ed\u010dovou roli v hydraulick\u00fdch syst\u00e9mech, proto\u017ee umo\u017e\u0148uje efektivn\u00ed pohyb a ovl\u00e1d\u00e1n\u00ed dal\u0161\u00edch n\u00e1stroj\u016f nebo p\u0159\u00edslu\u0161enstv\u00ed. Tyto v\u00e1lce jsou schopny plynul\u00e9ho pohybu a odol\u00e1vaj\u00ed t\u011b\u017ek\u00fdm z\u00e1t\u011b\u017e\u00edm, \u010d\u00edm\u017e zaji\u0161\u0165uj\u00ed efektivn\u00ed provoz a spolehlivost stroj\u016f v r\u016fzn\u00fdch pracovn\u00edch podm\u00ednk\u00e1ch.<\/p>\n<p><img decoding=\"async\" src=\"https:\/\/www.hydraulic-cylinders.net\/wp-content\/uploads\/2025\/01\/songte-company-2.webp\"><\/p>\n<h2>Vlastnosti v\u00e1lce ramene pro SGZG SD30-9B<\/h2>\n<ul>\n<li>Vysoce \u00fa\u010dinn\u00fd p\u0159enos v\u00fdkonu: V\u00e1lec ramene poskytuje siln\u00fd line\u00e1rn\u00ed pohyb a s\u00edlu, co\u017e zaji\u0161\u0165uje vysoce v\u00fdkonn\u00fd provoz robotick\u00e9ho ramene p\u0159i r\u016fzn\u00fdch \u00fakolech.<\/li>\n<li>P\u0159esn\u00e9 ovl\u00e1d\u00e1n\u00ed: D\u00edky hydraulick\u00e9mu syst\u00e9mu umo\u017e\u0148uje v\u00e1lec ramene p\u0159esn\u00e9 ovl\u00e1d\u00e1n\u00ed pohybu, \u010d\u00edm\u017e je ovl\u00e1d\u00e1n\u00ed dal\u0161\u00edch n\u00e1stroj\u016f flexibiln\u011bj\u0161\u00ed a p\u0159esn\u011bj\u0161\u00ed.<\/li>\n<li>Trvanlivost: V\u00e1lce ramen jsou obvykle vyrobeny z vysoce pevn\u00fdch materi\u00e1l\u016f, kter\u00e9 nab\u00edzej\u00ed vynikaj\u00edc\u00ed odolnost proti opot\u0159eben\u00ed a korozi, d\u00edky \u010demu\u017e jsou vhodn\u00e9 pro dlouhodob\u00e9 pou\u017e\u00edv\u00e1n\u00ed v n\u00e1ro\u010dn\u00fdch podm\u00ednk\u00e1ch.<\/li>\n<li>Multifunk\u010dn\u00ed p\u0159izp\u016fsobivost: Tyto v\u00e1lce lze \u0161iroce pou\u017e\u00edvat v r\u016fzn\u00fdch stroj\u00edch, jako jsou bagry, je\u0159\u00e1by a robotick\u00e1 ramena, a spl\u0148uj\u00ed tak r\u016fzn\u00e9 pracovn\u00ed po\u017eadavky.<\/li>\n<li>Snadn\u00e1 \u00fadr\u017eba: Konstrukce v\u00e1lce ramene zohled\u0148uje snadnou \u00fadr\u017ebu a v\u00fdm\u011bnu, co\u017e usnad\u0148uje pravideln\u00e9 kontroly a \u00fadr\u017ebu a zkracuje prostoje za\u0159\u00edzen\u00ed.<\/li>\n<\/ul>\n<p><img decoding=\"async\" src=\"https:\/\/www.hydraulic-cylinders.net\/wp-content\/uploads\/2025\/01\/songte-oil-pipes-and-spare-parts.webp\"><\/p>\n<h2>Pou\u017eit\u00ed v\u00e1lce ramene pro SGZG SD30-9B<\/h2>\n<p>V\u00e1lce s rameny nach\u00e1zej\u00ed uplatn\u011bn\u00ed v r\u016fzn\u00fdch pr\u016fmyslov\u00fdch odv\u011btv\u00edch a sektorech, v\u010detn\u011b:<\/p>\n<ol>\n<li>Stavebn\u00ed in\u017een\u00fdrstv\u00ed: U bagr\u016f a je\u0159\u00e1b\u016f se v\u00e1lce ramen pou\u017e\u00edvaj\u00ed k ovl\u00e1d\u00e1n\u00ed pohybu l\u017e\u00edc nebo v\u00fdlo\u017en\u00edk\u016f pro zemn\u00ed pr\u00e1ce, manipulaci s materi\u00e1lem a mont\u00e1\u017e konstrukc\u00ed.<\/li>\n<li>Zpracovatelsk\u00fd pr\u016fmysl: V automatizovan\u00fdch v\u00fdrobn\u00edch link\u00e1ch se pro pohyb robotick\u00fdch ramen pou\u017e\u00edvaj\u00ed v\u00e1lce ramen, co\u017e usnad\u0148uje mont\u00e1\u017en\u00ed, sva\u0159ovac\u00ed a manipula\u010dn\u00ed procesy, a t\u00edm zvy\u0161uje efektivitu a p\u0159esnost v\u00fdroby.<\/li>\n<li>Zem\u011bd\u011blsk\u00e9 stroje: V zem\u011bd\u011blsk\u00fdch stroj\u00edch, jako jsou skl\u00edzec\u00ed a sec\u00ed stroje, ovl\u00e1daj\u00ed v\u00e1lce ramen pohyb ovl\u00e1dac\u00edch ramen a prov\u00e1d\u011bj\u00ed \u00fakoly, jako je set\u00ed, hnojen\u00ed a sklize\u0148.<\/li>\n<li>T\u011b\u017eba: V t\u011b\u017eebn\u00edch za\u0159\u00edzen\u00edch se v\u00e1lce ramen pou\u017e\u00edvaj\u00ed k \u0159\u00edzen\u00ed pohybu ramen t\u011b\u017eebn\u00edho za\u0159\u00edzen\u00ed, co\u017e umo\u017e\u0148uje t\u011b\u017ebu a p\u0159epravu nerost\u016f.<\/li>\n<li>Logistika a doprava: U vysokozdvi\u017en\u00fdch voz\u00edk\u016f a manipula\u010dn\u00edch robot\u016f se pou\u017e\u00edvaj\u00ed v\u00e1lce ramen k ovl\u00e1d\u00e1n\u00ed zved\u00e1n\u00ed a pohybu vidlic, co\u017e usnad\u0148uje manipulaci s materi\u00e1lem a jeho stohov\u00e1n\u00ed.<\/li>\n<\/ol>\n<h2>Konstruk\u010dn\u00ed aspekty a krit\u00e9ria v\u00fdb\u011bru<\/h2>\n<p>Pokud jde o konstruk\u010dn\u00ed aspekty a krit\u00e9ria v\u00fdb\u011bru pro v\u00e1lce s ramenem, je t\u0159eba zv\u00e1\u017eit n\u011bkolik kl\u00ed\u010dov\u00fdch aspekt\u016f:<\/p>\n<ol>\n<li>Nosnost: V\u00e1lec ramene by m\u011bl b\u00fdt navr\u017een tak, aby zvl\u00e1dl o\u010dek\u00e1van\u00e9 zat\u00ed\u017een\u00ed bez kompromis\u016f v oblasti v\u00fdkonu nebo bezpe\u010dnosti.<\/li>\n<li>T\u011bsn\u011bn\u00ed: Pro zaji\u0161t\u011bn\u00ed \u00fa\u010dinn\u00e9ho ut\u011bsn\u011bn\u00ed a zabr\u00e1n\u011bn\u00ed \u00faniku by se m\u011bla pou\u017e\u00edvat r\u016fzn\u00e1 t\u011bsn\u011bn\u00ed, jako jsou p\u00edstn\u00ed a p\u00edstn\u00ed t\u011bsn\u011bn\u00ed, vyroben\u00e1 z odoln\u00fdch materi\u00e1l\u016f, jako je polyuretan nebo nitrilov\u00e1 pry\u017e.<\/li>\n<li>Trvanlivost: T\u011bleso v\u00e1lce a z\u00e1vitov\u00e9 konce by m\u011bly b\u00fdt precizn\u011b o\u0161et\u0159eny pro zv\u00fd\u0161en\u00ed odolnosti proti opot\u0159eben\u00ed a zaji\u0161t\u011bn\u00ed dlouhodob\u00e9ho v\u00fdkonu.<\/li>\n<li>Bezpe\u010dnost: V\u00e1lce ramen by m\u011bly b\u00fdt navr\u017eeny s bezpe\u010dnostn\u00edmi prvky, jako jsou p\u0159etlakov\u00e9 ventily, aby se zabr\u00e1nilo p\u0159et\u00ed\u017een\u00ed a zajistil bezpe\u010dn\u00fd provoz.<\/li>\n<li>\u00dadr\u017eba: Pro zaji\u0161t\u011bn\u00ed optim\u00e1ln\u00edho v\u00fdkonu a dlouh\u00e9 \u017eivotnosti v\u00e1lce ramene by se m\u011bla doporu\u010dit pravideln\u00e1 kontrola a preventivn\u00ed \u00fadr\u017eba.<\/li>\n<\/ol>\n<p><img decoding=\"async\" src=\"https:\/\/www.hydraulic-cylinders.net\/wp-content\/uploads\/2025\/01\/songte-cylinder-head-with-all-kinds-excavator-models.webp\"><\/p>\n<h2>T\u011bsn\u011bn\u00ed a maz\u00e1n\u00ed v\u00e1lce ramene pro SGZG SD30-9B<\/h2>\n<p>V\u00e1lec ramene vyu\u017e\u00edv\u00e1 r\u016fzn\u00e9 t\u011bsnic\u00ed komponenty, jako jsou t\u011bsn\u011bn\u00ed p\u00edstu a t\u011bsn\u011bn\u00ed p\u00edstnice. Tato t\u011bsn\u011bn\u00ed jsou vyrobena z materi\u00e1l\u016f odoln\u00fdch proti opot\u0159eben\u00ed, jako je polyuretan a nitrilov\u00e1 pry\u017e. T\u011bleso v\u00e1lce a z\u00e1vitov\u00e9 konce proch\u00e1zej\u00ed p\u0159esn\u00fdm o\u0161et\u0159en\u00edm pro zlep\u0161en\u00ed odolnosti proti opot\u0159eben\u00ed. Pravideln\u00e9 maz\u00e1n\u00ed vhodn\u00fdm mno\u017estv\u00edm hydraulick\u00e9ho oleje je nezbytn\u00e9 pro zaji\u0161t\u011bn\u00ed plynul\u00e9ho provozu a dlouh\u00e9 \u017eivotnosti.<\/p>\n<h2>Pravideln\u00e1 kontrola a preventivn\u00ed \u00fadr\u017eba<\/h2>\n<p>Pro zaji\u0161t\u011bn\u00ed optim\u00e1ln\u00edho v\u00fdkonu a dlouh\u00e9 \u017eivotnosti v\u00e1lce ramene se doporu\u010duj\u00ed n\u00e1sleduj\u00edc\u00ed pravideln\u00e9 kontroly a preventivn\u00ed \u00fadr\u017eba:<\/p>\n<ol>\n<li>Zkontrolujte v\u00e1lec, zda nevykazuje zn\u00e1mky po\u0161kozen\u00ed nebo opot\u0159eben\u00ed.<\/li>\n<li>Zkontrolujte t\u011bsn\u011bn\u00ed a v p\u0159\u00edpad\u011b pot\u0159eby je vym\u011b\u0148te.<\/li>\n<li>Ujist\u011bte se, \u017ee v\u0161echna spojen\u00ed a armatury jsou t\u011bsn\u00e9 a bezpe\u010dn\u00e9.<\/li>\n<li>Vy\u010dist\u011bte v\u00e1lec a odstra\u0148te ve\u0161ker\u00e9 ne\u010distoty nebo \u00falomky.<\/li>\n<li>Pravideln\u011b promaz\u00e1vejte v\u00e1lec doporu\u010den\u00fdm hydraulick\u00fdm olejem.<\/li>\n<\/ol>\n<p><img decoding=\"async\" src=\"https:\/\/www.hydraulic-cylinders.net\/wp-content\/uploads\/2025\/01\/songte-chushion-collar.webp\"><\/p>\n<h2>Pr\u016fvodce instalac\u00ed produktu<\/h2>\n<p>Spr\u00e1vn\u00e1 instalace v\u00e1lce ramene je kl\u00ed\u010dov\u00e1 pro jeho optim\u00e1ln\u00ed v\u00fdkon. Pro spr\u00e1vnou instalaci postupujte podle t\u011bchto krok\u016f:<\/p>\n<ol>\n<li>Ujist\u011bte se, \u017ee je za\u0159\u00edzen\u00ed vypnut\u00e9 a ve\u0161ker\u00fd hydraulick\u00fd tlak je uvoln\u011bn.<\/li>\n<li>V p\u0159\u00edpad\u011b pot\u0159eby odstra\u0148te star\u00fd v\u00e1lec.<\/li>\n<li>Zkontrolujte mont\u00e1\u017en\u00ed plochy a d\u016fkladn\u011b je o\u010dist\u011bte.<\/li>\n<li>Apply a thin layer of hydraulic oil on the cylinder&#8217;s rod and seals.<\/li>\n<li>Zarovnejte v\u00e1lec s mont\u00e1\u017en\u00edmi otvory a zajist\u011bte jej na m\u00edst\u011b pomoc\u00ed vhodn\u00e9ho spojovac\u00edho materi\u00e1lu.<\/li>\n<li>Ut\u00e1hn\u011bte v\u0161echny spoje, ale vyvarujte se nadm\u011brn\u00e9ho utahov\u00e1n\u00ed.<\/li>\n<li>P\u0159ed obnoven\u00edm b\u011b\u017en\u00e9ho pou\u017e\u00edv\u00e1n\u00ed za\u0159\u00edzen\u00ed otestujte v\u00e1lec na spr\u00e1vnou funkci.<\/li>\n<\/ol>\n<p><img decoding=\"async\" src=\"https:\/\/www.hydraulic-cylinders.net\/wp-content\/uploads\/2025\/01\/songte-bushings-with-all-kinds-of-excavator-models.webp\"><\/p>\n<h2>Bezpe\u010dnostn\u00ed aspekty a faktory prost\u0159ed\u00ed<\/h2>\n<p>P\u0159i pr\u00e1ci s v\u00e1lci ramen jsou bezpe\u010dnostn\u00ed opat\u0159en\u00ed nezbytn\u00e1 pro prevenci nehod a zaji\u0161t\u011bn\u00ed pohody obsluhy. Je nezbytn\u00e9 dodr\u017eovat bezpe\u010dnostn\u00ed pokyny, jako je no\u0161en\u00ed vhodn\u00fdch ochrann\u00fdch pom\u016fcek a dodr\u017eov\u00e1n\u00ed provozn\u00edch pokyn\u016f. D\u00e1le je t\u0159eba zv\u00e1\u017eit faktory prost\u0159ed\u00ed a zav\u00e9st spr\u00e1vn\u00e1 opat\u0159en\u00ed pro likvidaci odpadu, aby se minimalizoval jak\u00fdkoli negativn\u00ed dopad na \u017eivotn\u00ed prost\u0159ed\u00ed.<\/p>\n<h2>Odstra\u0148ov\u00e1n\u00ed probl\u00e9m\u016f a b\u011b\u017en\u00e9 probl\u00e9my<\/h2>\n<p>V\u00e1lce ramen se mohou setkat s ur\u010dit\u00fdmi probl\u00e9my, kter\u00e9 mohou ovlivnit jejich v\u00fdkon. Zde je n\u011bkolik b\u011b\u017en\u00fdch probl\u00e9m\u016f:<\/p>\n<ol>\n<li>Net\u011bsnost: Zkontrolujte, zda nejsou po\u0161kozen\u00e1 t\u011bsn\u011bn\u00ed nebo uvoln\u011bn\u00e1 spojen\u00ed, a podle pot\u0159eby je vym\u011b\u0148te nebo dot\u00e1hn\u011bte.<\/li>\n<li>Pomal\u00fd nebo nepravideln\u00fd pohyb: Zkontrolujte hydraulick\u00fd syst\u00e9m, zda nen\u00ed n\u00edzk\u00e1 hladina kapaliny nebo zda nejsou ucpan\u00e9 filtry, a v p\u0159\u00edpad\u011b pot\u0159eby probl\u00e9m vy\u0159e\u0161te.<\/li>\n<li>Nadm\u011brn\u00fd hluk nebo vibrace: M\u016f\u017ee to znamenat nespr\u00e1vn\u00e9 vyrovn\u00e1n\u00ed nebo opot\u0159ebovan\u00e9 sou\u010d\u00e1sti. Zkontrolujte a znovu vyrovnejte nebo vym\u011b\u0148te v\u0161echny po\u0161kozen\u00e9 sou\u010d\u00e1sti.<\/li>\n<li>Nedostate\u010dn\u00fd v\u00fdkon: Zkontrolujte hydraulick\u00fd syst\u00e9m, zda v n\u011bm nejsou n\u011bjak\u00e1 omezen\u00ed nebo zablokov\u00e1n\u00ed, kter\u00e1 by mohla ovlivnit v\u00fdkon v\u00e1lce ramene.<\/li>\n<li>P\u0159eh\u0159\u00e1t\u00ed: Ujist\u011bte se, \u017ee je hydraulick\u00fd syst\u00e9m \u0159\u00e1dn\u011b chlazen a \u017ee hladiny a viskozita kapaliny jsou v doporu\u010den\u00e9m rozsahu.<\/li>\n<\/ol>\n<p>For troubleshooting and resolving these issues, it is recommended to consult the manufacturer&#8217;s manual or seek professional assistance.<\/p>\n<p><img decoding=\"async\" src=\"https:\/\/www.hydraulic-cylinders.net\/wp-content\/uploads\/2025\/01\/songte-chushion-collar.webp\"><\/p>\n<h2>Z\u00e1v\u011br<\/h2>\n<p>Z\u00e1v\u011brem lze \u0159\u00edci, \u017ee jsme profesion\u00e1ln\u00edm v\u00fdrobcem n\u00e1hradn\u00edch hydraulick\u00fdch v\u00e1lc\u016f a nab\u00edz\u00edme \u0161irokou \u0161k\u00e1lu produkt\u016f. Stali jsme se jedn\u00edm z p\u0159edn\u00edch v\u00fdrobc\u016f a velkoobchodn\u00edch distributor\u016f na dom\u00e1c\u00edm i mezin\u00e1rodn\u00edm trhu. Se z\u00e1vazkem k dokonalosti neust\u00e1le zlep\u0161ujeme na\u0161e technologick\u00e9 mo\u017enosti a efektivitu v\u00fdroby. Vyu\u017e\u00edv\u00e1n\u00edm pokro\u010dil\u00fdch digit\u00e1ln\u00edch v\u00fdrobn\u00edch za\u0159\u00edzen\u00ed a profesion\u00e1ln\u00edch testovac\u00edch syst\u00e9m\u016f optimalizujeme na\u0161i v\u00fdrobn\u00ed platformu a zlep\u0161ujeme procesy kontroly kvality v\u00fdrobk\u016f. Na\u0161\u00edm c\u00edlem je uspokojovat rozmanit\u00e9 pot\u0159eby z\u00e1kazn\u00edk\u016f s vysokou \u00fa\u010dinnost\u00ed, p\u0159esnost\u00ed a vysoce kvalitn\u00edmi produkty.<\/p>\n<h3>O n\u00e1s<\/h3>\n<p>Jsme profesion\u00e1ln\u00ed v\u00fdrobce specializuj\u00edc\u00ed se na v\u00fdrobu hydraulick\u00fdch v\u00e1lc\u016f. D\u00edky \u0161irok\u00e9 \u0161k\u00e1le produkt\u016f jsme se stali jedn\u00edm z p\u0159edn\u00edch v\u00fdrobc\u016f a velkoobchodn\u00edch distributor\u016f hydraulick\u00fdch v\u00e1lc\u016f v tuzemsku i...<\/p>","protected":false},"excerpt":{"rendered":"<p>Arm Cylinder For SGZG SD30-9B Arm Cylinder is a specially designed hydraulic cylinder that is used to provide linear motion and power to the arm of various types of machinery, such as excavators, cranes, and robotic arms. The arm cylinders play a crucial role in hydraulic systems, enabling the effective movement and control of additional [&hellip;]<\/p>","protected":false},"featured_media":14779,"comment_status":"open","ping_status":"closed","template":"","meta":{"_et_pb_use_builder":"","_et_pb_old_content":"","_et_gb_content_width":""},"product_brand":[],"product_cat":[1497],"product_tag":[1498,1496],"class_list":{"0":"post-16719","1":"product","2":"type-product","3":"status-publish","4":"has-post-thumbnail","6":"product_cat-arm-cylinders","7":"product_tag-arm-cylinders","8":"product_tag-hydraulic-cylinders","10":"first","11":"instock","12":"shipping-taxable","13":"product-type-simple"},"amp_enabled":true,"_links":{"self":[{"href":"https:\/\/www.hydraulic-cylinders.net\/cs\/wp-json\/wp\/v2\/product\/16719","targetHints":{"allow":["GET"]}}],"collection":[{"href":"https:\/\/www.hydraulic-cylinders.net\/cs\/wp-json\/wp\/v2\/product"}],"about":[{"href":"https:\/\/www.hydraulic-cylinders.net\/cs\/wp-json\/wp\/v2\/types\/product"}],"replies":[{"embeddable":true,"href":"https:\/\/www.hydraulic-cylinders.net\/cs\/wp-json\/wp\/v2\/comments?post=16719"}],"wp:featuredmedia":[{"embeddable":true,"href":"https:\/\/www.hydraulic-cylinders.net\/cs\/wp-json\/wp\/v2\/media\/14779"}],"wp:attachment":[{"href":"https:\/\/www.hydraulic-cylinders.net\/cs\/wp-json\/wp\/v2\/media?parent=16719"}],"wp:term":[{"taxonomy":"product_brand","embeddable":true,"href":"https:\/\/www.hydraulic-cylinders.net\/cs\/wp-json\/wp\/v2\/product_brand?post=16719"},{"taxonomy":"product_cat","embeddable":true,"href":"https:\/\/www.hydraulic-cylinders.net\/cs\/wp-json\/wp\/v2\/product_cat?post=16719"},{"taxonomy":"product_tag","embeddable":true,"href":"https:\/\/www.hydraulic-cylinders.net\/cs\/wp-json\/wp\/v2\/product_tag?post=16719"}],"curies":[{"name":"wp","href":"https:\/\/api.w.org\/{rel}","templated":true}]}}