{"id":16726,"date":"2025-01-21T05:49:51","date_gmt":"2025-01-21T05:49:51","guid":{"rendered":"https:\/\/www.hydraulic-cylinders.net\/product\/arm-cylinder-for-carter-ct260-8c\/"},"modified":"2025-01-21T05:49:52","modified_gmt":"2025-01-21T05:49:52","slug":"arm-cylinder-for-carter-ct260-8c","status":"publish","type":"product","link":"https:\/\/www.hydraulic-cylinders.net\/cs\/produkt\/arm-cylinder-for-carter-ct260-8c\/","title":{"rendered":"V\u00e1lec ramene pro Carter CT260-8C"},"content":{"rendered":"<h1>V\u00e1lec ramene pro Cater CT260-8C<\/h1>\n<h2>Zaveden\u00ed<\/h2>\n<p>Hydraulick\u00fd v\u00e1lec ramene pro Cater CT260-8C je specializovan\u00fd hydraulick\u00fd v\u00e1lec ur\u010den\u00fd k zaji\u0161t\u011bn\u00ed line\u00e1rn\u00edho pohybu a v\u00fdkonu ramene r\u016fzn\u00fdch typ\u016f stroj\u016f, jako jsou bagry, je\u0159\u00e1by a robotick\u00e1 ramena. V\u00e1lec ramene hraje kl\u00ed\u010dovou roli v hydraulick\u00fdch syst\u00e9mech, proto\u017ee umo\u017e\u0148uje efektivn\u00ed pohyb a ovl\u00e1d\u00e1n\u00ed dal\u0161\u00edho n\u00e1\u0159ad\u00ed nebo p\u0159\u00edslu\u0161enstv\u00ed. Tyto v\u00e1lce nejen umo\u017e\u0148uj\u00ed plynul\u00fd pohyb, ale tak\u00e9 odol\u00e1vaj\u00ed t\u011b\u017ek\u00fdm z\u00e1t\u011b\u017e\u00edm, co\u017e zaji\u0161\u0165uje vysokou \u00fa\u010dinnost a spolehlivost stroje za r\u016fzn\u00fdch provozn\u00edch podm\u00ednek.<\/p>\n<p><img decoding=\"async\" src=\"https:\/\/www.hydraulic-cylinders.net\/wp-content\/uploads\/2025\/01\/songte-company-2.webp\" alt=\"Obr\u00e1zek v\u00e1lce ramene\"><\/p>\n<h2>Funkce<\/h2>\n<ul>\n<li><strong>Vysoce \u00fa\u010dinn\u00fd p\u0159enos:<\/strong> V\u00e1lec ramene zaji\u0161\u0165uje siln\u00fd line\u00e1rn\u00ed pohyb a s\u00edlu, co\u017e zaji\u0161\u0165uje vysok\u00fd v\u00fdkon mechanick\u00e9ho ramene v r\u016fzn\u00fdch operac\u00edch.<\/li>\n<li><strong>P\u0159esn\u00e9 ovl\u00e1d\u00e1n\u00ed:<\/strong> D\u00edky hydraulick\u00e9mu syst\u00e9mu umo\u017e\u0148uje v\u00e1lec ramene p\u0159esn\u00e9 ovl\u00e1d\u00e1n\u00ed pohybu, \u010d\u00edm\u017e je ovl\u00e1d\u00e1n\u00ed p\u0159ipojen\u00e9ho n\u00e1\u0159ad\u00ed flexibiln\u011bj\u0161\u00ed a p\u0159esn\u011bj\u0161\u00ed.<\/li>\n<li><strong>Trvanlivost:<\/strong> V\u00e1lce ramen se obvykle vyr\u00e1b\u011bj\u00ed z vysoce pevn\u00fdch materi\u00e1l\u016f, kter\u00e9 poskytuj\u00ed vynikaj\u00edc\u00ed odolnost proti opot\u0159eben\u00ed a korozi, d\u00edky \u010demu\u017e jsou vhodn\u00e9 pro dlouhodob\u00e9 pou\u017e\u00edv\u00e1n\u00ed v n\u00e1ro\u010dn\u00fdch podm\u00ednk\u00e1ch.<\/li>\n<li><strong>Multifunk\u010dn\u00ed p\u0159izp\u016fsobivost:<\/strong> Tyto v\u00e1lce lze \u0161iroce pou\u017e\u00edt v r\u016fzn\u00fdch typech stroj\u016f, v\u010detn\u011b bagr\u016f, je\u0159\u00e1b\u016f a mechanick\u00fdch ramen, a splnit tak r\u016fzn\u00e9 pracovn\u00ed po\u017eadavky.<\/li>\n<li><strong>Snadn\u00e1 \u00fadr\u017eba:<\/strong> V\u00e1lce ramen, navr\u017een\u00e9 s ohledem na snadnou \u00fadr\u017ebu a v\u00fdm\u011bnu, usnad\u0148uj\u00ed pravideln\u00e9 kontroly a \u00fadr\u017ebu a minimalizuj\u00ed tak prostoje za\u0159\u00edzen\u00ed.<\/li>\n<\/ul>\n<p><img decoding=\"async\" src=\"https:\/\/www.hydraulic-cylinders.net\/wp-content\/uploads\/2025\/01\/songte-oil-pipes-and-spare-parts.webp\" alt=\"N\u00e1hradn\u00ed d\u00edly pro v\u00e1lce ramene\"><\/p>\n<h2>Aplikace<\/h2>\n<ul>\n<li><strong>Stavebn\u00ed in\u017een\u00fdrstv\u00ed:<\/strong> U bagr\u016f a je\u0159\u00e1b\u016f se v\u00e1lce ramen pou\u017e\u00edvaj\u00ed k ovl\u00e1d\u00e1n\u00ed pohybu l\u017eic nebo v\u00fdlo\u017en\u00edk\u016f pro zemn\u00ed pr\u00e1ce, manipulaci s materi\u00e1lem a mont\u00e1\u017e konstrukc\u00ed.<\/li>\n<li><strong>Zpracovatelsk\u00fd pr\u016fmysl:<\/strong> V automatizovan\u00fdch v\u00fdrobn\u00edch link\u00e1ch umo\u017e\u0148uj\u00ed v\u00e1lce ramen pohyb robotick\u00fdch ramen pro procesy, jako je mont\u00e1\u017e, sva\u0159ov\u00e1n\u00ed a manipulace s materi\u00e1lem, \u010d\u00edm\u017e se zvy\u0161uje efektivita a p\u0159esnost v\u00fdroby.<\/li>\n<li><strong>Zem\u011bd\u011blsk\u00e9 stroje:<\/strong> V zem\u011bd\u011blsk\u00fdch stroj\u00edch, jako jsou skl\u00edzec\u00ed a sec\u00ed stroje, ovl\u00e1daj\u00ed v\u00e1lce ramen pohyb ovl\u00e1dac\u00edch ramen pro \u00fakoly, jako je set\u00ed, hnojen\u00ed a sklize\u0148.<\/li>\n<li><strong>Hornictv\u00ed:<\/strong> V t\u011b\u017eebn\u00edch za\u0159\u00edzen\u00edch se v\u00e1lce ramen pou\u017e\u00edvaj\u00ed k ovl\u00e1d\u00e1n\u00ed pohybu ramen t\u011b\u017eebn\u00edch stroj\u016f pro t\u011b\u017ebu a p\u0159epravu rudy.<\/li>\n<li><strong>Logistika a doprava:<\/strong> U vysokozdvi\u017en\u00fdch voz\u00edk\u016f a manipula\u010dn\u00edch robot\u016f ovl\u00e1daj\u00ed v\u00e1lce ramen zved\u00e1n\u00ed a pohyb vidlic, co\u017e umo\u017e\u0148uje manipulaci s materi\u00e1lem a jeho stohov\u00e1n\u00ed.<\/li>\n<\/ul>\n<h2>Konstruk\u010dn\u00ed aspekty a krit\u00e9ria v\u00fdb\u011bru<\/h2>\n<ul>\n<li><strong>Nosnost:<\/strong> Schopnost v\u00e1lce ramene odol\u00e1vat zat\u00ed\u017een\u00ed je kl\u00ed\u010dov\u00fdm konstruk\u010dn\u00edm hlediskem, kter\u00e9 zaji\u0161\u0165uje bezpe\u010dn\u00fd a efektivn\u00ed provoz.<\/li>\n<li><strong>T\u011bsn\u011bn\u00ed:<\/strong> K zaji\u0161t\u011bn\u00ed \u00fa\u010dinn\u00e9ho ut\u011bsn\u011bn\u00ed a zabr\u00e1n\u011bn\u00ed \u00faniku se pou\u017e\u00edvaj\u00ed r\u016fzn\u00e9 t\u011bsnic\u00ed komponenty, jako jsou t\u011bsn\u011bn\u00ed p\u00edst\u016f a p\u00edstnic vyroben\u00e1 z materi\u00e1l\u016f odoln\u00fdch proti opot\u0159eben\u00ed, jako je polyuretan a nitrilov\u00e1 pry\u017e.<\/li>\n<li><strong>Trvanlivost:<\/strong> T\u011bleso v\u00e1lce a z\u00e1vitov\u00fd konec jsou jemn\u011b opracov\u00e1ny pro zlep\u0161en\u00ed odolnosti proti opot\u0159eben\u00ed a zaji\u0161t\u011bn\u00ed dlouh\u00e9 \u017eivotnosti ramene v\u00e1lce.<\/li>\n<li><strong>Bezpe\u010dnost:<\/strong> Bezpe\u010dnostn\u00ed prvky a mechanismy jsou integrov\u00e1ny do konstrukce, aby se zabr\u00e1nilo nehod\u00e1m a byla zaji\u0161t\u011bna ochrana obsluhy b\u011bhem provozu.<\/li>\n<li><strong>\u00dadr\u017eba:<\/strong> Pro zaji\u0161t\u011bn\u00ed plynul\u00e9ho provozu a sn\u00ed\u017een\u00ed opot\u0159eben\u00ed je nutn\u00e9 pravideln\u00e9 maz\u00e1n\u00ed vhodn\u00fdm hydraulick\u00fdm olejem. Konstrukce tak\u00e9 umo\u017e\u0148uje snadn\u00fd p\u0159\u00edstup k v\u00e1lci a jeho \u00fadr\u017ebu.<\/li>\n<\/ul>\n<p><img decoding=\"async\" src=\"https:\/\/www.hydraulic-cylinders.net\/wp-content\/uploads\/2025\/01\/songte-cylinder-head-with-all-kinds-excavator-models.webp\" alt=\"Konstrukce v\u00e1lce ramene\"><\/p>\n<h2>T\u011bsn\u011bn\u00ed a maz\u00e1n\u00ed<\/h2>\n<p>V\u00e1lec ramene vyu\u017e\u00edv\u00e1 r\u016fzn\u00e9 t\u011bsnic\u00ed komponenty, jako jsou t\u011bsn\u011bn\u00ed p\u00edst\u016f a p\u00edstnic, vyroben\u00e9 z materi\u00e1l\u016f odoln\u00fdch proti opot\u0159eben\u00ed, jako je polyuretan a nitrilov\u00e1 pry\u017e. T\u011bleso v\u00e1lce a z\u00e1vitov\u00fd konec proch\u00e1zej\u00ed p\u0159esn\u00fdm zpracov\u00e1n\u00edm pro zv\u00fd\u0161en\u00ed odolnosti proti opot\u0159eben\u00ed. Pravideln\u00e9 maz\u00e1n\u00ed vhodn\u00fdm hydraulick\u00fdm olejem je nezbytn\u00e9 pro zaji\u0161t\u011bn\u00ed plynul\u00e9ho chodu a sn\u00ed\u017een\u00ed t\u0159en\u00ed mezi pohybliv\u00fdmi \u010d\u00e1stmi.<\/p>\n<h2>Pravideln\u00e1 kontrola a preventivn\u00ed \u00fadr\u017eba<\/h2>\n<ul>\n<li>Prov\u00e1d\u011bjte pravideln\u00e9 kontroly v\u00e1lce ramene, zda nevykazuje zn\u00e1mky opot\u0159eben\u00ed, net\u011bsnosti nebo po\u0161kozen\u00ed, abyste zajistili optim\u00e1ln\u00ed v\u00fdkon.<\/li>\n<li>Zkontrolujte v\u0161echny hydraulick\u00e9 spoje, zda nejsou uvoln\u011bn\u00e9 nebo zda nejsou net\u011bsn\u00e9, a v p\u0159\u00edpad\u011b pot\u0159eby je ut\u00e1hn\u011bte nebo opravte.<\/li>\n<li>Sledujte hladinu a kvalitu hydraulick\u00e9ho oleje a vym\u011b\u0148ujte nebo dopl\u0148ujte jej dle doporu\u010den\u00ed v\u00fdrobce.<\/li>\n<li>Zkontrolujte a vy\u010dist\u011bte vn\u011bj\u0161\u00ed povrchy v\u00e1lce a odstra\u0148te ve\u0161ker\u00e9 ne\u010distoty nebo \u00falomky, kter\u00e9 by mohly ovlivnit jeho v\u00fdkon.<\/li>\n<li>Dodr\u017eujte pokyny v\u00fdrobce pro preventivn\u00ed \u00fadr\u017ebu, v\u010detn\u011b pl\u00e1novan\u00e9 v\u00fdm\u011bny t\u011bsn\u011bn\u00ed a dal\u0161\u00edch sou\u010d\u00e1st\u00ed.<\/li>\n<\/ul>\n<h2>Pr\u016fvodce instalac\u00ed produktu<\/h2>\n<p>Spr\u00e1vn\u00e1 instalace v\u00e1lce ramene je kl\u00ed\u010dov\u00e1 pro optim\u00e1ln\u00ed v\u00fdkon a dlouhou \u017eivotnost. Postupujte podle t\u011bchto krok\u016f:<\/p>\n<ol>\n<li>Ujist\u011bte se, \u017ee je strojn\u00ed za\u0159\u00edzen\u00ed vypnut\u00e9 a hydraulick\u00fd syst\u00e9m je bez tlaku.<\/li>\n<li>Um\u00edst\u011bte v\u00e1lec ramene na po\u017eadovan\u00e9 m\u00edsto a zarovnejte mont\u00e1\u017en\u00ed otvory s odpov\u00eddaj\u00edc\u00edmi body na stroji.<\/li>\n<li>Bezpe\u010dn\u011b upevn\u011bte v\u00e1lec ramene pomoc\u00ed vhodn\u00fdch \u0161roub\u016f nebo spojovac\u00edch prvk\u016f a zajist\u011bte tak pevn\u00e9 a stabiln\u00ed spojen\u00ed.<\/li>\n<li>Zkontrolujte, zda jsou v\u0161echna hydraulick\u00e1 potrub\u00ed spr\u00e1vn\u011b p\u0159ipojena k v\u00e1lci, a v p\u0159\u00edpad\u011b pot\u0159eby ut\u00e1hn\u011bte v\u0161echna spojen\u00ed.<\/li>\n<li>Po dokon\u010den\u00ed instalace otestujte funk\u010dnost v\u00e1lce ramene a zajist\u011bte plynul\u00fd a p\u0159esn\u00fd pohyb bez abnorm\u00e1ln\u00edho hluku nebo net\u011bsnost\u00ed.<\/li>\n<\/ol>\n<p><img decoding=\"async\" src=\"https:\/\/www.hydraulic-cylinders.net\/wp-content\/uploads\/2025\/01\/songte-bushings-with-all-kinds-of-excavator-models.webp\" alt=\"Mont\u00e1\u017e v\u00e1lce ramene\"><\/p>\n<h2>Bezpe\u010dnostn\u00ed aspekty a faktory prost\u0159ed\u00ed<\/h2>\n<p>P\u0159i obsluze stroj\u016f s v\u00e1lcem ramene je nezbytn\u00e9 up\u0159ednostnit bezpe\u010dnostn\u00ed opat\u0159en\u00ed. Zaveden\u00ed vhodn\u00fdch bezpe\u010dnostn\u00edch protokol\u016f a zaji\u0161t\u011bn\u00ed \u0161kolen\u00ed obsluhy v\u00fdrazn\u011b sni\u017euje riziko nehod a zran\u011bn\u00ed. Pro minimalizaci potenci\u00e1ln\u00edch nep\u0159\u00edzniv\u00fdch vliv\u016f na v\u00fdkon a \u017eivotnost v\u00e1lce ramene je t\u0159eba zohlednit tak\u00e9 faktory prost\u0159ed\u00ed, jako je teplota a vlhkost.<\/p>\n<h2>Odstra\u0148ov\u00e1n\u00ed probl\u00e9m\u016f a b\u011b\u017en\u00e9 probl\u00e9my<\/h2>\n<p>Je d\u016fle\u017eit\u00e9 si b\u00fdt v\u011bdom potenci\u00e1ln\u00edch probl\u00e9m\u016f, kter\u00e9 mohou s v\u00e1lcem ramene nastat, a jak je diagnostikovat a \u0159e\u0161it:<\/p>\n<ul>\n<li><strong>Probl\u00e9m: <\/strong>\u00danik z v\u00e1lce.<\/li>\n<ul>\n<li><strong>Mo\u017en\u00e1 p\u0159\u00ed\u010dina: <\/strong>Opot\u0159ebovan\u00e1 t\u011bsn\u011bn\u00ed nebo po\u0161kozen\u00e9 sou\u010d\u00e1sti.<\/li>\n<li><strong>\u0158e\u0161en\u00ed: <\/strong>Zkontrolujte a vym\u011b\u0148te opot\u0159ebovan\u00e1 t\u011bsn\u011bn\u00ed nebo po\u0161kozen\u00e9 sou\u010d\u00e1sti, abyste zajistili spr\u00e1vn\u00e9 ut\u011bsn\u011bn\u00ed.<\/li>\n<\/ul>\n<li><strong>Probl\u00e9m: <\/strong>Abnorm\u00e1ln\u00ed hluk b\u011bhem provozu.<\/li>\n<ul>\n<li><strong>Mo\u017en\u00e1 p\u0159\u00ed\u010dina: <\/strong>Nespr\u00e1vn\u00e9 zarovn\u00e1n\u00ed nebo uvoln\u011bn\u00e9 spoje.<\/li>\n<li><strong>\u0158e\u0161en\u00ed: <\/strong>Zkontrolujte a se\u0159i\u010fte vyrovn\u00e1n\u00ed v\u00e1lce ramene a ut\u00e1hn\u011bte v\u0161echna uvoln\u011bn\u00e1 spojen\u00ed.<\/li>\n<\/ul>\n<li><strong>Probl\u00e9m: <\/strong>Nedostate\u010dn\u00fd nebo trhav\u00fd pohyb pa\u017ee.<\/li>\n<ul>\n<li><strong>Mo\u017en\u00e1 p\u0159\u00ed\u010dina: <\/strong>Nedostatek hydraulick\u00e9ho oleje nebo ucpan\u00e9 hydraulick\u00e9 potrub\u00ed.<\/li>\n<li><strong>\u0158e\u0161en\u00ed: <\/strong>Zkontrolujte a dopl\u0148te hydraulick\u00fd olej na doporu\u010denou hladinu. Vy\u010dist\u011bte nebo vym\u011b\u0148te ucpan\u00e9 hydraulick\u00e9 potrub\u00ed.<\/li>\n<\/ul>\n<\/ul>\n<p><img decoding=\"async\" src=\"https:\/\/www.hydraulic-cylinders.net\/wp-content\/uploads\/2025\/01\/songte-chushion-collar.webp\" alt=\"Odstra\u0148ov\u00e1n\u00ed probl\u00e9m\u016f s v\u00e1lcem ramene\"><\/p>\n<h2>O na\u0161\u00ed spole\u010dnosti<\/h2>\n<p>Jsme profesion\u00e1ln\u00ed v\u00fdrobce n\u00e1hradn\u00edch hydraulick\u00fdch v\u00e1lc\u016f a nab\u00edz\u00edme \u0161irokou \u0161k\u00e1lu produkt\u016f. Stali jsme se jedn\u00edm z p\u0159edn\u00edch v\u00fdrobc\u016f a velkoobchodn\u00edch distributor\u016f na dom\u00e1c\u00edm i mezin\u00e1rodn\u00edm trhu. Zav\u00e1zali jsme se k poskytov\u00e1n\u00ed vynikaj\u00edc\u00ed kvality a efektivity. D\u00edky na\u0161im v\u00fdrobn\u00edm d\u00edln\u00e1m a strategi\u00edm \u0159\u00edzen\u00ed v\u00fdroby, kter\u00e9 odpov\u00eddaj\u00ed pr\u016fmyslov\u00fdm standard\u016fm, neust\u00e1le zlep\u0161ujeme na\u0161i technickou odbornost a efektivitu v\u00fdroby. Zav\u00e1d\u011bn\u00edm pokro\u010dil\u00fdch digit\u00e1ln\u00edch v\u00fdrobn\u00edch za\u0159\u00edzen\u00ed a profesion\u00e1ln\u00edch kontroln\u00edch syst\u00e9m\u016f optimalizujeme na\u0161i v\u00fdrobn\u00ed platformu a vylep\u0161ujeme procesy kontroly kvality v\u00fdrobk\u016f. Na\u0161\u00edm c\u00edlem je efektivn\u011b uspokojovat rozmanit\u00e9 pot\u0159eby na\u0161ich z\u00e1kazn\u00edk\u016f.<\/p>","protected":false},"excerpt":{"rendered":"<p>Arm Cylinder For Cater CT260-8C Introduction The Arm Cylinder for Cater CT260-8C is a specialized hydraulic cylinder designed to provide linear motion and power to the arm of various types of machinery, such as excavators, cranes, and robotic arms. The arm cylinder plays a crucial role in hydraulic systems, allowing for efficient movement and control [&hellip;]<\/p>","protected":false},"featured_media":14759,"comment_status":"open","ping_status":"closed","template":"","meta":{"_et_pb_use_builder":"","_et_pb_old_content":"","_et_gb_content_width":""},"product_brand":[],"product_cat":[1497],"product_tag":[1498,1496],"class_list":{"0":"post-16726","1":"product","2":"type-product","3":"status-publish","4":"has-post-thumbnail","6":"product_cat-arm-cylinders","7":"product_tag-arm-cylinders","8":"product_tag-hydraulic-cylinders","10":"first","11":"instock","12":"shipping-taxable","13":"product-type-simple"},"amp_enabled":true,"_links":{"self":[{"href":"https:\/\/www.hydraulic-cylinders.net\/cs\/wp-json\/wp\/v2\/product\/16726","targetHints":{"allow":["GET"]}}],"collection":[{"href":"https:\/\/www.hydraulic-cylinders.net\/cs\/wp-json\/wp\/v2\/product"}],"about":[{"href":"https:\/\/www.hydraulic-cylinders.net\/cs\/wp-json\/wp\/v2\/types\/product"}],"replies":[{"embeddable":true,"href":"https:\/\/www.hydraulic-cylinders.net\/cs\/wp-json\/wp\/v2\/comments?post=16726"}],"wp:featuredmedia":[{"embeddable":true,"href":"https:\/\/www.hydraulic-cylinders.net\/cs\/wp-json\/wp\/v2\/media\/14759"}],"wp:attachment":[{"href":"https:\/\/www.hydraulic-cylinders.net\/cs\/wp-json\/wp\/v2\/media?parent=16726"}],"wp:term":[{"taxonomy":"product_brand","embeddable":true,"href":"https:\/\/www.hydraulic-cylinders.net\/cs\/wp-json\/wp\/v2\/product_brand?post=16726"},{"taxonomy":"product_cat","embeddable":true,"href":"https:\/\/www.hydraulic-cylinders.net\/cs\/wp-json\/wp\/v2\/product_cat?post=16726"},{"taxonomy":"product_tag","embeddable":true,"href":"https:\/\/www.hydraulic-cylinders.net\/cs\/wp-json\/wp\/v2\/product_tag?post=16726"}],"curies":[{"name":"wp","href":"https:\/\/api.w.org\/{rel}","templated":true}]}}