{"id":16728,"date":"2025-01-21T05:49:58","date_gmt":"2025-01-21T05:49:58","guid":{"rendered":"https:\/\/www.hydraulic-cylinders.net\/product\/arm-cylinder-for-carter-ct70-8g\/"},"modified":"2025-01-21T05:50:00","modified_gmt":"2025-01-21T05:50:00","slug":"arm-cylinder-for-carter-ct70-8g","status":"publish","type":"product","link":"https:\/\/www.hydraulic-cylinders.net\/cs\/produkt\/arm-cylinder-for-carter-ct70-8g\/","title":{"rendered":"V\u00e1lec ramene pro Carter CT70-8G"},"content":{"rendered":"<h1>V\u00e1lec ramene pro Carter CT70-8G<\/h1>\n<h2>Zaveden\u00ed<\/h2>\n<p>Hydraulick\u00fd v\u00e1lec ramene je speci\u00e1ln\u011b navr\u017een\u00fd hydraulick\u00fd v\u00e1lec, kter\u00fd se prim\u00e1rn\u011b pou\u017e\u00edv\u00e1 k zaji\u0161t\u011bn\u00ed line\u00e1rn\u00edho pohybu a v\u00fdkonu pro r\u016fzn\u00e9 typy ramen stroj\u016f, jako jsou bagry, je\u0159\u00e1by a robotick\u00e1 ramena. V\u00e1lec ramene hraje kl\u00ed\u010dovou roli v hydraulick\u00fdch syst\u00e9mech, proto\u017ee umo\u017e\u0148uje efektivn\u00ed pohyb a ovl\u00e1d\u00e1n\u00ed dal\u0161\u00edch n\u00e1stroj\u016f nebo p\u0159\u00edslu\u0161enstv\u00ed. Tyto v\u00e1lce nejen zaji\u0161\u0165uj\u00ed plynul\u00fd pohyb, ale tak\u00e9 odol\u00e1vaj\u00ed t\u011b\u017ek\u00fdm z\u00e1t\u011b\u017e\u00edm, \u010d\u00edm\u017e zaji\u0161\u0165uj\u00ed efektivn\u00ed provoz a spolehlivost stroj\u016f v r\u016fzn\u00fdch pracovn\u00edch podm\u00ednk\u00e1ch.<\/p>\n<p><img decoding=\"async\" src=\"https:\/\/www.hydraulic-cylinders.net\/wp-content\/uploads\/2025\/01\/songte-company-2.webp\"><\/p>\n<h2>Funkce<\/h2>\n<ul>\n<li>Vysoce \u00fa\u010dinn\u00fd p\u0159enos v\u00fdkonu: V\u00e1lec ramene poskytuje siln\u00fd line\u00e1rn\u00ed pohyb a s\u00edlu, co\u017e zaji\u0161\u0165uje vysok\u00fd v\u00fdkon ramene stroje v r\u016fzn\u00fdch operac\u00edch.<\/li>\n<li>P\u0159esn\u00e9 ovl\u00e1d\u00e1n\u00ed: D\u00edky hydraulick\u00e9mu syst\u00e9mu umo\u017e\u0148uje v\u00e1lec ramene p\u0159esn\u00e9 ovl\u00e1d\u00e1n\u00ed pohybu, \u010d\u00edm\u017e je ovl\u00e1d\u00e1n\u00ed p\u0159ipojen\u00e9ho n\u00e1\u0159ad\u00ed flexibiln\u011bj\u0161\u00ed a p\u0159esn\u011bj\u0161\u00ed.<\/li>\n<li>Trvanlivost: V\u00e1lce s rameny se obvykle vyr\u00e1b\u011bj\u00ed z vysoce pevn\u00fdch materi\u00e1l\u016f, kter\u00e9 nab\u00edzej\u00ed vynikaj\u00edc\u00ed odolnost proti opot\u0159eben\u00ed a korozi, d\u00edky \u010demu\u017e jsou vhodn\u00e9 pro dlouhodob\u00e9 pou\u017e\u00edv\u00e1n\u00ed v n\u00e1ro\u010dn\u00fdch podm\u00ednk\u00e1ch.<\/li>\n<li>Multifunk\u010dn\u00ed p\u0159izp\u016fsobivost: Tyto v\u00e1lce lze \u0161iroce pou\u017e\u00edt v r\u016fzn\u00fdch stroj\u00edch, jako jsou bagry, je\u0159\u00e1by a robotick\u00e1 ramena, a p\u0159izp\u016fsobit se tak r\u016fzn\u00fdm po\u017eadavk\u016fm na pr\u00e1ci.<\/li>\n<li>Snadn\u00e1 \u00fadr\u017eba: V\u00e1lec ramene, navr\u017een\u00fd s ohledem na \u00fadr\u017ebu a v\u00fdm\u011bnu, usnad\u0148uje pravideln\u00e9 kontroly a \u00fadr\u017ebu, \u010d\u00edm\u017e zkracuje prostoje za\u0159\u00edzen\u00ed.<\/li>\n<\/ul>\n<p><img decoding=\"async\" src=\"https:\/\/www.hydraulic-cylinders.net\/wp-content\/uploads\/2025\/01\/songte-oil-pipes-and-spare-parts.webp\"><\/p>\n<h2>Aplikace<\/h2>\n<p>Rameno v\u00e1lce nach\u00e1z\u00ed uplatn\u011bn\u00ed v r\u016fzn\u00fdch odv\u011btv\u00edch:<\/p>\n<h3>1. Stavebn\u00ed in\u017een\u00fdrstv\u00ed<\/h3>\n<p>U bagr\u016f a je\u0159\u00e1b\u016f ovl\u00e1d\u00e1 v\u00e1lec ramene pohyb l\u017eic nebo v\u00fdlo\u017en\u00edk\u016f, co\u017e umo\u017e\u0148uje zemn\u00ed pr\u00e1ce, manipulaci s materi\u00e1lem a mont\u00e1\u017e konstrukc\u00ed.<\/p>\n<h3>2. V\u00fdroba<\/h3>\n<p>V automatizovan\u00fdch v\u00fdrobn\u00edch link\u00e1ch se v\u00e1lec ramene pou\u017e\u00edv\u00e1 k pohybu robotick\u00fdch ramen, co\u017e umo\u017e\u0148uje procesy mont\u00e1\u017ee, sva\u0159ov\u00e1n\u00ed a manipulace s materi\u00e1lem, \u010d\u00edm\u017e se zvy\u0161uje efektivita a p\u0159esnost v\u00fdroby.<\/p>\n<h3>3. Zem\u011bd\u011blsk\u00e9 stroje<\/h3>\n<p>V zem\u011bd\u011blsk\u00fdch stroj\u00edch, jako jsou skl\u00edzec\u00ed a sec\u00ed stroje, \u0159\u00edd\u00ed v\u00e1lec ramene pohyb ovl\u00e1dac\u00edch ramen a prov\u00e1d\u00ed \u00fakoly, jako je set\u00ed, hnojen\u00ed a sklize\u0148.<\/p>\n<h3>4. T\u011b\u017eba<\/h3>\n<p>V t\u011b\u017eebn\u00edm za\u0159\u00edzen\u00ed se v\u00e1lec ramene pou\u017e\u00edv\u00e1 k ovl\u00e1d\u00e1n\u00ed pohybu ramene t\u011b\u017eebn\u00edho za\u0159\u00edzen\u00ed, co\u017e usnad\u0148uje t\u011b\u017ebu a p\u0159epravu rudy.<\/p>\n<h3>5. Logistika a doprava<\/h3>\n<p>U vysokozdvi\u017en\u00fdch voz\u00edk\u016f a manipula\u010dn\u00edch robot\u016f \u0159\u00edd\u00ed v\u00e1lec ramene zved\u00e1n\u00ed a pohyb vidlic, co\u017e umo\u017e\u0148uje manipulaci s materi\u00e1lem a jeho stohov\u00e1n\u00ed.<\/p>\n<p><img decoding=\"async\" src=\"https:\/\/www.hydraulic-cylinders.net\/wp-content\/uploads\/2025\/01\/songte-chushion-collar.webp\"><\/p>\n<h2>Konstruk\u010dn\u00ed aspekty a krit\u00e9ria v\u00fdb\u011bru<\/h2>\n<ul>\n<li>Nosnost: V\u00e1lec ramene je navr\u017een tak, aby odolal vysok\u00e9mu zat\u00ed\u017een\u00ed a poskytoval spolehliv\u00fd v\u00fdkon.<\/li>\n<li>T\u011bsn\u011bn\u00ed: Pro zaji\u0161t\u011bn\u00ed \u00fa\u010dinn\u00e9ho ut\u011bsn\u011bn\u00ed se pou\u017e\u00edvaj\u00ed r\u016fzn\u00e9 t\u011bsnic\u00ed komponenty, jako jsou t\u011bsn\u011bn\u00ed p\u00edst\u016f a p\u00edstnic. Tato t\u011bsn\u011bn\u00ed jsou vyrobena z materi\u00e1l\u016f odoln\u00fdch proti opot\u0159eben\u00ed, jako je polyuretan a nitrilov\u00e1 pry\u017e.<\/li>\n<li>Trvanlivost: T\u011bleso v\u00e1lce a z\u00e1vitov\u00e9 koncov\u00e9 plochy proch\u00e1zej\u00ed pe\u010dliv\u00fdm o\u0161et\u0159en\u00edm pro zv\u00fd\u0161en\u00ed odolnosti proti opot\u0159eben\u00ed.<\/li>\n<li>Bezpe\u010dnost: V\u00e1lce s rameny jsou navr\u017eeny s bezpe\u010dnostn\u00edmi prvky, kter\u00e9 zabra\u0148uj\u00ed nehod\u00e1m a zaji\u0161\u0165uj\u00ed ochranu obsluhy a za\u0159\u00edzen\u00ed.<\/li>\n<li>\u00dadr\u017eba: Pro zaji\u0161t\u011bn\u00ed optim\u00e1ln\u00edho v\u00fdkonu a minimalizaci potenci\u00e1ln\u00edch probl\u00e9m\u016f se doporu\u010duj\u00ed pravideln\u00e9 kontroly a preventivn\u00ed \u00fadr\u017eba.<\/li>\n<\/ul>\n<p><img decoding=\"async\" src=\"https:\/\/www.hydraulic-cylinders.net\/wp-content\/uploads\/2025\/01\/songte-cylinder-head-with-all-kinds-excavator-models.webp\"><\/p>\n<h2>T\u011bsn\u011bn\u00ed a maz\u00e1n\u00ed<\/h2>\n<p>V\u00e1lec s ramenem vyu\u017e\u00edv\u00e1 r\u016fzn\u00e9 t\u011bsnic\u00ed komponenty, jako jsou t\u011bsn\u011bn\u00ed p\u00edstu a p\u00edstnice, vyroben\u00e9 z materi\u00e1l\u016f odoln\u00fdch proti opot\u0159eben\u00ed, jako je polyuretan a nitrilov\u00e1 pry\u017e. T\u011bleso v\u00e1lce a z\u00e1vitov\u00e9 koncov\u00e9 plochy jsou jemn\u011b o\u0161et\u0159eny pro zv\u00fd\u0161en\u00ed odolnosti proti opot\u0159eben\u00ed. Pro zaji\u0161t\u011bn\u00ed hladk\u00e9ho provozu je nezbytn\u00e9 pravideln\u00e9 maz\u00e1n\u00ed vhodn\u00fdm mno\u017estv\u00edm hydraulick\u00e9ho oleje.<\/p>\n<h2>Pravideln\u00e1 kontrola a preventivn\u00ed \u00fadr\u017eba<\/h2>\n<p>Pro zaji\u0161t\u011bn\u00ed dlouh\u00e9 \u017eivotnosti a optim\u00e1ln\u00edho v\u00fdkonu v\u00e1lce ramene je t\u0159eba p\u0159ijmout n\u00e1sleduj\u00edc\u00ed opat\u0159en\u00ed:<\/p>\n<ul>\n<li>Pravideln\u011b kontrolujte v\u0161echny sou\u010d\u00e1sti, zda nevykazuj\u00ed zn\u00e1mky opot\u0159eben\u00ed nebo po\u0161kozen\u00ed.<\/li>\n<li>Zkontrolujte a v p\u0159\u00edpad\u011b pot\u0159eby vym\u011b\u0148te t\u011bsn\u011bn\u00ed, aby byla zachov\u00e1na spr\u00e1vn\u00e1 t\u011bsnost.<\/li>\n<li>Udr\u017eujte v\u00e1lec a jeho okol\u00ed \u010dist\u00e9, abyste zabr\u00e1nili kontaminaci.<\/li>\n<li>Sledujte hladinu a kvalitu hydraulick\u00fdch kapalin a v p\u0159\u00edpad\u011b pot\u0159eby dopl\u0148te nebo vym\u011b\u0148te hydraulick\u00fd olej.<\/li>\n<\/ul>\n<h2>Pr\u016fvodce instalac\u00ed produktu<\/h2>\n<p>Pro spr\u00e1vnou instalaci v\u00e1lce ramene postupujte podle t\u011bchto krok\u016f:<\/p>\n<ol>\n<li>P\u0159ipravte si m\u00edsto instalace a ujist\u011bte se, \u017ee je \u010dist\u00e9 a bez ne\u010distot.<\/li>\n<li>Um\u00edst\u011bte v\u00e1lec ramene na po\u017eadovan\u00e9 m\u00edsto.<\/li>\n<li>Bezpe\u010dn\u011b p\u0159ipevn\u011bte v\u00e1lec pomoc\u00ed vhodn\u00fdch mont\u00e1\u017en\u00edch konzol nebo upev\u0148ovac\u00edch prvk\u016f.<\/li>\n<li>P\u0159ipojte k v\u00e1lci pot\u0159ebn\u00e9 hydraulick\u00e9 hadice nebo potrub\u00ed.<\/li>\n<li>Zkontrolujte, zda v hydraulick\u00e9m syst\u00e9mu nejsou net\u011bsnosti nebo abnormality.<\/li>\n<li>Prove\u010fte zku\u0161ebn\u00ed provoz, abyste se ujistili o spr\u00e1vn\u00e9 funk\u010dnosti.<\/li>\n<\/ol>\n<p><img decoding=\"async\" src=\"https:\/\/www.hydraulic-cylinders.net\/wp-content\/uploads\/2025\/01\/songte-bushings-with-all-kinds-of-excavator-models.webp\"><\/p>\n<h2>Bezpe\u010dnostn\u00ed aspekty a faktory prost\u0159ed\u00ed<\/h2>\n<p>P\u0159i pou\u017e\u00edv\u00e1n\u00ed v\u00e1lc\u016f s ramenem je nezbytn\u00e9 zav\u00e9st vhodn\u00e1 bezpe\u010dnostn\u00ed opat\u0159en\u00ed k ochran\u011b obsluhy a za\u0159\u00edzen\u00ed. Bezpe\u010dnostn\u00ed opat\u0159en\u00ed, jako je no\u0161en\u00ed ochrann\u00fdch pom\u016fcek, dodr\u017eov\u00e1n\u00ed n\u00e1vodu k obsluze a prov\u00e1d\u011bn\u00ed pravideln\u00fdch kontrol, jsou z\u00e1sadn\u00ed.<\/p>\n<h2>Odstra\u0148ov\u00e1n\u00ed probl\u00e9m\u016f a b\u011b\u017en\u00e9 probl\u00e9my<\/h2>\n<p>Mezi b\u011b\u017en\u00e9 probl\u00e9my, kter\u00e9 mohou nastat s v\u00e1lcem ramene, pat\u0159\u00ed:<\/p>\n<ul>\n<li>\u00danik hydraulick\u00e9 kapaliny<\/li>\n<li>Abnorm\u00e1ln\u00ed hluk b\u011bhem provozu<\/li>\n<li>Nekonzistentn\u00ed nebo trhan\u00fd pohyb<\/li>\n<li>Nedostate\u010dn\u00fd v\u00fdkon nebo s\u00edla<\/li>\n<li>Selh\u00e1n\u00ed t\u011bsn\u011bn\u00ed<\/li>\n<\/ul>\n<p>Chcete-li tyto probl\u00e9my vy\u0159e\u0161it, zva\u017ete n\u00e1sleduj\u00edc\u00ed tipy pro \u0159e\u0161en\u00ed probl\u00e9m\u016f:<\/p>\n<ul>\n<li>Zkontrolujte v\u0161echny spoje a armatury, zda nedoch\u00e1z\u00ed k jejich t\u011bsnosti, a v p\u0159\u00edpad\u011b pot\u0159eby je dot\u00e1hn\u011bte.<\/li>\n<li>Zkontrolujte v\u00e1lec, zda nevykazuje zn\u00e1mky po\u0161kozen\u00ed nebo opot\u0159eben\u00ed, a vym\u011b\u0148te posti\u017een\u00e9 sou\u010d\u00e1sti.<\/li>\n<li>Zajist\u011bte, aby hydraulick\u00fd syst\u00e9m m\u011bl spr\u00e1vnou hladinu a kvalitu kapaliny.<\/li>\n<li>Dal\u0161\u00ed pomoc z\u00edsk\u00e1te v pokynech v\u00fdrobce a v technick\u00e9 podpo\u0159e.<\/li>\n<\/ul>\n<p><img decoding=\"async\" src=\"https:\/\/www.hydraulic-cylinders.net\/wp-content\/uploads\/2025\/01\/songte-chushion-collar.webp\"><\/p>\n<h2>O na\u0161\u00ed spole\u010dnosti<\/h2>\n<p>Jsme profesion\u00e1ln\u00ed v\u00fdrobce n\u00e1hradn\u00edch hydraulick\u00fdch v\u00e1lc\u016f a nab\u00edz\u00edme \u0161irokou \u0161k\u00e1lu produkt\u016f. Stali jsme se jedn\u00edm z p\u0159edn\u00edch v\u00fdrobc\u016f a velkoobchodn\u00edch distributor\u016f hydraulick\u00fdch v\u00e1lc\u016f na dom\u00e1c\u00edm i mezin\u00e1rodn\u00edm trhu. Dodr\u017eujeme princip vynikaj\u00edc\u00ed kvality a neust\u00e1le zlep\u0161ujeme na\u0161i technickou odbornost a efektivitu v\u00fdroby. Zav\u00e1d\u011bn\u00edm pokro\u010dil\u00e9ho digit\u00e1ln\u00edho v\u00fdrobn\u00edho za\u0159\u00edzen\u00ed a profesion\u00e1ln\u00edch testovac\u00edch syst\u00e9m\u016f optimalizujeme na\u0161i v\u00fdrobn\u00ed platformu a vylep\u0161ujeme procesy kontroly kvality v\u00fdrobk\u016f, \u010d\u00edm\u017e prokazujeme siln\u00e9 inova\u010dn\u00ed schopnosti. Na\u0161\u00edm c\u00edlem je uspokojovat rozmanit\u00e9 pot\u0159eby z\u00e1kazn\u00edk\u016f s principy efektivity, p\u0159esnosti a vysok\u00e9 kvality.<\/p>\n<p><img decoding=\"async\" src=\"https:\/\/www.hydraulic-cylinders.net\/wp-content\/uploads\/2025\/01\/songte-company-4.webp\"><br \/>\n<img decoding=\"async\" src=\"https:\/\/www.hydraulic-cylinders.net\/wp-content\/uploads\/2025\/01\/songte-company-3.webp\"><\/p>\n<p>Autor: lyl<\/p>","protected":false},"excerpt":{"rendered":"<p>Arm Cylinder For Carter CT70-8G Introduction The Arm Cylinder is a specially designed hydraulic cylinder that is primarily used to provide linear motion and power for various types of machinery arms, such as excavators, cranes, and robotic arms. The Arm Cylinder plays a crucial role in hydraulic systems, enabling the efficient movement and control of [&hellip;]<\/p>","protected":false},"featured_media":14783,"comment_status":"open","ping_status":"closed","template":"","meta":{"_et_pb_use_builder":"","_et_pb_old_content":"","_et_gb_content_width":""},"product_brand":[],"product_cat":[1497],"product_tag":[1498,1496],"class_list":{"0":"post-16728","1":"product","2":"type-product","3":"status-publish","4":"has-post-thumbnail","6":"product_cat-arm-cylinders","7":"product_tag-arm-cylinders","8":"product_tag-hydraulic-cylinders","10":"first","11":"instock","12":"shipping-taxable","13":"product-type-simple"},"amp_enabled":true,"_links":{"self":[{"href":"https:\/\/www.hydraulic-cylinders.net\/cs\/wp-json\/wp\/v2\/product\/16728","targetHints":{"allow":["GET"]}}],"collection":[{"href":"https:\/\/www.hydraulic-cylinders.net\/cs\/wp-json\/wp\/v2\/product"}],"about":[{"href":"https:\/\/www.hydraulic-cylinders.net\/cs\/wp-json\/wp\/v2\/types\/product"}],"replies":[{"embeddable":true,"href":"https:\/\/www.hydraulic-cylinders.net\/cs\/wp-json\/wp\/v2\/comments?post=16728"}],"wp:featuredmedia":[{"embeddable":true,"href":"https:\/\/www.hydraulic-cylinders.net\/cs\/wp-json\/wp\/v2\/media\/14783"}],"wp:attachment":[{"href":"https:\/\/www.hydraulic-cylinders.net\/cs\/wp-json\/wp\/v2\/media?parent=16728"}],"wp:term":[{"taxonomy":"product_brand","embeddable":true,"href":"https:\/\/www.hydraulic-cylinders.net\/cs\/wp-json\/wp\/v2\/product_brand?post=16728"},{"taxonomy":"product_cat","embeddable":true,"href":"https:\/\/www.hydraulic-cylinders.net\/cs\/wp-json\/wp\/v2\/product_cat?post=16728"},{"taxonomy":"product_tag","embeddable":true,"href":"https:\/\/www.hydraulic-cylinders.net\/cs\/wp-json\/wp\/v2\/product_tag?post=16728"}],"curies":[{"name":"wp","href":"https:\/\/api.w.org\/{rel}","templated":true}]}}