{"id":16731,"date":"2025-01-21T05:50:17","date_gmt":"2025-01-21T05:50:17","guid":{"rendered":"https:\/\/www.hydraulic-cylinders.net\/product\/arm-cylinder-for-carter-ct330-8c\/"},"modified":"2025-01-21T05:50:20","modified_gmt":"2025-01-21T05:50:20","slug":"arm-cylinder-for-carter-ct330-8c","status":"publish","type":"product","link":"https:\/\/www.hydraulic-cylinders.net\/cs\/produkt\/arm-cylinder-for-carter-ct330-8c\/","title":{"rendered":"V\u00e1lec ramene pro Carter CT330-8C"},"content":{"rendered":"<p>V\u00e1lec ramene pro Carter CT330-8C<\/p>\n<p>Zaveden\u00ed<\/p>\n<p>V\u00e1lec ramene je speci\u00e1ln\u011b navr\u017een\u00fd hydraulick\u00fd v\u00e1lec, kter\u00fd zaji\u0161\u0165uje line\u00e1rn\u00ed pohyb a s\u00edlu pro r\u016fzn\u00e1 mechanick\u00e1 ramena, jako jsou bagry, je\u0159\u00e1by a robotick\u00e1 ramena. Hraje kl\u00ed\u010dovou roli v hydraulick\u00fdch syst\u00e9mech, proto\u017ee umo\u017e\u0148uje efektivn\u00ed pohyb a ovl\u00e1d\u00e1n\u00ed p\u0159\u00edslu\u0161enstv\u00ed nebo p\u0159\u00eddavn\u00fdch za\u0159\u00edzen\u00ed. Tyto v\u00e1lce nejen zaji\u0161\u0165uj\u00ed plynul\u00fd pohyb, ale tak\u00e9 sn\u00e1\u0161ej\u00ed t\u011b\u017ek\u00e1 zat\u00ed\u017een\u00ed, \u010d\u00edm\u017e zaji\u0161\u0165uj\u00ed efektivn\u00ed provoz a spolehlivost stroj\u016f za r\u016fzn\u00fdch pracovn\u00edch podm\u00ednek.<\/p>\n<p>Definice a vysv\u011btlen\u00ed<\/p>\n<p>V\u00e1lce ramen jsou z\u00e1kladn\u00edmi sou\u010d\u00e1stmi hydraulick\u00fdch syst\u00e9m\u016f, kter\u00e9 zaji\u0161\u0165uj\u00ed line\u00e1rn\u00ed pohyb a v\u00fdkon. Jsou navr\u017eeny tak, aby odolaly vysok\u00e9mu zat\u00ed\u017een\u00ed a fungovaly plynule, co\u017e zaji\u0161\u0165uje vysokou \u00fa\u010dinnost a spolehlivost stroj\u016f. V\u00e1lce ramen se \u0161iroce pou\u017e\u00edvaj\u00ed v r\u016fzn\u00fdch mechanick\u00fdch za\u0159\u00edzen\u00edch, jako jsou bagry, je\u0159\u00e1by a robotick\u00e1 ramena, k ovl\u00e1d\u00e1n\u00ed pohybu ramen a p\u0159\u00edslu\u0161enstv\u00ed.<\/p>\n<p><img decoding=\"async\" src=\"https:\/\/www.hydraulic-cylinders.net\/wp-content\/uploads\/2025\/01\/songte-company-2.webp\"\/><\/p>\n<p>Funkce<\/p>\n<p>1. Vysoce \u00fa\u010dinn\u00fd p\u0159evod: V\u00e1lce ramen mohou poskytovat siln\u00fd line\u00e1rn\u00ed pohyb a s\u00edlu, co\u017e zaji\u0161\u0165uje vysoce \u00fa\u010dinn\u00fd v\u00fdkon mechanick\u00fdch ramen v r\u016fzn\u00fdch operac\u00edch.<br \/>\n2. P\u0159esn\u00e9 ovl\u00e1d\u00e1n\u00ed: D\u00edky hydraulick\u00fdm syst\u00e9m\u016fm mohou v\u00e1lce ramen dos\u00e1hnout p\u0159esn\u00e9ho ovl\u00e1d\u00e1n\u00ed pohybu, \u010d\u00edm\u017e se ovl\u00e1d\u00e1n\u00ed p\u0159\u00edslu\u0161enstv\u00ed stane flexibiln\u011bj\u0161\u00edm a p\u0159esn\u011bj\u0161\u00edm.<br \/>\n3. Vysok\u00e1 odolnost: V\u00e1lce ramen jsou obvykle vyrobeny z vysoce pevn\u00fdch materi\u00e1l\u016f a maj\u00ed dobrou odolnost proti opot\u0159eben\u00ed a korozi, jsou vhodn\u00e9 pro dlouhodob\u00e9 pou\u017eit\u00ed v n\u00e1ro\u010dn\u00fdch podm\u00ednk\u00e1ch.<br \/>\n4. Multifunk\u010dn\u00ed p\u0159izp\u016fsobivost: Tyto v\u00e1lce lze \u0161iroce pou\u017e\u00edvat v r\u016fzn\u00fdch mechanick\u00fdch za\u0159\u00edzen\u00edch, jako jsou bagry, je\u0159\u00e1by a robotick\u00e1 ramena, a p\u0159izp\u016fsobit se r\u016fzn\u00fdm pracovn\u00edm po\u017eadavk\u016fm.<br \/>\n5. Snadn\u00e1 \u00fadr\u017eba: Konstrukce zohled\u0148uje snadnou \u00fadr\u017ebu a v\u00fdm\u011bnu, co\u017e usnad\u0148uje pravideln\u00e9 kontroly a \u00fadr\u017ebu a zkracuje prostoje za\u0159\u00edzen\u00ed.<\/p>\n<p><img decoding=\"async\" src=\"https:\/\/www.hydraulic-cylinders.net\/wp-content\/uploads\/2025\/01\/songte-oil-pipes-and-spare-parts.webp\"\/><\/p>\n<p>Aplikace<\/p>\n<p>V\u00e1lce ramen se \u0161iroce pou\u017e\u00edvaj\u00ed v r\u016fzn\u00fdch oblastech, v\u010detn\u011b:<\/p>\n<p>1. Stavebn\u00ed in\u017een\u00fdrstv\u00ed: U bagr\u016f a je\u0159\u00e1b\u016f se v\u00e1lce ramen pou\u017e\u00edvaj\u00ed k ovl\u00e1d\u00e1n\u00ed pohybu l\u017e\u00edc nebo v\u00fdlo\u017en\u00edk\u016f pro zemn\u00ed pr\u00e1ce, manipulaci s materi\u00e1lem a mont\u00e1\u017e konstrukc\u00ed.<br \/>\n2. Zpracovatelsk\u00fd pr\u016fmysl: V automatizovan\u00fdch v\u00fdrobn\u00edch link\u00e1ch se v\u00e1lce ramen pou\u017e\u00edvaj\u00ed pro pohyb robotick\u00fdch ramen, mont\u00e1\u017en\u00ed, sva\u0159ovac\u00ed a manipula\u010dn\u00ed procesy, co\u017e zlep\u0161uje efektivitu a p\u0159esnost v\u00fdroby.<br \/>\n3. Zem\u011bd\u011blsk\u00e9 stroje: U zem\u011bd\u011blsk\u00fdch stroj\u016f, jako jsou skl\u00edzec\u00ed a sec\u00ed stroje, ovl\u00e1daj\u00ed v\u00e1lce ramen pohyb ovl\u00e1dac\u00edch ramen a prov\u00e1d\u011bj\u00ed \u00fakoly, jako je s\u00e1zen\u00ed, hnojen\u00ed a sklize\u0148.<br \/>\n4. T\u011b\u017eba: V t\u011b\u017eebn\u00edch za\u0159\u00edzen\u00edch se v\u00e1lce ramen pou\u017e\u00edvaj\u00ed k ovl\u00e1d\u00e1n\u00ed pohybu ramen t\u011b\u017eebn\u00edch za\u0159\u00edzen\u00ed pro t\u011b\u017ebu a manipulaci s materi\u00e1lem.<br \/>\n5. Logistika a doprava: U vysokozdvi\u017en\u00fdch voz\u00edk\u016f a manipula\u010dn\u00edch robot\u016f se v\u00e1lce ramen pou\u017e\u00edvaj\u00ed k ovl\u00e1d\u00e1n\u00ed zved\u00e1n\u00ed a pohybu vidlic, \u010d\u00edm\u017e se realizuje manipulace s materi\u00e1lem a jeho stohov\u00e1n\u00ed.<\/p>\n<p>Konstruk\u010dn\u00ed aspekty a krit\u00e9ria v\u00fdb\u011bru<\/p>\n<p>B\u011bhem procesu n\u00e1vrhu v\u00e1lc\u016f ramene je t\u0159eba zv\u00e1\u017eit n\u00e1sleduj\u00edc\u00ed faktory:<\/p>\n<p>1. \u00danosnost: V\u00e1lce ramen mus\u00ed b\u00fdt navr\u017eeny tak, aby odolaly vysok\u00e9mu zat\u00ed\u017een\u00ed a zajistily plynul\u00fd a efektivn\u00ed pohyb.<br \/>\n2. T\u011bsn\u011bn\u00ed: M\u011bly by se pou\u017e\u00edt r\u016fzn\u00e9 t\u011bsnic\u00ed komponenty, jako jsou t\u011bsn\u011bn\u00ed p\u00edst\u016f a t\u011bsn\u011bn\u00ed p\u00edstnic, kter\u00e9 by m\u011bly b\u00fdt vyrobeny z materi\u00e1l\u016f odoln\u00fdch proti opot\u0159eben\u00ed, jako je polyuretan a nitrilov\u00e1 pry\u017e.<br \/>\n3. Trvanlivost: V\u00e1lce ramen by m\u011bly b\u00fdt vyrobeny z vysoce pevn\u00fdch materi\u00e1l\u016f s dobrou odolnost\u00ed proti opot\u0159eben\u00ed a korozi, co\u017e zajist\u00ed dlouhodob\u00e9 pou\u017e\u00edv\u00e1n\u00ed v n\u00e1ro\u010dn\u00fdch podm\u00ednk\u00e1ch.<br \/>\n4. Bezpe\u010dnost: V\u00e1lce ramen by m\u011bly b\u00fdt navr\u017eeny tak, aby zajistily bezpe\u010dn\u00fd provoz a minimalizovaly riziko nehod.<br \/>\n5. \u00dadr\u017eba: V\u00e1lce ramen by m\u011bly b\u00fdt navr\u017eeny tak, aby umo\u017e\u0148ovaly pravidelnou \u00fadr\u017ebu a v\u00fdm\u011bnu sou\u010d\u00e1st\u00ed.<\/p>\n<p><img decoding=\"async\" src=\"https:\/\/www.hydraulic-cylinders.net\/wp-content\/uploads\/2025\/01\/songte-cylinder-head-with-all-kinds-excavator-models.webp\"\/><\/p>\n<p>T\u011bsn\u011bn\u00ed a maz\u00e1n\u00ed<\/p>\n<p>V\u00e1lce ramen vy\u017eaduj\u00ed r\u016fzn\u00e9 t\u011bsnic\u00ed komponenty, jako jsou t\u011bsn\u011bn\u00ed p\u00edst\u016f a t\u011bsn\u011bn\u00ed p\u00edstnic, kter\u00e9 by m\u011bly b\u00fdt vyrobeny z materi\u00e1l\u016f odoln\u00fdch proti opot\u0159eben\u00ed, jako je polyuretan a nitrilov\u00e1 pry\u017e. T\u011bleso v\u00e1lce a povrch z\u00e1vitu by m\u011bly b\u00fdt jemn\u011b opracov\u00e1ny pro zlep\u0161en\u00ed odolnosti proti opot\u0159eben\u00ed. Pro zaji\u0161t\u011bn\u00ed hladk\u00e9ho provozu by m\u011bla b\u00fdt prov\u00e1d\u011bna pravideln\u00e1 \u00fadr\u017eba a dopl\u0148ov\u00e1n\u00ed vhodn\u00e9ho hydraulick\u00e9ho oleje.<\/p>\n<p>Preventivn\u00ed \u00fadr\u017eba a \u0159e\u0161en\u00ed probl\u00e9m\u016f<\/p>\n<p>Pro zaji\u0161t\u011bn\u00ed efektivn\u00edho a spolehliv\u00e9ho provozu v\u00e1lc\u016f ramen by m\u011bly b\u00fdt prov\u00e1d\u011bny pravideln\u00e9 kontroly a preventivn\u00ed \u00fadr\u017eba, v\u010detn\u011b:<\/p>\n<p>1. Pravideln\u011b kontrolujte hladinu a kvalitu hydraulick\u00e9ho oleje.<br \/>\n2. Zkontrolujte t\u011bsnic\u00ed komponenty, zda nedoch\u00e1z\u00ed k jejich net\u011bsnostem a opot\u0159eben\u00ed.<br \/>\n3. Pravideln\u011b promaz\u00e1vejte v\u00e1lec.<br \/>\n4. Zkontrolujte, zda nen\u00ed po\u0161kozeno t\u011bleso v\u00e1lce a p\u00edstn\u00ed ty\u010d.<br \/>\n5. Zkontrolujte, zda nen\u00ed p\u0159\u00edslu\u0161enstv\u00ed po\u0161kozen\u00e9.<\/p>\n<p>Pokud se b\u011bhem kontroly nebo provozu v\u00e1lc\u016f ramene zjist\u00ed n\u011bjak\u00e9 probl\u00e9my, lze pou\u017e\u00edt n\u00e1sleduj\u00edc\u00ed metody \u0159e\u0161en\u00ed probl\u00e9m\u016f:<\/p>\n<p>1. Identifikujte probl\u00e9m a jeho p\u0159\u00ed\u010dinu.<br \/>\n2. \u0158i\u010fte se manu\u00e1lem nebo se pora\u010fte s technick\u00fdm odborn\u00edkem.<br \/>\n3. Prove\u010fte vhodn\u00e1 opat\u0159en\u00ed k oprav\u011b nebo v\u00fdm\u011bn\u011b po\u0161kozen\u00fdch sou\u010d\u00e1st\u00ed.<\/p>\n<p><img decoding=\"async\" src=\"https:\/\/www.hydraulic-cylinders.net\/wp-content\/uploads\/2025\/01\/songte-chushion-collar.webp\"\/><\/p>\n<p>Instala\u010dn\u00ed p\u0159\u00edru\u010dka<\/p>\n<p>Pro instalaci v\u00e1lc\u016f ramene je t\u0159eba dodr\u017eet n\u00e1sleduj\u00edc\u00ed kroky:<\/p>\n<p>1. Ujist\u011bte se, \u017ee v\u0161echny sou\u010d\u00e1sti jsou \u010dist\u00e9 a bez ne\u010distot.<br \/>\n2. Um\u00edst\u011bte v\u00e1lec do spr\u00e1vn\u00e9 polohy a ut\u00e1hn\u011bte upev\u0148ovac\u00ed \u0161rouby.<br \/>\n3. P\u0159ipojte hydraulickou hadici a armatury.<br \/>\n4. Otestujte v\u00e1lec, abyste se ujistili o jeho spr\u00e1vn\u00e9 funkci.<\/p>\n<p>Bezpe\u010dnostn\u00ed aspekty a faktory prost\u0159ed\u00ed<\/p>\n<p>P\u0159i pou\u017e\u00edv\u00e1n\u00ed v\u00e1lc\u016f s ramenem je t\u0159eba dodr\u017eovat n\u00e1sleduj\u00edc\u00ed bezpe\u010dnostn\u00ed opat\u0159en\u00ed:<\/p>\n<p>1. Ujist\u011bte se, \u017ee je v\u00e1lec spr\u00e1vn\u011b nainstalov\u00e1n a zaji\u0161t\u011bn.<br \/>\n2. Pe\u010dliv\u011b dodr\u017eujte n\u00e1vod k obsluze.<br \/>\n3. Pou\u017e\u00edvejte vhodn\u00e9 ochrann\u00e9 pom\u016fcky, jako jsou rukavice a ochrana o\u010d\u00ed.<br \/>\n4. Zajist\u011bte, aby v pracovn\u00ed oblasti nebyly \u017e\u00e1dn\u00e9 osoby ani p\u0159ek\u00e1\u017eky.<\/p>\n<p>V\u00e1lce s rameny mohou b\u00fdt navr\u017eeny a vyrobeny tak, aby spl\u0148ovaly r\u016fzn\u00e9 environment\u00e1ln\u00ed normy a p\u0159edpisy, jako jsou RoHS a REACH.<\/p>\n<p>Jsme profesion\u00e1ln\u00ed v\u00fdrobce n\u00e1hradn\u00edch hydraulick\u00fdch v\u00e1lc\u016f a nab\u00edz\u00edme \u0161irokou \u0161k\u00e1lu produkt\u016f. Stali jsme se jedn\u00edm z p\u0159edn\u00edch v\u00fdrobc\u016f a velkoobchodn\u00edch distributor\u016f hydraulick\u00fdch v\u00e1lc\u016f na dom\u00e1c\u00edm i mezin\u00e1rodn\u00edm trhu. V\u017edy dodr\u017eujeme princip vynikaj\u00edc\u00ed kvality a spol\u00e9h\u00e1me se na strategii industrializovan\u00e9ho \u0159\u00edzen\u00ed v\u00fdroby na\u0161\u00ed precizn\u00ed v\u00fdrobn\u00ed d\u00edlny, kter\u00e1 neust\u00e1le zlep\u0161uje na\u0161i technickou \u00farove\u0148 a efektivitu v\u00fdroby. Zav\u00e1d\u011bn\u00edm pokro\u010dil\u00e9ho digit\u00e1ln\u00edho v\u00fdrobn\u00edho za\u0159\u00edzen\u00ed a profesion\u00e1ln\u00edch testovac\u00edch syst\u00e9m\u016f neust\u00e1le optimalizujeme na\u0161i v\u00fdrobn\u00ed platformu, zlep\u0161ujeme proces kontroly kvality na\u0161ich v\u00fdrobk\u016f a prokazujeme siln\u00e9 inova\u010dn\u00ed schopnosti. Na\u0161\u00edm c\u00edlem je uspokojovat rozmanit\u00e9 pot\u0159eby z\u00e1kazn\u00edk\u016f s principy efektivity, p\u0159esnosti a vysok\u00e9 kvality.<\/p>\n<p>Na\u0161e spole\u010dnost mimo jin\u00e9 poskytuje profesion\u00e1ln\u00ed slu\u017eby, mezin\u00e1rodn\u00ed certifikaci, zak\u00e1zkov\u00e9 slu\u017eby, v\u00fdrobn\u00ed za\u0159\u00edzen\u00ed a poprodejn\u00ed servis.<\/p>\n<p><img decoding=\"async\" src=\"https:\/\/www.hydraulic-cylinders.net\/wp-content\/uploads\/2025\/01\/songte-company-4.webp\"\/><img decoding=\"async\" src=\"https:\/\/www.hydraulic-cylinders.net\/wp-content\/uploads\/2025\/01\/songte-company-3.webp\"\/><\/p>\n<p>Autor: lyl<\/p>","protected":false},"excerpt":{"rendered":"<p>Arm Cylinder For Carter CT330-8C Introduction Arm cylinder is a specially designed hydraulic cylinder that provides linear motion and power for various mechanical arms, such as excavators, cranes, and robotic arms. It plays a crucial role in hydraulic systems, enabling attachments or accessories to be moved and controlled effectively. These cylinders not only provide smooth [&hellip;]<\/p>","protected":false},"featured_media":14774,"comment_status":"open","ping_status":"closed","template":"","meta":{"_et_pb_use_builder":"","_et_pb_old_content":"","_et_gb_content_width":""},"product_brand":[],"product_cat":[1497],"product_tag":[1498,1496],"class_list":{"0":"post-16731","1":"product","2":"type-product","3":"status-publish","4":"has-post-thumbnail","6":"product_cat-arm-cylinders","7":"product_tag-arm-cylinders","8":"product_tag-hydraulic-cylinders","10":"first","11":"instock","12":"shipping-taxable","13":"product-type-simple"},"amp_enabled":true,"_links":{"self":[{"href":"https:\/\/www.hydraulic-cylinders.net\/cs\/wp-json\/wp\/v2\/product\/16731","targetHints":{"allow":["GET"]}}],"collection":[{"href":"https:\/\/www.hydraulic-cylinders.net\/cs\/wp-json\/wp\/v2\/product"}],"about":[{"href":"https:\/\/www.hydraulic-cylinders.net\/cs\/wp-json\/wp\/v2\/types\/product"}],"replies":[{"embeddable":true,"href":"https:\/\/www.hydraulic-cylinders.net\/cs\/wp-json\/wp\/v2\/comments?post=16731"}],"wp:featuredmedia":[{"embeddable":true,"href":"https:\/\/www.hydraulic-cylinders.net\/cs\/wp-json\/wp\/v2\/media\/14774"}],"wp:attachment":[{"href":"https:\/\/www.hydraulic-cylinders.net\/cs\/wp-json\/wp\/v2\/media?parent=16731"}],"wp:term":[{"taxonomy":"product_brand","embeddable":true,"href":"https:\/\/www.hydraulic-cylinders.net\/cs\/wp-json\/wp\/v2\/product_brand?post=16731"},{"taxonomy":"product_cat","embeddable":true,"href":"https:\/\/www.hydraulic-cylinders.net\/cs\/wp-json\/wp\/v2\/product_cat?post=16731"},{"taxonomy":"product_tag","embeddable":true,"href":"https:\/\/www.hydraulic-cylinders.net\/cs\/wp-json\/wp\/v2\/product_tag?post=16731"}],"curies":[{"name":"wp","href":"https:\/\/api.w.org\/{rel}","templated":true}]}}