{"id":16734,"date":"2025-01-21T05:50:31","date_gmt":"2025-01-21T05:50:31","guid":{"rendered":"https:\/\/www.hydraulic-cylinders.net\/product\/arm-cylinder-for-kym-ky60f\/"},"modified":"2025-01-21T05:50:32","modified_gmt":"2025-01-21T05:50:32","slug":"arm-cylinder-for-kym-ky60f","status":"publish","type":"product","link":"https:\/\/www.hydraulic-cylinders.net\/cs\/produkt\/arm-cylinder-for-kym-ky60f\/","title":{"rendered":"V\u00e1lec ramene pro KYM KY60F"},"content":{"rendered":"<h1>V\u00e1lec ramene pro KYM KY60F<\/h1>\n<p><img decoding=\"async\" src=\"https:\/\/www.hydraulic-cylinders.net\/wp-content\/uploads\/2025\/01\/songte-company-2.webp\" alt=\"V\u00e1lec ramene pro KYM KY60F\" \/><\/p>\n<h2>Zaveden\u00ed<\/h2>\n<p>V\u00e1lec ramene je speci\u00e1ln\u011b navr\u017een\u00fd hydraulick\u00fd v\u00e1lec, kter\u00fd poskytuje line\u00e1rn\u00ed pohyb a s\u00edlu rameni r\u016fzn\u00fdch typ\u016f stroj\u016f, jako jsou bagry, je\u0159\u00e1by a robotick\u00e1 ramena. V\u00e1lec ramene hraje kl\u00ed\u010dovou roli v hydraulick\u00fdch syst\u00e9mech, proto\u017ee umo\u017e\u0148uje efektivn\u00ed pohyb a ovl\u00e1d\u00e1n\u00ed dal\u0161\u00edch n\u00e1stroj\u016f nebo p\u0159\u00edslu\u0161enstv\u00ed. Tyto v\u00e1lce nejen umo\u017e\u0148uj\u00ed plynul\u00fd pohyb, ale tak\u00e9 odol\u00e1vaj\u00ed t\u011b\u017ek\u00fdm z\u00e1t\u011b\u017e\u00edm, \u010d\u00edm\u017e zaji\u0161\u0165uj\u00ed vysokou \u00fa\u010dinnost a spolehlivost stroje za r\u016fzn\u00fdch provozn\u00edch podm\u00ednek.<\/p>\n<h2>Funkce<\/h2>\n<ul>\n<li><strong>Vysoce \u00fa\u010dinn\u00fd p\u0159enos v\u00fdkonu:<\/strong> V\u00e1lec ramene poskytuje siln\u00fd line\u00e1rn\u00ed pohyb a s\u00edlu, co\u017e zaji\u0161\u0165uje vysok\u00fd v\u00fdkon mechanick\u00e9ho ramene v r\u016fzn\u00fdch operac\u00edch.<\/li>\n<li><strong>P\u0159esn\u00e9 ovl\u00e1d\u00e1n\u00ed:<\/strong> D\u00edky hydraulick\u00fdm syst\u00e9m\u016fm dosahuje v\u00e1lec ramene p\u0159esn\u00e9ho \u0159\u00edzen\u00ed pohybu, co\u017e zvy\u0161uje flexibilitu a p\u0159esnost ovl\u00e1d\u00e1n\u00ed p\u0159ipojen\u00e9ho n\u00e1\u0159ad\u00ed.<\/li>\n<li><strong>Trvanlivost:<\/strong> V\u00e1lce ramen jsou obvykle vyrobeny z vysoce pevn\u00fdch materi\u00e1l\u016f, kter\u00e9 nab\u00edzej\u00ed vynikaj\u00edc\u00ed odolnost proti opot\u0159eben\u00ed a korozi, a jsou vhodn\u00e9 pro dlouhodob\u00e9 pou\u017e\u00edv\u00e1n\u00ed v n\u00e1ro\u010dn\u00fdch podm\u00ednk\u00e1ch.<\/li>\n<li><strong>Multifunk\u010dn\u00ed p\u0159izp\u016fsobivost:<\/strong> Tyto v\u00e1lce lze \u0161iroce pou\u017e\u00edvat v r\u016fzn\u00fdch strojn\u00edch za\u0159\u00edzen\u00edch, jako jsou bagry, je\u0159\u00e1by a robotick\u00e1 ramena, aby se p\u0159izp\u016fsobily r\u016fzn\u00fdm pracovn\u00edm po\u017eadavk\u016fm.<\/li>\n<li><strong>Snadn\u00e1 \u00fadr\u017eba:<\/strong> V\u00e1lce ramen jsou navr\u017eeny pro snadnou \u00fadr\u017ebu a v\u00fdm\u011bnu a usnad\u0148uj\u00ed pravideln\u00e9 kontroly a \u00fadr\u017ebu, \u010d\u00edm\u017e zkracuj\u00ed prostoje za\u0159\u00edzen\u00ed.<\/li>\n<\/ul>\n<p><img decoding=\"async\" src=\"https:\/\/www.hydraulic-cylinders.net\/wp-content\/uploads\/2025\/01\/songte-oil-pipes-and-spare-parts.webp\" alt=\"Vlastnosti v\u00e1lce ramene\" \/><\/p>\n<h2>Aplikace<\/h2>\n<ul>\n<li><strong>Stavebn\u00ed in\u017een\u00fdrstv\u00ed:<\/strong> U bagr\u016f a je\u0159\u00e1b\u016f se v\u00e1lce ramen pou\u017e\u00edvaj\u00ed k ovl\u00e1d\u00e1n\u00ed pohybu l\u017eic nebo v\u00fdlo\u017en\u00edk\u016f pro zemn\u00ed pr\u00e1ce, manipulaci s materi\u00e1lem a mont\u00e1\u017e konstrukc\u00ed.<\/li>\n<li><strong>Zpracovatelsk\u00fd pr\u016fmysl:<\/strong> V automatizovan\u00fdch v\u00fdrobn\u00edch link\u00e1ch se v\u00e1lce ramen pou\u017e\u00edvaj\u00ed k pohybu robotick\u00fdch ramen p\u0159i mont\u00e1\u017en\u00edch, sva\u0159ovac\u00edch a manipula\u010dn\u00edch procesech, co\u017e zvy\u0161uje efektivitu a p\u0159esnost v\u00fdroby.<\/li>\n<li><strong>Zem\u011bd\u011blsk\u00e9 stroje:<\/strong> V zem\u011bd\u011blsk\u00fdch stroj\u00edch, jako jsou skl\u00edzec\u00ed a sec\u00ed stroje, ovl\u00e1daj\u00ed v\u00e1lce ramen pohyb ovl\u00e1dac\u00edch ramen pro \u00fakoly, jako je set\u00ed, hnojen\u00ed a sklize\u0148.<\/li>\n<li><strong>Hornictv\u00ed:<\/strong> V t\u011b\u017eebn\u00edch za\u0159\u00edzen\u00edch se v\u00e1lce ramen pou\u017e\u00edvaj\u00ed k ovl\u00e1d\u00e1n\u00ed pohybu ramen t\u011b\u017eebn\u00edch stroj\u016f pro t\u011b\u017ebu a p\u0159epravu rudy.<\/li>\n<li><strong>Logistika a doprava:<\/strong> U vysokozdvi\u017en\u00fdch voz\u00edk\u016f a manipula\u010dn\u00edch robot\u016f se v\u00e1lce ramen pou\u017e\u00edvaj\u00ed k ovl\u00e1d\u00e1n\u00ed zved\u00e1n\u00ed a pohybu vidlic, co\u017e umo\u017e\u0148uje manipulaci s materi\u00e1lem a jeho stohov\u00e1n\u00ed.<\/li>\n<\/ul>\n<h2>Konstruk\u010dn\u00ed aspekty a krit\u00e9ria v\u00fdb\u011bru<\/h2>\n<p><img decoding=\"async\" src=\"https:\/\/www.hydraulic-cylinders.net\/wp-content\/uploads\/2025\/01\/songte-cylinder-head-with-all-kinds-excavator-models.webp\" alt=\"Konstrukce v\u00e1lce ramene\" \/><\/p>\n<p>P\u0159i zva\u017eov\u00e1n\u00ed konstrukce a v\u00fdb\u011bru v\u00e1lc\u016f ramene je t\u0159eba vz\u00edt v \u00favahu n\u011bkolik kl\u00ed\u010dov\u00fdch faktor\u016f:<\/p>\n<ul>\n<li><strong>Nosnost:<\/strong> V\u00e1lec by m\u011bl b\u00fdt schopen odolat o\u010dek\u00e1van\u00e9mu zat\u00ed\u017een\u00ed b\u011bhem provozu.<\/li>\n<li><strong>T\u011bsn\u011bn\u00ed:<\/strong> Pro zaji\u0161t\u011bn\u00ed \u00fa\u010dinn\u00e9ho ut\u011bsn\u011bn\u00ed by se m\u011bly pou\u017e\u00edvat r\u016fzn\u00e9 t\u011bsnic\u00ed komponenty, jako jsou t\u011bsn\u011bn\u00ed p\u00edst\u016f a p\u00edstnic. Materi\u00e1ly jako polyuretan a nitrilov\u00e1 pry\u017e se b\u011b\u017en\u011b vol\u00ed pro svou odolnost proti opot\u0159eben\u00ed.<\/li>\n<li><strong>Trvanlivost:<\/strong> T\u011bleso v\u00e1lce a z\u00e1vitov\u00e9 konce by m\u011bly b\u00fdt jemn\u011b o\u0161et\u0159eny, aby se zlep\u0161ila odolnost proti opot\u0159eben\u00ed.<\/li>\n<li><strong>Bezpe\u010dnost:<\/strong> Do konstrukce by m\u011bly b\u00fdt za\u010dlen\u011bny bezpe\u010dnostn\u00ed aspekty, kter\u00e9 zajist\u00ed bezpe\u010dn\u00fd provoz v\u00e1lce ramene v r\u016fzn\u00fdch pracovn\u00edch podm\u00ednk\u00e1ch.<\/li>\n<li><strong>\u00dadr\u017eba:<\/strong> B\u011bhem procesu n\u00e1vrhu by m\u011bla b\u00fdt zohledn\u011bna snadn\u00e1 \u00fadr\u017eba a opravy, co\u017e by zkr\u00e1tilo prostoje a usnadnilo pravideln\u00e9 kontroly.<\/li>\n<\/ul>\n<h2>T\u011bsn\u011bn\u00ed a maz\u00e1n\u00ed<\/h2>\n<p>V\u00e1lec ramene vyu\u017e\u00edv\u00e1 r\u016fzn\u00e9 t\u011bsnic\u00ed komponenty, jako jsou t\u011bsn\u011bn\u00ed p\u00edstu a p\u00edstnice, kter\u00e9 jsou vyrobeny z odoln\u00fdch materi\u00e1l\u016f, jako je polyuretan a nitrilov\u00e1 pry\u017e. T\u011bleso v\u00e1lce a z\u00e1vitov\u00e9 konce proch\u00e1zej\u00ed jemn\u00fdm o\u0161et\u0159en\u00edm pro zv\u00fd\u0161en\u00ed odolnosti proti opot\u0159eben\u00ed. Pravideln\u00e9 maz\u00e1n\u00ed vhodn\u00fdm hydraulick\u00fdm olejem je nezbytn\u00e9 pro zaji\u0161t\u011bn\u00ed plynul\u00e9ho provozu a sn\u00ed\u017een\u00ed opot\u0159eben\u00ed.<\/p>\n<h2>Pravideln\u00e1 kontrola a preventivn\u00ed \u00fadr\u017eba<\/h2>\n<p>Pro zaji\u0161t\u011bn\u00ed optim\u00e1ln\u00edho v\u00fdkonu a prodlou\u017een\u00ed \u017eivotnosti v\u00e1lce ramene je nezbytn\u00e1 pravideln\u00e1 kontrola a preventivn\u00ed \u00fadr\u017eba. M\u011bla by b\u00fdt p\u0159ijata n\u00e1sleduj\u00edc\u00ed opat\u0159en\u00ed:<\/p>\n<ul>\n<li>Zkontrolujte v\u00e1lec, zda nevykazuje zn\u00e1mky net\u011bsnosti, opot\u0159eben\u00ed nebo po\u0161kozen\u00ed.<\/li>\n<li>Kontrolujte a udr\u017eujte spr\u00e1vnou hladinu maz\u00e1n\u00ed.<\/li>\n<li>Sledujte v\u00fdkon v\u00e1lce a neprodlen\u011b \u0159e\u0161te jak\u00e9koli abnormality.<\/li>\n<li>V p\u0159\u00edpad\u011b pot\u0159eby vym\u011b\u0148te opot\u0159ebovan\u00e1 t\u011bsn\u011bn\u00ed nebo jin\u00e9 sou\u010d\u00e1sti.<\/li>\n<\/ul>\n<h2>Pr\u016fvodce instalac\u00ed produktu<\/h2>\n<p><img decoding=\"async\" src=\"https:\/\/www.hydraulic-cylinders.net\/wp-content\/uploads\/2025\/01\/songte-bushings-with-all-kinds-of-excavator-models.webp\" alt=\"Mont\u00e1\u017e v\u00e1lce ramene\" \/><\/p>\n<p>Spr\u00e1vn\u00e1 instalace v\u00e1lce ramene je kl\u00ed\u010dov\u00e1 pro jeho v\u00fdkon a dlouhou \u017eivotnost. Postupujte podle t\u011bchto krok\u016f:<\/p>\n<ol>\n<li>Ujist\u011bte se, \u017ee mont\u00e1\u017en\u00ed povrch je \u010dist\u00fd a bez ne\u010distot.<\/li>\n<li>Zarovnejte v\u00e1lec se spr\u00e1vnou orientac\u00ed.<\/li>\n<li>Bezpe\u010dn\u011b upevn\u011bte v\u00e1lec pomoc\u00ed vhodn\u00fdch \u0161roub\u016f nebo konzol.<\/li>\n<li>Prove\u010fte pot\u0159ebn\u00e1 p\u0159ipojen\u00ed hadic nebo trubek.<\/li>\n<li>Po instalaci prove\u010fte d\u016fkladnou kontrolu, abyste ov\u011b\u0159ili spr\u00e1vnou funkci.<\/li>\n<\/ol>\n<h2>Bezpe\u010dnostn\u00ed aspekty a faktory prost\u0159ed\u00ed<\/h2>\n<p>P\u0159i pr\u00e1ci s hydraulick\u00fdmi v\u00e1lci jsou bezpe\u010dnostn\u00ed opat\u0159en\u00ed nanejv\u00fd\u0161 d\u016fle\u017eit\u00e1. Spr\u00e1vn\u00e9 \u0161kolen\u00ed, dodr\u017eov\u00e1n\u00ed bezpe\u010dnostn\u00edch pokyn\u016f a pou\u017e\u00edv\u00e1n\u00ed ochrann\u00fdch prost\u0159edk\u016f mohou p\u0159edej\u00edt nehod\u00e1m. D\u00e1le je t\u0159eba zohlednit faktory prost\u0159ed\u00ed, jako je v\u00fdb\u011br materi\u00e1l\u016f odoln\u00fdch v\u016f\u010di korozi a podm\u00ednk\u00e1m prost\u0159ed\u00ed.<\/p>\n<h2>Odstra\u0148ov\u00e1n\u00ed probl\u00e9m\u016f a b\u011b\u017en\u00e9 probl\u00e9my<\/h2>\n<p><img decoding=\"async\" src=\"https:\/\/www.hydraulic-cylinders.net\/wp-content\/uploads\/2025\/01\/songte-chushion-collar.webp\" alt=\"Odstra\u0148ov\u00e1n\u00ed probl\u00e9m\u016f s v\u00e1lcem ramene\" \/><\/p>\n<p>Pochopen\u00ed b\u011b\u017en\u00fdch probl\u00e9m\u016f, kter\u00e9 mohou nastat s v\u00e1lci ramen, je nezbytn\u00e9 pro efektivn\u00ed odstra\u0148ov\u00e1n\u00ed probl\u00e9m\u016f a jejich \u0159e\u0161en\u00ed. Mezi b\u011b\u017en\u00e9 probl\u00e9my pat\u0159\u00ed net\u011bsnost, nedostate\u010dn\u00fd v\u00fdkon a nepravideln\u00fd pohyb. Zde je n\u011bkolik tip\u016f a \u0159e\u0161en\u00ed:<\/p>\n<ul>\n<li>Pokud doch\u00e1z\u00ed k \u00faniku, zkontrolujte t\u011bsn\u011bn\u00ed a v p\u0159\u00edpad\u011b pot\u0159eby je vym\u011b\u0148te.<\/li>\n<li>Pokud je v\u00fdstupn\u00ed v\u00fdkon nedostate\u010dn\u00fd, zkontrolujte tlak a pr\u016ftok hydraulick\u00e9ho syst\u00e9mu.<\/li>\n<li>Pokud je pohyb nepravideln\u00fd, zkontrolujte regula\u010dn\u00ed ventily a ujist\u011bte se, \u017ee funguj\u00ed spr\u00e1vn\u011b.<\/li>\n<\/ul>\n<p>Dodr\u017eov\u00e1n\u00edm t\u011bchto tip\u016f pro odstra\u0148ov\u00e1n\u00ed probl\u00e9m\u016f a zaveden\u00edm preventivn\u00edch opat\u0159en\u00ed lze minimalizovat potenci\u00e1ln\u00ed probl\u00e9my a zajistit spolehliv\u00fd provoz v\u00e1lce ramene.<\/p>\n<p><img decoding=\"async\" src=\"https:\/\/www.hydraulic-cylinders.net\/wp-content\/uploads\/2025\/01\/songte-company-4.webp\" alt=\"P\u0159edstaven\u00ed spole\u010dnosti\" \/><\/p>\n<h2>O n\u00e1s<\/h2>\n<p>Jsme profesion\u00e1ln\u00ed v\u00fdrobce n\u00e1hradn\u00edch hydraulick\u00fdch v\u00e1lc\u016f a nab\u00edz\u00edme \u0161irokou \u0161k\u00e1lu produkt\u016f. Jako jeden z p\u0159edn\u00edch v\u00fdrobc\u016f a velkoobchodn\u00edch distributor\u016f hydraulick\u00fdch v\u00e1lc\u016f na dom\u00e1c\u00edm i mezin\u00e1rodn\u00edm trhu se dr\u017e\u00edme principu excelence v kvalit\u011b. D\u00edky na\u0161\u00ed sofistikovan\u00e9 v\u00fdrobn\u00ed d\u00edln\u011b a strategii \u0159\u00edzen\u00ed pr\u016fmyslov\u00e9 v\u00fdroby neust\u00e1le zlep\u0161ujeme na\u0161e technick\u00e9 mo\u017enosti a efektivitu v\u00fdroby. Zav\u00e1d\u011bn\u00edm pokro\u010dil\u00fdch digit\u00e1ln\u00edch v\u00fdrobn\u00edch za\u0159\u00edzen\u00ed a profesion\u00e1ln\u00edch testovac\u00edch syst\u00e9m\u016f optimalizujeme na\u0161i v\u00fdrobn\u00ed platformu a vylep\u0161ujeme proces kontroly kvality v\u00fdrobk\u016f, \u010d\u00edm\u017e prokazujeme siln\u00e9 inova\u010dn\u00ed schopnosti. Na\u0161\u00edm c\u00edlem je uspokojovat rozmanit\u00e9 pot\u0159eby z\u00e1kazn\u00edk\u016f s efektivitou, p\u0159esnost\u00ed a vysoce kvalitn\u00edmi produkty.<\/p>\n<p><img decoding=\"async\" src=\"https:\/\/www.hydraulic-cylinders.net\/wp-content\/uploads\/2025\/01\/songte-company-3.webp\" alt=\"Za\u0159\u00edzen\u00ed spole\u010dnosti\" \/><\/p>\n<p>Na\u0161e spole\u010dnost vynik\u00e1 profesionalitou, mezin\u00e1rodn\u00edmi certifikacemi, slu\u017ebami na m\u00edru, v\u00fdrobn\u00edm vybaven\u00edm a poprodejn\u00edm servisem. Sna\u017e\u00edme se o v\u00fdjime\u010dnou spokojenost z\u00e1kazn\u00edk\u016f a jsme odhodl\u00e1ni dod\u00e1vat spolehliv\u00e9 hydraulick\u00e9 v\u00e1lce pro r\u016fzn\u00e9 aplikace.<\/p>\n<p><em>Autor: lyl<\/em><\/p>","protected":false},"excerpt":{"rendered":"<p>Arm Cylinder For KYM KY60F Introduction An arm cylinder is a specially designed hydraulic cylinder that provides linear motion and power to the arm of various types of machinery, such as excavators, cranes, and robotic arms. The arm cylinder plays a crucial role in hydraulic systems, allowing for efficient movement and control of additional tools [&hellip;]<\/p>","protected":false},"featured_media":14766,"comment_status":"open","ping_status":"closed","template":"","meta":{"_et_pb_use_builder":"","_et_pb_old_content":"","_et_gb_content_width":""},"product_brand":[],"product_cat":[1497],"product_tag":[1498,1496],"class_list":{"0":"post-16734","1":"product","2":"type-product","3":"status-publish","4":"has-post-thumbnail","6":"product_cat-arm-cylinders","7":"product_tag-arm-cylinders","8":"product_tag-hydraulic-cylinders","10":"first","11":"instock","12":"shipping-taxable","13":"product-type-simple"},"amp_enabled":true,"_links":{"self":[{"href":"https:\/\/www.hydraulic-cylinders.net\/cs\/wp-json\/wp\/v2\/product\/16734","targetHints":{"allow":["GET"]}}],"collection":[{"href":"https:\/\/www.hydraulic-cylinders.net\/cs\/wp-json\/wp\/v2\/product"}],"about":[{"href":"https:\/\/www.hydraulic-cylinders.net\/cs\/wp-json\/wp\/v2\/types\/product"}],"replies":[{"embeddable":true,"href":"https:\/\/www.hydraulic-cylinders.net\/cs\/wp-json\/wp\/v2\/comments?post=16734"}],"wp:featuredmedia":[{"embeddable":true,"href":"https:\/\/www.hydraulic-cylinders.net\/cs\/wp-json\/wp\/v2\/media\/14766"}],"wp:attachment":[{"href":"https:\/\/www.hydraulic-cylinders.net\/cs\/wp-json\/wp\/v2\/media?parent=16734"}],"wp:term":[{"taxonomy":"product_brand","embeddable":true,"href":"https:\/\/www.hydraulic-cylinders.net\/cs\/wp-json\/wp\/v2\/product_brand?post=16734"},{"taxonomy":"product_cat","embeddable":true,"href":"https:\/\/www.hydraulic-cylinders.net\/cs\/wp-json\/wp\/v2\/product_cat?post=16734"},{"taxonomy":"product_tag","embeddable":true,"href":"https:\/\/www.hydraulic-cylinders.net\/cs\/wp-json\/wp\/v2\/product_tag?post=16734"}],"curies":[{"name":"wp","href":"https:\/\/api.w.org\/{rel}","templated":true}]}}