{"id":16735,"date":"2025-01-21T05:50:34","date_gmt":"2025-01-21T05:50:34","guid":{"rendered":"https:\/\/www.hydraulic-cylinders.net\/product\/arm-cylinder-for-kym-ky85\/"},"modified":"2025-01-21T05:50:36","modified_gmt":"2025-01-21T05:50:36","slug":"arm-cylinder-for-kym-ky85","status":"publish","type":"product","link":"https:\/\/www.hydraulic-cylinders.net\/cs\/produkt\/arm-cylinder-for-kym-ky85\/","title":{"rendered":"V\u00e1lec ramene pro KYM KY85"},"content":{"rendered":"<h1>V\u00e1lec ramene pro KYM KY85<\/h1>\n<h2>Zaveden\u00ed<\/h2>\n<h3>Definice a vysv\u011btlen\u00ed ramenov\u00e9ho v\u00e1lce<\/h3>\n<p>Hydraulick\u00fd v\u00e1lec ramene je speci\u00e1ln\u011b navr\u017een\u00fd hydraulick\u00fd v\u00e1lec, kter\u00fd se pou\u017e\u00edv\u00e1 hlavn\u011b k zaji\u0161t\u011bn\u00ed line\u00e1rn\u00edho pohybu a v\u00fdkonu ramen r\u016fzn\u00fdch typ\u016f stroj\u016f, jako jsou bagry, je\u0159\u00e1by a robotick\u00e1 ramena. V\u00e1lec ramene hraje kl\u00ed\u010dovou roli v hydraulick\u00fdch syst\u00e9mech, proto\u017ee umo\u017e\u0148uje efektivn\u00ed pohyb a ovl\u00e1d\u00e1n\u00ed p\u0159\u00edslu\u0161enstv\u00ed. Tyto v\u00e1lce nejen umo\u017e\u0148uj\u00ed plynul\u00fd pohyb, ale tak\u00e9 odol\u00e1vaj\u00ed t\u011b\u017ek\u00fdm z\u00e1t\u011b\u017e\u00edm, \u010d\u00edm\u017e zaji\u0161\u0165uj\u00ed efektivn\u00ed provoz a spolehlivost stroj\u016f za r\u016fzn\u00fdch provozn\u00edch podm\u00ednek.<\/p>\n<p><img decoding=\"async\" src=\"https:\/\/www.hydraulic-cylinders.net\/wp-content\/uploads\/2025\/01\/songte-company-2.webp\" alt=\"Obr\u00e1zek v\u00e1lce ramene\"><\/p>\n<h2>Funkce<\/h2>\n<h3>1. Vysoce \u00fa\u010dinn\u00fd p\u0159enos<\/h3>\n<p>V\u00e1lec ramene m\u016f\u017ee poskytovat siln\u00fd line\u00e1rn\u00ed pohyb a s\u00edlu, co\u017e zaji\u0161\u0165uje vysokou \u00fa\u010dinnost robotick\u00e9ho ramene v r\u016fzn\u00fdch operac\u00edch.<\/p>\n<h3>2. P\u0159esn\u00e9 ovl\u00e1d\u00e1n\u00ed<\/h3>\n<p>D\u00edky hydraulick\u00e9mu syst\u00e9mu m\u016f\u017ee v\u00e1lec ramene dos\u00e1hnout p\u0159esn\u00e9ho ovl\u00e1d\u00e1n\u00ed pohybu, co\u017e zvy\u0161uje flexibilitu a p\u0159esnost ovl\u00e1d\u00e1n\u00ed p\u0159\u00edslu\u0161enstv\u00ed.<\/p>\n<h3>3. Siln\u00e1 odolnost<\/h3>\n<p>V\u00e1lec ramene je obvykle vyroben z vysoce pevn\u00fdch materi\u00e1l\u016f a m\u00e1 dobrou odolnost proti opot\u0159eben\u00ed a korozi, d\u00edky \u010demu\u017e je vhodn\u00fd pro dlouhodob\u00e9 pou\u017eit\u00ed v n\u00e1ro\u010dn\u00fdch podm\u00ednk\u00e1ch.<\/p>\n<h3>4. V\u0161estrann\u00e1 p\u0159izp\u016fsobivost<\/h3>\n<p>Tyto v\u00e1lce lze \u0161iroce pou\u017e\u00edvat v r\u016fzn\u00fdch typech stroj\u016f, jako jsou bagry, je\u0159\u00e1by a robotick\u00e1 ramena, a p\u0159izp\u016fsobit se tak r\u016fzn\u00fdm po\u017eadavk\u016fm na pr\u00e1ci.<\/p>\n<h3>5. Snadn\u00e1 \u00fadr\u017eba<\/h3>\n<p>Konstrukce zohled\u0148uje snadnou \u00fadr\u017ebu a v\u00fdm\u011bnu, co\u017e usnad\u0148uje pravideln\u00e9 kontroly a \u00fadr\u017ebu a zkracuje prostoje za\u0159\u00edzen\u00ed.<\/p>\n<p><img decoding=\"async\" src=\"https:\/\/www.hydraulic-cylinders.net\/wp-content\/uploads\/2025\/01\/songte-oil-pipes-and-spare-parts.webp\" alt=\"Obr\u00e1zek n\u00e1hradn\u00edch d\u00edl\u016f\"><\/p>\n<h2>Aplikace<\/h2>\n<p>V\u00e1lec ramene se \u0161iroce pou\u017e\u00edv\u00e1 v r\u016fzn\u00fdch pr\u016fmyslov\u00fdch odv\u011btv\u00edch, v\u010detn\u011b:<\/p>\n<h3>1. Stavebn\u00ed in\u017een\u00fdrstv\u00ed<\/h3>\n<p>U bagr\u016f a je\u0159\u00e1b\u016f se v\u00e1lec ramene pou\u017e\u00edv\u00e1 k ovl\u00e1d\u00e1n\u00ed pohybu l\u017e\u00edce nebo v\u00fdlo\u017en\u00edku, k prov\u00e1d\u011bn\u00ed zemn\u00edch prac\u00ed, manipulace s materi\u00e1lem a mont\u00e1\u017ee konstrukc\u00ed.<\/p>\n<h3>2. Zpracovatelsk\u00fd pr\u016fmysl<\/h3>\n<p>V automatizovan\u00fdch v\u00fdrobn\u00edch link\u00e1ch se v\u00e1lec ramene pou\u017e\u00edv\u00e1 k pohybu robotick\u00fdch ramen, k prov\u00e1d\u011bn\u00ed mont\u00e1\u017en\u00edch, sva\u0159ovac\u00edch a manipula\u010dn\u00edch proces\u016f, \u010d\u00edm\u017e se zvy\u0161uje efektivita a p\u0159esnost v\u00fdroby.<\/p>\n<h3>3. Zem\u011bd\u011blsk\u00e9 stroje<\/h3>\n<p>V zem\u011bd\u011blsk\u00fdch stroj\u00edch, jako jsou skl\u00edzec\u00ed a sec\u00ed stroje, v\u00e1lec ramene ovl\u00e1d\u00e1 pohyb opera\u010dn\u00edho ramene a prov\u00e1d\u00ed \u00fakoly, jako je set\u00ed, hnojen\u00ed a sklize\u0148.<\/p>\n<h3>4. T\u011b\u017eba<\/h3>\n<p>V t\u011b\u017eebn\u00edm za\u0159\u00edzen\u00ed se v\u00e1lec ramene pou\u017e\u00edv\u00e1 k ovl\u00e1d\u00e1n\u00ed pohybu ramene t\u011b\u017eebn\u00edho za\u0159\u00edzen\u00ed, k prov\u00e1d\u011bn\u00ed t\u011b\u017eby a manipulace s rudou.<\/p>\n<h3>5. Logistika a doprava<\/h3>\n<p>U vysokozdvi\u017en\u00fdch voz\u00edk\u016f a manipula\u010dn\u00edch robot\u016f se v\u00e1lec ramene pou\u017e\u00edv\u00e1 k ovl\u00e1d\u00e1n\u00ed zved\u00e1n\u00ed a pohybu vidlice, \u010d\u00edm\u017e se realizuje manipulace s materi\u00e1lem a jeho stohov\u00e1n\u00ed.<\/p>\n<h2>\u00davahy o n\u00e1vrhu a standardy v\u00fdb\u011bru<\/h2>\n<h3>1. Nosnost<\/h3>\n<p>Nosnost v\u00e1lce ramene je kl\u00ed\u010dov\u00fdm faktorem, kter\u00fd je t\u0159eba p\u0159i v\u00fdb\u011bru zv\u00e1\u017eit. V\u00e1lec mus\u00ed b\u00fdt schopen odolat zat\u00ed\u017een\u00ed, kter\u00e9mu bude vystaven za r\u016fzn\u00fdch provozn\u00edch podm\u00ednek.<\/p>\n<h3>2. T\u011bsn\u011bn\u00ed<\/h3>\n<p>T\u011bsn\u011bn\u00ed v\u00e1lce ramene je nanejv\u00fd\u0161 d\u016fle\u017eit\u00e9. V\u00e1lec mus\u00ed b\u00fdt pevn\u011b ut\u011bsn\u011bn, aby se zabr\u00e1nilo \u00faniku hydraulick\u00e9 kapaliny, co\u017e m\u016f\u017ee zp\u016fsobit po\u0161kozen\u00ed strojn\u00edho za\u0159\u00edzen\u00ed a \u017eivotn\u00edho prost\u0159ed\u00ed.<\/p>\n<h3>3. Trvanlivost<\/h3>\n<p>V\u00e1lec ramene mus\u00ed b\u00fdt odoln\u00fd a schopn\u00fd odolat n\u00e1ro\u010dn\u00e9mu provozn\u00edmu prost\u0159ed\u00ed, kter\u00e9mu bude vystaven. Pro zaji\u0161t\u011bn\u00ed dlouhodob\u00e9ho pou\u017e\u00edv\u00e1n\u00ed by m\u011bly b\u00fdt vybr\u00e1ny materi\u00e1ly s vysokou odolnost\u00ed proti opot\u0159eben\u00ed a korozi.<\/p>\n<h3>4. Bezpe\u010dnost<\/h3>\n<p>P\u0159i navrhov\u00e1n\u00ed v\u00e1lce ramene je t\u0159eba db\u00e1t na bezpe\u010dnost. M\u011bla by b\u00fdt p\u0159ijata opat\u0159en\u00ed k prevenci nehod zp\u016fsoben\u00fdch selh\u00e1n\u00edm nebo poruchou v\u00e1lce.<\/p>\n<h3>5. Udr\u017eovatelnost<\/h3>\n<p>V\u00e1lec ramene by m\u011bl b\u00fdt navr\u017een s ohledem na \u00fadr\u017ebu. M\u011blo by b\u00fdt snadn\u00e9 jej rozebrat a opravit. Pro zaji\u0161t\u011bn\u00ed optim\u00e1ln\u00edho v\u00fdkonu v\u00e1lce by m\u011bla b\u00fdt prov\u00e1d\u011bna pravideln\u00e1 \u00fadr\u017eba.<\/p>\n<p><img decoding=\"async\" src=\"https:\/\/www.hydraulic-cylinders.net\/wp-content\/uploads\/2025\/01\/songte-cylinder-head-with-all-kinds-excavator-models.webp\" alt=\"Obr\u00e1zek hlavy v\u00e1lc\u016f\"><\/p>\n<h2>T\u011bsn\u011bn\u00ed a maz\u00e1n\u00ed<\/h2>\n<p>Pro zaji\u0161t\u011bn\u00ed t\u011bsnic\u00edho v\u00fdkonu v\u00e1lce ramene se pou\u017e\u00edvaj\u00ed r\u016fzn\u00e1 t\u011bsn\u011bn\u00ed, jako jsou p\u00edstn\u00ed t\u011bsn\u011bn\u00ed a t\u011bsn\u011bn\u00ed p\u00edstnice. B\u011b\u017en\u011b se pou\u017e\u00edvaj\u00ed materi\u00e1ly s vysokou odolnost\u00ed proti opot\u0159eben\u00ed a dobr\u00fdm t\u011bsnic\u00edm v\u00fdkonem, jako je polyuretan a nitrilov\u00e1 pry\u017e. T\u011bleso v\u00e1lce a povrch z\u00e1vitu jsou jemn\u011b opracov\u00e1ny pro zlep\u0161en\u00ed odolnosti proti opot\u0159eben\u00ed. Pro zaji\u0161t\u011bn\u00ed optim\u00e1ln\u00edho v\u00fdkonu v\u00e1lce je nutn\u00e9 pravideln\u00e9 maz\u00e1n\u00ed hydraulick\u00fdm olejem.<\/p>\n<h2>\u00dadr\u017eba a preventivn\u00ed opat\u0159en\u00ed<\/h2>\n<p>Pro zaji\u0161t\u011bn\u00ed optim\u00e1ln\u00edho v\u00fdkonu v\u00e1lce ramene by m\u011bla b\u00fdt prov\u00e1d\u011bna pravideln\u00e1 kontrola a preventivn\u00ed \u00fadr\u017eba. M\u011bla by b\u00fdt p\u0159ijata n\u00e1sleduj\u00edc\u00ed opat\u0159en\u00ed:<\/p>\n<h3>1. Pravideln\u00e1 kontrola<\/h3>\n<p>V\u00e1lec ramene by m\u011bl b\u00fdt pravideln\u011b kontrolov\u00e1n, aby byl zaji\u0161t\u011bn jeho optim\u00e1ln\u00ed v\u00fdkon a aby byly v\u010das odhaleny p\u0159\u00edpadn\u00e9 probl\u00e9my.<\/p>\n<h3>2. Napl\u00e1nujte si \u00fadr\u017ebu<\/h3>\n<p>Pl\u00e1novan\u00e1 \u00fadr\u017eba by m\u011bla b\u00fdt prov\u00e1d\u011bna, aby se zajistila t\u011bsnost, maz\u00e1n\u00ed a dal\u0161\u00ed funkce v\u00e1lce ramene.<\/p>\n<h3>3. V\u00fdm\u011bna opot\u0159ebovan\u00fdch d\u00edl\u016f<\/h3>\n<p>Opot\u0159ebovan\u00e9 d\u00edly by m\u011bly b\u00fdt neprodlen\u011b vym\u011bn\u011bny, aby byl zaji\u0161t\u011bn optim\u00e1ln\u00ed v\u00fdkon v\u00e1lce a p\u0159ede\u0161lo se nehod\u00e1m zp\u016fsoben\u00fdm selh\u00e1n\u00edm nebo nespr\u00e1vnou funkc\u00ed v\u00e1lce.<\/p>\n<h3>4. \u010ci\u0161t\u011bn\u00ed a maz\u00e1n\u00ed<\/h3>\n<p>V\u00e1lec by m\u011bl b\u00fdt pravideln\u011b \u010di\u0161t\u011bn a maz\u00e1n, aby byl zaji\u0161t\u011bn jeho optim\u00e1ln\u00ed v\u00fdkon.<\/p>\n<h3>5. Bezpe\u010dnostn\u00ed opat\u0159en\u00ed<\/h3>\n<p>P\u0159i manipulaci s v\u00e1lcem ramene je t\u0159eba dodr\u017eovat bezpe\u010dnostn\u00ed opat\u0159en\u00ed, aby se p\u0159ede\u0161lo nehod\u00e1m zp\u016fsoben\u00fdm selh\u00e1n\u00edm nebo poruchou v\u00e1lce.<\/p>\n<p><img decoding=\"async\" src=\"https:\/\/www.hydraulic-cylinders.net\/wp-content\/uploads\/2025\/01\/songte-chushion-collar.webp\" alt=\"Obr\u00e1zek pol\u0161t\u00e1\u0159ov\u00e9ho l\u00edmce\"><\/p>\n<h2>Instala\u010dn\u00ed p\u0159\u00edru\u010dka<\/h2>\n<p>P\u0159i instalaci v\u00e1lce ramene je t\u0159eba prov\u00e9st n\u00e1sleduj\u00edc\u00ed kroky:<\/p>\n<h3>1. Polohov\u00e1n\u00ed<\/h3>\n<p>V\u00e1lec by m\u011bl b\u00fdt spr\u00e1vn\u011b um\u00edst\u011bn a mont\u00e1\u017en\u00ed povrch by m\u011bl b\u00fdt rovn\u00fd.<\/p>\n<h3>2. Utahov\u00e1n\u00ed<\/h3>\n<p>\u0160rouby by m\u011bly b\u00fdt uta\u017eeny p\u0159edepsan\u00fdm utahovac\u00edm momentem, aby byl zaji\u0161t\u011bn optim\u00e1ln\u00ed v\u00fdkon v\u00e1lce.<\/p>\n<h3>3. Testov\u00e1n\u00ed<\/h3>\n<p>Po instalaci by m\u011bla b\u00fdt l\u00e1hev otestov\u00e1na, aby se zajistil jej\u00ed optim\u00e1ln\u00ed v\u00fdkon.<\/p>\n<h2>Bezpe\u010dnost produkt\u016f a environment\u00e1ln\u00ed aspekty<\/h2>\n<p>P\u0159i pou\u017e\u00edv\u00e1n\u00ed v\u00e1lce s ramenem je t\u0159eba p\u0159ijmout bezpe\u010dnostn\u00ed opat\u0159en\u00ed, aby se zabr\u00e1nilo nehod\u00e1m zp\u016fsoben\u00fdm selh\u00e1n\u00edm nebo poruchou v\u00e1lce. Je t\u0159eba zv\u00e1\u017eit i dopad na \u017eivotn\u00ed prost\u0159ed\u00ed.<\/p>\n<h2>Odstra\u0148ov\u00e1n\u00ed probl\u00e9m\u016f a b\u011b\u017en\u00e9 probl\u00e9my<\/h2>\n<p>N\u00e1sleduje n\u011bkolik b\u011b\u017en\u00fdch probl\u00e9m\u016f, kter\u00e9 mohou nastat p\u0159i pou\u017e\u00edv\u00e1n\u00ed v\u00e1lce ramene:<\/p>\n<h3>1. Selh\u00e1n\u00ed t\u011bsn\u011bn\u00ed<\/h3>\n<p>K \u00faniku hydraulick\u00e9 kapaliny m\u016f\u017ee doj\u00edt v d\u016fsledku selh\u00e1n\u00ed t\u011bsn\u011bn\u00ed, co\u017e m\u016f\u017ee zp\u016fsobit po\u0161kozen\u00ed strojn\u00edho za\u0159\u00edzen\u00ed a \u017eivotn\u00edho prost\u0159ed\u00ed.<\/p>\n<h3>2. Abnorm\u00e1ln\u00ed hluk<\/h3>\n<p>V d\u016fsledku selh\u00e1n\u00ed nebo poruchy v\u00e1lce se m\u016f\u017ee objevit abnorm\u00e1ln\u00ed hluk.<\/p>\n<h3>3. Pomal\u00fd pohyb<\/h3>\n<p>Pohyb v\u00e1lce m\u016f\u017ee b\u00fdt pomal\u00fd kv\u016fli nedostatku maz\u00e1n\u00ed nebo z jin\u00fdch d\u016fvod\u016f.<\/p>\n<p>Pokud se vyskytne n\u011bkter\u00fd z v\u00fd\u0161e uveden\u00fdch probl\u00e9m\u016f, je t\u0159eba p\u0159ijmout n\u00e1sleduj\u00edc\u00ed opat\u0159en\u00ed:<\/p>\n<h3>1. Inspekce<\/h3>\n<p>V\u00e1lec by m\u011bl b\u00fdt zkontrolov\u00e1n, aby se zjistila p\u0159\u00ed\u010dina probl\u00e9mu.<\/p>\n<h3>2. V\u00fdm\u011bna opot\u0159ebovan\u00fdch d\u00edl\u016f<\/h3>\n<p>Opot\u0159ebovan\u00e9 d\u00edly by m\u011bly b\u00fdt neprodlen\u011b vym\u011bn\u011bny, aby se obnovil optim\u00e1ln\u00ed v\u00fdkon v\u00e1lce.<\/p>\n<h3>3. Maz\u00e1n\u00ed<\/h3>\n<p>V\u00e1lec by m\u011bl b\u00fdt pravideln\u011b maz\u00e1n, aby byl zaji\u0161t\u011bn jeho optim\u00e1ln\u00ed v\u00fdkon.<\/p>\n<p><img decoding=\"async\" src=\"https:\/\/www.hydraulic-cylinders.net\/wp-content\/uploads\/2025\/01\/songte-bushings-with-all-kinds-of-excavator-models.webp\" alt=\"Obr\u00e1zek pouzder\"><\/p>\n<h2>O n\u00e1s<\/h2>\n<p>Jsme profesion\u00e1ln\u00ed v\u00fdrobce n\u00e1hradn\u00edch hydraulick\u00fdch v\u00e1lc\u016f s \u0161irokou \u0161k\u00e1lou produkt\u016f. Stali jsme se jedn\u00edm z p\u0159edn\u00edch v\u00fdrobc\u016f a velkoobchodn\u00edch distributor\u016f hydraulick\u00fdch v\u00e1lc\u016f na dom\u00e1c\u00edm i zahrani\u010dn\u00edm trhu. V\u017edy jsme se dr\u017eeli principu vynikaj\u00edc\u00ed kvality a spol\u00e9hali jsme se na strategii \u0159\u00edzen\u00ed pr\u016fmyslov\u00e9 v\u00fdroby v r\u00e1mci jemn\u00e9 v\u00fdrobn\u00ed d\u00edlny, abychom neust\u00e1le zlep\u0161ovali na\u0161i technickou \u00farove\u0148 a efektivitu v\u00fdroby. Zav\u00e1d\u011bn\u00edm \u0161pi\u010dkov\u00e9ho digit\u00e1ln\u00edho v\u00fdrobn\u00edho za\u0159\u00edzen\u00ed a profesion\u00e1ln\u00edch testovac\u00edch syst\u00e9m\u016f neust\u00e1le optimalizujeme v\u00fdrobn\u00ed platformu, zlep\u0161ujeme proces kontroly kvality v\u00fdrobk\u016f a m\u00e1me siln\u00e9 inova\u010dn\u00ed schopnosti. Na\u0161\u00edm c\u00edlem je uspokojovat rozmanit\u00e9 pot\u0159eby na\u0161ich z\u00e1kazn\u00edk\u016f s vysokou efektivitou, p\u0159esnost\u00ed a vysokou kvalitou.<\/p>\n<p>Na\u0161im z\u00e1kazn\u00edk\u016fm nab\u00edz\u00edme profesion\u00e1ln\u00ed slu\u017eby, mezin\u00e1rodn\u00ed certifikaci, zak\u00e1zkov\u00e9 slu\u017eby, v\u00fdrobn\u00ed za\u0159\u00edzen\u00ed a poprodejn\u00ed servis.<\/p>\n<p><img decoding=\"async\" src=\"https:\/\/www.hydraulic-cylinders.net\/wp-content\/uploads\/2025\/01\/songte-company-4.webp\" alt=\"Image spole\u010dnosti\"><\/p>\n<p><img decoding=\"async\" src=\"https:\/\/www.hydraulic-cylinders.net\/wp-content\/uploads\/2025\/01\/songte-company-3.webp\" alt=\"Image spole\u010dnosti\"><\/p>\n<p>Autor: lyl<\/p>","protected":false},"excerpt":{"rendered":"<p>Arm Cylinder For KYM KY85 Introduction Definition and Explanation of Arm Cylinder An arm cylinder is a specially designed hydraulic cylinder that is mainly used to provide linear motion and power to the arms of various types of machinery such as excavators, cranes, and robotic arms. The arm cylinder plays a critical role in hydraulic [&hellip;]<\/p>","protected":false},"featured_media":14763,"comment_status":"open","ping_status":"closed","template":"","meta":{"_et_pb_use_builder":"","_et_pb_old_content":"","_et_gb_content_width":""},"product_brand":[],"product_cat":[1497],"product_tag":[1498,1496],"class_list":{"0":"post-16735","1":"product","2":"type-product","3":"status-publish","4":"has-post-thumbnail","6":"product_cat-arm-cylinders","7":"product_tag-arm-cylinders","8":"product_tag-hydraulic-cylinders","10":"first","11":"instock","12":"shipping-taxable","13":"product-type-simple"},"amp_enabled":true,"_links":{"self":[{"href":"https:\/\/www.hydraulic-cylinders.net\/cs\/wp-json\/wp\/v2\/product\/16735","targetHints":{"allow":["GET"]}}],"collection":[{"href":"https:\/\/www.hydraulic-cylinders.net\/cs\/wp-json\/wp\/v2\/product"}],"about":[{"href":"https:\/\/www.hydraulic-cylinders.net\/cs\/wp-json\/wp\/v2\/types\/product"}],"replies":[{"embeddable":true,"href":"https:\/\/www.hydraulic-cylinders.net\/cs\/wp-json\/wp\/v2\/comments?post=16735"}],"wp:featuredmedia":[{"embeddable":true,"href":"https:\/\/www.hydraulic-cylinders.net\/cs\/wp-json\/wp\/v2\/media\/14763"}],"wp:attachment":[{"href":"https:\/\/www.hydraulic-cylinders.net\/cs\/wp-json\/wp\/v2\/media?parent=16735"}],"wp:term":[{"taxonomy":"product_brand","embeddable":true,"href":"https:\/\/www.hydraulic-cylinders.net\/cs\/wp-json\/wp\/v2\/product_brand?post=16735"},{"taxonomy":"product_cat","embeddable":true,"href":"https:\/\/www.hydraulic-cylinders.net\/cs\/wp-json\/wp\/v2\/product_cat?post=16735"},{"taxonomy":"product_tag","embeddable":true,"href":"https:\/\/www.hydraulic-cylinders.net\/cs\/wp-json\/wp\/v2\/product_tag?post=16735"}],"curies":[{"name":"wp","href":"https:\/\/api.w.org\/{rel}","templated":true}]}}