{"id":16744,"date":"2025-01-21T05:51:10","date_gmt":"2025-01-21T05:51:10","guid":{"rendered":"https:\/\/www.hydraulic-cylinders.net\/product\/arm-cylinder-for-pengpu-sw240e\/"},"modified":"2025-01-21T05:51:16","modified_gmt":"2025-01-21T05:51:16","slug":"arm-cylinder-for-pengpu-sw240e","status":"publish","type":"product","link":"https:\/\/www.hydraulic-cylinders.net\/cs\/produkt\/arm-cylinder-for-pengpu-sw240e\/","title":{"rendered":"V\u00e1lec ramene pro Pengpu SW240E"},"content":{"rendered":"<p><!DOCTYPE html><br \/>\n<html><br \/>\n<head><br \/>\n<title>V\u00e1lec ramene pro Pengpu SW240E<\/title><br \/>\n<\/head><br \/>\n<body><\/p>\n<h1>V\u00e1lec ramene pro Pengpu SW240E<\/h1>\n<h2>Zaveden\u00ed<\/h2>\n<p>Hydraulick\u00fd v\u00e1lec ramene pro Pengpu SW240E je specializovan\u00fd hydraulick\u00fd v\u00e1lec ur\u010den\u00fd k zaji\u0161t\u011bn\u00ed line\u00e1rn\u00edho pohybu a v\u00fdkonu ramene r\u016fzn\u00fdch stroj\u016f, jako jsou bagry, je\u0159\u00e1by a robotick\u00e1 ramena. V\u00e1lec ramene hraje kl\u00ed\u010dovou roli v hydraulick\u00fdch syst\u00e9mech, proto\u017ee umo\u017e\u0148uje efektivn\u00ed pohyb a ovl\u00e1d\u00e1n\u00ed dal\u0161\u00edch n\u00e1stroj\u016f nebo p\u0159\u00edslu\u0161enstv\u00ed. Tyto v\u00e1lce nejen umo\u017e\u0148uj\u00ed plynul\u00fd pohyb, ale tak\u00e9 odol\u00e1vaj\u00ed t\u011b\u017ek\u00fdm z\u00e1t\u011b\u017e\u00edm, \u010d\u00edm\u017e zaji\u0161\u0165uj\u00ed efektivn\u00ed provoz a spolehlivost stroje za r\u016fzn\u00fdch pracovn\u00edch podm\u00ednek.<\/p>\n<h2><img decoding=\"async\" src=\"https:\/\/www.hydraulic-cylinders.net\/wp-content\/uploads\/2025\/01\/songte-company-2.webp\" alt=\"Obr\u00e1zek v\u00e1lce ramene\"><\/h2>\n<h2>Funkce<\/h2>\n<ul>\n<li>\n<h3>Vysoce \u00fa\u010dinn\u00fd p\u0159enos<\/h3>\n<p>V\u00e1lec ramene zaji\u0161\u0165uje siln\u00fd line\u00e1rn\u00ed pohyb a s\u00edlu, co\u017e zaji\u0161\u0165uje vysok\u00fd v\u00fdkon robotick\u00e9ho ramene v r\u016fzn\u00fdch operac\u00edch.<\/p>\n<\/li>\n<li>\n<h3>P\u0159esn\u00e9 ovl\u00e1d\u00e1n\u00ed<\/h3>\n<p>D\u00edky hydraulick\u00e9mu syst\u00e9mu dosahuje v\u00e1lec ramene p\u0159esn\u00e9ho \u0159\u00edzen\u00ed pohybu, co\u017e zvy\u0161uje flexibilitu a p\u0159esnost ovl\u00e1d\u00e1n\u00ed dal\u0161\u00edch n\u00e1stroj\u016f.<\/p>\n<\/li>\n<li>\n<h3>Trvanlivost<\/h3>\n<p>V\u00e1lce ramen jsou obvykle vyrobeny z vysoce pevn\u00fdch materi\u00e1l\u016f, kter\u00e9 nab\u00edzej\u00ed vynikaj\u00edc\u00ed odolnost proti opot\u0159eben\u00ed a korozi, d\u00edky \u010demu\u017e jsou vhodn\u00e9 pro dlouhodob\u00e9 pou\u017e\u00edv\u00e1n\u00ed v n\u00e1ro\u010dn\u00fdch podm\u00ednk\u00e1ch.<\/p>\n<\/li>\n<li>\n<h3>Multifunk\u010dn\u00ed p\u0159izp\u016fsobivost<\/h3>\n<p>Tyto v\u00e1lce lze \u0161iroce pou\u017e\u00edvat v r\u016fzn\u00fdch stroj\u00edch, jako jsou bagry, je\u0159\u00e1by a robotick\u00e1 ramena, aby se p\u0159izp\u016fsobily r\u016fzn\u00fdm pracovn\u00edm po\u017eadavk\u016fm.<\/p>\n<\/li>\n<li>\n<h3>Snadn\u00e1 \u00fadr\u017eba<\/h3>\n<p>Konstrukce zohled\u0148uje snadnou \u00fadr\u017ebu a v\u00fdm\u011bnu, co\u017e usnad\u0148uje pravideln\u00e9 kontroly a servis a zkracuje prostoje za\u0159\u00edzen\u00ed.<\/p>\n<\/li>\n<\/ul>\n<h2><img decoding=\"async\" src=\"https:\/\/www.hydraulic-cylinders.net\/wp-content\/uploads\/2025\/01\/songte-oil-pipes-and-spare-parts.webp\" alt=\"Obr\u00e1zek v\u00e1lce ramene\"><\/h2>\n<h2>Aplikace<\/h2>\n<ul>\n<li>\n<h3>Stavebn\u00ed in\u017een\u00fdrstv\u00ed<\/h3>\n<p>U bagr\u016f a je\u0159\u00e1b\u016f se v\u00e1lec ramene pou\u017e\u00edv\u00e1 k ovl\u00e1d\u00e1n\u00ed pohybu l\u017e\u00edce nebo v\u00fdlo\u017en\u00edku pro zemn\u00ed pr\u00e1ce, manipulaci s materi\u00e1lem a mont\u00e1\u017e konstrukc\u00ed.<\/p>\n<\/li>\n<li>\n<h3>Zpracovatelsk\u00fd pr\u016fmysl<\/h3>\n<p>V automatizovan\u00fdch v\u00fdrobn\u00edch link\u00e1ch se v\u00e1lec ramene pou\u017e\u00edv\u00e1 k pohybu robotick\u00fdch ramen v procesech, jako je mont\u00e1\u017e, sva\u0159ov\u00e1n\u00ed a manipulace s materi\u00e1lem, co\u017e zlep\u0161uje efektivitu a p\u0159esnost v\u00fdroby.<\/p>\n<\/li>\n<li>\n<h3>Zem\u011bd\u011blsk\u00e9 stroje<\/h3>\n<p>V zem\u011bd\u011blsk\u00fdch stroj\u00edch, jako jsou skl\u00edzec\u00ed a sec\u00ed stroje, v\u00e1lec ramene ovl\u00e1d\u00e1 pohyb ovl\u00e1dac\u00edho ramene a prov\u00e1d\u00ed \u00fakoly, jako je set\u00ed, hnojen\u00ed a sklize\u0148.<\/p>\n<\/li>\n<li>\n<h3>Hornictv\u00ed<\/h3>\n<p>V t\u011b\u017eebn\u00edch za\u0159\u00edzen\u00edch se v\u00e1lec ramene pou\u017e\u00edv\u00e1 k ovl\u00e1d\u00e1n\u00ed pohybu ramene t\u011b\u017eebn\u00edch stroj\u016f pro t\u011b\u017ebu a p\u0159epravu rudy.<\/p>\n<\/li>\n<li>\n<h3>Logistika a doprava<\/h3>\n<p>U vysokozdvi\u017en\u00fdch voz\u00edk\u016f a manipula\u010dn\u00edch robot\u016f se v\u00e1lec ramene pou\u017e\u00edv\u00e1 k ovl\u00e1d\u00e1n\u00ed zved\u00e1n\u00ed a pohybu vidlic, co\u017e umo\u017e\u0148uje manipulaci s materi\u00e1lem a jeho stohov\u00e1n\u00ed.<\/p>\n<\/li>\n<\/ul>\n<h2>Konstruk\u010dn\u00ed aspekty a krit\u00e9ria v\u00fdb\u011bru<\/h2>\n<ul>\n<li>\n<h3>Nosnost<\/h3>\n<p>V\u00e1lec ramene by m\u011bl b\u00fdt navr\u017een tak, aby zvl\u00e1dl specifick\u00e9 po\u017eadavky na zat\u00ed\u017een\u00ed strojn\u00edho za\u0159\u00edzen\u00ed, ve kter\u00e9m bude pou\u017eit.<\/p>\n<\/li>\n<li>\n<h3>T\u011bsn\u011bn\u00ed<\/h3>\n<p>Pro zaji\u0161t\u011bn\u00ed \u00fa\u010dinn\u00e9ho ut\u011bsn\u011bn\u00ed by se m\u011bla pou\u017e\u00edvat r\u016fzn\u00e1 t\u011bsn\u011bn\u00ed, jako nap\u0159\u00edklad t\u011bsn\u011bn\u00ed p\u00edst\u016f a t\u011bsn\u011bn\u00ed p\u00edstnic. Tato t\u011bsn\u011bn\u00ed by m\u011bla b\u00fdt vyrobena z materi\u00e1l\u016f odoln\u00fdch proti opot\u0159eben\u00ed, jako je polyuretan a nitrilov\u00e1 pry\u017e.<\/p>\n<\/li>\n<li>\n<h3>Trvanlivost<\/h3>\n<p>T\u011bleso v\u00e1lce a z\u00e1vitov\u00e9 konce by m\u011bly b\u00fdt jemn\u011b opracov\u00e1ny pro zv\u00fd\u0161en\u00ed odolnosti proti opot\u0159eben\u00ed. Pro zaji\u0161t\u011bn\u00ed hladk\u00e9ho chodu by m\u011blo b\u00fdt prov\u00e1d\u011bno pravideln\u00e9 maz\u00e1n\u00ed hydraulick\u00fdm olejem.<\/p>\n<\/li>\n<\/ul>\n<h2><img decoding=\"async\" src=\"https:\/\/www.hydraulic-cylinders.net\/wp-content\/uploads\/2025\/01\/songte-cylinder-head-with-all-kinds-excavator-models.webp\" alt=\"Obr\u00e1zek v\u00e1lce ramene\"><\/h2>\n<h2>Pravideln\u00e1 kontrola a preventivn\u00ed \u00fadr\u017eba<\/h2>\n<ul>\n<li>\n<p>Pravideln\u011b kontrolujte v\u00e1lec ramene, zda nevykazuje zn\u00e1mky opot\u0159eben\u00ed, net\u011bsnosti nebo po\u0161kozen\u00ed.<\/p>\n<\/li>\n<li>\n<p>Zajist\u011bte spr\u00e1vn\u00e9 maz\u00e1n\u00ed v\u0161ech pohybliv\u00fdch \u010d\u00e1st\u00ed a t\u011bsn\u011bn\u00ed.<\/p>\n<\/li>\n<li>\n<p>Opot\u0159ebovan\u00e1 nebo po\u0161kozen\u00e1 t\u011bsn\u011bn\u00ed a sou\u010d\u00e1sti ihned vym\u011b\u0148te.<\/p>\n<\/li>\n<li>\n<p>Dodr\u017eujte doporu\u010den\u00e9 pl\u00e1ny \u00fadr\u017eby stanoven\u00e9 v\u00fdrobcem.<\/p>\n<\/li>\n<li>\n<p>Udr\u017eujte v\u00e1lec ramene \u010dist\u00fd a bez ne\u010distot.<\/p>\n<\/li>\n<\/ul>\n<h2>Instala\u010dn\u00ed p\u0159\u00edru\u010dka<\/h2>\n<p>1. Opatrn\u011b um\u00edst\u011bte v\u00e1lec ramene do ur\u010den\u00e9 mont\u00e1\u017en\u00ed oblasti.<\/p>\n<p>2. Bezpe\u010dn\u011b upevn\u011bte v\u00e1lec pomoc\u00ed vhodn\u00fdch \u0161roub\u016f a spojovac\u00edch prvk\u016f.<\/p>\n<p>3. P\u0159ipojte hydraulick\u00e9 hadice podle p\u0159ilo\u017een\u00fdch pokyn\u016f.<\/p>\n<p>4. Ujist\u011bte se, \u017ee v\u0161echna spojen\u00ed jsou t\u011bsn\u00e1 a bez \u00fanik\u016f.<\/p>\n<p>5. P\u0159ed pln\u00fdm pou\u017eit\u00edm otestujte spr\u00e1vnou funkci v\u00e1lce ramene.<\/p>\n<h2><img decoding=\"async\" src=\"https:\/\/www.hydraulic-cylinders.net\/wp-content\/uploads\/2025\/01\/songte-bushings-with-all-kinds-of-excavator-models.webp\" alt=\"Obr\u00e1zek v\u00e1lce ramene\"><\/h2>\n<h2>Bezpe\u010dnostn\u00ed aspekty a faktory prost\u0159ed\u00ed<\/h2>\n<p>P\u0159i pr\u00e1ci s v\u00e1lcem ramene je nezbytn\u00e9 up\u0159ednostnit bezpe\u010dnostn\u00ed opat\u0159en\u00ed, aby se p\u0159ede\u0161lo nehod\u00e1m nebo zran\u011bn\u00edm. Obsluha by m\u011bla b\u00fdt \u0159\u00e1dn\u011b pro\u0161kolena a bezpe\u010dnostn\u00ed pokyny by m\u011bly b\u00fdt v\u017edy dodr\u017eov\u00e1ny. D\u00e1le je d\u016fle\u017eit\u00e9 zv\u00e1\u017eit faktory prost\u0159ed\u00ed a dodr\u017eovat p\u0159edpisy t\u00fdkaj\u00edc\u00ed se likvidace a manipulace s hydraulick\u00fdmi kapalinami a ve\u0161ker\u00fdmi dal\u0161\u00edmi nebezpe\u010dn\u00fdmi materi\u00e1ly spojen\u00fdmi s v\u00e1lcem ramene.<\/p>\n<h2>Odstra\u0148ov\u00e1n\u00ed probl\u00e9m\u016f a b\u011b\u017en\u00e9 probl\u00e9my<\/h2>\n<p>1. Probl\u00e9m: \u00danik z v\u00e1lce.<br \/>\nMo\u017en\u00e9 \u0159e\u0161en\u00ed: Zkontrolujte a vym\u011b\u0148te po\u0161kozen\u00e1 t\u011bsn\u011bn\u00ed nebo ut\u00e1hn\u011bte spoje.<\/p>\n<p>2. Probl\u00e9m: Nedostate\u010dn\u00fd v\u00fdkon nebo s\u00edla.<br \/>\nMo\u017en\u00e9 \u0159e\u0161en\u00ed: Zkontrolujte, zda v hydraulick\u00e9m syst\u00e9mu nejsou n\u011bjak\u00e9 blok\u00e1dy nebo omezen\u00ed. Zajist\u011bte spr\u00e1vnou hladinu a tlak hydraulick\u00e9 kapaliny.<\/p>\n<p>3. Probl\u00e9m: Abnorm\u00e1ln\u00ed hluk b\u011bhem provozu.<br \/>\nMo\u017en\u00e9 \u0159e\u0161en\u00ed: Zkontrolujte, zda nejsou uvoln\u011bn\u00e9 nebo opot\u0159ebovan\u00e9 sou\u010d\u00e1sti, a v p\u0159\u00edpad\u011b pot\u0159eby je vym\u011b\u0148te.<\/p>\n<p>4. Probl\u00e9m: Nepravideln\u00fd nebo trhan\u00fd pohyb.<br \/>\nPossible Solution: Check for any obstructions or misalignment in the arm cylinder&#8217;s path. Lubricate moving parts and seals.<\/p>\n<p>5. Probl\u00e9m: Pomal\u00fd nebo nereaguj\u00edc\u00ed pohyb.<br \/>\nPossible Solution: Check for proper hydraulic fluid levels and pressure. Inspect and clean the hydraulic system&#8217;s filters.<\/p>\n<h2><img decoding=\"async\" src=\"https:\/\/www.hydraulic-cylinders.net\/wp-content\/uploads\/2025\/01\/songte-chushion-collar.webp\" alt=\"Obr\u00e1zek v\u00e1lce ramene\"><\/h2>\n<h2>O n\u00e1s<\/h2>\n<p>V na\u0161\u00ed spole\u010dnosti jsme profesion\u00e1ln\u00edm v\u00fdrobcem n\u00e1hradn\u00edch hydraulick\u00fdch v\u00e1lc\u016f. D\u00edky \u0161irok\u00e9 \u0161k\u00e1le produkt\u016f jsme se stali p\u0159edn\u00edm v\u00fdrobcem a velkoobchodn\u00edkem na dom\u00e1c\u00edm i mezin\u00e1rodn\u00edm trhu. D\u016fsledn\u011b dodr\u017eujeme princip vynikaj\u00edc\u00ed kvality a neust\u00e1le zlep\u0161ujeme na\u0161i technickou odbornost a efektivitu v\u00fdroby. Za\u010dlen\u011bn\u00edm \u0161pi\u010dkov\u00e9ho digit\u00e1ln\u00edho v\u00fdrobn\u00edho za\u0159\u00edzen\u00ed a profesion\u00e1ln\u00edch testovac\u00edch syst\u00e9m\u016f optimalizujeme na\u0161i v\u00fdrobn\u00ed platformu a vylep\u0161ujeme procesy kontroly kvality na\u0161ich v\u00fdrobk\u016f, \u010d\u00edm\u017e zaji\u0161\u0165ujeme siln\u00e9 inova\u010dn\u00ed schopnosti. Na\u0161\u00edm c\u00edlem je uspokojovat rozmanit\u00e9 pot\u0159eby z\u00e1kazn\u00edk\u016f s vyu\u017eit\u00edm princip\u016f efektivity, p\u0159esnosti a vysok\u00e9 kvality.<\/p>\n<h2><img decoding=\"async\" src=\"https:\/\/www.hydraulic-cylinders.net\/wp-content\/uploads\/2025\/01\/songte-company-4.webp\" alt=\"Image spole\u010dnosti\"><\/h2>\n<h2><img decoding=\"async\" src=\"https:\/\/www.hydraulic-cylinders.net\/wp-content\/uploads\/2025\/01\/songte-company-3.webp\" alt=\"Image spole\u010dnosti\"><\/h2>\n<h3>Na\u0161e spole\u010dnost vynik\u00e1:<\/h3>\n<ul>\n<li>Profesionalita a odbornost<\/li>\n<li>Mezin\u00e1rodn\u00ed certifikace<\/li>\n<li>Slu\u017eby p\u0159izp\u016fsoben\u00ed<\/li>\n<li>Pokro\u010dil\u00e9 v\u00fdrobn\u00ed za\u0159\u00edzen\u00ed<\/li>\n<li>Spolehliv\u00e9 poprodejn\u00ed slu\u017eby<\/li>\n<\/ul>\n<p>Autor: lyl<\/p>\n<p><\/body><br \/>\n<\/html><\/p>","protected":false},"excerpt":{"rendered":"<p>Arm Cylinder For Pengpu SW240E Arm Cylinder For Pengpu SW240E Introduction The Arm Cylinder For Pengpu SW240E is a specialized hydraulic cylinder designed to provide linear motion and power to the arm of various machinery, such as excavators, cranes, and robotic arms. The arm cylinder plays a crucial role in hydraulic systems, allowing for effective [&hellip;]<\/p>","protected":false},"featured_media":14766,"comment_status":"open","ping_status":"closed","template":"","meta":{"_et_pb_use_builder":"","_et_pb_old_content":"","_et_gb_content_width":""},"product_brand":[],"product_cat":[1497],"product_tag":[1498,1496],"class_list":{"0":"post-16744","1":"product","2":"type-product","3":"status-publish","4":"has-post-thumbnail","6":"product_cat-arm-cylinders","7":"product_tag-arm-cylinders","8":"product_tag-hydraulic-cylinders","10":"first","11":"instock","12":"shipping-taxable","13":"product-type-simple"},"amp_enabled":true,"_links":{"self":[{"href":"https:\/\/www.hydraulic-cylinders.net\/cs\/wp-json\/wp\/v2\/product\/16744","targetHints":{"allow":["GET"]}}],"collection":[{"href":"https:\/\/www.hydraulic-cylinders.net\/cs\/wp-json\/wp\/v2\/product"}],"about":[{"href":"https:\/\/www.hydraulic-cylinders.net\/cs\/wp-json\/wp\/v2\/types\/product"}],"replies":[{"embeddable":true,"href":"https:\/\/www.hydraulic-cylinders.net\/cs\/wp-json\/wp\/v2\/comments?post=16744"}],"wp:featuredmedia":[{"embeddable":true,"href":"https:\/\/www.hydraulic-cylinders.net\/cs\/wp-json\/wp\/v2\/media\/14766"}],"wp:attachment":[{"href":"https:\/\/www.hydraulic-cylinders.net\/cs\/wp-json\/wp\/v2\/media?parent=16744"}],"wp:term":[{"taxonomy":"product_brand","embeddable":true,"href":"https:\/\/www.hydraulic-cylinders.net\/cs\/wp-json\/wp\/v2\/product_brand?post=16744"},{"taxonomy":"product_cat","embeddable":true,"href":"https:\/\/www.hydraulic-cylinders.net\/cs\/wp-json\/wp\/v2\/product_cat?post=16744"},{"taxonomy":"product_tag","embeddable":true,"href":"https:\/\/www.hydraulic-cylinders.net\/cs\/wp-json\/wp\/v2\/product_tag?post=16744"}],"curies":[{"name":"wp","href":"https:\/\/api.w.org\/{rel}","templated":true}]}}