{"id":16746,"date":"2025-01-21T05:51:23","date_gmt":"2025-01-21T05:51:23","guid":{"rendered":"https:\/\/www.hydraulic-cylinders.net\/product\/arm-cylinder-for-pengpu-sw330es\/"},"modified":"2025-01-21T05:51:25","modified_gmt":"2025-01-21T05:51:25","slug":"arm-cylinder-for-pengpu-sw330es","status":"publish","type":"product","link":"https:\/\/www.hydraulic-cylinders.net\/cs\/produkt\/arm-cylinder-for-pengpu-sw330es\/","title":{"rendered":"V\u00e1lec ramene pro Pengpu SW330ES"},"content":{"rendered":"<h2>V\u00e1lec ramene pro Pengpu SW330ES<\/h2>\n<h3>Zaveden\u00ed<\/h3>\n<p>Hydraulick\u00fd v\u00e1lec ramene je speci\u00e1ln\u011b navr\u017een\u00fd hydraulick\u00fd v\u00e1lec, kter\u00fd se prim\u00e1rn\u011b pou\u017e\u00edv\u00e1 k zaji\u0161t\u011bn\u00ed line\u00e1rn\u00edho pohybu a v\u00fdkonu pro r\u016fzn\u00e9 typy ramen stroj\u016f, jako jsou bagry, je\u0159\u00e1by a mechanick\u00e1 ramena. V\u00e1lce ramen hraj\u00ed kl\u00ed\u010dovou roli v hydraulick\u00fdch syst\u00e9mech, proto\u017ee umo\u017e\u0148uj\u00ed efektivn\u00ed pohyb a ovl\u00e1d\u00e1n\u00ed p\u0159\u00edslu\u0161enstv\u00ed nebo p\u0159\u00eddavn\u00fdch za\u0159\u00edzen\u00ed. Tyto v\u00e1lce nejen dosahuj\u00ed plynul\u00e9ho pohybu, ale tak\u00e9 odol\u00e1vaj\u00ed velk\u00e9mu zat\u00ed\u017een\u00ed, aby zajistily efektivn\u00ed provoz a spolehlivost stroj\u016f za r\u016fzn\u00fdch pracovn\u00edch podm\u00ednek.<\/p>\n<p><img decoding=\"async\" src=\"https:\/\/www.hydraulic-cylinders.net\/wp-content\/uploads\/2025\/01\/songte-company-2.webp\" alt=\"V\u00e1lec ramene pro Pengpu SW330ES\"><\/p>\n<h3>Funkce<\/h3>\n<ul>\n<li><strong>Efektivn\u00ed p\u0159enos v\u00fdkonu:<\/strong> V\u00e1lce ramen zaji\u0161\u0165uj\u00ed siln\u00fd line\u00e1rn\u00ed pohyb a s\u00edlu, co\u017e zaji\u0161\u0165uje vysok\u00fd v\u00fdkon mechanick\u00fdch ramen v r\u016fzn\u00fdch operac\u00edch.<\/li>\n<li><strong>P\u0159esn\u00e9 ovl\u00e1d\u00e1n\u00ed:<\/strong> D\u00edky hydraulick\u00fdm syst\u00e9m\u016fm mohou v\u00e1lce ramen dos\u00e1hnout p\u0159esn\u00e9ho \u0159\u00edzen\u00ed pohybu, co\u017e zvy\u0161uje flexibilitu a p\u0159esnost ovl\u00e1d\u00e1n\u00ed p\u0159\u00edslu\u0161enstv\u00ed.<\/li>\n<li><strong>Trvanlivost:<\/strong> V\u00e1lce ramen jsou obvykle vyrobeny z vysoce pevn\u00fdch materi\u00e1l\u016f s dobrou odolnost\u00ed proti opot\u0159eben\u00ed a korozi, vhodn\u00fdch pro dlouhodob\u00e9 pou\u017e\u00edv\u00e1n\u00ed v n\u00e1ro\u010dn\u00fdch podm\u00ednk\u00e1ch.<\/li>\n<li><strong>Multifunk\u010dn\u00ed p\u0159izp\u016fsobivost:<\/strong> Tyto v\u00e1lce lze \u0161iroce pou\u017e\u00edvat v r\u016fzn\u00fdch mechanick\u00fdch za\u0159\u00edzen\u00edch, jako jsou bagry, je\u0159\u00e1by a mechanick\u00e1 ramena, aby se p\u0159izp\u016fsobily r\u016fzn\u00fdm pracovn\u00edm po\u017eadavk\u016fm.<\/li>\n<li><strong>Snadn\u00e1 \u00fadr\u017eba:<\/strong> Konstrukce zohled\u0148uje snadnou \u00fadr\u017ebu a v\u00fdm\u011bnu, co\u017e usnad\u0148uje pravideln\u00e9 kontroly a \u00fadr\u017ebu a zkracuje prostoje za\u0159\u00edzen\u00ed.<\/li>\n<\/ul>\n<p>N\u00e1\u0161 produkt dok\u00e1\u017ee tyto hydraulick\u00e9 v\u00e1lce dokonale nahradit.<\/p>\n<p><img decoding=\"async\" src=\"https:\/\/www.hydraulic-cylinders.net\/wp-content\/uploads\/2025\/01\/songte-oil-pipes-and-spare-parts.webp\" alt=\"V\u00e1lec ramene pro Pengpu SW330ES\"><\/p>\n<h3>Aplikace<\/h3>\n<p>V\u00e1lec ramene se \u0161iroce pou\u017e\u00edv\u00e1 v r\u016fzn\u00fdch pr\u016fmyslov\u00fdch odv\u011btv\u00edch:<\/p>\n<ul>\n<li><strong>Stavebn\u00ed in\u017een\u00fdrstv\u00ed:<\/strong> U bagr\u016f a je\u0159\u00e1b\u016f se v\u00e1lec ramene pou\u017e\u00edv\u00e1 k ovl\u00e1d\u00e1n\u00ed pohybu l\u017e\u00edce nebo v\u00fdlo\u017en\u00edku, k prov\u00e1d\u011bn\u00ed zemn\u00edch prac\u00ed, manipulace s materi\u00e1lem a mont\u00e1\u017ee konstrukc\u00ed.<\/li>\n<li><strong>Zpracovatelsk\u00fd pr\u016fmysl:<\/strong> V automatizovan\u00fdch v\u00fdrobn\u00edch link\u00e1ch se v\u00e1lec ramene pou\u017e\u00edv\u00e1 k pohybu mechanick\u00fdch ramen, prov\u00e1d\u011bn\u00ed mont\u00e1\u017en\u00edch, sva\u0159ovac\u00edch a manipula\u010dn\u00edch proces\u016f, \u010d\u00edm\u017e se zvy\u0161uje efektivita a p\u0159esnost v\u00fdroby.<\/li>\n<li><strong>Zem\u011bd\u011blsk\u00e9 stroje:<\/strong> V zem\u011bd\u011blsk\u00fdch stroj\u00edch, jako jsou skl\u00edzec\u00ed a s\u00e1zec\u00ed stroje, v\u00e1lec ramene ovl\u00e1d\u00e1 pohyb ovl\u00e1dac\u00edho ramene a prov\u00e1d\u00ed \u00fakoly, jako je set\u00ed, hnojen\u00ed a sklize\u0148.<\/li>\n<li><strong>Hornictv\u00ed:<\/strong> V t\u011b\u017eebn\u00edm za\u0159\u00edzen\u00ed se v\u00e1lec ramene pou\u017e\u00edv\u00e1 k ovl\u00e1d\u00e1n\u00ed pohybu ramene t\u011b\u017eebn\u00edho za\u0159\u00edzen\u00ed, k prov\u00e1d\u011bn\u00ed t\u011b\u017eby a p\u0159epravy rudy.<\/li>\n<li><strong>Logistika a doprava:<\/strong> U vysokozdvi\u017en\u00fdch voz\u00edk\u016f a manipula\u010dn\u00edch robot\u016f se v\u00e1lec ramene pou\u017e\u00edv\u00e1 k ovl\u00e1d\u00e1n\u00ed zved\u00e1n\u00ed a pohybu vidlice, \u010d\u00edm\u017e se realizuje manipulace s materi\u00e1lem a jeho stohov\u00e1n\u00ed.<\/li>\n<\/ul>\n<h3>Konstruk\u010dn\u00ed aspekty a krit\u00e9ria v\u00fdb\u011bru<\/h3>\n<p>Z hlediska designu se berou v \u00favahu n\u00e1sleduj\u00edc\u00ed faktory:<\/p>\n<ul>\n<li><strong>Nosnost:<\/strong> V\u00e1lce ramen by m\u011bly b\u00fdt vybr\u00e1ny podle nosnosti za\u0159\u00edzen\u00ed.<\/li>\n<li><strong>T\u011bsn\u011bn\u00ed:<\/strong> M\u011bly by se pou\u017e\u00edvat r\u016fzn\u00e9 t\u011bsnic\u00ed komponenty, jako jsou t\u011bsn\u011bn\u00ed p\u00edst\u016f a t\u011bsn\u011bn\u00ed p\u00edstnic, a t\u011bsnic\u00ed komponenty by m\u011bly b\u00fdt vyrobeny z materi\u00e1l\u016f odoln\u00fdch proti opot\u0159eben\u00ed, jako je polyuretan a nitrilov\u00e1 pry\u017e.<\/li>\n<li><strong>Trvanlivost:<\/strong> Rameno v\u00e1lce je obvykle vyrobeno z vysoce pevn\u00fdch materi\u00e1l\u016f a povrch t\u011blesa v\u00e1lce a z\u00e1vitov\u00e9ho konce by m\u011bl b\u00fdt jemn\u011b o\u0161et\u0159en, aby se zlep\u0161ila odolnost proti opot\u0159eben\u00ed.<\/li>\n<li><strong>Bezpe\u010dnost:<\/strong> P\u0159i v\u00fdb\u011bru a instalaci v\u00e1lc\u016f ramene je t\u0159eba zohlednit bezpe\u010dnostn\u00ed aspekty, aby se zabr\u00e1nilo po\u0161kozen\u00ed za\u0159\u00edzen\u00ed a zran\u011bn\u00ed osob.<\/li>\n<li><strong>\u00dadr\u017eba:<\/strong> M\u011bla by se prov\u00e1d\u011bt pravideln\u00e1 \u00fadr\u017eba a kontrola a pravideln\u011b dopl\u0148ovat hydraulick\u00fd olej pro maz\u00e1n\u00ed v\u00e1lce.<\/li>\n<\/ul>\n<p><img decoding=\"async\" src=\"https:\/\/www.hydraulic-cylinders.net\/wp-content\/uploads\/2025\/01\/songte-cylinder-head-with-all-kinds-excavator-models.webp\" alt=\"V\u00e1lec ramene pro Pengpu SW330ES\"><\/p>\n<h3>T\u011bsn\u011bn\u00ed a maz\u00e1n\u00ed<\/h3>\n<p>M\u011bly by se pou\u017e\u00edvat r\u016fzn\u00e9 t\u011bsnic\u00ed prvky, jako jsou t\u011bsn\u011bn\u00ed p\u00edst\u016f a p\u00edstnic, a tyto t\u011bsnic\u00ed prvky by m\u011bly b\u00fdt vyrobeny z materi\u00e1l\u016f odoln\u00fdch proti opot\u0159eben\u00ed, jako je polyuretan a nitrilov\u00e1 pry\u017e. T\u011bleso v\u00e1lce a povrch z\u00e1vitu by m\u011bly b\u00fdt jemn\u011b o\u0161et\u0159eny pro zlep\u0161en\u00ed odolnosti proti opot\u0159eben\u00ed. V\u00e1lec vy\u017eaduje pravideln\u00e9 maz\u00e1n\u00ed vhodn\u00fdm mno\u017estv\u00edm hydraulick\u00e9ho oleje, aby byl zaji\u0161t\u011bn hladk\u00fd chod a zabr\u00e1nilo se opot\u0159eben\u00ed.<\/p>\n<h3>Pravideln\u00e1 kontrola a preventivn\u00ed \u00fadr\u017eba<\/h3>\n<ul>\n<li>Pravideln\u011b kontrolujte v\u00e1lec a zkontrolujte, zda nedo\u0161lo k opot\u0159eben\u00ed nebo po\u0161kozen\u00ed jeho sou\u010d\u00e1st\u00ed.<\/li>\n<li>Pravideln\u011b kontrolujte hladinu hydraulick\u00e9ho oleje a vym\u011b\u0148ujte jej v souladu s doporu\u010den\u00edmi v\u00fdrobce.<\/li>\n<li>Pravideln\u011b kontrolujte upev\u0148ovac\u00ed prvky a v p\u0159\u00edpad\u011b pot\u0159eby je dot\u00e1hn\u011bte.<\/li>\n<li>Abyste p\u0159ede\u0161li po\u0161kozen\u00ed za\u0159\u00edzen\u00ed, vyhn\u011bte se p\u0159et\u00ed\u017een\u00ed v\u00e1lce.<\/li>\n<\/ul>\n<p><img decoding=\"async\" src=\"https:\/\/www.hydraulic-cylinders.net\/wp-content\/uploads\/2025\/01\/songte-chushion-collar.webp\" alt=\"V\u00e1lec ramene pro Pengpu SW330ES\"><\/p>\n<h3>Instala\u010dn\u00ed p\u0159\u00edru\u010dka<\/h3>\n<ul>\n<li>Nainstalujte v\u00e1lec ramene podle pokyn\u016f v\u00fdrobce.<\/li>\n<li>Ujist\u011bte se, \u017ee je v\u00e1lec pevn\u011b upevn\u011bn a bez jak\u00e9hokoli vn\u011bj\u0161\u00edho po\u0161kozen\u00ed.<\/li>\n<li>P\u0159ipojte hydraulick\u00e9 potrub\u00ed v souladu s doporu\u010den\u00edmi v\u00fdrobce.<\/li>\n<li>P\u0159ed pou\u017eit\u00edm zkontrolujte instalaci, abyste zajistili jej\u00ed stabilitu a bezpe\u010dnost.<\/li>\n<\/ul>\n<h3>Bezpe\u010dnostn\u00ed aspekty a faktory prost\u0159ed\u00ed<\/h3>\n<p>B\u011bhem instalace a provozu v\u00e1lce s ramenem jsou z\u00e1sadn\u00ed bezpe\u010dnostn\u00ed opat\u0159en\u00ed, aby se zabr\u00e1nilo po\u0161kozen\u00ed za\u0159\u00edzen\u00ed a zran\u011bn\u00ed osob. Pro zaji\u0161t\u011bn\u00ed stabiln\u00edho provozu v\u00e1lce je t\u0159eba zohlednit tak\u00e9 faktory prost\u0159ed\u00ed, jako je teplota a vlhkost.<\/p>\n<h3>Diagnostika poruch a b\u011b\u017en\u00e9 probl\u00e9my<\/h3>\n<p>Mezi b\u011b\u017en\u00e9 probl\u00e9my, kter\u00e9 mohou nastat s v\u00e1lcem ramene, pat\u0159\u00ed:<\/p>\n<ul>\n<li>\u00danik oleje<\/li>\n<li>Po\u0161kozen\u00ed v\u00e1lce<\/li>\n<li>Oh\u00fdb\u00e1n\u00ed p\u00edstn\u00ed ty\u010de<\/li>\n<li>Pomal\u00fd pohyb nebo neschopnost pohybu<\/li>\n<li>Abnorm\u00e1ln\u00ed hluk nebo vibrace<\/li>\n<\/ul>\n<p>K diagnostice a \u0159e\u0161en\u00ed probl\u00e9m\u016f lze pou\u017e\u00edt n\u00e1sleduj\u00edc\u00ed tipy:<\/p>\n<ul>\n<li>Zkontrolujte, zda nedoch\u00e1z\u00ed k \u00faniku oleje, a opravte po\u0161kozen\u00e9 t\u011bsn\u011bn\u00ed nebo t\u011bsnic\u00ed krou\u017eek.<\/li>\n<li>Zkontrolujte, zda nen\u00ed v\u00e1lec po\u0161kozen\u00fd, a v p\u0159\u00edpad\u011b pot\u0159eby jej vym\u011b\u0148te.<\/li>\n<li>Zkontrolujte, zda nen\u00ed p\u00edstn\u00ed ty\u010d ohnut\u00e1, a v p\u0159\u00edpad\u011b pot\u0159eby ji vym\u011b\u0148te.<\/li>\n<li>Zkontrolujte p\u0159\u00edpadn\u00e9 probl\u00e9my s hydraulick\u00fdm tlakem a opravte nebo vym\u011b\u0148te p\u0159\u00edslu\u0161n\u00e9 sou\u010d\u00e1sti.<\/li>\n<li>Zkontrolujte, zda se nevyskytuj\u00ed abnorm\u00e1ln\u00ed zvuky nebo vibrace, a zkontrolujte v\u00e1lec, zda nefunguje spr\u00e1vn\u011b.<\/li>\n<\/ul>\n<p>Preventivn\u00ed opat\u0159en\u00ed, jako je pravideln\u00e1 \u00fadr\u017eba a kontroly, mohou pomoci sn\u00ed\u017eit potenci\u00e1ln\u00ed probl\u00e9my.<\/p>\n<p><img decoding=\"async\" src=\"https:\/\/www.hydraulic-cylinders.net\/wp-content\/uploads\/2025\/01\/songte-bushings-with-all-kinds-of-excavator-models.webp\" alt=\"V\u00e1lec ramene pro Pengpu SW330ES\"><\/p>\n<h3>O n\u00e1s<\/h3>\n<p>Jsme profesion\u00e1ln\u00ed v\u00fdrobce alternativn\u00edch hydraulick\u00fdch v\u00e1lc\u016f se \u0161irokou \u0161k\u00e1lou produkt\u016f a stali jsme se jedn\u00edm z p\u0159edn\u00edch v\u00fdrobc\u016f a velkoobchodn\u00edch distributor\u016f hydraulick\u00fdch v\u00e1lc\u016f na dom\u00e1c\u00edm i mezin\u00e1rodn\u00edm trhu. V\u017edy dodr\u017eujeme princip vynikaj\u00edc\u00ed kvality a neust\u00e1le zlep\u0161ujeme na\u0161i technologickou \u00farove\u0148 a efektivitu v\u00fdroby t\u00edm, \u017ee se spol\u00e9h\u00e1me na strategii \u0159\u00edzen\u00ed pr\u016fmyslov\u00e9 v\u00fdroby v sofistikovan\u00fdch v\u00fdrobn\u00edch d\u00edln\u00e1ch. Zav\u00e1d\u011bn\u00edm \u0161pi\u010dkov\u00e9ho digit\u00e1ln\u00edho v\u00fdrobn\u00edho za\u0159\u00edzen\u00ed a profesion\u00e1ln\u00edch testovac\u00edch syst\u00e9m\u016f optimalizujeme v\u00fdrobn\u00ed platformu, zlep\u0161ujeme proces kontroly kvality v\u00fdrobk\u016f a m\u00e1me silnou inova\u010dn\u00ed kapacitu. Na\u0161\u00edm c\u00edlem je uspokojovat rozmanit\u00e9 pot\u0159eby na\u0161ich z\u00e1kazn\u00edk\u016f s principy vysok\u00e9 efektivity, p\u0159esnosti a vysok\u00e9 kvality.<\/p>\n<p>Na\u0161e spole\u010dnost m\u00e1 odborn\u00e9 znalosti v oblasti mezin\u00e1rodn\u00ed certifikace, zak\u00e1zkov\u00fdch slu\u017eeb, v\u00fdrobn\u00edho za\u0159\u00edzen\u00ed a poprodejn\u00edch slu\u017eeb.<\/p>\n<p><img decoding=\"async\" src=\"https:\/\/www.hydraulic-cylinders.net\/wp-content\/uploads\/2025\/01\/songte-company-4.webp\" alt=\"V\u00e1lec ramene pro Pengpu SW330ES\"><br \/>\n<img decoding=\"async\" src=\"https:\/\/www.hydraulic-cylinders.net\/wp-content\/uploads\/2025\/01\/songte-company-3.webp\" alt=\"V\u00e1lec ramene pro Pengpu SW330ES\"><\/p>\n<p>Autor: lyl<\/p>","protected":false},"excerpt":{"rendered":"<p>Arm Cylinder For Pengpu SW330ES Introduction The arm cylinder is a specially designed hydraulic cylinder primarily used to provide linear motion and power for various types of machinery arms, such as excavators, cranes, and mechanical arms. Arm cylinders play a critical role in hydraulic systems, allowing attachments or accessories to move and control effectively. These [&hellip;]<\/p>","protected":false},"featured_media":14759,"comment_status":"open","ping_status":"closed","template":"","meta":{"_et_pb_use_builder":"","_et_pb_old_content":"","_et_gb_content_width":""},"product_brand":[],"product_cat":[1497],"product_tag":[1498,1496],"class_list":{"0":"post-16746","1":"product","2":"type-product","3":"status-publish","4":"has-post-thumbnail","6":"product_cat-arm-cylinders","7":"product_tag-arm-cylinders","8":"product_tag-hydraulic-cylinders","10":"first","11":"instock","12":"shipping-taxable","13":"product-type-simple"},"amp_enabled":true,"_links":{"self":[{"href":"https:\/\/www.hydraulic-cylinders.net\/cs\/wp-json\/wp\/v2\/product\/16746","targetHints":{"allow":["GET"]}}],"collection":[{"href":"https:\/\/www.hydraulic-cylinders.net\/cs\/wp-json\/wp\/v2\/product"}],"about":[{"href":"https:\/\/www.hydraulic-cylinders.net\/cs\/wp-json\/wp\/v2\/types\/product"}],"replies":[{"embeddable":true,"href":"https:\/\/www.hydraulic-cylinders.net\/cs\/wp-json\/wp\/v2\/comments?post=16746"}],"wp:featuredmedia":[{"embeddable":true,"href":"https:\/\/www.hydraulic-cylinders.net\/cs\/wp-json\/wp\/v2\/media\/14759"}],"wp:attachment":[{"href":"https:\/\/www.hydraulic-cylinders.net\/cs\/wp-json\/wp\/v2\/media?parent=16746"}],"wp:term":[{"taxonomy":"product_brand","embeddable":true,"href":"https:\/\/www.hydraulic-cylinders.net\/cs\/wp-json\/wp\/v2\/product_brand?post=16746"},{"taxonomy":"product_cat","embeddable":true,"href":"https:\/\/www.hydraulic-cylinders.net\/cs\/wp-json\/wp\/v2\/product_cat?post=16746"},{"taxonomy":"product_tag","embeddable":true,"href":"https:\/\/www.hydraulic-cylinders.net\/cs\/wp-json\/wp\/v2\/product_tag?post=16746"}],"curies":[{"name":"wp","href":"https:\/\/api.w.org\/{rel}","templated":true}]}}