{"id":1677,"date":"2023-10-11T05:47:57","date_gmt":"2023-10-11T05:47:57","guid":{"rendered":"https:\/\/hydraulic-cylinders.net\/?post_type=product&#038;p=1677"},"modified":"2025-04-11T03:46:12","modified_gmt":"2025-04-11T03:46:12","slug":"press-front-side-shift-cylinder","status":"publish","type":"product","link":"https:\/\/www.hydraulic-cylinders.net\/cs\/produkt\/press-front-side-shift-cylinder\/","title":{"rendered":"Stiskn\u011bte v\u00e1lec p\u0159edn\u00edho bo\u010dn\u00edho posuvu"},"content":{"rendered":"<h1 style=\"text-align: center;\"><strong>Stiskn\u011bte v\u00e1lec p\u0159edn\u00edho bo\u010dn\u00edho posuvu<\/strong><\/h1>\n<p><img loading=\"lazy\" decoding=\"async\" class=\"wp-image-1683 aligncenter\" src=\"https:\/\/hydraulic-cylinders.net\/wp-content\/uploads\/2023\/10\/front-side-shift-cylinder-1-2-300x300.webp\" alt=\"\" width=\"400\" height=\"400\" \/><\/p>\n<p>P\u0159edn\u00ed posuvn\u00fd v\u00e1lec lisu je inovativn\u00ed n\u00e1stroj ur\u010den\u00fd ke zv\u00fd\u0161en\u00ed p\u0159esnosti a efektivity lisovac\u00edch operac\u00ed. Tento pokro\u010dil\u00fd v\u00e1lec je speci\u00e1ln\u011b navr\u017een tak, aby usnadnil p\u0159edn\u00ed posuv obrobk\u016f b\u011bhem lisov\u00e1n\u00ed, zajistil p\u0159esn\u00e9 vyrovn\u00e1n\u00ed a zkr\u00e1til dobu nastaven\u00ed.<\/p>\n<p>P\u0159edn\u00ed posuvn\u00fd v\u00e1lec lisu je v lisovac\u00edch operac\u00edch pr\u016flomem. D\u00edky mo\u017enosti p\u0159edn\u00edho posuvu, p\u0159esn\u00e9mu vyrovn\u00e1n\u00ed, nastaviteln\u00e9mu rozsahu \u0159azen\u00ed a rychl\u00e9 odezv\u011b umo\u017e\u0148uje tento v\u00e1lec obsluze dos\u00e1hnout p\u0159esn\u00fdch a efektivn\u00edch v\u00fdsledk\u016f lisov\u00e1n\u00ed. Dodr\u017eov\u00e1n\u00edm doporu\u010den\u00fdch metod pou\u017e\u00edv\u00e1n\u00ed a postup\u016f \u00fadr\u017eby m\u016f\u017eete maximalizovat v\u00fdkon, \u017eivotnost a bezpe\u010dnost p\u0159edn\u00edho posuvn\u00e9ho v\u00e1lce lisu ve va\u0161ich lisovac\u00edch aplikac\u00edch. Zvy\u0161te sv\u00e9 lisovac\u00ed schopnosti a za\u017eijte vynikaj\u00edc\u00ed vyrovn\u00e1n\u00ed a efektivitu s t\u00edmto \u0161pi\u010dkov\u00fdm v\u00e1lcem.<\/p>\n<p>Charakteristiky kl\u00ed\u010de p\u0159edn\u00edho bo\u010dn\u00edho posuvn\u00e9ho v\u00e1lce lisu:<\/p>\n<ol>\n<li>Mo\u017enost \u0159azen\u00ed vp\u0159edu:\n<ul>\n<li>P\u0159edn\u00ed posuvn\u00fd v\u00e1lec lisu je navr\u017een tak, aby umo\u017e\u0148oval p\u0159esn\u00e9 posouv\u00e1n\u00ed obrobk\u016f na p\u0159edn\u00ed stranu b\u011bhem lisovac\u00edch operac\u00ed.<\/li>\n<li>Umo\u017e\u0148uje obsluze snadno nastavit polohu obrobku, \u010d\u00edm\u017e zaji\u0161\u0165uje optim\u00e1ln\u00ed vyrovn\u00e1n\u00ed a sni\u017euje pot\u0159ebu ru\u010dn\u00edho nastavov\u00e1n\u00ed.<\/li>\n<\/ul>\n<\/li>\n<li>P\u0159esn\u00e9 zarovn\u00e1n\u00ed:\n<ul>\n<li>Tento v\u00e1lec zaji\u0161\u0165uje p\u0159esn\u00e9 vyrovn\u00e1n\u00ed obrobku, minimalizuje riziko nespr\u00e1vn\u00e9ho vyrovn\u00e1n\u00ed a zvy\u0161uje celkovou p\u0159esnost.<\/li>\n<li>P\u0159esn\u00e9 zarovn\u00e1n\u00ed dosa\u017een\u00e9 pomoc\u00ed v\u00e1lce pro posuv p\u0159edn\u00edho boku lisu vede ke zlep\u0161en\u00ed kvality v\u00fdrobk\u016f a sn\u00ed\u017een\u00ed m\u00edry zmetkovitosti.<\/li>\n<\/ul>\n<\/li>\n<li>Nastaviteln\u00fd rozsah \u0159azen\u00ed:\n<ul>\n<li>V\u00e1lec nab\u00edz\u00ed nastaviteln\u00fd rozsah \u0159azen\u00ed, co\u017e umo\u017e\u0148uje obsluze p\u0159izp\u016fsobit rozsah \u0159azen\u00ed p\u0159edn\u00ed strany na z\u00e1klad\u011b specifick\u00fdch po\u017eadavk\u016f ka\u017ed\u00e9 aplikace.<\/li>\n<li>Flexibilita nastaven\u00ed rozsahu posuvu zaji\u0161\u0165uje kompatibilitu s r\u016fzn\u00fdmi velikostmi, tvary a pot\u0159ebami lisov\u00e1n\u00ed obrobk\u016f.<\/li>\n<\/ul>\n<\/li>\n<li>Rychl\u00e9 a pohotov\u00e9:\n<ul>\n<li>P\u0159edn\u00ed posuvn\u00fd v\u00e1lec lisu se py\u0161n\u00ed rychl\u00fdm a citliv\u00fdm mechanismem \u0159azen\u00ed, kter\u00fd zaji\u0161\u0165uje rychl\u00e9 nastaven\u00ed b\u011bhem lisovac\u00edch operac\u00ed.<\/li>\n<li>Rychl\u00e9 \u0159azen\u00ed zkracuje celkovou dobu cyklu a maximalizuje produktivitu a propustnost p\u0159i lisov\u00e1n\u00ed.<\/li>\n<\/ul>\n<\/li>\n<\/ol>\n<h2><strong>Parametr v\u00e1lce pro posun p\u0159edn\u00edho boku lisu:<\/strong><\/h2>\n<table border=\"1\" cellspacing=\"0\" cellpadding=\"0\">\n<tbody>\n<tr>\n<td>N\u00e1zev produktu<\/td>\n<td>P\u0159edn\u00ed bo\u010dn\u00ed posuvn\u00fd v\u00e1lec hydraulick\u00e9ho lisu<\/td>\n<\/tr>\n<tr>\n<td>Vlastnosti:<\/td>\n<td>Pohybujte polotovarem nebo obrobkem vodorovn\u011b<\/td>\n<\/tr>\n<tr>\n<td>P\u00edst:<\/td>\n<td>80 mm\uff5e240 mm<br \/>\nZdvih \u2264 300 mm<\/td>\n<\/tr>\n<tr>\n<td>Tahov\u00e1 s\u00edla:<\/td>\n<td>Maxim\u00e1ln\u011b 1130 kN<br \/>\n(P\u00edst 240 mm\/tlak 25 MPa)<\/td>\n<\/tr>\n<tr>\n<td>Pou\u017eit\u00ed p\u0159edn\u00edho bo\u010dn\u00edho posuvn\u00e9ho v\u00e1lce:<\/td>\n<td>Hydraulick\u00fd lis<\/td>\n<\/tr>\n<\/tbody>\n<\/table>\n<div><\/div>\n<div>\n<div class=\"txtboxL\">\n<div class=\"txtboxL\">Vlastnosti:<\/div>\n<div class=\"txtboxR\">Pohybujte polotovarem nebo obrobkem vodorovn\u011b<\/div>\n<div class=\"txtboxL\">Specifikace:<\/div>\n<div class=\"txtboxR\">P\u00edst: 80 mm\uff5e240 mm<br \/>\nZdvih \u2264 300 mm<\/div>\n<div class=\"txtboxL\">Tahov\u00e1 s\u00edla:<\/div>\n<div class=\"txtboxR\">Maxim\u00e1ln\u011b 1130 kN<br \/>\n(P\u00edst 240 mm\/tlak 25 MPa)<\/div>\n<\/div>\n<\/div>\n<h2><strong>Tov\u00e1rna na lisovac\u00ed v\u00e1lce:<\/strong><\/h2>\n<p><img loading=\"lazy\" decoding=\"async\" class=\"alignnone wp-image-1619 size-full\" src=\"https:\/\/hydraulic-cylinders.net\/wp-content\/uploads\/2023\/10\/press-cylinder.webp\" alt=\"\" width=\"1418\" height=\"946\" srcset=\"https:\/\/hydraulic-cylinders.net\/wp-content\/uploads\/2023\/10\/press-cylinder.webp 1418w, https:\/\/hydraulic-cylinders.net\/wp-content\/uploads\/2023\/10\/press-cylinder-1280x854.webp 1280w, https:\/\/hydraulic-cylinders.net\/wp-content\/uploads\/2023\/10\/press-cylinder-980x654.webp 980w, https:\/\/hydraulic-cylinders.net\/wp-content\/uploads\/2023\/10\/press-cylinder-480x320.webp 480w\" sizes=\"(min-width: 0px) and (max-width: 480px) 480px, (min-width: 481px) and (max-width: 980px) 980px, (min-width: 981px) and (max-width: 1280px) 1280px, (min-width: 1281px) 1418px, 100vw\" \/><\/p>\n<h2><strong>Zp\u016fsob pou\u017eit\u00ed v\u00e1lce pro posun p\u0159edn\u00edho boku lisu<\/strong><strong>:<\/strong><\/h2>\n<ol>\n<li><strong>Instalace:<\/strong>\n<ul>\n<li>Bezpe\u010dn\u011b namontujte v\u00e1lec posuvu p\u0159edn\u00edho boku lisu na po\u017eadovan\u00e9 m\u00edsto a zajist\u011bte jeho spr\u00e1vn\u00e9 vyrovn\u00e1n\u00ed s lisovac\u00edm za\u0159\u00edzen\u00edm.<\/li>\n<li>P\u0159ipojte hydraulick\u00e9 potrub\u00ed podle pokyn\u016f v\u00fdrobce, dbejte na spr\u00e1vn\u00fd pr\u016ftok kapaliny a vyvarujte se jak\u00fdchkoli \u00fanik\u016f.<\/li>\n<\/ul>\n<\/li>\n<li><strong>Nastaven\u00ed \u0159azen\u00ed:<\/strong>\n<ul>\n<li>Seznamte se s mechanismem pro nastaven\u00ed \u0159azen\u00ed, kter\u00fd je sou\u010d\u00e1st\u00ed v\u00e1lce.<\/li>\n<li>Nastaven\u00ed lze obvykle prov\u00e1d\u011bt pomoc\u00ed ovl\u00e1dac\u00edch knofl\u00edk\u016f, ru\u010dn\u00edch kole\u010dek nebo digit\u00e1ln\u00edch ovl\u00e1dac\u00edch prvk\u016f.<\/li>\n<li>Pro p\u0159esn\u00e9 nastaven\u00ed posunu p\u0159edn\u00ed strany na z\u00e1klad\u011b rozm\u011br\u016f obrobku a po\u017eadavk\u016f na vyrovn\u00e1n\u00ed dodr\u017eujte pokyny v\u00fdrobce.<\/li>\n<\/ul>\n<\/li>\n<li><strong>Zarovn\u00e1n\u00ed a posunut\u00ed obrobku:<\/strong>\n<ul>\n<li>Um\u00edst\u011bte obrobek na lisovac\u00ed lo\u017ee a zajist\u011bte po\u010d\u00e1te\u010dn\u00ed zarovn\u00e1n\u00ed s v\u00e1lcem.<\/li>\n<li>Aktivujte v\u00e1lec pro zasunut\u00ed posuvn\u00e9ho mechanismu a plynul\u00e9 nastaven\u00ed obrobku do po\u017eadovan\u00e9 polohy na p\u0159edn\u00ed stran\u011b.<\/li>\n<li>Ov\u011b\u0159te zarovn\u00e1n\u00ed vizu\u00e1ln\u011b nebo pomoc\u00ed m\u011b\u0159ic\u00edch n\u00e1stroj\u016f, abyste zajistili p\u0159esn\u00e9 posunut\u00ed p\u0159edn\u00ed strany.<\/li>\n<\/ul>\n<\/li>\n<li><strong>Lisov\u00e1n\u00ed:<\/strong>\n<ul>\n<li>Jakmile je obrobek spr\u00e1vn\u011b vyrovn\u00e1n a posunut, pokra\u010dujte v lisov\u00e1n\u00ed podle standardn\u00edch postup\u016f.<\/li>\n<li>P\u0159edn\u00ed posuvn\u00fd v\u00e1lec lisu udr\u017euje vyrovn\u00e1n\u00ed a stabilitu obrobku b\u011bhem cel\u00e9ho procesu lisov\u00e1n\u00ed a zaji\u0161\u0165uje tak konzistentn\u00ed v\u00fdsledky.<\/li>\n<\/ul>\n<\/li>\n<\/ol>\n<h2><strong>Jak repasovat hydraulick\u00fd v\u00e1lec?<\/strong><\/h2>\n<p>Rekonstrukce hydraulick\u00e9ho v\u00e1lce zahrnuje demont\u00e1\u017e v\u00e1lce, kontrolu a v\u00fdm\u011bnu opot\u0159ebovan\u00fdch nebo po\u0161kozen\u00fdch sou\u010d\u00e1st\u00ed a op\u011btovnou mont\u00e1\u017e v\u00e1lce pro obnoven\u00ed funk\u010dnosti. Zde je podrobn\u00fd n\u00e1vod, jak prov\u00e9st rekonstrukci hydraulick\u00e9ho v\u00e1lce:<\/p>\n<p>Pozn\u00e1mka: Rekonstrukce hydraulick\u00e9ho v\u00e1lce m\u016f\u017ee b\u00fdt slo\u017eit\u00e1 a vy\u017eaduje znalosti a zku\u0161enosti z oblasti mechaniky. Pokud si nejste jisti nebo nem\u00e1te pot\u0159ebn\u00e9 odborn\u00e9 znalosti, doporu\u010dujeme vyhledat pomoc profesion\u00e1ln\u00edho hydraulick\u00e9ho technika.<\/p>\n<ol>\n<li><strong>Bezpe\u010dnostn\u00ed opat\u0159en\u00ed:<\/strong>\n<ul>\n<li>Zajist\u011bte, aby byl hydraulick\u00fd syst\u00e9m odtlakov\u00e1n vypnut\u00edm zdroje nap\u00e1jen\u00ed a uvoln\u011bn\u00edm ve\u0161ker\u00e9ho nahromad\u011bn\u00e9ho tlaku.<\/li>\n<li>Pou\u017e\u00edvejte vhodn\u00e9 ochrann\u00e9 pom\u016fcky, jako jsou rukavice a ochrann\u00e9 br\u00fdle, abyste se chr\u00e1nili p\u0159ed mo\u017en\u00fdm \u00fanikem nebo post\u0159\u00edk\u00e1n\u00edm hydraulick\u00e9 kapaliny.<\/li>\n<\/ul>\n<\/li>\n<li><strong>Demont\u00e1\u017e v\u00e1lce:<\/strong>\n<ul>\n<li>Odpojte hydraulick\u00e9 potrub\u00ed od v\u00e1lce. K uvoln\u011bn\u00ed a odpojen\u00ed armatur pou\u017eijte vhodn\u00e9 kl\u00ed\u010de nebo n\u00e1stroje.<\/li>\n<li>Hmotnost lahve podep\u0159ete zved\u00e1kem nebo vhodn\u00fdm zdvihac\u00edm za\u0159\u00edzen\u00edm.<\/li>\n<li>Odstra\u0148te ve\u0161ker\u00e9 mont\u00e1\u017en\u00ed konzoly nebo p\u0159\u00edslu\u0161enstv\u00ed, kter\u00e9 upev\u0148uje v\u00e1lec k za\u0159\u00edzen\u00ed.<\/li>\n<\/ul>\n<\/li>\n<li><strong>Demont\u00e1\u017e:<\/strong>\n<ul>\n<li>Um\u00edst\u011bte v\u00e1lec na \u010dist\u00fd pracovn\u00ed st\u016fl nebo povrch.<\/li>\n<li>Opatrn\u011b odstra\u0148te koncov\u00e9 krytky v\u00e1lce pomoc\u00ed vhodn\u00e9ho n\u00e1\u0159ad\u00ed, jako je kl\u00ed\u010d nebo sada n\u00e1str\u010dn\u00fdch kl\u00ed\u010d\u016f. B\u011bhem tohoto procesu bu\u010fte opatrn\u00ed, abyste nepo\u0161kodili v\u00e1lec ani jeho sou\u010d\u00e1sti.<\/li>\n<li>Jakmile jsou koncov\u00e9 v\u00ed\u010dka odstran\u011bna, vysu\u0148te sestavu p\u00edstu a p\u00edstnice z v\u00e1lce v\u00e1lce.<\/li>\n<li>P\u0159i demont\u00e1\u017ei zkontrolujte a zdokumentujte po\u0159ad\u00ed a orientaci sou\u010d\u00e1st\u00ed. To v\u00e1m pom\u016f\u017ee p\u0159i op\u011btovn\u00e9 mont\u00e1\u017ei.<\/li>\n<\/ul>\n<\/li>\n<li><strong>Kontrola sou\u010d\u00e1st\u00ed:<\/strong>\n<ul>\n<li>D\u016fkladn\u011b zkontrolujte v\u0161echny sou\u010d\u00e1sti, zda nevykazuj\u00ed zn\u00e1mky opot\u0159eben\u00ed, po\u0161kozen\u00ed nebo koroze. V\u011bnujte zv\u00fd\u0161enou pozornost p\u00edstu, ty\u010di, t\u011bsn\u011bn\u00edm, lo\u017eisk\u016fm a v\u0161em dal\u0161\u00edm vnit\u0159n\u00edm \u010d\u00e1stem.<\/li>\n<li>Zm\u011b\u0159te kritick\u00e9 rozm\u011bry, jako je pr\u016fm\u011br p\u00edstu, pr\u016fm\u011br p\u00edstnice a rozm\u011bry dr\u00e1\u017eky t\u011bsn\u011bn\u00ed. Porovnejte tato m\u011b\u0159en\u00ed se specifikacemi v\u00fdrobce, abyste zjistili, zda je t\u0159eba vym\u011bnit n\u011bkter\u00e9 sou\u010d\u00e1sti.<\/li>\n<\/ul>\n<\/li>\n<li><strong>V\u00fdm\u011bna sou\u010d\u00e1stek:<\/strong>\n<ul>\n<li>Vym\u011b\u0148te v\u0161echny opot\u0159ebovan\u00e9, po\u0161kozen\u00e9 nebo neodpov\u00eddaj\u00edc\u00ed specifikaci sou\u010d\u00e1sti. Ujist\u011bte se, \u017ee n\u00e1hradn\u00ed d\u00edly jsou kompatibiln\u00ed s konkr\u00e9tn\u00ed zna\u010dkou a modelem hydraulick\u00e9ho v\u00e1lce.<\/li>\n<li>Mezi b\u011b\u017en\u00e9 sou\u010d\u00e1sti, kter\u00e9 \u010dasto vy\u017eaduj\u00ed v\u00fdm\u011bnu, pat\u0159\u00ed t\u011bsn\u011bn\u00ed, O-krou\u017eky, lo\u017eiska, p\u00edstn\u00ed krou\u017eky a opot\u0159ebiteln\u00e9 p\u00e1sy.<\/li>\n<li>P\u0159ed instalac\u00ed nama\u017ete nov\u00e1 t\u011bsn\u011bn\u00ed a O-krou\u017eky hydraulickou kapalinou nebo kompatibiln\u00edm mazivem.<\/li>\n<\/ul>\n<\/li>\n<li><strong>Znovusemont\u00e1\u017e:<\/strong>\n<ul>\n<li>Za\u010dn\u011bte zp\u011btnou mont\u00e1\u017e opatrn\u00fdm vlo\u017een\u00edm sestavy p\u00edstu a p\u00edstnice zp\u011bt do v\u00e1lce.<\/li>\n<li>Nainstalujte nov\u00e1 t\u011bsn\u011bn\u00ed a O-krou\u017eky do p\u0159\u00edslu\u0161n\u00fdch dr\u00e1\u017eek a zajist\u011bte jejich spr\u00e1vn\u00e9 zarovn\u00e1n\u00ed a orientaci.<\/li>\n<li>P\u0159i op\u011btovn\u00e9 mont\u00e1\u017ei v\u00e1lce naneste na t\u011bsn\u011bn\u00ed a dal\u0161\u00ed pohybliv\u00e9 \u010d\u00e1sti tenkou vrstvu hydraulick\u00e9 kapaliny nebo mont\u00e1\u017en\u00edho maziva.<\/li>\n<li>Pro op\u011btovnou instalaci koncov\u00fdch krytek postupujte v opa\u010dn\u00e9m po\u0159ad\u00ed demont\u00e1\u017ee a ujist\u011bte se, \u017ee v\u0161echny \u0161rouby nebo upev\u0148ovac\u00ed prvky jsou \u0159\u00e1dn\u011b uta\u017eeny podle specifikac\u00ed v\u00fdrobce.<\/li>\n<\/ul>\n<\/li>\n<li><strong>Testov\u00e1n\u00ed a instalace:<\/strong>\n<ul>\n<li>Jakmile je v\u00e1lec znovu smontov\u00e1n, je d\u016fle\u017eit\u00e9 p\u0159ed op\u011btovnou instalac\u00ed do za\u0159\u00edzen\u00ed otestovat jeho funk\u010dnost.<\/li>\n<li>P\u0159ipojte hydraulick\u00e9 potrub\u00ed a znovu natlakujte syst\u00e9m podle pokyn\u016f v\u00fdrobce.<\/li>\n<li>N\u011bkolikr\u00e1t prove\u010fte cyklov\u00e1n\u00ed v\u00e1lce, abyste zkontrolovali jeho plynul\u00fd chod, spr\u00e1vn\u00e9 ut\u011bsn\u011bn\u00ed a p\u0159\u00edpadn\u00e9 net\u011bsnosti.<\/li>\n<li>Pokud v\u00e1lec b\u011bhem testov\u00e1n\u00ed funguje spr\u00e1vn\u011b, znovu jej nainstalujte do za\u0159\u00edzen\u00ed a zajist\u011bte spr\u00e1vn\u00e9 vyrovn\u00e1n\u00ed a p\u0159ipojen\u00ed hydraulick\u00fdch potrub\u00ed.<\/li>\n<\/ul>\n<\/li>\n<\/ol>\n<h2><strong>Schopnosti a kapacita tov\u00e1rny:<\/strong><\/h2>\n<h3>(1) Mont\u00e1\u017e<\/h3>\n<p>Disponujeme prvot\u0159\u00eddn\u00ed nez\u00e1vislou v\u00fdzkumnou a v\u00fdvojovou mont\u00e1\u017en\u00ed platformou. D\u00edlna na v\u00fdrobu hydraulick\u00fdch v\u00e1lc\u016f m\u00e1 \u010dty\u0159i poloautomatick\u00e9 mont\u00e1\u017en\u00ed linky pro zvedac\u00ed v\u00e1lce a jednu automatickou mont\u00e1\u017en\u00ed linku pro nakl\u00e1p\u011bc\u00ed v\u00e1lce s projektovanou ro\u010dn\u00ed v\u00fdrobn\u00ed kapacitou 1 milion kus\u016f. D\u00edlna na speci\u00e1ln\u00ed v\u00e1lce je vybavena poloautomatick\u00fdm \u010distic\u00edm mont\u00e1\u017en\u00edm syst\u00e9mem s r\u016fzn\u00fdmi specifikacemi a projektovanou ro\u010dn\u00ed v\u00fdrobn\u00ed kapacitou 200 000 kus\u016f a je vybavena zn\u00e1m\u00fdm CNC obr\u00e1b\u011bc\u00edm za\u0159\u00edzen\u00edm, obr\u00e1b\u011bc\u00edm centrem, vysoce p\u0159esn\u00fdm speci\u00e1ln\u00edm za\u0159\u00edzen\u00edm pro zpracov\u00e1n\u00ed v\u00e1lc\u016f, robotick\u00fdm sva\u0159ovac\u00edm strojem, automatick\u00fdm \u010distic\u00edm strojem, automatick\u00fdm mont\u00e1\u017en\u00edm strojem pro v\u00e1lce a automatickou lakovac\u00ed v\u00fdrobn\u00ed linkou. St\u00e1vaj\u00edc\u00ed kritick\u00e9 vybaven\u00ed m\u00e1 v\u00edce ne\u017e 300 sad. Optim\u00e1ln\u00ed alokace a efektivn\u00ed vyu\u017eit\u00ed zdroj\u016f za\u0159\u00edzen\u00ed zaji\u0161\u0165uje po\u017eadavky na p\u0159esnost v\u00fdrobk\u016f a spl\u0148uje po\u017eadavky na vysokou kvalitu v\u00fdrobk\u016f.<\/p>\n<p><img loading=\"lazy\" decoding=\"async\" class=\"alignnone wp-image-626\" src=\"https:\/\/hydraulic-cylinders.net\/wp-content\/uploads\/2023\/08\/hydraulic-cylinder-product-1-300x158.webp\" alt=\"\" width=\"495\" height=\"260\" srcset=\"https:\/\/hydraulic-cylinders.net\/wp-content\/uploads\/2023\/08\/hydraulic-cylinder-product-1-300x158.webp 495w, https:\/\/hydraulic-cylinders.net\/wp-content\/uploads\/2023\/08\/hydraulic-cylinder-product-1-480x252.webp 480w\" sizes=\"(min-width: 0px) and (max-width: 480px) 480px, (min-width: 481px) 495px, 100vw\" \/> <img loading=\"lazy\" decoding=\"async\" class=\"alignnone wp-image-627\" src=\"https:\/\/hydraulic-cylinders.net\/wp-content\/uploads\/2023\/08\/hydraulic-cylinder-product-2-300x189.webp\" alt=\"\" width=\"413\" height=\"260\" \/><\/p>\n<h3>(2) Obr\u00e1b\u011bn\u00ed<\/h3>\n<p>Obrobna je vybavena zak\u00e1zkov\u00fdm soustru\u017enick\u00fdm centrem pro \u0161ikm\u00e9 kolejnice, obr\u00e1b\u011bc\u00edm centrem, vysokorychlostn\u00edm honovac\u00edm strojem, sva\u0159ovac\u00edm robotem a dal\u0161\u00edm souvisej\u00edc\u00edm za\u0159\u00edzen\u00edm, kter\u00e9 zvl\u00e1dne obr\u00e1b\u011bn\u00ed v\u00e1lcov\u00fdch trubek s maxim\u00e1ln\u00edm vnit\u0159n\u00edm pr\u016fm\u011brem 400 mm a maxim\u00e1ln\u00ed d\u00e9lkou 6 metr\u016f.<\/p>\n<p><img loading=\"lazy\" decoding=\"async\" class=\"alignnone wp-image-628 size-large\" src=\"https:\/\/hydraulic-cylinders.net\/wp-content\/uploads\/2023\/08\/hydraulic-cylinder-product-3-1024x391.webp\" alt=\"\" width=\"1024\" height=\"391\" srcset=\"https:\/\/hydraulic-cylinders.net\/wp-content\/uploads\/2023\/08\/hydraulic-cylinder-product-3-980x374.webp 980w, https:\/\/hydraulic-cylinders.net\/wp-content\/uploads\/2023\/08\/hydraulic-cylinder-product-3-480x183.webp 480w\" sizes=\"(min-width: 0px) and (max-width: 480px) 480px, (min-width: 481px) and (max-width: 980px) 980px, (min-width: 981px) 1024px, 100vw\" \/><\/p>\n<h3>(3) Sva\u0159ov\u00e1n\u00ed<\/h3>\n<p><img loading=\"lazy\" decoding=\"async\" class=\"alignnone wp-image-629 size-large\" src=\"https:\/\/hydraulic-cylinders.net\/wp-content\/uploads\/2023\/08\/hydraulic-cylinder-product-4-1024x510.webp\" alt=\"\" width=\"1024\" height=\"510\" srcset=\"https:\/\/hydraulic-cylinders.net\/wp-content\/uploads\/2023\/08\/hydraulic-cylinder-product-4-980x488.webp 980w, https:\/\/hydraulic-cylinders.net\/wp-content\/uploads\/2023\/08\/hydraulic-cylinder-product-4-480x239.webp 480w\" sizes=\"(min-width: 0px) and (max-width: 480px) 480px, (min-width: 481px) and (max-width: 980px) 980px, (min-width: 981px) 1024px, 100vw\" \/><\/p>\n<h3>(4) Lakov\u00e1n\u00ed a n\u00e1t\u011bry<\/h3>\n<p>S mal\u00fdmi a st\u0159edn\u00edmi v\u00e1lcov\u00fdmi automatick\u00fdmi linkami na nan\u00e1\u0161en\u00ed barev na vodn\u00ed b\u00e1zi, pro dosa\u017een\u00ed automatick\u00e9ho robotick\u00e9ho nakl\u00e1d\u00e1n\u00ed a vykl\u00e1d\u00e1n\u00ed a automatick\u00e9ho st\u0159\u00edk\u00e1n\u00ed, je konstruk\u010dn\u00ed kapacita 4000 kus\u016f za sm\u011bnu;<br \/>\nM\u00e1me tak\u00e9 poloautomatickou linku na v\u00fdrobu barev pro velk\u00e9 tlakov\u00e9 lahve poh\u00e1n\u011bn\u00e9 \u0159et\u011bzem s konstruk\u010dn\u00ed kapacitou 60 lahv\u00ed za sm\u011bnu.<\/p>\n<p><img loading=\"lazy\" decoding=\"async\" class=\"alignnone wp-image-630\" src=\"https:\/\/hydraulic-cylinders.net\/wp-content\/uploads\/2023\/08\/hydraulic-cylinder-product-5-300x213.webp\" alt=\"\" width=\"366\" height=\"260\" \/> <img loading=\"lazy\" decoding=\"async\" class=\"alignnone wp-image-631\" src=\"https:\/\/hydraulic-cylinders.net\/wp-content\/uploads\/2023\/08\/hydraulic-cylinder-product-6-300x225.webp\" alt=\"\" width=\"347\" height=\"260\" \/><\/p>\n<h3>(5) Testov\u00e1n\u00ed<\/h3>\n<p>Disponujeme prvot\u0159\u00eddn\u00edmi inspek\u010dn\u00edmi za\u0159\u00edzen\u00edmi a zku\u0161ebn\u00edmi laborato\u0159emi, abychom zajistili, \u017ee v\u00fdkon v\u00e1lce spl\u0148uje po\u017eadavky.<\/p>\n<p><img loading=\"lazy\" decoding=\"async\" class=\"alignnone wp-image-632\" src=\"https:\/\/hydraulic-cylinders.net\/wp-content\/uploads\/2023\/08\/hydraulic-cylinder-product-8-300x200.webp\" alt=\"\" width=\"389\" height=\"260\" \/><\/p>\n<p>&nbsp;<\/p>\n<p>&nbsp;<\/p>\n<p>Jsme jedn\u00edm z nejlep\u0161\u00edch v\u00fdrobc\u016f hydraulick\u00fdch v\u00e1lc\u016f. Nab\u00edz\u00edme komplexn\u00ed hydraulick\u00e9 v\u00e1lce. Dod\u00e1v\u00e1me tak\u00e9 odpov\u00eddaj\u00edc\u00ed <a href=\"https:\/\/hzpt.com\/agricultural-pto-gearbox\/\" target=\"_blank\" rel=\"noopener\">zem\u011bd\u011blsk\u00e9 p\u0159evodovky<\/a>Na\u0161e v\u00fdrobky jsme exportovali klient\u016fm po cel\u00e9m sv\u011bt\u011b a d\u00edky vynikaj\u00edc\u00ed kvalit\u011b v\u00fdrobk\u016f a poprodejn\u00edmu servisu jsme si z\u00edskali dobrou pov\u011bst. V\u00edt\u00e1me z\u00e1kazn\u00edky doma i v zahrani\u010d\u00ed, kte\u0159\u00ed n\u00e1s kontaktuj\u00ed za \u00fa\u010delem vyjedn\u00e1v\u00e1n\u00ed obchodn\u00edch p\u0159\u00edle\u017eitost\u00ed, v\u00fdm\u011bny informac\u00ed a <a href=\"https:\/\/www.hydraulic-cylinders.net\/cs\/contact-us\/\">spolupracujte s n\u00e1mi<\/a>!<\/p>","protected":false},"excerpt":{"rendered":"<p>Press Front Side Shift Cylinder The press front side shift cylinder is an innovative tool designed to elevate the precision and efficiency of pressing operations. This advanced cylinder is specifically engineered to facilitate the front side shifting of workpieces during pressing, ensuring accurate alignment and reducing setup time. The press front side shift cylinder is [&hellip;]<\/p>","protected":false},"featured_media":1678,"comment_status":"open","ping_status":"closed","template":"","meta":{"_et_pb_use_builder":"","_et_pb_old_content":"","_et_gb_content_width":""},"product_brand":[],"product_cat":[1550,1522,1376],"product_tag":[1380],"class_list":{"0":"post-1677","1":"product","2":"type-product","3":"status-publish","4":"has-post-thumbnail","6":"product_cat-double-acting-hydraulic-cylinder","7":"product_cat-press-hydraulic-cylinders","8":"product_cat-hydraulic-cylinder","9":"product_tag-hydraulic-cylinder","11":"first","12":"instock","13":"shipping-taxable","14":"product-type-simple"},"amp_enabled":true,"_links":{"self":[{"href":"https:\/\/www.hydraulic-cylinders.net\/cs\/wp-json\/wp\/v2\/product\/1677","targetHints":{"allow":["GET"]}}],"collection":[{"href":"https:\/\/www.hydraulic-cylinders.net\/cs\/wp-json\/wp\/v2\/product"}],"about":[{"href":"https:\/\/www.hydraulic-cylinders.net\/cs\/wp-json\/wp\/v2\/types\/product"}],"replies":[{"embeddable":true,"href":"https:\/\/www.hydraulic-cylinders.net\/cs\/wp-json\/wp\/v2\/comments?post=1677"}],"wp:featuredmedia":[{"embeddable":true,"href":"https:\/\/www.hydraulic-cylinders.net\/cs\/wp-json\/wp\/v2\/media\/1678"}],"wp:attachment":[{"href":"https:\/\/www.hydraulic-cylinders.net\/cs\/wp-json\/wp\/v2\/media?parent=1677"}],"wp:term":[{"taxonomy":"product_brand","embeddable":true,"href":"https:\/\/www.hydraulic-cylinders.net\/cs\/wp-json\/wp\/v2\/product_brand?post=1677"},{"taxonomy":"product_cat","embeddable":true,"href":"https:\/\/www.hydraulic-cylinders.net\/cs\/wp-json\/wp\/v2\/product_cat?post=1677"},{"taxonomy":"product_tag","embeddable":true,"href":"https:\/\/www.hydraulic-cylinders.net\/cs\/wp-json\/wp\/v2\/product_tag?post=1677"}],"curies":[{"name":"wp","href":"https:\/\/api.w.org\/{rel}","templated":true}]}}