{"id":16778,"date":"2025-01-21T05:53:42","date_gmt":"2025-01-21T05:53:42","guid":{"rendered":"https:\/\/www.hydraulic-cylinders.net\/product\/arm-cylinder-for-john-deere-e210lc\/"},"modified":"2025-01-21T05:53:44","modified_gmt":"2025-01-21T05:53:44","slug":"arm-cylinder-for-john-deere-e210lc","status":"publish","type":"product","link":"https:\/\/www.hydraulic-cylinders.net\/cs\/produkt\/arm-cylinder-for-john-deere-e210lc\/","title":{"rendered":"V\u00e1lec ramene pro John Deere E210LC"},"content":{"rendered":"<div>\n<h1>V\u00e1lec ramene pro John Deere E210LC<\/h1>\n<h2>Zaveden\u00ed<\/h2>\n<p>Hydraulick\u00fd v\u00e1lec ramene je speci\u00e1ln\u011b navr\u017een\u00fd hydraulick\u00fd v\u00e1lec, kter\u00fd se prim\u00e1rn\u011b pou\u017e\u00edv\u00e1 k zaji\u0161t\u011bn\u00ed line\u00e1rn\u00edho pohybu a v\u00fdkonu ramen r\u016fzn\u00fdch typ\u016f stroj\u016f, jako jsou bagry, je\u0159\u00e1by a robotick\u00e1 ramena. V\u00e1lec ramene hraje kl\u00ed\u010dovou roli v hydraulick\u00fdch syst\u00e9mech, proto\u017ee umo\u017e\u0148uje efektivn\u00ed pohyb a ovl\u00e1d\u00e1n\u00ed dal\u0161\u00edch n\u00e1stroj\u016f nebo p\u0159\u00edslu\u0161enstv\u00ed. Tyto v\u00e1lce nejen zaji\u0161\u0165uj\u00ed plynul\u00fd pohyb, ale tak\u00e9 odol\u00e1vaj\u00ed t\u011b\u017ek\u00fdm z\u00e1t\u011b\u017e\u00edm, \u010d\u00edm\u017e zaji\u0161\u0165uj\u00ed efektivn\u00ed provoz a spolehlivost stroje v r\u016fzn\u00fdch provozn\u00edch podm\u00ednk\u00e1ch.<\/p>\n<p>    <img decoding=\"async\" src=\"https:\/\/www.hydraulic-cylinders.net\/wp-content\/uploads\/2025\/01\/songte-company-2.webp\" alt=\"Obr\u00e1zek v\u00e1lce ramene\"><\/p>\n<h2>Funkce<\/h2>\n<ul>\n<li>\n<h3>Vysoce \u00fa\u010dinn\u00fd p\u0159enos<\/h3>\n<p>V\u00e1lce ramen zaji\u0161\u0165uj\u00ed siln\u00fd line\u00e1rn\u00ed pohyb a s\u00edlu, co\u017e zaji\u0161\u0165uje vysokou \u00fa\u010dinnost strojn\u00edch ramen v r\u016fzn\u00fdch operac\u00edch.<\/li>\n<li>\n<h3>P\u0159esn\u00e9 ovl\u00e1d\u00e1n\u00ed<\/h3>\n<p>D\u00edky hydraulick\u00e9mu syst\u00e9mu mohou v\u00e1lce ramen dos\u00e1hnout p\u0159esn\u00e9ho \u0159\u00edzen\u00ed pohybu, co\u017e zvy\u0161uje flexibilitu a p\u0159esnost ovl\u00e1d\u00e1n\u00ed dal\u0161\u00edch n\u00e1stroj\u016f.<\/li>\n<li>\n<h3>Trvanlivost<\/h3>\n<p>V\u00e1lce ramen jsou obvykle vyrobeny z vysoce pevn\u00fdch materi\u00e1l\u016f s dobrou odolnost\u00ed proti opot\u0159eben\u00ed a korozi, vhodn\u00fdch pro dlouhodob\u00e9 pou\u017e\u00edv\u00e1n\u00ed v n\u00e1ro\u010dn\u00fdch podm\u00ednk\u00e1ch.<\/li>\n<li>\n<h3>Multifunk\u010dn\u00ed p\u0159izp\u016fsobivost<\/h3>\n<p>Tyto v\u00e1lce lze \u0161iroce pou\u017e\u00edvat v r\u016fzn\u00fdch mechanick\u00fdch za\u0159\u00edzen\u00edch, jako jsou bagry, je\u0159\u00e1by a robotick\u00e1 ramena, a p\u0159izp\u016fsobit se tak r\u016fzn\u00fdm pracovn\u00edm po\u017eadavk\u016fm.<\/li>\n<li>\n<h3>Snadn\u00e1 \u00fadr\u017eba<\/h3>\n<p>Konstrukce s ohledem na snadnou \u00fadr\u017ebu a v\u00fdm\u011bnu umo\u017e\u0148uje pohodln\u00e9 pravideln\u00e9 kontroly a \u00fadr\u017ebu, \u010d\u00edm\u017e se zkracuj\u00ed prostoje za\u0159\u00edzen\u00ed.<\/li>\n<\/ul>\n<p>Tento produkt dok\u00e1\u017eeme vyrobit a dokonale nahradit tyto hydraulick\u00e9 v\u00e1lce.<\/p>\n<p>    <img decoding=\"async\" src=\"https:\/\/www.hydraulic-cylinders.net\/wp-content\/uploads\/2025\/01\/songte-oil-pipes-and-spare-parts.webp\" alt=\"Obr\u00e1zek olejov\u00fdch trubek a n\u00e1hradn\u00edch d\u00edl\u016f\"><\/p>\n<h2>Aplikace<\/h2>\n<ul>\n<li>\n<h3>Stavebn\u00ed in\u017een\u00fdrstv\u00ed<\/h3>\n<p>U bagr\u016f a je\u0159\u00e1b\u016f se v\u00e1lce ramen pou\u017e\u00edvaj\u00ed k ovl\u00e1d\u00e1n\u00ed pohybu l\u017e\u00edc nebo v\u00fdlo\u017en\u00edk\u016f pro zemn\u00ed pr\u00e1ce, manipulaci s materi\u00e1lem a mont\u00e1\u017e konstrukc\u00ed.<\/li>\n<li>\n<h3>V\u00fdrobn\u00ed<\/h3>\n<p>V automatizovan\u00fdch v\u00fdrobn\u00edch link\u00e1ch se v\u00e1lce ramen pou\u017e\u00edvaj\u00ed pro pohyb robotick\u00fdch ramen, mont\u00e1\u017en\u00ed, sva\u0159ovac\u00ed a manipula\u010dn\u00ed procesy ke zlep\u0161en\u00ed efektivity a p\u0159esnosti v\u00fdroby.<\/li>\n<li>\n<h3>Zem\u011bd\u011blsk\u00e9 stroje<\/h3>\n<p>V zem\u011bd\u011blsk\u00fdch stroj\u00edch, jako jsou skl\u00edzec\u00ed a s\u00e1zec\u00ed stroje, ovl\u00e1daj\u00ed v\u00e1lce ramen pohyb opera\u010dn\u00edch ramen a prov\u00e1d\u011bj\u00ed \u00fakoly, jako je set\u00ed, hnojen\u00ed a sklize\u0148.<\/li>\n<li>\n<h3>Hornictv\u00ed<\/h3>\n<p>V t\u011b\u017eebn\u00edch za\u0159\u00edzen\u00edch se v\u00e1lce ramen pou\u017e\u00edvaj\u00ed k ovl\u00e1d\u00e1n\u00ed pohybu ramen t\u011b\u017eebn\u00edch za\u0159\u00edzen\u00ed pro t\u011b\u017ebu a manipulaci s materi\u00e1lem.<\/li>\n<li>\n<h3>Logistika a doprava<\/h3>\n<p>U vysokozdvi\u017en\u00fdch voz\u00edk\u016f a manipula\u010dn\u00edch robot\u016f se v\u00e1lce ramen pou\u017e\u00edvaj\u00ed k ovl\u00e1d\u00e1n\u00ed zved\u00e1n\u00ed a pohybu vidlic, \u010d\u00edm\u017e se dosahuje manipulace s materi\u00e1lem a jeho stohov\u00e1n\u00ed.<\/li>\n<\/ul>\n<h2>Konstruk\u010dn\u00ed aspekty a krit\u00e9ria v\u00fdb\u011bru<\/h2>\n<ul>\n<li>\n<h3>\u00danosnost<\/h3>\n<p>V\u00e1lce ramen mus\u00ed m\u00edt dostate\u010dnou \u00fanosnost, aby odolaly maxim\u00e1ln\u00edmu zat\u00ed\u017een\u00ed, kter\u00e9mu m\u016f\u017ee b\u00fdt strojn\u00ed za\u0159\u00edzen\u00ed b\u011bhem provozu vystaveno.<\/li>\n<li>\n<h3>T\u011bsn\u011bn\u00ed<\/h3>\n<p>K zabr\u00e1n\u011bn\u00ed \u00faniku hydraulick\u00e9ho oleje by se m\u011bly pou\u017e\u00edvat r\u016fzn\u00e9 t\u011bsnic\u00ed prvky, jako jsou t\u011bsn\u011bn\u00ed p\u00edst\u016f a t\u011bsn\u011bn\u00ed p\u00edstnic.<\/li>\n<li>\n<h3>Trvanlivost<\/h3>\n<p>V\u00e1lec ramene by m\u011bl b\u00fdt vyroben z vysoce pevn\u00fdch materi\u00e1l\u016f s dobrou odolnost\u00ed proti opot\u0159eben\u00ed a korozi, aby byla zaji\u0161t\u011bna trvanlivost v n\u00e1ro\u010dn\u00fdch provozn\u00edch podm\u00ednk\u00e1ch.<\/li>\n<li>\n<h3>Bezpe\u010dnost<\/h3>\n<p>V\u00e1lce ramen by m\u011bly b\u00fdt navr\u017eeny a vyrobeny s ohledem na bezpe\u010dnost, v\u010detn\u011b bezpe\u010dnostn\u00edch za\u0159\u00edzen\u00ed, jako je ochrana proti p\u0159et\u00ed\u017een\u00ed.<\/li>\n<li>\n<h3>\u00dadr\u017eba<\/h3>\n<p>Sou\u010d\u00e1sti v\u00e1lce ramene by m\u011bly b\u00fdt navr\u017eeny pro snadnou \u00fadr\u017ebu a v\u00fdm\u011bnu.<\/li>\n<\/ul>\n<p>    <img decoding=\"async\" src=\"https:\/\/www.hydraulic-cylinders.net\/wp-content\/uploads\/2025\/01\/songte-cylinder-head-with-all-kinds-excavator-models.webp\" alt=\"Obr\u00e1zek hlavy v\u00e1lc\u016f\"><\/p>\n<h2>T\u011bsn\u011bn\u00ed a maz\u00e1n\u00ed<\/h2>\n<p>K zabr\u00e1n\u011bn\u00ed \u00faniku hydraulick\u00e9ho oleje se pou\u017e\u00edvaj\u00ed r\u016fzn\u00e9 t\u011bsnic\u00ed prvky, jako jsou t\u011bsn\u011bn\u00ed p\u00edst\u016f a t\u011bsn\u011bn\u00ed p\u00edstnic. Tyto t\u011bsnic\u00ed prvky jsou vyrobeny z materi\u00e1l\u016f odoln\u00fdch proti opot\u0159eben\u00ed, jako je polyuretan a nitrilov\u00e1 pry\u017e. T\u011bleso v\u00e1lce a z\u00e1vitov\u00e9 konce jsou jemn\u011b opracov\u00e1ny pro zlep\u0161en\u00ed odolnosti proti opot\u0159eben\u00ed a vy\u017eaduj\u00ed pravideln\u00e9 dopl\u0148ov\u00e1n\u00ed vhodn\u00e9ho hydraulick\u00e9ho oleje pro maz\u00e1n\u00ed.<\/p>\n<h2>Pravideln\u00e1 kontrola a preventivn\u00ed \u00fadr\u017eba<\/h2>\n<ul>\n<li>\n<h3>Kontrola sou\u010d\u00e1st\u00ed<\/h3>\n<p>Pravideln\u011b kontrolujte p\u00edstn\u00ed ty\u010d, p\u00edst a t\u011bleso v\u00e1lce, zda nejsou po\u0161kr\u00e1ban\u00e9, korozi nebo po\u0161kozen\u00e9, a v p\u0159\u00edpad\u011b pot\u0159eby je vym\u011b\u0148te.<\/li>\n<li>\n<h3>Kontrola pe\u010det\u00ed<\/h3>\n<p>Zkontrolujte stav t\u011bsn\u011bn\u00ed a v p\u0159\u00edpad\u011b pot\u0159eby jej vym\u011b\u0148te, aby nedo\u0161lo k \u00faniku hydraulick\u00e9ho oleje.<\/li>\n<li>\n<h3>Preventivn\u00ed \u00fadr\u017eba<\/h3>\n<p>Pravideln\u011b udr\u017eujte hydraulick\u00fd syst\u00e9m, v\u010detn\u011b v\u00fdm\u011bny hydraulick\u00e9ho oleje, \u010di\u0161t\u011bn\u00ed olejov\u00e9ho filtru a kontroly hladiny oleje.<\/li>\n<\/ul>\n<p>    <img decoding=\"async\" src=\"https:\/\/www.hydraulic-cylinders.net\/wp-content\/uploads\/2025\/01\/songte-chushion-collar.webp\" alt=\"Obr\u00e1zek pol\u0161t\u00e1\u0159ov\u00e9ho l\u00edmce\"><\/p>\n<h2>Pr\u016fvodce instalac\u00ed produktu<\/h2>\n<p>B\u011bhem instalace se ujist\u011bte, \u017ee je v\u00e1lec bezpe\u010dn\u011b upevn\u011bn a p\u00edstn\u00ed ty\u010d je ve spr\u00e1vn\u00e9 poloze. P\u0159i p\u0159ipojov\u00e1n\u00ed hydraulick\u00e9ho olejov\u00e9ho potrub\u00ed dbejte na sm\u011br a vyvarujte se obr\u00e1cen\u00e9ho p\u0159ipojen\u00ed nebo vzduchov\u00e9ho ucp\u00e1v\u00e1n\u00ed. P\u0159i pln\u011bn\u00ed hydraulick\u00e9ho oleje se ujist\u011bte, \u017ee je hladina oleje spr\u00e1vn\u00e1 a hydraulick\u00fd olej je \u010dist\u00fd a bez ne\u010distot. Po instalaci prove\u010fte zku\u0161ebn\u00ed provoz, abyste se ujistili o norm\u00e1ln\u00edm provozu.<\/p>\n<p>    <img decoding=\"async\" src=\"https:\/\/www.hydraulic-cylinders.net\/wp-content\/uploads\/2025\/01\/songte-bushings-with-all-kinds-of-excavator-models.webp\" alt=\"Obr\u00e1zek pouzder\"><\/p>\n<h2>Bezpe\u010dnostn\u00ed a environment\u00e1ln\u00ed aspekty<\/h2>\n<p>B\u011bhem pou\u017e\u00edv\u00e1n\u00ed zajist\u011bte, aby strojn\u00ed za\u0159\u00edzen\u00ed bylo provozov\u00e1no v rozsahu jmenovit\u00e9ho zat\u00ed\u017een\u00ed a dodr\u017eujte bezpe\u010dnostn\u00ed pokyny pro strojn\u00ed za\u0159\u00edzen\u00ed. Je t\u0159eba p\u0159ijmout spr\u00e1vn\u00e9 opat\u0159en\u00ed na ochranu \u017eivotn\u00edho prost\u0159ed\u00ed, aby se zabr\u00e1nilo zne\u010di\u0161t\u011bn\u00ed \u017eivotn\u00edho prost\u0159ed\u00ed.<\/p>\n<h2>Odstra\u0148ov\u00e1n\u00ed probl\u00e9m\u016f a b\u011b\u017en\u00e9 probl\u00e9my<\/h2>\n<ul>\n<li>\n<h3>\u00danik hydraulick\u00e9ho oleje<\/h3>\n<p>P\u0159\u00ed\u010dinou m\u016f\u017ee b\u00fdt opot\u0159eben\u00ed nebo po\u0161kozen\u00ed t\u011bsnic\u00edch sou\u010d\u00e1st\u00ed nebo po\u0161kozen\u00ed t\u011blesa v\u00e1lce. Po\u0161kozen\u00e9 d\u00edly v\u010das vym\u011b\u0148te.<\/li>\n<li>\n<h3>Abnorm\u00e1ln\u00ed hluk<\/h3>\n<p>P\u0159\u00ed\u010dinou m\u016f\u017ee b\u00fdt vniknut\u00ed vzduchu do hydraulick\u00e9ho syst\u00e9mu nebo po\u0161kozen\u00ed p\u00edstu \u010di t\u011blesa v\u00e1lce. V\u010das zkontrolujte a opravte posti\u017een\u00e9 d\u00edly.<\/li>\n<li>\n<h3>N\u00edzk\u00fd tlak<\/h3>\n<p>P\u0159\u00ed\u010dinou m\u016f\u017ee b\u00fdt ucp\u00e1n\u00ed hydraulick\u00e9ho potrub\u00ed nebo probl\u00e9m s hydraulick\u00fdm \u010derpadlem. V\u010das zkontrolujte a opravte posti\u017een\u00e9 d\u00edly.<\/li>\n<\/ul>\n<h2>Tipy a \u0159e\u0161en\u00ed probl\u00e9m\u016f<\/h2>\n<ul>\n<li>\n<h3>\u00danik hydraulick\u00e9ho oleje<\/h3>\n<p>Vym\u011b\u0148te po\u0161kozen\u00e9 t\u011bsnic\u00ed sou\u010d\u00e1sti nebo t\u011bleso v\u00e1lce a zajist\u011bte spr\u00e1vnou instalaci.<\/li>\n<li>\n<h3>Abnorm\u00e1ln\u00ed hluk<\/h3>\n<p>Zkontrolujte a opravte po\u0161kozen\u00e9 d\u00edly, nap\u0159\u00edklad odstran\u011bn\u00edm vzduchu z hydraulick\u00e9ho syst\u00e9mu nebo v\u00fdm\u011bnou po\u0161kozen\u00fdch d\u00edl\u016f.<\/li>\n<li>\n<h3>N\u00edzk\u00fd tlak<\/h3>\n<p>Zkontrolujte a odstra\u0148te ucp\u00e1n\u00ed hydraulick\u00e9ho potrub\u00ed nebo opravte hydraulick\u00e9 \u010derpadlo.<\/li>\n<\/ul>\n<p>    <img decoding=\"async\" src=\"https:\/\/www.hydraulic-cylinders.net\/wp-content\/uploads\/2025\/01\/songte-company-4.webp\" alt=\"Image spole\u010dnosti\"><br \/>\n    <img decoding=\"async\" src=\"https:\/\/www.hydraulic-cylinders.net\/wp-content\/uploads\/2025\/01\/songte-company-3.webp\" alt=\"Image spole\u010dnosti\"><\/p>\n<h2>O n\u00e1s<\/h2>\n<p>Jsme profesion\u00e1ln\u00ed v\u00fdrobce n\u00e1hradn\u00edch hydraulick\u00fdch v\u00e1lc\u016f s \u0161irokou \u0161k\u00e1lou produkt\u016f a stali jsme se jedn\u00edm z p\u0159edn\u00edch v\u00fdrobc\u016f a velkoobchodn\u00edch distributor\u016f hydraulick\u00fdch v\u00e1lc\u016f na dom\u00e1c\u00edm i mezin\u00e1rodn\u00edm trhu. V\u017edy se dr\u017e\u00edme principu vynikaj\u00edc\u00ed kvality a spol\u00e9h\u00e1me se na industrializovan\u00e9 strategie \u0159\u00edzen\u00ed v\u00fdroby v precizn\u011b zpracovan\u00fdch v\u00fdrobn\u00edch d\u00edln\u00e1ch, abychom neust\u00e1le zlep\u0161ovali na\u0161i technologii a efektivitu v\u00fdroby. Zav\u00e1d\u011bn\u00edm \u0161pi\u010dkov\u00e9ho digit\u00e1ln\u00edho v\u00fdrobn\u00edho za\u0159\u00edzen\u00ed a profesion\u00e1ln\u00edch testovac\u00edch syst\u00e9m\u016f neust\u00e1le optimalizujeme na\u0161i v\u00fdrobn\u00ed platformu a zlep\u0161ujeme proces kontroly kvality na\u0161ich v\u00fdrobk\u016f se siln\u00fdmi inova\u010dn\u00edmi schopnostmi. Na\u0161\u00edm c\u00edlem je uspokojovat rozmanit\u00e9 pot\u0159eby na\u0161ich z\u00e1kazn\u00edk\u016f s vysokou efektivitou, p\u0159esnost\u00ed a principy vysok\u00e9 kvality.<\/p>\n<ul>\n<li>\n<h3>Profesionalita<\/h3>\n<p>M\u00e1me profesion\u00e1ln\u00ed t\u00fdm s bohat\u00fdmi zku\u0161enostmi v oblasti n\u00e1vrhu a v\u00fdroby hydraulick\u00fdch v\u00e1lc\u016f, co\u017e zaji\u0161\u0165uje, \u017ee na\u0161e produkty spl\u0148uj\u00ed pot\u0159eby z\u00e1kazn\u00edk\u016f.<\/li>\n<li>\n<h3>Mezin\u00e1rodn\u00ed certifikace<\/h3>\n<p>V\u0161echny na\u0161e v\u00fdrobky pro\u0161ly certifikac\u00ed syst\u00e9mu managementu jakosti ISO9001 a jsou vyv\u00e1\u017eeny do v\u00edce ne\u017e 50 zem\u00ed a region\u016f po cel\u00e9m sv\u011bt\u011b.<\/li>\n<li>\n<h3>Slu\u017eba p\u0159izp\u016fsoben\u00ed<\/h3>\n<p>Nab\u00edz\u00edme hydraulick\u00e9 v\u00e1lce na m\u00edru, kter\u00e9 spl\u0148uj\u00ed r\u016fzn\u00e9 pot\u0159eby z\u00e1kazn\u00edk\u016f, a poskytujeme komplexn\u00ed slu\u017eby od n\u00e1vrhu a\u017e po v\u00fdrobu.<\/li>\n<li>\n<h3>V\u00fdrobn\u00ed za\u0159\u00edzen\u00ed<\/h3>\n<p>Disponujeme modern\u00edm v\u00fdrobn\u00edm za\u0159\u00edzen\u00edm, v\u010detn\u011b CNC obr\u00e1b\u011bc\u00edch center, automatick\u00fdch sv\u00e1\u0159e\u010dek a automatick\u00fdch lakovac\u00edch linek.<\/li>\n<li>\n<h3>Poprodejn\u00ed servis<\/h3>\n<p>Poskytujeme poprodejn\u00ed servis 24 hodin denn\u011b, 7 dn\u00ed v t\u00fddnu, v\u010detn\u011b technick\u00e9 podpory, \u00fadr\u017eby a oprav.<\/li>\n<\/ul>\n<p>Autor: lyl.<\/p>\n<\/div>","protected":false},"excerpt":{"rendered":"<p>Arm Cylinder For John Deere E210LC Introduction An arm cylinder is a specially designed hydraulic cylinder that is primarily used to provide linear motion and power to the arms of various types of machinery such as excavators, cranes, and robotic arms. The arm cylinder plays a crucial role in hydraulic systems, allowing for the effective [&hellip;]<\/p>","protected":false},"featured_media":14783,"comment_status":"open","ping_status":"closed","template":"","meta":{"_et_pb_use_builder":"","_et_pb_old_content":"","_et_gb_content_width":""},"product_brand":[],"product_cat":[1497],"product_tag":[1498,1496],"class_list":{"0":"post-16778","1":"product","2":"type-product","3":"status-publish","4":"has-post-thumbnail","6":"product_cat-arm-cylinders","7":"product_tag-arm-cylinders","8":"product_tag-hydraulic-cylinders","10":"first","11":"instock","12":"shipping-taxable","13":"product-type-simple"},"amp_enabled":true,"_links":{"self":[{"href":"https:\/\/www.hydraulic-cylinders.net\/cs\/wp-json\/wp\/v2\/product\/16778","targetHints":{"allow":["GET"]}}],"collection":[{"href":"https:\/\/www.hydraulic-cylinders.net\/cs\/wp-json\/wp\/v2\/product"}],"about":[{"href":"https:\/\/www.hydraulic-cylinders.net\/cs\/wp-json\/wp\/v2\/types\/product"}],"replies":[{"embeddable":true,"href":"https:\/\/www.hydraulic-cylinders.net\/cs\/wp-json\/wp\/v2\/comments?post=16778"}],"wp:featuredmedia":[{"embeddable":true,"href":"https:\/\/www.hydraulic-cylinders.net\/cs\/wp-json\/wp\/v2\/media\/14783"}],"wp:attachment":[{"href":"https:\/\/www.hydraulic-cylinders.net\/cs\/wp-json\/wp\/v2\/media?parent=16778"}],"wp:term":[{"taxonomy":"product_brand","embeddable":true,"href":"https:\/\/www.hydraulic-cylinders.net\/cs\/wp-json\/wp\/v2\/product_brand?post=16778"},{"taxonomy":"product_cat","embeddable":true,"href":"https:\/\/www.hydraulic-cylinders.net\/cs\/wp-json\/wp\/v2\/product_cat?post=16778"},{"taxonomy":"product_tag","embeddable":true,"href":"https:\/\/www.hydraulic-cylinders.net\/cs\/wp-json\/wp\/v2\/product_tag?post=16778"}],"curies":[{"name":"wp","href":"https:\/\/api.w.org\/{rel}","templated":true}]}}