{"id":16779,"date":"2025-01-21T05:53:46","date_gmt":"2025-01-21T05:53:46","guid":{"rendered":"https:\/\/www.hydraulic-cylinders.net\/product\/arm-cylinder-for-john-deere-e230lc\/"},"modified":"2025-01-21T05:53:47","modified_gmt":"2025-01-21T05:53:47","slug":"arm-cylinder-for-john-deere-e230lc","status":"publish","type":"product","link":"https:\/\/www.hydraulic-cylinders.net\/cs\/produkt\/arm-cylinder-for-john-deere-e230lc\/","title":{"rendered":"V\u00e1lec ramene pro John Deere E230LC"},"content":{"rendered":"<p><!--h2-->\u00davod k v\u00e1lci ramene pro John Deere E230LC<!--\/h2--><\/p>\n<p>Hydraulick\u00fd v\u00e1lec ramene pro John Deere E230LC je specializovan\u00fd hydraulick\u00fd v\u00e1lec ur\u010den\u00fd k zaji\u0161t\u011bn\u00ed line\u00e1rn\u00edho pohybu a v\u00fdkonu pro r\u016fzn\u00e9 typy stroj\u016f, jako jsou bagry, je\u0159\u00e1by a robotick\u00e1 ramena. V\u00e1lec ramene hraje kl\u00ed\u010dovou roli v hydraulick\u00fdch syst\u00e9mech, proto\u017ee umo\u017e\u0148uje efektivn\u00ed pohyb a ovl\u00e1d\u00e1n\u00ed dal\u0161\u00edho n\u00e1\u0159ad\u00ed nebo p\u0159\u00edslu\u0161enstv\u00ed. Tyto v\u00e1lce nejen umo\u017e\u0148uj\u00ed plynul\u00fd pohyb, ale tak\u00e9 odol\u00e1vaj\u00ed t\u011b\u017ek\u00fdm z\u00e1t\u011b\u017e\u00edm, \u010d\u00edm\u017e zaji\u0161\u0165uj\u00ed efektivn\u00ed provoz a spolehlivost stroje v r\u016fzn\u00fdch pracovn\u00edch podm\u00ednk\u00e1ch.<\/p>\n<p><!--h3-->Definice a vysv\u011btlen\u00ed<!--\/h3--><\/p>\n<p>V\u00e1lec ramene je typ hydraulick\u00e9ho v\u00e1lce speci\u00e1ln\u011b navr\u017een\u00e9ho pro zaji\u0161t\u011bn\u00ed line\u00e1rn\u00edho pohybu a s\u00edly ramene r\u016fzn\u00fdch typ\u016f stroj\u016f. Je nezbytn\u00fd v hydraulick\u00fdch syst\u00e9mech pro efektivn\u00ed pohyb a ovl\u00e1d\u00e1n\u00ed p\u0159ipojen\u00e9ho n\u00e1\u0159ad\u00ed nebo p\u0159\u00edslu\u0161enstv\u00ed. Tyto v\u00e1lce nab\u00edzej\u00ed plynul\u00fd pohyb a vysokou nosnost, co\u017e zaji\u0161\u0165uje \u00fa\u010dinnost a spolehlivost v r\u016fzn\u00fdch provozn\u00edch podm\u00ednk\u00e1ch. D\u00edky sv\u00e9 odolnosti a funk\u010dnosti se v\u00e1lce ramene \u0161iroce pou\u017e\u00edvaj\u00ed v odv\u011btv\u00edch, jako je stavebnictv\u00ed, v\u00fdroba, zem\u011bd\u011blstv\u00ed, t\u011b\u017eba, logistika a doprava.<\/p>\n<p><!--img--><br \/>\n<img decoding=\"async\" src=\"https:\/\/www.hydraulic-cylinders.net\/wp-content\/uploads\/2025\/01\/songte-company-2.webp\" alt=\"Obr\u00e1zek v\u00e1lce ramene\" \/><\/p>\n<p><!--h2-->Vlastnosti v\u00e1lce ramene pro John Deere E230LC<!--\/h2--><\/p>\n<p><!--h3-->1. Vysoce \u00fa\u010dinn\u00fd p\u0159enos<!--\/h3--><\/p>\n<p>V\u00e1lec ramene zaji\u0161\u0165uje siln\u00fd line\u00e1rn\u00ed pohyb a s\u00edlu, co\u017e zaji\u0161\u0165uje vysok\u00fd v\u00fdkon strojn\u00edho za\u0159\u00edzen\u00ed.<\/p>\n<p><!--h3-->2. P\u0159esn\u00e9 ovl\u00e1d\u00e1n\u00ed<!--\/h3--><\/p>\n<p>Hydraulick\u00fd syst\u00e9m umo\u017e\u0148uje p\u0159esn\u00e9 ovl\u00e1d\u00e1n\u00ed pohybu v\u00e1lce ramene, co\u017e vede k flexibiln\u00edmu a p\u0159esn\u00e9mu ovl\u00e1d\u00e1n\u00ed p\u0159ipojen\u00e9ho n\u00e1\u0159ad\u00ed.<\/p>\n<p><!--h3-->3. Siln\u00e1 odolnost<!--\/h3--><\/p>\n<p>V\u00e1lec ramene je vyroben z vysoce pevn\u00fdch materi\u00e1l\u016f, kter\u00e9 nab\u00edzej\u00ed vynikaj\u00edc\u00ed odolnost proti opot\u0159eben\u00ed a korozi pro dlouhodob\u00e9 pou\u017e\u00edv\u00e1n\u00ed v n\u00e1ro\u010dn\u00fdch podm\u00ednk\u00e1ch.<\/p>\n<p><!--h3-->4. V\u0161estrann\u00e1 p\u0159izp\u016fsobivost<!--\/h3--><\/p>\n<p>Tyto v\u00e1lce lze \u0161iroce pou\u017e\u00edvat v r\u016fzn\u00fdch stroj\u00edch, jako jsou bagry, je\u0159\u00e1by a robotick\u00e1 ramena, k spln\u011bn\u00ed r\u016fzn\u00fdch pracovn\u00edch po\u017eadavk\u016f.<\/p>\n<p><!--h3-->5. Snadn\u00e1 \u00fadr\u017eba<!--\/h3--><\/p>\n<p>Konstrukce v\u00e1lce ramene bere v \u00favahu snadnou \u00fadr\u017ebu a v\u00fdm\u011bnu, co\u017e usnad\u0148uje pravidelnou kontrolu a \u00fadr\u017ebu a zkracuje prostoje za\u0159\u00edzen\u00ed.<\/p>\n<p><!--img--><br \/>\n<img decoding=\"async\" src=\"https:\/\/www.hydraulic-cylinders.net\/wp-content\/uploads\/2025\/01\/songte-oil-pipes-and-spare-parts.webp\" alt=\"N\u00e1hradn\u00ed d\u00edly pro v\u00e1lce ramene\" \/><\/p>\n<p><!--h2-->Pou\u017eit\u00ed v\u00e1lce ramene pro John Deere E230LC<!--\/h2--><\/p>\n<p>V\u00e1lec s ramenem nach\u00e1z\u00ed rozmanit\u00e9 uplatn\u011bn\u00ed v r\u016fzn\u00fdch pr\u016fmyslov\u00fdch odv\u011btv\u00edch:<\/p>\n<p><!--h3-->1. Stavebn\u00ed in\u017een\u00fdrstv\u00ed<!--\/h3--><\/p>\n<p>U bagr\u016f a je\u0159\u00e1b\u016f ovl\u00e1d\u00e1 v\u00e1lec ramene pohyb l\u017eic nebo v\u00fdlo\u017en\u00edk\u016f pro zemn\u00ed pr\u00e1ce, manipulaci s materi\u00e1lem a mont\u00e1\u017e konstrukc\u00ed.<\/p>\n<p><!--h3-->2. Zpracovatelsk\u00fd pr\u016fmysl<!--\/h3--><\/p>\n<p>V automatizovan\u00fdch v\u00fdrobn\u00edch link\u00e1ch v\u00e1lec ramene usnad\u0148uje pohyb robotick\u00fdch ramen, co\u017e umo\u017e\u0148uje procesy, jako je mont\u00e1\u017e, sva\u0159ov\u00e1n\u00ed a manipulace s materi\u00e1lem, co\u017e vede ke zv\u00fd\u0161en\u00ed produktivity a p\u0159esnosti.<\/p>\n<p><!--h3-->3. Zem\u011bd\u011blsk\u00e9 stroje<!--\/h3--><\/p>\n<p>V zem\u011bd\u011blsk\u00fdch stroj\u00edch, jako jsou skl\u00edzec\u00ed a s\u00e1zec\u00ed stroje, \u0159\u00edd\u00ed v\u00e1lec ramene pohyb ovl\u00e1dac\u00edch ramen a prov\u00e1d\u00ed \u00fakoly, jako je s\u00e1zen\u00ed, hnojen\u00ed a sklize\u0148.<\/p>\n<p><!--h3-->4. T\u011b\u017eebn\u00ed operace<!--\/h3--><\/p>\n<p>V t\u011b\u017eebn\u00edm za\u0159\u00edzen\u00ed \u0159\u00edd\u00ed v\u00e1lec ramene pohyb ramen t\u011b\u017eebn\u00edch stroj\u016f pro t\u011b\u017ebu a p\u0159epravu rudy.<\/p>\n<p><!--h3-->5. Logistika a doprava<!--\/h3--><\/p>\n<p>U vysokozdvi\u017en\u00fdch voz\u00edk\u016f a manipula\u010dn\u00edch robot\u016f ovl\u00e1d\u00e1 v\u00e1lec ramene zved\u00e1n\u00ed a pohyb vidlic, co\u017e usnad\u0148uje manipulaci s materi\u00e1lem a jeho stohov\u00e1n\u00ed.<\/p>\n<p><!--h2-->Konstruk\u010dn\u00ed aspekty a krit\u00e9ria v\u00fdb\u011bru<!--\/h2--><\/p>\n<p>P\u0159i zva\u017eov\u00e1n\u00ed konstrukce a v\u00fdb\u011bru v\u00e1lce ramene vstupuje do hry n\u011bkolik faktor\u016f:<\/p>\n<p><!--h3-->1. Nosnost<!--\/h3--><\/p>\n<p>V\u00e1lec ramene mus\u00ed b\u00fdt schopen odolat zam\u00fd\u0161len\u00e9mu zat\u00ed\u017een\u00ed a sil\u00e1m v dan\u00e9 aplikaci.<\/p>\n<p><!--h3-->2. T\u011bsn\u011bn\u00ed<!--\/h3--><\/p>\n<p>K zaji\u0161t\u011bn\u00ed spr\u00e1vn\u00e9ho ut\u011bsn\u011bn\u00ed a zabr\u00e1n\u011bn\u00ed \u00faniku hydraulick\u00e9 kapaliny se pou\u017e\u00edvaj\u00ed r\u016fzn\u00e9 t\u011bsnic\u00ed komponenty, jako jsou t\u011bsn\u011bn\u00ed p\u00edst\u016f a t\u011bsn\u011bn\u00ed p\u00edstnic.<\/p>\n<p><!--h3-->3. Trvanlivost<!--\/h3--><\/p>\n<p>Pro konstrukci v\u00e1lce ramene jsou zvoleny materi\u00e1ly s vysokou trvanlivost\u00ed, odolnost\u00ed proti opot\u0159eben\u00ed a korozi, aby byl zaji\u0161t\u011bn dlouhodob\u00fd v\u00fdkon v n\u00e1ro\u010dn\u00fdch prost\u0159ed\u00edch.<\/p>\n<p><!--h3-->4. Bezpe\u010dnost<!--\/h3--><\/p>\n<p>Sou\u010d\u00e1st\u00ed konstrukce jsou bezpe\u010dnostn\u00ed prvky, jako jsou p\u0159etlakov\u00e9 ventily a mechanismy nouzov\u00e9ho zastaven\u00ed, kter\u00e9 zabra\u0148uj\u00ed nehod\u00e1m a zaji\u0161\u0165uj\u00ed bezpe\u010dnost obsluhy.<\/p>\n<p><!--h3-->5. Udr\u017eovatelnost<!--\/h3--><\/p>\n<p>Konstrukce v\u00e1lce ramene bere v \u00favahu snadnou \u00fadr\u017ebu a opravy, co\u017e umo\u017e\u0148uje efektivn\u00ed servis a minimalizuje prostoje.<\/p>\n<p><!--img--><br \/>\n<img decoding=\"async\" src=\"https:\/\/www.hydraulic-cylinders.net\/wp-content\/uploads\/2025\/01\/songte-cylinder-head-with-all-kinds-excavator-models.webp\" alt=\"Obr\u00e1zek hlavy v\u00e1lc\u016f\" \/><\/p>\n<p><!--h2-->T\u011bsn\u011bn\u00ed a maz\u00e1n\u00ed v\u00e1lce ramene<!--\/h2--><\/p>\n<p>V\u00e1lec ramene vyu\u017e\u00edv\u00e1 r\u016fzn\u00e1 t\u011bsn\u011bn\u00ed, jako jsou p\u00edstn\u00ed t\u011bsn\u011bn\u00ed a t\u011bsn\u011bn\u00ed p\u00edstnice, kter\u00e1 jsou vyrobena z materi\u00e1l\u016f odoln\u00fdch proti opot\u0159eben\u00ed, jako je polyuretan a nitrilov\u00e1 pry\u017e. T\u011bleso v\u00e1lce a z\u00e1vitov\u00e9 koncov\u00e9 plochy jsou jemn\u011b opracov\u00e1ny pro zv\u00fd\u0161en\u00ed odolnosti proti opot\u0159eben\u00ed. Pravideln\u00e9 maz\u00e1n\u00ed vhodn\u00fdm mno\u017estv\u00edm hydraulick\u00e9ho oleje je nezbytn\u00e9 pro zaji\u0161t\u011bn\u00ed plynul\u00e9ho provozu a dlouh\u00e9 \u017eivotnosti.<\/p>\n<p><!--h2-->Pravideln\u00e1 kontrola a preventivn\u00ed \u00fadr\u017eba<!--\/h2--><\/p>\n<p>Pro zaji\u0161t\u011bn\u00ed optim\u00e1ln\u00edho v\u00fdkonu a dlouh\u00e9 \u017eivotnosti je t\u0159eba p\u0159ijmout n\u00e1sleduj\u00edc\u00ed opat\u0159en\u00ed:<\/p>\n<p><!--h3-->1. Pravideln\u00e1 kontrola<!--\/h3--><\/p>\n<p>Pravideln\u00e9 kontroly by m\u011bly b\u00fdt prov\u00e1d\u011bny za \u00fa\u010delem zji\u0161t\u011bn\u00ed p\u0159\u00edpadn\u00fdch zn\u00e1mek opot\u0159eben\u00ed, net\u011bsnost\u00ed nebo po\u0161kozen\u00ed v\u00e1lce ramene nebo jeho sou\u010d\u00e1st\u00ed.<\/p>\n<p><!--h3-->2. Preventivn\u00ed \u00fadr\u017eba<!--\/h3--><\/p>\n<p>Aby se p\u0159ede\u0161lo potenci\u00e1ln\u00edm probl\u00e9m\u016fm a zajistil se spolehliv\u00fd provoz, m\u011bla by se prov\u00e1d\u011bt vhodn\u00e1 preventivn\u00ed \u00fadr\u017eba, jako je \u010di\u0161t\u011bn\u00ed, maz\u00e1n\u00ed a se\u0159izov\u00e1n\u00ed.<\/p>\n<p><!--h2-->Pr\u016fvodce instalac\u00ed produktu<!--\/h2--><\/p>\n<p>Spr\u00e1vn\u00e1 instalace v\u00e1lce ramene je kl\u00ed\u010dov\u00e1 pro jeho v\u00fdkon a dlouhou \u017eivotnost. Postupujte podle t\u011bchto krok\u016f:<\/p>\n<p><!--h3-->1. P\u0159\u00edprava k instalaci<!--\/h3--><\/p>\n<p>P\u0159ipravte si ve\u0161ker\u00e9 pot\u0159ebn\u00e9 n\u00e1stroje a vybaven\u00ed pro instalaci a zajist\u011bte \u010dist\u00e9 a bezpe\u010dn\u00e9 pracovn\u00ed prost\u0159ed\u00ed.<\/p>\n<p><!--h3-->2. Um\u00edst\u011bn\u00ed v\u00e1lce<!--\/h3--><\/p>\n<p>Um\u00edst\u011bte v\u00e1lec ramene na spr\u00e1vn\u00e9 m\u00edsto a zarovnejte jej s mont\u00e1\u017en\u00edmi body na stroji.<\/p>\n<p><!--h3-->3. P\u0159ipojen\u00ed hadic a armatur<!--\/h3--><\/p>\n<p>P\u0159ipojte hydraulick\u00e9 hadice a armatury k v\u00e1lci ramene a zajist\u011bte bezpe\u010dn\u00e9 a bezprobl\u00e9mov\u00e9 spojen\u00ed.<\/p>\n<p><!--h3-->4. Zaji\u0161t\u011bn\u00ed v\u00e1lce<!--\/h3--><\/p>\n<p>Bezpe\u010dn\u011b upevn\u011bte v\u00e1lec ramene ke stroji pomoc\u00ed p\u0159\u00edslu\u0161n\u00e9ho mont\u00e1\u017en\u00edho materi\u00e1lu a specifikace utahovac\u00edho momentu.<\/p>\n<p><!--img--><br \/>\n<img decoding=\"async\" src=\"https:\/\/www.hydraulic-cylinders.net\/wp-content\/uploads\/2025\/01\/songte-bushings-with-all-kinds-of-excavator-models.webp\" alt=\"Obr\u00e1zek pouzder\" \/><\/p>\n<p><!--h2-->Bezpe\u010dnostn\u00ed aspekty a faktory prost\u0159ed\u00ed<!--\/h2--><\/p>\n<p>P\u0159i pou\u017e\u00edv\u00e1n\u00ed v\u00e1lce ramene je nezbytn\u00e9 up\u0159ednostnit bezpe\u010dnostn\u00ed opat\u0159en\u00ed. Bezpe\u010dnostn\u00ed opat\u0159en\u00ed jsou kl\u00ed\u010dov\u00e1 slova, kter\u00e1 maj\u00ed z\u00e1sadn\u00ed v\u00fdznam pro prevenci nehod a zaji\u0161t\u011bn\u00ed bezpe\u010dnosti obsluhy.<\/p>\n<p><!--h2-->Odstra\u0148ov\u00e1n\u00ed probl\u00e9m\u016f a b\u011b\u017en\u00e9 probl\u00e9my<!--\/h2--><\/p>\n<p>Navzdory sv\u00e9 spolehlivosti se mohou v\u00e1lce ramen setkat s ur\u010dit\u00fdmi probl\u00e9my. Zde je n\u011bkolik b\u011b\u017en\u00fdch probl\u00e9m\u016f:<\/p>\n<p><!--h3-->1. \u00danik<!--\/h3--><\/p>\n<p>K \u00faniku m\u016f\u017ee doj\u00edt v d\u016fsledku po\u0161kozen\u00fdch t\u011bsn\u011bn\u00ed nebo armatur. Zkontrolujte a vym\u011b\u0148te v\u0161echny vadn\u00e9 sou\u010d\u00e1sti.<\/p>\n<p><!--h3-->2. Abnorm\u00e1ln\u00ed hluk<!--\/h3--><\/p>\n<p>Pokud v\u00e1lec ramene b\u011bhem provozu vyd\u00e1v\u00e1 neobvykl\u00fd zvuk, m\u016f\u017ee to znamenat opot\u0159ebovan\u00e9 sou\u010d\u00e1sti nebo nedostate\u010dn\u00e9 maz\u00e1n\u00ed. Zkontrolujte a podle toho probl\u00e9m odstra\u0148te.<\/p>\n<p><!--h3-->3. Pomal\u00fd nebo nekonzistentn\u00ed pohyb<!--\/h3--><\/p>\n<p>Nedostate\u010dn\u00fd hydraulick\u00fd tlak nebo po\u0161kozen\u00e9 vnit\u0159n\u00ed sou\u010d\u00e1sti mohou zp\u016fsobit pomal\u00fd nebo nekonzistentn\u00ed pohyb. Opravte hydraulick\u00fd syst\u00e9m nebo zkontrolujte, zda nejsou po\u0161kozen\u00e9 sou\u010d\u00e1sti.<\/p>\n<p><!--h3-->4. Zasek\u00e1v\u00e1n\u00ed v\u00e1lce<!--\/h3--><\/p>\n<p>Jamming can occur due to misalignment or foreign objects obstructing the cylinder&#8217;s movement. Clear any obstructions and ensure proper alignment.<\/p>\n<p><!--h2-->Tipy a \u0159e\u0161en\u00ed probl\u00e9m\u016f<!--\/h2--><\/p>\n<p>Pro efektivn\u00ed \u0159e\u0161en\u00ed probl\u00e9m\u016f a \u0159e\u0161en\u00ed probl\u00e9m\u016f zva\u017ete n\u00e1sleduj\u00edc\u00ed tipy:<\/p>\n<p><!--h3-->1. Diagn\u00f3za<!--\/h3--><\/p>\n<p>D\u016fkladn\u011b analyzujte p\u0159\u00edznaky a prove\u010fte systematickou diagnostiku, abyste zjistili hlavn\u00ed p\u0159\u00ed\u010dinu probl\u00e9mu.<\/p>\n<p><!--h\n<\/p>","protected":false},"excerpt":{"rendered":"<p>Introduction to Arm Cylinder For John Deere E230LC The Arm Cylinder For John Deere E230LC is a specialized hydraulic cylinder designed to provide linear motion and power for various types of machinery, such as excavators, cranes, and robotic arms. The arm cylinder plays a crucial role in hydraulic systems, allowing for efficient movement and control [&hellip;]<\/p>","protected":false},"featured_media":14779,"comment_status":"open","ping_status":"closed","template":"","meta":{"_et_pb_use_builder":"","_et_pb_old_content":"","_et_gb_content_width":""},"product_brand":[],"product_cat":[1497],"product_tag":[1498,1496],"class_list":{"0":"post-16779","1":"product","2":"type-product","3":"status-publish","4":"has-post-thumbnail","6":"product_cat-arm-cylinders","7":"product_tag-arm-cylinders","8":"product_tag-hydraulic-cylinders","10":"first","11":"instock","12":"shipping-taxable","13":"product-type-simple"},"amp_enabled":true,"_links":{"self":[{"href":"https:\/\/www.hydraulic-cylinders.net\/cs\/wp-json\/wp\/v2\/product\/16779","targetHints":{"allow":["GET"]}}],"collection":[{"href":"https:\/\/www.hydraulic-cylinders.net\/cs\/wp-json\/wp\/v2\/product"}],"about":[{"href":"https:\/\/www.hydraulic-cylinders.net\/cs\/wp-json\/wp\/v2\/types\/product"}],"replies":[{"embeddable":true,"href":"https:\/\/www.hydraulic-cylinders.net\/cs\/wp-json\/wp\/v2\/comments?post=16779"}],"wp:featuredmedia":[{"embeddable":true,"href":"https:\/\/www.hydraulic-cylinders.net\/cs\/wp-json\/wp\/v2\/media\/14779"}],"wp:attachment":[{"href":"https:\/\/www.hydraulic-cylinders.net\/cs\/wp-json\/wp\/v2\/media?parent=16779"}],"wp:term":[{"taxonomy":"product_brand","embeddable":true,"href":"https:\/\/www.hydraulic-cylinders.net\/cs\/wp-json\/wp\/v2\/product_brand?post=16779"},{"taxonomy":"product_cat","embeddable":true,"href":"https:\/\/www.hydraulic-cylinders.net\/cs\/wp-json\/wp\/v2\/product_cat?post=16779"},{"taxonomy":"product_tag","embeddable":true,"href":"https:\/\/www.hydraulic-cylinders.net\/cs\/wp-json\/wp\/v2\/product_tag?post=16779"}],"curies":[{"name":"wp","href":"https:\/\/api.w.org\/{rel}","templated":true}]}}