{"id":16783,"date":"2025-01-21T05:54:03","date_gmt":"2025-01-21T05:54:03","guid":{"rendered":"https:\/\/www.hydraulic-cylinders.net\/product\/arm-cylinder-for-yuchai-yc18sr\/"},"modified":"2025-01-21T05:54:04","modified_gmt":"2025-01-21T05:54:04","slug":"arm-cylinder-for-yuchai-yc18sr","status":"publish","type":"product","link":"https:\/\/www.hydraulic-cylinders.net\/cs\/produkt\/arm-cylinder-for-yuchai-yc18sr\/","title":{"rendered":"V\u00e1lec ramene pro Yuchai YC18SR"},"content":{"rendered":"<p>V\u00e1lec ramene pro Yuchai YC18SR \u2013 hydraulick\u00fd v\u00e1lec pro line\u00e1rn\u00ed pohyb a s\u00edlu<\/p>\n<p>Hydraulick\u00e9 v\u00e1lce, zn\u00e1m\u00e9 tak\u00e9 jako v\u00e1lce ramen, jsou speci\u00e1ln\u011b navr\u017een\u00e9 v\u00e1lce pou\u017e\u00edvan\u00e9 k zaji\u0161t\u011bn\u00ed line\u00e1rn\u00edho pohybu a v\u00fdkonu r\u016fzn\u00fdch typ\u016f ramen stroj\u016f, jako jsou bagry, je\u0159\u00e1by a mechanick\u00e1 ramena. Hraj\u00ed kl\u00ed\u010dovou roli v hydraulick\u00e9m syst\u00e9mu, proto\u017ee umo\u017e\u0148uj\u00ed efektivn\u00ed pohyb a ovl\u00e1d\u00e1n\u00ed p\u0159\u00edslu\u0161enstv\u00ed. Tyto v\u00e1lce nejen\u017ee zaji\u0161\u0165uj\u00ed plynul\u00fd pohyb, ale tak\u00e9 odol\u00e1vaj\u00ed t\u011b\u017ek\u00fdm z\u00e1t\u011b\u017e\u00edm, \u010d\u00edm\u017e zaji\u0161\u0165uj\u00ed efektivn\u00ed provoz a spolehlivost stroj\u016f za r\u016fzn\u00fdch pracovn\u00edch podm\u00ednek.<\/p>\n<p>Definice a vysv\u011btlen\u00ed<\/p>\n<p>V\u00e1lce ramen jsou z\u00e1kladn\u00ed sou\u010d\u00e1st\u00ed hydraulick\u00e9ho syst\u00e9mu pou\u017e\u00edvan\u00e9ho v r\u016fzn\u00fdch typech stroj\u016f. Poskytuj\u00ed pot\u0159ebnou s\u00edlu pro line\u00e1rn\u00ed pohyb a v\u00fdkon, co\u017e umo\u017e\u0148uje plynul\u00fd a efektivn\u00ed provoz ramen stroj\u016f. Jsou vyrobeny z vysoce pevn\u00fdch materi\u00e1l\u016f, d\u00edky \u010demu\u017e jsou odoln\u00e9 a schopn\u00e9 odolat n\u00e1ro\u010dn\u00fdm podm\u00ednk\u00e1m.<\/p>\n<p>V\u00e1lce ramen jsou nav\u00edc navr\u017eeny tak, aby se snadno udr\u017eovaly a vym\u011b\u0148ovaly, co\u017e usnad\u0148uje pravideln\u00e9 kontroly a \u00fadr\u017ebu a zkracuje prostoje za\u0159\u00edzen\u00ed. V\u00e1lce se \u0161iroce pou\u017e\u00edvaj\u00ed v r\u016fzn\u00fdch odv\u011btv\u00edch, v\u010detn\u011b stavebnictv\u00ed, v\u00fdroby, zem\u011bd\u011blstv\u00ed, t\u011b\u017eby a logistiky a dopravy.<\/p>\n<p><img decoding=\"async\" src=\"https:\/\/www.hydraulic-cylinders.net\/wp-content\/uploads\/2025\/01\/songte-company-2.webp\" alt=\"V\u00e1lec ramene pro Yuchai YC18SR\" style=\"max-width:100%; height:auto;\" \/><\/p>\n<p>Vlastnosti v\u00e1lc\u016f ramene<\/p>\n<p>V\u00e1lce ramen se dod\u00e1vaj\u00ed s n\u011bkolika vlastnostmi, d\u00edky nim\u017e jsou obl\u00edbenou volbou v\u00fdrobc\u016f stroj\u016f. Mezi kl\u00ed\u010dov\u00e9 vlastnosti v\u00e1lc\u016f ramen pat\u0159\u00ed:<\/p>\n<p>1. Vysoce v\u00fdkonn\u00fd p\u0159evod: V\u00e1lce ramen zaji\u0161\u0165uj\u00ed siln\u00fd line\u00e1rn\u00ed pohyb a s\u00edlu, co\u017e zaji\u0161\u0165uje vysokou \u00fa\u010dinnost ramen stroje b\u011bhem r\u016fzn\u00fdch operac\u00ed.<\/p>\n<p>2. P\u0159esn\u00e9 ovl\u00e1d\u00e1n\u00ed: Prost\u0159ednictv\u00edm hydraulick\u00e9ho syst\u00e9mu mohou v\u00e1lce ramen dos\u00e1hnout p\u0159esn\u00e9ho ovl\u00e1d\u00e1n\u00ed pohybu, \u010d\u00edm\u017e se ovl\u00e1d\u00e1n\u00ed p\u0159\u00edslu\u0161enstv\u00ed stane flexibiln\u011bj\u0161\u00edm a p\u0159esn\u011bj\u0161\u00edm.<\/p>\n<p>3. Vysok\u00e1 odolnost: V\u00e1lce ramen jsou vyrobeny z vysoce pevn\u00fdch materi\u00e1l\u016f, d\u00edky \u010demu\u017e jsou vysoce odoln\u00e9 v\u016f\u010di opot\u0159eben\u00ed a korozi. Jsou vhodn\u00e9 pro dlouhodob\u00e9 pou\u017e\u00edv\u00e1n\u00ed v n\u00e1ro\u010dn\u00fdch podm\u00ednk\u00e1ch.<\/p>\n<p>4. Multifunk\u010dn\u00ed p\u0159izp\u016fsobivost: Tyto v\u00e1lce lze pou\u017e\u00edt v r\u016fzn\u00fdch typech stroj\u016f, jako jsou bagry, je\u0159\u00e1by a mechanick\u00e1 ramena, aby spl\u0148ovaly r\u016fzn\u00e9 provozn\u00ed pot\u0159eby.<\/p>\n<p>5. Snadn\u00e1 \u00fadr\u017eba: Konstrukce v\u00e1lc\u016f ramene zohled\u0148uje snadnou \u00fadr\u017ebu a v\u00fdm\u011bnu, co\u017e usnad\u0148uje pravideln\u00e9 kontroly a \u00fadr\u017ebu a zkracuje prostoje za\u0159\u00edzen\u00ed.<\/p>\n<p>N\u00e1\u0161 produkt<\/p>\n<p>Na\u0161e spole\u010dnost vyr\u00e1b\u00ed vysoce kvalitn\u00ed v\u00e1lce ramen, kter\u00e9 mohou nahradit p\u016fvodn\u00ed hydraulick\u00e9 v\u00e1lce. Na\u0161e produkty jsou vyr\u00e1b\u011bny s vyu\u017eit\u00edm pokro\u010dil\u00e9ho digit\u00e1ln\u00edho v\u00fdrobn\u00edho za\u0159\u00edzen\u00ed a profesion\u00e1ln\u00edch testovac\u00edch syst\u00e9m\u016f, co\u017e zaji\u0161\u0165uje optim\u00e1ln\u00ed kontrolu kvality v cel\u00e9m v\u00fdrobn\u00edm procesu. Na\u0161\u00edm c\u00edlem je poskytovat efektivn\u00ed, p\u0159esn\u00e9 a vysoce kvalitn\u00ed produkty, kter\u00e9 spl\u0148uj\u00ed rozmanit\u00e9 pot\u0159eby na\u0161ich z\u00e1kazn\u00edk\u016f.<\/p>\n<p><img decoding=\"async\" src=\"https:\/\/www.hydraulic-cylinders.net\/wp-content\/uploads\/2025\/01\/songte-oil-pipes-and-spare-parts.webp\" alt=\"V\u00e1lec ramene pro Yuchai YC18SR\" style=\"max-width:100%; height:auto;\" \/><\/p>\n<p>Aplikace ramenov\u00fdch v\u00e1lc\u016f<\/p>\n<p>V\u00e1lce s rameny se d\u00edky sv\u00e9 v\u0161estrannosti a spolehlivosti \u0161iroce pou\u017e\u00edvaj\u00ed v r\u016fzn\u00fdch pr\u016fmyslov\u00fdch odv\u011btv\u00edch. Mezi b\u011b\u017en\u00e9 aplikace v\u00e1lc\u016f s rameny pat\u0159\u00ed:<\/p>\n<p>1. Konstrukce: V\u00e1lce ramen se pou\u017e\u00edvaj\u00ed v bagrech a je\u0159\u00e1bech k ovl\u00e1d\u00e1n\u00ed pohybu l\u017e\u00edc nebo v\u00fdlo\u017en\u00edk\u016f b\u011bhem zemn\u00edch prac\u00ed, manipulace s materi\u00e1lem a instalace konstrukc\u00ed.<\/p>\n<p>2. V\u00fdroba: V\u00e1lce ramen se pou\u017e\u00edvaj\u00ed v automatizovan\u00fdch v\u00fdrobn\u00edch link\u00e1ch k \u0159\u00edzen\u00ed pohybu mechanick\u00fdch ramen b\u011bhem mont\u00e1\u017en\u00edch, sva\u0159ovac\u00edch a manipula\u010dn\u00edch proces\u016f, \u010d\u00edm\u017e se zlep\u0161uje efektivita a p\u0159esnost v\u00fdroby.<\/p>\n<p>3. Zem\u011bd\u011blsk\u00e9 stroje: V\u00e1lce ramen \u0159\u00edd\u00ed pohyb ovl\u00e1dac\u00edho ramene v zem\u011bd\u011blsk\u00fdch stroj\u00edch, jako jsou skl\u00edzec\u00ed a sec\u00ed stroje, a prov\u00e1d\u011bj\u00ed \u00fakoly, jako je s\u00e1zen\u00ed, hnojen\u00ed a sklize\u0148.<\/p>\n<p>4. T\u011b\u017eba: V\u00e1lce ramen se pou\u017e\u00edvaj\u00ed k ovl\u00e1d\u00e1n\u00ed pohybu ramen t\u011b\u017eebn\u00edho za\u0159\u00edzen\u00ed, co\u017e umo\u017e\u0148uje t\u011b\u017ebu a p\u0159epravu nerost\u016f.<\/p>\n<p>5. Logistika a doprava: V\u00e1lce ramen \u0159\u00edd\u00ed pohyb vysokozdvi\u017en\u00fdch voz\u00edk\u016f a manipula\u010dn\u00edch robot\u016f, co\u017e umo\u017e\u0148uje pohyb a stohov\u00e1n\u00ed materi\u00e1l\u016f.<\/p>\n<p>Konstruk\u010dn\u00ed aspekty a krit\u00e9ria v\u00fdb\u011bru<\/p>\n<p>P\u0159i v\u00fdb\u011bru v\u00e1lce s ramenem je t\u0159eba vz\u00edt v \u00favahu n\u011bkolik konstruk\u010dn\u00edch aspekt\u016f a v\u00fdb\u011brov\u00fdch krit\u00e9ri\u00ed. Mezi d\u016fle\u017eit\u00e9 faktory, kter\u00e9 je t\u0159eba zv\u00e1\u017eit, pat\u0159\u00ed:<\/p>\n<p>1. Nosnost: V\u00e1lec ramene by m\u011bl b\u00fdt schopen un\u00e9st zat\u00ed\u017een\u00ed, kter\u00e9 je na n\u011bj b\u011bhem provozu p\u016fsob\u00ed.<\/p>\n<p>2. T\u011bsnic\u00ed v\u00fdkon: V\u00e1lec ramene by m\u011bl b\u00fdt vybaven vysoce kvalitn\u00edmi t\u011bsnic\u00edmi d\u00edly, jako jsou t\u011bsn\u011bn\u00ed p\u00edstu a t\u011bsn\u011bn\u00ed p\u00edstnice, aby se zabr\u00e1nilo \u00faniku oleje a kontaminaci.<\/p>\n<p>3. Trvanlivost: V\u00e1lec ramene by m\u011bl b\u00fdt vyroben z vysoce pevn\u00fdch materi\u00e1l\u016f, jako je legovan\u00e1 ocel nebo nerezov\u00e1 ocel, aby odolal n\u00e1ro\u010dn\u00e9mu prost\u0159ed\u00ed a opot\u0159eben\u00ed.<\/p>\n<p>4. Bezpe\u010dnost: V\u00e1lec ramene by m\u011bl b\u00fdt navr\u017een s bezpe\u010dnostn\u00edmi prvky, aby se zabr\u00e1nilo nehod\u00e1m a zajistil bezpe\u010dn\u00fd provoz.<\/p>\n<p>5. \u00dadr\u017eba: V\u00e1lec ramene by m\u011bl b\u00fdt snadno udr\u017eovateln\u00fd a vym\u011bniteln\u00fd, co\u017e by sni\u017eovalo prostoje za\u0159\u00edzen\u00ed a n\u00e1klady na \u00fadr\u017ebu.<\/p>\n<p><img decoding=\"async\" src=\"https:\/\/www.hydraulic-cylinders.net\/wp-content\/uploads\/2025\/01\/songte-cylinder-head-with-all-kinds-excavator-models.webp\" alt=\"V\u00e1lec ramene pro Yuchai YC18SR\" style=\"max-width:100%; height:auto;\" \/><\/p>\n<p>T\u011bsn\u011bn\u00ed a maz\u00e1n\u00ed<\/p>\n<p>Pro zaji\u0161t\u011bn\u00ed optim\u00e1ln\u00edho v\u00fdkonu a dlouh\u00e9 \u017eivotnosti v\u00e1lc\u016f ramen je nezbytn\u00e9 spr\u00e1vn\u00e9 ut\u011bsn\u011bn\u00ed a maz\u00e1n\u00ed. Pou\u017eit\u00ed vysoce kvalitn\u00edch t\u011bsnic\u00edch d\u00edl\u016f, jako jsou t\u011bsn\u011bn\u00ed p\u00edst\u016f a p\u00edstnic, zabra\u0148uje \u00fanik\u016fm a kontaminaci. Hlava v\u00e1lc\u016f, p\u00edstnice a dal\u0161\u00ed povrchy by m\u011bly b\u00fdt jemn\u011b opracov\u00e1ny, aby se zlep\u0161ila odolnost proti opot\u0159eben\u00ed. Pravideln\u00e9 maz\u00e1n\u00ed hydraulick\u00fdm olejem je tak\u00e9 nezbytn\u00e9 pro zaji\u0161t\u011bn\u00ed plynul\u00e9ho provozu a sn\u00ed\u017een\u00ed opot\u0159eben\u00ed.<\/p>\n<p>\u00dadr\u017eba a preventivn\u00ed opat\u0159en\u00ed<\/p>\n<p>Pravideln\u00e1 \u00fadr\u017eba a kontroly jsou nezbytn\u00e9 pro udr\u017een\u00ed optim\u00e1ln\u00edho v\u00fdkonu a \u017eivotnosti v\u00e1lc\u016f ramen. Mezi opat\u0159en\u00ed \u00fadr\u017eby, kter\u00e1 lze p\u0159ijmout, pat\u0159\u00ed:<\/p>\n<p>1. Pravideln\u011b kontrolujte hydraulick\u00fd syst\u00e9m, zda nedoch\u00e1z\u00ed k \u00fanik\u016fm nebo po\u0161kozen\u00ed.<\/p>\n<p>2. V\u00fdm\u011bna po\u0161kozen\u00fdch nebo opot\u0159ebovan\u00fdch t\u011bsn\u011bn\u00ed a dal\u0161\u00edch d\u00edl\u016f.<\/p>\n<p>3. \u010ci\u0161t\u011bn\u00ed a maz\u00e1n\u00ed povrch\u016f v\u00e1lc\u016f.<\/p>\n<p>4. Pravideln\u00e1 v\u00fdm\u011bna hydraulick\u00e9ho oleje.<\/p>\n<p>Aby se p\u0159ede\u0161lo potenci\u00e1ln\u00edm probl\u00e9m\u016fm, lze p\u0159ijmout n\u011bkter\u00e1 preventivn\u00ed opat\u0159en\u00ed, mezi kter\u00e1 pat\u0159\u00ed:<\/p>\n<p>1. Prov\u00e1d\u011bn\u00ed pravideln\u00fdch kontrol a \u00fadr\u017eby.<\/p>\n<p>2. Dodr\u017eov\u00e1n\u00ed pokyn\u016f v\u00fdrobce pro instalaci a provoz.<\/p>\n<p>3. Proveden\u00ed test\u016f po instalaci pro zaji\u0161t\u011bn\u00ed spr\u00e1vn\u00e9ho provozu.<\/p>\n<p>4. Pou\u017eit\u00ed v\u00e1lce v r\u00e1mci jeho navr\u017een\u00e9 nosnosti.<\/p>\n<p><img decoding=\"async\" src=\"https:\/\/www.hydraulic-cylinders.net\/wp-content\/uploads\/2025\/01\/songte-chushion-collar.webp\" alt=\"V\u00e1lec ramene pro Yuchai YC18SR\" style=\"max-width:100%; height:auto;\" \/><\/p>\n<p>Instala\u010dn\u00ed p\u0159\u00edru\u010dka<\/p>\n<p>P\u0159i instalaci v\u00e1lce ramene je t\u0159eba prov\u00e9st n\u00e1sleduj\u00edc\u00ed kroky:<\/p>\n<p>1. Namontujte v\u00e1lec na rameno stroje a zarovnejte mont\u00e1\u017en\u00ed otvory.<\/p>\n<p>2. Vlo\u017ete p\u00edstn\u00ed ty\u010d do v\u00e1lce a ujist\u011bte se, \u017ee je spr\u00e1vn\u011b vyrovn\u00e1na a m\u00e1 spr\u00e1vnou v\u016fli.<\/p>\n<p>3. Ut\u00e1hn\u011bte mont\u00e1\u017en\u00ed \u0161rouby a matice doporu\u010den\u00fdm utahovac\u00edm momentem.<\/p>\n<p>4. P\u0159ipojte hydraulick\u00e9 hadice k v\u00e1lci.<\/p>\n<p>5. Napl\u0148te hydraulick\u00fd syst\u00e9m doporu\u010den\u00fdm hydraulick\u00fdm olejem.<\/p>\n<p>Bezpe\u010dnostn\u00ed aspekty a faktory prost\u0159ed\u00ed<\/p>\n<p>P\u0159i pou\u017e\u00edv\u00e1n\u00ed v\u00e1lc\u016f s ramenem je t\u0159eba db\u00e1t na bezpe\u010dnostn\u00ed aspekty. Strojn\u00ed za\u0159\u00edzen\u00ed by m\u011bl obsluhovat vy\u0161kolen\u00fd person\u00e1l a v\u00e1lec by m\u011bl b\u00fdt instalov\u00e1n a udr\u017eov\u00e1n podle pokyn\u016f v\u00fdrobce. Aby se zabr\u00e1nilo nehod\u00e1m, m\u011bla by b\u00fdt zavedena vhodn\u00e1 bezpe\u010dnostn\u00ed opat\u0159en\u00ed, jako jsou bezpe\u010dnostn\u00ed kryty a v\u00fdstra\u017en\u00e9 zna\u010dky.<\/p>\n<p>Faktory prost\u0159ed\u00ed, jako je teplota a vlhkost, mohou tak\u00e9 ovlivnit v\u00fdkon v\u00e1lc\u016f ramene. V\u00e1lec by m\u011bl b\u00fdt provozov\u00e1n v doporu\u010den\u00e9m teplotn\u00edm rozsahu a chr\u00e1n\u011bn p\u0159ed extr\u00e9mn\u00edmi pov\u011btrnostn\u00edmi podm\u00ednkami.<\/p>\n<p>Diagnostika poruch a b\u011b\u017en\u00e9 probl\u00e9my<\/p>\n<p>Mezi b\u011b\u017en\u00e9 probl\u00e9my, kter\u00e9 se mohou vyskytnout u v\u00e1lc\u016f ramen, pat\u0159\u00ed \u00faniky oleje, po\u0161kozen\u00e1 t\u011bsn\u011bn\u00ed a opot\u0159ebovan\u00e9 d\u00edly. Pro diagnostiku a \u0159e\u0161en\u00ed t\u011bchto probl\u00e9m\u016f lze podniknout n\u00e1sleduj\u00edc\u00ed kroky:<\/p>\n<p>1. Zkontrolujte hydraulick\u00fd syst\u00e9m, zda nedoch\u00e1z\u00ed k \u00fanik\u016fm nebo po\u0161kozen\u00ed.<\/p>\n<p>2. Zkontrolujte povrchy v\u00e1lc\u016f, zda nejsou opot\u0159ebovan\u00e9 nebo po\u0161kozen\u00e9.<\/p>\n<p>3. Vym\u011b\u0148te po\u0161kozen\u00e9 nebo opot\u0159ebovan\u00e9 d\u00edly, jako jsou t\u011bsn\u011bn\u00ed nebo p\u00edstn\u00ed ty\u010de.<\/p>\n<p>4. Pravideln\u011b promaz\u00e1vejte povrchy v\u00e1lc\u016f.<\/p>\n<p>Preventivn\u00ed opat\u0159en\u00ed, jako jsou pravideln\u00e9 kontroly a \u00fadr\u017eba, mohou pomoci sn\u00ed\u017eit v\u00fdskyt probl\u00e9m\u016f a zajistit optim\u00e1ln\u00ed v\u00fdkon.<\/p>\n<p>Na\u0161e spole\u010dnost<\/p>\n<p>Jsme profesion\u00e1ln\u00ed v\u00fdrobce hydraulick\u00fdch v\u00e1lc\u016f, kter\u00fd nab\u00edz\u00ed \u0161irokou \u0161k\u00e1lu produkt\u016f a slu\u017eeb. Na\u0161e produkty jsou vyr\u00e1b\u011bny s vyu\u017eit\u00edm pokro\u010dil\u00fdch technologi\u00ed a spl\u0148uj\u00ed mezin\u00e1rodn\u00ed standardy. Nab\u00edz\u00edme slu\u017eby na m\u00edru, abychom splnili rozmanit\u00e9 pot\u0159eby na\u0161ich klient\u016f, a na\u0161e vybaven\u00ed je modern\u00ed a nejmodern\u011bj\u0161\u00ed. N\u00e1\u0161 poprodejn\u00ed servis je v\u00fdjime\u010dn\u00fd a zaji\u0161\u0165uje spokojenost a loajalitu z\u00e1kazn\u00edk\u016f.<\/p>\n<p><img decoding=\"async\" src=\"https:\/\/www.hydraulic-cylinders.net\/wp-content\/uploads\/2025\/01\/songte-company-4.webp\" alt=\"V\u00e1lec ramene pro Yuchai YC18SR\" style=\"max-width:100%; height:auto;\" \/><\/p>\n<p>Z\u00e1v\u011brem lze \u0159\u00edci, \u017ee v\u00e1lce ramen jsou z\u00e1kladn\u00ed sou\u010d\u00e1st\u00ed hydraulick\u00e9ho syst\u00e9mu pou\u017e\u00edvan\u00e9ho v r\u016fzn\u00fdch typech stroj\u016f. Poskytuj\u00ed pot\u0159ebnou s\u00edlu pro line\u00e1rn\u00ed pohyb a v\u00fdkon, co\u017e umo\u017e\u0148uje plynul\u00fd a efektivn\u00ed provoz ramen stroj\u016f. Pro optim\u00e1ln\u00ed v\u00fdkon a dlouhou \u017eivotnost jsou nezbytn\u00e9 spr\u00e1vn\u00e9 instalace, \u00fadr\u017eba a bezpe\u010dnostn\u00ed aspekty. Na\u0161e spole\u010dnost vyr\u00e1b\u00ed vysoce kvalitn\u00ed v\u00e1lce ramen, kter\u00e9 mohou nahradit p\u016fvodn\u00ed hydraulick\u00e9 v\u00e1lce, a nab\u00edz\u00edme slu\u017eby na m\u00edru, abychom splnili rozmanit\u00e9 pot\u0159eby na\u0161ich klient\u016f.<\/p>","protected":false},"excerpt":{"rendered":"<p>Arm Cylinder For Yuchai YC18SR \u2013 A Hydraulic Cylinder for Linear Motion and Power Arm cylinders, also known as hydraulic cylinders, are specially designed cylinders used for providing linear motion and power to various types of machinery arms, such as excavators, cranes, and mechanical arms. They play a crucial role in the hydraulic system, enabling [&hellip;]<\/p>","protected":false},"featured_media":14770,"comment_status":"open","ping_status":"closed","template":"","meta":{"_et_pb_use_builder":"","_et_pb_old_content":"","_et_gb_content_width":""},"product_brand":[],"product_cat":[1497],"product_tag":[1498,1496],"class_list":{"0":"post-16783","1":"product","2":"type-product","3":"status-publish","4":"has-post-thumbnail","6":"product_cat-arm-cylinders","7":"product_tag-arm-cylinders","8":"product_tag-hydraulic-cylinders","10":"first","11":"instock","12":"shipping-taxable","13":"product-type-simple"},"amp_enabled":true,"_links":{"self":[{"href":"https:\/\/www.hydraulic-cylinders.net\/cs\/wp-json\/wp\/v2\/product\/16783","targetHints":{"allow":["GET"]}}],"collection":[{"href":"https:\/\/www.hydraulic-cylinders.net\/cs\/wp-json\/wp\/v2\/product"}],"about":[{"href":"https:\/\/www.hydraulic-cylinders.net\/cs\/wp-json\/wp\/v2\/types\/product"}],"replies":[{"embeddable":true,"href":"https:\/\/www.hydraulic-cylinders.net\/cs\/wp-json\/wp\/v2\/comments?post=16783"}],"wp:featuredmedia":[{"embeddable":true,"href":"https:\/\/www.hydraulic-cylinders.net\/cs\/wp-json\/wp\/v2\/media\/14770"}],"wp:attachment":[{"href":"https:\/\/www.hydraulic-cylinders.net\/cs\/wp-json\/wp\/v2\/media?parent=16783"}],"wp:term":[{"taxonomy":"product_brand","embeddable":true,"href":"https:\/\/www.hydraulic-cylinders.net\/cs\/wp-json\/wp\/v2\/product_brand?post=16783"},{"taxonomy":"product_cat","embeddable":true,"href":"https:\/\/www.hydraulic-cylinders.net\/cs\/wp-json\/wp\/v2\/product_cat?post=16783"},{"taxonomy":"product_tag","embeddable":true,"href":"https:\/\/www.hydraulic-cylinders.net\/cs\/wp-json\/wp\/v2\/product_tag?post=16783"}],"curies":[{"name":"wp","href":"https:\/\/api.w.org\/{rel}","templated":true}]}}