{"id":16788,"date":"2025-01-21T05:54:26","date_gmt":"2025-01-21T05:54:26","guid":{"rendered":"https:\/\/www.hydraulic-cylinders.net\/product\/arm-cylinder-for-yuchai-yc210lc-8\/"},"modified":"2025-01-21T05:54:27","modified_gmt":"2025-01-21T05:54:27","slug":"arm-cylinder-for-yuchai-yc210lc-8","status":"publish","type":"product","link":"https:\/\/www.hydraulic-cylinders.net\/cs\/produkt\/arm-cylinder-for-yuchai-yc210lc-8\/","title":{"rendered":"V\u00e1lec ramene pro Yuchai YC210LC-8"},"content":{"rendered":"<h2>Hydraulick\u00fd v\u00e1lec ramene pro Yuchai YC210LC-8: Hydraulick\u00fd v\u00e1lec pro efektivn\u00ed stroje<\/h2>\n<p>Hydraulick\u00fd v\u00e1lec pro Yuchai YC210LC-8 je specializovan\u00fd hydraulick\u00fd v\u00e1lec ur\u010den\u00fd k zaji\u0161t\u011bn\u00ed line\u00e1rn\u00edho pohybu a v\u00fdkonu ramen r\u016fzn\u00fdch typ\u016f stroj\u016f, jako jsou bagry, je\u0159\u00e1by a mechanick\u00e1 ramena. Tento v\u00e1lec hraje kl\u00ed\u010dovou roli v hydraulick\u00fdch syst\u00e9mech, proto\u017ee umo\u017e\u0148uje efektivn\u00ed pohyb a ovl\u00e1d\u00e1n\u00ed p\u0159\u00eddavn\u00e9ho n\u00e1\u0159ad\u00ed nebo p\u0159\u00edslu\u0161enstv\u00ed. Nejen\u017ee umo\u017e\u0148uje plynul\u00fd pohyb, ale tak\u00e9 odol\u00e1v\u00e1 velk\u00e9mu zat\u00ed\u017een\u00ed, co\u017e zaji\u0161\u0165uje efektivn\u00ed provoz a spolehlivost v r\u016fzn\u00fdch pracovn\u00edch podm\u00ednk\u00e1ch.<\/p>\n<h3>Definice a vysv\u011btlen\u00ed<\/h3>\n<p>V\u00e1lec ramene, zn\u00e1m\u00fd tak\u00e9 jako hydraulick\u00fd v\u00e1lec ramene, je typ hydraulick\u00e9ho aktu\u00e1toru, kter\u00fd p\u0159em\u011b\u0148uje s\u00edlu kapaliny na line\u00e1rn\u00ed s\u00edlu a pohyb. Skl\u00e1d\u00e1 se z v\u00e1lce, p\u00edstu a ty\u010de, kter\u00e9 spole\u010dn\u011b vytv\u00e1\u0159ej\u00ed pot\u0159ebnou s\u00edlu pro pohyb ramene. V\u00e1lec obsahuje hydraulickou kapalinu pod tlakem, zat\u00edmco p\u00edst a ty\u010d p\u0159en\u00e1\u0161ej\u00ed s\u00edlu na rameno. \u0158\u00edzen\u00edm toku hydraulick\u00e9 kapaliny se v\u00e1lec ramene m\u016f\u017ee vysouvat nebo zasouvat, co\u017e umo\u017e\u0148uje p\u0159esn\u00e9 ovl\u00e1d\u00e1n\u00ed pohybu ramene.<\/p>\n<p>D\u00edky schopnosti odol\u00e1vat t\u011b\u017ek\u00fdm n\u00e1klad\u016fm a konstrukci, kter\u00e1 zaji\u0161\u0165uje plynul\u00fd a p\u0159esn\u00fd pohyb, je v\u00e1lec ramene nezbytnou sou\u010d\u00e1st\u00ed v r\u016fzn\u00fdch pr\u016fmyslov\u00fdch odv\u011btv\u00edch. Jeho schopnost poskytovat siln\u00fd line\u00e1rn\u00ed pohyb a ovl\u00e1d\u00e1n\u00ed ho \u010din\u00ed nepostradateln\u00fdm v aplikac\u00edch, jako je v\u00fdkop, zved\u00e1n\u00ed a manipulace s materi\u00e1lem. A\u0165 u\u017e se jedn\u00e1 o kop\u00e1n\u00ed v\u00fdkop\u016f, p\u0159emis\u0165ov\u00e1n\u00ed t\u011b\u017ek\u00fdch p\u0159edm\u011bt\u016f nebo manipulaci s n\u00e1stroji, v\u00e1lec ramene hraje z\u00e1sadn\u00ed roli ve zvy\u0161ov\u00e1n\u00ed produktivity a efektivity.<\/p>\n<p><img decoding=\"async\" src=\"https:\/\/www.hydraulic-cylinders.net\/wp-content\/uploads\/2025\/01\/songte-company-2.webp\" alt=\"V\u00e1lec ramene\" \/><\/p>\n<h2>Vlastnosti v\u00e1lce ramene pro Yuchai YC210LC-8<\/h2>\n<ul>\n<li>\n<h3>Vysoce \u00fa\u010dinn\u00fd p\u0159enos<\/h3>\n<p>V\u00e1lec ramene zaji\u0161\u0165uje siln\u00fd line\u00e1rn\u00ed pohyb a s\u00edlu, co\u017e zaji\u0161\u0165uje vysok\u00fd v\u00fdkon ramene stroje.<\/p>\n<\/li>\n<li>\n<h3>P\u0159esn\u00e9 ovl\u00e1d\u00e1n\u00ed<\/h3>\n<p>D\u00edky hydraulick\u00e9mu syst\u00e9mu umo\u017e\u0148uje v\u00e1lec ramene p\u0159esn\u00e9 ovl\u00e1d\u00e1n\u00ed pohybu, co\u017e zvy\u0161uje flexibilitu a p\u0159esnost operac\u00ed s p\u0159ipojen\u00fdm n\u00e1\u0159ad\u00edm.<\/p>\n<\/li>\n<li>\n<h3>Trvanlivost<\/h3>\n<p>V\u00e1lce ramen jsou obvykle vyrobeny z vysoce pevn\u00fdch materi\u00e1l\u016f, kter\u00e9 nab\u00edzej\u00ed vynikaj\u00edc\u00ed odolnost proti opot\u0159eben\u00ed a korozi, d\u00edky \u010demu\u017e jsou vhodn\u00e9 pro dlouhodob\u00e9 pou\u017e\u00edv\u00e1n\u00ed v n\u00e1ro\u010dn\u00fdch podm\u00ednk\u00e1ch.<\/p>\n<\/li>\n<li>\n<h3>V\u0161estrann\u00e1 p\u0159izp\u016fsobivost<\/h3>\n<p>Tyto v\u00e1lce lze \u0161iroce pou\u017e\u00edt v r\u016fzn\u00fdch strojn\u00edch za\u0159\u00edzen\u00edch, jako jsou bagry, je\u0159\u00e1by a mechanick\u00e1 ramena, a vyhov\u011bt tak r\u016fzn\u00fdm po\u017eadavk\u016fm na pr\u00e1ci.<\/p>\n<\/li>\n<li>\n<h3>Snadn\u00e1 \u00fadr\u017eba<\/h3>\n<p>V\u00e1lec ramene je navr\u017een s ohledem na snadnou \u00fadr\u017ebu a v\u00fdm\u011bnu a usnad\u0148uje pravideln\u00e9 kontroly a \u00fadr\u017ebu, \u010d\u00edm\u017e minimalizuje prostoje za\u0159\u00edzen\u00ed.<\/p>\n<\/li>\n<\/ul>\n<p><img decoding=\"async\" src=\"https:\/\/www.hydraulic-cylinders.net\/wp-content\/uploads\/2025\/01\/songte-oil-pipes-and-spare-parts.webp\" alt=\"N\u00e1hradn\u00ed d\u00edly pro v\u00e1lce ramene\" \/><\/p>\n<h2>Aplikace ramenov\u00e9ho v\u00e1lce<\/h2>\n<p>V\u00e1lec s ramenem nach\u00e1z\u00ed \u0161irok\u00e9 uplatn\u011bn\u00ed v r\u016fzn\u00fdch pr\u016fmyslov\u00fdch odv\u011btv\u00edch a aplikac\u00edch:<\/p>\n<ul>\n<li>\n<h3>Stavebn\u00ed in\u017een\u00fdrstv\u00ed<\/h3>\n<p>U bagr\u016f a je\u0159\u00e1b\u016f ovl\u00e1d\u00e1 v\u00e1lec ramene pohyb l\u017eic nebo ramen v\u00fdlo\u017en\u00edku pro zemn\u00ed pr\u00e1ce, manipulaci s materi\u00e1lem a mont\u00e1\u017e konstrukc\u00ed.<\/p>\n<\/li>\n<li>\n<h3>V\u00fdrobn\u00ed<\/h3>\n<p>V automatizovan\u00fdch v\u00fdrobn\u00edch link\u00e1ch usnad\u0148uje v\u00e1lec ramene pohyb mechanick\u00fdch ramen pro mont\u00e1\u017e, sva\u0159ov\u00e1n\u00ed a manipulaci s materi\u00e1lem, \u010d\u00edm\u017e zvy\u0161uje efektivitu a p\u0159esnost v\u00fdroby.<\/p>\n<\/li>\n<li>\n<h3>Zem\u011bd\u011blsk\u00e9 stroje<\/h3>\n<p>V zem\u011bd\u011blsk\u00fdch stroj\u00edch, jako jsou skl\u00edzec\u00ed a sec\u00ed stroje, \u0159\u00edd\u00ed v\u00e1lec ramene pohyb ovl\u00e1dac\u00edch ramen pro \u00fakoly, jako je set\u00ed, hnojen\u00ed a sklize\u0148.<\/p>\n<\/li>\n<li>\n<h3>Hornictv\u00ed<\/h3>\n<p>V t\u011b\u017eebn\u00edm za\u0159\u00edzen\u00ed \u0159\u00edd\u00ed v\u00e1lec ramene pohyb ramene t\u011b\u017eebn\u00edho stroje, co\u017e umo\u017e\u0148uje t\u011b\u017ebu a p\u0159epravu rudy.<\/p>\n<\/li>\n<li>\n<h3>Logistika a doprava<\/h3>\n<p>U vysokozdvi\u017en\u00fdch voz\u00edk\u016f a manipula\u010dn\u00edch robot\u016f ovl\u00e1d\u00e1 v\u00e1lec ramene zved\u00e1n\u00ed a pohyb vidlic, co\u017e umo\u017e\u0148uje manipulaci s materi\u00e1lem a jeho stohov\u00e1n\u00ed.<\/p>\n<\/li>\n<\/ul>\n<h2>Konstruk\u010dn\u00ed aspekty a krit\u00e9ria v\u00fdb\u011bru<\/h2>\n<p>P\u0159i zva\u017eov\u00e1n\u00ed konstrukce a v\u00fdb\u011bru v\u00e1lce ramene vstupuje do hry n\u011bkolik faktor\u016f:<\/p>\n<ul>\n<li>\n<h3>Nosnost<\/h3>\n<p>V\u00e1lec ramene by m\u011bl b\u00fdt schopen zvl\u00e1dnout o\u010dek\u00e1van\u00e9 zat\u00ed\u017een\u00ed a s\u00edly, se kter\u00fdmi se setk\u00e1v\u00e1me b\u011bhem provozu, a zajistit tak bezpe\u010dn\u00fd a efektivn\u00ed v\u00fdkon.<\/p>\n<\/li>\n<li>\n<h3>T\u011bsnic\u00ed schopnosti<\/h3>\n<p>Pou\u017eit\u00ed r\u016fzn\u00fdch t\u011bsnic\u00edch komponent\u016f, jako jsou t\u011bsn\u011bn\u00ed p\u00edst\u016f a p\u00edstnic, je z\u00e1sadn\u00ed pro prevenci \u00faniku kapaliny a udr\u017een\u00ed optim\u00e1ln\u00edho hydraulick\u00e9ho v\u00fdkonu. V\u00fdb\u011br materi\u00e1l\u016f odoln\u00fdch proti opot\u0159eben\u00ed, jako je polyuretan a nitrilov\u00e1 pry\u017e, zaji\u0161\u0165uje trvanlivost.<\/p>\n<\/li>\n<li>\n<h3>Trvanlivost<\/h3>\n<p>T\u011bleso v\u00e1lce a z\u00e1vitov\u00e9 koncov\u00e9 plochy proch\u00e1zej\u00ed pe\u010dliv\u00fdm zpracov\u00e1n\u00edm, aby se zv\u00fd\u0161ila odolnost proti opot\u0159eben\u00ed a prodlou\u017eila \u017eivotnost v\u00e1lce.<\/p>\n<\/li>\n<li>\n<h3>Bezpe\u010dnost<\/h3>\n<p>Konstruk\u010dn\u00ed aspekty by m\u011bly zahrnovat bezpe\u010dnostn\u00ed prvky, jako jsou p\u0159etlakov\u00e9 ventily a bezpe\u010dnostn\u00ed mechanismy, aby se zabr\u00e1nilo nehod\u00e1m a chr\u00e1nily jak stroje, tak i obsluha.<\/p>\n<\/li>\n<li>\n<h3>Udr\u017eovatelnost<\/h3>\n<p>Snadn\u00fd p\u0159\u00edstup pro \u00fadr\u017ebu a opravy, stejn\u011b jako dostupnost n\u00e1hradn\u00edch d\u00edl\u016f, jsou nezbytn\u00e9 pro minimalizaci prostoj\u016f a zaji\u0161t\u011bn\u00ed dlouh\u00e9 \u017eivotnosti v\u00e1lce ramene.<\/p>\n<\/li>\n<\/ul>\n<p><img decoding=\"async\" src=\"https:\/\/www.hydraulic-cylinders.net\/wp-content\/uploads\/2025\/01\/songte-cylinder-head-with-all-kinds-excavator-models.webp\" alt=\"Rameno hlavy v\u00e1lc\u016f\" \/><\/p>\n<h2>T\u011bsn\u011bn\u00ed a maz\u00e1n\u00ed v\u00e1lce ramene<\/h2>\n<p>V\u00e1lec ramene obsahuje r\u016fzn\u00e9 t\u011bsnic\u00ed komponenty a pro optim\u00e1ln\u00ed v\u00fdkon vy\u017eaduje spr\u00e1vn\u00e9 maz\u00e1n\u00ed:<\/p>\n<p>Kombinace t\u011bsn\u011bn\u00ed p\u00edstu, t\u011bsn\u011bn\u00ed p\u00edstnice a dal\u0161\u00edch t\u011bsnic\u00edch prvk\u016f vyroben\u00fdch z materi\u00e1l\u016f odoln\u00fdch proti opot\u0159eben\u00ed, jako je polyuretan a nitrilov\u00e1 pry\u017e, zabra\u0148uje \u00faniku kapaliny a udr\u017euje integritu hydraulick\u00e9ho syst\u00e9mu. T\u011bleso v\u00e1lce a z\u00e1vitov\u00e9 koncov\u00e9 plochy nav\u00edc proch\u00e1zej\u00ed pe\u010dliv\u00fdm zpracov\u00e1n\u00edm pro zlep\u0161en\u00ed odolnosti proti opot\u0159eben\u00ed.<\/p>\n<p>Pravideln\u00e9 maz\u00e1n\u00ed vhodn\u00fdm hydraulick\u00fdm olejem je nezbytn\u00e9 pro sn\u00ed\u017een\u00ed t\u0159en\u00ed a zaji\u0161t\u011bn\u00ed plynul\u00e9ho provozu. Dostate\u010dn\u00e9 maz\u00e1n\u00ed pom\u00e1h\u00e1 p\u0159edch\u00e1zet p\u0159ed\u010dasn\u00e9mu opot\u0159eben\u00ed a prodlu\u017euje \u017eivotnost v\u00e1lce ramene.<\/p>\n<h2>Pravideln\u00e1 kontrola a preventivn\u00ed \u00fadr\u017eba<\/h2>\n<p>Pro zaji\u0161t\u011bn\u00ed spolehliv\u00e9ho a efektivn\u00edho provozu jsou nezbytn\u00e9 pravideln\u00e9 kontroly a preventivn\u00ed \u00fadr\u017eba:<\/p>\n<ul>\n<li>\n<h3>Pravideln\u00e1 kontrola<\/h3>\n<p>Pravideln\u011b kontrolujte v\u00e1lec ramene, zda nevykazuje zn\u00e1mky opot\u0159eben\u00ed, net\u011bsnost\u00ed nebo po\u0161kozen\u00ed. Zkontrolujte t\u011bsn\u011bn\u00ed, ty\u010de a t\u011bleso v\u00e1lce, zda nevykazuj\u00ed n\u011bjak\u00e9 abnormality, a p\u0159\u00edpadn\u00e9 probl\u00e9my neprodlen\u011b \u0159e\u0161te.<\/p>\n<\/li>\n<li>\n<h3>Preventivn\u00ed \u00fadr\u017eba<\/h3>\n<p>Dodr\u017eujte doporu\u010den\u00ed v\u00fdrobce pro preventivn\u00ed \u00fadr\u017ebu, jako je v\u00fdm\u011bna t\u011bsn\u011bn\u00ed, maz\u00e1n\u00ed pohybliv\u00fdch \u010d\u00e1st\u00ed a \u010di\u0161t\u011bn\u00ed v\u00e1lce. Dodr\u017eov\u00e1n\u00ed pl\u00e1nu preventivn\u00ed \u00fadr\u017eby pom\u00e1h\u00e1 minimalizovat neo\u010dek\u00e1van\u00e9 prostoje a prodlu\u017euje \u017eivotnost v\u00e1lce ramene.<\/p>\n<\/li>\n<\/ul>\n<h2>Pokyny k instalaci produktu<\/h2>\n<p>Spr\u00e1vn\u00e1 instalace v\u00e1lce ramene je z\u00e1sadn\u00ed pro optim\u00e1ln\u00ed v\u00fdkon a bezpe\u010dnost:<\/p>\n<ol>\n<li>\n<h3>P\u0159\u00edprava<\/h3>\n<p>Ujist\u011bte se, \u017ee m\u00e1te k dispozici ve\u0161ker\u00e9 pot\u0159ebn\u00e9 n\u00e1stroje a vybaven\u00ed. Seznamte se s instala\u010dn\u00edmi pokyny od v\u00fdrobce.<\/p>\n<\/li>\n<li>\n<h3>Zkontrolujte v\u00e1lec<\/h3>\n<p>P\u0159ed instalac\u00ed pe\u010dliv\u011b zkontrolujte v\u00e1lec ramene, zda nevykazuje zn\u00e1mky po\u0161kozen\u00ed nebo vad. Pokud zjist\u00edte jak\u00e9koli probl\u00e9my, obra\u0165te se na dodavatele nebo v\u00fdrobce.<\/p>\n<\/li>\n<li>\n<h3>Mont\u00e1\u017e<\/h3>\n<p>Dodr\u017eujte postup doporu\u010den\u00fd v\u00fdrobcem pro mont\u00e1\u017e v\u00e1lce ramene na stroj. Pou\u017eijte vhodn\u00e9 n\u00e1stroje a ujist\u011bte se, \u017ee jsou v\u0161echna p\u0159ipojen\u00ed bezpe\u010dn\u00e1.<\/p>\n<\/li>\n<li>\n<h3>Zarovn\u00e1n\u00ed<\/h3>\n<p>Zkontrolujte vyrovn\u00e1n\u00ed v\u00e1lce ramene a prove\u010fte pot\u0159ebn\u00e1 nastaven\u00ed, abyste zajistili spr\u00e1vnou polohu pro optim\u00e1ln\u00ed v\u00fdkon a bezpe\u010dnost.<\/p>\n<\/li>\n<li>\n<h3>Testov\u00e1n\u00ed<\/h3>\n<p>Po instalaci prove\u010fte d\u016fkladn\u00fd test, abyste ov\u011b\u0159ili funk\u010dnost v\u00e1lce ramene. Zkontrolujte, zda b\u011bhem provozu nevyd\u00e1vaj\u00ed abnorm\u00e1ln\u00ed zvuky, net\u011bsnosti nebo jin\u00e9 probl\u00e9my.<\/p>\n<\/li>\n<\/ol>\n<p><img","protected":false},"excerpt":{"rendered":"<p>Arm Cylinder For Yuchai YC210LC-8: A Hydraulic Cylinder for Efficient Machinery The Arm Cylinder for Yuchai YC210LC-8 is a specialized hydraulic cylinder designed to provide linear motion and power to the arms of various types of machinery, such as excavators, cranes, and mechanical arms. This cylinder plays a crucial role in hydraulic systems, enabling the [&hellip;]<\/p>","protected":false},"featured_media":14783,"comment_status":"open","ping_status":"closed","template":"","meta":{"_et_pb_use_builder":"","_et_pb_old_content":"","_et_gb_content_width":""},"product_brand":[],"product_cat":[1497],"product_tag":[1498,1496],"class_list":{"0":"post-16788","1":"product","2":"type-product","3":"status-publish","4":"has-post-thumbnail","6":"product_cat-arm-cylinders","7":"product_tag-arm-cylinders","8":"product_tag-hydraulic-cylinders","10":"first","11":"instock","12":"shipping-taxable","13":"product-type-simple"},"amp_enabled":true,"_links":{"self":[{"href":"https:\/\/www.hydraulic-cylinders.net\/cs\/wp-json\/wp\/v2\/product\/16788","targetHints":{"allow":["GET"]}}],"collection":[{"href":"https:\/\/www.hydraulic-cylinders.net\/cs\/wp-json\/wp\/v2\/product"}],"about":[{"href":"https:\/\/www.hydraulic-cylinders.net\/cs\/wp-json\/wp\/v2\/types\/product"}],"replies":[{"embeddable":true,"href":"https:\/\/www.hydraulic-cylinders.net\/cs\/wp-json\/wp\/v2\/comments?post=16788"}],"wp:featuredmedia":[{"embeddable":true,"href":"https:\/\/www.hydraulic-cylinders.net\/cs\/wp-json\/wp\/v2\/media\/14783"}],"wp:attachment":[{"href":"https:\/\/www.hydraulic-cylinders.net\/cs\/wp-json\/wp\/v2\/media?parent=16788"}],"wp:term":[{"taxonomy":"product_brand","embeddable":true,"href":"https:\/\/www.hydraulic-cylinders.net\/cs\/wp-json\/wp\/v2\/product_brand?post=16788"},{"taxonomy":"product_cat","embeddable":true,"href":"https:\/\/www.hydraulic-cylinders.net\/cs\/wp-json\/wp\/v2\/product_cat?post=16788"},{"taxonomy":"product_tag","embeddable":true,"href":"https:\/\/www.hydraulic-cylinders.net\/cs\/wp-json\/wp\/v2\/product_tag?post=16788"}],"curies":[{"name":"wp","href":"https:\/\/api.w.org\/{rel}","templated":true}]}}