{"id":16791,"date":"2025-01-21T05:54:38","date_gmt":"2025-01-21T05:54:38","guid":{"rendered":"https:\/\/www.hydraulic-cylinders.net\/product\/arm-cylinder-for-yuchai-yc35sr\/"},"modified":"2025-01-21T05:54:40","modified_gmt":"2025-01-21T05:54:40","slug":"arm-cylinder-for-yuchai-yc35sr","status":"publish","type":"product","link":"https:\/\/www.hydraulic-cylinders.net\/cs\/produkt\/arm-cylinder-for-yuchai-yc35sr\/","title":{"rendered":"V\u00e1lec ramene pro Yuchai YC35SR"},"content":{"rendered":"<h2>V\u00e1lec ramene pro Yuchai YC35SR<\/h2>\n<p><img decoding=\"async\" src=\"https:\/\/www.hydraulic-cylinders.net\/wp-content\/uploads\/2025\/01\/songte-company-2.webp\" alt=\"V\u00e1lec ramene pro Yuchai YC35SR\" \/>Hydraulick\u00fd v\u00e1lec ramene je speci\u00e1ln\u011b navr\u017een\u00fd hydraulick\u00fd v\u00e1lec, kter\u00fd se pou\u017e\u00edv\u00e1 hlavn\u011b k zaji\u0161t\u011bn\u00ed line\u00e1rn\u00edho pohybu a v\u00fdkonu pro r\u016fzn\u00e9 typy strojn\u00edch ramen, jako jsou bagry, je\u0159\u00e1by a mechanick\u00e1 ramena. V\u00e1lce ramen hraj\u00ed kl\u00ed\u010dovou roli v hydraulick\u00fdch syst\u00e9mech, proto\u017ee umo\u017e\u0148uj\u00ed efektivn\u00ed pohyb a ovl\u00e1d\u00e1n\u00ed dal\u0161\u00edho n\u00e1\u0159ad\u00ed nebo p\u0159\u00edslu\u0161enstv\u00ed. Tyto v\u00e1lce nejen\u017ee zaji\u0161\u0165uj\u00ed plynul\u00fd pohyb, ale jsou tak\u00e9 schopny un\u00e9st t\u011b\u017ek\u00e1 zat\u00ed\u017een\u00ed, co\u017e zaji\u0161\u0165uje efektivn\u00ed provoz a spolehlivost stroj\u016f v r\u016fzn\u00fdch provozn\u00edch podm\u00ednk\u00e1ch.<\/p>\n<h3>Vlastnosti v\u00e1lce ramene<\/h3>\n<ul>\n<li>Vysoce \u00fa\u010dinn\u00fd p\u0159evod: V\u00e1lec ramene poskytuje siln\u00fd line\u00e1rn\u00ed pohyb a s\u00edlu, co\u017e zaji\u0161\u0165uje vysok\u00fd v\u00fdkon mechanick\u00e9ho ramene v r\u016fzn\u00fdch operac\u00edch.<\/li>\n<li>P\u0159esn\u00e9 ovl\u00e1d\u00e1n\u00ed: V\u00e1lec ramene dok\u00e1\u017ee dos\u00e1hnout p\u0159esn\u00e9ho ovl\u00e1d\u00e1n\u00ed pohybu pomoc\u00ed hydraulick\u00e9ho syst\u00e9mu, co\u017e umo\u017e\u0148uje flexibiln\u011bj\u0161\u00ed a p\u0159esn\u011bj\u0161\u00ed ovl\u00e1d\u00e1n\u00ed dal\u0161\u00edch n\u00e1stroj\u016f.<\/li>\n<li>Vysok\u00e1 odolnost: V\u00e1lce ramen jsou obvykle vyrobeny z vysoce pevn\u00fdch materi\u00e1l\u016f s dobrou odolnost\u00ed proti opot\u0159eben\u00ed a korozi, vhodn\u00e9 pro dlouhodob\u00e9 pou\u017eit\u00ed v n\u00e1ro\u010dn\u00fdch podm\u00ednk\u00e1ch.<\/li>\n<li>Multifunk\u010dn\u00ed p\u0159izp\u016fsobivost: Tyto v\u00e1lce lze \u0161iroce pou\u017e\u00edt v r\u016fzn\u00fdch mechanick\u00fdch za\u0159\u00edzen\u00edch, jako jsou bagry, je\u0159\u00e1by a mechanick\u00e1 ramena, a p\u0159izp\u016fsobit se tak r\u016fzn\u00fdm pracovn\u00edm pot\u0159eb\u00e1m.<\/li>\n<li>Snadn\u00e1 \u00fadr\u017eba: Konstrukce zohled\u0148uje snadnou \u00fadr\u017ebu a v\u00fdm\u011bnu, co\u017e usnad\u0148uje pravideln\u00e9 kontroly a \u00fadr\u017ebu a zkracuje prostoje za\u0159\u00edzen\u00ed.<\/li>\n<\/ul>\n<p><img decoding=\"async\" src=\"https:\/\/www.hydraulic-cylinders.net\/wp-content\/uploads\/2025\/01\/songte-oil-pipes-and-spare-parts.webp\" alt=\"V\u00e1lec ramene pro Yuchai YC35SR\" \/>N\u00e1\u0161 produkt dok\u00e1\u017ee tyto hydraulick\u00e9 v\u00e1lce dokonale nahradit.<\/p>\n<h3>Aplikace ramenov\u00e9ho v\u00e1lce<\/h3>\n<p>V\u00e1lce ramen nach\u00e1zej\u00ed uplatn\u011bn\u00ed v r\u016fzn\u00fdch pr\u016fmyslov\u00fdch odv\u011btv\u00edch:<\/p>\n<ul>\n<li>Stavebn\u00ed in\u017een\u00fdrstv\u00ed: V\u00e1lce ramen se pou\u017e\u00edvaj\u00ed k ovl\u00e1d\u00e1n\u00ed pohybu l\u017e\u00edc bagru nebo je\u0159\u00e1b\u016f, k prov\u00e1d\u011bn\u00ed zemn\u00edch prac\u00ed, manipulace s materi\u00e1lem a mont\u00e1\u017ee konstrukc\u00ed.<\/li>\n<li>V\u00fdroba: V\u00e1lce ramen se pou\u017e\u00edvaj\u00ed v automatizovan\u00fdch v\u00fdrobn\u00edch link\u00e1ch k pohybu mechanick\u00fdch ramen pro mont\u00e1\u017en\u00ed, sva\u0159ovac\u00ed a manipula\u010dn\u00ed procesy, \u010d\u00edm\u017e se zvy\u0161uje efektivita a p\u0159esnost v\u00fdroby.<\/li>\n<li>Zem\u011bd\u011blsk\u00e9 stroje: V zem\u011bd\u011blsk\u00fdch stroj\u00edch, jako jsou skl\u00edzec\u00ed a sec\u00ed stroje, ovl\u00e1daj\u00ed v\u00e1lce ramen pohyb ovl\u00e1dac\u00edch ramen pro prov\u00e1d\u011bn\u00ed \u00fakol\u016f, jako je set\u00ed, hnojen\u00ed a sklize\u0148.<\/li>\n<li>T\u011b\u017eba: V t\u011b\u017eebn\u00edch za\u0159\u00edzen\u00edch ovl\u00e1daj\u00ed v\u00e1lce ramen pohyb ramen t\u011b\u017eebn\u00edho za\u0159\u00edzen\u00ed pro t\u011b\u017ebu a p\u0159epravu rud.<\/li>\n<li>Logistika a doprava: U vysokozdvi\u017en\u00fdch voz\u00edk\u016f a manipula\u010dn\u00edch robot\u016f ovl\u00e1daj\u00ed v\u00e1lce ramen zved\u00e1n\u00ed a pohyb vidlic pro p\u0159esun a stohov\u00e1n\u00ed materi\u00e1l\u016f.<\/li>\n<\/ul>\n<h3>Konstruk\u010dn\u00ed aspekty a krit\u00e9ria v\u00fdb\u011bru<\/h3>\n<p>Konstrukce v\u00e1lc\u016f ramene zohled\u0148uje n\u00e1sleduj\u00edc\u00ed faktory:<\/p>\n<ul>\n<li>\u00danosnost: V\u00e1lce ramen by m\u011bly b\u00fdt schopny un\u00e9st po\u017eadovan\u00e9 zat\u00ed\u017een\u00ed a s\u00edly, aby byla zaji\u0161t\u011bna vysok\u00e1 \u00fa\u010dinnost a bezpe\u010dnost provozu.<\/li>\n<li>T\u011bsn\u011bn\u00ed: V\u00e1lce ramen pou\u017e\u00edvaj\u00ed r\u016fzn\u00e9 t\u011bsnic\u00ed komponenty, jako jsou t\u011bsn\u011bn\u00ed p\u00edst\u016f a t\u011bsn\u011bn\u00ed p\u00edstnic, vyroben\u00e9 z materi\u00e1l\u016f odoln\u00fdch proti opot\u0159eben\u00ed, jako je polyuretan a nitrilov\u00e1 pry\u017e, aby byla zaji\u0161t\u011bna \u00fa\u010dinnost hydraulick\u00e9ho syst\u00e9mu a zabr\u00e1nilo se \u00faniku kapaliny.<\/li>\n<li>Trvanlivost: V\u00e1lce ramen jsou obvykle vyrobeny z vysoce pevn\u00fdch materi\u00e1l\u016f s dobrou odolnost\u00ed proti opot\u0159eben\u00ed a korozi, aby odolaly drsn\u00fdm podm\u00ednk\u00e1m prost\u0159ed\u00ed a zajistily dlouhodob\u00fd v\u00fdkon.<\/li>\n<li>Bezpe\u010dnost: V\u00e1lce s rameny jsou navr\u017eeny s bezpe\u010dnostn\u00edmi prvky, jako jsou p\u0159etlakov\u00e9 ventily a uzav\u00edrac\u00ed ventily, aby se zabr\u00e1nilo nehod\u00e1m, jako je prasknut\u00ed v\u00e1lce, a byla zaji\u0161t\u011bna tak provozn\u00ed bezpe\u010dnost.<\/li>\n<li>\u00dadr\u017eba: V\u00e1lce ramen by m\u011bly b\u00fdt navr\u017eeny s ohledem na snadnou pravidelnou \u00fadr\u017ebu a v\u00fdm\u011bnu, minimalizuj\u00edc\u00ed prostoje a n\u00e1klady na \u00fadr\u017ebu.<\/li>\n<\/ul>\n<p><img decoding=\"async\" src=\"https:\/\/www.hydraulic-cylinders.net\/wp-content\/uploads\/2025\/01\/songte-cylinder-head-with-all-kinds-excavator-models.webp\" alt=\"V\u00e1lec ramene pro Yuchai YC35SR\" \/><\/p>\n<h3>T\u011bsn\u011bn\u00ed a maz\u00e1n\u00ed v\u00e1lce ramene<\/h3>\n<p>V\u00e1lec ramene pou\u017e\u00edv\u00e1 r\u016fzn\u00e9 t\u011bsnic\u00ed komponenty, jako jsou t\u011bsn\u011bn\u00ed p\u00edst\u016f a p\u00edstnic, vyroben\u00e9 z materi\u00e1l\u016f odoln\u00fdch proti opot\u0159eben\u00ed, jako je polyuretan a nitrilov\u00fd kau\u010duk, aby byla zaji\u0161t\u011bna \u00fa\u010dinnost hydraulick\u00e9ho syst\u00e9mu a zabr\u00e1nilo se \u00faniku kapaliny. T\u011bleso v\u00e1lce a povrch z\u00e1vitu proch\u00e1zej\u00ed pe\u010dliv\u00fdm zpracov\u00e1n\u00edm pro zlep\u0161en\u00ed odolnosti proti opot\u0159eben\u00ed. Pro zaji\u0161t\u011bn\u00ed maz\u00e1n\u00ed je nutn\u00e9 pravideln\u011b p\u0159id\u00e1vat vhodn\u00fd hydraulick\u00fd olej.<\/p>\n<h3>Pravideln\u00e1 kontrola a preventivn\u00ed \u00fadr\u017eba<\/h3>\n<p>Pravideln\u00e1 kontrola a preventivn\u00ed \u00fadr\u017eba jsou pro v\u00e1lce ramen z\u00e1sadn\u00ed, aby byla zaji\u0161t\u011bna dlouhodob\u00e1 v\u00fdkonnost a provozn\u00ed bezpe\u010dnost. Lze p\u0159ijmout n\u00e1sleduj\u00edc\u00ed opat\u0159en\u00ed:<\/p>\n<ul>\n<li>Pravideln\u00e1 kontrola v\u00e1lc\u016f ramen a hydraulick\u00fdch syst\u00e9m\u016f pro v\u010dasn\u00e9 odhalen\u00ed a diagnostiku probl\u00e9m\u016f.<\/li>\n<li>Vym\u011b\u0148te opot\u0159ebovan\u00e9 nebo po\u0161kozen\u00e9 d\u00edly, abyste zajistili efektivn\u00ed a bezpe\u010dn\u00fd provoz.<\/li>\n<li>Pravideln\u011b \u010dist\u011bte v\u00e1lec ramene a hydraulick\u00fd syst\u00e9m, abyste zabr\u00e1nili jejich kontaminaci.<\/li>\n<li>Pravideln\u011b promaz\u00e1vejte v\u00e1lec ramene vhodn\u00fdm hydraulick\u00fdm olejem, abyste zajistili jeho maz\u00e1n\u00ed.<\/li>\n<li>Pro\u0161kolte person\u00e1l ve spr\u00e1vn\u00fdch postupech provozu a \u00fadr\u017eby, abyste sn\u00ed\u017eili potenci\u00e1ln\u00ed probl\u00e9my.<\/li>\n<\/ul>\n<h3>Mont\u00e1\u017en\u00ed n\u00e1vod ramenov\u00e9ho v\u00e1lce<\/h3>\n<p><img decoding=\"async\" src=\"https:\/\/www.hydraulic-cylinders.net\/wp-content\/uploads\/2025\/01\/songte-bushings-with-all-kinds-of-excavator-models.webp\" alt=\"V\u00e1lec ramene pro Yuchai YC35SR\" \/><\/p>\n<p>N\u00e1vod k instalaci v\u00e1lce ramene je n\u00e1sleduj\u00edc\u00ed:<\/p>\n<ul>\n<li>P\u0159ipravte si instala\u010dn\u00ed n\u00e1stroje a materi\u00e1ly.<\/li>\n<li>Vy\u010dist\u011bte m\u00edsto instalace a zkontrolujte kompatibilitu v\u00e1lce a hydraulick\u00e9ho syst\u00e9mu.<\/li>\n<li>Namontujte v\u00e1lec ramene podle pokyn\u016f v\u00fdrobce a dbejte na spr\u00e1vn\u00e9 vyrovn\u00e1n\u00ed a uta\u017een\u00ed \u0161roub\u016f.<\/li>\n<li>P\u0159ipojte hydraulick\u00e9 hadice a potrub\u00ed.<\/li>\n<li>Napl\u0148te hydraulick\u00fd syst\u00e9m vhodn\u00fdm hydraulick\u00fdm olejem a odvzdu\u0161n\u011bte.<\/li>\n<li>Zkontrolujte t\u011bsnost syst\u00e9mu a otestujte funkci v\u00e1lce ramene.<\/li>\n<\/ul>\n<h3>Bezpe\u010dnostn\u00ed aspekty a faktory prost\u0159ed\u00ed<\/h3>\n<p>P\u0159i pou\u017eit\u00ed v\u00e1lc\u016f ramene je t\u0159eba v\u017edy zv\u00e1\u017eit bezpe\u010dnostn\u00ed opat\u0159en\u00ed, jako jsou p\u0159etlakov\u00e9 ventily a uzav\u00edrac\u00ed ventily, aby se zabr\u00e1nilo nehod\u00e1m, jako je prasknut\u00ed v\u00e1lce. Pro zaji\u0161t\u011bn\u00ed spr\u00e1vn\u00e9ho provozu hydraulick\u00e9ho syst\u00e9mu je t\u0159eba zohlednit faktory prost\u0159ed\u00ed, jako je teplota a vlhkost.<\/p>\n<h3>Diagnostika a odstra\u0148ov\u00e1n\u00ed b\u011b\u017en\u00fdch z\u00e1vad<\/h3>\n<p>N\u00e1sleduj\u00ed b\u011b\u017en\u00e9 probl\u00e9my, kter\u00e9 se mohou vyskytnout s v\u00e1lci ramene:<\/p>\n<ul>\n<li>\u00danik kapaliny z v\u00e1lce<\/li>\n<li>Abnorm\u00e1ln\u00ed hluk b\u011bhem provozu<\/li>\n<li>Nedostate\u010dn\u00e1 s\u00edla b\u011bhem provozu<\/li>\n<\/ul>\n<p>N\u011bkter\u00e9 tipy pro \u0159e\u0161en\u00ed t\u011bchto probl\u00e9m\u016f jsou:<\/p>\n<ul>\n<li>Zkontrolujte, zda nejsou t\u011bsn\u011bn\u00ed po\u0161kozen\u00e1, a v p\u0159\u00edpad\u011b pot\u0159eby je vym\u011b\u0148te.<\/li>\n<li>Zkontrolujte, zda nejsou po\u0161kozen\u00e9 d\u00edly, a v p\u0159\u00edpad\u011b pot\u0159eby je vym\u011b\u0148te.<\/li>\n<li>Zkontrolujte, zda nen\u00ed hydraulick\u00fd olej dostate\u010dn\u00fd nebo zne\u010di\u0161t\u011bn\u00fd, a vym\u011b\u0148te jej nebo dopl\u0148te.<\/li>\n<\/ul>\n<p><img decoding=\"async\" src=\"https:\/\/www.hydraulic-cylinders.net\/wp-content\/uploads\/2025\/01\/songte-chushion-collar.webp\" alt=\"V\u00e1lec ramene pro Yuchai YC35SR\" \/><\/p>\n<h3>O n\u00e1s<\/h3>\n<p>Jsme profesion\u00e1ln\u00ed v\u00fdrobce n\u00e1hradn\u00edch hydraulick\u00fdch v\u00e1lc\u016f s \u0161irokou \u0161k\u00e1lou produkt\u016f a stali jsme se jedn\u00edm z p\u0159edn\u00edch v\u00fdrobc\u016f a velkoobchodn\u00edch distributor\u016f hydraulick\u00fdch v\u00e1lc\u016f na dom\u00e1c\u00edm i mezin\u00e1rodn\u00edm trhu. V\u017edy se dr\u017e\u00edme principu vynikaj\u00edc\u00ed kvality, spol\u00e9h\u00e1me na strategii industrializovan\u00e9ho \u0159\u00edzen\u00ed v\u00fdroby sofistikovan\u00e9 v\u00fdrobn\u00ed d\u00edlny a neust\u00e1le zlep\u0161ujeme na\u0161i technologickou \u00farove\u0148 a efektivitu v\u00fdroby. D\u00edky zav\u00e1d\u011bn\u00ed \u0161pi\u010dkov\u00e9ho digit\u00e1ln\u00edho v\u00fdrobn\u00edho za\u0159\u00edzen\u00ed a profesion\u00e1ln\u00edch testovac\u00edch syst\u00e9m\u016f optimalizujeme v\u00fdrobn\u00ed platformu, zdokonalujeme proces kontroly kvality v\u00fdrobk\u016f a disponujeme siln\u00fdmi inova\u010dn\u00edmi schopnostmi. Na\u0161\u00edm c\u00edlem je uspokojovat rozmanit\u00e9 pot\u0159eby z\u00e1kazn\u00edk\u016f s principy vysok\u00e9 efektivity, p\u0159esnosti a vysok\u00e9 kvality.<\/p>\n<h3>Na\u0161e speciality<\/h3>\n<ul>\n<li>Profesionalita: M\u00e1me t\u00fdm profesion\u00e1l\u016f s rozs\u00e1hl\u00fdmi zku\u0161enostmi ve v\u00fdrob\u011b a konstrukci hydraulick\u00fdch v\u00e1lc\u016f a poskytujeme z\u00e1kazn\u00edk\u016fm profesion\u00e1ln\u00ed a spolehliv\u00e1 \u0159e\u0161en\u00ed.<\/li>\n<li>Mezin\u00e1rodn\u00ed certifikace: Z\u00edskali jsme r\u016fzn\u00e9 mezin\u00e1rodn\u00ed certifikace, jako jsou ISO9001, CE a UL, co\u017e zaru\u010duje vysoce kvalitn\u00ed produkty a slu\u017eby.<\/li>\n<li>P\u0159izp\u016fsoben\u00ed: Nab\u00edz\u00edme \u0159e\u0161en\u00ed hydraulick\u00fdch v\u00e1lc\u016f na m\u00edru, kter\u00e1 spl\u0148uj\u00ed r\u016fzn\u00e9 pot\u0159eby z\u00e1kazn\u00edk\u016f.<\/li>\n<li>V\u00fdrobn\u00ed za\u0159\u00edzen\u00ed: Disponujeme kompletn\u00ed sadou za\u0159\u00edzen\u00ed pro v\u00fdrobu a testov\u00e1n\u00ed hydraulick\u00fdch v\u00e1lc\u016f, co\u017e zaji\u0161\u0165uje efektivn\u00ed a vysoce kvalitn\u00ed v\u00fdrobn\u00ed procesy.<\/li>\n<li>Poprodejn\u00ed servis: Z\u00e1kazn\u00edk\u016fm poskytujeme komplexn\u00ed poprodejn\u00ed slu\u017eby, jako je technick\u00e1 podpora a \u00fadr\u017eba, abychom zajistili jejich spokojenost.<\/li>\n<\/ul>\n<p><img decoding=\"async\" src=\"https:\/\/www.hydraulic-cylinders.net\/wp-content\/uploads\/2025\/01\/songte-company-4.webp\" alt=\"V\u00e1lec ramene pro Yuchai YC35SR\" \/><\/p>\n<p><img decoding=\"async\" src=\"https:\/\/www.hydraulic-cylinders.net\/wp-content\/uploads\/2025\/01\/songte-company-3.webp\" alt=\"V\u00e1lec ramene pro Yuchai YC35SR\" \/><\/p>\n<p>Autor: lyl<\/p>","protected":false},"excerpt":{"rendered":"<p>Arm Cylinder For Yuchai YC35SR Arm cylinder is a specially designed hydraulic cylinder that is mainly used to provide linear motion and power for various types of machinery arms like excavators, cranes and mechanical arms. Arm cylinders play a crucial role in hydraulic systems to enable effective mobility and control of additional tools or attachments. [&hellip;]<\/p>","protected":false},"featured_media":14774,"comment_status":"open","ping_status":"closed","template":"","meta":{"_et_pb_use_builder":"","_et_pb_old_content":"","_et_gb_content_width":""},"product_brand":[],"product_cat":[1497],"product_tag":[1498,1496],"class_list":{"0":"post-16791","1":"product","2":"type-product","3":"status-publish","4":"has-post-thumbnail","6":"product_cat-arm-cylinders","7":"product_tag-arm-cylinders","8":"product_tag-hydraulic-cylinders","10":"first","11":"instock","12":"shipping-taxable","13":"product-type-simple"},"amp_enabled":true,"_links":{"self":[{"href":"https:\/\/www.hydraulic-cylinders.net\/cs\/wp-json\/wp\/v2\/product\/16791","targetHints":{"allow":["GET"]}}],"collection":[{"href":"https:\/\/www.hydraulic-cylinders.net\/cs\/wp-json\/wp\/v2\/product"}],"about":[{"href":"https:\/\/www.hydraulic-cylinders.net\/cs\/wp-json\/wp\/v2\/types\/product"}],"replies":[{"embeddable":true,"href":"https:\/\/www.hydraulic-cylinders.net\/cs\/wp-json\/wp\/v2\/comments?post=16791"}],"wp:featuredmedia":[{"embeddable":true,"href":"https:\/\/www.hydraulic-cylinders.net\/cs\/wp-json\/wp\/v2\/media\/14774"}],"wp:attachment":[{"href":"https:\/\/www.hydraulic-cylinders.net\/cs\/wp-json\/wp\/v2\/media?parent=16791"}],"wp:term":[{"taxonomy":"product_brand","embeddable":true,"href":"https:\/\/www.hydraulic-cylinders.net\/cs\/wp-json\/wp\/v2\/product_brand?post=16791"},{"taxonomy":"product_cat","embeddable":true,"href":"https:\/\/www.hydraulic-cylinders.net\/cs\/wp-json\/wp\/v2\/product_cat?post=16791"},{"taxonomy":"product_tag","embeddable":true,"href":"https:\/\/www.hydraulic-cylinders.net\/cs\/wp-json\/wp\/v2\/product_tag?post=16791"}],"curies":[{"name":"wp","href":"https:\/\/api.w.org\/{rel}","templated":true}]}}