{"id":16824,"date":"2025-01-21T05:57:05","date_gmt":"2025-01-21T05:57:05","guid":{"rendered":"https:\/\/www.hydraulic-cylinders.net\/product\/arm-cylinder-for-volwa-large-excavator-dls450-8b\/"},"modified":"2025-01-21T05:57:07","modified_gmt":"2025-01-21T05:57:07","slug":"arm-cylinder-for-volwa-large-excavator-dls450-8b","status":"publish","type":"product","link":"https:\/\/www.hydraulic-cylinders.net\/cs\/produkt\/arm-cylinder-for-volwa-large-excavator-dls450-8b\/","title":{"rendered":"V\u00e1lec ramene pro velk\u00e9 bagry Volvo DLS450-8B"},"content":{"rendered":"<h2>V\u00e1lec ramene pro velk\u00e9 bagry Volvo DLS450-8B<\/h2>\n<h3>Zaveden\u00ed<\/h3>\n<p>Hydraulick\u00fd v\u00e1lec ramene je speci\u00e1ln\u011b navr\u017een\u00fd hydraulick\u00fd v\u00e1lec, kter\u00fd se pou\u017e\u00edv\u00e1 k zaji\u0161t\u011bn\u00ed line\u00e1rn\u00edho pohybu a v\u00fdkonu ramen r\u016fzn\u00fdch typ\u016f stroj\u016f, jako jsou bagry, je\u0159\u00e1by a robotick\u00e1 ramena. V\u00e1lce ramen hraj\u00ed v hydraulick\u00e9m syst\u00e9mu z\u00e1sadn\u00ed roli, proto\u017ee umo\u017e\u0148uj\u00ed efektivn\u00ed pohyb a ovl\u00e1d\u00e1n\u00ed p\u0159ipojen\u00e9ho n\u00e1\u0159ad\u00ed nebo p\u0159\u00edslu\u0161enstv\u00ed. Tyto v\u00e1lce nejen\u017ee zaji\u0161\u0165uj\u00ed plynul\u00fd pohyb, ale tak\u00e9 odol\u00e1vaj\u00ed t\u011b\u017ek\u00fdm z\u00e1t\u011b\u017e\u00edm, \u010d\u00edm\u017e zaji\u0161\u0165uj\u00ed efektivn\u00ed provoz a spolehlivost stroj\u016f za r\u016fzn\u00fdch provozn\u00edch podm\u00ednek.<\/p>\n<p><img decoding=\"async\" src=\"https:\/\/www.hydraulic-cylinders.net\/wp-content\/uploads\/2025\/01\/songte-company-2.webp\" alt=\"Obr\u00e1zek v\u00e1lce ramene\"><\/p>\n<h3>Funkce<\/h3>\n<p>V\u00e1lec ramene pro velk\u00e9 rypadlo Volwa DLS450-8B m\u00e1 n\u00e1sleduj\u00edc\u00ed vlastnosti:<\/p>\n<ul>\n<li>Vysoce \u00fa\u010dinn\u00fd p\u0159enos: V\u00e1lec ramene poskytuje siln\u00fd line\u00e1rn\u00ed pohyb a s\u00edlu, co\u017e zaji\u0161\u0165uje vysoce \u00fa\u010dinn\u00fd v\u00fdkon robotick\u00e9ho ramene v r\u016fzn\u00fdch operac\u00edch.<\/li>\n<li>P\u0159esn\u00e9 ovl\u00e1d\u00e1n\u00ed: V\u00e1lec ramene dok\u00e1\u017ee dos\u00e1hnout p\u0159esn\u00e9ho ovl\u00e1d\u00e1n\u00ed pohybu pomoc\u00ed hydraulick\u00e9ho syst\u00e9mu, \u010d\u00edm\u017e se ovl\u00e1d\u00e1n\u00ed p\u0159ipojen\u00e9ho n\u00e1\u0159ad\u00ed stane flexibiln\u011bj\u0161\u00edm a p\u0159esn\u011bj\u0161\u00edm.<\/li>\n<li>Vysok\u00e1 odolnost: V\u00e1lce ramen jsou obvykle vyrobeny z vysoce pevn\u00fdch materi\u00e1l\u016f a maj\u00ed vynikaj\u00edc\u00ed odolnost proti opot\u0159eben\u00ed a korozi, d\u00edky \u010demu\u017e jsou vhodn\u00e9 pro dlouhodob\u00e9 pou\u017eit\u00ed v n\u00e1ro\u010dn\u00fdch podm\u00ednk\u00e1ch.<\/li>\n<li>Multifunk\u010dn\u00ed p\u0159izp\u016fsobivost: Tyto v\u00e1lce lze \u0161iroce pou\u017e\u00edvat v r\u016fzn\u00fdch mechanick\u00fdch za\u0159\u00edzen\u00edch, jako jsou bagry, je\u0159\u00e1by a robotick\u00e1 ramena, a p\u0159izp\u016fsobit se tak r\u016fzn\u00fdm pracovn\u00edm po\u017eadavk\u016fm.<\/li>\n<li>Snadn\u00e1 \u00fadr\u017eba: Konstrukce v\u00e1lce ramene zohled\u0148uje snadnou \u00fadr\u017ebu a v\u00fdm\u011bnu, co\u017e usnad\u0148uje pravidelnou kontrolu a \u00fadr\u017ebu a zkracuje prostoje za\u0159\u00edzen\u00ed.<\/li>\n<\/ul>\n<p>Tento produkt dok\u00e1\u017eeme vyrobit a dokonale nahrad\u00ed tyto hydraulick\u00e9 v\u00e1lce.<\/p>\n<p><img decoding=\"async\" src=\"https:\/\/www.hydraulic-cylinders.net\/wp-content\/uploads\/2025\/01\/songte-oil-pipes-and-spare-parts.webp\" alt=\"Obr\u00e1zek n\u00e1hradn\u00edho v\u00e1lce\"><\/p>\n<h3>Aplikace<\/h3>\n<p>V\u00e1lec ramene lze pou\u017e\u00edt v r\u016fzn\u00fdch oblastech, jako nap\u0159\u00edklad:<\/p>\n<ul>\n<li>Stavebn\u00ed in\u017een\u00fdrstv\u00ed: U bagr\u016f a je\u0159\u00e1b\u016f se v\u00e1lce ramen pou\u017e\u00edvaj\u00ed k ovl\u00e1d\u00e1n\u00ed pohybu lopat nebo v\u00fdlo\u017en\u00edk\u016f, prov\u00e1d\u011bn\u00ed zemn\u00edch prac\u00ed, manipulace s materi\u00e1lem a mont\u00e1\u017ee konstrukc\u00ed.<\/li>\n<li>V\u00fdroba: V automatizovan\u00fdch v\u00fdrobn\u00edch link\u00e1ch se v\u00e1lce ramen pou\u017e\u00edvaj\u00ed k pohybu robotick\u00fdch ramen, k prov\u00e1d\u011bn\u00ed mont\u00e1\u017en\u00edch, sva\u0159ovac\u00edch a manipula\u010dn\u00edch proces\u016f, \u010d\u00edm\u017e se zvy\u0161uje efektivita a p\u0159esnost v\u00fdroby.<\/li>\n<li>Zem\u011bd\u011blsk\u00e9 stroje: U zem\u011bd\u011blsk\u00fdch stroj\u016f, jako jsou skl\u00edzec\u00ed a sec\u00ed stroje, ovl\u00e1daj\u00ed v\u00e1lce ramen pohyb ovl\u00e1dac\u00edch ramen a prov\u00e1d\u011bj\u00ed \u00fakoly, jako je set\u00ed, hnojen\u00ed a sklize\u0148.<\/li>\n<li>T\u011b\u017eba: V t\u011b\u017eebn\u00edch za\u0159\u00edzen\u00edch se v\u00e1lce ramen pou\u017e\u00edvaj\u00ed k ovl\u00e1d\u00e1n\u00ed pohybu ramen t\u011b\u017eebn\u00edch za\u0159\u00edzen\u00ed, k prov\u00e1d\u011bn\u00ed t\u011b\u017eby a p\u0159epravy rudy.<\/li>\n<li>Logistika a doprava: U vysokozdvi\u017en\u00fdch voz\u00edk\u016f a manipula\u010dn\u00edch robot\u016f se v\u00e1lce ramen pou\u017e\u00edvaj\u00ed k ovl\u00e1d\u00e1n\u00ed zved\u00e1n\u00ed a pohybu vidlic, \u010d\u00edm\u017e se realizuje manipulace s materi\u00e1lem a jeho stohov\u00e1n\u00ed.<\/li>\n<\/ul>\n<h3>Konstruk\u010dn\u00ed aspekty a krit\u00e9ria v\u00fdb\u011bru<\/h3>\n<p>V\u00e1lce ramen jsou kritick\u00fdmi sou\u010d\u00e1stmi hydraulick\u00fdch syst\u00e9m\u016f a vy\u017eaduj\u00ed pe\u010dliv\u00e9 zv\u00e1\u017een\u00ed z hlediska jejich n\u00e1vrhu a v\u00fdb\u011brov\u00fdch krit\u00e9ri\u00ed. Je t\u0159eba vz\u00edt v \u00favahu n\u00e1sleduj\u00edc\u00ed konstruk\u010dn\u00ed aspekty:<\/p>\n<h4>\u00danosnost<\/h4>\n<p>V\u00e1lec ramene mus\u00ed b\u00fdt schopen odolat zat\u00ed\u017een\u00ed, kter\u00e9 je na n\u011bj b\u011bhem provozu p\u016fsobeno a kter\u00e9 se m\u016f\u017ee li\u0161it v z\u00e1vislosti na aplikaci. Pr\u016fm\u011br d\u00edry v\u00e1lce a d\u00e9lka zdvihu by m\u011bly b\u00fdt zvoleny na z\u00e1klad\u011b po\u017eadavk\u016f na zat\u00ed\u017een\u00ed konkr\u00e9tn\u00ed aplikace.<\/p>\n<h4>T\u011bsn\u011bn\u00ed<\/h4>\n<p>V\u00e1lec ramene mus\u00ed b\u00fdt \u00fa\u010dinn\u011b ut\u011bsn\u011bn, aby se zabr\u00e1nilo \u00faniku hydraulick\u00e9 kapaliny, co\u017e m\u016f\u017ee zp\u016fsobit po\u0161kozen\u00ed dal\u0161\u00edch sou\u010d\u00e1st\u00ed. Pro zaji\u0161t\u011bn\u00ed spr\u00e1vn\u00e9ho ut\u011bsn\u011bn\u00ed by m\u011bla b\u00fdt pou\u017eita vysoce kvalitn\u00ed t\u011bsn\u011bn\u00ed p\u00edstu a p\u00edstnice vyroben\u00e1 z materi\u00e1l\u016f, jako je polyuretan nebo nitrilov\u00e1 pry\u017e.<\/p>\n<h4>Trvanlivost<\/h4>\n<p>V\u00e1lec ramene mus\u00ed b\u00fdt dostate\u010dn\u011b odoln\u00fd, aby odolal n\u00e1ro\u010dn\u00fdm provozn\u00edm podm\u00ednk\u00e1m, jako je vysok\u00e1 teplota, vlhkost a koroze. Pro konstrukci v\u00e1lce by m\u011bly b\u00fdt pou\u017eity vysoce pevn\u00e9 materi\u00e1ly, jako je ocel nebo hlin\u00edkov\u00e1 slitina, aby byla zaji\u0161t\u011bna jeho trvanlivost.<\/p>\n<h4>Bezpe\u010dnost<\/h4>\n<p>V\u00e1lec ramene mus\u00ed b\u00fdt navr\u017een s ohledem na bezpe\u010dnost, aby se p\u0159ede\u0161lo nehod\u00e1m a zran\u011bn\u00edm. Pro zaji\u0161t\u011bn\u00ed bezpe\u010dn\u00e9ho provozu by m\u011bl b\u00fdt sou\u010d\u00e1st\u00ed konstrukce bezpe\u010dnostn\u00ed prvky, jako jsou p\u0159etlakov\u00e9 ventily a tla\u010d\u00edtka nouzov\u00e9ho zastaven\u00ed.<\/p>\n<h4>Udr\u017eovatelnost<\/h4>\n<p>V\u00e1lec ramene mus\u00ed b\u00fdt snadno udr\u017eovateln\u00fd a opraviteln\u00fd, aby se minimalizovaly prostoje a sn\u00ed\u017eily n\u00e1klady na \u00fadr\u017ebu. Pro zjednodu\u0161en\u00ed \u00fadr\u017eby by m\u011bly b\u00fdt sou\u010d\u00e1st\u00ed konstrukce konstruk\u010dn\u00ed prvky, jako jsou odn\u00edmateln\u00e9 koncov\u00e9 krytky a snadno vym\u011bniteln\u00e1 t\u011bsn\u011bn\u00ed.<\/p>\n<p><img decoding=\"async\" src=\"https:\/\/www.hydraulic-cylinders.net\/wp-content\/uploads\/2025\/01\/songte-cylinder-head-with-all-kinds-excavator-models.webp\" alt=\"Obr\u00e1zek n\u00e1vrhu v\u00e1lce\"><\/p>\n<h3>T\u011bsn\u011bn\u00ed a maz\u00e1n\u00ed<\/h3>\n<p>V\u00e1lec ramene vy\u017eaduje pro zaji\u0161t\u011bn\u00ed spolehliv\u00e9ho provozu spr\u00e1vn\u00e9 ut\u011bsn\u011bn\u00ed a maz\u00e1n\u00ed. R\u016fzn\u00e9 t\u011bsnic\u00ed komponenty, jako jsou t\u011bsn\u011bn\u00ed p\u00edstu a p\u00edstnice, by m\u011bly b\u00fdt vybr\u00e1ny na z\u00e1klad\u011b specifick\u00fdch po\u017eadavk\u016f aplikace. Vrt\u00e1n\u00ed v\u00e1lce a povrch p\u00edstnice by m\u011bly b\u00fdt jemn\u011b opracov\u00e1ny, aby se zlep\u0161ila odolnost proti opot\u0159eben\u00ed. Pro udr\u017een\u00ed maz\u00e1n\u00ed a chlazen\u00ed v\u00e1lce je nutn\u00e9 pravideln\u011b p\u0159id\u00e1vat vhodn\u00fd hydraulick\u00fd olej.<\/p>\n<h3>\u00dadr\u017eba a preventivn\u00ed opat\u0159en\u00ed<\/h3>\n<p>Pravideln\u00e9 kontroly a preventivn\u00ed \u00fadr\u017eba mohou pomoci prodlou\u017eit \u017eivotnost v\u00e1lce ramene. M\u011bla by b\u00fdt p\u0159ijata n\u00e1sleduj\u00edc\u00ed opat\u0159en\u00ed:<\/p>\n<ul>\n<li>Pravideln\u011b kontrolujte v\u00e1lec, zda nevykazuje zn\u00e1mky po\u0161kozen\u00ed nebo opot\u0159eben\u00ed.<\/li>\n<li>Vym\u011b\u0148te v\u0161echna po\u0161kozen\u00e1 nebo opot\u0159ebovan\u00e1 t\u011bsn\u011bn\u00ed, abyste zabr\u00e1nili \u00fanik\u016fm.<\/li>\n<li>Zajist\u011bte spr\u00e1vn\u00e9 maz\u00e1n\u00ed v\u00e1lce, abyste minimalizovali opot\u0159eben\u00ed.<\/li>\n<li>Udr\u017eujte v\u00e1lec a hydraulick\u00fd syst\u00e9m v \u010distot\u011b, abyste zabr\u00e1nili jejich kontaminaci.<\/li>\n<\/ul>\n<p><img decoding=\"async\" src=\"https:\/\/www.hydraulic-cylinders.net\/wp-content\/uploads\/2025\/01\/songte-chushion-collar.webp\" alt=\"Obr\u00e1zek \u00fadr\u017eby\"><\/p>\n<h3>Instala\u010dn\u00ed p\u0159\u00edru\u010dka<\/h3>\n<p>Pro instalaci v\u00e1lce ramene je t\u0159eba dodr\u017eet n\u00e1sleduj\u00edc\u00ed kroky:<\/p>\n<ol>\n<li>Um\u00edst\u011bte v\u00e1lec na po\u017eadovan\u00e9 m\u00edsto a p\u0159ipevn\u011bte jej pomoc\u00ed \u0161roub\u016f nebo kol\u00edk\u016f.<\/li>\n<li>P\u0159ipojte hydraulick\u00e9 hadice k otvor\u016fm v\u00e1lce.<\/li>\n<li>Ujist\u011bte se, \u017ee v\u0161echny hydraulick\u00e9 spoje jsou t\u011bsn\u00e9 a bez \u00fanik\u016f.<\/li>\n<li>Otestujte funkci v\u00e1lce a ujist\u011bte se, \u017ee funguje spr\u00e1vn\u011b.<\/li>\n<\/ol>\n<p><img decoding=\"async\" src=\"https:\/\/www.hydraulic-cylinders.net\/wp-content\/uploads\/2025\/01\/songte-bushings-with-all-kinds-of-excavator-models.webp\" alt=\"Instala\u010dn\u00ed obr\u00e1zek\"><\/p>\n<h3>Bezpe\u010dnostn\u00ed aspekty a faktory prost\u0159ed\u00ed<\/h3>\n<p>P\u0159i pou\u017e\u00edv\u00e1n\u00ed v\u00e1lce s ramenem je d\u016fle\u017eit\u00e9 dodr\u017eovat nezbytn\u00e1 bezpe\u010dnostn\u00ed opat\u0159en\u00ed, aby se p\u0159ede\u0161lo nehod\u00e1m a zran\u011bn\u00edm. Pro zaji\u0161t\u011bn\u00ed bezpe\u010dn\u00e9ho provozu by m\u011bly b\u00fdt sou\u010d\u00e1st\u00ed n\u00e1vrhu syst\u00e9mu bezpe\u010dnostn\u00ed prvky, jako jsou p\u0159etlakov\u00e9 ventily a tla\u010d\u00edtka nouzov\u00e9ho zastaven\u00ed. Pro zaji\u0161t\u011bn\u00ed spolehliv\u00e9ho provozu za r\u016fzn\u00fdch podm\u00ednek je t\u0159eba zohlednit tak\u00e9 faktory prost\u0159ed\u00ed, jako je teplota, vlhkost a ne\u010distoty.<\/p>\n<h3>Odstra\u0148ov\u00e1n\u00ed probl\u00e9m\u016f a b\u011b\u017en\u00e9 probl\u00e9my<\/h3>\n<p>N\u00e1sleduje n\u011bkolik b\u011b\u017en\u00fdch probl\u00e9m\u016f, kter\u00e9 se mohou vyskytnout p\u0159i pou\u017e\u00edv\u00e1n\u00ed v\u00e1lce ramene:<\/p>\n<ul>\n<li>\u00danik hydraulick\u00e9 kapaliny<\/li>\n<li>Sn\u00ed\u017een\u00fd v\u00fdkon<\/li>\n<li>Hlu\u010dn\u00fd provoz<\/li>\n<\/ul>\n<p>Pro diagnostiku a \u0159e\u0161en\u00ed t\u011bchto probl\u00e9m\u016f je t\u0159eba dodr\u017eovat n\u00e1sleduj\u00edc\u00ed tipy:<\/p>\n<ul>\n<li>Zkontrolujte v\u00e1lec a hydraulick\u00e9 potrub\u00ed, zda nedoch\u00e1z\u00ed k \u00fanik\u016fm, a v p\u0159\u00edpad\u011b pot\u0159eby je opravte.<\/li>\n<li>Zkontrolujte hladinu a kvalitu hydraulick\u00e9 kapaliny a v p\u0159\u00edpad\u011b pot\u0159eby kapalinu dopl\u0148te nebo vym\u011b\u0148te.<\/li>\n<li>Zkontrolujte v\u00e1lec, zda nevykazuje zn\u00e1mky po\u0161kozen\u00ed nebo opot\u0159eben\u00ed, a vym\u011b\u0148te v\u0161echny po\u0161kozen\u00e9 nebo opot\u0159ebovan\u00e9 d\u00edly.<\/li>\n<\/ul>\n<p>Aby se p\u0159ede\u0161lo potenci\u00e1ln\u00edm probl\u00e9m\u016fm, je nezbytn\u00e1 pravideln\u00e1 \u00fadr\u017eba a kontrola v\u00e1lce.<\/p>\n<p><img decoding=\"async\" src=\"https:\/\/www.hydraulic-cylinders.net\/wp-content\/uploads\/2025\/01\/songte-company-4.webp\" alt=\"Image spole\u010dnosti\"><br \/>\n<img decoding=\"async\" src=\"https:\/\/www.hydraulic-cylinders.net\/wp-content\/uploads\/2025\/01\/songte-company-3.webp\" alt=\"Image spole\u010dnosti\"><\/p>\n<h3>O n\u00e1s<\/h3>\n<p>Jsme profesion\u00e1ln\u00ed v\u00fdrobce n\u00e1hradn\u00edch hydraulick\u00fdch v\u00e1lc\u016f s \u0161irokou \u0161k\u00e1lou produkt\u016f. Stali jsme se jedn\u00edm z p\u0159edn\u00edch v\u00fdrobc\u016f a velkoobchodn\u00edch distributor\u016f hydraulick\u00fdch v\u00e1lc\u016f v tuzemsku i v zahrani\u010d\u00ed. V\u017edy se dr\u017e\u00edme principu excelence v kvalit\u011b a spol\u00e9h\u00e1me se na strategie \u0159\u00edzen\u00ed v\u00fdroby zdokonalen\u00fdch v\u00fdrobn\u00edch d\u00edlen, abychom neust\u00e1le zlep\u0161ovali na\u0161i technickou \u00farove\u0148 a efektivitu v\u00fdroby. Zav\u00e1d\u011bn\u00edm \u0161pi\u010dkov\u00e9ho digit\u00e1ln\u00edho v\u00fdrobn\u00edho za\u0159\u00edzen\u00ed a profesion\u00e1ln\u00edch testovac\u00edch syst\u00e9m\u016f neust\u00e1le optimalizujeme na\u0161i v\u00fdrobn\u00ed platformu a zlep\u0161ujeme proces kontroly kvality na\u0161ich v\u00fdrobk\u016f s siln\u00fdmi inova\u010dn\u00edmi schopnostmi. Na\u0161\u00edm c\u00edlem je uspokojovat rozmanit\u00e9 pot\u0159eby na\u0161ich z\u00e1kazn\u00edk\u016f s vysokou efektivitou, p\u0159esnost\u00ed a principy vysok\u00e9 kvality.<\/p>\n<p>Nab\u00edz\u00edme profesion\u00e1ln\u00ed, mezin\u00e1rodn\u011b certifikovan\u00e9, zak\u00e1zkov\u00e9 slu\u017eby a disponujeme modern\u00edm v\u00fdrobn\u00edm vybaven\u00edm a komplexn\u00edm poprodejn\u00edm servisem.<\/p>\n<p>Autor: lyl.<\/p>","protected":false},"excerpt":{"rendered":"<p>Arm Cylinder For Volwa Large Excavator DLS450-8B Introduction An arm cylinder is a specially designed hydraulic cylinder that is used to provide linear motion and power to the arms of various types of machinery such as excavators, cranes, and robotic arms. Arm cylinders play a vital role in the hydraulic system, enabling the efficient movement [&hellip;]<\/p>","protected":false},"featured_media":14766,"comment_status":"open","ping_status":"closed","template":"","meta":{"_et_pb_use_builder":"","_et_pb_old_content":"","_et_gb_content_width":""},"product_brand":[],"product_cat":[1497],"product_tag":[1498,1496],"class_list":{"0":"post-16824","1":"product","2":"type-product","3":"status-publish","4":"has-post-thumbnail","6":"product_cat-arm-cylinders","7":"product_tag-arm-cylinders","8":"product_tag-hydraulic-cylinders","10":"first","11":"instock","12":"shipping-taxable","13":"product-type-simple"},"amp_enabled":true,"_links":{"self":[{"href":"https:\/\/www.hydraulic-cylinders.net\/cs\/wp-json\/wp\/v2\/product\/16824","targetHints":{"allow":["GET"]}}],"collection":[{"href":"https:\/\/www.hydraulic-cylinders.net\/cs\/wp-json\/wp\/v2\/product"}],"about":[{"href":"https:\/\/www.hydraulic-cylinders.net\/cs\/wp-json\/wp\/v2\/types\/product"}],"replies":[{"embeddable":true,"href":"https:\/\/www.hydraulic-cylinders.net\/cs\/wp-json\/wp\/v2\/comments?post=16824"}],"wp:featuredmedia":[{"embeddable":true,"href":"https:\/\/www.hydraulic-cylinders.net\/cs\/wp-json\/wp\/v2\/media\/14766"}],"wp:attachment":[{"href":"https:\/\/www.hydraulic-cylinders.net\/cs\/wp-json\/wp\/v2\/media?parent=16824"}],"wp:term":[{"taxonomy":"product_brand","embeddable":true,"href":"https:\/\/www.hydraulic-cylinders.net\/cs\/wp-json\/wp\/v2\/product_brand?post=16824"},{"taxonomy":"product_cat","embeddable":true,"href":"https:\/\/www.hydraulic-cylinders.net\/cs\/wp-json\/wp\/v2\/product_cat?post=16824"},{"taxonomy":"product_tag","embeddable":true,"href":"https:\/\/www.hydraulic-cylinders.net\/cs\/wp-json\/wp\/v2\/product_tag?post=16824"}],"curies":[{"name":"wp","href":"https:\/\/api.w.org\/{rel}","templated":true}]}}