{"id":16826,"date":"2025-01-21T05:57:14","date_gmt":"2025-01-21T05:57:14","guid":{"rendered":"https:\/\/www.hydraulic-cylinders.net\/product\/arm-cylinder-for-volwa-wheel-excavator-dls890-9a\/"},"modified":"2025-01-21T05:57:16","modified_gmt":"2025-01-21T05:57:16","slug":"arm-cylinder-for-volwa-wheel-excavator-dls890-9a","status":"publish","type":"product","link":"https:\/\/www.hydraulic-cylinders.net\/cs\/produkt\/arm-cylinder-for-volwa-wheel-excavator-dls890-9a\/","title":{"rendered":"V\u00e1lec ramene pro kolov\u00e9 rypadlo Volwa DLS890-9A"},"content":{"rendered":"<h1>V\u00e1lec ramene pro kolov\u00e9 rypadlo Volwa DLS890-9A<\/h1>\n<h2>Zaveden\u00ed<\/h2>\n<p>V\u00e1lec ramene je specializovan\u00fd hydraulick\u00fd v\u00e1lec ur\u010den\u00fd k zaji\u0161t\u011bn\u00ed line\u00e1rn\u00edho pohybu a v\u00fdkonu r\u016fzn\u00fdch typ\u016f stroj\u016f, jako jsou bagry, je\u0159\u00e1by a mechanick\u00e1 ramena. V\u00e1lec ramene hraje kl\u00ed\u010dovou roli v hydraulick\u00fdch syst\u00e9mech, proto\u017ee umo\u017e\u0148uje efektivn\u00ed pohyb a ovl\u00e1d\u00e1n\u00ed p\u0159ipojen\u00e9ho n\u00e1\u0159ad\u00ed nebo p\u0159\u00edslu\u0161enstv\u00ed. Tyto v\u00e1lce nejen\u017ee zaji\u0161\u0165uj\u00ed plynul\u00fd pohyb, ale tak\u00e9 odol\u00e1vaj\u00ed t\u011b\u017ek\u00fdm z\u00e1t\u011b\u017e\u00edm, \u010d\u00edm\u017e zaji\u0161\u0165uj\u00ed efektivn\u00ed provoz a spolehlivost stroj\u016f v r\u016fzn\u00fdch provozn\u00edch podm\u00ednk\u00e1ch.<\/p>\n<p><img decoding=\"async\" src=\"https:\/\/www.hydraulic-cylinders.net\/wp-content\/uploads\/2025\/01\/songte-company-2.webp\"\/><\/p>\n<h3>Definice a vysv\u011btlen\u00ed<\/h3>\n<p>V\u00e1lec ramene, zn\u00e1m\u00fd tak\u00e9 jako v\u00e1lec v\u00fdlo\u017en\u00edku, je hydraulick\u00fd v\u00e1lec, kter\u00fd poskytuje s\u00edlu a pohyb ramenu t\u011b\u017ek\u00fdch stroj\u016f. Skl\u00e1d\u00e1 se z p\u00edstn\u00ed ty\u010de, v\u00e1lce a t\u011bsn\u011bn\u00ed, kter\u00e9 spole\u010dn\u011b p\u0159em\u011b\u0148uj\u00ed hydraulickou energii na line\u00e1rn\u00ed pohyb. V\u00e1lec ramene funguje tak, \u017ee vysouv\u00e1 a zasouv\u00e1 p\u00edstn\u00ed ty\u010d, co\u017e n\u00e1sledn\u011b pohybuje p\u0159ipojen\u00fdm ramenem. Tento line\u00e1rn\u00ed pohyb je kl\u00ed\u010dov\u00fd v r\u016fzn\u00fdch aplikac\u00edch, jako je kop\u00e1n\u00ed, zved\u00e1n\u00ed a manipulace s materi\u00e1lem.<\/p>\n<h3>Funkce<\/h3>\n<ul>\n<li>Vysoce \u00fa\u010dinn\u00fd pohon: V\u00e1lec ramene poskytuje siln\u00fd line\u00e1rn\u00ed pohyb a s\u00edlu, co\u017e zaji\u0161\u0165uje vysoce \u00fa\u010dinn\u00fd v\u00fdkon v r\u016fzn\u00fdch operac\u00edch.<\/li>\n<li>P\u0159esn\u00e9 ovl\u00e1d\u00e1n\u00ed: D\u00edky hydraulick\u00e9mu syst\u00e9mu m\u016f\u017ee v\u00e1lec ramene dos\u00e1hnout p\u0159esn\u00e9ho ovl\u00e1d\u00e1n\u00ed pohybu, co\u017e zvy\u0161uje flexibilitu a p\u0159esnost ovl\u00e1d\u00e1n\u00ed p\u0159ipojen\u00fdch n\u00e1stroj\u016f.<\/li>\n<li>Vysok\u00e1 odolnost: V\u00e1lce ramen jsou obvykle vyrobeny z vysoce pevn\u00fdch materi\u00e1l\u016f a maj\u00ed dobrou odolnost proti opot\u0159eben\u00ed a korozi, tak\u017ee jsou vhodn\u00e9 pro dlouhodob\u00e9 pou\u017e\u00edv\u00e1n\u00ed v n\u00e1ro\u010dn\u00fdch podm\u00ednk\u00e1ch.<\/li>\n<li>Multifunk\u010dn\u00ed p\u0159izp\u016fsobivost: Tyto v\u00e1lce se \u0161iroce pou\u017e\u00edvaj\u00ed v r\u016fzn\u00fdch mechanick\u00fdch za\u0159\u00edzen\u00edch, jako jsou bagry, je\u0159\u00e1by a mechanick\u00e1 ramena, k p\u0159izp\u016fsoben\u00ed se r\u016fzn\u00fdm pracovn\u00edm po\u017eadavk\u016fm.<\/li>\n<li>Snadn\u00e1 \u00fadr\u017eba: V\u00e1lce jsou navr\u017eeny pro snadnou \u00fadr\u017ebu a v\u00fdm\u011bnu, tak\u017ee pravideln\u00e9 kontroly a \u00fadr\u017eba jsou pohodln\u011bj\u0161\u00ed a zkracuj\u00ed prostoje za\u0159\u00edzen\u00ed.<\/li>\n<\/ul>\n<p><img decoding=\"async\" src=\"https:\/\/www.hydraulic-cylinders.net\/wp-content\/uploads\/2025\/01\/songte-oil-pipes-and-spare-parts.webp\"\/><\/p>\n<h3>Aplikace<\/h3>\n<p>V\u00e1lec ramene se pou\u017e\u00edv\u00e1 v r\u016fzn\u00fdch pr\u016fmyslov\u00fdch odv\u011btv\u00edch a aplikac\u00edch, jako nap\u0159\u00edklad:<\/p>\n<ul>\n<li>Konstrukce: U bagr\u016f a je\u0159\u00e1b\u016f ovl\u00e1d\u00e1 v\u00e1lec ramene pohyb l\u017e\u00edce nebo v\u00fdlo\u017en\u00edku pro zemn\u00ed pr\u00e1ce, manipulaci s materi\u00e1lem a mont\u00e1\u017e konstrukc\u00ed.<\/li>\n<li>V\u00fdroba: V automatizovan\u00fdch v\u00fdrobn\u00edch link\u00e1ch \u0159\u00edd\u00ed v\u00e1lec ramene pohyb mechanick\u00e9ho ramene pro mont\u00e1\u017e, sva\u0159ov\u00e1n\u00ed a manipulaci s materi\u00e1lem, \u010d\u00edm\u017e se zlep\u0161uje efektivita a p\u0159esnost v\u00fdroby.<\/li>\n<li>Zem\u011bd\u011blsk\u00e9 stroje: U zem\u011bd\u011blsk\u00fdch stroj\u016f, jako jsou skl\u00edzec\u00ed a sec\u00ed stroje, v\u00e1lec ramene ovl\u00e1d\u00e1 pohyb ovl\u00e1dac\u00edho ramene a prov\u00e1d\u00ed \u00fakoly, jako je set\u00ed, hnojen\u00ed a sklize\u0148.<\/li>\n<li>T\u011b\u017eba: V t\u011b\u017eebn\u00edm za\u0159\u00edzen\u00ed \u0159\u00edd\u00ed v\u00e1lec ramene pohyb ramene t\u011b\u017eebn\u00edho za\u0159\u00edzen\u00ed pro t\u011b\u017ebu a manipulaci s materi\u00e1lem.<\/li>\n<li>Logistika a doprava: U vysokozdvi\u017en\u00fdch voz\u00edk\u016f a transportn\u00edch robot\u016f ovl\u00e1d\u00e1 v\u00e1lec ramene zved\u00e1n\u00ed a pohyb vidlice, \u010d\u00edm\u017e se prov\u00e1d\u00ed manipulace s materi\u00e1lem a jeho stohov\u00e1n\u00ed.<\/li>\n<\/ul>\n<h3>Konstruk\u010dn\u00ed aspekty a krit\u00e9ria v\u00fdb\u011bru<\/h3>\n<p>V\u00e1lec ramene m\u00e1 n\u011bkolik kl\u00ed\u010dov\u00fdch konstruk\u010dn\u00edch aspekt\u016f a krit\u00e9ri\u00ed pro v\u00fdb\u011br:<\/p>\n<h4>Nosnost:<\/h4>\n<p>V\u00e1lec ramene mus\u00ed b\u00fdt navr\u017een tak, aby odolal maxim\u00e1ln\u00edmu zat\u00ed\u017een\u00ed a sil\u00e1m, kter\u00fdm bude b\u011bhem provozu \u010delit. Velikost otvoru v\u00e1lce, pr\u016fm\u011br p\u00edstnice a pevnost materi\u00e1lu mus\u00ed b\u00fdt pe\u010dliv\u011b zvoleny, aby byla zaji\u0161t\u011bna spr\u00e1vn\u00e1 \u00fanosnost.<\/p>\n<h4>T\u011bsn\u011bn\u00ed a trvanlivost:<\/h4>\n<p>V\u00e1lec ramene vy\u017eaduje robustn\u00ed t\u011bsn\u011bn\u00ed, aby se zabr\u00e1nilo \u00faniku hydraulick\u00e9 kapaliny a aby se zajistil spr\u00e1vn\u00fd provoz. T\u011bsn\u011bn\u00ed v\u00e1lce mus\u00ed b\u00fdt vybr\u00e1na na z\u00e1klad\u011b provozn\u00edho prost\u0159ed\u00ed a podm\u00ednek a sou\u010d\u00e1sti v\u00e1lce mus\u00ed b\u00fdt vyrobeny z odoln\u00fdch materi\u00e1l\u016f, aby odolaly opot\u0159eben\u00ed a korozi.<\/p>\n<h4>Bezpe\u010dnost a \u00fadr\u017eba:<\/h4>\n<p>V\u00e1lec s ramenem mus\u00ed b\u00fdt navr\u017een s ohledem na bezpe\u010dnost a \u00fadr\u017ebu. Sou\u010d\u00e1sti v\u00e1lce mus\u00ed b\u00fdt snadno p\u0159\u00edstupn\u00e9 pro kontrolu a \u00fadr\u017ebu a mus\u00ed b\u00fdt vybaveny bezpe\u010dnostn\u00edmi prvky, jako jsou p\u0159etlakov\u00e9 ventily, aby se zabr\u00e1nilo nehod\u00e1m.<\/p>\n<p><img decoding=\"async\" src=\"https:\/\/www.hydraulic-cylinders.net\/wp-content\/uploads\/2025\/01\/songte-cylinder-head-with-all-kinds-excavator-models.webp\"\/><\/p>\n<h3>T\u011bsn\u011bn\u00ed a maz\u00e1n\u00ed<\/h3>\n<p>V\u00e1lec ramene pou\u017e\u00edv\u00e1 r\u016fzn\u00e9 t\u011bsnic\u00ed komponenty, jako jsou t\u011bsn\u011bn\u00ed p\u00edstu a t\u011bsn\u011bn\u00ed p\u00edstnice, kter\u00e9 mus\u00ed b\u00fdt vyrobeny z materi\u00e1l\u016f odoln\u00fdch proti opot\u0159eben\u00ed, jako je polyuretan a nitrilov\u00e1 pry\u017e. V\u00e1lcov\u00fd v\u00e1lec a z\u00e1vitov\u00e9 koncov\u00e9 plochy tak\u00e9 vy\u017eaduj\u00ed jemn\u00e9 opracov\u00e1n\u00ed pro zlep\u0161en\u00ed odolnosti proti opot\u0159eben\u00ed. V\u00e1lec ramene vy\u017eaduje pravideln\u00e9 maz\u00e1n\u00ed hydraulick\u00fdm olejem, aby se sn\u00ed\u017eilo t\u0159en\u00ed a opot\u0159eben\u00ed mezi pohybliv\u00fdmi \u010d\u00e1stmi.<\/p>\n<h3>Inspekce a preventivn\u00ed \u00fadr\u017eba<\/h3>\n<p>Pravideln\u00e1 kontrola a preventivn\u00ed \u00fadr\u017eba jsou nezbytn\u00e9 pro spr\u00e1vn\u00fd provoz v\u00e1lce ramene. T\u011bsn\u011bn\u00ed v\u00e1lce, p\u00edstnice a dal\u0161\u00ed sou\u010d\u00e1sti je nutn\u00e9 kontrolovat, zda nejsou opot\u0159ebovan\u00e9 a po\u0161kozen\u00e9, a hydraulick\u00fd olej je nutn\u00e9 pravideln\u011b m\u011bnit, aby se zajistilo spr\u00e1vn\u00e9 maz\u00e1n\u00ed.<\/p>\n<h3>Instala\u010dn\u00ed p\u0159\u00edru\u010dka<\/h3>\n<p>Instalace v\u00e1lce ramene vy\u017eaduje pe\u010dlivou pozornost k detail\u016fm, aby byla zaji\u0161t\u011bna spr\u00e1vn\u00e1 funkce. P\u0159ed instalac\u00ed mus\u00ed b\u00fdt hydraulick\u00fd syst\u00e9m za\u0159\u00edzen\u00ed odtlakov\u00e1n a sou\u010d\u00e1sti v\u00e1lce ramene mus\u00ed b\u00fdt zkontrolov\u00e1ny, zda nejsou po\u0161kozen\u00e9 nebo opot\u0159ebovan\u00e9. B\u011bhem instalace mus\u00ed b\u00fdt upev\u0148ovac\u00ed \u0161rouby v\u00e1lce uta\u017eeny podle specifikac\u00ed v\u00fdrobce a hydraulick\u00e9 hadice v\u00e1lce mus\u00ed b\u00fdt spr\u00e1vn\u011b p\u0159ipojeny.<\/p>\n<p><img decoding=\"async\" src=\"https:\/\/www.hydraulic-cylinders.net\/wp-content\/uploads\/2025\/01\/songte-bushings-with-all-kinds-of-excavator-models.webp\"\/><\/p>\n<h3>Bezpe\u010dnostn\u00ed aspekty a faktory prost\u0159ed\u00ed<\/h3>\n<p>P\u0159i pou\u017e\u00edv\u00e1n\u00ed v\u00e1lce s ramenem je nutn\u00e9 dodr\u017eovat bezpe\u010dnostn\u00ed opat\u0159en\u00ed k prevenci nehod. Tato opat\u0159en\u00ed zahrnuj\u00ed no\u0161en\u00ed vhodn\u00fdch osobn\u00edch ochrann\u00fdch prost\u0159edk\u016f, dodr\u017eov\u00e1n\u00ed bezpe\u010dn\u00fdch pracovn\u00edch postup\u016f a zaji\u0161t\u011bn\u00ed pravideln\u00e9 \u00fadr\u017eby a kontroly za\u0159\u00edzen\u00ed. Funk\u010dnost v\u00e1lce s ramenem mohou ovlivnit i faktory prost\u0159ed\u00ed, jako je teplota a vlhkost, a proto je nutn\u00e9 je zohlednit p\u0159i n\u00e1vrhu a v\u00fdb\u011bru v\u00e1lce.<\/p>\n<h3>Odstra\u0148ov\u00e1n\u00ed probl\u00e9m\u016f a b\u011b\u017en\u00e9 probl\u00e9my<\/h3>\n<p>Mezi b\u011b\u017en\u00e9 probl\u00e9my s v\u00e1lcem ramene pat\u0159\u00ed \u00fanik hydraulick\u00e9 kapaliny, posun v\u00e1lce a nerovnom\u011brn\u00e9 opot\u0159eben\u00ed. Tyto probl\u00e9my mohou b\u00fdt zp\u016fsobeny \u0159adou faktor\u016f, jako jsou opot\u0159ebovan\u00e1 t\u011bsn\u011bn\u00ed, po\u0161kozen\u00e9 sou\u010d\u00e1sti nebo nespr\u00e1vn\u00e1 instalace. Pro diagnostiku a vy\u0159e\u0161en\u00ed t\u011bchto probl\u00e9m\u016f mus\u00ed obsluha za\u0159\u00edzen\u00ed prov\u00e9st d\u016fkladnou kontrolu sou\u010d\u00e1st\u00ed v\u00e1lce a hydraulick\u00e9ho syst\u00e9mu a postupovat podle pokyn\u016f v\u00fdrobce pro odstra\u0148ov\u00e1n\u00ed probl\u00e9m\u016f.<\/p>\n<h3>Z\u00e1v\u011br<\/h3>\n<p>Jsme profesion\u00e1ln\u00ed v\u00fdrobce n\u00e1hradn\u00edch hydraulick\u00fdch v\u00e1lc\u016f se \u0161irokou \u0161k\u00e1lou produkt\u016f a vedouc\u00edm postaven\u00edm na dom\u00e1c\u00edm i mezin\u00e1rodn\u00edm trhu. V\u017edy se dr\u017e\u00edme z\u00e1sady vynikaj\u00edc\u00ed kvality a prost\u0159ednictv\u00edm industrializovan\u00fdch strategi\u00ed \u0159\u00edzen\u00ed v\u00fdroby v na\u0161\u00ed precizn\u00ed v\u00fdrobn\u00ed d\u00edln\u011b neust\u00e1le zlep\u0161ujeme na\u0161i technickou \u00farove\u0148 a efektivitu v\u00fdroby. Na\u0161\u00edm c\u00edlem je uspokojovat rozmanit\u00e9 pot\u0159eby z\u00e1kazn\u00edk\u016f s vyu\u017eit\u00edm princip\u016f vysok\u00e9 \u00fa\u010dinnosti, p\u0159esnosti a vysok\u00e9 kvality.<\/p>\n<p>Na\u0161e spole\u010dnost nab\u00edz\u00ed profesion\u00e1ln\u00ed slu\u017eby, mezin\u00e1rodn\u00ed certifikace, \u0159e\u0161en\u00ed na m\u00edru, modern\u00ed v\u00fdrobn\u00ed za\u0159\u00edzen\u00ed a poprodejn\u00ed servis. D\u00edky na\u0161emu z\u00e1vazku k dokonalosti a inovac\u00edm se sna\u017e\u00edme poskytovat na\u0161im z\u00e1kazn\u00edk\u016fm ty nejlep\u0161\u00ed produkty v oblasti hydraulick\u00fdch v\u00e1lc\u016f.<\/p>\n<p><img decoding=\"async\" src=\"https:\/\/www.hydraulic-cylinders.net\/wp-content\/uploads\/2025\/01\/songte-company-4.webp\"\/><br \/>\n<img decoding=\"async\" src=\"https:\/\/www.hydraulic-cylinders.net\/wp-content\/uploads\/2025\/01\/songte-company-3.webp\"\/><\/p>\n<p>Autor: lyl.<\/p>","protected":false},"excerpt":{"rendered":"<p>Arm Cylinder For Volwa Wheel Excavator DLS890-9A Introduction The arm cylinder is a specialized hydraulic cylinder designed to provide linear motion and power to various types of machinery, such as excavators, cranes, and mechanical arms. The arm cylinder plays a crucial role in hydraulic systems, enabling the efficient movement and control of attached tools or [&hellip;]<\/p>","protected":false},"featured_media":14759,"comment_status":"open","ping_status":"closed","template":"","meta":{"_et_pb_use_builder":"","_et_pb_old_content":"","_et_gb_content_width":""},"product_brand":[],"product_cat":[1497],"product_tag":[1498,1496],"class_list":{"0":"post-16826","1":"product","2":"type-product","3":"status-publish","4":"has-post-thumbnail","6":"product_cat-arm-cylinders","7":"product_tag-arm-cylinders","8":"product_tag-hydraulic-cylinders","10":"first","11":"instock","12":"shipping-taxable","13":"product-type-simple"},"amp_enabled":true,"_links":{"self":[{"href":"https:\/\/www.hydraulic-cylinders.net\/cs\/wp-json\/wp\/v2\/product\/16826","targetHints":{"allow":["GET"]}}],"collection":[{"href":"https:\/\/www.hydraulic-cylinders.net\/cs\/wp-json\/wp\/v2\/product"}],"about":[{"href":"https:\/\/www.hydraulic-cylinders.net\/cs\/wp-json\/wp\/v2\/types\/product"}],"replies":[{"embeddable":true,"href":"https:\/\/www.hydraulic-cylinders.net\/cs\/wp-json\/wp\/v2\/comments?post=16826"}],"wp:featuredmedia":[{"embeddable":true,"href":"https:\/\/www.hydraulic-cylinders.net\/cs\/wp-json\/wp\/v2\/media\/14759"}],"wp:attachment":[{"href":"https:\/\/www.hydraulic-cylinders.net\/cs\/wp-json\/wp\/v2\/media?parent=16826"}],"wp:term":[{"taxonomy":"product_brand","embeddable":true,"href":"https:\/\/www.hydraulic-cylinders.net\/cs\/wp-json\/wp\/v2\/product_brand?post=16826"},{"taxonomy":"product_cat","embeddable":true,"href":"https:\/\/www.hydraulic-cylinders.net\/cs\/wp-json\/wp\/v2\/product_cat?post=16826"},{"taxonomy":"product_tag","embeddable":true,"href":"https:\/\/www.hydraulic-cylinders.net\/cs\/wp-json\/wp\/v2\/product_tag?post=16826"}],"curies":[{"name":"wp","href":"https:\/\/api.w.org\/{rel}","templated":true}]}}