{"id":16829,"date":"2025-01-21T05:57:31","date_gmt":"2025-01-21T05:57:31","guid":{"rendered":"https:\/\/www.hydraulic-cylinders.net\/product\/arm-cylinder-for-volwa-cane-unloader-dls190-9a\/"},"modified":"2025-01-21T05:57:33","modified_gmt":"2025-01-21T05:57:33","slug":"arm-cylinder-for-volwa-cane-unloader-dls190-9a","status":"publish","type":"product","link":"https:\/\/www.hydraulic-cylinders.net\/cs\/produkt\/arm-cylinder-for-volwa-cane-unloader-dls190-9a\/","title":{"rendered":"V\u00e1lec ramene pro vyklada\u010d cukrov\u00e9 t\u0159tiny Volwa DLS190-9A"},"content":{"rendered":"<h1>V\u00e1lec ramene pro vyklada\u010d cukrov\u00e9 t\u0159tiny Volwa DLS190-9A<\/h1>\n<h2>Zaveden\u00ed<\/h2>\n<p>V\u00e1lec ramene je typ hydraulick\u00e9ho v\u00e1lce speci\u00e1ln\u011b navr\u017een\u00e9ho pro zaji\u0161t\u011bn\u00ed line\u00e1rn\u00edho pohybu a v\u00fdkonu pro r\u016fzn\u00e1 ramena stroj\u016f, jako jsou bagry, je\u0159\u00e1by a mechanick\u00e1 ramena. Hraje kl\u00ed\u010dovou roli v hydraulick\u00fdch syst\u00e9mech, proto\u017ee umo\u017e\u0148uje efektivn\u00ed pohyb a ovl\u00e1d\u00e1n\u00ed dal\u0161\u00edho n\u00e1\u0159ad\u00ed nebo p\u0159\u00edslu\u0161enstv\u00ed. Tyto v\u00e1lce nejen dosahuj\u00ed plynul\u00e9ho chodu, ale tak\u00e9 odol\u00e1vaj\u00ed t\u011b\u017ek\u00fdm z\u00e1t\u011b\u017e\u00edm, \u010d\u00edm\u017e zaji\u0161\u0165uj\u00ed efektivn\u00ed provoz a spolehlivost stroj\u016f za r\u016fzn\u00fdch provozn\u00edch podm\u00ednek.<\/p>\n<p><img decoding=\"async\" src=\"https:\/\/www.hydraulic-cylinders.net\/wp-content\/uploads\/2025\/01\/songte-company-2.webp\" alt=\"obr\u00e1zek v\u00e1lce ramene\"><\/p>\n<h2>Funkce<\/h2>\n<ul>\n<li>P\u0159enos vysok\u00e9ho v\u00fdkonu: V\u00e1lec ramene poskytuje siln\u00fd line\u00e1rn\u00ed pohyb a s\u00edlu, co\u017e zaji\u0161\u0165uje vysokou \u00fa\u010dinnost mechanick\u00e9ho ramene p\u0159i r\u016fzn\u00fdch operac\u00edch.<\/li>\n<li>P\u0159esn\u00e9 ovl\u00e1d\u00e1n\u00ed: D\u00edky hydraulick\u00e9mu syst\u00e9mu m\u016f\u017ee v\u00e1lec ramene dos\u00e1hnout p\u0159esn\u00e9ho ovl\u00e1d\u00e1n\u00ed pohybu, co\u017e umo\u017e\u0148uje flexibiln\u011bj\u0161\u00ed a p\u0159esn\u011bj\u0161\u00ed ovl\u00e1d\u00e1n\u00ed dal\u0161\u00edch n\u00e1stroj\u016f.<\/li>\n<li>Vysok\u00e1 odolnost: V\u00e1lce ramen jsou obvykle vyrobeny z vysoce pevn\u00fdch materi\u00e1l\u016f a maj\u00ed dobrou odolnost proti opot\u0159eben\u00ed a korozi, jsou vhodn\u00e9 pro dlouhodob\u00e9 pou\u017eit\u00ed v n\u00e1ro\u010dn\u00fdch podm\u00ednk\u00e1ch.<\/li>\n<li>Multifunk\u010dn\u00ed p\u0159izp\u016fsobivost: Tyto v\u00e1lce lze \u0161iroce pou\u017e\u00edvat v r\u016fzn\u00fdch typech stroj\u016f, jako jsou bagry, je\u0159\u00e1by a mechanick\u00e1 ramena, a p\u0159izp\u016fsobit se tak r\u016fzn\u00fdm po\u017eadavk\u016fm na pr\u00e1ci.<\/li>\n<li>Snadn\u00e1 \u00fadr\u017eba: Konstrukce zohled\u0148uje snadnou \u00fadr\u017ebu a v\u00fdm\u011bnu, co\u017e usnad\u0148uje pravideln\u00e9 kontroly a \u00fadr\u017ebu a zkracuje prostoje za\u0159\u00edzen\u00ed.<\/li>\n<\/ul>\n<p>Tento produkt dok\u00e1\u017eeme vyrobit a n\u00e1\u0161 produkt dok\u00e1\u017ee dokonale nahradit tyto hydraulick\u00e9 v\u00e1lce.<\/p>\n<p><img decoding=\"async\" src=\"https:\/\/www.hydraulic-cylinders.net\/wp-content\/uploads\/2025\/01\/songte-oil-pipes-and-spare-parts.webp\" alt=\"obr\u00e1zek n\u00e1hradn\u00edch d\u00edl\u016f\"><\/p>\n<h2>Aplikace<\/h2>\n<p>V\u00e1lce ramen se \u0161iroce pou\u017e\u00edvaj\u00ed v r\u016fzn\u00fdch pr\u016fmyslov\u00fdch odv\u011btv\u00edch a maj\u00ed \u0159adu aplikac\u00ed, jako nap\u0159\u00edklad:<\/p>\n<ul>\n<li><strong>Stavebn\u00ed in\u017een\u00fdrstv\u00ed:<\/strong> U bagr\u016f a je\u0159\u00e1b\u016f se v\u00e1lce ramen pou\u017e\u00edvaj\u00ed k ovl\u00e1d\u00e1n\u00ed pohybu l\u017eic nebo v\u00fdlo\u017en\u00edk\u016f pro zemn\u00ed pr\u00e1ce, manipulaci s materi\u00e1lem a mont\u00e1\u017e konstrukc\u00ed.<\/li>\n<li><strong>V\u00fdrobn\u00ed:<\/strong> V automatizovan\u00fdch v\u00fdrobn\u00edch link\u00e1ch se v\u00e1lce ramen pou\u017e\u00edvaj\u00ed k pohybu mechanick\u00fdch ramen pro mont\u00e1\u017e, sva\u0159ov\u00e1n\u00ed a manipulaci s v\u00fdrobou, co\u017e zvy\u0161uje produktivitu a p\u0159esnost.<\/li>\n<li><strong>Zem\u011bd\u011blsk\u00e9 stroje:<\/strong> V zem\u011bd\u011blsk\u00fdch stroj\u00edch, jako jsou skl\u00edzec\u00ed a s\u00e1zec\u00ed stroje, ovl\u00e1daj\u00ed v\u00e1lce ramen pohyb opera\u010dn\u00edch ramen a prov\u00e1d\u011bj\u00ed \u00fakoly, jako je set\u00ed, hnojen\u00ed a sklize\u0148.<\/li>\n<li><strong>Hornictv\u00ed:<\/strong> V t\u011b\u017eebn\u00edch za\u0159\u00edzen\u00edch se v\u00e1lce ramen pou\u017e\u00edvaj\u00ed k ovl\u00e1d\u00e1n\u00ed pohybu ramen t\u011b\u017eebn\u00edho za\u0159\u00edzen\u00ed a k prov\u00e1d\u011bn\u00ed \u00fakol\u016f, jako je t\u011b\u017eba a p\u0159eprava nerost\u016f.<\/li>\n<li><strong>Logistika a doprava:<\/strong> U vysokozdvi\u017en\u00fdch voz\u00edk\u016f a manipula\u010dn\u00edch robot\u016f se v\u00e1lce ramen pou\u017e\u00edvaj\u00ed k ovl\u00e1d\u00e1n\u00ed zved\u00e1n\u00ed a pohybu vidlic, \u010d\u00edm\u017e se dosahuje manipulace s materi\u00e1lem a jeho stohov\u00e1n\u00ed.<\/li>\n<\/ul>\n<h2>Konstruk\u010dn\u00ed aspekty a krit\u00e9ria v\u00fdb\u011bru<\/h2>\n<p>V\u00e1lce ramen jsou navr\u017eeny s ohledem na n\u011bkolik kl\u00ed\u010dov\u00fdch aspekt\u016f, v\u010detn\u011b:<\/p>\n<ul>\n<li><strong>\u00danosnost:<\/strong> V\u00e1lec mus\u00ed b\u00fdt schopen odolat sil\u00e1m, kter\u00e9 na n\u011bj p\u016fsob\u00ed, a zat\u00ed\u017een\u00ed, kter\u00e9 zved\u00e1.<\/li>\n<li><strong>T\u011bsn\u011bn\u00ed:<\/strong> V ramenov\u00fdch v\u00e1lc\u00edch se pou\u017e\u00edv\u00e1 \u0159ada t\u011bsn\u011bn\u00ed, jako jsou p\u00edstn\u00ed t\u011bsn\u011bn\u00ed a p\u00edstn\u00ed t\u011bsn\u011bn\u00ed, kter\u00e1 jsou vyb\u00edr\u00e1na pro svou odolnost proti opot\u0159eben\u00ed, trvanlivost a chemickou kompatibilitu.<\/li>\n<li><strong>Trvanlivost:<\/strong> V\u00e1lce ramen jsou obvykle vyrobeny z vysoce pevn\u00fdch materi\u00e1l\u016f a maj\u00ed upraven\u00e9 povrchy, aby odol\u00e1valy od\u011bru a korozi.<\/li>\n<li><strong>Bezpe\u010dnost:<\/strong> V\u00e1lce ramen mus\u00ed b\u00fdt navr\u017eeny tak, aby zajistily bezpe\u010dn\u00fd provoz, a mus\u00ed b\u00fdt vybaveny bezpe\u010dnostn\u00edmi prvky, jako jsou blokovac\u00ed ventily a p\u0159etlakov\u00e9 ventily.<\/li>\n<li><strong>\u00dadr\u017eba:<\/strong> V\u00e1lce ramen mus\u00ed b\u00fdt snadno udr\u017eovateln\u00e9 a mus\u00ed m\u00edt vlastnosti, jako jsou vym\u011bniteln\u00e1 t\u011bsn\u011bn\u00ed a snadn\u00fd p\u0159\u00edstup k vnit\u0159n\u00edm sou\u010d\u00e1stem.<\/li>\n<\/ul>\n<p><img decoding=\"async\" src=\"https:\/\/www.hydraulic-cylinders.net\/wp-content\/uploads\/2025\/01\/songte-cylinder-head-with-all-kinds-excavator-models.webp\" alt=\"obr\u00e1zek hlavy v\u00e1lc\u016f\"><\/p>\n<h2>T\u011bsn\u011bn\u00ed a maz\u00e1n\u00ed<\/h2>\n<p>V\u00e1lce ramen pou\u017e\u00edvaj\u00ed r\u016fzn\u00e1 t\u011bsn\u011bn\u00ed, jako jsou p\u00edstn\u00ed t\u011bsn\u011bn\u00ed a t\u011bsn\u011bn\u00ed p\u00edstnice, vyroben\u00e1 z materi\u00e1l\u016f odoln\u00fdch proti opot\u0159eben\u00ed, jako je polyuretan a nitrilov\u00e1 pry\u017e. T\u011bleso v\u00e1lce a z\u00e1vitov\u00e9 konce jsou jemn\u011b o\u0161et\u0159eny pro zlep\u0161en\u00ed odolnosti proti opot\u0159eben\u00ed. Pro maz\u00e1n\u00ed v\u00e1lce a prevenci \u00fanik\u016f je nutn\u00e9 pravideln\u011b p\u0159id\u00e1vat vhodn\u00fd hydraulick\u00fd olej.<\/p>\n<p><img decoding=\"async\" src=\"https:\/\/www.hydraulic-cylinders.net\/wp-content\/uploads\/2025\/01\/songte-chushion-collar.webp\" alt=\"obr\u00e1zek tule\u0148\u016f\"><\/p>\n<h2>\u00dadr\u017eba a preventivn\u00ed opat\u0159en\u00ed<\/h2>\n<p>Pravideln\u00e1 kontrola a preventivn\u00ed \u00fadr\u017eba jsou nezbytn\u00e9 pro zaji\u0161t\u011bn\u00ed efektivn\u00edho provozu a dlouh\u00e9 \u017eivotnosti v\u00e1lc\u016f ramen. Mezi doporu\u010den\u00e1 opat\u0159en\u00ed pat\u0159\u00ed:<\/p>\n<ul>\n<li>Pravideln\u011b kontrolujte v\u00e1lec, zda nen\u00ed opot\u0159ebovan\u00fd, net\u011bsn\u00fd a jinak po\u0161kozen\u00fd.<\/li>\n<li>Udr\u017eujte v\u00e1lec a hydraulick\u00fd syst\u00e9m v \u010distot\u011b, abyste zabr\u00e1nili jejich kontaminaci.<\/li>\n<li>Ujist\u011bte se, \u017ee je v\u00e1lec \u0159\u00e1dn\u011b promaz\u00e1n doporu\u010den\u00fdm hydraulick\u00fdm olejem a \u017ee je hladina oleje dostate\u010dn\u00e1.<\/li>\n<li>Dodr\u017eujte doporu\u010den\u00ed a postupy \u00fadr\u017eby od v\u00fdrobce.<\/li>\n<\/ul>\n<h2>Instala\u010dn\u00ed p\u0159\u00edru\u010dka<\/h2>\n<p>Instalace v\u00e1lc\u016f ramen vy\u017eaduje pe\u010dlivou pozornost, aby byla zaji\u0161t\u011bna spr\u00e1vn\u00e1 funkce. Mezi z\u00e1kladn\u00ed kroky pat\u0159\u00ed:<\/p>\n<ul>\n<li>Ujist\u011bte se, \u017ee je v\u00e1lec kompatibiln\u00ed se strojem a aplikac\u00ed.<\/li>\n<li>Hydraulick\u00e9 hadice a armatury sestavte dle po\u017eadavk\u016f.<\/li>\n<li>Ujist\u011bte se, \u017ee je v\u00e1lec spr\u00e1vn\u011b zarovn\u00e1n se strojem.<\/li>\n<li>Po instalaci zkontrolujte t\u011bsnost a spr\u00e1vnou funkci.<\/li>\n<\/ul>\n<p><img decoding=\"async\" src=\"https:\/\/www.hydraulic-cylinders.net\/wp-content\/uploads\/2025\/01\/songte-bushings-with-all-kinds-of-excavator-models.webp\" alt=\"obr\u00e1zek pouzder\"><\/p>\n<h2>Bezpe\u010dnostn\u00ed aspekty a faktory prost\u0159ed\u00ed<\/h2>\n<p>Bezpe\u010dn\u00fd provoz v\u00e1lc\u016f ramen vy\u017eaduje \u0159\u00e1dn\u00e9 \u0161kolen\u00ed a \u00fadr\u017ebu, stejn\u011b jako dodr\u017eov\u00e1n\u00ed bezpe\u010dnostn\u00edch pokyn\u016f v manu\u00e1lu. Faktory prost\u0159ed\u00ed, jako je teplota, vlhkost a vystaven\u00ed chemik\u00e1li\u00edm, mohou ovlivnit v\u00fdkon a \u017eivotnost v\u00e1lc\u016f ramen.<\/p>\n<h2>B\u011b\u017en\u00e9 probl\u00e9my a jejich \u0159e\u0161en\u00ed<\/h2>\n<p>Mezi b\u011b\u017en\u00e9 probl\u00e9my, kter\u00e9 se mohou vyskytnout s v\u00e1lci ramen, pat\u0159\u00ed:<\/p>\n<ul>\n<li>Unikaj\u00edc\u00ed olej<\/li>\n<li>Nedostatek s\u00edly nebo pomal\u00fd pohyb<\/li>\n<li>Trhav\u00fd nebo nepravideln\u00fd pohyb<\/li>\n<li>Nadm\u011brn\u00fd hluk nebo vibrace<\/li>\n<\/ul>\n<p>Spr\u00e1vn\u00e9 techniky odstra\u0148ov\u00e1n\u00ed probl\u00e9m\u016f, jako je kontrola po\u0161kozen\u00fdch t\u011bsn\u011bn\u00ed, nedostatku oleje nebo nespr\u00e1vn\u011b usazen\u00fdch sou\u010d\u00e1st\u00ed, mohou pomoci tyto probl\u00e9my diagnostikovat a vy\u0159e\u0161it. Preventivn\u00ed opat\u0159en\u00ed, jako je pravideln\u00e1 \u00fadr\u017eba a kontroly, mohou tak\u00e9 minimalizovat riziko vzniku probl\u00e9m\u016f.<\/p>\n<p><img decoding=\"async\" src=\"https:\/\/www.hydraulic-cylinders.net\/wp-content\/uploads\/2025\/01\/songte-company-4.webp\" alt=\"image spole\u010dnosti\"><br \/>\n<img decoding=\"async\" src=\"https:\/\/www.hydraulic-cylinders.net\/wp-content\/uploads\/2025\/01\/songte-company-3.webp\" alt=\"obr\u00e1zek z tov\u00e1rny\"><\/p>\n<h2>O n\u00e1s<\/h2>\n<p>Jsme profesion\u00e1ln\u00ed v\u00fdrobce hydraulick\u00fdch v\u00e1lc\u016f a n\u00e1hradn\u00edch d\u00edl\u016f, nab\u00edz\u00edme \u0161irokou \u0161k\u00e1lu produkt\u016f a st\u00e1v\u00e1me se jedn\u00edm z p\u0159edn\u00edch v\u00fdrobc\u016f a velkoobchodn\u00edch distributor\u016f hydraulick\u00fdch v\u00e1lc\u016f na dom\u00e1c\u00edm i mezin\u00e1rodn\u00edm trhu. V\u017edy se dr\u017e\u00edme principu nejvy\u0161\u0161\u00ed kvality a spol\u00e9h\u00e1me se na industrializovan\u00e9 strategie \u0159\u00edzen\u00ed v\u00fdroby v na\u0161ich sofistikovan\u00fdch v\u00fdrobn\u00edch d\u00edln\u00e1ch, abychom neust\u00e1le zlep\u0161ovali na\u0161i technickou \u00farove\u0148 a efektivitu v\u00fdroby. Zav\u00e1d\u011bn\u00edm pokro\u010dil\u00e9ho digit\u00e1ln\u00edho v\u00fdrobn\u00edho za\u0159\u00edzen\u00ed a profesion\u00e1ln\u00edch testovac\u00edch syst\u00e9m\u016f optimalizujeme na\u0161i v\u00fdrobn\u00ed platformu, zdokonalujeme procesy kontroly kvality na\u0161ich v\u00fdrobk\u016f a disponujeme siln\u00fdmi inovativn\u00edmi schopnostmi. Na\u0161\u00edm c\u00edlem je uspokojovat rozmanit\u00e9 pot\u0159eby na\u0161ich z\u00e1kazn\u00edk\u016f efektivn\u00edmi, p\u0159esn\u00fdmi a vysoce kvalitn\u00edmi produkty.<\/p>\n<p>Nab\u00edz\u00edme profesion\u00e1ln\u00ed slu\u017eby, mezin\u00e1rodn\u00ed certifikace, slu\u017eby na m\u00edru, modern\u00ed v\u00fdrobn\u00ed za\u0159\u00edzen\u00ed a vynikaj\u00edc\u00ed poprodejn\u00ed servis, abychom splnili pot\u0159eby na\u0161ich z\u00e1kazn\u00edk\u016f.<\/p>\n<p>Autor: lyl<\/p>","protected":false},"excerpt":{"rendered":"<p>Arm Cylinder For Volwa Cane Unloader DLS190-9A Introduction Arm cylinder is a type of hydraulic cylinder specially designed to provide linear motion and power for various machine arms, such as excavators, cranes, and mechanical arms. It plays a crucial role in hydraulic systems, allowing additional tools or attachments to move and be controlled effectively. These [&hellip;]<\/p>","protected":false},"featured_media":14779,"comment_status":"open","ping_status":"closed","template":"","meta":{"_et_pb_use_builder":"","_et_pb_old_content":"","_et_gb_content_width":""},"product_brand":[],"product_cat":[1497],"product_tag":[1498,1496],"class_list":{"0":"post-16829","1":"product","2":"type-product","3":"status-publish","4":"has-post-thumbnail","6":"product_cat-arm-cylinders","7":"product_tag-arm-cylinders","8":"product_tag-hydraulic-cylinders","10":"first","11":"instock","12":"shipping-taxable","13":"product-type-simple"},"amp_enabled":true,"_links":{"self":[{"href":"https:\/\/www.hydraulic-cylinders.net\/cs\/wp-json\/wp\/v2\/product\/16829","targetHints":{"allow":["GET"]}}],"collection":[{"href":"https:\/\/www.hydraulic-cylinders.net\/cs\/wp-json\/wp\/v2\/product"}],"about":[{"href":"https:\/\/www.hydraulic-cylinders.net\/cs\/wp-json\/wp\/v2\/types\/product"}],"replies":[{"embeddable":true,"href":"https:\/\/www.hydraulic-cylinders.net\/cs\/wp-json\/wp\/v2\/comments?post=16829"}],"wp:featuredmedia":[{"embeddable":true,"href":"https:\/\/www.hydraulic-cylinders.net\/cs\/wp-json\/wp\/v2\/media\/14779"}],"wp:attachment":[{"href":"https:\/\/www.hydraulic-cylinders.net\/cs\/wp-json\/wp\/v2\/media?parent=16829"}],"wp:term":[{"taxonomy":"product_brand","embeddable":true,"href":"https:\/\/www.hydraulic-cylinders.net\/cs\/wp-json\/wp\/v2\/product_brand?post=16829"},{"taxonomy":"product_cat","embeddable":true,"href":"https:\/\/www.hydraulic-cylinders.net\/cs\/wp-json\/wp\/v2\/product_cat?post=16829"},{"taxonomy":"product_tag","embeddable":true,"href":"https:\/\/www.hydraulic-cylinders.net\/cs\/wp-json\/wp\/v2\/product_tag?post=16829"}],"curies":[{"name":"wp","href":"https:\/\/api.w.org\/{rel}","templated":true}]}}