{"id":16830,"date":"2025-01-21T05:57:35","date_gmt":"2025-01-21T05:57:35","guid":{"rendered":"https:\/\/www.hydraulic-cylinders.net\/product\/arm-cylinder-for-volwa-cane-unloader-dls210-9a\/"},"modified":"2025-01-21T05:57:37","modified_gmt":"2025-01-21T05:57:37","slug":"arm-cylinder-for-volwa-cane-unloader-dls210-9a","status":"publish","type":"product","link":"https:\/\/www.hydraulic-cylinders.net\/cs\/produkt\/arm-cylinder-for-volwa-cane-unloader-dls210-9a\/","title":{"rendered":"V\u00e1lec ramene pro vyklada\u010d cukrov\u00e9 t\u0159tiny Volwa DLS210-9A"},"content":{"rendered":"<h1>V\u00e1lec ramene pro vyklada\u010d cukrov\u00e9 t\u0159tiny Volwa DLS210-9A<\/h1>\n<h2>Zaveden\u00ed<\/h2>\n<p>Hydraulick\u00fd v\u00e1lec pro vyklada\u010d t\u0159tinov\u00fdch \u0159ezanek Volwa DLS210-9A je specializovan\u00fd hydraulick\u00fd v\u00e1lec ur\u010den\u00fd k zaji\u0161t\u011bn\u00ed line\u00e1rn\u00edho pohybu a v\u00fdkonu r\u016fzn\u00fdch typ\u016f ramen stroj\u016f, jako jsou bagry, je\u0159\u00e1by a robotick\u00e1 ramena. V\u00e1lec ramene hraje kl\u00ed\u010dovou roli v hydraulick\u00fdch syst\u00e9mech, proto\u017ee umo\u017e\u0148uje efektivn\u00ed pohyb a ovl\u00e1d\u00e1n\u00ed p\u0159\u00edslu\u0161enstv\u00ed nebo p\u0159\u00edslu\u0161enstv\u00ed. Tyto v\u00e1lce nejen zaji\u0161\u0165uj\u00ed plynul\u00fd pohyb, ale tak\u00e9 odol\u00e1vaj\u00ed t\u011b\u017ek\u00fdm z\u00e1t\u011b\u017e\u00edm, \u010d\u00edm\u017e zaji\u0161\u0165uj\u00ed efektivn\u00ed provoz a spolehlivost stroj\u016f za r\u016fzn\u00fdch pracovn\u00edch podm\u00ednek.<\/p>\n<p><img decoding=\"async\" src=\"https:\/\/www.hydraulic-cylinders.net\/wp-content\/uploads\/2025\/01\/songte-company-2.webp\" alt=\"Obr\u00e1zek v\u00e1lce ramene\"><\/p>\n<h2>Funkce<\/h2>\n<ul>\n<li><strong>Vysoce \u00fa\u010dinn\u00fd pohon:<\/strong> V\u00e1lec ramene poskytuje siln\u00fd line\u00e1rn\u00ed pohyb a s\u00edlu, co\u017e zaji\u0161\u0165uje vysok\u00fd v\u00fdkon ramene stroje v r\u016fzn\u00fdch operac\u00edch.<\/li>\n<li><strong>P\u0159esn\u00e9 ovl\u00e1d\u00e1n\u00ed:<\/strong> D\u00edky hydraulick\u00e9mu syst\u00e9mu umo\u017e\u0148uje v\u00e1lec ramene p\u0159esn\u00e9 ovl\u00e1d\u00e1n\u00ed pohybu, \u010d\u00edm\u017e je ovl\u00e1d\u00e1n\u00ed p\u0159ipojen\u00e9ho n\u00e1\u0159ad\u00ed flexibiln\u011bj\u0161\u00ed a p\u0159esn\u011bj\u0161\u00ed.<\/li>\n<li><strong>Trvanlivost:<\/strong> V\u00e1lce s rameny se obvykle vyr\u00e1b\u011bj\u00ed z vysoce pevn\u00fdch materi\u00e1l\u016f, kter\u00e9 nab\u00edzej\u00ed vynikaj\u00edc\u00ed odolnost proti opot\u0159eben\u00ed a korozi, d\u00edky \u010demu\u017e jsou vhodn\u00e9 pro dlouhodob\u00e9 pou\u017e\u00edv\u00e1n\u00ed v n\u00e1ro\u010dn\u00fdch podm\u00ednk\u00e1ch.<\/li>\n<li><strong>Multifunk\u010dn\u00ed p\u0159izp\u016fsobivost:<\/strong> Tyto v\u00e1lce lze \u0161iroce pou\u017e\u00edt v r\u016fzn\u00fdch typech stroj\u016f, jako jsou bagry, je\u0159\u00e1by a robotick\u00e1 ramena, a p\u0159izp\u016fsobit se tak r\u016fzn\u00fdm pracovn\u00edm po\u017eadavk\u016fm.<\/li>\n<li><strong>Snadn\u00e1 \u00fadr\u017eba:<\/strong> Konstrukce zohled\u0148uje snadnou \u00fadr\u017ebu a v\u00fdm\u011bnu, co\u017e usnad\u0148uje pravideln\u00e9 kontroly a \u00fadr\u017ebu a zkracuje prostoje za\u0159\u00edzen\u00ed.<\/li>\n<\/ul>\n<p><img decoding=\"async\" src=\"https:\/\/www.hydraulic-cylinders.net\/wp-content\/uploads\/2025\/01\/songte-oil-pipes-and-spare-parts.webp\" alt=\"Obr\u00e1zek produktu\"><\/p>\n<h2>Aplikace<\/h2>\n<p>V\u00e1lec ramene pro vyklada\u010d cukrov\u00e9 t\u0159tiny Volwa DLS210-9A nach\u00e1z\u00ed uplatn\u011bn\u00ed v r\u016fzn\u00fdch odv\u011btv\u00edch:<\/p>\n<ol>\n<li><strong>Stavebn\u00ed in\u017een\u00fdrstv\u00ed:<\/strong> U bagr\u016f a je\u0159\u00e1b\u016f ovl\u00e1d\u00e1 v\u00e1lec ramene pohyb l\u017e\u00edc nebo v\u00fdlo\u017en\u00edk\u016f pro zemn\u00ed pr\u00e1ce, manipulaci s materi\u00e1lem a mont\u00e1\u017e konstrukc\u00ed.<\/li>\n<li><strong>Zpracovatelsk\u00fd pr\u016fmysl:<\/strong> V automatizovan\u00fdch v\u00fdrobn\u00edch link\u00e1ch usnad\u0148uje v\u00e1lec ramene pohyb robotick\u00fdch ramen pro mont\u00e1\u017en\u00ed, sva\u0159ovac\u00ed a manipula\u010dn\u00ed procesy, \u010d\u00edm\u017e zvy\u0161uje efektivitu a p\u0159esnost v\u00fdroby.<\/li>\n<li><strong>Zem\u011bd\u011blsk\u00e9 stroje:<\/strong> V zem\u011bd\u011blsk\u00fdch stroj\u00edch, jako jsou skl\u00edzec\u00ed a sec\u00ed stroje, \u0159\u00edd\u00ed v\u00e1lec ramene pohyb ovl\u00e1dac\u00edch ramen pro \u00fakoly, jako je set\u00ed, hnojen\u00ed a sklize\u0148.<\/li>\n<li><strong>Hornictv\u00ed:<\/strong> V t\u011b\u017eebn\u00edm za\u0159\u00edzen\u00ed \u0159\u00edd\u00ed v\u00e1lec ramene pohyb ramene pro t\u011b\u017ebu a p\u0159epravu rudy.<\/li>\n<li><strong>Logistika a doprava:<\/strong> U vysokozdvi\u017en\u00fdch voz\u00edk\u016f a manipula\u010dn\u00edch robot\u016f \u0159\u00edd\u00ed v\u00e1lec ramene zved\u00e1n\u00ed a pohyb vidlic, co\u017e umo\u017e\u0148uje manipulaci s materi\u00e1lem a jeho stohov\u00e1n\u00ed.<\/li>\n<\/ol>\n<h2>Konstruk\u010dn\u00ed aspekty a krit\u00e9ria v\u00fdb\u011bru<\/h2>\n<p>Pokud jde o n\u00e1vrh a v\u00fdb\u011br v\u00e1lce s ramenem, je t\u0159eba zv\u00e1\u017eit n\u011bkolik faktor\u016f:<\/p>\n<ol>\n<li><strong>Nosnost:<\/strong> V\u00e1lec ramene by m\u011bl b\u00fdt schopen zvl\u00e1dnout o\u010dek\u00e1van\u00e9 zat\u00ed\u017een\u00ed b\u011bhem provozu.<\/li>\n<li><strong>T\u011bsn\u011bn\u00ed:<\/strong> Pro zaji\u0161t\u011bn\u00ed \u00fa\u010dinn\u00e9ho ut\u011bsn\u011bn\u00ed by se m\u011bly pou\u017e\u00edvat r\u016fzn\u00e9 t\u011bsnic\u00ed komponenty, jako jsou t\u011bsn\u011bn\u00ed p\u00edst\u016f a p\u00edstnic vyroben\u00e1 z materi\u00e1l\u016f odoln\u00fdch proti opot\u0159eben\u00ed, jako je polyuretan a nitrilov\u00e1 pry\u017e.<\/li>\n<li><strong>Trvanlivost:<\/strong> T\u011bleso v\u00e1lce a z\u00e1vitov\u00e9 konce by m\u011bly b\u00fdt pro zv\u00fd\u0161en\u00ed odolnosti proti opot\u0159eben\u00ed podrobeny p\u0159esn\u00e9mu o\u0161et\u0159en\u00ed.<\/li>\n<li><strong>Bezpe\u010dnost:<\/strong> Do n\u00e1vrhu by m\u011bly b\u00fdt za\u010dlen\u011bny bezpe\u010dnostn\u00ed prvky, aby se p\u0159ede\u0161lo nehod\u00e1m b\u011bhem provozu.<\/li>\n<li><strong>\u00dadr\u017eba:<\/strong> P\u0159i n\u00e1vrhu by m\u011blo b\u00fdt zohledn\u011bno pravideln\u00e9 maz\u00e1n\u00ed vhodn\u00fdm hydraulick\u00fdm olejem a snadn\u00fd p\u0159\u00edstup pro \u00fadr\u017ebu a opravy.<\/li>\n<\/ol>\n<p><img decoding=\"async\" src=\"https:\/\/www.hydraulic-cylinders.net\/wp-content\/uploads\/2025\/01\/songte-cylinder-head-with-all-kinds-excavator-models.webp\" alt=\"Obr\u00e1zek produktu\"><\/p>\n<h2>T\u011bsn\u011bn\u00ed a maz\u00e1n\u00ed<\/h2>\n<p>V\u00e1lec s ramenem vyu\u017e\u00edv\u00e1 r\u016fzn\u00e9 t\u011bsnic\u00ed komponenty, jako jsou t\u011bsn\u011bn\u00ed p\u00edstu a p\u00edstnice, vyroben\u00e9 z materi\u00e1l\u016f odoln\u00fdch proti opot\u0159eben\u00ed, jako je polyuretan a nitrilov\u00e1 pry\u017e. T\u011bleso v\u00e1lce a z\u00e1vitov\u00e9 konce proch\u00e1zej\u00ed p\u0159esn\u00fdm o\u0161et\u0159en\u00edm pro zv\u00fd\u0161en\u00ed odolnosti proti opot\u0159eben\u00ed. Pravideln\u00e9 maz\u00e1n\u00ed vhodn\u00fdm mno\u017estv\u00edm hydraulick\u00e9ho oleje je nezbytn\u00e9 pro zaji\u0161t\u011bn\u00ed hladk\u00e9ho provozu a dlouh\u00e9 \u017eivotnosti v\u00e1lce.<\/p>\n<h2>Pravideln\u00e1 kontrola a preventivn\u00ed \u00fadr\u017eba<\/h2>\n<p>Pro zaji\u0161t\u011bn\u00ed optim\u00e1ln\u00edho v\u00fdkonu a dlouh\u00e9 \u017eivotnosti v\u00e1lce ramene jsou nezbytn\u00e9 pravideln\u00e9 kontroly a preventivn\u00ed \u00fadr\u017eba. M\u011bla by b\u00fdt p\u0159ijata n\u00e1sleduj\u00edc\u00ed opat\u0159en\u00ed:<\/p>\n<ol>\n<li>Zkontrolujte v\u00e1lec, zda nevykazuje zn\u00e1mky net\u011bsnosti, po\u0161kozen\u00ed nebo opot\u0159eben\u00ed.<\/li>\n<li>Pravideln\u011b kontrolujte t\u011bsnic\u00ed prvky a maz\u00e1n\u00ed.<\/li>\n<li>Kontrolujte a udr\u017eujte hydraulick\u00e9 spoje a hadice.<\/li>\n<li>Zajist\u011bte spr\u00e1vn\u00e9 vyrovn\u00e1n\u00ed a mont\u00e1\u017e v\u00e1lce.<\/li>\n<li>Pro \u00fadr\u017ebu a v\u00fdm\u011bnu dodr\u017eujte pokyny v\u00fdrobce.<\/li>\n<\/ol>\n<h2>Pr\u016fvodce instalac\u00ed produktu<\/h2>\n<p>Spr\u00e1vn\u00e1 instalace v\u00e1lce ramene je kl\u00ed\u010dov\u00e1 pro jeho efektivn\u00ed provoz. Postupujte podle t\u011bchto krok\u016f:<\/p>\n<ol>\n<li>Zajist\u011bte, aby strojn\u00ed za\u0159\u00edzen\u00ed bylo v bezpe\u010dn\u00e9 a stabiln\u00ed poloze.<\/li>\n<li>Zarovnejte v\u00e1lec s mont\u00e1\u017en\u00edmi body na rameni stroje.<\/li>\n<li>Bezpe\u010dn\u011b upevn\u011bte v\u00e1lec pomoc\u00ed vhodn\u00fdch \u0161roub\u016f a matic.<\/li>\n<li>Zkontrolujte spr\u00e1vn\u00e9 vyrovn\u00e1n\u00ed a v\u016fli.<\/li>\n<li>Prove\u010fte funk\u010dn\u00ed zkou\u0161ku, abyste se ujistili, \u017ee v\u00e1lec funguje spr\u00e1vn\u011b.<\/li>\n<\/ol>\n<p><img decoding=\"async\" src=\"https:\/\/www.hydraulic-cylinders.net\/wp-content\/uploads\/2025\/01\/songte-bushings-with-all-kinds-of-excavator-models.webp\" alt=\"Obr\u00e1zek produktu\"><\/p>\n<h2>Bezpe\u010dnostn\u00ed aspekty a faktory prost\u0159ed\u00ed<\/h2>\n<p>P\u0159i pou\u017e\u00edv\u00e1n\u00ed v\u00e1lce s ramenem je z\u00e1sadn\u00ed up\u0159ednostnit bezpe\u010dnostn\u00ed opat\u0159en\u00ed. Zaveden\u00ed vhodn\u00fdch bezpe\u010dnostn\u00edch opat\u0159en\u00ed je nezbytn\u00e9 pro prevenci nehod a zaji\u0161t\u011bn\u00ed pohody obsluhy a okoln\u00edho person\u00e1lu. Krom\u011b toho zohledn\u011bn\u00ed faktor\u016f \u017eivotn\u00edho prost\u0159ed\u00ed, jako je spr\u00e1vn\u00e1 likvidace hydraulick\u00fdch kapalin a dodr\u017eov\u00e1n\u00ed environment\u00e1ln\u00edch p\u0159edpis\u016f, pom\u00e1h\u00e1 minimalizovat dopad na \u017eivotn\u00ed prost\u0159ed\u00ed.<\/p>\n<h2>Odstra\u0148ov\u00e1n\u00ed probl\u00e9m\u016f a b\u011b\u017en\u00e9 probl\u00e9my<\/h2>\n<p>Ob\u010das se mohou s v\u00e1lcem ramene vyskytnout ur\u010dit\u00e9 probl\u00e9my. Zde jsou n\u011bkter\u00e9 b\u011b\u017en\u00e9 probl\u00e9my a jejich mo\u017en\u00e1 \u0159e\u0161en\u00ed:<\/p>\n<ol>\n<li><strong>\u00danik:<\/strong> Zkontrolujte a vym\u011b\u0148te v\u0161echny po\u0161kozen\u00e9 nebo opot\u0159ebovan\u00e9 t\u011bsnic\u00ed sou\u010d\u00e1sti. Zajist\u011bte spr\u00e1vn\u00e9 maz\u00e1n\u00ed.<\/li>\n<li><strong>Pomal\u00fd nebo nekonzistentn\u00ed provoz:<\/strong> Zkontrolujte, zda v hydraulick\u00fdch potrub\u00edch nejsou ucp\u00e1n\u00ed nebo omezen\u00ed. Zkontrolujte hydraulick\u00e9 \u010derpadlo a ventily, zda nefunguj\u00ed spr\u00e1vn\u011b.<\/li>\n<li><strong>Nadm\u011brn\u00fd hluk nebo vibrace:<\/strong> Zkontrolujte mont\u00e1\u017en\u00ed body a spoje, zda jsou spr\u00e1vn\u011b zarovn\u00e1ny a uta\u017eeny. Zkontrolujte, zda nejsou po\u0161kozen\u00e9 nebo opot\u0159ebovan\u00e9 sou\u010d\u00e1sti.<\/li>\n<\/ol>\n<p><img decoding=\"async\" src=\"https:\/\/www.hydraulic-cylinders.net\/wp-content\/uploads\/2025\/01\/songte-chushion-collar.webp\" alt=\"Obr\u00e1zek produktu\"><\/p>\n<p>Dodr\u017eov\u00e1n\u00edm t\u011bchto tip\u016f pro \u0159e\u0161en\u00ed probl\u00e9m\u016f a preventivn\u00edch opat\u0159en\u00ed mohou \u010dten\u00e1\u0159i efektivn\u011b diagnostikovat a \u0159e\u0161it probl\u00e9my souvisej\u00edc\u00ed s v\u00e1lcem ramene, minimalizovat potenci\u00e1ln\u00ed probl\u00e9my a zlep\u0161it celkov\u00fd v\u00fdkon.<\/p>\n<h2>O na\u0161\u00ed spole\u010dnosti<\/h2>\n<p>Jsme profesion\u00e1ln\u00ed v\u00fdrobce n\u00e1hradn\u00edch hydraulick\u00fdch v\u00e1lc\u016f a nab\u00edz\u00edme \u0161irokou \u0161k\u00e1lu produkt\u016f. Stali jsme se jedn\u00edm z p\u0159edn\u00edch v\u00fdrobc\u016f a velkoobchodn\u00edch distributor\u016f hydraulick\u00fdch v\u00e1lc\u016f na dom\u00e1c\u00edm i mezin\u00e1rodn\u00edm trhu. N\u00e1\u0161 z\u00e1vazek k excelenci a strategie \u0159\u00edzen\u00ed pr\u016fmyslov\u00e9 v\u00fdroby v na\u0161\u00ed sofistikovan\u00e9 v\u00fdrobn\u00ed d\u00edln\u011b n\u00e1m umo\u017enily neust\u00e1le zlep\u0161ovat na\u0161e technick\u00e9 znalosti a efektivitu v\u00fdroby. Zav\u00e1d\u011bn\u00edm \u0161pi\u010dkov\u00e9ho digit\u00e1ln\u00edho v\u00fdrobn\u00edho za\u0159\u00edzen\u00ed a profesion\u00e1ln\u00edch testovac\u00edch syst\u00e9m\u016f optimalizujeme na\u0161i v\u00fdrobn\u00ed platformu a vylep\u0161ujeme procesy kontroly kvality v\u00fdrobk\u016f, \u010d\u00edm\u017e prokazujeme siln\u00e9 inovativn\u00ed schopnosti. Na\u0161\u00edm c\u00edlem je uspokojovat rozmanit\u00e9 po\u017eadavky z\u00e1kazn\u00edk\u016f s principy efektivity, p\u0159esnosti a vysok\u00e9 kvality.<\/p>\n<p><img decoding=\"async\" src=\"https:\/\/www.hydraulic-cylinders.net\/wp-content\/uploads\/2025\/01\/songte-company-4.webp\" alt=\"Image spole\u010dnosti\"><br \/>\n<img decoding=\"async\" src=\"https:\/\/www.hydraulic-cylinders.net\/wp-content\/uploads\/2025\/01\/songte-company-3.webp\" alt=\"Image spole\u010dnosti\"><\/p>\n<p>Jsme hrd\u00ed na na\u0161i profesionalitu, mezin\u00e1rodn\u00ed certifikace, slu\u017eby na m\u00edru, v\u00fdrobn\u00ed za\u0159\u00edzen\u00ed a poprodejn\u00ed servis. Sna\u017e\u00edme se poskytovat nejlep\u0161\u00ed \u0159e\u0161en\u00ed pro pot\u0159eby na\u0161ich z\u00e1kazn\u00edk\u016f v oblasti hydraulick\u00fdch v\u00e1lc\u016f.<\/p>\n<p>Autor: lyl<\/p>","protected":false},"excerpt":{"rendered":"<p>Arm Cylinder For Volwa Cane Unloader DLS210-9A Introduction The Arm Cylinder for Volwa Cane Unloader DLS210-9A is a specialized hydraulic cylinder designed to provide linear motion and power to various types of machinery arms, such as excavators, cranes, and robotic arms. The Arm Cylinder plays a crucial role in hydraulic systems, enabling the efficient movement [&hellip;]<\/p>","protected":false},"featured_media":14777,"comment_status":"open","ping_status":"closed","template":"","meta":{"_et_pb_use_builder":"","_et_pb_old_content":"","_et_gb_content_width":""},"product_brand":[],"product_cat":[1497],"product_tag":[1498,1496],"class_list":{"0":"post-16830","1":"product","2":"type-product","3":"status-publish","4":"has-post-thumbnail","6":"product_cat-arm-cylinders","7":"product_tag-arm-cylinders","8":"product_tag-hydraulic-cylinders","10":"first","11":"instock","12":"shipping-taxable","13":"product-type-simple"},"amp_enabled":true,"_links":{"self":[{"href":"https:\/\/www.hydraulic-cylinders.net\/cs\/wp-json\/wp\/v2\/product\/16830","targetHints":{"allow":["GET"]}}],"collection":[{"href":"https:\/\/www.hydraulic-cylinders.net\/cs\/wp-json\/wp\/v2\/product"}],"about":[{"href":"https:\/\/www.hydraulic-cylinders.net\/cs\/wp-json\/wp\/v2\/types\/product"}],"replies":[{"embeddable":true,"href":"https:\/\/www.hydraulic-cylinders.net\/cs\/wp-json\/wp\/v2\/comments?post=16830"}],"wp:featuredmedia":[{"embeddable":true,"href":"https:\/\/www.hydraulic-cylinders.net\/cs\/wp-json\/wp\/v2\/media\/14777"}],"wp:attachment":[{"href":"https:\/\/www.hydraulic-cylinders.net\/cs\/wp-json\/wp\/v2\/media?parent=16830"}],"wp:term":[{"taxonomy":"product_brand","embeddable":true,"href":"https:\/\/www.hydraulic-cylinders.net\/cs\/wp-json\/wp\/v2\/product_brand?post=16830"},{"taxonomy":"product_cat","embeddable":true,"href":"https:\/\/www.hydraulic-cylinders.net\/cs\/wp-json\/wp\/v2\/product_cat?post=16830"},{"taxonomy":"product_tag","embeddable":true,"href":"https:\/\/www.hydraulic-cylinders.net\/cs\/wp-json\/wp\/v2\/product_tag?post=16830"}],"curies":[{"name":"wp","href":"https:\/\/api.w.org\/{rel}","templated":true}]}}