{"id":16831,"date":"2025-01-21T05:57:40","date_gmt":"2025-01-21T05:57:40","guid":{"rendered":"https:\/\/www.hydraulic-cylinders.net\/product\/arm-cylinder-for-volwa-cane-unloader-dls870-9m\/"},"modified":"2025-01-21T05:57:41","modified_gmt":"2025-01-21T05:57:41","slug":"arm-cylinder-for-volwa-cane-unloader-dls870-9m","status":"publish","type":"product","link":"https:\/\/www.hydraulic-cylinders.net\/cs\/produkt\/arm-cylinder-for-volwa-cane-unloader-dls870-9m\/","title":{"rendered":"V\u00e1lec ramene pro vyklada\u010d cukrov\u00e9 t\u0159tiny Volwa DLS870-9M"},"content":{"rendered":"<p>V\u00e1lec ramene pro vyklada\u010d cukrov\u00e9 t\u0159tiny Volwa DLS870-9M: Definice a vysv\u011btlen\u00ed<\/p>\n<p>V\u00e1lec ramene je typ hydraulick\u00e9ho v\u00e1lce speci\u00e1ln\u011b navr\u017een\u00e9ho pro zaji\u0161t\u011bn\u00ed line\u00e1rn\u00edho pohybu a v\u00fdkonu r\u016fzn\u00fdch typ\u016f stroj\u016f, jako jsou bagry, je\u0159\u00e1by a mechanick\u00e1 ramena. Hraje kl\u00ed\u010dovou roli v hydraulick\u00fdch syst\u00e9mech, proto\u017ee umo\u017e\u0148uje efektivn\u00ed pohyb a ovl\u00e1d\u00e1n\u00ed dal\u0161\u00edho n\u00e1\u0159ad\u00ed nebo p\u0159\u00edslu\u0161enstv\u00ed. Tyto v\u00e1lce nejen usnad\u0148uj\u00ed plynul\u00fd pohyb, ale tak\u00e9 odol\u00e1vaj\u00ed t\u011b\u017ek\u00fdm z\u00e1t\u011b\u017e\u00edm, \u010d\u00edm\u017e zaji\u0161\u0165uj\u00ed efektivn\u00ed provoz a spolehlivost stroj\u016f za r\u016fzn\u00fdch pracovn\u00edch podm\u00ednek.<\/p>\n<p>V\u00e1lec ramene pro vyklada\u010d cukrov\u00e9 t\u0159tiny Volwa DLS870-9M: Vlastnosti<\/p>\n<p>V\u00e1lec ramene pro vyklada\u010d cukrov\u00e9 t\u0159tiny Volwa DLS870-9M m\u00e1 n\u011bkolik vlastnost\u00ed, d\u00edky nim\u017e je ide\u00e1ln\u00ed pro pou\u017eit\u00ed v r\u016fzn\u00fdch odv\u011btv\u00edch. Zde je p\u011bt p\u0159\u00edklad\u016f:<\/p>\n<p>1. Vysoce \u00fa\u010dinn\u00fd p\u0159evod: V\u00e1lec ramene poskytuje siln\u00fd line\u00e1rn\u00ed pohyb a s\u00edlu, co\u017e zaji\u0161\u0165uje vysokou \u00fa\u010dinnost mechanick\u00e9ho ramene p\u0159i r\u016fzn\u00fdch operac\u00edch.<\/p>\n<p>2. P\u0159esn\u00e9 ovl\u00e1d\u00e1n\u00ed: D\u00edky hydraulick\u00e9mu syst\u00e9mu m\u016f\u017ee v\u00e1lec ramene dos\u00e1hnout p\u0159esn\u00e9ho ovl\u00e1d\u00e1n\u00ed pohybu, co\u017e umo\u017e\u0148uje flexibiln\u011bj\u0161\u00ed a p\u0159esn\u011bj\u0161\u00ed ovl\u00e1d\u00e1n\u00ed dal\u0161\u00edch n\u00e1stroj\u016f.<\/p>\n<p>3. Vysok\u00e1 odolnost: V\u00e1lce ramen jsou obvykle vyrobeny z vysoce pevn\u00fdch materi\u00e1l\u016f a maj\u00ed vynikaj\u00edc\u00ed odolnost proti opot\u0159eben\u00ed a korozi, d\u00edky \u010demu\u017e jsou vhodn\u00e9 pro dlouhodob\u00e9 pou\u017e\u00edv\u00e1n\u00ed v n\u00e1ro\u010dn\u00fdch podm\u00ednk\u00e1ch.<\/p>\n<p>4. Multifunk\u010dn\u00ed p\u0159izp\u016fsobivost: Tyto v\u00e1lce lze \u0161iroce pou\u017e\u00edvat v r\u016fzn\u00fdch typech stroj\u016f, jako jsou bagry, je\u0159\u00e1by a mechanick\u00e1 ramena, aby spl\u0148ovaly r\u016fzn\u00e9 pracovn\u00ed po\u017eadavky.<\/p>\n<p>5. Snadn\u00e1 \u00fadr\u017eba: Konstrukce zohled\u0148uje snadnou \u00fadr\u017ebu a v\u00fdm\u011bnu, co\u017e usnad\u0148uje pravideln\u00e9 kontroly a \u00fadr\u017ebu a v\u00fdrazn\u011b sni\u017euje prostoje za\u0159\u00edzen\u00ed.<\/p>\n<p>V\u00e1lec ramene pro vyklada\u010d cukrov\u00e9 t\u0159tiny Volwa DLS870-9M: Pou\u017eit\u00ed<\/p>\n<p>V\u00e1lec ramene pro vyklada\u010d cukrov\u00e9 t\u0159tiny Volwa DLS870-9M se pou\u017e\u00edv\u00e1 v r\u016fzn\u00fdch pr\u016fmyslov\u00fdch odv\u011btv\u00edch, v\u010detn\u011b:<\/p>\n<p>1. Konstrukce: U bagr\u016f a je\u0159\u00e1b\u016f se v\u00e1lce ramen pou\u017e\u00edvaj\u00ed k ovl\u00e1d\u00e1n\u00ed pohybu l\u017e\u00edce nebo je\u0159\u00e1bu, k prov\u00e1d\u011bn\u00ed zemn\u00edch prac\u00ed, manipulace s materi\u00e1lem a mont\u00e1\u017ee konstrukc\u00ed.<\/p>\n<p>2. V\u00fdroba: V automatizovan\u00fdch v\u00fdrobn\u00edch link\u00e1ch se v\u00e1lce ramen pou\u017e\u00edvaj\u00ed k pohybu mechanick\u00fdch ramen, k prov\u00e1d\u011bn\u00ed mont\u00e1\u017en\u00edch, sva\u0159ovac\u00edch a manipula\u010dn\u00edch proces\u016f za \u00fa\u010delem zlep\u0161en\u00ed efektivity a p\u0159esnosti v\u00fdroby.<\/p>\n<p>3. Zem\u011bd\u011blsk\u00e9 stroje: U zem\u011bd\u011blsk\u00fdch stroj\u016f, jako jsou skl\u00edzec\u00ed a sec\u00ed stroje, ovl\u00e1daj\u00ed v\u00e1lce ramen pohyb ovl\u00e1dac\u00edho ramene a prov\u00e1d\u011bj\u00ed \u00fakoly, jako je s\u00e1zen\u00ed, hnojen\u00ed a sklize\u0148.<\/p>\n<p>4. T\u011b\u017eba: V t\u011b\u017eebn\u00edch za\u0159\u00edzen\u00edch se v\u00e1lce ramen pou\u017e\u00edvaj\u00ed k ovl\u00e1d\u00e1n\u00ed pohybu ramene t\u011b\u017eebn\u00edho za\u0159\u00edzen\u00ed, k prov\u00e1d\u011bn\u00ed t\u011b\u017eby a p\u0159epravy rudy.<\/p>\n<p>5. Logistika a doprava: U vysokozdvi\u017en\u00fdch voz\u00edk\u016f a manipula\u010dn\u00edch robot\u016f se v\u00e1lce ramen pou\u017e\u00edvaj\u00ed k ovl\u00e1d\u00e1n\u00ed zved\u00e1n\u00ed a pohybu zbo\u017e\u00ed, \u010d\u00edm\u017e se dosahuje manipulace s materi\u00e1lem a jeho stohov\u00e1n\u00ed.<\/p>\n<p>V\u00e1lec ramene pro vyklada\u010d cukrov\u00e9 t\u0159tiny Volwa DLS870-9M: Konstruk\u010dn\u00ed aspekty a krit\u00e9ria v\u00fdb\u011bru<\/p>\n<p>Konstrukce v\u00e1lc\u016f ramene zohled\u0148uje n\u011bkolik faktor\u016f, jako je nosnost, t\u011bsn\u011bn\u00ed, trvanlivost, bezpe\u010dnost a \u00fadr\u017eba. Zde je n\u011bkolik bod\u016f, kter\u00e9 je t\u0159eba zv\u00e1\u017eit:<\/p>\n<p>1. Nosnost: V\u00e1lec ramene mus\u00ed un\u00e9st hmotnost p\u0159ipojen\u00e9ho za\u0159\u00edzen\u00ed a ve\u0161ker\u00e9ho n\u00e1kladu, kter\u00fd nese.<\/p>\n<p>2. T\u011bsn\u011bn\u00ed: Je z\u00e1sadn\u00ed pou\u017e\u00edvat r\u016fzn\u00e9 t\u011bsnic\u00ed komponenty, jako jsou t\u011bsn\u011bn\u00ed p\u00edst\u016f, t\u011bsn\u011bn\u00ed p\u00edstnic a dal\u0161\u00ed, vyroben\u00e9 z materi\u00e1l\u016f odoln\u00fdch proti opot\u0159eben\u00ed, jako je polyuretan a nitrilov\u00e1 pry\u017e. T\u011bleso v\u00e1lce a z\u00e1vitov\u00e9 konce mus\u00ed tak\u00e9 proj\u00edt p\u0159esn\u00fdm zpracov\u00e1n\u00edm pro zlep\u0161en\u00ed odolnosti proti opot\u0159eben\u00ed.<\/p>\n<p>3. Trvanlivost: V\u00e1lec ramene mus\u00ed b\u00fdt vyroben z vysoce pevn\u00fdch materi\u00e1l\u016f, kter\u00e9 odol\u00e1vaj\u00ed n\u00e1ro\u010dn\u00fdm pracovn\u00edm podm\u00ednk\u00e1m v r\u016fzn\u00fdch pr\u016fmyslov\u00fdch odv\u011btv\u00edch.<\/p>\n<p>4. Bezpe\u010dnost: Je nezbytn\u00e9 zajistit, aby v\u00e1lec ramene m\u011bl bezpe\u010dnostn\u00ed prvky, jako je ochrana proti p\u0159etlaku a spr\u00e1vn\u00e9 zaji\u0161\u0165ovac\u00ed mechanismy, aby se zabr\u00e1nilo nehod\u00e1m.<\/p>\n<p>5. \u00dadr\u017eba: Konstrukce mus\u00ed zohled\u0148ovat snadnou \u00fadr\u017ebu a v\u00fdm\u011bnu d\u00edl\u016f, \u010d\u00edm\u017e se sn\u00ed\u017e\u00ed prostoje za\u0159\u00edzen\u00ed a n\u00e1klady na \u00fadr\u017ebu.<\/p>\n<p>V\u00e1lec ramene pro vyklada\u010d cukrov\u00e9 t\u0159tiny Volwa DLS870-9M: T\u011bsn\u011bn\u00ed a maz\u00e1n\u00ed<\/p>\n<p>V\u00e1lce s rameny vy\u017eaduj\u00ed r\u016fzn\u00e9 t\u011bsnic\u00ed komponenty, jako jsou t\u011bsn\u011bn\u00ed p\u00edst\u016f a p\u00edstnic, kter\u00e9 jsou vyrobeny z materi\u00e1l\u016f odoln\u00fdch proti opot\u0159eben\u00ed, jako je polyuretan a nitrilov\u00e1 pry\u017e. T\u011bleso v\u00e1lce a z\u00e1vitov\u00e9 konce proch\u00e1zej\u00ed p\u0159esn\u00fdm zpracov\u00e1n\u00edm pro zlep\u0161en\u00ed odolnosti proti opot\u0159eben\u00ed.<\/p>\n<p>Pou\u017e\u00edv\u00e1n\u00ed spr\u00e1vn\u00e9ho hydraulick\u00e9ho oleje a pravideln\u00e1 \u00fadr\u017eba mazac\u00edho syst\u00e9mu jsou nezbytn\u00e9 pro zaji\u0161t\u011bn\u00ed \u00fa\u010dinn\u00e9ho maz\u00e1n\u00ed v\u00e1lce ramene. Mazac\u00ed syst\u00e9m by m\u011bl b\u00fdt pravideln\u011b kontrolov\u00e1n a hydraulick\u00fd olej by m\u011bl b\u00fdt v pravideln\u00fdch intervalech vym\u011b\u0148ov\u00e1n, aby byl zaji\u0161t\u011bn optim\u00e1ln\u00ed v\u00fdkon.<\/p>\n<p>V\u00e1lec ramene pro vyklada\u010d cukrov\u00e9 t\u0159tiny Volwa DLS870-9M: Kontrola a preventivn\u00ed \u00fadr\u017eba<\/p>\n<p>Pravideln\u00e1 kontrola a preventivn\u00ed \u00fadr\u017eba jsou nezbytn\u00e9 pro zaji\u0161t\u011bn\u00ed optim\u00e1ln\u00edho v\u00fdkonu a dlouh\u00e9 \u017eivotnosti v\u00e1lce ramene. Zde je n\u011bkolik bod\u016f, kter\u00e9 je t\u0159eba zv\u00e1\u017eit:<\/p>\n<p>1. Pravideln\u00e1 kontrola t\u011bsn\u011bn\u00ed, z\u00e1vit\u016f a dal\u0161\u00edch sou\u010d\u00e1st\u00ed, zda nejsou opot\u0159ebov\u00e1ny nebo po\u0161kozeny.<\/p>\n<p>2. Kontrola hladiny a kvality hydraulick\u00e9ho oleje.<\/p>\n<p>3. Kontrola net\u011bsnost\u00ed a zaji\u0161t\u011bn\u00ed spr\u00e1vn\u00e9ho tlaku.<\/p>\n<p>4. V\u00fdm\u011bna t\u011bsn\u011bn\u00ed a dal\u0161\u00edch sou\u010d\u00e1st\u00ed dle pot\u0159eby.<\/p>\n<p>5. Spr\u00e1vn\u00e1 manipulace a skladov\u00e1n\u00ed, aby se zabr\u00e1nilo po\u0161kozen\u00ed.<\/p>\n<p>V\u00e1lec ramene pro vyklada\u010d cukrov\u00e9 t\u0159tiny Volwa DLS870-9M: N\u00e1vod k instalaci<\/p>\n<p>Zde je n\u011bkolik pokyn\u016f k instalaci, kter\u00e9 je t\u0159eba dodr\u017eovat:<\/p>\n<p>1. Ujist\u011bte se, \u017ee v\u00e1lec ramene je kompatibiln\u00ed se strojem a jeho nosnost\u00ed.<\/p>\n<p>2. P\u0159ed instalac\u00ed o\u010dist\u011bte a zkontrolujte v\u0161echny d\u00edly.<\/p>\n<p>3. P\u0159ed instalac\u00ed nama\u017ete v\u0161echny d\u00edly a t\u011bsn\u011bn\u00ed.<\/p>\n<p>4. Nainstalujte v\u00e1lec ramene podle pokyn\u016f v\u00fdrobce.<\/p>\n<p>5. Po instalaci zkontrolujte hydraulick\u00fd syst\u00e9m, zda je v n\u011bm spr\u00e1vn\u00fd tlak a zda v n\u011bm nejsou t\u011bsnosti.<\/p>\n<p>V\u00e1lec ramene pro vyklada\u010d cukrov\u00e9 t\u0159tiny Volwa DLS870-9M: Bezpe\u010dnostn\u00ed a environment\u00e1ln\u00ed aspekty<\/p>\n<p>P\u0159i manipulaci a instalaci v\u00e1lce ramene je nezbytn\u00e9 dodr\u017eovat bezpe\u010dnostn\u00ed opat\u0159en\u00ed. Tak\u00e9 je nezbytn\u00e1 spr\u00e1vn\u00e1 likvidace pou\u017eit\u00e9ho hydraulick\u00e9ho oleje a jeho d\u00edl\u016f, aby se zabr\u00e1nilo kontaminaci \u017eivotn\u00edho prost\u0159ed\u00ed.<\/p>\n<p>V\u00e1lec ramene pro vyklada\u010d t\u0159tin Volwa DLS870-9M: Odstra\u0148ov\u00e1n\u00ed probl\u00e9m\u016f a b\u011b\u017en\u00e9 probl\u00e9my<\/p>\n<p>Zde jsou n\u011bkter\u00e9 b\u011b\u017en\u00e9 probl\u00e9my, kter\u00e9 se mohou vyskytnout s v\u00e1lci ramene:<\/p>\n<p>1. Net\u011bsnosti v t\u011bsn\u011bn\u00ed nebo jin\u00fdch \u010d\u00e1stech.<\/p>\n<p>2. Neschopnost obsluhy nebo pohybu.<\/p>\n<p>3. Po\u0161kozen\u00ed t\u011blesa v\u00e1lce nebo z\u00e1vitov\u00fdch konc\u016f.<\/p>\n<p>4. P\u0159eh\u0159\u00e1t\u00ed hydraulick\u00e9ho syst\u00e9mu.<\/p>\n<p>Pro odstran\u011bn\u00ed t\u011bchto probl\u00e9m\u016f je nutn\u00e9 zkontrolovat posti\u017een\u00e9 d\u00edly, zda nejsou po\u0161kozen\u00e9 nebo opot\u0159ebovan\u00e9, a v p\u0159\u00edpad\u011b pot\u0159eby je vym\u011bnit. Je tak\u00e9 nezbytn\u00e9 dodr\u017eovat pokyny a p\u0159edpisy v\u00fdrobce pro \u00fadr\u017ebu.<\/p>\n<p>V\u00e1lec ramene pro vyklada\u010d cukrov\u00e9 t\u0159tiny Volwa DLS870-9M: Z\u00e1v\u011br<\/p>\n<p>Jako profesion\u00e1ln\u00ed v\u00fdrobce n\u00e1hradn\u00edch hydraulick\u00fdch v\u00e1lc\u016f nab\u00edz\u00edme \u0161irokou \u0161k\u00e1lu produkt\u016f a stali jsme se jedn\u00edm z p\u0159edn\u00edch v\u00fdrobc\u016f a velkoobchodn\u00edch distributor\u016f hydraulick\u00fdch v\u00e1lc\u016f na dom\u00e1c\u00edm i mezin\u00e1rodn\u00edm trhu. Na\u0161e produkty se \u0159\u00edd\u00ed principem vynikaj\u00edc\u00ed kvality a neust\u00e1le zlep\u0161ujeme na\u0161i technologii a efektivitu v\u00fdroby pomoc\u00ed pokro\u010dil\u00e9ho digit\u00e1ln\u00edho v\u00fdrobn\u00edho za\u0159\u00edzen\u00ed a profesion\u00e1ln\u00edch testovac\u00edch syst\u00e9m\u016f.<\/p>\n<p>Poskytujeme slu\u017eby na m\u00edru a z\u00edskali jsme \u0159adu mezin\u00e1rodn\u00edch certifikac\u00ed, jako jsou ISO9001, CE a SGS. Nab\u00edz\u00edme vynikaj\u00edc\u00ed poprodejn\u00ed servis, v\u010detn\u011b technick\u00e9 podpory a \u00fadr\u017eby. Sna\u017e\u00edme se uspokojit rozmanit\u00e9 pot\u0159eby na\u0161ich z\u00e1kazn\u00edk\u016f prost\u0159ednictv\u00edm na\u0161ich z\u00e1sad efektivity, p\u0159esnosti a vysok\u00e9 kvality.<\/p>","protected":false},"excerpt":{"rendered":"<p>Arm Cylinder for Volwa Cane Unloader DLS870-9M: Definition and Explanation Arm cylinder is a type of hydraulic cylinder specially designed to provide linear motion and power to various types of machinery, such as excavators, cranes, and mechanical arms. It plays a critical role in hydraulic systems, enabling the effective movement and control of additional tools [&hellip;]<\/p>","protected":false},"featured_media":14774,"comment_status":"open","ping_status":"closed","template":"","meta":{"_et_pb_use_builder":"","_et_pb_old_content":"","_et_gb_content_width":""},"product_brand":[],"product_cat":[1497],"product_tag":[1498,1496],"class_list":{"0":"post-16831","1":"product","2":"type-product","3":"status-publish","4":"has-post-thumbnail","6":"product_cat-arm-cylinders","7":"product_tag-arm-cylinders","8":"product_tag-hydraulic-cylinders","10":"first","11":"instock","12":"shipping-taxable","13":"product-type-simple"},"amp_enabled":true,"_links":{"self":[{"href":"https:\/\/www.hydraulic-cylinders.net\/cs\/wp-json\/wp\/v2\/product\/16831","targetHints":{"allow":["GET"]}}],"collection":[{"href":"https:\/\/www.hydraulic-cylinders.net\/cs\/wp-json\/wp\/v2\/product"}],"about":[{"href":"https:\/\/www.hydraulic-cylinders.net\/cs\/wp-json\/wp\/v2\/types\/product"}],"replies":[{"embeddable":true,"href":"https:\/\/www.hydraulic-cylinders.net\/cs\/wp-json\/wp\/v2\/comments?post=16831"}],"wp:featuredmedia":[{"embeddable":true,"href":"https:\/\/www.hydraulic-cylinders.net\/cs\/wp-json\/wp\/v2\/media\/14774"}],"wp:attachment":[{"href":"https:\/\/www.hydraulic-cylinders.net\/cs\/wp-json\/wp\/v2\/media?parent=16831"}],"wp:term":[{"taxonomy":"product_brand","embeddable":true,"href":"https:\/\/www.hydraulic-cylinders.net\/cs\/wp-json\/wp\/v2\/product_brand?post=16831"},{"taxonomy":"product_cat","embeddable":true,"href":"https:\/\/www.hydraulic-cylinders.net\/cs\/wp-json\/wp\/v2\/product_cat?post=16831"},{"taxonomy":"product_tag","embeddable":true,"href":"https:\/\/www.hydraulic-cylinders.net\/cs\/wp-json\/wp\/v2\/product_tag?post=16831"}],"curies":[{"name":"wp","href":"https:\/\/api.w.org\/{rel}","templated":true}]}}