{"id":16848,"date":"2025-01-21T06:07:46","date_gmt":"2025-01-21T06:07:46","guid":{"rendered":"https:\/\/www.hydraulic-cylinders.net\/product\/arm-cylinder-for-atlas-2006lc\/"},"modified":"2025-01-21T06:07:53","modified_gmt":"2025-01-21T06:07:53","slug":"arm-cylinder-for-atlas-2006lc","status":"publish","type":"product","link":"https:\/\/www.hydraulic-cylinders.net\/cs\/produkt\/arm-cylinder-for-atlas-2006lc\/","title":{"rendered":"V\u00e1lec ramene pro Atlas 2006LC"},"content":{"rendered":"<h2>V\u00e1lec ramene pro Atlas 2006LC<\/h2>\n<h3>Zaveden\u00ed<\/h3>\n<p>V\u00e1lec ramene je speci\u00e1ln\u011b navr\u017een\u00fd hydraulick\u00fd v\u00e1lec pou\u017e\u00edvan\u00fd k zaji\u0161t\u011bn\u00ed line\u00e1rn\u00edho pohybu a v\u00fdkonu ramen r\u016fzn\u00fdch typ\u016f stroj\u016f, jako jsou bagry, je\u0159\u00e1by a mechanick\u00e1 ramena. V\u00e1lec ramene hraje kl\u00ed\u010dovou roli v hydraulick\u00fdch syst\u00e9mech, proto\u017ee umo\u017e\u0148uje efektivn\u00ed pohyb a ovl\u00e1d\u00e1n\u00ed dal\u0161\u00edho n\u00e1\u0159ad\u00ed nebo p\u0159\u00edslu\u0161enstv\u00ed. Tyto v\u00e1lce nejen zaji\u0161\u0165uj\u00ed plynul\u00fd pohyb, ale tak\u00e9 odol\u00e1vaj\u00ed t\u011b\u017ek\u00fdm z\u00e1t\u011b\u017e\u00edm, \u010d\u00edm\u017e zaji\u0161\u0165uj\u00ed efektivn\u00ed provoz a spolehlivost stroj\u016f za r\u016fzn\u00fdch pracovn\u00edch podm\u00ednek.<\/p>\n<p><img decoding=\"async\" src=\"https:\/\/www.hydraulic-cylinders.net\/wp-content\/uploads\/2025\/01\/songte-company-2.webp\"><\/p>\n<h3>Funkce<\/h3>\n<ul>\n<li><strong>Efektivn\u00ed p\u0159enos v\u00fdkonu:<\/strong> V\u00e1lec ramene poskytuje siln\u00fd line\u00e1rn\u00ed pohyb a s\u00edlu, co\u017e zaji\u0161\u0165uje vysok\u00fd v\u00fdkon mechanick\u00e9ho ramene v r\u016fzn\u00fdch operac\u00edch.<\/li>\n<li><strong>P\u0159esn\u00e9 ovl\u00e1d\u00e1n\u00ed:<\/strong> D\u00edky hydraulick\u00e9mu syst\u00e9mu m\u016f\u017ee v\u00e1lec ramene dos\u00e1hnout p\u0159esn\u00e9ho \u0159\u00edzen\u00ed pohybu, co\u017e zvy\u0161uje flexibilitu a p\u0159esnost ovl\u00e1d\u00e1n\u00ed dal\u0161\u00edch n\u00e1stroj\u016f.<\/li>\n<li><strong>Siln\u00e1 trvanlivost:<\/strong> V\u00e1lce ramen jsou obvykle vyrobeny z vysoce pevn\u00fdch materi\u00e1l\u016f s dobrou odolnost\u00ed proti opot\u0159eben\u00ed a korozi, vhodn\u00fdch pro dlouhodob\u00e9 pou\u017e\u00edv\u00e1n\u00ed v n\u00e1ro\u010dn\u00fdch podm\u00ednk\u00e1ch.<\/li>\n<li><strong>Multifunk\u010dn\u00ed p\u0159izp\u016fsobivost:<\/strong> Tyto v\u00e1lce lze \u0161iroce pou\u017e\u00edt v r\u016fzn\u00fdch mechanick\u00fdch za\u0159\u00edzen\u00edch, jako jsou bagry, je\u0159\u00e1by a mechanick\u00e1 ramena, aby spl\u0148ovaly r\u016fzn\u00e9 pracovn\u00ed pot\u0159eby.<\/li>\n<li><strong>Snadn\u00e1 \u00fadr\u017eba:<\/strong> Navr\u017eeno pro snadnou \u00fadr\u017ebu a v\u00fdm\u011bnu, co\u017e usnad\u0148uje pravideln\u00e9 kontroly a \u00fadr\u017ebu a zkracuje prostoje za\u0159\u00edzen\u00ed.<\/li>\n<\/ul>\n<p>Tento produkt dok\u00e1\u017eeme vyrobit a dokonale nahradit tyto hydraulick\u00e9 v\u00e1lce.<\/p>\n<p><img decoding=\"async\" src=\"https:\/\/www.hydraulic-cylinders.net\/wp-content\/uploads\/2025\/01\/songte-oil-pipes-and-spare-parts.webp\"><\/p>\n<h3>Aplikace<\/h3>\n<p>V\u00e1lec ramene se \u0161iroce pou\u017e\u00edv\u00e1 v r\u016fzn\u00fdch pr\u016fmyslov\u00fdch odv\u011btv\u00edch, v\u010detn\u011b:<\/p>\n<ul>\n<li><strong>Konstrukce:<\/strong> U bagr\u016f a je\u0159\u00e1b\u016f se v\u00e1lec ramene pou\u017e\u00edv\u00e1 k ovl\u00e1d\u00e1n\u00ed pohybu l\u017e\u00edc nebo v\u00fdlo\u017en\u00edk\u016f pro zemn\u00ed pr\u00e1ce, manipulaci s materi\u00e1lem a instalaci konstrukc\u00ed.<\/li>\n<li><strong>V\u00fdrobn\u00ed:<\/strong> V automatizovan\u00fdch v\u00fdrobn\u00edch link\u00e1ch se v\u00e1lec ramene pou\u017e\u00edv\u00e1 k pohybu mechanick\u00fdch ramen pro mont\u00e1\u017en\u00ed, sva\u0159ovac\u00ed a manipula\u010dn\u00ed procesy, co\u017e zvy\u0161uje efektivitu a p\u0159esnost v\u00fdroby.<\/li>\n<li><strong>Zem\u011bd\u011blsk\u00e9 stroje:<\/strong> V zem\u011bd\u011blsk\u00fdch stroj\u00edch, jako jsou skl\u00edzec\u00ed a s\u00e1zec\u00ed stroje, v\u00e1lec ramene ovl\u00e1d\u00e1 pohyb ovl\u00e1dac\u00edho ramene pro \u00fakoly, jako je set\u00ed, hnojen\u00ed a sklize\u0148.<\/li>\n<li><strong>Hornictv\u00ed:<\/strong> In mining equipment, the arm cylinder is used to control the arm&#8217;s movement for mining and material handling.<\/li>\n<li><strong>Logistika a doprava:<\/strong> U vysokozdvi\u017en\u00fdch voz\u00edk\u016f a manipula\u010dn\u00edch robot\u016f se v\u00e1lec ramene pou\u017e\u00edv\u00e1 k ovl\u00e1d\u00e1n\u00ed pohybu vidlic pro manipulaci s materi\u00e1lem a stohov\u00e1n\u00ed.<\/li>\n<\/ul>\n<h3>Konstruk\u010dn\u00ed aspekty a krit\u00e9ria v\u00fdb\u011bru<\/h3>\n<p>P\u0159i navrhov\u00e1n\u00ed a v\u00fdb\u011bru v\u00e1lc\u016f ramen je t\u0159eba zv\u00e1\u017eit n\u011bkolik faktor\u016f:<\/p>\n<ul>\n<li><strong>Nosnost:<\/strong> V\u00e1lec ramene mus\u00ed b\u00fdt schopen odolat hmotnosti a s\u00edle p\u0159ipojen\u00e9ho n\u00e1stroje nebo p\u0159\u00edslu\u0161enstv\u00ed.<\/li>\n<li><strong>T\u011bsn\u011bn\u00ed:<\/strong> Aby se zabr\u00e1nilo \u00faniku kapaliny, je nutn\u00e9 pou\u017e\u00edt r\u016fzn\u00e9 t\u011bsnic\u00ed prvky, jako jsou t\u011bsn\u011bn\u00ed p\u00edst\u016f a p\u00edstnic.<\/li>\n<li><strong>Trvanlivost:<\/strong> Pro zaji\u0161t\u011bn\u00ed odolnosti proti opot\u0159eben\u00ed a korozi, zejm\u00e9na v n\u00e1ro\u010dn\u00fdch podm\u00ednk\u00e1ch, by m\u011bly b\u00fdt pou\u017eity vysoce pevn\u00e9 materi\u00e1ly a povrchov\u00e1 \u00faprava.<\/li>\n<li><strong>Bezpe\u010dnost:<\/strong> Konstrukce by m\u011bla zohled\u0148ovat bezpe\u010dnost obsluhy a okoln\u00edho prost\u0159ed\u00ed, jako je nap\u0159\u00edklad zamezen\u00ed n\u00e1hl\u00fdm pohyb\u016fm nebo n\u00e1raz\u016fm.<\/li>\n<li><strong>\u00dadr\u017eba:<\/strong> Konstrukce by m\u011bla b\u00fdt snadno rozeb\u00edrateln\u00e1 a opraviteln\u00e1 a pro zaji\u0161t\u011bn\u00ed optim\u00e1ln\u00edho v\u00fdkonu by m\u011bla b\u00fdt prov\u00e1d\u011bna pravideln\u00e1 \u00fadr\u017eba.<\/li>\n<\/ul>\n<p><img decoding=\"async\" src=\"https:\/\/www.hydraulic-cylinders.net\/wp-content\/uploads\/2025\/01\/songte-cylinder-head-with-all-kinds-excavator-models.webp\"><\/p>\n<h3>T\u011bsn\u011bn\u00ed a maz\u00e1n\u00ed<\/h3>\n<p>Arm cylinders use various seals, such as piston seals and rod seals, which are made of wear-resistant materials such as polyurethane and nitrile rubber. The cylinder body and thread end surface are finely processed to improve wear resistance. Regular lubrication with hydraulic oil is necessary to reduce friction and wear, ensuring the cylinder&#8217;s smooth operation.<\/p>\n<h3>\u00dadr\u017eba a prevence<\/h3>\n<p>Pravideln\u00e1 kontrola a preventivn\u00ed \u00fadr\u017eba jsou nezbytn\u00e9 pro zaji\u0161t\u011bn\u00ed spr\u00e1vn\u00e9ho provozu v\u00e1lc\u016f ramene. M\u011bla by b\u00fdt p\u0159ijata n\u00e1sleduj\u00edc\u00ed opat\u0159en\u00ed:<\/p>\n<ul>\n<li><strong>Zkontrolujte t\u011bsn\u011bn\u00ed:<\/strong> Pravideln\u011b kontrolujte t\u011bsn\u011bn\u00ed, abyste se ujistili, \u017ee nedoch\u00e1z\u00ed k \u017e\u00e1dn\u00fdm \u00fanik\u016fm.<\/li>\n<li><strong>Zkontrolujte t\u011bleso v\u00e1lce:<\/strong> Zkontrolujte t\u011bleso v\u00e1lce, zda nevykazuje zn\u00e1mky po\u0161kozen\u00ed nebo opot\u0159eben\u00ed.<\/li>\n<li><strong>Zkontrolujte mont\u00e1\u017e:<\/strong> Zkontrolujte upev\u0148ovac\u00ed \u0161rouby a matice, zda jsou spr\u00e1vn\u011b uta\u017eeny.<\/li>\n<li><strong>Sledov\u00e1n\u00ed hydraulick\u00e9ho oleje:<\/strong> Sledujte hladinu a kvalitu hydraulick\u00e9ho oleje a pravideln\u011b jej vym\u011b\u0148ujte.<\/li>\n<\/ul>\n<p>Aby se minimalizovaly potenci\u00e1ln\u00ed probl\u00e9my, je d\u016fle\u017eit\u00e9 p\u0159ijmout preventivn\u00ed opat\u0159en\u00ed, jako je vyhnut\u00ed se p\u0159et\u00ed\u017een\u00ed, vyhnut\u00ed se n\u00e1hl\u00fdm pohyb\u016fm nebo n\u00e1raz\u016fm a zaji\u0161t\u011bn\u00ed spr\u00e1vn\u00e9 mont\u00e1\u017ee.<\/p>\n<p><img decoding=\"async\" src=\"https:\/\/www.hydraulic-cylinders.net\/wp-content\/uploads\/2025\/01\/songte-chushion-collar.webp\"><\/p>\n<h3>Pr\u016fvodce instalac\u00ed produktu<\/h3>\n<p>P\u0159i instalaci v\u00e1lce ramene je t\u0159eba prov\u00e9st n\u00e1sleduj\u00edc\u00ed kroky:<\/p>\n<ol>\n<li>Vyjm\u011bte star\u00fd v\u00e1lec a o\u010dist\u011bte mont\u00e1\u017en\u00ed povrch.<\/li>\n<li>Nainstalujte nov\u00fd v\u00e1lec a ut\u00e1hn\u011bte mont\u00e1\u017en\u00ed \u0161rouby a matice p\u0159edepsan\u00fdm utahovac\u00edm momentem.<\/li>\n<li>P\u0159ipojte hydraulick\u00e9 hadice a armatury.<\/li>\n<li>Napl\u0148te hydraulick\u00fd syst\u00e9m hydraulick\u00fdm olejem.<\/li>\n<\/ol>\n<p>P\u0159ed uveden\u00edm stroje do provozu zkontrolujte, zda v\u00e1lec spr\u00e1vn\u011b funguje a zda nedoch\u00e1z\u00ed k \u00fanik\u016fm.<\/p>\n<p><img decoding=\"async\" src=\"https:\/\/www.hydraulic-cylinders.net\/wp-content\/uploads\/2025\/01\/songte-bushings-with-all-kinds-of-excavator-models.webp\"><\/p>\n<h3>Bezpe\u010dnostn\u00ed a environment\u00e1ln\u00ed aspekty<\/h3>\n<p>P\u0159i pou\u017e\u00edv\u00e1n\u00ed v\u00e1lc\u016f ramene je nutn\u00e9 p\u0159ijmout bezpe\u010dnostn\u00ed opat\u0159en\u00ed k zaji\u0161t\u011bn\u00ed bezpe\u010dnosti obsluhy a okoln\u00edho prost\u0159ed\u00ed. Obsluha by m\u011bla absolvovat \u0159\u00e1dn\u00e9 \u0161kolen\u00ed o bezpe\u010dn\u00e9m provozu stroj\u016f. Je tak\u00e9 d\u016fle\u017eit\u00e9 dodr\u017eovat environment\u00e1ln\u00ed p\u0159edpisy t\u00fdkaj\u00edc\u00ed se likvidace hydraulick\u00e9ho oleje a dal\u0161\u00edch odpadn\u00edch materi\u00e1l\u016f.<\/p>\n<h3>Odstra\u0148ov\u00e1n\u00ed probl\u00e9m\u016f a b\u011b\u017en\u00e9 probl\u00e9my<\/h3>\n<p>Mezi b\u011b\u017en\u00e9 probl\u00e9my, kter\u00e9 se mohou vyskytnout u v\u00e1lc\u016f ramen, pat\u0159\u00ed net\u011bsnost t\u011bsn\u011bn\u00ed, po\u0161kozen\u00ed v\u00e1lce a probl\u00e9my s mont\u00e1\u017e\u00ed. Pokud se vyskytne probl\u00e9m, je t\u0159eba zv\u00e1\u017eit n\u00e1sleduj\u00edc\u00ed tipy a \u0159e\u0161en\u00ed:<\/p>\n<ul>\n<li><strong>Net\u011bsn\u00edc\u00ed t\u011bsn\u011bn\u00ed:<\/strong> Vym\u011b\u0148te t\u011bsn\u011bn\u00ed a zajist\u011bte spr\u00e1vnou instalaci.<\/li>\n<li><strong>Po\u0161kozen\u00ed v\u00e1lce:<\/strong> V p\u0159\u00edpad\u011b pot\u0159eby opravte nebo vym\u011b\u0148te v\u00e1lec.<\/li>\n<li><strong>Probl\u00e9my s mont\u00e1\u017e\u00ed:<\/strong> Zkontrolujte mont\u00e1\u017en\u00ed \u0161rouby a matice a ujist\u011bte se, \u017ee jsou spr\u00e1vn\u011b uta\u017een\u00e9.<\/li>\n<\/ul>\n<p>Aby se p\u0159ede\u0161lo potenci\u00e1ln\u00edm probl\u00e9m\u016fm, je d\u016fle\u017eit\u00e9 p\u0159ijmout preventivn\u00ed opat\u0159en\u00ed, jako je vyh\u00fdb\u00e1n\u00ed se p\u0159et\u00ed\u017een\u00ed a n\u00e1hl\u00fdm pohyb\u016fm a zaji\u0161t\u011bn\u00ed spr\u00e1vn\u00e9 mont\u00e1\u017ee a \u00fadr\u017eby.<\/p>\n<p><img decoding=\"async\" src=\"https:\/\/www.hydraulic-cylinders.net\/wp-content\/uploads\/2025\/01\/songte-company-4.webp\"><br \/>\n<img decoding=\"async\" src=\"https:\/\/www.hydraulic-cylinders.net\/wp-content\/uploads\/2025\/01\/songte-company-3.webp\"><\/p>\n<h3>O n\u00e1s<\/h3>\n<p>We are a professional manufacturer of replacement hydraulic cylinders with a wide range of products, and have become one of the leading hydraulic cylinder manufacturers and wholesale distributors in domestic and international markets. We always adhere to the principle of excellent quality, rely on the industrial production management strategy of the refined manufacturing workshop, and continuously improve our technical level and production efficiency. Through the introduction of advanced digital manufacturing equipment and professional testing systems, we continuously optimize the manufacturing platform, improve the quality control process of products, and have strong innovation capability. Our goal is to satisfy customers&#8217; diverse needs with the principles of efficiency, accuracy, and high quality.<\/p>\n<p>Na\u0161e spole\u010dnost je zn\u00e1m\u00e1 pro svou profesionalitu, mezin\u00e1rodn\u00ed certifikaci, slu\u017eby na m\u00edru, vysoce kvalitn\u00ed v\u00fdrobn\u00ed za\u0159\u00edzen\u00ed a vynikaj\u00edc\u00ed poprodejn\u00ed servis.<\/p>\n<p>Autor: lyl.<\/p>","protected":false},"excerpt":{"rendered":"<p>Arm Cylinder For Atlas 2006LC Introduction The arm cylinder is a specially designed hydraulic cylinder used to provide linear motion and power to the arms of various types of machinery, such as excavators, cranes, and mechanical arms. The arm cylinder plays a crucial role in hydraulic systems, allowing additional tools or attachments to move and [&hellip;]<\/p>","protected":false},"featured_media":14786,"comment_status":"open","ping_status":"closed","template":"","meta":{"_et_pb_use_builder":"","_et_pb_old_content":"","_et_gb_content_width":""},"product_brand":[],"product_cat":[1497],"product_tag":[1498,1496],"class_list":{"0":"post-16848","1":"product","2":"type-product","3":"status-publish","4":"has-post-thumbnail","6":"product_cat-arm-cylinders","7":"product_tag-arm-cylinders","8":"product_tag-hydraulic-cylinders","10":"first","11":"instock","12":"shipping-taxable","13":"product-type-simple"},"amp_enabled":true,"_links":{"self":[{"href":"https:\/\/www.hydraulic-cylinders.net\/cs\/wp-json\/wp\/v2\/product\/16848","targetHints":{"allow":["GET"]}}],"collection":[{"href":"https:\/\/www.hydraulic-cylinders.net\/cs\/wp-json\/wp\/v2\/product"}],"about":[{"href":"https:\/\/www.hydraulic-cylinders.net\/cs\/wp-json\/wp\/v2\/types\/product"}],"replies":[{"embeddable":true,"href":"https:\/\/www.hydraulic-cylinders.net\/cs\/wp-json\/wp\/v2\/comments?post=16848"}],"wp:featuredmedia":[{"embeddable":true,"href":"https:\/\/www.hydraulic-cylinders.net\/cs\/wp-json\/wp\/v2\/media\/14786"}],"wp:attachment":[{"href":"https:\/\/www.hydraulic-cylinders.net\/cs\/wp-json\/wp\/v2\/media?parent=16848"}],"wp:term":[{"taxonomy":"product_brand","embeddable":true,"href":"https:\/\/www.hydraulic-cylinders.net\/cs\/wp-json\/wp\/v2\/product_brand?post=16848"},{"taxonomy":"product_cat","embeddable":true,"href":"https:\/\/www.hydraulic-cylinders.net\/cs\/wp-json\/wp\/v2\/product_cat?post=16848"},{"taxonomy":"product_tag","embeddable":true,"href":"https:\/\/www.hydraulic-cylinders.net\/cs\/wp-json\/wp\/v2\/product_tag?post=16848"}],"curies":[{"name":"wp","href":"https:\/\/api.w.org\/{rel}","templated":true}]}}